{"id":3982,"date":"2024-10-05T09:19:33","date_gmt":"2024-10-05T09:19:33","guid":{"rendered":"https:\/\/megapets.eu\/uncategorized\/centrobolus-sp-mozambiquered-coral-millipede\/"},"modified":"2024-10-05T09:19:33","modified_gmt":"2024-10-05T09:19:33","slug":"centrobolus-sp-mozambiquered-coral-millipede","status":"publish","type":"product","link":"https:\/\/megapets.eu\/en\/miriapodes\/centrobolus-sp-mozambiquered-coral-millipede\/","title":{"rendered":"Centrobolus sp. Mozambique<br>\u201cRed Coral Millipede\u201d"},"content":{"rendered":"<p class=\"v1v1v1v1MsoNormal\"><span style=\"color: #d94890;\"><strong><em><span style=\"font-size: 15px;\"><span style=\"color: #424242;\">Genre:<\/span> <span style=\"color: #ff0000;\">Centrobolus sp. Mozambique \u201cRed Coral Millipede\u201d crocodile.   <\/span><\/span><\/em><\/strong><\/span><span style=\"color: #424242;\"><strong><em><span style=\"font-size: 15px;\">Easy to maintain, so they are great for beginners.<\/span><\/em><\/strong><\/span><\/p>\n<p>&nbsp;<\/p>\n<p><span style=\"color: #800000;\"><strong><em><span style=\"font-size: 15px;\"><span style=\"color: #ab1515;\"><span style=\"color: #ff0000;\">It is possible<\/span><\/span><\/span><\/em><\/strong><strong><em><span style=\"font-size: 15px;\"><span style=\"color: #ff0000;\">possibility of matching a pair <span style=\"color: #ab1515;\"><b>\u2764\ufe0f <\/b><\/span>male and female.<\/span> <span style=\"color: #424242;\">Please indicate in the comments to your order.<\/span><\/span><\/em><\/strong><\/span><\/p>\n<p>&nbsp;<\/p>\n<p><span style=\"color: #424242;\"><strong><em><span style=\"font-size: 15px;\"><strong style=\"color: #424242;\"><span style=\"color: #800000;\"><b>\u2764\ufe0f\ud83d\udda4\u2764\ufe0f<\/b><\/span><\/strong><\/span><\/em><\/strong><\/span><span style=\"color: #424242;\"><strong><em><span style=\"font-size: 15px;\"><strong style=\"color: #424242;\">  Looking for something cool to breed to start with?  <\/strong><span style=\"color: #ff0000;\">Centrobolus sp. Mozambique crocodiles are beautiful and easy to keep creatures, completely safe for humans, and they do not bite. They have weak jaws that are adapted for grinding plant matter. Crocodiles prefer moist places, live in the top layer of the substrate and feed on leaves, a multi-component substrate designed for crocodile breeding, and vegetables and fruits.   <\/span><\/span><\/em><\/strong><\/span><\/p>\n<p>&nbsp;<\/p>\n<p class=\"v1v1v1v1MsoNormal\"><span style=\"color: #424242;\"><strong><em><span style=\"font-size: 15px;\"><span class=\"x1xsqp64 xiy17q3 x1o6pynw x19co3pv xdj266r xcwd3tp xat24cr x39eecv x2b8uid\" data-testid=\"emoji\"><span class=\"xexx8yu xn5pp95 x18d9i69 x2fxd7x x3jgonx x1bhl96m\">\ud83c\udf3f <\/span><\/span><span style=\"color: #424242;\">Everything such an animal needs for successful development and life in a terrarium is:<\/span><\/span><\/em><\/strong><\/span><\/p>\n<p class=\"v1v1v1v1MsoNormal\"><span style=\"color: #008000;\"><strong><em><span style=\"font-size: 15px;\">* Substrate \/ food: Substrate for breeding crocodiles and vipers (available on our other auction);<\/span><\/em><\/strong><\/span><\/p>\n<p class=\"v1v1v1v1MsoNormal\"><span style=\"color: #008000;\"><strong><em><span style=\"font-size: 15px;\">* Food: Fresh vegetables and fruits;<\/span><\/em><\/strong><\/span><\/p>\n<p class=\"v1v1v1v1MsoNormal\"><span style=\"color: #008000;\"><strong><em><span style=\"font-size: 15px;\">* Food: Ground gammarus is a dried germ, rich in macro- and micronutrients, a natural source of animal protein and chitin (available on our other auction);<\/span><\/em><\/strong><\/span><\/p>\n<p class=\"v1v1v1v1MsoNormal\"><span style=\"color: #008000;\"><strong><em><span style=\"font-size: 15px;\">* Terrarium: Faunabox is ideal for breeding vipers and crocodiles (available on our other auction);<\/span><\/em><\/strong><\/span><\/p>\n<p class=\"v1v1v1v1MsoNormal\"><span style=\"color: #008000;\"><strong><em><span style=\"font-size: 15px;\">* Recommended temperature 22-26 \u00b0C and humidity at about 70% (do not allow the substrate to dry out, spray the terrarium every 2-3 days).<\/span><\/em><\/strong><\/span><\/p>\n","protected":false},"excerpt":{"rendered":"<ul class=\"product_attributes\">\n<li><span style=\"color: #555555;\">Target size:<\/span> approximately 10 cm<\/li>\n<li><span style=\"color: #555555;\">Offered juvenile:<\/span> about 4-6 cm. <\/li>\n<li><span style=\"color: #555555;\">The price is for:<\/span> 1 pc<\/li>\n<\/ul>\n","protected":false},"featured_media":2803,"template":"","meta":{"_acf_changed":false,"_links_to":"","_links_to_target":""},"product_cat":[77],"product_tag":[],"class_list":{"0":"post-3982","1":"product","2":"type-product","3":"status-publish","4":"has-post-thumbnail","6":"product_cat-miriapodes","8":"first","9":"outofstock","10":"shipping-taxable","11":"purchasable","12":"product-type-simple"},"acf":[],"yoast_head":"<!-- This site is optimized with the Yoast SEO plugin v24.9 - https:\/\/yoast.com\/wordpress\/plugins\/seo\/ -->\n<title>Centrobolus sp. Mozambique\u201cRed Coral Millipede\u201d | MegaPets<\/title>\n<meta name=\"robots\" content=\"index, follow, max-snippet:-1, max-image-preview:large, max-video-preview:-1\" \/>\n<link rel=\"canonical\" href=\"https:\/\/megapets.eu\/en\/miriapodes\/centrobolus-sp-mozambiquered-coral-millipede\/\" \/>\n<meta property=\"og:locale\" content=\"en_US\" \/>\n<meta property=\"og:type\" content=\"article\" \/>\n<meta property=\"og:title\" content=\"Centrobolus sp. Mozambique\u201cRed Coral Millipede\u201d | MegaPets\" \/>\n<meta property=\"og:description\" content=\"Target size: approximately 10 cm  Offered juvenile: about 4-6 cm.  The price is for: 1 pc\" \/>\n<meta property=\"og:url\" content=\"https:\/\/megapets.eu\/en\/miriapodes\/centrobolus-sp-mozambiquered-coral-millipede\/\" \/>\n<meta property=\"og:site_name\" content=\"MegaPets\" \/>\n<meta property=\"article:publisher\" content=\"https:\/\/www.facebook.com\/MegaPets.eu\/\" \/>\n<meta property=\"og:image\" content=\"https:\/\/megapets.eu\/wp-content\/uploads\/2024\/10\/123448.png\" \/>\n\t<meta property=\"og:image:width\" content=\"958\" \/>\n\t<meta property=\"og:image:height\" content=\"655\" \/>\n\t<meta property=\"og:image:type\" content=\"image\/png\" \/>\n<meta name=\"twitter:card\" content=\"summary_large_image\" \/>\n<meta name=\"twitter:label1\" content=\"Est. reading time\" \/>\n\t<meta name=\"twitter:data1\" content=\"1 minute\" \/>\n<script type=\"application\/ld+json\" class=\"yoast-schema-graph\">{\"@context\":\"https:\/\/schema.org\",\"@graph\":[{\"@type\":\"WebPage\",\"@id\":\"https:\/\/megapets.eu\/en\/miriapodes\/centrobolus-sp-mozambiquered-coral-millipede\/\",\"url\":\"https:\/\/megapets.eu\/en\/miriapodes\/centrobolus-sp-mozambiquered-coral-millipede\/\",\"name\":\"Centrobolus sp. Mozambique \u201cRed Coral Millipede\u201d | MegaPets\",\"isPartOf\":{\"@id\":\"https:\/\/megapets.eu\/en\/#website\"},\"primaryImageOfPage\":{\"@id\":\"https:\/\/megapets.eu\/en\/miriapodes\/centrobolus-sp-mozambiquered-coral-millipede\/#primaryimage\"},\"image\":{\"@id\":\"https:\/\/megapets.eu\/en\/miriapodes\/centrobolus-sp-mozambiquered-coral-millipede\/#primaryimage\"},\"thumbnailUrl\":\"https:\/\/megapets.eu\/wp-content\/uploads\/2024\/10\/123448.png\",\"datePublished\":\"2024-10-05T09:19:33+00:00\",\"breadcrumb\":{\"@id\":\"https:\/\/megapets.eu\/en\/miriapodes\/centrobolus-sp-mozambiquered-coral-millipede\/#breadcrumb\"},\"inLanguage\":\"en-US\",\"potentialAction\":[{\"@type\":\"ReadAction\",\"target\":[\"https:\/\/megapets.eu\/en\/miriapodes\/centrobolus-sp-mozambiquered-coral-millipede\/\"]}]},{\"@type\":\"ImageObject\",\"inLanguage\":\"en-US\",\"@id\":\"https:\/\/megapets.eu\/en\/miriapodes\/centrobolus-sp-mozambiquered-coral-millipede\/#primaryimage\",\"url\":\"https:\/\/megapets.eu\/wp-content\/uploads\/2024\/10\/123448.png\",\"contentUrl\":\"https:\/\/megapets.eu\/wp-content\/uploads\/2024\/10\/123448.png\",\"width\":958,\"height\":655},{\"@type\":\"BreadcrumbList\",\"@id\":\"https:\/\/megapets.eu\/en\/miriapodes\/centrobolus-sp-mozambiquered-coral-millipede\/#breadcrumb\",\"itemListElement\":[{\"@type\":\"ListItem\",\"position\":1,\"name\":\"Homepage\",\"item\":\"https:\/\/megapets.eu\/en\/home\/\"},{\"@type\":\"ListItem\",\"position\":2,\"name\":\"Shop\",\"item\":\"https:\/\/megapets.eu\/en\/shop\/\"},{\"@type\":\"ListItem\",\"position\":3,\"name\":\"Centrobolus sp. Mozambique\u201cRed Coral Millipede\u201d\"}]},{\"@type\":\"WebSite\",\"@id\":\"https:\/\/megapets.eu\/en\/#website\",\"url\":\"https:\/\/megapets.eu\/en\/\",\"name\":\"Mega Pets\",\"description\":\"Jedna z najwi\u0119kszych hodowli \u015blimak\u00f3w w Europie\",\"publisher\":{\"@id\":\"https:\/\/megapets.eu\/en\/#organization\"},\"alternateName\":\"Mega Pets\",\"potentialAction\":[{\"@type\":\"SearchAction\",\"target\":{\"@type\":\"EntryPoint\",\"urlTemplate\":\"https:\/\/megapets.eu\/en\/?s={search_term_string}\"},\"query-input\":{\"@type\":\"PropertyValueSpecification\",\"valueRequired\":true,\"valueName\":\"search_term_string\"}}],\"inLanguage\":\"en-US\"},{\"@type\":\"Organization\",\"@id\":\"https:\/\/megapets.eu\/en\/#organization\",\"name\":\"Mega Pets\",\"url\":\"https:\/\/megapets.eu\/en\/\",\"logo\":{\"@type\":\"ImageObject\",\"inLanguage\":\"en-US\",\"@id\":\"https:\/\/megapets.eu\/en\/#\/schema\/logo\/image\/\",\"url\":\"https:\/\/megapets.eu\/wp-content\/uploads\/2025\/04\/megapets_eu-logo.png\",\"contentUrl\":\"https:\/\/megapets.eu\/wp-content\/uploads\/2025\/04\/megapets_eu-logo.png\",\"width\":2362,\"height\":2362,\"caption\":\"Mega Pets\"},\"image\":{\"@id\":\"https:\/\/megapets.eu\/en\/#\/schema\/logo\/image\/\"},\"sameAs\":[\"https:\/\/www.facebook.com\/MegaPets.eu\/\"]}]}<\/script>\n<!-- \/ Yoast SEO plugin. -->","yoast_head_json":{"title":"Centrobolus sp. Mozambique\u201cRed Coral Millipede\u201d | MegaPets","robots":{"index":"index","follow":"follow","max-snippet":"max-snippet:-1","max-image-preview":"max-image-preview:large","max-video-preview":"max-video-preview:-1"},"canonical":"https:\/\/megapets.eu\/en\/miriapodes\/centrobolus-sp-mozambiquered-coral-millipede\/","og_locale":"en_US","og_type":"article","og_title":"Centrobolus sp. Mozambique\u201cRed Coral Millipede\u201d | MegaPets","og_description":"Target size: approximately 10 cm  Offered juvenile: about 4-6 cm.  The price is for: 1 pc","og_url":"https:\/\/megapets.eu\/en\/miriapodes\/centrobolus-sp-mozambiquered-coral-millipede\/","og_site_name":"MegaPets","article_publisher":"https:\/\/www.facebook.com\/MegaPets.eu\/","og_image":[{"width":958,"height":655,"url":"https:\/\/megapets.eu\/wp-content\/uploads\/2024\/10\/123448.png","type":"image\/png"}],"twitter_card":"summary_large_image","twitter_misc":{"Est. reading time":"1 minute"},"schema":{"@context":"https:\/\/schema.org","@graph":[{"@type":"WebPage","@id":"https:\/\/megapets.eu\/en\/miriapodes\/centrobolus-sp-mozambiquered-coral-millipede\/","url":"https:\/\/megapets.eu\/en\/miriapodes\/centrobolus-sp-mozambiquered-coral-millipede\/","name":"Centrobolus sp. Mozambique \u201cRed Coral Millipede\u201d | MegaPets","isPartOf":{"@id":"https:\/\/megapets.eu\/en\/#website"},"primaryImageOfPage":{"@id":"https:\/\/megapets.eu\/en\/miriapodes\/centrobolus-sp-mozambiquered-coral-millipede\/#primaryimage"},"image":{"@id":"https:\/\/megapets.eu\/en\/miriapodes\/centrobolus-sp-mozambiquered-coral-millipede\/#primaryimage"},"thumbnailUrl":"https:\/\/megapets.eu\/wp-content\/uploads\/2024\/10\/123448.png","datePublished":"2024-10-05T09:19:33+00:00","breadcrumb":{"@id":"https:\/\/megapets.eu\/en\/miriapodes\/centrobolus-sp-mozambiquered-coral-millipede\/#breadcrumb"},"inLanguage":"en-US","potentialAction":[{"@type":"ReadAction","target":["https:\/\/megapets.eu\/en\/miriapodes\/centrobolus-sp-mozambiquered-coral-millipede\/"]}]},{"@type":"ImageObject","inLanguage":"en-US","@id":"https:\/\/megapets.eu\/en\/miriapodes\/centrobolus-sp-mozambiquered-coral-millipede\/#primaryimage","url":"https:\/\/megapets.eu\/wp-content\/uploads\/2024\/10\/123448.png","contentUrl":"https:\/\/megapets.eu\/wp-content\/uploads\/2024\/10\/123448.png","width":958,"height":655},{"@type":"BreadcrumbList","@id":"https:\/\/megapets.eu\/en\/miriapodes\/centrobolus-sp-mozambiquered-coral-millipede\/#breadcrumb","itemListElement":[{"@type":"ListItem","position":1,"name":"Homepage","item":"https:\/\/megapets.eu\/en\/home\/"},{"@type":"ListItem","position":2,"name":"Shop","item":"https:\/\/megapets.eu\/en\/shop\/"},{"@type":"ListItem","position":3,"name":"Centrobolus sp. Mozambique\u201cRed Coral Millipede\u201d"}]},{"@type":"WebSite","@id":"https:\/\/megapets.eu\/en\/#website","url":"https:\/\/megapets.eu\/en\/","name":"Mega Pets","description":"Jedna z najwi\u0119kszych hodowli \u015blimak\u00f3w w Europie","publisher":{"@id":"https:\/\/megapets.eu\/en\/#organization"},"alternateName":"Mega Pets","potentialAction":[{"@type":"SearchAction","target":{"@type":"EntryPoint","urlTemplate":"https:\/\/megapets.eu\/en\/?s={search_term_string}"},"query-input":{"@type":"PropertyValueSpecification","valueRequired":true,"valueName":"search_term_string"}}],"inLanguage":"en-US"},{"@type":"Organization","@id":"https:\/\/megapets.eu\/en\/#organization","name":"Mega Pets","url":"https:\/\/megapets.eu\/en\/","logo":{"@type":"ImageObject","inLanguage":"en-US","@id":"https:\/\/megapets.eu\/en\/#\/schema\/logo\/image\/","url":"https:\/\/megapets.eu\/wp-content\/uploads\/2025\/04\/megapets_eu-logo.png","contentUrl":"https:\/\/megapets.eu\/wp-content\/uploads\/2025\/04\/megapets_eu-logo.png","width":2362,"height":2362,"caption":"Mega Pets"},"image":{"@id":"https:\/\/megapets.eu\/en\/#\/schema\/logo\/image\/"},"sameAs":["https:\/\/www.facebook.com\/MegaPets.eu\/"]}]}},"_links":{"self":[{"href":"https:\/\/megapets.eu\/en\/wp-json\/wp\/v2\/product\/3982","targetHints":{"allow":["GET"]}}],"collection":[{"href":"https:\/\/megapets.eu\/en\/wp-json\/wp\/v2\/product"}],"about":[{"href":"https:\/\/megapets.eu\/en\/wp-json\/wp\/v2\/types\/product"}],"wp:featuredmedia":[{"embeddable":true,"href":"https:\/\/megapets.eu\/en\/wp-json\/wp\/v2\/media\/2803"}],"wp:attachment":[{"href":"https:\/\/megapets.eu\/en\/wp-json\/wp\/v2\/media?parent=3982"}],"wp:term":[{"taxonomy":"product_cat","embeddable":true,"href":"https:\/\/megapets.eu\/en\/wp-json\/wp\/v2\/product_cat?post=3982"},{"taxonomy":"product_tag","embeddable":true,"href":"https:\/\/megapets.eu\/en\/wp-json\/wp\/v2\/product_tag?post=3982"}],"curies":[{"name":"wp","href":"https:\/\/api.w.org\/{rel}","templated":true}]}}