{"id":4008,"date":"2024-10-04T07:54:58","date_gmt":"2024-10-04T07:54:58","guid":{"rendered":"https:\/\/megapets.eu\/uncategorized\/package-gammarusdried-ground-germs-25-g\/"},"modified":"2024-10-04T07:54:58","modified_gmt":"2024-10-04T07:54:58","slug":"package-gammarusdried-ground-germs-25-g","status":"publish","type":"product","link":"https:\/\/megapets.eu\/en\/accessories\/package-gammarusdried-ground-germs-25-g\/","title":{"rendered":"Package \u201cGammarus\u201d<br>dried ground germs 25 g"},"content":{"rendered":"<p><strong><span style=\"color: #e87020; font-size: 15px;\"><em>Package \u201cGammarus\u201d dried germs ground 25 g<\/em><\/span><\/strong><\/p>\n<p><strong><span style=\"color: #e87020; font-size: 15px;\"><em>One package contains 25 g of ground gammarus.<\/em><\/span><\/strong><\/p>\n<p><strong><span style=\"color: #e87020; font-size: 15px;\"><em>Ingredients: 100% natural dried germs.<\/em><\/span><\/strong><\/p>\n<p><strong><span style=\"color: #e87020; font-size: 15px;\"><em>The price is for 1 package.<\/em><\/span><\/strong><\/p>\n<p>&nbsp;<\/p>\n<p><em><span style=\"color: #424242;\"><strong><span style=\"font-size: 15px;\">Ground gammarus is a dried germ, rich in macro- and micronutrients, a natural source of animal protein and chitin. Gammarus is ideal for breeding not only exotic snails, but also other terrarium animals, such as vipers, crocodiles, exotic cockroaches, etc.   <\/span><\/strong><\/span><\/em><em><span style=\"color: #424242;\"><strong><span style=\"font-size: 15px;\">Ground gammarus is easy for your pet to take and dose portions to your pet.<\/span><\/strong><\/span><\/em><\/p>\n<p>&nbsp;<\/p>\n<p><em><span style=\"color: #424242;\"><strong><span style=\"font-size: 15px;\">Dosage: a part of the fed food lightly sprinkle ground gammarus. If your pet is an exotic snail &#8211; it is not recommended to feed animal protein more than once a week. At the next feeding, it is better to take a break in feeding gammarus and offer your pet other types of supplements, such as a mixture of grains &#8220;Protein &amp; Vitamin or &#8220;Exotic herbal mix&#8221;.  <\/span><\/strong><\/span><\/em><\/p>\n<p>&nbsp;<\/p>\n<p><em><span style=\"color: #424242;\"><strong><span style=\"font-size: 15px;\">We recommend supplements that are able to meet the needs in valuable nutrients of even the most demanding species: \u201cProtein &amp; Vitamin\u201d, Exotic herbal mix, ground gammarus. It is recommended that the supplements be used alternately, so that your pet&#8217;s diet remains varied and complete. <\/span><\/strong><\/span><\/em><\/p>\n","protected":false},"excerpt":{"rendered":"<ul class=\"product_attributes\">\n<li><span style=\"color: #555555;\">Ingredients:<\/span> 100% natural germs<\/li>\n<li><span style=\"color: #555555;\">The package contains:<\/span> 25 g<\/li>\n<li><span style=\"color: #555555;\">Price applies to:<\/span> 1 package.<\/li>\n<\/ul>\n","protected":false},"featured_media":453,"template":"","meta":{"_acf_changed":false,"_links_to":"","_links_to_target":""},"product_cat":[70],"product_tag":[85,84,93,83],"class_list":{"0":"post-4008","1":"product","2":"type-product","3":"status-publish","4":"has-post-thumbnail","6":"product_cat-accessories","7":"product_tag-for-cockroaches","8":"product_tag-for-isopods","9":"product_tag-for-snails","10":"product_tag-for-the-violets","12":"first","13":"instock","14":"shipping-taxable","15":"purchasable","16":"product-type-simple"},"acf":[],"yoast_head":"<!-- This site is optimized with the Yoast SEO plugin v24.9 - https:\/\/yoast.com\/wordpress\/plugins\/seo\/ -->\n<title>Package \u201cGammarus\u201ddried ground germs 25 g | MegaPets<\/title>\n<meta name=\"robots\" content=\"index, follow, max-snippet:-1, max-image-preview:large, max-video-preview:-1\" \/>\n<link rel=\"canonical\" href=\"https:\/\/megapets.eu\/en\/accessories\/package-gammarusdried-ground-germs-25-g\/\" \/>\n<meta property=\"og:locale\" content=\"en_US\" \/>\n<meta property=\"og:type\" content=\"article\" \/>\n<meta property=\"og:title\" content=\"Package \u201cGammarus\u201ddried ground germs 25 g | MegaPets\" \/>\n<meta property=\"og:description\" content=\"Ingredients: 100% natural germs  The package contains: 25 g  Price applies to: 1 package.\" \/>\n<meta property=\"og:url\" content=\"https:\/\/megapets.eu\/en\/accessories\/package-gammarusdried-ground-germs-25-g\/\" \/>\n<meta property=\"og:site_name\" content=\"MegaPets\" \/>\n<meta property=\"article:publisher\" content=\"https:\/\/www.facebook.com\/MegaPets.eu\/\" \/>\n<meta property=\"og:image\" content=\"https:\/\/megapets.eu\/wp-content\/uploads\/2024\/10\/IMG_20200808_194545-1024x812.png\" \/>\n\t<meta property=\"og:image:width\" content=\"1024\" \/>\n\t<meta property=\"og:image:height\" content=\"812\" \/>\n\t<meta property=\"og:image:type\" content=\"image\/png\" \/>\n<meta name=\"twitter:card\" content=\"summary_large_image\" \/>\n<meta name=\"twitter:label1\" content=\"Est. reading time\" \/>\n\t<meta name=\"twitter:data1\" content=\"1 minute\" \/>\n<script type=\"application\/ld+json\" class=\"yoast-schema-graph\">{\"@context\":\"https:\/\/schema.org\",\"@graph\":[{\"@type\":\"WebPage\",\"@id\":\"https:\/\/megapets.eu\/en\/accessories\/package-gammarusdried-ground-germs-25-g\/\",\"url\":\"https:\/\/megapets.eu\/en\/accessories\/package-gammarusdried-ground-germs-25-g\/\",\"name\":\"Package \u201cGammarus\u201d dried ground germs 25 g | MegaPets\",\"isPartOf\":{\"@id\":\"https:\/\/megapets.eu\/en\/#website\"},\"primaryImageOfPage\":{\"@id\":\"https:\/\/megapets.eu\/en\/accessories\/package-gammarusdried-ground-germs-25-g\/#primaryimage\"},\"image\":{\"@id\":\"https:\/\/megapets.eu\/en\/accessories\/package-gammarusdried-ground-germs-25-g\/#primaryimage\"},\"thumbnailUrl\":\"https:\/\/megapets.eu\/wp-content\/uploads\/2024\/10\/IMG_20200808_194545.png\",\"datePublished\":\"2024-10-04T07:54:58+00:00\",\"breadcrumb\":{\"@id\":\"https:\/\/megapets.eu\/en\/accessories\/package-gammarusdried-ground-germs-25-g\/#breadcrumb\"},\"inLanguage\":\"en-US\",\"potentialAction\":[{\"@type\":\"ReadAction\",\"target\":[\"https:\/\/megapets.eu\/en\/accessories\/package-gammarusdried-ground-germs-25-g\/\"]}]},{\"@type\":\"ImageObject\",\"inLanguage\":\"en-US\",\"@id\":\"https:\/\/megapets.eu\/en\/accessories\/package-gammarusdried-ground-germs-25-g\/#primaryimage\",\"url\":\"https:\/\/megapets.eu\/wp-content\/uploads\/2024\/10\/IMG_20200808_194545.png\",\"contentUrl\":\"https:\/\/megapets.eu\/wp-content\/uploads\/2024\/10\/IMG_20200808_194545.png\",\"width\":3068,\"height\":2434},{\"@type\":\"BreadcrumbList\",\"@id\":\"https:\/\/megapets.eu\/en\/accessories\/package-gammarusdried-ground-germs-25-g\/#breadcrumb\",\"itemListElement\":[{\"@type\":\"ListItem\",\"position\":1,\"name\":\"Homepage\",\"item\":\"https:\/\/megapets.eu\/en\/home\/\"},{\"@type\":\"ListItem\",\"position\":2,\"name\":\"Shop\",\"item\":\"https:\/\/megapets.eu\/en\/shop\/\"},{\"@type\":\"ListItem\",\"position\":3,\"name\":\"Package \u201cGammarus\u201ddried ground germs 25 g\"}]},{\"@type\":\"WebSite\",\"@id\":\"https:\/\/megapets.eu\/en\/#website\",\"url\":\"https:\/\/megapets.eu\/en\/\",\"name\":\"Mega Pets\",\"description\":\"Jedna z najwi\u0119kszych hodowli \u015blimak\u00f3w w Europie\",\"publisher\":{\"@id\":\"https:\/\/megapets.eu\/en\/#organization\"},\"alternateName\":\"Mega Pets\",\"potentialAction\":[{\"@type\":\"SearchAction\",\"target\":{\"@type\":\"EntryPoint\",\"urlTemplate\":\"https:\/\/megapets.eu\/en\/?s={search_term_string}\"},\"query-input\":{\"@type\":\"PropertyValueSpecification\",\"valueRequired\":true,\"valueName\":\"search_term_string\"}}],\"inLanguage\":\"en-US\"},{\"@type\":\"Organization\",\"@id\":\"https:\/\/megapets.eu\/en\/#organization\",\"name\":\"Mega Pets\",\"url\":\"https:\/\/megapets.eu\/en\/\",\"logo\":{\"@type\":\"ImageObject\",\"inLanguage\":\"en-US\",\"@id\":\"https:\/\/megapets.eu\/en\/#\/schema\/logo\/image\/\",\"url\":\"https:\/\/megapets.eu\/wp-content\/uploads\/2025\/04\/megapets_eu-logo.png\",\"contentUrl\":\"https:\/\/megapets.eu\/wp-content\/uploads\/2025\/04\/megapets_eu-logo.png\",\"width\":2362,\"height\":2362,\"caption\":\"Mega Pets\"},\"image\":{\"@id\":\"https:\/\/megapets.eu\/en\/#\/schema\/logo\/image\/\"},\"sameAs\":[\"https:\/\/www.facebook.com\/MegaPets.eu\/\"]}]}<\/script>\n<!-- \/ Yoast SEO plugin. -->","yoast_head_json":{"title":"Package \u201cGammarus\u201ddried ground germs 25 g | MegaPets","robots":{"index":"index","follow":"follow","max-snippet":"max-snippet:-1","max-image-preview":"max-image-preview:large","max-video-preview":"max-video-preview:-1"},"canonical":"https:\/\/megapets.eu\/en\/accessories\/package-gammarusdried-ground-germs-25-g\/","og_locale":"en_US","og_type":"article","og_title":"Package \u201cGammarus\u201ddried ground germs 25 g | MegaPets","og_description":"Ingredients: 100% natural germs  The package contains: 25 g  Price applies to: 1 package.","og_url":"https:\/\/megapets.eu\/en\/accessories\/package-gammarusdried-ground-germs-25-g\/","og_site_name":"MegaPets","article_publisher":"https:\/\/www.facebook.com\/MegaPets.eu\/","og_image":[{"width":1024,"height":812,"url":"https:\/\/megapets.eu\/wp-content\/uploads\/2024\/10\/IMG_20200808_194545-1024x812.png","type":"image\/png"}],"twitter_card":"summary_large_image","twitter_misc":{"Est. reading time":"1 minute"},"schema":{"@context":"https:\/\/schema.org","@graph":[{"@type":"WebPage","@id":"https:\/\/megapets.eu\/en\/accessories\/package-gammarusdried-ground-germs-25-g\/","url":"https:\/\/megapets.eu\/en\/accessories\/package-gammarusdried-ground-germs-25-g\/","name":"Package \u201cGammarus\u201d dried ground germs 25 g | MegaPets","isPartOf":{"@id":"https:\/\/megapets.eu\/en\/#website"},"primaryImageOfPage":{"@id":"https:\/\/megapets.eu\/en\/accessories\/package-gammarusdried-ground-germs-25-g\/#primaryimage"},"image":{"@id":"https:\/\/megapets.eu\/en\/accessories\/package-gammarusdried-ground-germs-25-g\/#primaryimage"},"thumbnailUrl":"https:\/\/megapets.eu\/wp-content\/uploads\/2024\/10\/IMG_20200808_194545.png","datePublished":"2024-10-04T07:54:58+00:00","breadcrumb":{"@id":"https:\/\/megapets.eu\/en\/accessories\/package-gammarusdried-ground-germs-25-g\/#breadcrumb"},"inLanguage":"en-US","potentialAction":[{"@type":"ReadAction","target":["https:\/\/megapets.eu\/en\/accessories\/package-gammarusdried-ground-germs-25-g\/"]}]},{"@type":"ImageObject","inLanguage":"en-US","@id":"https:\/\/megapets.eu\/en\/accessories\/package-gammarusdried-ground-germs-25-g\/#primaryimage","url":"https:\/\/megapets.eu\/wp-content\/uploads\/2024\/10\/IMG_20200808_194545.png","contentUrl":"https:\/\/megapets.eu\/wp-content\/uploads\/2024\/10\/IMG_20200808_194545.png","width":3068,"height":2434},{"@type":"BreadcrumbList","@id":"https:\/\/megapets.eu\/en\/accessories\/package-gammarusdried-ground-germs-25-g\/#breadcrumb","itemListElement":[{"@type":"ListItem","position":1,"name":"Homepage","item":"https:\/\/megapets.eu\/en\/home\/"},{"@type":"ListItem","position":2,"name":"Shop","item":"https:\/\/megapets.eu\/en\/shop\/"},{"@type":"ListItem","position":3,"name":"Package \u201cGammarus\u201ddried ground germs 25 g"}]},{"@type":"WebSite","@id":"https:\/\/megapets.eu\/en\/#website","url":"https:\/\/megapets.eu\/en\/","name":"Mega Pets","description":"Jedna z najwi\u0119kszych hodowli \u015blimak\u00f3w w Europie","publisher":{"@id":"https:\/\/megapets.eu\/en\/#organization"},"alternateName":"Mega Pets","potentialAction":[{"@type":"SearchAction","target":{"@type":"EntryPoint","urlTemplate":"https:\/\/megapets.eu\/en\/?s={search_term_string}"},"query-input":{"@type":"PropertyValueSpecification","valueRequired":true,"valueName":"search_term_string"}}],"inLanguage":"en-US"},{"@type":"Organization","@id":"https:\/\/megapets.eu\/en\/#organization","name":"Mega Pets","url":"https:\/\/megapets.eu\/en\/","logo":{"@type":"ImageObject","inLanguage":"en-US","@id":"https:\/\/megapets.eu\/en\/#\/schema\/logo\/image\/","url":"https:\/\/megapets.eu\/wp-content\/uploads\/2025\/04\/megapets_eu-logo.png","contentUrl":"https:\/\/megapets.eu\/wp-content\/uploads\/2025\/04\/megapets_eu-logo.png","width":2362,"height":2362,"caption":"Mega Pets"},"image":{"@id":"https:\/\/megapets.eu\/en\/#\/schema\/logo\/image\/"},"sameAs":["https:\/\/www.facebook.com\/MegaPets.eu\/"]}]}},"_links":{"self":[{"href":"https:\/\/megapets.eu\/en\/wp-json\/wp\/v2\/product\/4008","targetHints":{"allow":["GET"]}}],"collection":[{"href":"https:\/\/megapets.eu\/en\/wp-json\/wp\/v2\/product"}],"about":[{"href":"https:\/\/megapets.eu\/en\/wp-json\/wp\/v2\/types\/product"}],"wp:featuredmedia":[{"embeddable":true,"href":"https:\/\/megapets.eu\/en\/wp-json\/wp\/v2\/media\/453"}],"wp:attachment":[{"href":"https:\/\/megapets.eu\/en\/wp-json\/wp\/v2\/media?parent=4008"}],"wp:term":[{"taxonomy":"product_cat","embeddable":true,"href":"https:\/\/megapets.eu\/en\/wp-json\/wp\/v2\/product_cat?post=4008"},{"taxonomy":"product_tag","embeddable":true,"href":"https:\/\/megapets.eu\/en\/wp-json\/wp\/v2\/product_tag?post=4008"}],"curies":[{"name":"wp","href":"https:\/\/api.w.org\/{rel}","templated":true}]}}