{"id":4012,"date":"2024-10-04T07:01:14","date_gmt":"2024-10-04T07:01:14","guid":{"rendered":"https:\/\/megapets.eu\/uncategorized\/sepia-cuttlefish-boneset-of-5-pcs\/"},"modified":"2025-08-13T14:16:36","modified_gmt":"2025-08-13T14:16:36","slug":"sepia-cuttlefish-boneset-of-5-pcs","status":"publish","type":"product","link":"https:\/\/megapets.eu\/en\/accessories\/sepia-cuttlefish-boneset-of-5-pcs\/","title":{"rendered":"Sepia &#8211; cuttlefish bone<br>\u201cSet of 5 pcs\u201d"},"content":{"rendered":"<p><strong><span style=\"color: #e87020; font-size: 15px;\"><em>Sepia &#8211; cuttlefish bone \u201cSet of 5 pcs\u201d<\/em><\/span><\/strong><\/p>\n<p><strong><span style=\"color: #e87020; font-size: 15px;\"><em>One package contains 5 sepia pieces about 10-12 cm. <\/em><\/span><\/strong><\/p>\n<p><strong><span style=\"color: #e87020; font-size: 15px;\"><em>Ingredients: 100% natural cuttlefish bone.<\/em><\/span><\/strong><\/p>\n<p><strong><span style=\"color: #e87020; font-size: 15px;\"><em>The price is for 1 package.<\/em><\/span><\/strong><\/p>\n<p>&nbsp;<\/p>\n<p><em><span style=\"color: #424242;\"><strong><span style=\"font-size: 15px;\">Sepia &#8211; cuttlefish bone is a natural source of calcium for exotic snails, turtles and other terrarium animals.<\/span><\/strong><\/span><\/em><\/p>\n<p>&nbsp;<\/p>\n<p><em><span style=\"color: #424242;\"><strong><span style=\"font-size: 15px;\">Sepia is given to animals from the soft side. Cuttlefish bones should be replaced with fresh ones after the animal scrapes the soft part of the sepia or at the first signs of spoilage (appearance of spots, which is due to damp terrarium conditions). <\/span><\/strong><\/span><\/em><\/p>\n<p>&nbsp;<\/p>\n<p><em><span style=\"color: #424242;\"><strong><span style=\"font-size: 15px;\">You can always diversify the forms of calcium administered and additionally offer your pet \u201cCalcium\u201d &#8211; Calcium for snails.<\/span><\/strong><\/span><\/em><\/p>\n<p>&nbsp;<\/p>\n<p><em><span style=\"color: #424242;\"><strong><span style=\"font-size: 15px;\">We recommend supplements that are able to meet the needs in valuable nutrients of even the most demanding species: \u201cProtein &amp; Vitamin\u201d, Exotic herbal mix, ground gammarus. It is recommended that the supplements be used alternately, so that your pet&#8217;s diet remains varied and complete. <\/span><\/strong><\/span><\/em><\/p>\n","protected":false},"excerpt":{"rendered":"<ul class=\"product_attributes\">\n<li><span style=\"color: #555555;\">Ingredients:<\/span> 100% natural cuttlefish bone<\/li>\n<li><span style=\"color: #555555;\">Set:<\/span> 5 sepia pieces, approximately 10-12 cm<\/li>\n<li><span style=\"color: #555555;\">Price applies to:<\/span> 1 package.<\/li>\n<\/ul>\n","protected":false},"featured_media":2731,"template":"","meta":{"_acf_changed":false,"_links_to":"","_links_to_target":""},"product_cat":[70],"product_tag":[85,84,93,83],"class_list":{"0":"post-4012","1":"product","2":"type-product","3":"status-publish","4":"has-post-thumbnail","6":"product_cat-accessories","7":"product_tag-for-cockroaches","8":"product_tag-for-isopods","9":"product_tag-for-snails","10":"product_tag-for-the-violets","12":"first","13":"instock","14":"shipping-taxable","15":"purchasable","16":"product-type-simple"},"acf":[],"yoast_head":"<!-- This site is optimized with the Yoast SEO plugin v24.9 - https:\/\/yoast.com\/wordpress\/plugins\/seo\/ -->\n<title>Sepia - cuttlefish bone\u201cSet of 5 pcs\u201d | MegaPets<\/title>\n<meta name=\"robots\" content=\"index, follow, max-snippet:-1, max-image-preview:large, max-video-preview:-1\" \/>\n<link rel=\"canonical\" href=\"https:\/\/megapets.eu\/en\/accessories\/sepia-cuttlefish-boneset-of-5-pcs\/\" \/>\n<meta property=\"og:locale\" content=\"en_US\" \/>\n<meta property=\"og:type\" content=\"article\" \/>\n<meta property=\"og:title\" content=\"Sepia - cuttlefish bone\u201cSet of 5 pcs\u201d | MegaPets\" \/>\n<meta property=\"og:description\" content=\"Ingredients: 100% natural cuttlefish bone  Set: 5 sepia pieces, approximately 10-12 cm  Price applies to: 1 package.\" \/>\n<meta property=\"og:url\" content=\"https:\/\/megapets.eu\/en\/accessories\/sepia-cuttlefish-boneset-of-5-pcs\/\" \/>\n<meta property=\"og:site_name\" content=\"MegaPets\" \/>\n<meta property=\"article:publisher\" content=\"https:\/\/www.facebook.com\/MegaPets.eu\/\" \/>\n<meta property=\"article:modified_time\" content=\"2025-08-13T14:16:36+00:00\" \/>\n<meta property=\"og:image\" content=\"https:\/\/megapets.eu\/wp-content\/uploads\/2024\/10\/122.jpg\" \/>\n\t<meta property=\"og:image:width\" content=\"1029\" \/>\n\t<meta property=\"og:image:height\" content=\"691\" \/>\n\t<meta property=\"og:image:type\" content=\"image\/jpeg\" \/>\n<meta name=\"twitter:card\" content=\"summary_large_image\" \/>\n<meta name=\"twitter:label1\" content=\"Est. reading time\" \/>\n\t<meta name=\"twitter:data1\" content=\"1 minute\" \/>\n<script type=\"application\/ld+json\" class=\"yoast-schema-graph\">{\"@context\":\"https:\/\/schema.org\",\"@graph\":[{\"@type\":\"WebPage\",\"@id\":\"https:\/\/megapets.eu\/en\/accessories\/sepia-cuttlefish-boneset-of-5-pcs\/\",\"url\":\"https:\/\/megapets.eu\/en\/accessories\/sepia-cuttlefish-boneset-of-5-pcs\/\",\"name\":\"Sepia - cuttlefish bone \u201cSet of 5 pcs\u201d | MegaPets\",\"isPartOf\":{\"@id\":\"https:\/\/megapets.eu\/en\/#website\"},\"primaryImageOfPage\":{\"@id\":\"https:\/\/megapets.eu\/en\/accessories\/sepia-cuttlefish-boneset-of-5-pcs\/#primaryimage\"},\"image\":{\"@id\":\"https:\/\/megapets.eu\/en\/accessories\/sepia-cuttlefish-boneset-of-5-pcs\/#primaryimage\"},\"thumbnailUrl\":\"https:\/\/megapets.eu\/wp-content\/uploads\/2024\/10\/122.jpg\",\"datePublished\":\"2024-10-04T07:01:14+00:00\",\"dateModified\":\"2025-08-13T14:16:36+00:00\",\"breadcrumb\":{\"@id\":\"https:\/\/megapets.eu\/en\/accessories\/sepia-cuttlefish-boneset-of-5-pcs\/#breadcrumb\"},\"inLanguage\":\"en-US\",\"potentialAction\":[{\"@type\":\"ReadAction\",\"target\":[\"https:\/\/megapets.eu\/en\/accessories\/sepia-cuttlefish-boneset-of-5-pcs\/\"]}]},{\"@type\":\"ImageObject\",\"inLanguage\":\"en-US\",\"@id\":\"https:\/\/megapets.eu\/en\/accessories\/sepia-cuttlefish-boneset-of-5-pcs\/#primaryimage\",\"url\":\"https:\/\/megapets.eu\/wp-content\/uploads\/2024\/10\/122.jpg\",\"contentUrl\":\"https:\/\/megapets.eu\/wp-content\/uploads\/2024\/10\/122.jpg\",\"width\":1029,\"height\":691},{\"@type\":\"BreadcrumbList\",\"@id\":\"https:\/\/megapets.eu\/en\/accessories\/sepia-cuttlefish-boneset-of-5-pcs\/#breadcrumb\",\"itemListElement\":[{\"@type\":\"ListItem\",\"position\":1,\"name\":\"Homepage\",\"item\":\"https:\/\/megapets.eu\/en\/home\/\"},{\"@type\":\"ListItem\",\"position\":2,\"name\":\"Shop\",\"item\":\"https:\/\/megapets.eu\/en\/shop\/\"},{\"@type\":\"ListItem\",\"position\":3,\"name\":\"Sepia &#8211; cuttlefish bone\u201cSet of 5 pcs\u201d\"}]},{\"@type\":\"WebSite\",\"@id\":\"https:\/\/megapets.eu\/en\/#website\",\"url\":\"https:\/\/megapets.eu\/en\/\",\"name\":\"Mega Pets\",\"description\":\"Jedna z najwi\u0119kszych hodowli \u015blimak\u00f3w w Europie\",\"publisher\":{\"@id\":\"https:\/\/megapets.eu\/en\/#organization\"},\"alternateName\":\"Mega Pets\",\"potentialAction\":[{\"@type\":\"SearchAction\",\"target\":{\"@type\":\"EntryPoint\",\"urlTemplate\":\"https:\/\/megapets.eu\/en\/?s={search_term_string}\"},\"query-input\":{\"@type\":\"PropertyValueSpecification\",\"valueRequired\":true,\"valueName\":\"search_term_string\"}}],\"inLanguage\":\"en-US\"},{\"@type\":\"Organization\",\"@id\":\"https:\/\/megapets.eu\/en\/#organization\",\"name\":\"Mega Pets\",\"url\":\"https:\/\/megapets.eu\/en\/\",\"logo\":{\"@type\":\"ImageObject\",\"inLanguage\":\"en-US\",\"@id\":\"https:\/\/megapets.eu\/en\/#\/schema\/logo\/image\/\",\"url\":\"https:\/\/megapets.eu\/wp-content\/uploads\/2025\/04\/megapets_eu-logo.png\",\"contentUrl\":\"https:\/\/megapets.eu\/wp-content\/uploads\/2025\/04\/megapets_eu-logo.png\",\"width\":2362,\"height\":2362,\"caption\":\"Mega Pets\"},\"image\":{\"@id\":\"https:\/\/megapets.eu\/en\/#\/schema\/logo\/image\/\"},\"sameAs\":[\"https:\/\/www.facebook.com\/MegaPets.eu\/\"]}]}<\/script>\n<!-- \/ Yoast SEO plugin. -->","yoast_head_json":{"title":"Sepia - cuttlefish bone\u201cSet of 5 pcs\u201d | MegaPets","robots":{"index":"index","follow":"follow","max-snippet":"max-snippet:-1","max-image-preview":"max-image-preview:large","max-video-preview":"max-video-preview:-1"},"canonical":"https:\/\/megapets.eu\/en\/accessories\/sepia-cuttlefish-boneset-of-5-pcs\/","og_locale":"en_US","og_type":"article","og_title":"Sepia - cuttlefish bone\u201cSet of 5 pcs\u201d | MegaPets","og_description":"Ingredients: 100% natural cuttlefish bone  Set: 5 sepia pieces, approximately 10-12 cm  Price applies to: 1 package.","og_url":"https:\/\/megapets.eu\/en\/accessories\/sepia-cuttlefish-boneset-of-5-pcs\/","og_site_name":"MegaPets","article_publisher":"https:\/\/www.facebook.com\/MegaPets.eu\/","article_modified_time":"2025-08-13T14:16:36+00:00","og_image":[{"width":1029,"height":691,"url":"https:\/\/megapets.eu\/wp-content\/uploads\/2024\/10\/122.jpg","type":"image\/jpeg"}],"twitter_card":"summary_large_image","twitter_misc":{"Est. reading time":"1 minute"},"schema":{"@context":"https:\/\/schema.org","@graph":[{"@type":"WebPage","@id":"https:\/\/megapets.eu\/en\/accessories\/sepia-cuttlefish-boneset-of-5-pcs\/","url":"https:\/\/megapets.eu\/en\/accessories\/sepia-cuttlefish-boneset-of-5-pcs\/","name":"Sepia - cuttlefish bone \u201cSet of 5 pcs\u201d | MegaPets","isPartOf":{"@id":"https:\/\/megapets.eu\/en\/#website"},"primaryImageOfPage":{"@id":"https:\/\/megapets.eu\/en\/accessories\/sepia-cuttlefish-boneset-of-5-pcs\/#primaryimage"},"image":{"@id":"https:\/\/megapets.eu\/en\/accessories\/sepia-cuttlefish-boneset-of-5-pcs\/#primaryimage"},"thumbnailUrl":"https:\/\/megapets.eu\/wp-content\/uploads\/2024\/10\/122.jpg","datePublished":"2024-10-04T07:01:14+00:00","dateModified":"2025-08-13T14:16:36+00:00","breadcrumb":{"@id":"https:\/\/megapets.eu\/en\/accessories\/sepia-cuttlefish-boneset-of-5-pcs\/#breadcrumb"},"inLanguage":"en-US","potentialAction":[{"@type":"ReadAction","target":["https:\/\/megapets.eu\/en\/accessories\/sepia-cuttlefish-boneset-of-5-pcs\/"]}]},{"@type":"ImageObject","inLanguage":"en-US","@id":"https:\/\/megapets.eu\/en\/accessories\/sepia-cuttlefish-boneset-of-5-pcs\/#primaryimage","url":"https:\/\/megapets.eu\/wp-content\/uploads\/2024\/10\/122.jpg","contentUrl":"https:\/\/megapets.eu\/wp-content\/uploads\/2024\/10\/122.jpg","width":1029,"height":691},{"@type":"BreadcrumbList","@id":"https:\/\/megapets.eu\/en\/accessories\/sepia-cuttlefish-boneset-of-5-pcs\/#breadcrumb","itemListElement":[{"@type":"ListItem","position":1,"name":"Homepage","item":"https:\/\/megapets.eu\/en\/home\/"},{"@type":"ListItem","position":2,"name":"Shop","item":"https:\/\/megapets.eu\/en\/shop\/"},{"@type":"ListItem","position":3,"name":"Sepia &#8211; cuttlefish bone\u201cSet of 5 pcs\u201d"}]},{"@type":"WebSite","@id":"https:\/\/megapets.eu\/en\/#website","url":"https:\/\/megapets.eu\/en\/","name":"Mega Pets","description":"Jedna z najwi\u0119kszych hodowli \u015blimak\u00f3w w Europie","publisher":{"@id":"https:\/\/megapets.eu\/en\/#organization"},"alternateName":"Mega Pets","potentialAction":[{"@type":"SearchAction","target":{"@type":"EntryPoint","urlTemplate":"https:\/\/megapets.eu\/en\/?s={search_term_string}"},"query-input":{"@type":"PropertyValueSpecification","valueRequired":true,"valueName":"search_term_string"}}],"inLanguage":"en-US"},{"@type":"Organization","@id":"https:\/\/megapets.eu\/en\/#organization","name":"Mega Pets","url":"https:\/\/megapets.eu\/en\/","logo":{"@type":"ImageObject","inLanguage":"en-US","@id":"https:\/\/megapets.eu\/en\/#\/schema\/logo\/image\/","url":"https:\/\/megapets.eu\/wp-content\/uploads\/2025\/04\/megapets_eu-logo.png","contentUrl":"https:\/\/megapets.eu\/wp-content\/uploads\/2025\/04\/megapets_eu-logo.png","width":2362,"height":2362,"caption":"Mega Pets"},"image":{"@id":"https:\/\/megapets.eu\/en\/#\/schema\/logo\/image\/"},"sameAs":["https:\/\/www.facebook.com\/MegaPets.eu\/"]}]}},"_links":{"self":[{"href":"https:\/\/megapets.eu\/en\/wp-json\/wp\/v2\/product\/4012","targetHints":{"allow":["GET"]}}],"collection":[{"href":"https:\/\/megapets.eu\/en\/wp-json\/wp\/v2\/product"}],"about":[{"href":"https:\/\/megapets.eu\/en\/wp-json\/wp\/v2\/types\/product"}],"wp:featuredmedia":[{"embeddable":true,"href":"https:\/\/megapets.eu\/en\/wp-json\/wp\/v2\/media\/2731"}],"wp:attachment":[{"href":"https:\/\/megapets.eu\/en\/wp-json\/wp\/v2\/media?parent=4012"}],"wp:term":[{"taxonomy":"product_cat","embeddable":true,"href":"https:\/\/megapets.eu\/en\/wp-json\/wp\/v2\/product_cat?post=4012"},{"taxonomy":"product_tag","embeddable":true,"href":"https:\/\/megapets.eu\/en\/wp-json\/wp\/v2\/product_tag?post=4012"}],"curies":[{"name":"wp","href":"https:\/\/api.w.org\/{rel}","templated":true}]}}