{"id":4013,"date":"2024-10-04T06:37:08","date_gmt":"2024-10-04T06:37:08","guid":{"rendered":"https:\/\/megapets.eu\/uncategorized\/sepia-cuttlefish-bonepremium-thick-xxxl\/"},"modified":"2025-06-03T12:36:58","modified_gmt":"2025-06-03T12:36:58","slug":"sepia-cuttlefish-bonepremium-thick-xxxl","status":"publish","type":"product","link":"https:\/\/megapets.eu\/en\/accessories\/sepia-cuttlefish-bonepremium-thick-xxxl\/","title":{"rendered":"Sepia &#8211; cuttlefish bone<br>PREMIUM THICK \u201cXXXL\u201d"},"content":{"rendered":"<p><strong><span style=\"color: #e87020; font-size: 15px;\"><em>Sepia &#8211; cuttlefish bone <span style=\"color: #e87020;\">PREMIUM<\/span> THICK \u201cXXXL\u201d<\/em><\/span><\/strong><\/p>\n<p><strong><span style=\"color: #e87020; font-size: 15px;\"><em>Bone length: about 25-30 cm. Width: about 8-10 cm. <\/em><\/span><\/strong><\/p>\n<p><strong><span style=\"color: #e87020; font-size: 15px;\"><em>Ingredients: 100% natural cuttlefish bone.<\/em><\/span><\/strong><\/p>\n<p><strong><span style=\"color: #e87020; font-size: 15px;\"><em>The price is for 1 piece.<\/em><\/span><\/strong><\/p>\n<p>&nbsp;<\/p>\n<p><em><span style=\"color: #424242;\"><strong><span style=\"font-size: 15px;\">Sepia &#8211; cuttlefish bone is a natural source of calcium for exotic snails, turtles and other terrarium animals.<\/span><\/strong><\/span><\/em><\/p>\n<p><em><span style=\"color: #424242;\"><strong><span style=\"font-size: 15px;\">Sepia is given to animals from the soft side. Cuttlefish bones should be replaced with fresh ones after the animal scrapes the soft part of the sepia or at the first signs of spoilage (appearance of spots, which is due to damp terrarium conditions). <\/span><\/strong><\/span><\/em><\/p>\n<p>&nbsp;<\/p>\n<p><em><span style=\"color: #424242;\"><strong><span style=\"font-size: 15px;\">You can always diversify the forms of calcium administered and additionally offer your pet \u201cCalcium\u201d &#8211; Calcium for snails.<\/span><\/strong><\/span><\/em><\/p>\n<p>&nbsp;<\/p>\n<p><em><span style=\"color: #424242;\"><strong><span style=\"font-size: 15px;\">We recommend supplements that are able to meet the needs in valuable nutrients of even the most demanding species: \u201cProtein &amp; Vitamin\u201d, Exotic herbal mix, ground gammarus. It is recommended that the supplements be used alternately, so that your pet&#8217;s diet remains varied and complete. <\/span><\/strong><\/span><\/em><\/p>\n","protected":false},"excerpt":{"rendered":"<ul class=\"product_attributes\">\n<li><span style=\"color: #555555;\">Ingredients:<\/span> 100% natural cuttlefish bone<\/li>\n<li><span style=\"color: #555555;\">Bone length:<\/span> approximately 25-30 cm<\/li>\n<li><span style=\"color: #555555;\">The price is for:<\/span> 1 piece<\/li>\n<\/ul>\n","protected":false},"featured_media":12020,"template":"","meta":{"_acf_changed":false,"_links_to":"","_links_to_target":""},"product_cat":[70],"product_tag":[85,84,93,83],"class_list":{"0":"post-4013","1":"product","2":"type-product","3":"status-publish","4":"has-post-thumbnail","6":"product_cat-accessories","7":"product_tag-for-cockroaches","8":"product_tag-for-isopods","9":"product_tag-for-snails","10":"product_tag-for-the-violets","12":"first","13":"outofstock","14":"shipping-taxable","15":"purchasable","16":"product-type-simple"},"acf":[],"yoast_head":"<!-- This site is optimized with the Yoast SEO plugin v24.9 - https:\/\/yoast.com\/wordpress\/plugins\/seo\/ -->\n<title>Sepia - cuttlefish bonePREMIUM THICK \u201cXXXL\u201d | MegaPets<\/title>\n<meta name=\"robots\" content=\"index, follow, max-snippet:-1, max-image-preview:large, max-video-preview:-1\" \/>\n<link rel=\"canonical\" href=\"https:\/\/megapets.eu\/en\/accessories\/sepia-cuttlefish-bonepremium-thick-xxxl\/\" \/>\n<meta property=\"og:locale\" content=\"en_US\" \/>\n<meta property=\"og:type\" content=\"article\" \/>\n<meta property=\"og:title\" content=\"Sepia - cuttlefish bonePREMIUM THICK \u201cXXXL\u201d | MegaPets\" \/>\n<meta property=\"og:description\" content=\"Ingredients: 100% natural cuttlefish bone  Bone length: approximately 25-30 cm  The price is for: 1 piece\" \/>\n<meta property=\"og:url\" content=\"https:\/\/megapets.eu\/en\/accessories\/sepia-cuttlefish-bonepremium-thick-xxxl\/\" \/>\n<meta property=\"og:site_name\" content=\"MegaPets\" \/>\n<meta property=\"article:publisher\" content=\"https:\/\/www.facebook.com\/MegaPets.eu\/\" \/>\n<meta property=\"article:modified_time\" content=\"2025-06-03T12:36:58+00:00\" \/>\n<meta property=\"og:image\" content=\"https:\/\/megapets.eu\/wp-content\/uploads\/2024\/10\/1.png\" \/>\n\t<meta property=\"og:image:width\" content=\"984\" \/>\n\t<meta property=\"og:image:height\" content=\"653\" \/>\n\t<meta property=\"og:image:type\" content=\"image\/png\" \/>\n<meta name=\"twitter:card\" content=\"summary_large_image\" \/>\n<meta name=\"twitter:label1\" content=\"Est. reading time\" \/>\n\t<meta name=\"twitter:data1\" content=\"1 minute\" \/>\n<script type=\"application\/ld+json\" class=\"yoast-schema-graph\">{\"@context\":\"https:\/\/schema.org\",\"@graph\":[{\"@type\":\"WebPage\",\"@id\":\"https:\/\/megapets.eu\/en\/accessories\/sepia-cuttlefish-bonepremium-thick-xxxl\/\",\"url\":\"https:\/\/megapets.eu\/en\/accessories\/sepia-cuttlefish-bonepremium-thick-xxxl\/\",\"name\":\"Sepia - cuttlefish bone PREMIUM THICK \u201cXXXL\u201d | MegaPets\",\"isPartOf\":{\"@id\":\"https:\/\/megapets.eu\/en\/#website\"},\"primaryImageOfPage\":{\"@id\":\"https:\/\/megapets.eu\/en\/accessories\/sepia-cuttlefish-bonepremium-thick-xxxl\/#primaryimage\"},\"image\":{\"@id\":\"https:\/\/megapets.eu\/en\/accessories\/sepia-cuttlefish-bonepremium-thick-xxxl\/#primaryimage\"},\"thumbnailUrl\":\"https:\/\/megapets.eu\/wp-content\/uploads\/2024\/10\/sepia-kosc-matwy-napis-27-woo-WEBP.webp\",\"datePublished\":\"2024-10-04T06:37:08+00:00\",\"dateModified\":\"2025-06-03T12:36:58+00:00\",\"breadcrumb\":{\"@id\":\"https:\/\/megapets.eu\/en\/accessories\/sepia-cuttlefish-bonepremium-thick-xxxl\/#breadcrumb\"},\"inLanguage\":\"en-US\",\"potentialAction\":[{\"@type\":\"ReadAction\",\"target\":[\"https:\/\/megapets.eu\/en\/accessories\/sepia-cuttlefish-bonepremium-thick-xxxl\/\"]}]},{\"@type\":\"ImageObject\",\"inLanguage\":\"en-US\",\"@id\":\"https:\/\/megapets.eu\/en\/accessories\/sepia-cuttlefish-bonepremium-thick-xxxl\/#primaryimage\",\"url\":\"https:\/\/megapets.eu\/wp-content\/uploads\/2024\/10\/sepia-kosc-matwy-napis-27-woo-WEBP.webp\",\"contentUrl\":\"https:\/\/megapets.eu\/wp-content\/uploads\/2024\/10\/sepia-kosc-matwy-napis-27-woo-WEBP.webp\",\"width\":1045,\"height\":695},{\"@type\":\"BreadcrumbList\",\"@id\":\"https:\/\/megapets.eu\/en\/accessories\/sepia-cuttlefish-bonepremium-thick-xxxl\/#breadcrumb\",\"itemListElement\":[{\"@type\":\"ListItem\",\"position\":1,\"name\":\"Homepage\",\"item\":\"https:\/\/megapets.eu\/en\/home\/\"},{\"@type\":\"ListItem\",\"position\":2,\"name\":\"Shop\",\"item\":\"https:\/\/megapets.eu\/en\/shop\/\"},{\"@type\":\"ListItem\",\"position\":3,\"name\":\"Sepia &#8211; cuttlefish bonePREMIUM THICK \u201cXXXL\u201d\"}]},{\"@type\":\"WebSite\",\"@id\":\"https:\/\/megapets.eu\/en\/#website\",\"url\":\"https:\/\/megapets.eu\/en\/\",\"name\":\"Mega Pets\",\"description\":\"Jedna z najwi\u0119kszych hodowli \u015blimak\u00f3w w Europie\",\"publisher\":{\"@id\":\"https:\/\/megapets.eu\/en\/#organization\"},\"alternateName\":\"Mega Pets\",\"potentialAction\":[{\"@type\":\"SearchAction\",\"target\":{\"@type\":\"EntryPoint\",\"urlTemplate\":\"https:\/\/megapets.eu\/en\/?s={search_term_string}\"},\"query-input\":{\"@type\":\"PropertyValueSpecification\",\"valueRequired\":true,\"valueName\":\"search_term_string\"}}],\"inLanguage\":\"en-US\"},{\"@type\":\"Organization\",\"@id\":\"https:\/\/megapets.eu\/en\/#organization\",\"name\":\"Mega Pets\",\"url\":\"https:\/\/megapets.eu\/en\/\",\"logo\":{\"@type\":\"ImageObject\",\"inLanguage\":\"en-US\",\"@id\":\"https:\/\/megapets.eu\/en\/#\/schema\/logo\/image\/\",\"url\":\"https:\/\/megapets.eu\/wp-content\/uploads\/2025\/04\/megapets_eu-logo.png\",\"contentUrl\":\"https:\/\/megapets.eu\/wp-content\/uploads\/2025\/04\/megapets_eu-logo.png\",\"width\":2362,\"height\":2362,\"caption\":\"Mega Pets\"},\"image\":{\"@id\":\"https:\/\/megapets.eu\/en\/#\/schema\/logo\/image\/\"},\"sameAs\":[\"https:\/\/www.facebook.com\/MegaPets.eu\/\"]}]}<\/script>\n<!-- \/ Yoast SEO plugin. -->","yoast_head_json":{"title":"Sepia - cuttlefish bonePREMIUM THICK \u201cXXXL\u201d | MegaPets","robots":{"index":"index","follow":"follow","max-snippet":"max-snippet:-1","max-image-preview":"max-image-preview:large","max-video-preview":"max-video-preview:-1"},"canonical":"https:\/\/megapets.eu\/en\/accessories\/sepia-cuttlefish-bonepremium-thick-xxxl\/","og_locale":"en_US","og_type":"article","og_title":"Sepia - cuttlefish bonePREMIUM THICK \u201cXXXL\u201d | MegaPets","og_description":"Ingredients: 100% natural cuttlefish bone  Bone length: approximately 25-30 cm  The price is for: 1 piece","og_url":"https:\/\/megapets.eu\/en\/accessories\/sepia-cuttlefish-bonepremium-thick-xxxl\/","og_site_name":"MegaPets","article_publisher":"https:\/\/www.facebook.com\/MegaPets.eu\/","article_modified_time":"2025-06-03T12:36:58+00:00","og_image":[{"width":984,"height":653,"url":"https:\/\/megapets.eu\/wp-content\/uploads\/2024\/10\/1.png","type":"image\/png"}],"twitter_card":"summary_large_image","twitter_misc":{"Est. reading time":"1 minute"},"schema":{"@context":"https:\/\/schema.org","@graph":[{"@type":"WebPage","@id":"https:\/\/megapets.eu\/en\/accessories\/sepia-cuttlefish-bonepremium-thick-xxxl\/","url":"https:\/\/megapets.eu\/en\/accessories\/sepia-cuttlefish-bonepremium-thick-xxxl\/","name":"Sepia - cuttlefish bone PREMIUM THICK \u201cXXXL\u201d | MegaPets","isPartOf":{"@id":"https:\/\/megapets.eu\/en\/#website"},"primaryImageOfPage":{"@id":"https:\/\/megapets.eu\/en\/accessories\/sepia-cuttlefish-bonepremium-thick-xxxl\/#primaryimage"},"image":{"@id":"https:\/\/megapets.eu\/en\/accessories\/sepia-cuttlefish-bonepremium-thick-xxxl\/#primaryimage"},"thumbnailUrl":"https:\/\/megapets.eu\/wp-content\/uploads\/2024\/10\/sepia-kosc-matwy-napis-27-woo-WEBP.webp","datePublished":"2024-10-04T06:37:08+00:00","dateModified":"2025-06-03T12:36:58+00:00","breadcrumb":{"@id":"https:\/\/megapets.eu\/en\/accessories\/sepia-cuttlefish-bonepremium-thick-xxxl\/#breadcrumb"},"inLanguage":"en-US","potentialAction":[{"@type":"ReadAction","target":["https:\/\/megapets.eu\/en\/accessories\/sepia-cuttlefish-bonepremium-thick-xxxl\/"]}]},{"@type":"ImageObject","inLanguage":"en-US","@id":"https:\/\/megapets.eu\/en\/accessories\/sepia-cuttlefish-bonepremium-thick-xxxl\/#primaryimage","url":"https:\/\/megapets.eu\/wp-content\/uploads\/2024\/10\/sepia-kosc-matwy-napis-27-woo-WEBP.webp","contentUrl":"https:\/\/megapets.eu\/wp-content\/uploads\/2024\/10\/sepia-kosc-matwy-napis-27-woo-WEBP.webp","width":1045,"height":695},{"@type":"BreadcrumbList","@id":"https:\/\/megapets.eu\/en\/accessories\/sepia-cuttlefish-bonepremium-thick-xxxl\/#breadcrumb","itemListElement":[{"@type":"ListItem","position":1,"name":"Homepage","item":"https:\/\/megapets.eu\/en\/home\/"},{"@type":"ListItem","position":2,"name":"Shop","item":"https:\/\/megapets.eu\/en\/shop\/"},{"@type":"ListItem","position":3,"name":"Sepia &#8211; cuttlefish bonePREMIUM THICK \u201cXXXL\u201d"}]},{"@type":"WebSite","@id":"https:\/\/megapets.eu\/en\/#website","url":"https:\/\/megapets.eu\/en\/","name":"Mega Pets","description":"Jedna z najwi\u0119kszych hodowli \u015blimak\u00f3w w Europie","publisher":{"@id":"https:\/\/megapets.eu\/en\/#organization"},"alternateName":"Mega Pets","potentialAction":[{"@type":"SearchAction","target":{"@type":"EntryPoint","urlTemplate":"https:\/\/megapets.eu\/en\/?s={search_term_string}"},"query-input":{"@type":"PropertyValueSpecification","valueRequired":true,"valueName":"search_term_string"}}],"inLanguage":"en-US"},{"@type":"Organization","@id":"https:\/\/megapets.eu\/en\/#organization","name":"Mega Pets","url":"https:\/\/megapets.eu\/en\/","logo":{"@type":"ImageObject","inLanguage":"en-US","@id":"https:\/\/megapets.eu\/en\/#\/schema\/logo\/image\/","url":"https:\/\/megapets.eu\/wp-content\/uploads\/2025\/04\/megapets_eu-logo.png","contentUrl":"https:\/\/megapets.eu\/wp-content\/uploads\/2025\/04\/megapets_eu-logo.png","width":2362,"height":2362,"caption":"Mega Pets"},"image":{"@id":"https:\/\/megapets.eu\/en\/#\/schema\/logo\/image\/"},"sameAs":["https:\/\/www.facebook.com\/MegaPets.eu\/"]}]}},"_links":{"self":[{"href":"https:\/\/megapets.eu\/en\/wp-json\/wp\/v2\/product\/4013","targetHints":{"allow":["GET"]}}],"collection":[{"href":"https:\/\/megapets.eu\/en\/wp-json\/wp\/v2\/product"}],"about":[{"href":"https:\/\/megapets.eu\/en\/wp-json\/wp\/v2\/types\/product"}],"wp:featuredmedia":[{"embeddable":true,"href":"https:\/\/megapets.eu\/en\/wp-json\/wp\/v2\/media\/12020"}],"wp:attachment":[{"href":"https:\/\/megapets.eu\/en\/wp-json\/wp\/v2\/media?parent=4013"}],"wp:term":[{"taxonomy":"product_cat","embeddable":true,"href":"https:\/\/megapets.eu\/en\/wp-json\/wp\/v2\/product_cat?post=4013"},{"taxonomy":"product_tag","embeddable":true,"href":"https:\/\/megapets.eu\/en\/wp-json\/wp\/v2\/product_tag?post=4013"}],"curies":[{"name":"wp","href":"https:\/\/api.w.org\/{rel}","templated":true}]}}