{"id":4038,"date":"2024-10-04T06:48:33","date_gmt":"2024-10-04T06:48:33","guid":{"rendered":"https:\/\/megapets.eu\/uncategorized\/sepia-cuttlefish-boneset-of-coarse-pieces\/"},"modified":"2024-10-04T06:48:33","modified_gmt":"2024-10-04T06:48:33","slug":"sepia-cuttlefish-boneset-of-coarse-pieces","status":"publish","type":"product","link":"https:\/\/megapets.eu\/en\/accessories\/sepia-cuttlefish-boneset-of-coarse-pieces\/","title":{"rendered":"Sepia &#8211; cuttlefish bone<br \/>&#8220;Set of coarse pieces&#8221;"},"content":{"rendered":"<p><strong><span style=\"color: #e87020; font-size: 15px;\"><em>Sepia &#8211; cuttlefish bone &#8220;Set of thick pieces&#8221;<\/em><\/span><\/strong><\/p>\n<p><strong><span style=\"color: #e87020; font-size: 15px;\"><em>One pack contains 5 pieces of thick pieces of sepia with a hard cover of about 4-6 cm.<\/em><\/span><\/strong><\/p>\n<p><strong><span style=\"color: #e87020; font-size: 15px;\"><em>Composition: 100% natural cuttlefish bone.<\/em><\/span><\/strong><\/p>\n<p><strong><span style=\"color: #e87020; font-size: 15px;\"><em>Price is for 1 pack.<\/em><\/span><\/strong><\/p>\n<p><em><span style=\"color: #424242;\"><strong><span style=\"font-size: 15px;\">Thick sepia pieces are 100% natural cuttlefish bone, a source of calcium for exotic snails, turtles and other terrarium animals. Sepia in pieces with a hard shell divided into halves of about 4-6 cm, the number of pieces gives you the possibility to save money compared to whole sepia.<\/span><\/strong><\/span><\/em><\/p>\n<p><em><span style=\"color: #424242;\"><strong><span style=\"font-size: 15px;\">Sepia is fed to the animals from the soft side. Cuttlefish bones should be replaced with fresh ones after the animal has scraped off the soft part of the sepia or at the first signs of spoilage (appearance of spots, which is due to damp terrarium conditions).<\/span><\/strong><\/span><\/em><\/p>\n<p><em><span style=\"color: #424242;\"><strong><span style=\"font-size: 15px;\">You can always vary the forms of calcium administered and additionally offer your pet &#8220;Calcium&#8221; &#8211; calcium for snails.<\/span><\/strong><\/span><\/em><\/p>\n<p><em><span style=\"color: #424242;\"><strong><span style=\"font-size: 15px;\">The supplements we recommend are able to meet the needs in valuable nutrients of even the most demanding species: &#8220;Protein &amp; Vitamin&#8221;, Exotic herb mix, ground gammarus. It is recommended that the supplements are used alternately, so that your pet&#8217;s diet remains varied and complete.<\/span><\/strong><\/span><\/em><\/p>\n","protected":false},"excerpt":{"rendered":"<ul class=\"product_attributes\">\n<li><span style=\"color: #555555;\">Composition:<\/span> 100% natural cuttlefish bone<\/li>\n<li><span style=\"color: #555555;\">Number of pieces per set:<\/span> 5 pieces<\/li>\n<li><span style=\"color: #555555;\">Price applies to:<\/span> 1 pack.<\/li>\n<\/ul>\n","protected":false},"featured_media":435,"template":"","meta":{"_acf_changed":false,"_links_to":"","_links_to_target":""},"product_cat":[70],"product_tag":[85,84,93,83],"class_list":{"0":"post-4038","1":"product","2":"type-product","3":"status-publish","4":"has-post-thumbnail","6":"product_cat-accessories","7":"product_tag-for-cockroaches","8":"product_tag-for-isopods","9":"product_tag-for-snails","10":"product_tag-for-the-violets","12":"first","13":"instock","14":"shipping-taxable","15":"purchasable","16":"product-type-simple"},"acf":[],"yoast_head":"<!-- This site is optimized with the Yoast SEO plugin v24.9 - https:\/\/yoast.com\/wordpress\/plugins\/seo\/ -->\n<title>Sepia - cuttlefish bone&quot;Set of coarse pieces&quot; | MegaPets<\/title>\n<meta name=\"robots\" content=\"index, follow, max-snippet:-1, max-image-preview:large, max-video-preview:-1\" \/>\n<link rel=\"canonical\" href=\"https:\/\/megapets.eu\/en\/accessories\/sepia-cuttlefish-boneset-of-coarse-pieces\/\" \/>\n<meta property=\"og:locale\" content=\"en_US\" \/>\n<meta property=\"og:type\" content=\"article\" \/>\n<meta property=\"og:title\" content=\"Sepia - cuttlefish bone&quot;Set of coarse pieces&quot; | MegaPets\" \/>\n<meta property=\"og:description\" content=\"Composition: 100% natural cuttlefish bone  Number of pieces per set: 5 pieces  Price applies to: 1 pack.\" \/>\n<meta property=\"og:url\" content=\"https:\/\/megapets.eu\/en\/accessories\/sepia-cuttlefish-boneset-of-coarse-pieces\/\" \/>\n<meta property=\"og:site_name\" content=\"MegaPets\" \/>\n<meta property=\"article:publisher\" content=\"https:\/\/www.facebook.com\/MegaPets.eu\/\" \/>\n<meta property=\"og:image\" content=\"https:\/\/megapets.eu\/wp-content\/uploads\/2025\/04\/megapets_eu-info-scaled.png\" \/>\n\t<meta property=\"og:image:width\" content=\"2560\" \/>\n\t<meta property=\"og:image:height\" content=\"1735\" \/>\n\t<meta property=\"og:image:type\" content=\"image\/png\" \/>\n<meta name=\"twitter:card\" content=\"summary_large_image\" \/>\n<meta name=\"twitter:label1\" content=\"Est. reading time\" \/>\n\t<meta name=\"twitter:data1\" content=\"1 minute\" \/>\n<script type=\"application\/ld+json\" class=\"yoast-schema-graph\">{\"@context\":\"https:\/\/schema.org\",\"@graph\":[{\"@type\":\"WebPage\",\"@id\":\"https:\/\/megapets.eu\/en\/accessories\/sepia-cuttlefish-boneset-of-coarse-pieces\/\",\"url\":\"https:\/\/megapets.eu\/en\/accessories\/sepia-cuttlefish-boneset-of-coarse-pieces\/\",\"name\":\"Sepia - cuttlefish bone \\\"Set of coarse pieces\\\" | MegaPets\",\"isPartOf\":{\"@id\":\"https:\/\/megapets.eu\/en\/#website\"},\"primaryImageOfPage\":{\"@id\":\"https:\/\/megapets.eu\/en\/accessories\/sepia-cuttlefish-boneset-of-coarse-pieces\/#primaryimage\"},\"image\":{\"@id\":\"https:\/\/megapets.eu\/en\/accessories\/sepia-cuttlefish-boneset-of-coarse-pieces\/#primaryimage\"},\"thumbnailUrl\":\"https:\/\/megapets.eu\/wp-content\/uploads\/2024\/10\/2002.jpg\",\"datePublished\":\"2024-10-04T06:48:33+00:00\",\"breadcrumb\":{\"@id\":\"https:\/\/megapets.eu\/en\/accessories\/sepia-cuttlefish-boneset-of-coarse-pieces\/#breadcrumb\"},\"inLanguage\":\"en-US\",\"potentialAction\":[{\"@type\":\"ReadAction\",\"target\":[\"https:\/\/megapets.eu\/en\/accessories\/sepia-cuttlefish-boneset-of-coarse-pieces\/\"]}]},{\"@type\":\"ImageObject\",\"inLanguage\":\"en-US\",\"@id\":\"https:\/\/megapets.eu\/en\/accessories\/sepia-cuttlefish-boneset-of-coarse-pieces\/#primaryimage\",\"url\":\"https:\/\/megapets.eu\/wp-content\/uploads\/2024\/10\/2002.jpg\",\"contentUrl\":\"https:\/\/megapets.eu\/wp-content\/uploads\/2024\/10\/2002.jpg\",\"width\":956,\"height\":638},{\"@type\":\"BreadcrumbList\",\"@id\":\"https:\/\/megapets.eu\/en\/accessories\/sepia-cuttlefish-boneset-of-coarse-pieces\/#breadcrumb\",\"itemListElement\":[{\"@type\":\"ListItem\",\"position\":1,\"name\":\"Homepage\",\"item\":\"https:\/\/megapets.eu\/en\/home\/\"},{\"@type\":\"ListItem\",\"position\":2,\"name\":\"Shop\",\"item\":\"https:\/\/megapets.eu\/en\/shop\/\"},{\"@type\":\"ListItem\",\"position\":3,\"name\":\"Sepia &#8211; cuttlefish bone&#8222;Set of coarse pieces\\\"\"}]},{\"@type\":\"WebSite\",\"@id\":\"https:\/\/megapets.eu\/en\/#website\",\"url\":\"https:\/\/megapets.eu\/en\/\",\"name\":\"Mega Pets\",\"description\":\"Jedna z najwi\u0119kszych hodowli \u015blimak\u00f3w w Europie\",\"publisher\":{\"@id\":\"https:\/\/megapets.eu\/en\/#organization\"},\"alternateName\":\"Mega Pets\",\"potentialAction\":[{\"@type\":\"SearchAction\",\"target\":{\"@type\":\"EntryPoint\",\"urlTemplate\":\"https:\/\/megapets.eu\/en\/?s={search_term_string}\"},\"query-input\":{\"@type\":\"PropertyValueSpecification\",\"valueRequired\":true,\"valueName\":\"search_term_string\"}}],\"inLanguage\":\"en-US\"},{\"@type\":\"Organization\",\"@id\":\"https:\/\/megapets.eu\/en\/#organization\",\"name\":\"Mega Pets\",\"url\":\"https:\/\/megapets.eu\/en\/\",\"logo\":{\"@type\":\"ImageObject\",\"inLanguage\":\"en-US\",\"@id\":\"https:\/\/megapets.eu\/en\/#\/schema\/logo\/image\/\",\"url\":\"https:\/\/megapets.eu\/wp-content\/uploads\/2025\/04\/megapets_eu-logo.png\",\"contentUrl\":\"https:\/\/megapets.eu\/wp-content\/uploads\/2025\/04\/megapets_eu-logo.png\",\"width\":2362,\"height\":2362,\"caption\":\"Mega Pets\"},\"image\":{\"@id\":\"https:\/\/megapets.eu\/en\/#\/schema\/logo\/image\/\"},\"sameAs\":[\"https:\/\/www.facebook.com\/MegaPets.eu\/\"]}]}<\/script>\n<!-- \/ Yoast SEO plugin. -->","yoast_head_json":{"title":"Sepia - cuttlefish bone\"Set of coarse pieces\" | MegaPets","robots":{"index":"index","follow":"follow","max-snippet":"max-snippet:-1","max-image-preview":"max-image-preview:large","max-video-preview":"max-video-preview:-1"},"canonical":"https:\/\/megapets.eu\/en\/accessories\/sepia-cuttlefish-boneset-of-coarse-pieces\/","og_locale":"en_US","og_type":"article","og_title":"Sepia - cuttlefish bone\"Set of coarse pieces\" | MegaPets","og_description":"Composition: 100% natural cuttlefish bone  Number of pieces per set: 5 pieces  Price applies to: 1 pack.","og_url":"https:\/\/megapets.eu\/en\/accessories\/sepia-cuttlefish-boneset-of-coarse-pieces\/","og_site_name":"MegaPets","article_publisher":"https:\/\/www.facebook.com\/MegaPets.eu\/","og_image":[{"width":2560,"height":1735,"url":"https:\/\/megapets.eu\/wp-content\/uploads\/2025\/04\/megapets_eu-info-scaled.png","type":"image\/png"}],"twitter_card":"summary_large_image","twitter_misc":{"Est. reading time":"1 minute"},"schema":{"@context":"https:\/\/schema.org","@graph":[{"@type":"WebPage","@id":"https:\/\/megapets.eu\/en\/accessories\/sepia-cuttlefish-boneset-of-coarse-pieces\/","url":"https:\/\/megapets.eu\/en\/accessories\/sepia-cuttlefish-boneset-of-coarse-pieces\/","name":"Sepia - cuttlefish bone \"Set of coarse pieces\" | MegaPets","isPartOf":{"@id":"https:\/\/megapets.eu\/en\/#website"},"primaryImageOfPage":{"@id":"https:\/\/megapets.eu\/en\/accessories\/sepia-cuttlefish-boneset-of-coarse-pieces\/#primaryimage"},"image":{"@id":"https:\/\/megapets.eu\/en\/accessories\/sepia-cuttlefish-boneset-of-coarse-pieces\/#primaryimage"},"thumbnailUrl":"https:\/\/megapets.eu\/wp-content\/uploads\/2024\/10\/2002.jpg","datePublished":"2024-10-04T06:48:33+00:00","breadcrumb":{"@id":"https:\/\/megapets.eu\/en\/accessories\/sepia-cuttlefish-boneset-of-coarse-pieces\/#breadcrumb"},"inLanguage":"en-US","potentialAction":[{"@type":"ReadAction","target":["https:\/\/megapets.eu\/en\/accessories\/sepia-cuttlefish-boneset-of-coarse-pieces\/"]}]},{"@type":"ImageObject","inLanguage":"en-US","@id":"https:\/\/megapets.eu\/en\/accessories\/sepia-cuttlefish-boneset-of-coarse-pieces\/#primaryimage","url":"https:\/\/megapets.eu\/wp-content\/uploads\/2024\/10\/2002.jpg","contentUrl":"https:\/\/megapets.eu\/wp-content\/uploads\/2024\/10\/2002.jpg","width":956,"height":638},{"@type":"BreadcrumbList","@id":"https:\/\/megapets.eu\/en\/accessories\/sepia-cuttlefish-boneset-of-coarse-pieces\/#breadcrumb","itemListElement":[{"@type":"ListItem","position":1,"name":"Homepage","item":"https:\/\/megapets.eu\/en\/home\/"},{"@type":"ListItem","position":2,"name":"Shop","item":"https:\/\/megapets.eu\/en\/shop\/"},{"@type":"ListItem","position":3,"name":"Sepia &#8211; cuttlefish bone&#8222;Set of coarse pieces\""}]},{"@type":"WebSite","@id":"https:\/\/megapets.eu\/en\/#website","url":"https:\/\/megapets.eu\/en\/","name":"Mega Pets","description":"Jedna z najwi\u0119kszych hodowli \u015blimak\u00f3w w Europie","publisher":{"@id":"https:\/\/megapets.eu\/en\/#organization"},"alternateName":"Mega Pets","potentialAction":[{"@type":"SearchAction","target":{"@type":"EntryPoint","urlTemplate":"https:\/\/megapets.eu\/en\/?s={search_term_string}"},"query-input":{"@type":"PropertyValueSpecification","valueRequired":true,"valueName":"search_term_string"}}],"inLanguage":"en-US"},{"@type":"Organization","@id":"https:\/\/megapets.eu\/en\/#organization","name":"Mega Pets","url":"https:\/\/megapets.eu\/en\/","logo":{"@type":"ImageObject","inLanguage":"en-US","@id":"https:\/\/megapets.eu\/en\/#\/schema\/logo\/image\/","url":"https:\/\/megapets.eu\/wp-content\/uploads\/2025\/04\/megapets_eu-logo.png","contentUrl":"https:\/\/megapets.eu\/wp-content\/uploads\/2025\/04\/megapets_eu-logo.png","width":2362,"height":2362,"caption":"Mega Pets"},"image":{"@id":"https:\/\/megapets.eu\/en\/#\/schema\/logo\/image\/"},"sameAs":["https:\/\/www.facebook.com\/MegaPets.eu\/"]}]}},"_links":{"self":[{"href":"https:\/\/megapets.eu\/en\/wp-json\/wp\/v2\/product\/4038","targetHints":{"allow":["GET"]}}],"collection":[{"href":"https:\/\/megapets.eu\/en\/wp-json\/wp\/v2\/product"}],"about":[{"href":"https:\/\/megapets.eu\/en\/wp-json\/wp\/v2\/types\/product"}],"wp:featuredmedia":[{"embeddable":true,"href":"https:\/\/megapets.eu\/en\/wp-json\/wp\/v2\/media\/435"}],"wp:attachment":[{"href":"https:\/\/megapets.eu\/en\/wp-json\/wp\/v2\/media?parent=4038"}],"wp:term":[{"taxonomy":"product_cat","embeddable":true,"href":"https:\/\/megapets.eu\/en\/wp-json\/wp\/v2\/product_cat?post=4038"},{"taxonomy":"product_tag","embeddable":true,"href":"https:\/\/megapets.eu\/en\/wp-json\/wp\/v2\/product_tag?post=4038"}],"curies":[{"name":"wp","href":"https:\/\/api.w.org\/{rel}","templated":true}]}}