{"id":4049,"date":"2024-10-03T17:33:30","date_gmt":"2024-10-03T17:33:30","guid":{"rendered":"https:\/\/megapets.eu\/uncategorized\/20-l-starter-set-for-breedingexotic-african-snails\/"},"modified":"2025-10-19T12:38:38","modified_gmt":"2025-10-19T12:38:38","slug":"20-l-starter-set-for-breedingexotic-african-snails","status":"publish","type":"product","link":"https:\/\/megapets.eu\/en\/accessories\/20-l-starter-set-for-breedingexotic-african-snails\/","title":{"rendered":"20 L starter set for breeding<br \/>exotic \/ African snails"},"content":{"rendered":"<p><em><span style=\"color: #424242;\"><strong>The set &#8220;Starter kit 20 L for breeding exotic \/ African snails&#8221; includes:<\/strong><\/span><\/em><\/p>\n<ul>\n<li><em><strong><span style=\"color: #e87020; font-size: 17px;\">1 pc x Plastic container with ven<span style=\"color: #e87020;\">tyl<\/span>action holes for breeding exotic snails.<\/span><\/strong><\/em><\/li>\n<\/ul>\n<p><em><span style=\"color: #424242; font-size: 15px;\"><strong>20 L container with lid. The inner vents of the container are smooth, without sharp edges.<\/strong><\/span><\/em><\/p>\n<p><em><span style=\"color: #424242; font-size: 15px;\"><strong>Width: 33 cm &#8211; top; 26 cm &#8211; bottom;<\/strong><\/span><\/em><\/p>\n<p><em><span style=\"color: #424242; font-size: 15px;\"><strong>Length: 42.5 cm &#8211; top; 34.5 cm &#8211; bottom;<\/strong><\/span><\/em><\/p>\n<p><em><span style=\"color: #424242; font-size: 15px;\"><strong>Height: 21, 3 cm<\/strong><\/span><\/em><\/p>\n<ul>\n<li><em><strong><span style=\"color: #e87020; font-size: 17px;\">1 pcs x Sepia &#8211; cuttlefish bone 12-15 cm.<\/span><\/strong><\/em><\/li>\n<\/ul>\n<p><em><span style=\"color: #424242; font-size: 15px;\"><strong>100% natural cuttlefish bone, a source of calcium for exotic snails, turtles and other terrarium animals.<\/strong><\/span><\/em><\/p>\n<ul>\n<li><em><strong><span style=\"font-size: 17px;\"><span style=\"color: #e87020;\">3 pcs x Coconut substrate 1.5l\/1 pack. <\/span><\/span><\/strong><\/em><\/li>\n<\/ul>\n<p><em><span style=\"color: #424242; font-size: 15px;\"><strong>Coconut substrate is a natural substrate made of shredded coconut fibre. Most recommended substrate for breeding exotic snails.<\/strong><\/span><\/em><\/p>\n<ul>\n<li><em><strong><span style=\"font-size: 17px;\"><span style=\"color: #e87020;\">1 pc \/ package &#8220;Calcium&#8221; 80g. <\/span><\/span><\/strong><\/em><\/li>\n<\/ul>\n<p><em><span style=\"color: #424242; font-size: 15px;\"><strong>The daily diet of a snail must include the basic building block for a beautiful and healthy shell. Calcium&#8221; pack contains 100% eggshell powder.<\/strong><\/span><\/em><\/p>\n<ul>\n<li><em><strong><span style=\"font-size: 17px;\"><span style=\"color: #e87020;\">1 x &#8220;Protein &amp; Vitamin&#8221; pack 50g.<\/span><\/span><\/strong><\/em><\/li>\n<\/ul>\n<p><em><span style=\"color: #424242; font-size: 15px;\"><strong>The &#8220;Protein &amp; Vitamin&#8221; pack contains a mixture of grains, full of valuable nutrients for a healthy development of your pet, and is a beneficial addition to the basic snail diet.<\/strong><\/span><\/em><\/p>\n<ul>\n<li><em><strong><span style=\"font-size: 17px;\"><span style=\"color: #e87020;\">1 pc x &#8220;Exotic herbal mix&#8221; pack 40g.<\/span><\/span><\/strong><\/em><\/li>\n<\/ul>\n<p><em><span style=\"color: #424242; font-size: 15px;\"><strong>The &#8220;Exotic herbal mix&#8221; pack contains carefully selected herbs, a valuable and natural supplement that helps to enrich the diet of exotic snails based on their vitamin and mineral requirements, ingredients essential for the health of the pets.<\/strong><\/span><\/em><\/p>\n<ul>\n<li><em><strong><span style=\"font-size: 17px;\"><span style=\"color: #e87020;\">1 pc x Breeding instructions.<\/span><\/span><\/strong><\/em><\/li>\n<\/ul>\n<p><em><span style=\"color: #424242; font-size: 15px;\"><strong>To close the BASIC BOX you need to: 1. press the lid handles on both sides. 2. hold the handles pressed for 5-10 seconds and then close the lid on the container.<\/strong><\/span><\/em><\/p>\n<p><em><span style=\"color: #424242; font-size: 15px;\"><strong>Note: in breeding we use a special custom-made device for quality, smooth punching of the containers. If you already have a plastic container and are trying to punch the vents yourself, remove the sharp edges and sand the holes well. Juveniles have a delicate growth of new shell, which they can catch when walking over the sharp edges of poorly made holes. This can result in scarring of the snail&#8217;s shell and loss of an aesthetically pleasing, healthy appearance.<\/strong><\/span><\/em><\/p>\n<p><em><span style=\"color: #424242; font-size: 15px;\"><strong>Note: containers from many companies are NOT suitable for snail breeding due to the internal design and the way the lid snaps on. The container company we recommend is Plast Team.<\/strong><\/span><\/em><\/p>\n","protected":false},"excerpt":{"rendered":"<ul class=\"product_attributes\">\n<li><span style=\"color: #555555;\"><strong>Well-chosen basic accessories<\/strong><\/span><\/li>\n<li><span style=\"color: #555555;\"><strong>Polished air vents<\/strong><\/span><\/li>\n<li><span style=\"color: #555555;\"><strong>Proper air circulation<\/strong><\/span><\/li>\n<\/ul>\n","protected":false},"featured_media":2691,"template":"","meta":{"_acf_changed":false,"_links_to":"","_links_to_target":""},"product_cat":[70],"product_tag":[93],"class_list":{"0":"post-4049","1":"product","2":"type-product","3":"status-publish","4":"has-post-thumbnail","6":"product_cat-accessories","7":"product_tag-for-snails","9":"first","10":"instock","11":"shipping-taxable","12":"purchasable","13":"product-type-simple"},"acf":[],"yoast_head":"<!-- This site is optimized with the Yoast SEO plugin v24.9 - https:\/\/yoast.com\/wordpress\/plugins\/seo\/ -->\n<title>20 L starter set for breedingexotic \/ African snails | MegaPets<\/title>\n<meta name=\"robots\" content=\"index, follow, max-snippet:-1, max-image-preview:large, max-video-preview:-1\" \/>\n<link rel=\"canonical\" href=\"https:\/\/megapets.eu\/en\/accessories\/20-l-starter-set-for-breedingexotic-african-snails\/\" \/>\n<meta property=\"og:locale\" content=\"en_US\" \/>\n<meta property=\"og:type\" content=\"article\" \/>\n<meta property=\"og:title\" content=\"20 L starter set for breedingexotic \/ African snails | MegaPets\" \/>\n<meta property=\"og:description\" content=\"Well-chosen basic accessories  Polished air vents  Proper air circulation\" \/>\n<meta property=\"og:url\" content=\"https:\/\/megapets.eu\/en\/accessories\/20-l-starter-set-for-breedingexotic-african-snails\/\" \/>\n<meta property=\"og:site_name\" content=\"MegaPets\" \/>\n<meta property=\"article:publisher\" content=\"https:\/\/www.facebook.com\/MegaPets.eu\/\" \/>\n<meta property=\"article:modified_time\" content=\"2025-10-19T12:38:38+00:00\" \/>\n<meta property=\"og:image\" content=\"https:\/\/megapets.eu\/wp-content\/uploads\/2025\/04\/megapets_eu-info-scaled.png\" \/>\n\t<meta property=\"og:image:width\" content=\"2560\" \/>\n\t<meta property=\"og:image:height\" content=\"1735\" \/>\n\t<meta property=\"og:image:type\" content=\"image\/png\" \/>\n<meta name=\"twitter:card\" content=\"summary_large_image\" \/>\n<meta name=\"twitter:label1\" content=\"Est. reading time\" \/>\n\t<meta name=\"twitter:data1\" content=\"2 minutes\" \/>\n<script type=\"application\/ld+json\" class=\"yoast-schema-graph\">{\"@context\":\"https:\/\/schema.org\",\"@graph\":[{\"@type\":\"WebPage\",\"@id\":\"https:\/\/megapets.eu\/en\/accessories\/20-l-starter-set-for-breedingexotic-african-snails\/\",\"url\":\"https:\/\/megapets.eu\/en\/accessories\/20-l-starter-set-for-breedingexotic-african-snails\/\",\"name\":\"20 L starter set for breeding exotic \/ African snails | MegaPets\",\"isPartOf\":{\"@id\":\"https:\/\/megapets.eu\/en\/#website\"},\"primaryImageOfPage\":{\"@id\":\"https:\/\/megapets.eu\/en\/accessories\/20-l-starter-set-for-breedingexotic-african-snails\/#primaryimage\"},\"image\":{\"@id\":\"https:\/\/megapets.eu\/en\/accessories\/20-l-starter-set-for-breedingexotic-african-snails\/#primaryimage\"},\"thumbnailUrl\":\"https:\/\/megapets.eu\/wp-content\/uploads\/2024\/10\/Glowne-Basic-20-L.png\",\"datePublished\":\"2024-10-03T17:33:30+00:00\",\"dateModified\":\"2025-10-19T12:38:38+00:00\",\"breadcrumb\":{\"@id\":\"https:\/\/megapets.eu\/en\/accessories\/20-l-starter-set-for-breedingexotic-african-snails\/#breadcrumb\"},\"inLanguage\":\"en-US\",\"potentialAction\":[{\"@type\":\"ReadAction\",\"target\":[\"https:\/\/megapets.eu\/en\/accessories\/20-l-starter-set-for-breedingexotic-african-snails\/\"]}]},{\"@type\":\"ImageObject\",\"inLanguage\":\"en-US\",\"@id\":\"https:\/\/megapets.eu\/en\/accessories\/20-l-starter-set-for-breedingexotic-african-snails\/#primaryimage\",\"url\":\"https:\/\/megapets.eu\/wp-content\/uploads\/2024\/10\/Glowne-Basic-20-L.png\",\"contentUrl\":\"https:\/\/megapets.eu\/wp-content\/uploads\/2024\/10\/Glowne-Basic-20-L.png\",\"width\":1052,\"height\":705},{\"@type\":\"BreadcrumbList\",\"@id\":\"https:\/\/megapets.eu\/en\/accessories\/20-l-starter-set-for-breedingexotic-african-snails\/#breadcrumb\",\"itemListElement\":[{\"@type\":\"ListItem\",\"position\":1,\"name\":\"Homepage\",\"item\":\"https:\/\/megapets.eu\/en\/home\/\"},{\"@type\":\"ListItem\",\"position\":2,\"name\":\"Shop\",\"item\":\"https:\/\/megapets.eu\/en\/shop\/\"},{\"@type\":\"ListItem\",\"position\":3,\"name\":\"20 L starter set for breedingexotic \/ African snails\"}]},{\"@type\":\"WebSite\",\"@id\":\"https:\/\/megapets.eu\/en\/#website\",\"url\":\"https:\/\/megapets.eu\/en\/\",\"name\":\"Mega Pets\",\"description\":\"Jedna z najwi\u0119kszych hodowli \u015blimak\u00f3w w Europie\",\"publisher\":{\"@id\":\"https:\/\/megapets.eu\/en\/#organization\"},\"alternateName\":\"Mega Pets\",\"potentialAction\":[{\"@type\":\"SearchAction\",\"target\":{\"@type\":\"EntryPoint\",\"urlTemplate\":\"https:\/\/megapets.eu\/en\/?s={search_term_string}\"},\"query-input\":{\"@type\":\"PropertyValueSpecification\",\"valueRequired\":true,\"valueName\":\"search_term_string\"}}],\"inLanguage\":\"en-US\"},{\"@type\":\"Organization\",\"@id\":\"https:\/\/megapets.eu\/en\/#organization\",\"name\":\"Mega Pets\",\"url\":\"https:\/\/megapets.eu\/en\/\",\"logo\":{\"@type\":\"ImageObject\",\"inLanguage\":\"en-US\",\"@id\":\"https:\/\/megapets.eu\/en\/#\/schema\/logo\/image\/\",\"url\":\"https:\/\/megapets.eu\/wp-content\/uploads\/2025\/04\/megapets_eu-logo.png\",\"contentUrl\":\"https:\/\/megapets.eu\/wp-content\/uploads\/2025\/04\/megapets_eu-logo.png\",\"width\":2362,\"height\":2362,\"caption\":\"Mega Pets\"},\"image\":{\"@id\":\"https:\/\/megapets.eu\/en\/#\/schema\/logo\/image\/\"},\"sameAs\":[\"https:\/\/www.facebook.com\/MegaPets.eu\/\"]}]}<\/script>\n<!-- \/ Yoast SEO plugin. -->","yoast_head_json":{"title":"20 L starter set for breedingexotic \/ African snails | MegaPets","robots":{"index":"index","follow":"follow","max-snippet":"max-snippet:-1","max-image-preview":"max-image-preview:large","max-video-preview":"max-video-preview:-1"},"canonical":"https:\/\/megapets.eu\/en\/accessories\/20-l-starter-set-for-breedingexotic-african-snails\/","og_locale":"en_US","og_type":"article","og_title":"20 L starter set for breedingexotic \/ African snails | MegaPets","og_description":"Well-chosen basic accessories  Polished air vents  Proper air circulation","og_url":"https:\/\/megapets.eu\/en\/accessories\/20-l-starter-set-for-breedingexotic-african-snails\/","og_site_name":"MegaPets","article_publisher":"https:\/\/www.facebook.com\/MegaPets.eu\/","article_modified_time":"2025-10-19T12:38:38+00:00","og_image":[{"width":2560,"height":1735,"url":"https:\/\/megapets.eu\/wp-content\/uploads\/2025\/04\/megapets_eu-info-scaled.png","type":"image\/png"}],"twitter_card":"summary_large_image","twitter_misc":{"Est. reading time":"2 minutes"},"schema":{"@context":"https:\/\/schema.org","@graph":[{"@type":"WebPage","@id":"https:\/\/megapets.eu\/en\/accessories\/20-l-starter-set-for-breedingexotic-african-snails\/","url":"https:\/\/megapets.eu\/en\/accessories\/20-l-starter-set-for-breedingexotic-african-snails\/","name":"20 L starter set for breeding exotic \/ African snails | MegaPets","isPartOf":{"@id":"https:\/\/megapets.eu\/en\/#website"},"primaryImageOfPage":{"@id":"https:\/\/megapets.eu\/en\/accessories\/20-l-starter-set-for-breedingexotic-african-snails\/#primaryimage"},"image":{"@id":"https:\/\/megapets.eu\/en\/accessories\/20-l-starter-set-for-breedingexotic-african-snails\/#primaryimage"},"thumbnailUrl":"https:\/\/megapets.eu\/wp-content\/uploads\/2024\/10\/Glowne-Basic-20-L.png","datePublished":"2024-10-03T17:33:30+00:00","dateModified":"2025-10-19T12:38:38+00:00","breadcrumb":{"@id":"https:\/\/megapets.eu\/en\/accessories\/20-l-starter-set-for-breedingexotic-african-snails\/#breadcrumb"},"inLanguage":"en-US","potentialAction":[{"@type":"ReadAction","target":["https:\/\/megapets.eu\/en\/accessories\/20-l-starter-set-for-breedingexotic-african-snails\/"]}]},{"@type":"ImageObject","inLanguage":"en-US","@id":"https:\/\/megapets.eu\/en\/accessories\/20-l-starter-set-for-breedingexotic-african-snails\/#primaryimage","url":"https:\/\/megapets.eu\/wp-content\/uploads\/2024\/10\/Glowne-Basic-20-L.png","contentUrl":"https:\/\/megapets.eu\/wp-content\/uploads\/2024\/10\/Glowne-Basic-20-L.png","width":1052,"height":705},{"@type":"BreadcrumbList","@id":"https:\/\/megapets.eu\/en\/accessories\/20-l-starter-set-for-breedingexotic-african-snails\/#breadcrumb","itemListElement":[{"@type":"ListItem","position":1,"name":"Homepage","item":"https:\/\/megapets.eu\/en\/home\/"},{"@type":"ListItem","position":2,"name":"Shop","item":"https:\/\/megapets.eu\/en\/shop\/"},{"@type":"ListItem","position":3,"name":"20 L starter set for breedingexotic \/ African snails"}]},{"@type":"WebSite","@id":"https:\/\/megapets.eu\/en\/#website","url":"https:\/\/megapets.eu\/en\/","name":"Mega Pets","description":"Jedna z najwi\u0119kszych hodowli \u015blimak\u00f3w w Europie","publisher":{"@id":"https:\/\/megapets.eu\/en\/#organization"},"alternateName":"Mega Pets","potentialAction":[{"@type":"SearchAction","target":{"@type":"EntryPoint","urlTemplate":"https:\/\/megapets.eu\/en\/?s={search_term_string}"},"query-input":{"@type":"PropertyValueSpecification","valueRequired":true,"valueName":"search_term_string"}}],"inLanguage":"en-US"},{"@type":"Organization","@id":"https:\/\/megapets.eu\/en\/#organization","name":"Mega Pets","url":"https:\/\/megapets.eu\/en\/","logo":{"@type":"ImageObject","inLanguage":"en-US","@id":"https:\/\/megapets.eu\/en\/#\/schema\/logo\/image\/","url":"https:\/\/megapets.eu\/wp-content\/uploads\/2025\/04\/megapets_eu-logo.png","contentUrl":"https:\/\/megapets.eu\/wp-content\/uploads\/2025\/04\/megapets_eu-logo.png","width":2362,"height":2362,"caption":"Mega Pets"},"image":{"@id":"https:\/\/megapets.eu\/en\/#\/schema\/logo\/image\/"},"sameAs":["https:\/\/www.facebook.com\/MegaPets.eu\/"]}]}},"_links":{"self":[{"href":"https:\/\/megapets.eu\/en\/wp-json\/wp\/v2\/product\/4049","targetHints":{"allow":["GET"]}}],"collection":[{"href":"https:\/\/megapets.eu\/en\/wp-json\/wp\/v2\/product"}],"about":[{"href":"https:\/\/megapets.eu\/en\/wp-json\/wp\/v2\/types\/product"}],"wp:featuredmedia":[{"embeddable":true,"href":"https:\/\/megapets.eu\/en\/wp-json\/wp\/v2\/media\/2691"}],"wp:attachment":[{"href":"https:\/\/megapets.eu\/en\/wp-json\/wp\/v2\/media?parent=4049"}],"wp:term":[{"taxonomy":"product_cat","embeddable":true,"href":"https:\/\/megapets.eu\/en\/wp-json\/wp\/v2\/product_cat?post=4049"},{"taxonomy":"product_tag","embeddable":true,"href":"https:\/\/megapets.eu\/en\/wp-json\/wp\/v2\/product_tag?post=4049"}],"curies":[{"name":"wp","href":"https:\/\/api.w.org\/{rel}","templated":true}]}}