{"id":4051,"date":"2024-10-03T19:32:52","date_gmt":"2024-10-03T19:32:52","guid":{"rendered":"https:\/\/megapets.eu\/uncategorized\/faunabox-and-starter-kit-for-breedingvipers-crocodiles-isopods\/"},"modified":"2024-10-03T19:32:52","modified_gmt":"2024-10-03T19:32:52","slug":"faunabox-and-starter-kit-for-breedingvipers-crocodiles-isopods","status":"publish","type":"product","link":"https:\/\/megapets.eu\/en\/accessories\/faunabox-and-starter-kit-for-breedingvipers-crocodiles-isopods\/","title":{"rendered":"Faunabox and starter kit for breeding<br \/>vipers, crocodiles, isopods"},"content":{"rendered":"<p><em><span style=\"color: #424242;\"><strong>The &#8216;Faunabox and starter kit for rearing vipers, crocodiles, isopods&#8217; kit includes:<\/strong><\/span><\/em><\/p>\n<ul>\n<li><span style=\"font-size: 17px; color: #e87020;\"><em><strong>1 pcs x Faunabox with good ventilation for keeping crocodiles, vipers, isopods.<\/strong><\/em><\/span><\/li>\n<\/ul>\n<p><em><span style=\"color: #424242; font-size: 15px;\"><strong>Lids come in different colours. Lid colour is sent at random.<\/strong><\/span><\/em><\/p>\n<p><em><span style=\"color: #424242; font-size: 15px;\"><strong>Dimensions: 20 x 30 x 21 cm. Capacity: 7 L. <\/strong><\/span><\/em><\/p>\n<ul>\n<li><span style=\"color: #e87020; font-size: 17px;\"><em><strong>1 pcs x Forest Substrate 1.5 L.<\/strong><\/em><\/span><\/li>\n<\/ul>\n<p><em><span style=\"color: #424242; font-size: 15px;\"><strong>Forest Substrate is ideal for rearing crocodiles, vipers, isopods, prosimians, culanids, exotic cockroaches.<\/strong><\/span><\/em><\/p>\n<p><em><span style=\"color: #424242; font-size: 15px;\"><strong>Substrate is moist, always freshly prepared, so recommended for immediate use. <\/strong><\/span><\/em><\/p>\n<p><em><span style=\"color: #424242; font-size: 15px;\"><strong>Substrate composition (heat-treated ingredients): dried oak leaves; birch leaves; decayed oak and beech wood; oak and beech cubes; neutral peat; coconut substrate; Sphagnum peat moss.<\/strong><\/span><\/em><\/p>\n<ul>\n<li><span style=\"color: #e87020; font-size: 17px;\"><em><strong>1 pc x Dried birch and oak leaves 500 ml.<\/strong><\/em><\/span><\/li>\n<\/ul>\n<p><em><span style=\"color: #424242; font-size: 15px;\"><strong>Heat-treated.<\/strong><\/span><\/em><\/p>\n<ul>\n<li><span style=\"color: #e87020; font-size: 17px;\"><em><strong>1 pc x Gammarus ground 25 g.<\/strong><\/em><\/span><\/li>\n<\/ul>\n<p><em><span style=\"color: #424242; font-size: 15px;\"><strong>Gammarus ground is a dried germ, rich in macro- and microelements, a natural source of animal protein and chitin. Gammarus is ideal for breeding exotic snails, worms, crocodiles, exotic cockroaches and other terrarium animals.<\/strong><\/span><\/em><\/p>\n<ul>\n<li><span style=\"color: #e87020; font-size: 17px;\"><em><strong>1 pcs x Sepia pieces 250 ml.<\/strong><\/em><\/span><\/li>\n<\/ul>\n<p><em><span style=\"color: #424242; font-size: 15px;\"><strong>100% natural cuttlefish bone, source of calcium for terrarium animals.<\/strong><\/span><\/em><\/p>\n<ul>\n<li><span style=\"font-size: 17px; color: #e87020;\"><em><strong>1 pc x Dried Sphagnum peat moss 500 ml.<\/strong><\/em><\/span><\/li>\n<\/ul>\n<p><em><span style=\"color: #424242; font-size: 15px;\"><strong>Heat-treated<\/strong><\/span><\/em><\/p>\n<ul>\n<li><span style=\"font-size: 17px; color: #e87020;\"><em><strong>1-2 pcs x Decorative ornaments.<\/strong><\/em><\/span><\/li>\n<\/ul>\n<p><em><span style=\"color: #424242; font-size: 15px;\"><strong>The appearance of the ornament is chosen at random.<\/strong><\/span><\/em><\/p>\n<ul>\n<li><em><strong><span style=\"font-size: 17px;\"><span style=\"color: #e87020;\">1 pc x Breeding instructions.<\/span><\/span><\/strong><\/em><\/li>\n<\/ul>\n","protected":false},"excerpt":{"rendered":"<ul class=\"product_attributes\">\n<li><span style=\"color: #555555;\"><strong>Well-chosen basic accessories<\/strong><\/span><\/li>\n<li><span style=\"color: #555555;\"><strong>Dimensions: 20 x 30 x 21 cm<\/strong><\/span><\/li>\n<li><span style=\"color: #555555;\"><strong>Capacity: 7 L<\/strong><\/span><\/li>\n<\/ul>\n","protected":false},"featured_media":3031,"template":"","meta":{"_acf_changed":false,"_links_to":"","_links_to_target":""},"product_cat":[70],"product_tag":[84,83],"class_list":{"0":"post-4051","1":"product","2":"type-product","3":"status-publish","4":"has-post-thumbnail","6":"product_cat-accessories","7":"product_tag-for-isopods","8":"product_tag-for-the-violets","10":"first","11":"instock","12":"shipping-taxable","13":"purchasable","14":"product-type-simple"},"acf":[],"yoast_head":"<!-- This site is optimized with the Yoast SEO plugin v24.9 - https:\/\/yoast.com\/wordpress\/plugins\/seo\/ -->\n<title>Faunabox and starter kit for breedingvipers, crocodiles, isopods | MegaPets<\/title>\n<meta name=\"robots\" content=\"index, follow, max-snippet:-1, max-image-preview:large, max-video-preview:-1\" \/>\n<link rel=\"canonical\" href=\"https:\/\/megapets.eu\/en\/accessories\/faunabox-and-starter-kit-for-breedingvipers-crocodiles-isopods\/\" \/>\n<meta property=\"og:locale\" content=\"en_US\" \/>\n<meta property=\"og:type\" content=\"article\" \/>\n<meta property=\"og:title\" content=\"Faunabox and starter kit for breedingvipers, crocodiles, isopods | MegaPets\" \/>\n<meta property=\"og:description\" content=\"Well-chosen basic accessories  Dimensions: 20 x 30 x 21 cm  Capacity: 7 L\" \/>\n<meta property=\"og:url\" content=\"https:\/\/megapets.eu\/en\/accessories\/faunabox-and-starter-kit-for-breedingvipers-crocodiles-isopods\/\" \/>\n<meta property=\"og:site_name\" content=\"MegaPets\" \/>\n<meta property=\"article:publisher\" content=\"https:\/\/www.facebook.com\/MegaPets.eu\/\" \/>\n<meta property=\"og:image\" content=\"https:\/\/megapets.eu\/wp-content\/uploads\/2025\/04\/megapets_eu-info-scaled.png\" \/>\n\t<meta property=\"og:image:width\" content=\"2560\" \/>\n\t<meta property=\"og:image:height\" content=\"1735\" \/>\n\t<meta property=\"og:image:type\" content=\"image\/png\" \/>\n<meta name=\"twitter:card\" content=\"summary_large_image\" \/>\n<meta name=\"twitter:label1\" content=\"Est. reading time\" \/>\n\t<meta name=\"twitter:data1\" content=\"1 minute\" \/>\n<script type=\"application\/ld+json\" class=\"yoast-schema-graph\">{\"@context\":\"https:\/\/schema.org\",\"@graph\":[{\"@type\":\"WebPage\",\"@id\":\"https:\/\/megapets.eu\/en\/accessories\/faunabox-and-starter-kit-for-breedingvipers-crocodiles-isopods\/\",\"url\":\"https:\/\/megapets.eu\/en\/accessories\/faunabox-and-starter-kit-for-breedingvipers-crocodiles-isopods\/\",\"name\":\"Faunabox and starter kit for breeding vipers, crocodiles, isopods | MegaPets\",\"isPartOf\":{\"@id\":\"https:\/\/megapets.eu\/en\/#website\"},\"primaryImageOfPage\":{\"@id\":\"https:\/\/megapets.eu\/en\/accessories\/faunabox-and-starter-kit-for-breedingvipers-crocodiles-isopods\/#primaryimage\"},\"image\":{\"@id\":\"https:\/\/megapets.eu\/en\/accessories\/faunabox-and-starter-kit-for-breedingvipers-crocodiles-isopods\/#primaryimage\"},\"thumbnailUrl\":\"https:\/\/megapets.eu\/wp-content\/uploads\/2024\/10\/IMG_2723-e1728316392316.jpg\",\"datePublished\":\"2024-10-03T19:32:52+00:00\",\"breadcrumb\":{\"@id\":\"https:\/\/megapets.eu\/en\/accessories\/faunabox-and-starter-kit-for-breedingvipers-crocodiles-isopods\/#breadcrumb\"},\"inLanguage\":\"en-US\",\"potentialAction\":[{\"@type\":\"ReadAction\",\"target\":[\"https:\/\/megapets.eu\/en\/accessories\/faunabox-and-starter-kit-for-breedingvipers-crocodiles-isopods\/\"]}]},{\"@type\":\"ImageObject\",\"inLanguage\":\"en-US\",\"@id\":\"https:\/\/megapets.eu\/en\/accessories\/faunabox-and-starter-kit-for-breedingvipers-crocodiles-isopods\/#primaryimage\",\"url\":\"https:\/\/megapets.eu\/wp-content\/uploads\/2024\/10\/IMG_2723-e1728316392316.jpg\",\"contentUrl\":\"https:\/\/megapets.eu\/wp-content\/uploads\/2024\/10\/IMG_2723-e1728316392316.jpg\",\"width\":1928,\"height\":1327},{\"@type\":\"BreadcrumbList\",\"@id\":\"https:\/\/megapets.eu\/en\/accessories\/faunabox-and-starter-kit-for-breedingvipers-crocodiles-isopods\/#breadcrumb\",\"itemListElement\":[{\"@type\":\"ListItem\",\"position\":1,\"name\":\"Homepage\",\"item\":\"https:\/\/megapets.eu\/en\/home\/\"},{\"@type\":\"ListItem\",\"position\":2,\"name\":\"Shop\",\"item\":\"https:\/\/megapets.eu\/en\/shop\/\"},{\"@type\":\"ListItem\",\"position\":3,\"name\":\"Faunabox and starter kit for breedingvipers, crocodiles, isopods\"}]},{\"@type\":\"WebSite\",\"@id\":\"https:\/\/megapets.eu\/en\/#website\",\"url\":\"https:\/\/megapets.eu\/en\/\",\"name\":\"Mega Pets\",\"description\":\"Jedna z najwi\u0119kszych hodowli \u015blimak\u00f3w w Europie\",\"publisher\":{\"@id\":\"https:\/\/megapets.eu\/en\/#organization\"},\"alternateName\":\"Mega Pets\",\"potentialAction\":[{\"@type\":\"SearchAction\",\"target\":{\"@type\":\"EntryPoint\",\"urlTemplate\":\"https:\/\/megapets.eu\/en\/?s={search_term_string}\"},\"query-input\":{\"@type\":\"PropertyValueSpecification\",\"valueRequired\":true,\"valueName\":\"search_term_string\"}}],\"inLanguage\":\"en-US\"},{\"@type\":\"Organization\",\"@id\":\"https:\/\/megapets.eu\/en\/#organization\",\"name\":\"Mega Pets\",\"url\":\"https:\/\/megapets.eu\/en\/\",\"logo\":{\"@type\":\"ImageObject\",\"inLanguage\":\"en-US\",\"@id\":\"https:\/\/megapets.eu\/en\/#\/schema\/logo\/image\/\",\"url\":\"https:\/\/megapets.eu\/wp-content\/uploads\/2025\/04\/megapets_eu-logo.png\",\"contentUrl\":\"https:\/\/megapets.eu\/wp-content\/uploads\/2025\/04\/megapets_eu-logo.png\",\"width\":2362,\"height\":2362,\"caption\":\"Mega Pets\"},\"image\":{\"@id\":\"https:\/\/megapets.eu\/en\/#\/schema\/logo\/image\/\"},\"sameAs\":[\"https:\/\/www.facebook.com\/MegaPets.eu\/\"]}]}<\/script>\n<!-- \/ Yoast SEO plugin. -->","yoast_head_json":{"title":"Faunabox and starter kit for breedingvipers, crocodiles, isopods | MegaPets","robots":{"index":"index","follow":"follow","max-snippet":"max-snippet:-1","max-image-preview":"max-image-preview:large","max-video-preview":"max-video-preview:-1"},"canonical":"https:\/\/megapets.eu\/en\/accessories\/faunabox-and-starter-kit-for-breedingvipers-crocodiles-isopods\/","og_locale":"en_US","og_type":"article","og_title":"Faunabox and starter kit for breedingvipers, crocodiles, isopods | MegaPets","og_description":"Well-chosen basic accessories  Dimensions: 20 x 30 x 21 cm  Capacity: 7 L","og_url":"https:\/\/megapets.eu\/en\/accessories\/faunabox-and-starter-kit-for-breedingvipers-crocodiles-isopods\/","og_site_name":"MegaPets","article_publisher":"https:\/\/www.facebook.com\/MegaPets.eu\/","og_image":[{"width":2560,"height":1735,"url":"https:\/\/megapets.eu\/wp-content\/uploads\/2025\/04\/megapets_eu-info-scaled.png","type":"image\/png"}],"twitter_card":"summary_large_image","twitter_misc":{"Est. reading time":"1 minute"},"schema":{"@context":"https:\/\/schema.org","@graph":[{"@type":"WebPage","@id":"https:\/\/megapets.eu\/en\/accessories\/faunabox-and-starter-kit-for-breedingvipers-crocodiles-isopods\/","url":"https:\/\/megapets.eu\/en\/accessories\/faunabox-and-starter-kit-for-breedingvipers-crocodiles-isopods\/","name":"Faunabox and starter kit for breeding vipers, crocodiles, isopods | MegaPets","isPartOf":{"@id":"https:\/\/megapets.eu\/en\/#website"},"primaryImageOfPage":{"@id":"https:\/\/megapets.eu\/en\/accessories\/faunabox-and-starter-kit-for-breedingvipers-crocodiles-isopods\/#primaryimage"},"image":{"@id":"https:\/\/megapets.eu\/en\/accessories\/faunabox-and-starter-kit-for-breedingvipers-crocodiles-isopods\/#primaryimage"},"thumbnailUrl":"https:\/\/megapets.eu\/wp-content\/uploads\/2024\/10\/IMG_2723-e1728316392316.jpg","datePublished":"2024-10-03T19:32:52+00:00","breadcrumb":{"@id":"https:\/\/megapets.eu\/en\/accessories\/faunabox-and-starter-kit-for-breedingvipers-crocodiles-isopods\/#breadcrumb"},"inLanguage":"en-US","potentialAction":[{"@type":"ReadAction","target":["https:\/\/megapets.eu\/en\/accessories\/faunabox-and-starter-kit-for-breedingvipers-crocodiles-isopods\/"]}]},{"@type":"ImageObject","inLanguage":"en-US","@id":"https:\/\/megapets.eu\/en\/accessories\/faunabox-and-starter-kit-for-breedingvipers-crocodiles-isopods\/#primaryimage","url":"https:\/\/megapets.eu\/wp-content\/uploads\/2024\/10\/IMG_2723-e1728316392316.jpg","contentUrl":"https:\/\/megapets.eu\/wp-content\/uploads\/2024\/10\/IMG_2723-e1728316392316.jpg","width":1928,"height":1327},{"@type":"BreadcrumbList","@id":"https:\/\/megapets.eu\/en\/accessories\/faunabox-and-starter-kit-for-breedingvipers-crocodiles-isopods\/#breadcrumb","itemListElement":[{"@type":"ListItem","position":1,"name":"Homepage","item":"https:\/\/megapets.eu\/en\/home\/"},{"@type":"ListItem","position":2,"name":"Shop","item":"https:\/\/megapets.eu\/en\/shop\/"},{"@type":"ListItem","position":3,"name":"Faunabox and starter kit for breedingvipers, crocodiles, isopods"}]},{"@type":"WebSite","@id":"https:\/\/megapets.eu\/en\/#website","url":"https:\/\/megapets.eu\/en\/","name":"Mega Pets","description":"Jedna z najwi\u0119kszych hodowli \u015blimak\u00f3w w Europie","publisher":{"@id":"https:\/\/megapets.eu\/en\/#organization"},"alternateName":"Mega Pets","potentialAction":[{"@type":"SearchAction","target":{"@type":"EntryPoint","urlTemplate":"https:\/\/megapets.eu\/en\/?s={search_term_string}"},"query-input":{"@type":"PropertyValueSpecification","valueRequired":true,"valueName":"search_term_string"}}],"inLanguage":"en-US"},{"@type":"Organization","@id":"https:\/\/megapets.eu\/en\/#organization","name":"Mega Pets","url":"https:\/\/megapets.eu\/en\/","logo":{"@type":"ImageObject","inLanguage":"en-US","@id":"https:\/\/megapets.eu\/en\/#\/schema\/logo\/image\/","url":"https:\/\/megapets.eu\/wp-content\/uploads\/2025\/04\/megapets_eu-logo.png","contentUrl":"https:\/\/megapets.eu\/wp-content\/uploads\/2025\/04\/megapets_eu-logo.png","width":2362,"height":2362,"caption":"Mega Pets"},"image":{"@id":"https:\/\/megapets.eu\/en\/#\/schema\/logo\/image\/"},"sameAs":["https:\/\/www.facebook.com\/MegaPets.eu\/"]}]}},"_links":{"self":[{"href":"https:\/\/megapets.eu\/en\/wp-json\/wp\/v2\/product\/4051","targetHints":{"allow":["GET"]}}],"collection":[{"href":"https:\/\/megapets.eu\/en\/wp-json\/wp\/v2\/product"}],"about":[{"href":"https:\/\/megapets.eu\/en\/wp-json\/wp\/v2\/types\/product"}],"wp:featuredmedia":[{"embeddable":true,"href":"https:\/\/megapets.eu\/en\/wp-json\/wp\/v2\/media\/3031"}],"wp:attachment":[{"href":"https:\/\/megapets.eu\/en\/wp-json\/wp\/v2\/media?parent=4051"}],"wp:term":[{"taxonomy":"product_cat","embeddable":true,"href":"https:\/\/megapets.eu\/en\/wp-json\/wp\/v2\/product_cat?post=4051"},{"taxonomy":"product_tag","embeddable":true,"href":"https:\/\/megapets.eu\/en\/wp-json\/wp\/v2\/product_tag?post=4051"}],"curies":[{"name":"wp","href":"https:\/\/api.w.org\/{rel}","templated":true}]}}