{"id":4820,"date":"2025-06-10T11:59:52","date_gmt":"2025-06-10T11:59:52","guid":{"rendered":"https:\/\/megapets.eu\/?post_type=product&#038;p=4820"},"modified":"2025-07-04T08:06:50","modified_gmt":"2025-07-04T08:06:50","slug":"package-exotic-herb-mix-40-g-2","status":"publish","type":"product","link":"https:\/\/megapets.eu\/en\/accessories\/package-exotic-herb-mix-40-g-2\/","title":{"rendered":"Package \u201cExotic herb mix\u201d 40 g"},"content":{"rendered":"<p><strong><span style=\"color: #e87020; font-size: 15px;\"><em>Package \u201cExotic herb mix\u201d 40 g<\/em><\/span><\/strong><\/p>\n<p><strong><span style=\"color: #e87020; font-size: 15px;\"><em>One package contains 40 g.<\/em><\/span><\/strong><\/p>\n<p><strong><span style=\"color: #e87020; font-size: 15px;\"><em>The price is for 1 package.<\/em><\/span><\/strong><\/p>\n<p>&nbsp;<\/p>\n<p><em><span style=\"color: #424242;\"><strong><span style=\"font-size: 15px;\">The \u201cExotic herb mix\u201d package contains carefully selected herbs, a valuable and natural supplement that helps enrich the diet of exotic snails based on their needs for vitamins and minerals, ingredients essential for the health of pets.  <\/span><\/strong><\/span><\/em><em><span style=\"color: #424242;\"><strong><span style=\"font-size: 15px;\">The ground and sieved herbs produce a mild powder that is easy to use and dose.<\/span><\/strong><\/span><\/em><\/p>\n<p>&nbsp;<\/p>\n<p><em><span style=\"color: #424242;\"><strong><span style=\"font-size: 15px;\">Dosage: sprinkle some of the food with a small amount of \u201cExotic mix herb\u201d powder. For variety, at the next feeding it is better to take a short break in the administration of \u201cExotic mix herbal\u201d and offer your pet other types of supplements, such as a mixture of grains \u201cProtein &amp; Vitamin\u201d or \u201cGammarus\u201d ground.   <\/span><\/strong><\/span><\/em><\/p>\n<p>&nbsp;<\/p>\n<p><em><span style=\"color: #424242;\"><strong><span style=\"font-size: 15px;\">We recommend supplements that are able to meet the needs in valuable nutrients of even the most demanding species: \u201cProtein &amp; Vitamin\u201d, Exotic herbal mix, ground gammarus. It is recommended that the supplements be used alternately, so that your pet&#8217;s diet remains varied and complete. <\/span><\/strong><\/span><\/em><\/p>\n","protected":false},"excerpt":{"rendered":"<ul class=\"product_attributes\">\n<li><span style=\"color: #555555;\">Contains:<\/span> carefully selected herbs<\/li>\n<li><span style=\"color: #555555;\">The package contains:<\/span> 40 g<\/li>\n<li><span style=\"color: #555555;\">Price applies to:<\/span> 1 package.<\/li>\n<\/ul>\n","protected":false},"featured_media":4955,"template":"","meta":{"_acf_changed":false,"_links_to":"","_links_to_target":""},"product_cat":[70],"product_tag":[85,84,93,83],"class_list":{"0":"post-4820","1":"product","2":"type-product","3":"status-publish","4":"has-post-thumbnail","6":"product_cat-accessories","7":"product_tag-for-cockroaches","8":"product_tag-for-isopods","9":"product_tag-for-snails","10":"product_tag-for-the-violets","12":"first","13":"instock","14":"shipping-taxable","15":"purchasable","16":"product-type-simple"},"acf":[],"yoast_head":"<!-- This site is optimized with the Yoast SEO plugin v24.9 - https:\/\/yoast.com\/wordpress\/plugins\/seo\/ -->\n<title>Package \u201cExotic herb mix\u201d 40 g | MegaPets<\/title>\n<meta name=\"robots\" content=\"index, follow, max-snippet:-1, max-image-preview:large, max-video-preview:-1\" \/>\n<link rel=\"canonical\" href=\"https:\/\/megapets.eu\/en\/accessories\/package-exotic-herb-mix-40-g-2\/\" \/>\n<meta property=\"og:locale\" content=\"en_US\" \/>\n<meta property=\"og:type\" content=\"article\" \/>\n<meta property=\"og:title\" content=\"Package \u201cExotic herb mix\u201d 40 g | MegaPets\" \/>\n<meta property=\"og:description\" content=\"Contains: carefully selected herbs  The package contains: 40 g  Price applies to: 1 package.\" \/>\n<meta property=\"og:url\" content=\"https:\/\/megapets.eu\/en\/accessories\/package-exotic-herb-mix-40-g-2\/\" \/>\n<meta property=\"og:site_name\" content=\"MegaPets\" \/>\n<meta property=\"article:publisher\" content=\"https:\/\/www.facebook.com\/MegaPets.eu\/\" \/>\n<meta property=\"article:modified_time\" content=\"2025-07-04T08:06:50+00:00\" \/>\n<meta property=\"og:image\" content=\"https:\/\/megapets.eu\/wp-content\/uploads\/2025\/06\/Gammarus-12345.png\" \/>\n\t<meta property=\"og:image:width\" content=\"1053\" \/>\n\t<meta property=\"og:image:height\" content=\"703\" \/>\n\t<meta property=\"og:image:type\" content=\"image\/png\" \/>\n<meta name=\"twitter:card\" content=\"summary_large_image\" \/>\n<meta name=\"twitter:label1\" content=\"Est. reading time\" \/>\n\t<meta name=\"twitter:data1\" content=\"2 minutes\" \/>\n<script type=\"application\/ld+json\" class=\"yoast-schema-graph\">{\"@context\":\"https:\/\/schema.org\",\"@graph\":[{\"@type\":\"WebPage\",\"@id\":\"https:\/\/megapets.eu\/en\/accessories\/package-exotic-herb-mix-40-g-2\/\",\"url\":\"https:\/\/megapets.eu\/en\/accessories\/package-exotic-herb-mix-40-g-2\/\",\"name\":\"Package \u201cExotic herb mix\u201d 40 g | MegaPets\",\"isPartOf\":{\"@id\":\"https:\/\/megapets.eu\/en\/#website\"},\"primaryImageOfPage\":{\"@id\":\"https:\/\/megapets.eu\/en\/accessories\/package-exotic-herb-mix-40-g-2\/#primaryimage\"},\"image\":{\"@id\":\"https:\/\/megapets.eu\/en\/accessories\/package-exotic-herb-mix-40-g-2\/#primaryimage\"},\"thumbnailUrl\":\"https:\/\/megapets.eu\/wp-content\/uploads\/2025\/06\/Gammarus-12345.png\",\"datePublished\":\"2025-06-10T11:59:52+00:00\",\"dateModified\":\"2025-07-04T08:06:50+00:00\",\"breadcrumb\":{\"@id\":\"https:\/\/megapets.eu\/en\/accessories\/package-exotic-herb-mix-40-g-2\/#breadcrumb\"},\"inLanguage\":\"en-US\",\"potentialAction\":[{\"@type\":\"ReadAction\",\"target\":[\"https:\/\/megapets.eu\/en\/accessories\/package-exotic-herb-mix-40-g-2\/\"]}]},{\"@type\":\"ImageObject\",\"inLanguage\":\"en-US\",\"@id\":\"https:\/\/megapets.eu\/en\/accessories\/package-exotic-herb-mix-40-g-2\/#primaryimage\",\"url\":\"https:\/\/megapets.eu\/wp-content\/uploads\/2025\/06\/Gammarus-12345.png\",\"contentUrl\":\"https:\/\/megapets.eu\/wp-content\/uploads\/2025\/06\/Gammarus-12345.png\",\"width\":1053,\"height\":703},{\"@type\":\"BreadcrumbList\",\"@id\":\"https:\/\/megapets.eu\/en\/accessories\/package-exotic-herb-mix-40-g-2\/#breadcrumb\",\"itemListElement\":[{\"@type\":\"ListItem\",\"position\":1,\"name\":\"Homepage\",\"item\":\"https:\/\/megapets.eu\/en\/home\/\"},{\"@type\":\"ListItem\",\"position\":2,\"name\":\"Shop\",\"item\":\"https:\/\/megapets.eu\/en\/shop\/\"},{\"@type\":\"ListItem\",\"position\":3,\"name\":\"Package \u201cExotic herb mix\u201d 40 g\"}]},{\"@type\":\"WebSite\",\"@id\":\"https:\/\/megapets.eu\/en\/#website\",\"url\":\"https:\/\/megapets.eu\/en\/\",\"name\":\"Mega Pets\",\"description\":\"Jedna z najwi\u0119kszych hodowli \u015blimak\u00f3w w Europie\",\"publisher\":{\"@id\":\"https:\/\/megapets.eu\/en\/#organization\"},\"alternateName\":\"Mega Pets\",\"potentialAction\":[{\"@type\":\"SearchAction\",\"target\":{\"@type\":\"EntryPoint\",\"urlTemplate\":\"https:\/\/megapets.eu\/en\/?s={search_term_string}\"},\"query-input\":{\"@type\":\"PropertyValueSpecification\",\"valueRequired\":true,\"valueName\":\"search_term_string\"}}],\"inLanguage\":\"en-US\"},{\"@type\":\"Organization\",\"@id\":\"https:\/\/megapets.eu\/en\/#organization\",\"name\":\"Mega Pets\",\"url\":\"https:\/\/megapets.eu\/en\/\",\"logo\":{\"@type\":\"ImageObject\",\"inLanguage\":\"en-US\",\"@id\":\"https:\/\/megapets.eu\/en\/#\/schema\/logo\/image\/\",\"url\":\"https:\/\/megapets.eu\/wp-content\/uploads\/2025\/04\/megapets_eu-logo.png\",\"contentUrl\":\"https:\/\/megapets.eu\/wp-content\/uploads\/2025\/04\/megapets_eu-logo.png\",\"width\":2362,\"height\":2362,\"caption\":\"Mega Pets\"},\"image\":{\"@id\":\"https:\/\/megapets.eu\/en\/#\/schema\/logo\/image\/\"},\"sameAs\":[\"https:\/\/www.facebook.com\/MegaPets.eu\/\"]}]}<\/script>\n<!-- \/ Yoast SEO plugin. -->","yoast_head_json":{"title":"Package \u201cExotic herb mix\u201d 40 g | MegaPets","robots":{"index":"index","follow":"follow","max-snippet":"max-snippet:-1","max-image-preview":"max-image-preview:large","max-video-preview":"max-video-preview:-1"},"canonical":"https:\/\/megapets.eu\/en\/accessories\/package-exotic-herb-mix-40-g-2\/","og_locale":"en_US","og_type":"article","og_title":"Package \u201cExotic herb mix\u201d 40 g | MegaPets","og_description":"Contains: carefully selected herbs  The package contains: 40 g  Price applies to: 1 package.","og_url":"https:\/\/megapets.eu\/en\/accessories\/package-exotic-herb-mix-40-g-2\/","og_site_name":"MegaPets","article_publisher":"https:\/\/www.facebook.com\/MegaPets.eu\/","article_modified_time":"2025-07-04T08:06:50+00:00","og_image":[{"width":1053,"height":703,"url":"https:\/\/megapets.eu\/wp-content\/uploads\/2025\/06\/Gammarus-12345.png","type":"image\/png"}],"twitter_card":"summary_large_image","twitter_misc":{"Est. reading time":"2 minutes"},"schema":{"@context":"https:\/\/schema.org","@graph":[{"@type":"WebPage","@id":"https:\/\/megapets.eu\/en\/accessories\/package-exotic-herb-mix-40-g-2\/","url":"https:\/\/megapets.eu\/en\/accessories\/package-exotic-herb-mix-40-g-2\/","name":"Package \u201cExotic herb mix\u201d 40 g | MegaPets","isPartOf":{"@id":"https:\/\/megapets.eu\/en\/#website"},"primaryImageOfPage":{"@id":"https:\/\/megapets.eu\/en\/accessories\/package-exotic-herb-mix-40-g-2\/#primaryimage"},"image":{"@id":"https:\/\/megapets.eu\/en\/accessories\/package-exotic-herb-mix-40-g-2\/#primaryimage"},"thumbnailUrl":"https:\/\/megapets.eu\/wp-content\/uploads\/2025\/06\/Gammarus-12345.png","datePublished":"2025-06-10T11:59:52+00:00","dateModified":"2025-07-04T08:06:50+00:00","breadcrumb":{"@id":"https:\/\/megapets.eu\/en\/accessories\/package-exotic-herb-mix-40-g-2\/#breadcrumb"},"inLanguage":"en-US","potentialAction":[{"@type":"ReadAction","target":["https:\/\/megapets.eu\/en\/accessories\/package-exotic-herb-mix-40-g-2\/"]}]},{"@type":"ImageObject","inLanguage":"en-US","@id":"https:\/\/megapets.eu\/en\/accessories\/package-exotic-herb-mix-40-g-2\/#primaryimage","url":"https:\/\/megapets.eu\/wp-content\/uploads\/2025\/06\/Gammarus-12345.png","contentUrl":"https:\/\/megapets.eu\/wp-content\/uploads\/2025\/06\/Gammarus-12345.png","width":1053,"height":703},{"@type":"BreadcrumbList","@id":"https:\/\/megapets.eu\/en\/accessories\/package-exotic-herb-mix-40-g-2\/#breadcrumb","itemListElement":[{"@type":"ListItem","position":1,"name":"Homepage","item":"https:\/\/megapets.eu\/en\/home\/"},{"@type":"ListItem","position":2,"name":"Shop","item":"https:\/\/megapets.eu\/en\/shop\/"},{"@type":"ListItem","position":3,"name":"Package \u201cExotic herb mix\u201d 40 g"}]},{"@type":"WebSite","@id":"https:\/\/megapets.eu\/en\/#website","url":"https:\/\/megapets.eu\/en\/","name":"Mega Pets","description":"Jedna z najwi\u0119kszych hodowli \u015blimak\u00f3w w Europie","publisher":{"@id":"https:\/\/megapets.eu\/en\/#organization"},"alternateName":"Mega Pets","potentialAction":[{"@type":"SearchAction","target":{"@type":"EntryPoint","urlTemplate":"https:\/\/megapets.eu\/en\/?s={search_term_string}"},"query-input":{"@type":"PropertyValueSpecification","valueRequired":true,"valueName":"search_term_string"}}],"inLanguage":"en-US"},{"@type":"Organization","@id":"https:\/\/megapets.eu\/en\/#organization","name":"Mega Pets","url":"https:\/\/megapets.eu\/en\/","logo":{"@type":"ImageObject","inLanguage":"en-US","@id":"https:\/\/megapets.eu\/en\/#\/schema\/logo\/image\/","url":"https:\/\/megapets.eu\/wp-content\/uploads\/2025\/04\/megapets_eu-logo.png","contentUrl":"https:\/\/megapets.eu\/wp-content\/uploads\/2025\/04\/megapets_eu-logo.png","width":2362,"height":2362,"caption":"Mega Pets"},"image":{"@id":"https:\/\/megapets.eu\/en\/#\/schema\/logo\/image\/"},"sameAs":["https:\/\/www.facebook.com\/MegaPets.eu\/"]}]}},"_links":{"self":[{"href":"https:\/\/megapets.eu\/en\/wp-json\/wp\/v2\/product\/4820","targetHints":{"allow":["GET"]}}],"collection":[{"href":"https:\/\/megapets.eu\/en\/wp-json\/wp\/v2\/product"}],"about":[{"href":"https:\/\/megapets.eu\/en\/wp-json\/wp\/v2\/types\/product"}],"wp:featuredmedia":[{"embeddable":true,"href":"https:\/\/megapets.eu\/en\/wp-json\/wp\/v2\/media\/4955"}],"wp:attachment":[{"href":"https:\/\/megapets.eu\/en\/wp-json\/wp\/v2\/media?parent=4820"}],"wp:term":[{"taxonomy":"product_cat","embeddable":true,"href":"https:\/\/megapets.eu\/en\/wp-json\/wp\/v2\/product_cat?post=4820"},{"taxonomy":"product_tag","embeddable":true,"href":"https:\/\/megapets.eu\/en\/wp-json\/wp\/v2\/product_tag?post=4820"}],"curies":[{"name":"wp","href":"https:\/\/api.w.org\/{rel}","templated":true}]}}