{"id":9441,"date":"2025-07-02T06:29:13","date_gmt":"2025-07-02T06:29:13","guid":{"rendered":"https:\/\/megapets.eu\/?post_type=product&#038;p=9441"},"modified":"2026-03-28T05:48:51","modified_gmt":"2026-03-28T05:48:51","slug":"archachatina-marginata-ovumsilver-body-p20-pair-kopia","status":"publish","type":"product","link":"https:\/\/megapets.eu\/en\/snails\/archachatina-marginata-ovumsilver-body-p20-pair-kopia\/","title":{"rendered":"Archachatina marginata ovum<br>silver body \/ P20 pair (Kopia)"},"content":{"rendered":"","protected":false},"excerpt":{"rendered":"<ul>\n<li>Target shell size:\n<ul>\n<li>approx. 12-15 cm <\/li>\n<\/ul>\n<\/li>\n<li>From an unrelated couple:\n<ul>\n<li>P20<\/li>\n<\/ul>\n<\/li>\n<li>Offered young specimen:\n<ul>\n<li>approx. 4 cm <\/li>\n<\/ul>\n<\/li>\n<li>The price applies to:\n<ul>\n<li>1 pc<\/li>\n<\/ul>\n<\/li>\n<\/ul>\n","protected":false},"featured_media":9453,"template":"","meta":{"_acf_changed":false,"_links_to":"","_links_to_target":""},"product_cat":[68],"product_tag":[],"class_list":{"0":"post-9441","1":"product","2":"type-product","3":"status-publish","4":"has-post-thumbnail","6":"product_cat-snails","8":"first","9":"outofstock","10":"shipping-taxable","11":"purchasable","12":"product-type-simple"},"acf":[],"yoast_head":"<!-- This site is optimized with the Yoast SEO plugin v24.9 - https:\/\/yoast.com\/wordpress\/plugins\/seo\/ -->\n<title>Archachatina marginata ovumsilver body \/ P20 pair (Kopia) | MegaPets<\/title>\n<meta name=\"robots\" content=\"index, follow, max-snippet:-1, max-image-preview:large, max-video-preview:-1\" \/>\n<link rel=\"canonical\" href=\"https:\/\/megapets.eu\/en\/snails\/archachatina-marginata-ovumsilver-body-p20-pair-kopia\/\" \/>\n<meta property=\"og:locale\" content=\"en_US\" \/>\n<meta property=\"og:type\" content=\"article\" \/>\n<meta property=\"og:title\" content=\"Archachatina marginata ovumsilver body \/ P20 pair (Kopia) | MegaPets\" \/>\n<meta property=\"og:description\" content=\"Target shell size:  approx. 12-15 cm   From an unrelated couple:  P20   Offered young specimen:  approx. 4 cm   The price applies to:  1 pc\" \/>\n<meta property=\"og:url\" content=\"https:\/\/megapets.eu\/en\/snails\/archachatina-marginata-ovumsilver-body-p20-pair-kopia\/\" \/>\n<meta property=\"og:site_name\" content=\"MegaPets\" \/>\n<meta property=\"article:publisher\" content=\"https:\/\/www.facebook.com\/MegaPets.eu\/\" \/>\n<meta property=\"article:modified_time\" content=\"2026-03-28T05:48:51+00:00\" \/>\n<meta property=\"og:image\" content=\"https:\/\/megapets.eu\/wp-content\/uploads\/2025\/07\/1Excel.png\" \/>\n\t<meta property=\"og:image:width\" content=\"1050\" \/>\n\t<meta property=\"og:image:height\" content=\"687\" \/>\n\t<meta property=\"og:image:type\" content=\"image\/png\" \/>\n<meta name=\"twitter:card\" content=\"summary_large_image\" \/>\n<meta name=\"twitter:label1\" content=\"Est. reading time\" \/>\n\t<meta name=\"twitter:data1\" content=\"1 minute\" \/>\n<script type=\"application\/ld+json\" class=\"yoast-schema-graph\">{\"@context\":\"https:\/\/schema.org\",\"@graph\":[{\"@type\":\"WebPage\",\"@id\":\"https:\/\/megapets.eu\/en\/snails\/archachatina-marginata-ovumsilver-body-p20-pair-kopia\/\",\"url\":\"https:\/\/megapets.eu\/en\/snails\/archachatina-marginata-ovumsilver-body-p20-pair-kopia\/\",\"name\":\"Archachatina marginata ovum silver body \/ P20 pair (Kopia) | MegaPets\",\"isPartOf\":{\"@id\":\"https:\/\/megapets.eu\/en\/#website\"},\"primaryImageOfPage\":{\"@id\":\"https:\/\/megapets.eu\/en\/snails\/archachatina-marginata-ovumsilver-body-p20-pair-kopia\/#primaryimage\"},\"image\":{\"@id\":\"https:\/\/megapets.eu\/en\/snails\/archachatina-marginata-ovumsilver-body-p20-pair-kopia\/#primaryimage\"},\"thumbnailUrl\":\"https:\/\/megapets.eu\/wp-content\/uploads\/2025\/07\/1Excel.png\",\"datePublished\":\"2025-07-02T06:29:13+00:00\",\"dateModified\":\"2026-03-28T05:48:51+00:00\",\"breadcrumb\":{\"@id\":\"https:\/\/megapets.eu\/en\/snails\/archachatina-marginata-ovumsilver-body-p20-pair-kopia\/#breadcrumb\"},\"inLanguage\":\"en-US\",\"potentialAction\":[{\"@type\":\"ReadAction\",\"target\":[\"https:\/\/megapets.eu\/en\/snails\/archachatina-marginata-ovumsilver-body-p20-pair-kopia\/\"]}]},{\"@type\":\"ImageObject\",\"inLanguage\":\"en-US\",\"@id\":\"https:\/\/megapets.eu\/en\/snails\/archachatina-marginata-ovumsilver-body-p20-pair-kopia\/#primaryimage\",\"url\":\"https:\/\/megapets.eu\/wp-content\/uploads\/2025\/07\/1Excel.png\",\"contentUrl\":\"https:\/\/megapets.eu\/wp-content\/uploads\/2025\/07\/1Excel.png\",\"width\":1050,\"height\":687},{\"@type\":\"BreadcrumbList\",\"@id\":\"https:\/\/megapets.eu\/en\/snails\/archachatina-marginata-ovumsilver-body-p20-pair-kopia\/#breadcrumb\",\"itemListElement\":[{\"@type\":\"ListItem\",\"position\":1,\"name\":\"Homepage\",\"item\":\"https:\/\/megapets.eu\/en\/home\/\"},{\"@type\":\"ListItem\",\"position\":2,\"name\":\"Shop\",\"item\":\"https:\/\/megapets.eu\/en\/shop\/\"},{\"@type\":\"ListItem\",\"position\":3,\"name\":\"Archachatina marginata ovumsilver body \/ P20 pair (Kopia)\"}]},{\"@type\":\"WebSite\",\"@id\":\"https:\/\/megapets.eu\/en\/#website\",\"url\":\"https:\/\/megapets.eu\/en\/\",\"name\":\"Mega Pets\",\"description\":\"Jedna z najwi\u0119kszych hodowli \u015blimak\u00f3w w Europie\",\"publisher\":{\"@id\":\"https:\/\/megapets.eu\/en\/#organization\"},\"alternateName\":\"Mega Pets\",\"potentialAction\":[{\"@type\":\"SearchAction\",\"target\":{\"@type\":\"EntryPoint\",\"urlTemplate\":\"https:\/\/megapets.eu\/en\/?s={search_term_string}\"},\"query-input\":{\"@type\":\"PropertyValueSpecification\",\"valueRequired\":true,\"valueName\":\"search_term_string\"}}],\"inLanguage\":\"en-US\"},{\"@type\":\"Organization\",\"@id\":\"https:\/\/megapets.eu\/en\/#organization\",\"name\":\"Mega Pets\",\"url\":\"https:\/\/megapets.eu\/en\/\",\"logo\":{\"@type\":\"ImageObject\",\"inLanguage\":\"en-US\",\"@id\":\"https:\/\/megapets.eu\/en\/#\/schema\/logo\/image\/\",\"url\":\"https:\/\/megapets.eu\/wp-content\/uploads\/2025\/04\/megapets_eu-logo.png\",\"contentUrl\":\"https:\/\/megapets.eu\/wp-content\/uploads\/2025\/04\/megapets_eu-logo.png\",\"width\":2362,\"height\":2362,\"caption\":\"Mega Pets\"},\"image\":{\"@id\":\"https:\/\/megapets.eu\/en\/#\/schema\/logo\/image\/\"},\"sameAs\":[\"https:\/\/www.facebook.com\/MegaPets.eu\/\"]}]}<\/script>\n<!-- \/ Yoast SEO plugin. -->","yoast_head_json":{"title":"Archachatina marginata ovumsilver body \/ P20 pair (Kopia) | MegaPets","robots":{"index":"index","follow":"follow","max-snippet":"max-snippet:-1","max-image-preview":"max-image-preview:large","max-video-preview":"max-video-preview:-1"},"canonical":"https:\/\/megapets.eu\/en\/snails\/archachatina-marginata-ovumsilver-body-p20-pair-kopia\/","og_locale":"en_US","og_type":"article","og_title":"Archachatina marginata ovumsilver body \/ P20 pair (Kopia) | MegaPets","og_description":"Target shell size:  approx. 12-15 cm   From an unrelated couple:  P20   Offered young specimen:  approx. 4 cm   The price applies to:  1 pc","og_url":"https:\/\/megapets.eu\/en\/snails\/archachatina-marginata-ovumsilver-body-p20-pair-kopia\/","og_site_name":"MegaPets","article_publisher":"https:\/\/www.facebook.com\/MegaPets.eu\/","article_modified_time":"2026-03-28T05:48:51+00:00","og_image":[{"width":1050,"height":687,"url":"https:\/\/megapets.eu\/wp-content\/uploads\/2025\/07\/1Excel.png","type":"image\/png"}],"twitter_card":"summary_large_image","twitter_misc":{"Est. reading time":"1 minute"},"schema":{"@context":"https:\/\/schema.org","@graph":[{"@type":"WebPage","@id":"https:\/\/megapets.eu\/en\/snails\/archachatina-marginata-ovumsilver-body-p20-pair-kopia\/","url":"https:\/\/megapets.eu\/en\/snails\/archachatina-marginata-ovumsilver-body-p20-pair-kopia\/","name":"Archachatina marginata ovum silver body \/ P20 pair (Kopia) | MegaPets","isPartOf":{"@id":"https:\/\/megapets.eu\/en\/#website"},"primaryImageOfPage":{"@id":"https:\/\/megapets.eu\/en\/snails\/archachatina-marginata-ovumsilver-body-p20-pair-kopia\/#primaryimage"},"image":{"@id":"https:\/\/megapets.eu\/en\/snails\/archachatina-marginata-ovumsilver-body-p20-pair-kopia\/#primaryimage"},"thumbnailUrl":"https:\/\/megapets.eu\/wp-content\/uploads\/2025\/07\/1Excel.png","datePublished":"2025-07-02T06:29:13+00:00","dateModified":"2026-03-28T05:48:51+00:00","breadcrumb":{"@id":"https:\/\/megapets.eu\/en\/snails\/archachatina-marginata-ovumsilver-body-p20-pair-kopia\/#breadcrumb"},"inLanguage":"en-US","potentialAction":[{"@type":"ReadAction","target":["https:\/\/megapets.eu\/en\/snails\/archachatina-marginata-ovumsilver-body-p20-pair-kopia\/"]}]},{"@type":"ImageObject","inLanguage":"en-US","@id":"https:\/\/megapets.eu\/en\/snails\/archachatina-marginata-ovumsilver-body-p20-pair-kopia\/#primaryimage","url":"https:\/\/megapets.eu\/wp-content\/uploads\/2025\/07\/1Excel.png","contentUrl":"https:\/\/megapets.eu\/wp-content\/uploads\/2025\/07\/1Excel.png","width":1050,"height":687},{"@type":"BreadcrumbList","@id":"https:\/\/megapets.eu\/en\/snails\/archachatina-marginata-ovumsilver-body-p20-pair-kopia\/#breadcrumb","itemListElement":[{"@type":"ListItem","position":1,"name":"Homepage","item":"https:\/\/megapets.eu\/en\/home\/"},{"@type":"ListItem","position":2,"name":"Shop","item":"https:\/\/megapets.eu\/en\/shop\/"},{"@type":"ListItem","position":3,"name":"Archachatina marginata ovumsilver body \/ P20 pair (Kopia)"}]},{"@type":"WebSite","@id":"https:\/\/megapets.eu\/en\/#website","url":"https:\/\/megapets.eu\/en\/","name":"Mega Pets","description":"Jedna z najwi\u0119kszych hodowli \u015blimak\u00f3w w Europie","publisher":{"@id":"https:\/\/megapets.eu\/en\/#organization"},"alternateName":"Mega Pets","potentialAction":[{"@type":"SearchAction","target":{"@type":"EntryPoint","urlTemplate":"https:\/\/megapets.eu\/en\/?s={search_term_string}"},"query-input":{"@type":"PropertyValueSpecification","valueRequired":true,"valueName":"search_term_string"}}],"inLanguage":"en-US"},{"@type":"Organization","@id":"https:\/\/megapets.eu\/en\/#organization","name":"Mega Pets","url":"https:\/\/megapets.eu\/en\/","logo":{"@type":"ImageObject","inLanguage":"en-US","@id":"https:\/\/megapets.eu\/en\/#\/schema\/logo\/image\/","url":"https:\/\/megapets.eu\/wp-content\/uploads\/2025\/04\/megapets_eu-logo.png","contentUrl":"https:\/\/megapets.eu\/wp-content\/uploads\/2025\/04\/megapets_eu-logo.png","width":2362,"height":2362,"caption":"Mega Pets"},"image":{"@id":"https:\/\/megapets.eu\/en\/#\/schema\/logo\/image\/"},"sameAs":["https:\/\/www.facebook.com\/MegaPets.eu\/"]}]}},"_links":{"self":[{"href":"https:\/\/megapets.eu\/en\/wp-json\/wp\/v2\/product\/9441","targetHints":{"allow":["GET"]}}],"collection":[{"href":"https:\/\/megapets.eu\/en\/wp-json\/wp\/v2\/product"}],"about":[{"href":"https:\/\/megapets.eu\/en\/wp-json\/wp\/v2\/types\/product"}],"wp:featuredmedia":[{"embeddable":true,"href":"https:\/\/megapets.eu\/en\/wp-json\/wp\/v2\/media\/9453"}],"wp:attachment":[{"href":"https:\/\/megapets.eu\/en\/wp-json\/wp\/v2\/media?parent=9441"}],"wp:term":[{"taxonomy":"product_cat","embeddable":true,"href":"https:\/\/megapets.eu\/en\/wp-json\/wp\/v2\/product_cat?post=9441"},{"taxonomy":"product_tag","embeddable":true,"href":"https:\/\/megapets.eu\/en\/wp-json\/wp\/v2\/product_tag?post=9441"}],"curies":[{"name":"wp","href":"https:\/\/api.w.org\/{rel}","templated":true}]}}