{"id":9536,"date":"2025-07-08T07:15:51","date_gmt":"2025-07-08T07:15:51","guid":{"rendered":"https:\/\/megapets.eu\/?post_type=product&#038;p=9536"},"modified":"2025-09-14T09:54:23","modified_gmt":"2025-09-14T09:54:23","slug":"archachatina-marginata-ovum-xxl-import-wc","status":"publish","type":"product","link":"https:\/\/megapets.eu\/en\/import-and-adult\/archachatina-marginata-ovum-xxl-import-wc\/","title":{"rendered":"Archachatina marginata ovum XXL <br \/> Import WC"},"content":{"rendered":"<p><em>One of the largest land snails, the undisputed giants Archachatina marginata ovum XXL, in the color variety standard.<\/em><\/p>\n<p><em><span class=\"x1xsqp64 xiy17q3 x1o6pynw x19co3pv xdj266r xcwd3tp xat24cr x39eecv x2b8uid\" data-testid=\"emoji\"><span class=\"xexx8yu xn5pp95 x18d9i69 x2fxd7x x3jgonx x1bhl96m\">\u00a0The matte shell does not have a uniform color scheme \u2013 it presents a scale from yellow, orange, brown to black colors and their shades of varying intensity and saturation. The background of the shell is densely dotted with distinct stripes, zigzags and spots. The stripes, zigzags and spots are sometimes so densely distributed that they can almost completely cover the corporeal coil of the shell and give it a deep orange-brown color or significantly darken the shell to intense brown-black shades.<\/span><\/span><\/em><\/p>\n","protected":false},"excerpt":{"rendered":"<ul>\n<li>Offered adult snails (Wild Caught):\n<ul>\n<li>approx. 15-17 cm<\/li>\n<\/ul>\n<\/li>\n<li>The price applies to:\n<ul>\n<li>1 pc<\/li>\n<\/ul>\n<\/li>\n<\/ul>\n","protected":false},"featured_media":9609,"template":"","meta":{"_acf_changed":false,"_links_to":"","_links_to_target":""},"product_cat":[222],"product_tag":[],"class_list":{"0":"post-9536","1":"product","2":"type-product","3":"status-publish","4":"has-post-thumbnail","6":"product_cat-import-and-adult","8":"first","9":"instock","10":"shipping-taxable","11":"purchasable","12":"product-type-simple"},"acf":[],"yoast_head":"<!-- This site is optimized with the Yoast SEO plugin v24.9 - https:\/\/yoast.com\/wordpress\/plugins\/seo\/ -->\n<title>Archachatina marginata ovum XXL  Import WC | MegaPets<\/title>\n<meta name=\"robots\" content=\"index, follow, max-snippet:-1, max-image-preview:large, max-video-preview:-1\" \/>\n<link rel=\"canonical\" href=\"https:\/\/megapets.eu\/en\/import-and-adult\/archachatina-marginata-ovum-xxl-import-wc\/\" \/>\n<meta property=\"og:locale\" content=\"en_US\" \/>\n<meta property=\"og:type\" content=\"article\" \/>\n<meta property=\"og:title\" content=\"Archachatina marginata ovum XXL  Import WC | MegaPets\" \/>\n<meta property=\"og:description\" content=\"Offered adult snails (Wild Caught):   approx. 15-17 cm    The price applies to:   1 pc\" \/>\n<meta property=\"og:url\" content=\"https:\/\/megapets.eu\/en\/import-and-adult\/archachatina-marginata-ovum-xxl-import-wc\/\" \/>\n<meta property=\"og:site_name\" content=\"MegaPets\" \/>\n<meta property=\"article:publisher\" content=\"https:\/\/www.facebook.com\/MegaPets.eu\/\" \/>\n<meta property=\"article:modified_time\" content=\"2025-09-14T09:54:23+00:00\" \/>\n<meta property=\"og:image\" content=\"https:\/\/megapets.eu\/wp-content\/uploads\/2025\/07\/IMG_20190604_113544-scaled.jpg\" \/>\n\t<meta property=\"og:image:width\" content=\"2560\" \/>\n\t<meta property=\"og:image:height\" content=\"1697\" \/>\n\t<meta property=\"og:image:type\" content=\"image\/jpeg\" \/>\n<meta name=\"twitter:card\" content=\"summary_large_image\" \/>\n<meta name=\"twitter:label1\" content=\"Est. reading time\" \/>\n\t<meta name=\"twitter:data1\" content=\"1 minute\" \/>\n<script type=\"application\/ld+json\" class=\"yoast-schema-graph\">{\"@context\":\"https:\/\/schema.org\",\"@graph\":[{\"@type\":\"WebPage\",\"@id\":\"https:\/\/megapets.eu\/en\/import-and-adult\/archachatina-marginata-ovum-xxl-import-wc\/\",\"url\":\"https:\/\/megapets.eu\/en\/import-and-adult\/archachatina-marginata-ovum-xxl-import-wc\/\",\"name\":\"Archachatina marginata ovum XXL Import WC | MegaPets\",\"isPartOf\":{\"@id\":\"https:\/\/megapets.eu\/en\/#website\"},\"primaryImageOfPage\":{\"@id\":\"https:\/\/megapets.eu\/en\/import-and-adult\/archachatina-marginata-ovum-xxl-import-wc\/#primaryimage\"},\"image\":{\"@id\":\"https:\/\/megapets.eu\/en\/import-and-adult\/archachatina-marginata-ovum-xxl-import-wc\/#primaryimage\"},\"thumbnailUrl\":\"https:\/\/megapets.eu\/wp-content\/uploads\/2025\/07\/IMG_20190604_113544-scaled.jpg\",\"datePublished\":\"2025-07-08T07:15:51+00:00\",\"dateModified\":\"2025-09-14T09:54:23+00:00\",\"breadcrumb\":{\"@id\":\"https:\/\/megapets.eu\/en\/import-and-adult\/archachatina-marginata-ovum-xxl-import-wc\/#breadcrumb\"},\"inLanguage\":\"en-US\",\"potentialAction\":[{\"@type\":\"ReadAction\",\"target\":[\"https:\/\/megapets.eu\/en\/import-and-adult\/archachatina-marginata-ovum-xxl-import-wc\/\"]}]},{\"@type\":\"ImageObject\",\"inLanguage\":\"en-US\",\"@id\":\"https:\/\/megapets.eu\/en\/import-and-adult\/archachatina-marginata-ovum-xxl-import-wc\/#primaryimage\",\"url\":\"https:\/\/megapets.eu\/wp-content\/uploads\/2025\/07\/IMG_20190604_113544-scaled.jpg\",\"contentUrl\":\"https:\/\/megapets.eu\/wp-content\/uploads\/2025\/07\/IMG_20190604_113544-scaled.jpg\",\"width\":2560,\"height\":1697},{\"@type\":\"BreadcrumbList\",\"@id\":\"https:\/\/megapets.eu\/en\/import-and-adult\/archachatina-marginata-ovum-xxl-import-wc\/#breadcrumb\",\"itemListElement\":[{\"@type\":\"ListItem\",\"position\":1,\"name\":\"Homepage\",\"item\":\"https:\/\/megapets.eu\/en\/home\/\"},{\"@type\":\"ListItem\",\"position\":2,\"name\":\"Shop\",\"item\":\"https:\/\/megapets.eu\/en\/shop\/\"},{\"@type\":\"ListItem\",\"position\":3,\"name\":\"Archachatina marginata ovum XXL Import WC\"}]},{\"@type\":\"WebSite\",\"@id\":\"https:\/\/megapets.eu\/en\/#website\",\"url\":\"https:\/\/megapets.eu\/en\/\",\"name\":\"Mega Pets\",\"description\":\"Jedna z najwi\u0119kszych hodowli \u015blimak\u00f3w w Europie\",\"publisher\":{\"@id\":\"https:\/\/megapets.eu\/en\/#organization\"},\"alternateName\":\"Mega Pets\",\"potentialAction\":[{\"@type\":\"SearchAction\",\"target\":{\"@type\":\"EntryPoint\",\"urlTemplate\":\"https:\/\/megapets.eu\/en\/?s={search_term_string}\"},\"query-input\":{\"@type\":\"PropertyValueSpecification\",\"valueRequired\":true,\"valueName\":\"search_term_string\"}}],\"inLanguage\":\"en-US\"},{\"@type\":\"Organization\",\"@id\":\"https:\/\/megapets.eu\/en\/#organization\",\"name\":\"Mega Pets\",\"url\":\"https:\/\/megapets.eu\/en\/\",\"logo\":{\"@type\":\"ImageObject\",\"inLanguage\":\"en-US\",\"@id\":\"https:\/\/megapets.eu\/en\/#\/schema\/logo\/image\/\",\"url\":\"https:\/\/megapets.eu\/wp-content\/uploads\/2025\/04\/megapets_eu-logo.png\",\"contentUrl\":\"https:\/\/megapets.eu\/wp-content\/uploads\/2025\/04\/megapets_eu-logo.png\",\"width\":2362,\"height\":2362,\"caption\":\"Mega Pets\"},\"image\":{\"@id\":\"https:\/\/megapets.eu\/en\/#\/schema\/logo\/image\/\"},\"sameAs\":[\"https:\/\/www.facebook.com\/MegaPets.eu\/\"]}]}<\/script>\n<!-- \/ Yoast SEO plugin. -->","yoast_head_json":{"title":"Archachatina marginata ovum XXL  Import WC | MegaPets","robots":{"index":"index","follow":"follow","max-snippet":"max-snippet:-1","max-image-preview":"max-image-preview:large","max-video-preview":"max-video-preview:-1"},"canonical":"https:\/\/megapets.eu\/en\/import-and-adult\/archachatina-marginata-ovum-xxl-import-wc\/","og_locale":"en_US","og_type":"article","og_title":"Archachatina marginata ovum XXL  Import WC | MegaPets","og_description":"Offered adult snails (Wild Caught):   approx. 15-17 cm    The price applies to:   1 pc","og_url":"https:\/\/megapets.eu\/en\/import-and-adult\/archachatina-marginata-ovum-xxl-import-wc\/","og_site_name":"MegaPets","article_publisher":"https:\/\/www.facebook.com\/MegaPets.eu\/","article_modified_time":"2025-09-14T09:54:23+00:00","og_image":[{"width":2560,"height":1697,"url":"https:\/\/megapets.eu\/wp-content\/uploads\/2025\/07\/IMG_20190604_113544-scaled.jpg","type":"image\/jpeg"}],"twitter_card":"summary_large_image","twitter_misc":{"Est. reading time":"1 minute"},"schema":{"@context":"https:\/\/schema.org","@graph":[{"@type":"WebPage","@id":"https:\/\/megapets.eu\/en\/import-and-adult\/archachatina-marginata-ovum-xxl-import-wc\/","url":"https:\/\/megapets.eu\/en\/import-and-adult\/archachatina-marginata-ovum-xxl-import-wc\/","name":"Archachatina marginata ovum XXL Import WC | MegaPets","isPartOf":{"@id":"https:\/\/megapets.eu\/en\/#website"},"primaryImageOfPage":{"@id":"https:\/\/megapets.eu\/en\/import-and-adult\/archachatina-marginata-ovum-xxl-import-wc\/#primaryimage"},"image":{"@id":"https:\/\/megapets.eu\/en\/import-and-adult\/archachatina-marginata-ovum-xxl-import-wc\/#primaryimage"},"thumbnailUrl":"https:\/\/megapets.eu\/wp-content\/uploads\/2025\/07\/IMG_20190604_113544-scaled.jpg","datePublished":"2025-07-08T07:15:51+00:00","dateModified":"2025-09-14T09:54:23+00:00","breadcrumb":{"@id":"https:\/\/megapets.eu\/en\/import-and-adult\/archachatina-marginata-ovum-xxl-import-wc\/#breadcrumb"},"inLanguage":"en-US","potentialAction":[{"@type":"ReadAction","target":["https:\/\/megapets.eu\/en\/import-and-adult\/archachatina-marginata-ovum-xxl-import-wc\/"]}]},{"@type":"ImageObject","inLanguage":"en-US","@id":"https:\/\/megapets.eu\/en\/import-and-adult\/archachatina-marginata-ovum-xxl-import-wc\/#primaryimage","url":"https:\/\/megapets.eu\/wp-content\/uploads\/2025\/07\/IMG_20190604_113544-scaled.jpg","contentUrl":"https:\/\/megapets.eu\/wp-content\/uploads\/2025\/07\/IMG_20190604_113544-scaled.jpg","width":2560,"height":1697},{"@type":"BreadcrumbList","@id":"https:\/\/megapets.eu\/en\/import-and-adult\/archachatina-marginata-ovum-xxl-import-wc\/#breadcrumb","itemListElement":[{"@type":"ListItem","position":1,"name":"Homepage","item":"https:\/\/megapets.eu\/en\/home\/"},{"@type":"ListItem","position":2,"name":"Shop","item":"https:\/\/megapets.eu\/en\/shop\/"},{"@type":"ListItem","position":3,"name":"Archachatina marginata ovum XXL Import WC"}]},{"@type":"WebSite","@id":"https:\/\/megapets.eu\/en\/#website","url":"https:\/\/megapets.eu\/en\/","name":"Mega Pets","description":"Jedna z najwi\u0119kszych hodowli \u015blimak\u00f3w w Europie","publisher":{"@id":"https:\/\/megapets.eu\/en\/#organization"},"alternateName":"Mega Pets","potentialAction":[{"@type":"SearchAction","target":{"@type":"EntryPoint","urlTemplate":"https:\/\/megapets.eu\/en\/?s={search_term_string}"},"query-input":{"@type":"PropertyValueSpecification","valueRequired":true,"valueName":"search_term_string"}}],"inLanguage":"en-US"},{"@type":"Organization","@id":"https:\/\/megapets.eu\/en\/#organization","name":"Mega Pets","url":"https:\/\/megapets.eu\/en\/","logo":{"@type":"ImageObject","inLanguage":"en-US","@id":"https:\/\/megapets.eu\/en\/#\/schema\/logo\/image\/","url":"https:\/\/megapets.eu\/wp-content\/uploads\/2025\/04\/megapets_eu-logo.png","contentUrl":"https:\/\/megapets.eu\/wp-content\/uploads\/2025\/04\/megapets_eu-logo.png","width":2362,"height":2362,"caption":"Mega Pets"},"image":{"@id":"https:\/\/megapets.eu\/en\/#\/schema\/logo\/image\/"},"sameAs":["https:\/\/www.facebook.com\/MegaPets.eu\/"]}]}},"_links":{"self":[{"href":"https:\/\/megapets.eu\/en\/wp-json\/wp\/v2\/product\/9536","targetHints":{"allow":["GET"]}}],"collection":[{"href":"https:\/\/megapets.eu\/en\/wp-json\/wp\/v2\/product"}],"about":[{"href":"https:\/\/megapets.eu\/en\/wp-json\/wp\/v2\/types\/product"}],"wp:featuredmedia":[{"embeddable":true,"href":"https:\/\/megapets.eu\/en\/wp-json\/wp\/v2\/media\/9609"}],"wp:attachment":[{"href":"https:\/\/megapets.eu\/en\/wp-json\/wp\/v2\/media?parent=9536"}],"wp:term":[{"taxonomy":"product_cat","embeddable":true,"href":"https:\/\/megapets.eu\/en\/wp-json\/wp\/v2\/product_cat?post=9536"},{"taxonomy":"product_tag","embeddable":true,"href":"https:\/\/megapets.eu\/en\/wp-json\/wp\/v2\/product_tag?post=9536"}],"curies":[{"name":"wp","href":"https:\/\/api.w.org\/{rel}","templated":true}]}}