{"id":9541,"date":"2025-07-08T11:44:18","date_gmt":"2025-07-08T11:44:18","guid":{"rendered":"https:\/\/megapets.eu\/?post_type=product&#038;p=9541"},"modified":"2026-02-23T06:36:47","modified_gmt":"2026-02-23T06:36:47","slug":"spiropoeus-fischerigiant-black-crocodile-2","status":"publish","type":"product","link":"https:\/\/megapets.eu\/en\/miriapodes\/spiropoeus-fischerigiant-black-crocodile-2\/","title":{"rendered":"Spiropoeus fischeri<br>\u201cGiant black crocodile\u201d"},"content":{"rendered":"<p class=\"v1v1v1v1MsoNormal\"><span style=\"color: #333333;\"><strong><em><span style=\"font-size: 15px;\">Species: <\/span><\/em><\/strong><\/span><span style=\"color: #000000;\"><strong><em><span style=\"font-size: 15px;\">Spiropoeus fischeri \u201cGiant black crocodile\u201d. <\/span><\/em><\/strong><\/span><\/p>\n<p class=\"v1v1v1v1MsoNormal\"><span style=\"color: #333333;\"><strong><em><span style=\"font-size: 15px;\">Easy to maintain, so they are great for beginners.<\/span><\/em><\/strong><\/span><\/p>\n<p><span style=\"font-size: 15px;\"><em><strong><span style=\"color: #000000;\"><span style=\"color: #333333;\">Spiropoeus fischeri giant<\/span> C\ud83d\udda4Z\ud83d\udda4A\ud83d\udda4R\ud83d\udda4N\ud83d\udda4Y <\/span><span style=\"color: #333333;\">crocodile, target adult size about 20 cm.<\/span><\/strong><\/em><\/span><\/p>\n<p><strong style=\"color: #424242;\"><em><span style=\"font-size: 15px;\"><span style=\"color: #424242;\"><span class=\"x1xsqp64 xiy17q3 x1o6pynw x19co3pv xdj266r xcwd3tp xat24cr x39eecv x2b8uid\" data-testid=\"emoji\"><span class=\"xexx8yu xn5pp95 x18d9i69 x2fxd7x x3jgonx x1bhl96m\">\ud83d\udda4\ud83d\udda4\ud83d\udda4 <\/span><\/span><\/span><\/span><span style=\"font-size: 15px;\"><span style=\"color: #424242;\"><strong><span style=\"color: #333333;\">Looking for something cool to breed to start with?<\/span> <\/strong><\/span> <span style=\"color: #000000;\">Crocodiles <strong>Spiropoeus fischeri<\/strong> are beautiful and easy to keep creatures, completely safe for humans, they do not bite. They have weak jaws, which are adapted for grinding plant matter. Crocodiles prefer moist places, live in the top layer of the substrate and feed on leaves, a multi-component substrate designed for crocodile breeding, and vegetables and fruits. <\/span><\/span><\/em><\/strong><\/p>\n","protected":false},"excerpt":{"rendered":"<ul>\n<li>Target size:\n<ul>\n<li>approx. 20 cm<\/li>\n<\/ul>\n<\/li>\n<li>Offered young specimen:\n<ul>\n<li>approx. 10-15 cm<\/li>\n<\/ul>\n<\/li>\n<li>The price applies to:\n<ul>\n<li>1 pc<\/li>\n<\/ul>\n<\/li>\n<\/ul>\n","protected":false},"featured_media":3317,"template":"","meta":{"_acf_changed":false,"_links_to":"","_links_to_target":""},"product_cat":[77],"product_tag":[],"class_list":{"0":"post-9541","1":"product","2":"type-product","3":"status-publish","4":"has-post-thumbnail","6":"product_cat-miriapodes","8":"first","9":"outofstock","10":"shipping-taxable","11":"purchasable","12":"product-type-simple"},"acf":[],"yoast_head":"<!-- This site is optimized with the Yoast SEO plugin v24.9 - https:\/\/yoast.com\/wordpress\/plugins\/seo\/ -->\n<title>Spiropoeus fischeri\u201cGiant black crocodile\u201d | MegaPets<\/title>\n<meta name=\"robots\" content=\"index, follow, max-snippet:-1, max-image-preview:large, max-video-preview:-1\" \/>\n<link rel=\"canonical\" href=\"https:\/\/megapets.eu\/en\/miriapodes\/spiropoeus-fischerigiant-black-crocodile-2\/\" \/>\n<meta property=\"og:locale\" content=\"en_US\" \/>\n<meta property=\"og:type\" content=\"article\" \/>\n<meta property=\"og:title\" content=\"Spiropoeus fischeri\u201cGiant black crocodile\u201d | MegaPets\" \/>\n<meta property=\"og:description\" content=\"Target size:   approx. 20 cm    Offered young specimen:   approx. 10-15 cm    The price applies to:   1 pc\" \/>\n<meta property=\"og:url\" content=\"https:\/\/megapets.eu\/en\/miriapodes\/spiropoeus-fischerigiant-black-crocodile-2\/\" \/>\n<meta property=\"og:site_name\" content=\"MegaPets\" \/>\n<meta property=\"article:publisher\" content=\"https:\/\/www.facebook.com\/MegaPets.eu\/\" \/>\n<meta property=\"article:modified_time\" content=\"2026-02-23T06:36:47+00:00\" \/>\n<meta property=\"og:image\" content=\"https:\/\/megapets.eu\/wp-content\/uploads\/2024\/10\/IMG_20220926_125351-scaled.jpg\" \/>\n\t<meta property=\"og:image:width\" content=\"2560\" \/>\n\t<meta property=\"og:image:height\" content=\"1706\" \/>\n\t<meta property=\"og:image:type\" content=\"image\/jpeg\" \/>\n<meta name=\"twitter:card\" content=\"summary_large_image\" \/>\n<meta name=\"twitter:label1\" content=\"Est. reading time\" \/>\n\t<meta name=\"twitter:data1\" content=\"1 minute\" \/>\n<script type=\"application\/ld+json\" class=\"yoast-schema-graph\">{\"@context\":\"https:\/\/schema.org\",\"@graph\":[{\"@type\":\"WebPage\",\"@id\":\"https:\/\/megapets.eu\/en\/miriapodes\/spiropoeus-fischerigiant-black-crocodile-2\/\",\"url\":\"https:\/\/megapets.eu\/en\/miriapodes\/spiropoeus-fischerigiant-black-crocodile-2\/\",\"name\":\"Spiropoeus fischeri \u201cGiant black crocodile\u201d | MegaPets\",\"isPartOf\":{\"@id\":\"https:\/\/megapets.eu\/en\/#website\"},\"primaryImageOfPage\":{\"@id\":\"https:\/\/megapets.eu\/en\/miriapodes\/spiropoeus-fischerigiant-black-crocodile-2\/#primaryimage\"},\"image\":{\"@id\":\"https:\/\/megapets.eu\/en\/miriapodes\/spiropoeus-fischerigiant-black-crocodile-2\/#primaryimage\"},\"thumbnailUrl\":\"https:\/\/megapets.eu\/wp-content\/uploads\/2024\/10\/IMG_20220926_125351-scaled.jpg\",\"datePublished\":\"2025-07-08T11:44:18+00:00\",\"dateModified\":\"2026-02-23T06:36:47+00:00\",\"breadcrumb\":{\"@id\":\"https:\/\/megapets.eu\/en\/miriapodes\/spiropoeus-fischerigiant-black-crocodile-2\/#breadcrumb\"},\"inLanguage\":\"en-US\",\"potentialAction\":[{\"@type\":\"ReadAction\",\"target\":[\"https:\/\/megapets.eu\/en\/miriapodes\/spiropoeus-fischerigiant-black-crocodile-2\/\"]}]},{\"@type\":\"ImageObject\",\"inLanguage\":\"en-US\",\"@id\":\"https:\/\/megapets.eu\/en\/miriapodes\/spiropoeus-fischerigiant-black-crocodile-2\/#primaryimage\",\"url\":\"https:\/\/megapets.eu\/wp-content\/uploads\/2024\/10\/IMG_20220926_125351-scaled.jpg\",\"contentUrl\":\"https:\/\/megapets.eu\/wp-content\/uploads\/2024\/10\/IMG_20220926_125351-scaled.jpg\",\"width\":2560,\"height\":1706},{\"@type\":\"BreadcrumbList\",\"@id\":\"https:\/\/megapets.eu\/en\/miriapodes\/spiropoeus-fischerigiant-black-crocodile-2\/#breadcrumb\",\"itemListElement\":[{\"@type\":\"ListItem\",\"position\":1,\"name\":\"Homepage\",\"item\":\"https:\/\/megapets.eu\/en\/home\/\"},{\"@type\":\"ListItem\",\"position\":2,\"name\":\"Shop\",\"item\":\"https:\/\/megapets.eu\/en\/shop\/\"},{\"@type\":\"ListItem\",\"position\":3,\"name\":\"Spiropoeus fischeri\u201cGiant black crocodile\u201d\"}]},{\"@type\":\"WebSite\",\"@id\":\"https:\/\/megapets.eu\/en\/#website\",\"url\":\"https:\/\/megapets.eu\/en\/\",\"name\":\"Mega Pets\",\"description\":\"Jedna z najwi\u0119kszych hodowli \u015blimak\u00f3w w Europie\",\"publisher\":{\"@id\":\"https:\/\/megapets.eu\/en\/#organization\"},\"alternateName\":\"Mega Pets\",\"potentialAction\":[{\"@type\":\"SearchAction\",\"target\":{\"@type\":\"EntryPoint\",\"urlTemplate\":\"https:\/\/megapets.eu\/en\/?s={search_term_string}\"},\"query-input\":{\"@type\":\"PropertyValueSpecification\",\"valueRequired\":true,\"valueName\":\"search_term_string\"}}],\"inLanguage\":\"en-US\"},{\"@type\":\"Organization\",\"@id\":\"https:\/\/megapets.eu\/en\/#organization\",\"name\":\"Mega Pets\",\"url\":\"https:\/\/megapets.eu\/en\/\",\"logo\":{\"@type\":\"ImageObject\",\"inLanguage\":\"en-US\",\"@id\":\"https:\/\/megapets.eu\/en\/#\/schema\/logo\/image\/\",\"url\":\"https:\/\/megapets.eu\/wp-content\/uploads\/2025\/04\/megapets_eu-logo.png\",\"contentUrl\":\"https:\/\/megapets.eu\/wp-content\/uploads\/2025\/04\/megapets_eu-logo.png\",\"width\":2362,\"height\":2362,\"caption\":\"Mega Pets\"},\"image\":{\"@id\":\"https:\/\/megapets.eu\/en\/#\/schema\/logo\/image\/\"},\"sameAs\":[\"https:\/\/www.facebook.com\/MegaPets.eu\/\"]}]}<\/script>\n<!-- \/ Yoast SEO plugin. -->","yoast_head_json":{"title":"Spiropoeus fischeri\u201cGiant black crocodile\u201d | MegaPets","robots":{"index":"index","follow":"follow","max-snippet":"max-snippet:-1","max-image-preview":"max-image-preview:large","max-video-preview":"max-video-preview:-1"},"canonical":"https:\/\/megapets.eu\/en\/miriapodes\/spiropoeus-fischerigiant-black-crocodile-2\/","og_locale":"en_US","og_type":"article","og_title":"Spiropoeus fischeri\u201cGiant black crocodile\u201d | MegaPets","og_description":"Target size:   approx. 20 cm    Offered young specimen:   approx. 10-15 cm    The price applies to:   1 pc","og_url":"https:\/\/megapets.eu\/en\/miriapodes\/spiropoeus-fischerigiant-black-crocodile-2\/","og_site_name":"MegaPets","article_publisher":"https:\/\/www.facebook.com\/MegaPets.eu\/","article_modified_time":"2026-02-23T06:36:47+00:00","og_image":[{"width":2560,"height":1706,"url":"https:\/\/megapets.eu\/wp-content\/uploads\/2024\/10\/IMG_20220926_125351-scaled.jpg","type":"image\/jpeg"}],"twitter_card":"summary_large_image","twitter_misc":{"Est. reading time":"1 minute"},"schema":{"@context":"https:\/\/schema.org","@graph":[{"@type":"WebPage","@id":"https:\/\/megapets.eu\/en\/miriapodes\/spiropoeus-fischerigiant-black-crocodile-2\/","url":"https:\/\/megapets.eu\/en\/miriapodes\/spiropoeus-fischerigiant-black-crocodile-2\/","name":"Spiropoeus fischeri \u201cGiant black crocodile\u201d | MegaPets","isPartOf":{"@id":"https:\/\/megapets.eu\/en\/#website"},"primaryImageOfPage":{"@id":"https:\/\/megapets.eu\/en\/miriapodes\/spiropoeus-fischerigiant-black-crocodile-2\/#primaryimage"},"image":{"@id":"https:\/\/megapets.eu\/en\/miriapodes\/spiropoeus-fischerigiant-black-crocodile-2\/#primaryimage"},"thumbnailUrl":"https:\/\/megapets.eu\/wp-content\/uploads\/2024\/10\/IMG_20220926_125351-scaled.jpg","datePublished":"2025-07-08T11:44:18+00:00","dateModified":"2026-02-23T06:36:47+00:00","breadcrumb":{"@id":"https:\/\/megapets.eu\/en\/miriapodes\/spiropoeus-fischerigiant-black-crocodile-2\/#breadcrumb"},"inLanguage":"en-US","potentialAction":[{"@type":"ReadAction","target":["https:\/\/megapets.eu\/en\/miriapodes\/spiropoeus-fischerigiant-black-crocodile-2\/"]}]},{"@type":"ImageObject","inLanguage":"en-US","@id":"https:\/\/megapets.eu\/en\/miriapodes\/spiropoeus-fischerigiant-black-crocodile-2\/#primaryimage","url":"https:\/\/megapets.eu\/wp-content\/uploads\/2024\/10\/IMG_20220926_125351-scaled.jpg","contentUrl":"https:\/\/megapets.eu\/wp-content\/uploads\/2024\/10\/IMG_20220926_125351-scaled.jpg","width":2560,"height":1706},{"@type":"BreadcrumbList","@id":"https:\/\/megapets.eu\/en\/miriapodes\/spiropoeus-fischerigiant-black-crocodile-2\/#breadcrumb","itemListElement":[{"@type":"ListItem","position":1,"name":"Homepage","item":"https:\/\/megapets.eu\/en\/home\/"},{"@type":"ListItem","position":2,"name":"Shop","item":"https:\/\/megapets.eu\/en\/shop\/"},{"@type":"ListItem","position":3,"name":"Spiropoeus fischeri\u201cGiant black crocodile\u201d"}]},{"@type":"WebSite","@id":"https:\/\/megapets.eu\/en\/#website","url":"https:\/\/megapets.eu\/en\/","name":"Mega Pets","description":"Jedna z najwi\u0119kszych hodowli \u015blimak\u00f3w w Europie","publisher":{"@id":"https:\/\/megapets.eu\/en\/#organization"},"alternateName":"Mega Pets","potentialAction":[{"@type":"SearchAction","target":{"@type":"EntryPoint","urlTemplate":"https:\/\/megapets.eu\/en\/?s={search_term_string}"},"query-input":{"@type":"PropertyValueSpecification","valueRequired":true,"valueName":"search_term_string"}}],"inLanguage":"en-US"},{"@type":"Organization","@id":"https:\/\/megapets.eu\/en\/#organization","name":"Mega Pets","url":"https:\/\/megapets.eu\/en\/","logo":{"@type":"ImageObject","inLanguage":"en-US","@id":"https:\/\/megapets.eu\/en\/#\/schema\/logo\/image\/","url":"https:\/\/megapets.eu\/wp-content\/uploads\/2025\/04\/megapets_eu-logo.png","contentUrl":"https:\/\/megapets.eu\/wp-content\/uploads\/2025\/04\/megapets_eu-logo.png","width":2362,"height":2362,"caption":"Mega Pets"},"image":{"@id":"https:\/\/megapets.eu\/en\/#\/schema\/logo\/image\/"},"sameAs":["https:\/\/www.facebook.com\/MegaPets.eu\/"]}]}},"_links":{"self":[{"href":"https:\/\/megapets.eu\/en\/wp-json\/wp\/v2\/product\/9541","targetHints":{"allow":["GET"]}}],"collection":[{"href":"https:\/\/megapets.eu\/en\/wp-json\/wp\/v2\/product"}],"about":[{"href":"https:\/\/megapets.eu\/en\/wp-json\/wp\/v2\/types\/product"}],"wp:featuredmedia":[{"embeddable":true,"href":"https:\/\/megapets.eu\/en\/wp-json\/wp\/v2\/media\/3317"}],"wp:attachment":[{"href":"https:\/\/megapets.eu\/en\/wp-json\/wp\/v2\/media?parent=9541"}],"wp:term":[{"taxonomy":"product_cat","embeddable":true,"href":"https:\/\/megapets.eu\/en\/wp-json\/wp\/v2\/product_cat?post=9541"},{"taxonomy":"product_tag","embeddable":true,"href":"https:\/\/megapets.eu\/en\/wp-json\/wp\/v2\/product_tag?post=9541"}],"curies":[{"name":"wp","href":"https:\/\/api.w.org\/{rel}","templated":true}]}}