{"id":9567,"date":"2025-07-09T06:39:32","date_gmt":"2025-07-09T06:39:32","guid":{"rendered":"https:\/\/megapets.eu\/?post_type=product&#038;p=9567"},"modified":"2025-07-09T06:49:10","modified_gmt":"2025-07-09T06:49:10","slug":"coromus-diaphorusgolden-margin-millipede-kopia","status":"publish","type":"product","link":"https:\/\/megapets.eu\/en\/miriapodes\/coromus-diaphorusgolden-margin-millipede-kopia\/","title":{"rendered":"Coromus diaphorus<br>\u201cGolden-margin Millipede\u201d (Kopia)"},"content":{"rendered":"<p class=\"v1v1v1v1MsoNormal\"><span style=\"color: #d94890;\"><strong><em><span style=\"font-size: 15px;\"><span style=\"color: #424242;\">Species:<\/span> <span style=\"color: #ff6600;\"><span style=\"color: #333333;\">Coromus diaphorus vortices \u201c<\/span><span style=\"color: #ff9900;\">Golden-margin<\/span> <span style=\"color: #333333;\">Millipede\u201d.<\/span><\/span><\/span><\/em><\/strong><\/span><\/p>\n<p class=\"v1v1v1v1MsoNormal\"><span style=\"color: #424242;\"><strong><em><span style=\"font-size: 15px;\">Easy to maintain, so they are great for beginners.<\/span><\/em><\/strong><\/span><\/p>\n<p><span style=\"color: #d94890;\"><strong><em><span style=\"font-size: 15px;\"><span style=\"color: #333333;\">Coromus diaphorus <\/span><span style=\"color: #ff6600;\"><span style=\"color: #333333;\">\u201c<\/span><span style=\"color: #ff9900;\">Golden-margin<\/span><\/span> <span style=\"color: #333333;\">Millipede\u201d <\/span><\/span><\/em><\/strong><\/span><span style=\"color: #333333;\"><strong><em><span style=\"font-size: 15px;\">are large charming wrigglers of golden-black coloration.<\/span><\/em><\/strong><\/span><\/p>\n<p class=\"v1v1v1v1MsoNormal\"><span style=\"color: #424242;\"><em>\ud83d\udc9b\ud83d\udc9b\ud83d\udc9b<\/em> <strong><em><span style=\"font-size: 15px;\">Looking for something cool to breed to start with? <span style=\"color: #d94890;\"><span style=\"color: #333333;\">Coromus diaphorus <\/span><span style=\"color: #ff6600;\"><span style=\"color: #333333;\">\u201c<\/span><span style=\"color: #ff9900;\">Golden-margin<\/span><\/span> <span style=\"color: #333333;\">Millipede\u201d<\/span><\/span><\/span><\/em><\/strong><\/span><span style=\"color: #333333;\"><strong><em><span style=\"font-size: 15px;\"> <span style=\"color: #333333;\">  are large whirligigs with golden-black coloration, the size of an adult about 8 cm. Coromus diaphorus whirlwinds are beautiful and easy to keep creatures, completely safe for humans, they do not bite. They have weak jaws, which are adapted for grinding plant matter. The whirlwinds prefer moist places, live in the top layer of the substrate and feed on leaves, a multi-component substrate designed for crocodiles and whirlwinds, and vegetables and fruits.     <\/span><\/span><\/em><\/strong><\/span><\/p>\n","protected":false},"excerpt":{"rendered":"<ul>\n<li>Target size:\n<ul>\n<li>approximately 8 cm<\/li>\n<\/ul>\n<\/li>\n<li>Offered young specimen:\n<ul>\n<li>approx. 2-3 cm <\/li>\n<\/ul>\n<\/li>\n<li>The price applies to:\n<ul>\n<li>1 pc<\/li>\n<\/ul>\n<\/li>\n<\/ul>\n","protected":false},"featured_media":9589,"template":"","meta":{"_acf_changed":false,"_links_to":"","_links_to_target":""},"product_cat":[77],"product_tag":[],"class_list":{"0":"post-9567","1":"product","2":"type-product","3":"status-publish","4":"has-post-thumbnail","6":"product_cat-miriapodes","8":"first","9":"outofstock","10":"shipping-taxable","11":"purchasable","12":"product-type-simple"},"acf":[],"yoast_head":"<!-- This site is optimized with the Yoast SEO plugin v24.9 - https:\/\/yoast.com\/wordpress\/plugins\/seo\/ -->\n<title>Coromus diaphorus\u201cGolden-margin Millipede\u201d (Kopia) | MegaPets<\/title>\n<meta name=\"robots\" content=\"index, follow, max-snippet:-1, max-image-preview:large, max-video-preview:-1\" \/>\n<link rel=\"canonical\" href=\"https:\/\/megapets.eu\/en\/miriapodes\/coromus-diaphorusgolden-margin-millipede-kopia\/\" \/>\n<meta property=\"og:locale\" content=\"en_US\" \/>\n<meta property=\"og:type\" content=\"article\" \/>\n<meta property=\"og:title\" content=\"Coromus diaphorus\u201cGolden-margin Millipede\u201d (Kopia) | MegaPets\" \/>\n<meta property=\"og:description\" content=\"Target size:  approximately 8 cm   Offered young specimen:  approx. 2-3 cm   The price applies to:  1 pc\" \/>\n<meta property=\"og:url\" content=\"https:\/\/megapets.eu\/en\/miriapodes\/coromus-diaphorusgolden-margin-millipede-kopia\/\" \/>\n<meta property=\"og:site_name\" content=\"MegaPets\" \/>\n<meta property=\"article:publisher\" content=\"https:\/\/www.facebook.com\/MegaPets.eu\/\" \/>\n<meta property=\"article:modified_time\" content=\"2025-07-09T06:49:10+00:00\" \/>\n<meta property=\"og:image\" content=\"https:\/\/megapets.eu\/wp-content\/uploads\/2025\/07\/876543.png\" \/>\n\t<meta property=\"og:image:width\" content=\"1048\" \/>\n\t<meta property=\"og:image:height\" content=\"691\" \/>\n\t<meta property=\"og:image:type\" content=\"image\/png\" \/>\n<meta name=\"twitter:card\" content=\"summary_large_image\" \/>\n<meta name=\"twitter:label1\" content=\"Est. reading time\" \/>\n\t<meta name=\"twitter:data1\" content=\"1 minute\" \/>\n<script type=\"application\/ld+json\" class=\"yoast-schema-graph\">{\"@context\":\"https:\/\/schema.org\",\"@graph\":[{\"@type\":\"WebPage\",\"@id\":\"https:\/\/megapets.eu\/en\/miriapodes\/coromus-diaphorusgolden-margin-millipede-kopia\/\",\"url\":\"https:\/\/megapets.eu\/en\/miriapodes\/coromus-diaphorusgolden-margin-millipede-kopia\/\",\"name\":\"Coromus diaphorus \u201cGolden-margin Millipede\u201d (Kopia) | MegaPets\",\"isPartOf\":{\"@id\":\"https:\/\/megapets.eu\/en\/#website\"},\"primaryImageOfPage\":{\"@id\":\"https:\/\/megapets.eu\/en\/miriapodes\/coromus-diaphorusgolden-margin-millipede-kopia\/#primaryimage\"},\"image\":{\"@id\":\"https:\/\/megapets.eu\/en\/miriapodes\/coromus-diaphorusgolden-margin-millipede-kopia\/#primaryimage\"},\"thumbnailUrl\":\"https:\/\/megapets.eu\/wp-content\/uploads\/2025\/07\/7654.png\",\"datePublished\":\"2025-07-09T06:39:32+00:00\",\"dateModified\":\"2025-07-09T06:49:10+00:00\",\"breadcrumb\":{\"@id\":\"https:\/\/megapets.eu\/en\/miriapodes\/coromus-diaphorusgolden-margin-millipede-kopia\/#breadcrumb\"},\"inLanguage\":\"en-US\",\"potentialAction\":[{\"@type\":\"ReadAction\",\"target\":[\"https:\/\/megapets.eu\/en\/miriapodes\/coromus-diaphorusgolden-margin-millipede-kopia\/\"]}]},{\"@type\":\"ImageObject\",\"inLanguage\":\"en-US\",\"@id\":\"https:\/\/megapets.eu\/en\/miriapodes\/coromus-diaphorusgolden-margin-millipede-kopia\/#primaryimage\",\"url\":\"https:\/\/megapets.eu\/wp-content\/uploads\/2025\/07\/7654.png\",\"contentUrl\":\"https:\/\/megapets.eu\/wp-content\/uploads\/2025\/07\/7654.png\",\"width\":1049,\"height\":689},{\"@type\":\"BreadcrumbList\",\"@id\":\"https:\/\/megapets.eu\/en\/miriapodes\/coromus-diaphorusgolden-margin-millipede-kopia\/#breadcrumb\",\"itemListElement\":[{\"@type\":\"ListItem\",\"position\":1,\"name\":\"Homepage\",\"item\":\"https:\/\/megapets.eu\/en\/home\/\"},{\"@type\":\"ListItem\",\"position\":2,\"name\":\"Shop\",\"item\":\"https:\/\/megapets.eu\/en\/shop\/\"},{\"@type\":\"ListItem\",\"position\":3,\"name\":\"Coromus diaphorus\u201cGolden-margin Millipede\u201d (Kopia)\"}]},{\"@type\":\"WebSite\",\"@id\":\"https:\/\/megapets.eu\/en\/#website\",\"url\":\"https:\/\/megapets.eu\/en\/\",\"name\":\"Mega Pets\",\"description\":\"Jedna z najwi\u0119kszych hodowli \u015blimak\u00f3w w Europie\",\"publisher\":{\"@id\":\"https:\/\/megapets.eu\/en\/#organization\"},\"alternateName\":\"Mega Pets\",\"potentialAction\":[{\"@type\":\"SearchAction\",\"target\":{\"@type\":\"EntryPoint\",\"urlTemplate\":\"https:\/\/megapets.eu\/en\/?s={search_term_string}\"},\"query-input\":{\"@type\":\"PropertyValueSpecification\",\"valueRequired\":true,\"valueName\":\"search_term_string\"}}],\"inLanguage\":\"en-US\"},{\"@type\":\"Organization\",\"@id\":\"https:\/\/megapets.eu\/en\/#organization\",\"name\":\"Mega Pets\",\"url\":\"https:\/\/megapets.eu\/en\/\",\"logo\":{\"@type\":\"ImageObject\",\"inLanguage\":\"en-US\",\"@id\":\"https:\/\/megapets.eu\/en\/#\/schema\/logo\/image\/\",\"url\":\"https:\/\/megapets.eu\/wp-content\/uploads\/2025\/04\/megapets_eu-logo.png\",\"contentUrl\":\"https:\/\/megapets.eu\/wp-content\/uploads\/2025\/04\/megapets_eu-logo.png\",\"width\":2362,\"height\":2362,\"caption\":\"Mega Pets\"},\"image\":{\"@id\":\"https:\/\/megapets.eu\/en\/#\/schema\/logo\/image\/\"},\"sameAs\":[\"https:\/\/www.facebook.com\/MegaPets.eu\/\"]}]}<\/script>\n<!-- \/ Yoast SEO plugin. -->","yoast_head_json":{"title":"Coromus diaphorus\u201cGolden-margin Millipede\u201d (Kopia) | MegaPets","robots":{"index":"index","follow":"follow","max-snippet":"max-snippet:-1","max-image-preview":"max-image-preview:large","max-video-preview":"max-video-preview:-1"},"canonical":"https:\/\/megapets.eu\/en\/miriapodes\/coromus-diaphorusgolden-margin-millipede-kopia\/","og_locale":"en_US","og_type":"article","og_title":"Coromus diaphorus\u201cGolden-margin Millipede\u201d (Kopia) | MegaPets","og_description":"Target size:  approximately 8 cm   Offered young specimen:  approx. 2-3 cm   The price applies to:  1 pc","og_url":"https:\/\/megapets.eu\/en\/miriapodes\/coromus-diaphorusgolden-margin-millipede-kopia\/","og_site_name":"MegaPets","article_publisher":"https:\/\/www.facebook.com\/MegaPets.eu\/","article_modified_time":"2025-07-09T06:49:10+00:00","og_image":[{"width":1048,"height":691,"url":"https:\/\/megapets.eu\/wp-content\/uploads\/2025\/07\/876543.png","type":"image\/png"}],"twitter_card":"summary_large_image","twitter_misc":{"Est. reading time":"1 minute"},"schema":{"@context":"https:\/\/schema.org","@graph":[{"@type":"WebPage","@id":"https:\/\/megapets.eu\/en\/miriapodes\/coromus-diaphorusgolden-margin-millipede-kopia\/","url":"https:\/\/megapets.eu\/en\/miriapodes\/coromus-diaphorusgolden-margin-millipede-kopia\/","name":"Coromus diaphorus \u201cGolden-margin Millipede\u201d (Kopia) | MegaPets","isPartOf":{"@id":"https:\/\/megapets.eu\/en\/#website"},"primaryImageOfPage":{"@id":"https:\/\/megapets.eu\/en\/miriapodes\/coromus-diaphorusgolden-margin-millipede-kopia\/#primaryimage"},"image":{"@id":"https:\/\/megapets.eu\/en\/miriapodes\/coromus-diaphorusgolden-margin-millipede-kopia\/#primaryimage"},"thumbnailUrl":"https:\/\/megapets.eu\/wp-content\/uploads\/2025\/07\/7654.png","datePublished":"2025-07-09T06:39:32+00:00","dateModified":"2025-07-09T06:49:10+00:00","breadcrumb":{"@id":"https:\/\/megapets.eu\/en\/miriapodes\/coromus-diaphorusgolden-margin-millipede-kopia\/#breadcrumb"},"inLanguage":"en-US","potentialAction":[{"@type":"ReadAction","target":["https:\/\/megapets.eu\/en\/miriapodes\/coromus-diaphorusgolden-margin-millipede-kopia\/"]}]},{"@type":"ImageObject","inLanguage":"en-US","@id":"https:\/\/megapets.eu\/en\/miriapodes\/coromus-diaphorusgolden-margin-millipede-kopia\/#primaryimage","url":"https:\/\/megapets.eu\/wp-content\/uploads\/2025\/07\/7654.png","contentUrl":"https:\/\/megapets.eu\/wp-content\/uploads\/2025\/07\/7654.png","width":1049,"height":689},{"@type":"BreadcrumbList","@id":"https:\/\/megapets.eu\/en\/miriapodes\/coromus-diaphorusgolden-margin-millipede-kopia\/#breadcrumb","itemListElement":[{"@type":"ListItem","position":1,"name":"Homepage","item":"https:\/\/megapets.eu\/en\/home\/"},{"@type":"ListItem","position":2,"name":"Shop","item":"https:\/\/megapets.eu\/en\/shop\/"},{"@type":"ListItem","position":3,"name":"Coromus diaphorus\u201cGolden-margin Millipede\u201d (Kopia)"}]},{"@type":"WebSite","@id":"https:\/\/megapets.eu\/en\/#website","url":"https:\/\/megapets.eu\/en\/","name":"Mega Pets","description":"Jedna z najwi\u0119kszych hodowli \u015blimak\u00f3w w Europie","publisher":{"@id":"https:\/\/megapets.eu\/en\/#organization"},"alternateName":"Mega Pets","potentialAction":[{"@type":"SearchAction","target":{"@type":"EntryPoint","urlTemplate":"https:\/\/megapets.eu\/en\/?s={search_term_string}"},"query-input":{"@type":"PropertyValueSpecification","valueRequired":true,"valueName":"search_term_string"}}],"inLanguage":"en-US"},{"@type":"Organization","@id":"https:\/\/megapets.eu\/en\/#organization","name":"Mega Pets","url":"https:\/\/megapets.eu\/en\/","logo":{"@type":"ImageObject","inLanguage":"en-US","@id":"https:\/\/megapets.eu\/en\/#\/schema\/logo\/image\/","url":"https:\/\/megapets.eu\/wp-content\/uploads\/2025\/04\/megapets_eu-logo.png","contentUrl":"https:\/\/megapets.eu\/wp-content\/uploads\/2025\/04\/megapets_eu-logo.png","width":2362,"height":2362,"caption":"Mega Pets"},"image":{"@id":"https:\/\/megapets.eu\/en\/#\/schema\/logo\/image\/"},"sameAs":["https:\/\/www.facebook.com\/MegaPets.eu\/"]}]}},"_links":{"self":[{"href":"https:\/\/megapets.eu\/en\/wp-json\/wp\/v2\/product\/9567","targetHints":{"allow":["GET"]}}],"collection":[{"href":"https:\/\/megapets.eu\/en\/wp-json\/wp\/v2\/product"}],"about":[{"href":"https:\/\/megapets.eu\/en\/wp-json\/wp\/v2\/types\/product"}],"wp:featuredmedia":[{"embeddable":true,"href":"https:\/\/megapets.eu\/en\/wp-json\/wp\/v2\/media\/9589"}],"wp:attachment":[{"href":"https:\/\/megapets.eu\/en\/wp-json\/wp\/v2\/media?parent=9567"}],"wp:term":[{"taxonomy":"product_cat","embeddable":true,"href":"https:\/\/megapets.eu\/en\/wp-json\/wp\/v2\/product_cat?post=9567"},{"taxonomy":"product_tag","embeddable":true,"href":"https:\/\/megapets.eu\/en\/wp-json\/wp\/v2\/product_tag?post=9567"}],"curies":[{"name":"wp","href":"https:\/\/api.w.org\/{rel}","templated":true}]}}