{"id":9640,"date":"2025-07-11T06:30:31","date_gmt":"2025-07-11T06:30:31","guid":{"rendered":"https:\/\/megapets.eu\/?post_type=product&#038;p=9640"},"modified":"2025-10-21T16:00:11","modified_gmt":"2025-10-21T16:00:11","slug":"lissachatina-fulica-albino-subadult-cb","status":"publish","type":"product","link":"https:\/\/megapets.eu\/en\/import-and-adult\/lissachatina-fulica-albino-subadult-cb\/","title":{"rendered":"Lissachatina fulica albino <br \/> Subadult CB"},"content":{"rendered":"<p><em>The species Lissachatina fulica is one of the most popular and well-known African snails among beginners. This species is active and resistant to breeding mistakes. For this reason, it is often recommended as the first species with which to begin the snail adventure. Lissachatina fulica albino body grows quite fast, the shell size of an adult of this species is about 12-15 cm.<\/em><\/p>\n","protected":false},"excerpt":{"rendered":"<ul>\n<li>Offered subadult snails (CB):\n<ul>\n<li>approx. 8-10 cm<\/li>\n<\/ul>\n<\/li>\n<li>The price applies to:\n<ul>\n<li>1 pc<\/li>\n<\/ul>\n<\/li>\n<\/ul>\n","protected":false},"featured_media":10476,"template":"","meta":{"_acf_changed":false,"_links_to":"","_links_to_target":""},"product_cat":[222],"product_tag":[],"class_list":{"0":"post-9640","1":"product","2":"type-product","3":"status-publish","4":"has-post-thumbnail","6":"product_cat-import-and-adult","8":"first","9":"outofstock","10":"shipping-taxable","11":"purchasable","12":"product-type-simple"},"acf":[],"yoast_head":"<!-- This site is optimized with the Yoast SEO plugin v24.9 - https:\/\/yoast.com\/wordpress\/plugins\/seo\/ -->\n<title>Lissachatina fulica albino  Subadult CB | MegaPets<\/title>\n<meta name=\"robots\" content=\"index, follow, max-snippet:-1, max-image-preview:large, max-video-preview:-1\" \/>\n<link rel=\"canonical\" href=\"https:\/\/megapets.eu\/en\/import-and-adult\/lissachatina-fulica-albino-subadult-cb\/\" \/>\n<meta property=\"og:locale\" content=\"en_US\" \/>\n<meta property=\"og:type\" content=\"article\" \/>\n<meta property=\"og:title\" content=\"Lissachatina fulica albino  Subadult CB | MegaPets\" \/>\n<meta property=\"og:description\" content=\"Offered subadult snails (CB):   approx. 8-10 cm    The price applies to:   1 pc\" \/>\n<meta property=\"og:url\" content=\"https:\/\/megapets.eu\/en\/import-and-adult\/lissachatina-fulica-albino-subadult-cb\/\" \/>\n<meta property=\"og:site_name\" content=\"MegaPets\" \/>\n<meta property=\"article:publisher\" content=\"https:\/\/www.facebook.com\/MegaPets.eu\/\" \/>\n<meta property=\"article:modified_time\" content=\"2025-10-21T16:00:11+00:00\" \/>\n<meta property=\"og:image\" content=\"https:\/\/megapets.eu\/wp-content\/uploads\/2025\/04\/Liss.-fulica-1-Ex-1.png\" \/>\n\t<meta property=\"og:image:width\" content=\"1047\" \/>\n\t<meta property=\"og:image:height\" content=\"691\" \/>\n\t<meta property=\"og:image:type\" content=\"image\/png\" \/>\n<meta name=\"twitter:card\" content=\"summary_large_image\" \/>\n<meta name=\"twitter:label1\" content=\"Est. reading time\" \/>\n\t<meta name=\"twitter:data1\" content=\"1 minute\" \/>\n<script type=\"application\/ld+json\" class=\"yoast-schema-graph\">{\"@context\":\"https:\/\/schema.org\",\"@graph\":[{\"@type\":\"WebPage\",\"@id\":\"https:\/\/megapets.eu\/en\/import-and-adult\/lissachatina-fulica-albino-subadult-cb\/\",\"url\":\"https:\/\/megapets.eu\/en\/import-and-adult\/lissachatina-fulica-albino-subadult-cb\/\",\"name\":\"Lissachatina fulica albino Subadult CB | MegaPets\",\"isPartOf\":{\"@id\":\"https:\/\/megapets.eu\/en\/#website\"},\"primaryImageOfPage\":{\"@id\":\"https:\/\/megapets.eu\/en\/import-and-adult\/lissachatina-fulica-albino-subadult-cb\/#primaryimage\"},\"image\":{\"@id\":\"https:\/\/megapets.eu\/en\/import-and-adult\/lissachatina-fulica-albino-subadult-cb\/#primaryimage\"},\"thumbnailUrl\":\"https:\/\/megapets.eu\/wp-content\/uploads\/2025\/04\/Liss.-fulica-1-Ex-1.png\",\"datePublished\":\"2025-07-11T06:30:31+00:00\",\"dateModified\":\"2025-10-21T16:00:11+00:00\",\"breadcrumb\":{\"@id\":\"https:\/\/megapets.eu\/en\/import-and-adult\/lissachatina-fulica-albino-subadult-cb\/#breadcrumb\"},\"inLanguage\":\"en-US\",\"potentialAction\":[{\"@type\":\"ReadAction\",\"target\":[\"https:\/\/megapets.eu\/en\/import-and-adult\/lissachatina-fulica-albino-subadult-cb\/\"]}]},{\"@type\":\"ImageObject\",\"inLanguage\":\"en-US\",\"@id\":\"https:\/\/megapets.eu\/en\/import-and-adult\/lissachatina-fulica-albino-subadult-cb\/#primaryimage\",\"url\":\"https:\/\/megapets.eu\/wp-content\/uploads\/2025\/04\/Liss.-fulica-1-Ex-1.png\",\"contentUrl\":\"https:\/\/megapets.eu\/wp-content\/uploads\/2025\/04\/Liss.-fulica-1-Ex-1.png\",\"width\":1047,\"height\":691},{\"@type\":\"BreadcrumbList\",\"@id\":\"https:\/\/megapets.eu\/en\/import-and-adult\/lissachatina-fulica-albino-subadult-cb\/#breadcrumb\",\"itemListElement\":[{\"@type\":\"ListItem\",\"position\":1,\"name\":\"Homepage\",\"item\":\"https:\/\/megapets.eu\/en\/home\/\"},{\"@type\":\"ListItem\",\"position\":2,\"name\":\"Shop\",\"item\":\"https:\/\/megapets.eu\/en\/shop\/\"},{\"@type\":\"ListItem\",\"position\":3,\"name\":\"Lissachatina fulica albino Subadult CB\"}]},{\"@type\":\"WebSite\",\"@id\":\"https:\/\/megapets.eu\/en\/#website\",\"url\":\"https:\/\/megapets.eu\/en\/\",\"name\":\"Mega Pets\",\"description\":\"Jedna z najwi\u0119kszych hodowli \u015blimak\u00f3w w Europie\",\"publisher\":{\"@id\":\"https:\/\/megapets.eu\/en\/#organization\"},\"alternateName\":\"Mega Pets\",\"potentialAction\":[{\"@type\":\"SearchAction\",\"target\":{\"@type\":\"EntryPoint\",\"urlTemplate\":\"https:\/\/megapets.eu\/en\/?s={search_term_string}\"},\"query-input\":{\"@type\":\"PropertyValueSpecification\",\"valueRequired\":true,\"valueName\":\"search_term_string\"}}],\"inLanguage\":\"en-US\"},{\"@type\":\"Organization\",\"@id\":\"https:\/\/megapets.eu\/en\/#organization\",\"name\":\"Mega Pets\",\"url\":\"https:\/\/megapets.eu\/en\/\",\"logo\":{\"@type\":\"ImageObject\",\"inLanguage\":\"en-US\",\"@id\":\"https:\/\/megapets.eu\/en\/#\/schema\/logo\/image\/\",\"url\":\"https:\/\/megapets.eu\/wp-content\/uploads\/2025\/04\/megapets_eu-logo.png\",\"contentUrl\":\"https:\/\/megapets.eu\/wp-content\/uploads\/2025\/04\/megapets_eu-logo.png\",\"width\":2362,\"height\":2362,\"caption\":\"Mega Pets\"},\"image\":{\"@id\":\"https:\/\/megapets.eu\/en\/#\/schema\/logo\/image\/\"},\"sameAs\":[\"https:\/\/www.facebook.com\/MegaPets.eu\/\"]}]}<\/script>\n<!-- \/ Yoast SEO plugin. -->","yoast_head_json":{"title":"Lissachatina fulica albino  Subadult CB | MegaPets","robots":{"index":"index","follow":"follow","max-snippet":"max-snippet:-1","max-image-preview":"max-image-preview:large","max-video-preview":"max-video-preview:-1"},"canonical":"https:\/\/megapets.eu\/en\/import-and-adult\/lissachatina-fulica-albino-subadult-cb\/","og_locale":"en_US","og_type":"article","og_title":"Lissachatina fulica albino  Subadult CB | MegaPets","og_description":"Offered subadult snails (CB):   approx. 8-10 cm    The price applies to:   1 pc","og_url":"https:\/\/megapets.eu\/en\/import-and-adult\/lissachatina-fulica-albino-subadult-cb\/","og_site_name":"MegaPets","article_publisher":"https:\/\/www.facebook.com\/MegaPets.eu\/","article_modified_time":"2025-10-21T16:00:11+00:00","og_image":[{"width":1047,"height":691,"url":"https:\/\/megapets.eu\/wp-content\/uploads\/2025\/04\/Liss.-fulica-1-Ex-1.png","type":"image\/png"}],"twitter_card":"summary_large_image","twitter_misc":{"Est. reading time":"1 minute"},"schema":{"@context":"https:\/\/schema.org","@graph":[{"@type":"WebPage","@id":"https:\/\/megapets.eu\/en\/import-and-adult\/lissachatina-fulica-albino-subadult-cb\/","url":"https:\/\/megapets.eu\/en\/import-and-adult\/lissachatina-fulica-albino-subadult-cb\/","name":"Lissachatina fulica albino Subadult CB | MegaPets","isPartOf":{"@id":"https:\/\/megapets.eu\/en\/#website"},"primaryImageOfPage":{"@id":"https:\/\/megapets.eu\/en\/import-and-adult\/lissachatina-fulica-albino-subadult-cb\/#primaryimage"},"image":{"@id":"https:\/\/megapets.eu\/en\/import-and-adult\/lissachatina-fulica-albino-subadult-cb\/#primaryimage"},"thumbnailUrl":"https:\/\/megapets.eu\/wp-content\/uploads\/2025\/04\/Liss.-fulica-1-Ex-1.png","datePublished":"2025-07-11T06:30:31+00:00","dateModified":"2025-10-21T16:00:11+00:00","breadcrumb":{"@id":"https:\/\/megapets.eu\/en\/import-and-adult\/lissachatina-fulica-albino-subadult-cb\/#breadcrumb"},"inLanguage":"en-US","potentialAction":[{"@type":"ReadAction","target":["https:\/\/megapets.eu\/en\/import-and-adult\/lissachatina-fulica-albino-subadult-cb\/"]}]},{"@type":"ImageObject","inLanguage":"en-US","@id":"https:\/\/megapets.eu\/en\/import-and-adult\/lissachatina-fulica-albino-subadult-cb\/#primaryimage","url":"https:\/\/megapets.eu\/wp-content\/uploads\/2025\/04\/Liss.-fulica-1-Ex-1.png","contentUrl":"https:\/\/megapets.eu\/wp-content\/uploads\/2025\/04\/Liss.-fulica-1-Ex-1.png","width":1047,"height":691},{"@type":"BreadcrumbList","@id":"https:\/\/megapets.eu\/en\/import-and-adult\/lissachatina-fulica-albino-subadult-cb\/#breadcrumb","itemListElement":[{"@type":"ListItem","position":1,"name":"Homepage","item":"https:\/\/megapets.eu\/en\/home\/"},{"@type":"ListItem","position":2,"name":"Shop","item":"https:\/\/megapets.eu\/en\/shop\/"},{"@type":"ListItem","position":3,"name":"Lissachatina fulica albino Subadult CB"}]},{"@type":"WebSite","@id":"https:\/\/megapets.eu\/en\/#website","url":"https:\/\/megapets.eu\/en\/","name":"Mega Pets","description":"Jedna z najwi\u0119kszych hodowli \u015blimak\u00f3w w Europie","publisher":{"@id":"https:\/\/megapets.eu\/en\/#organization"},"alternateName":"Mega Pets","potentialAction":[{"@type":"SearchAction","target":{"@type":"EntryPoint","urlTemplate":"https:\/\/megapets.eu\/en\/?s={search_term_string}"},"query-input":{"@type":"PropertyValueSpecification","valueRequired":true,"valueName":"search_term_string"}}],"inLanguage":"en-US"},{"@type":"Organization","@id":"https:\/\/megapets.eu\/en\/#organization","name":"Mega Pets","url":"https:\/\/megapets.eu\/en\/","logo":{"@type":"ImageObject","inLanguage":"en-US","@id":"https:\/\/megapets.eu\/en\/#\/schema\/logo\/image\/","url":"https:\/\/megapets.eu\/wp-content\/uploads\/2025\/04\/megapets_eu-logo.png","contentUrl":"https:\/\/megapets.eu\/wp-content\/uploads\/2025\/04\/megapets_eu-logo.png","width":2362,"height":2362,"caption":"Mega Pets"},"image":{"@id":"https:\/\/megapets.eu\/en\/#\/schema\/logo\/image\/"},"sameAs":["https:\/\/www.facebook.com\/MegaPets.eu\/"]}]}},"_links":{"self":[{"href":"https:\/\/megapets.eu\/en\/wp-json\/wp\/v2\/product\/9640","targetHints":{"allow":["GET"]}}],"collection":[{"href":"https:\/\/megapets.eu\/en\/wp-json\/wp\/v2\/product"}],"about":[{"href":"https:\/\/megapets.eu\/en\/wp-json\/wp\/v2\/types\/product"}],"wp:featuredmedia":[{"embeddable":true,"href":"https:\/\/megapets.eu\/en\/wp-json\/wp\/v2\/media\/10476"}],"wp:attachment":[{"href":"https:\/\/megapets.eu\/en\/wp-json\/wp\/v2\/media?parent=9640"}],"wp:term":[{"taxonomy":"product_cat","embeddable":true,"href":"https:\/\/megapets.eu\/en\/wp-json\/wp\/v2\/product_cat?post=9640"},{"taxonomy":"product_tag","embeddable":true,"href":"https:\/\/megapets.eu\/en\/wp-json\/wp\/v2\/product_tag?post=9640"}],"curies":[{"name":"wp","href":"https:\/\/api.w.org\/{rel}","templated":true}]}}