{"id":5563,"date":"2025-03-10T19:55:03","date_gmt":"2025-03-10T19:55:03","guid":{"rendered":"https:\/\/megapets.eu\/el-nas\/"},"modified":"2025-06-23T10:11:20","modified_gmt":"2025-06-23T10:11:20","slug":"el-nas","status":"publish","type":"page","link":"https:\/\/megapets.eu\/es\/el-nas\/","title":{"rendered":"El nas"},"content":{"rendered":"<div class=\"wpb-content-wrapper\"><p>[vc_row wrap_container=\u00bbyes\u00bb content_placement=\u00bbmiddle\u00bb disable_element=\u00bbyes\u00bb css=\u00bb.vc_custom_1728567193846{margin-bottom: 0px !important;background-color: var(&#8211;porto-light-color) !important;}\u00bb el_class=\u00bbp-t-xxl p-b-xxl\u00bb conditional_render=\u00bb%5B%7B%22value_role%22%3A%22administrator%22%7D%5D\u00bb][vc_column el_class=\u00bbm-t-md mb-1 p-b-xs\u00bb offset=\u00bbvc_col-md-6&#8243;]<div class=\"porto-carousel owl-carousel has-ccols ccols-md-2 ccols-1 mb-0 custom-image-gallery wpb_custom_9c482bfa696627324799fc9434842f1d\" data-plugin-options=\"{&quot;themeConfig&quot;:true,&quot;stagePadding&quot;:0,&quot;margin&quot;:0,&quot;autoplay&quot;:&quot;yes&quot;,&quot;mouseDrag&quot;:true,&quot;touchDrag&quot;:true,&quot;autoplayTimeout&quot;:5000,&quot;autoplayHoverPause&quot;:false,&quot;items&quot;:1,&quot;xl&quot;:1,&quot;lg&quot;:1,&quot;md&quot;:2,&quot;sm&quot;:1,&quot;xs&quot;:1,&quot;nav&quot;:false,&quot;dots&quot;:false,&quot;animateIn&quot;:&quot;fadeInUp&quot;,&quot;animateOut&quot;:&quot;&quot;,&quot;loop&quot;:&quot;yes&quot;,&quot;center&quot;:false,&quot;video&quot;:false,&quot;lazyLoad&quot;:false,&quot;fullscreen&quot;:false}\">[vc_single_image image=\u00bb5507&#8243; img_size=\u00bbfull\u00bb alignment=\u00bbcenter\u00bb css=\u00bb\u00bb][vc_single_image image=\u00bb5509&#8243; img_size=\u00bbfull\u00bb alignment=\u00bbcenter\u00bb css=\u00bb\u00bb]<\/div>[\/vc_column][vc_column el_class=\u00bbm-t-md pl-lg-5 mb-lg-1 mb-4 p-b-xs\u00bb css=\u00bb.vc_custom_1651545089419{padding-top: 2px !important;}\u00bb offset=\u00bbvc_col-md-6&#8243;]<div class=\"porto-u-heading  wpb_custom_2d96707358ad3b10ec1417db1dc46af3 porto-u-3958 \" data-appear-animation=\"fadeIn\" data-appear-animation-delay=\"250\"><div class=\"porto-u-main-heading\"><h2   style=\"color:#3e3e3e;margin-bottom: 24px;\">Bienvenido a MegaPets, una de las granjas de cr\u00eda m\u00e1s grandes de Europa.<\/h2><\/div><div class=\"porto-u-sub-heading\" style=\"margin-bottom:23px;\">Ma\u00f1ana una \u00e9lite se reunir\u00e1 con leo accumsan volutpat. Suspendisse hendreriast ehicula leo, vel efficitur felis ultrices non. Ma\u00f1ana una \u00e9lite se reunir\u00e1 con leo acun volutpat. Suspendisse hendrerit ehicula leo, vel efficitur felis ultrices non.<\/div><style>.porto-u-3958.porto-u-heading{text-align:left}<\/style><\/div><div class=\"porto-animation d-inline-block align-middle\"  data-appear-animation=\"fadeIn\" data-appear-animation-delay=\"500\"><div class=\"stats-block stats-top   wpb_custom_c3dc6e5514b5b032bdce9ed0a542811e  vc_custom_1728500528037\"><div class=\"stats-desc\"><div id=\"counter_23997980569e6334cc1c71\" data-id=\"counter_23997980569e6334cc1c71\" class=\"stats-number\" style=\" color:#3e3e3e;\" data-speed=\"3\" data-counter-value=\"10000\" data-separator=\"none\" data-decimal=\".\">0<\/div><div class=\"counter_suffix mycust\" style=\" color:#3e3e3e\">+<\/div><div class=\"stats-text\" style=\"color:#3e3e3e;\">Animales de raza<\/div><\/div><\/div><\/div>[vc_custom_heading text=\u00bb\u00a1MegaPets es una granja de cr\u00eda registrada con pasi\u00f3n y muchos a\u00f1os de experiencia!\u00bb font_container=\u00bbtag:p|font_size:14px|text_align:left\u00bb use_theme_fonts=\u00bbyes\u00bb css=\u00bb\u00bb font_weight=\u00bb400&#8243; animation_delay=\u00bb500&#8243; el_class=\u00bbd-inline-block w-max-287 align-middle m-b-lg custom-font\u00bb animation_type=\u00bbfadeIn\u00bb][vc_btn title=\u00bbVer la oferta\u00bb css=\u00bb\u00bb skin=\u00bbsecondary\u00bb btn_fs=\u00bb14px\u00bb btn_fw=\u00bb600&#8243; animation_delay=\u00bb750&#8243; link=\u00bburl:https%3A%2F%2Fmegapets.eu%2Fes%2Fcaracoles%2F|title:Ver%20la%20oferta|\u00bb btn_px=\u00bb2.35rem\u00bb btn_py=\u00bb1.25rem\u00bb el_class=\u00bbd-block custom-font\u00bb animation_type=\u00bbfadeIn\u00bb][\/vc_column][\/vc_row][vc_row][vc_column][\/vc_column][\/vc_row][vc_row no_padding=\u00bbyes\u00bb content_placement=\u00bbmiddle\u00bb conditional_render=\u00bb%5B%7B%22value_role%22%3A%22administrator%22%7D%5D\u00bb][vc_column width=\u00bb1\/2&#8243; animation_delay=\u00bb400&#8243; css=\u00bb.vc_custom_1728503613031{background-position: center !important;background-repeat: no-repeat !important;background-size: cover !important;}\u00bb animation_type=\u00bbfadeInLeft\u00bb conditional_render=\u00bb%5B%7B%22value_role%22%3A%22administrator%22%7D%5D\u00bb][vc_single_image source=\u00bbexternal_link\u00bb external_img_size=\u00bb960&#215;640&#8243; css=\u00bb\u00bb el_class=\u00bbmb-0&#8243; custom_src=\u00bb\/wp-content\/uploads\/2024\/10\/Strona-2.png\u00bb][\/vc_column][vc_column width=\u00bb1\/2&#8243;][vc_column_text css_animation=\u00bbbounceIn\u00bb css=\u00bb\u00bb]<\/p>\n<p style=\"text-align: center;\"><span style=\"font-size: 20px;\"><strong><span style=\"color: #008000;\"><img decoding=\"async\" src=\"https:\/\/static.xx.fbcdn.net\/images\/emoji.php\/v9\/t6c\/1\/16\/2764.png\" alt=\"\u2764\" \/>\u00a1Presentamos la nueva versi\u00f3n de nuestra tienda online! <\/span><\/strong><\/span><\/p>\n<p style=\"text-align: center;\"><span style=\"font-size: 20px;\"><strong><span style=\"color: #008000;\"><img decoding=\"async\" src=\"https:\/\/static.xx.fbcdn.net\/images\/emoji.php\/v9\/t51\/1\/16\/1f449.png\" alt=\"\ud83d\udc49\" \/> \u00a1Consulta nuestra oferta!<\/span><\/strong><\/span><\/p>\n<p>[\/vc_column_text]<div class=\"porto-preview-image \"><span class=\"thumb-info thumb-info-preview thumb-info-preview-long\"><span class=\"thumb-info-wrapper\">\r\n\t\t<span data-src=\"\/\/megapets.eu\/wp-content\/uploads\/2024\/10\/Nie-jest-koniecznie-potrzebna.png\" data-image=\"\/\/megapets.eu\/wp-content\/uploads\/2024\/10\/Nie-jest-koniecznie-potrzebna.png\" class=\"lazy thumb-info-image\" data-plugin-lazyload data-plugin-options=\"{'appearEffect': 'animated fadeIn'}\"><\/span><i class=\"fas fa-spinner fa-spin fa-fw\"><\/i><\/span><\/span><\/div>[\/vc_column][\/vc_row][vc_row][vc_column width=\u00bb1\/3&#8243;]Comparaci\u00f3n de im\u00e1genes de Oporto desplazamiento=&quot;50&quot; movimiento=&quot;hover&quot; antes_img=&quot;1223&quot; despu\u00e9s_img=&quot;697&quot;][\/vc_column][vc_column width=\u00bb1\/3&#8243;]Comparaci\u00f3n de im\u00e1genes de Oporto desplazamiento=&quot;50&quot; movimiento=&quot;hover&quot; antes_img=&quot;1291&quot; despu\u00e9s_img=&quot;706&quot;][\/vc_column][vc_column width=\u00bb1\/3&#8243;]Comparaci\u00f3n de im\u00e1genes de Oporto desplazamiento=&quot;50&quot; movimiento=&quot;hover&quot; antes_img=&quot;710&quot; despu\u00e9s_img=&quot;1074&quot;][\/vc_column][\/vc_row][vc_row][vc_column][vc_separator color=\u00bbwhite\u00bb border_width=\u00bb6&#8243; css=\u00bb\u00bb][vc_text_separator title=\u00bbOperamos en toda Europa\u00bb color=\u00bbcustom\u00bb css=\u00bb\u00bb accent_color=\u00bbvar(&#8211;porto-secondary-color)\u00bb][vc_column_text css=\u00bb\u00bb]<\/p>\n<p><center>Rep\u00fablica Checa<img loading=\"lazy\" decoding=\"async\" src=\"https:\/\/static.xx.fbcdn.net\/images\/emoji.php\/v9\/t79\/1\/16\/1f1e8_1f1ff.png\" alt=\"\ud83c\udde8\ud83c\uddff\" width=\"16\" height=\"16\" \/> Alemania<img loading=\"lazy\" decoding=\"async\" src=\"https:\/\/static.xx.fbcdn.net\/images\/emoji.php\/v9\/t16\/1\/16\/1f1e9_1f1ea.png\" alt=\"\ud83c\udde9\ud83c\uddea\" width=\"16\" height=\"16\" \/> Luxemburgo<img loading=\"lazy\" decoding=\"async\" src=\"https:\/\/static.xx.fbcdn.net\/images\/emoji.php\/v9\/tc\/1\/16\/1f1f1_1f1fa.png\" alt=\"\ud83c\uddf1\ud83c\uddfa\" width=\"16\" height=\"16\" \/> B\u00e9lgica<img loading=\"lazy\" decoding=\"async\" src=\"https:\/\/static.xx.fbcdn.net\/images\/emoji.php\/v9\/t94\/1\/16\/1f1e7_1f1ea.png\" alt=\"\ud83c\udde7\ud83c\uddea\" width=\"16\" height=\"16\" \/> Holanda<img loading=\"lazy\" decoding=\"async\" src=\"https:\/\/static.xx.fbcdn.net\/images\/emoji.php\/v9\/t88\/1\/16\/1f1e7_1f1f6.png\" alt=\"\ud83c\udde7\ud83c\uddf6\" width=\"16\" height=\"16\" \/><\/center>[\/vc_column_text][\/vc_column][vc_column][\/vc_column][\/vc_row][vc_row wrap_container=\u00bbyes\u00bb content_placement=\u00bbmiddle\u00bb el_class=\u00bbmt-5&#8243; css=\u00bb.vc_custom_1728503088901{margin-top: -20px !important;}\u00bb conditional_render=\u00bb%5B%7B%22value_role%22%3A%22administrator%22%7D%5D\u00bb][vc_column width=\u00bb1\/6&#8243; animation_delay=\u00bb\u00bb][\/vc_column][vc_column width=\u00bb2\/3&#8243; el_class=\u00bbpl-lg-4 pt-lg-3&#8243; css=\u00bb.vc_custom_1651294189111{margin-top: 28px !important;margin-bottom: 28px !important;}\u00bb]<div class=\"porto-carousel owl-carousel has-ccols ccols-md-2 ccols-1 mb-0 custom-image-gallery wpb_custom_9c482bfa696627324799fc9434842f1d\" data-plugin-options=\"{&quot;themeConfig&quot;:true,&quot;stagePadding&quot;:0,&quot;margin&quot;:0,&quot;autoplay&quot;:&quot;yes&quot;,&quot;mouseDrag&quot;:true,&quot;touchDrag&quot;:true,&quot;autoplayTimeout&quot;:5000,&quot;autoplayHoverPause&quot;:false,&quot;items&quot;:1,&quot;xl&quot;:1,&quot;lg&quot;:1,&quot;md&quot;:2,&quot;sm&quot;:1,&quot;xs&quot;:1,&quot;nav&quot;:false,&quot;dots&quot;:false,&quot;animateIn&quot;:&quot;fadeInUp&quot;,&quot;animateOut&quot;:&quot;&quot;,&quot;loop&quot;:&quot;yes&quot;,&quot;center&quot;:false,&quot;video&quot;:false,&quot;lazyLoad&quot;:false,&quot;fullscreen&quot;:false}\">[vc_single_image image=\u00bb5512&#8243; img_size=\u00bbfull\u00bb alignment=\u00bbcenter\u00bb css=\u00bb\u00bb][vc_single_image image=\u00bb5513&#8243; img_size=\u00bbfull\u00bb alignment=\u00bbcenter\u00bb css=\u00bb\u00bb][vc_single_image image=\u00bb5514&#8243; img_size=\u00bbfull\u00bb css=\u00bb\u00bb]<\/div>[\/vc_column][vc_column width=\u00bb1\/6&#8243;][\/vc_column][\/vc_row][vc_row][vc_column width=\u00bb1\/2&#8243;][\/vc_column][vc_column width=\u00bb1\/2&#8243;][\/vc_column][vc_column][\/vc_column][\/vc_row]<\/p>\n<\/div>","protected":false},"excerpt":{"rendered":"<p>[vc_row wrap_container=\u00bbyes\u00bb content_placement=\u00bbmiddle\u00bb disable_element=\u00bbyes\u00bb css=\u00bb.vc_custom_1728567193846{margin-bottom: 0px !important;background-color: var(&#8211;porto-light-color) !important;}\u00bb el_class=\u00bbp-t-xxl p-b-xxl\u00bb conditional_render=\u00bb%5B%7B%22value_role%22%3A%22administrator%22%7D%5D\u00bb][vc_column el_class=\u00bbm-t-md mb-1 p-b-xs\u00bb offset=\u00bbvc_col-md-6&#8243;][\/vc_column][vc_column el_class=\u00bbm-t-md pl-lg-5 mb-lg-1 mb-4 p-b-xs\u00bb css=\u00bb.vc_custom_1651545089419{padding-top: 2px !important;}\u00bb offset=\u00bbvc_col-md-6&#8243;][vc_custom_heading text=\u00bb\u00a1MegaPets es una granja de cr\u00eda registrada con pasi\u00f3n y muchos a\u00f1os de experiencia!\u00bb font_container=\u00bbtag:p|font_size:14px|text_align:left\u00bb use_theme_fonts=\u00bbyes\u00bb css=\u00bb\u00bb font_weight=\u00bb400&#8243; animation_delay=\u00bb500&#8243; el_class=\u00bbd-inline-block w-max-287 align-middle m-b-lg custom-font\u00bb animation_type=\u00bbfadeIn\u00bb][vc_btn title=\u00bbVer la oferta\u00bb css=\u00bb\u00bb skin=\u00bbsecondary\u00bb [&hellip;]<\/p>\n","protected":false},"author":4,"featured_media":0,"parent":0,"menu_order":0,"comment_status":"closed","ping_status":"closed","template":"","meta":{"_acf_changed":false,"footnotes":"","_links_to":"","_links_to_target":""},"class_list":["post-5563","page","type-page","status-publish","hentry"],"acf":[],"yoast_head":"<!-- This site is optimized with the Yoast SEO plugin v24.9 - https:\/\/yoast.com\/wordpress\/plugins\/seo\/ -->\n<title>Mega Pets - Una de las granjas de cr\u00eda m\u00e1s grandes de Europa<\/title>\n<meta name=\"robots\" content=\"index, follow, max-snippet:-1, max-image-preview:large, max-video-preview:-1\" \/>\n<link rel=\"canonical\" href=\"https:\/\/megapets.eu\/es\/el-nas\/\" \/>\n<meta property=\"og:locale\" content=\"es_ES\" \/>\n<meta property=\"og:type\" content=\"article\" \/>\n<meta property=\"og:title\" content=\"Mega Pets - Una de las granjas de cr\u00eda m\u00e1s grandes de Europa\" \/>\n<meta property=\"og:description\" content=\"[vc_row wrap_container=\u00bbyes\u00bb content_placement=\u00bbmiddle\u00bb disable_element=\u00bbyes\u00bb css=\u00bb.vc_custom_1728567193846{margin-bottom: 0px !important;background-color: var(&#8211;porto-light-color) !important;}\u00bb el_class=\u00bbp-t-xxl p-b-xxl\u00bb conditional_render=\u00bb%5B%7B%22value_role%22%3A%22administrator%22%7D%5D\u00bb][vc_column el_class=\u00bbm-t-md mb-1 p-b-xs\u00bb offset=\u00bbvc_col-md-6&#8243;][\/vc_column][vc_column el_class=\u00bbm-t-md pl-lg-5 mb-lg-1 mb-4 p-b-xs\u00bb css=\u00bb.vc_custom_1651545089419{padding-top: 2px !important;}\u00bb offset=\u00bbvc_col-md-6&#8243;][vc_custom_heading text=\u00bb\u00a1MegaPets es una granja de cr\u00eda registrada con pasi\u00f3n y muchos a\u00f1os de experiencia!\u00bb font_container=\u00bbtag:p|font_size:14px|text_align:left\u00bb use_theme_fonts=\u00bbyes\u00bb css=\u00bb\u00bb font_weight=\u00bb400&#8243; animation_delay=\u00bb500&#8243; el_class=\u00bbd-inline-block w-max-287 align-middle m-b-lg custom-font\u00bb animation_type=\u00bbfadeIn\u00bb][vc_btn title=\u00bbVer la oferta\u00bb css=\u00bb\u00bb skin=\u00bbsecondary\u00bb [&hellip;]\" \/>\n<meta property=\"og:url\" content=\"https:\/\/megapets.eu\/es\/el-nas\/\" \/>\n<meta property=\"og:site_name\" content=\"MegaPets\" \/>\n<meta property=\"article:publisher\" content=\"https:\/\/www.facebook.com\/MegaPets.eu\/\" \/>\n<meta property=\"article:modified_time\" content=\"2025-06-23T10:11:20+00:00\" \/>\n<meta property=\"og:image\" content=\"https:\/\/static.xx.fbcdn.net\/images\/emoji.php\/v9\/t6c\/1\/16\/2764.png\" \/>\n<meta name=\"twitter:card\" content=\"summary_large_image\" \/>\n<meta name=\"twitter:label1\" content=\"Tiempo de lectura\" \/>\n\t<meta name=\"twitter:data1\" content=\"4 minuto\" \/>\n<script type=\"application\/ld+json\" class=\"yoast-schema-graph\">{\"@context\":\"https:\/\/schema.org\",\"@graph\":[{\"@type\":\"WebPage\",\"@id\":\"https:\/\/megapets.eu\/es\/el-nas\/\",\"url\":\"https:\/\/megapets.eu\/es\/el-nas\/\",\"name\":\"Mega Pets - Una de las granjas de cr\u00eda m\u00e1s grandes de Europa\",\"isPartOf\":{\"@id\":\"https:\/\/megapets.eu\/es\/#website\"},\"primaryImageOfPage\":{\"@id\":\"https:\/\/megapets.eu\/es\/el-nas\/#primaryimage\"},\"image\":{\"@id\":\"https:\/\/megapets.eu\/es\/el-nas\/#primaryimage\"},\"thumbnailUrl\":\"https:\/\/static.xx.fbcdn.net\/images\/emoji.php\/v9\/t6c\/1\/16\/2764.png\",\"datePublished\":\"2025-03-10T19:55:03+00:00\",\"dateModified\":\"2025-06-23T10:11:20+00:00\",\"breadcrumb\":{\"@id\":\"https:\/\/megapets.eu\/es\/el-nas\/#breadcrumb\"},\"inLanguage\":\"es\",\"potentialAction\":[{\"@type\":\"ReadAction\",\"target\":[\"https:\/\/megapets.eu\/es\/el-nas\/\"]}]},{\"@type\":\"ImageObject\",\"inLanguage\":\"es\",\"@id\":\"https:\/\/megapets.eu\/es\/el-nas\/#primaryimage\",\"url\":\"https:\/\/static.xx.fbcdn.net\/images\/emoji.php\/v9\/t6c\/1\/16\/2764.png\",\"contentUrl\":\"https:\/\/static.xx.fbcdn.net\/images\/emoji.php\/v9\/t6c\/1\/16\/2764.png\"},{\"@type\":\"BreadcrumbList\",\"@id\":\"https:\/\/megapets.eu\/es\/el-nas\/#breadcrumb\",\"itemListElement\":[{\"@type\":\"ListItem\",\"position\":1,\"name\":\"Strona g\u0142\u00f3wna\",\"item\":\"https:\/\/megapets.eu\/es\/\"},{\"@type\":\"ListItem\",\"position\":2,\"name\":\"El nas\"}]},{\"@type\":\"WebSite\",\"@id\":\"https:\/\/megapets.eu\/es\/#website\",\"url\":\"https:\/\/megapets.eu\/es\/\",\"name\":\"Mega Pets\",\"description\":\"Jedna z najwi\u0119kszych hodowli \u015blimak\u00f3w w Europie\",\"publisher\":{\"@id\":\"https:\/\/megapets.eu\/es\/#organization\"},\"alternateName\":\"Mega Pets\",\"potentialAction\":[{\"@type\":\"SearchAction\",\"target\":{\"@type\":\"EntryPoint\",\"urlTemplate\":\"https:\/\/megapets.eu\/es\/?s={search_term_string}\"},\"query-input\":{\"@type\":\"PropertyValueSpecification\",\"valueRequired\":true,\"valueName\":\"search_term_string\"}}],\"inLanguage\":\"es\"},{\"@type\":\"Organization\",\"@id\":\"https:\/\/megapets.eu\/es\/#organization\",\"name\":\"Mega Pets\",\"url\":\"https:\/\/megapets.eu\/es\/\",\"logo\":{\"@type\":\"ImageObject\",\"inLanguage\":\"es\",\"@id\":\"https:\/\/megapets.eu\/es\/#\/schema\/logo\/image\/\",\"url\":\"https:\/\/megapets.eu\/wp-content\/uploads\/2025\/04\/megapets_eu-logo.png\",\"contentUrl\":\"https:\/\/megapets.eu\/wp-content\/uploads\/2025\/04\/megapets_eu-logo.png\",\"width\":2362,\"height\":2362,\"caption\":\"Mega Pets\"},\"image\":{\"@id\":\"https:\/\/megapets.eu\/es\/#\/schema\/logo\/image\/\"},\"sameAs\":[\"https:\/\/www.facebook.com\/MegaPets.eu\/\"]}]}<\/script>\n<!-- \/ Yoast SEO plugin. -->","yoast_head_json":{"title":"Mega Pets - Una de las granjas de cr\u00eda m\u00e1s grandes de Europa","robots":{"index":"index","follow":"follow","max-snippet":"max-snippet:-1","max-image-preview":"max-image-preview:large","max-video-preview":"max-video-preview:-1"},"canonical":"https:\/\/megapets.eu\/es\/el-nas\/","og_locale":"es_ES","og_type":"article","og_title":"Mega Pets - Una de las granjas de cr\u00eda m\u00e1s grandes de Europa","og_description":"[vc_row wrap_container=\u00bbyes\u00bb content_placement=\u00bbmiddle\u00bb disable_element=\u00bbyes\u00bb css=\u00bb.vc_custom_1728567193846{margin-bottom: 0px !important;background-color: var(&#8211;porto-light-color) !important;}\u00bb el_class=\u00bbp-t-xxl p-b-xxl\u00bb conditional_render=\u00bb%5B%7B%22value_role%22%3A%22administrator%22%7D%5D\u00bb][vc_column el_class=\u00bbm-t-md mb-1 p-b-xs\u00bb offset=\u00bbvc_col-md-6&#8243;][\/vc_column][vc_column el_class=\u00bbm-t-md pl-lg-5 mb-lg-1 mb-4 p-b-xs\u00bb css=\u00bb.vc_custom_1651545089419{padding-top: 2px !important;}\u00bb offset=\u00bbvc_col-md-6&#8243;][vc_custom_heading text=\u00bb\u00a1MegaPets es una granja de cr\u00eda registrada con pasi\u00f3n y muchos a\u00f1os de experiencia!\u00bb font_container=\u00bbtag:p|font_size:14px|text_align:left\u00bb use_theme_fonts=\u00bbyes\u00bb css=\u00bb\u00bb font_weight=\u00bb400&#8243; animation_delay=\u00bb500&#8243; el_class=\u00bbd-inline-block w-max-287 align-middle m-b-lg custom-font\u00bb animation_type=\u00bbfadeIn\u00bb][vc_btn title=\u00bbVer la oferta\u00bb css=\u00bb\u00bb skin=\u00bbsecondary\u00bb [&hellip;]","og_url":"https:\/\/megapets.eu\/es\/el-nas\/","og_site_name":"MegaPets","article_publisher":"https:\/\/www.facebook.com\/MegaPets.eu\/","article_modified_time":"2025-06-23T10:11:20+00:00","og_image":[{"url":"https:\/\/static.xx.fbcdn.net\/images\/emoji.php\/v9\/t6c\/1\/16\/2764.png","type":"","width":"","height":""}],"twitter_card":"summary_large_image","twitter_misc":{"Tiempo de lectura":"4 minuto"},"schema":{"@context":"https:\/\/schema.org","@graph":[{"@type":"WebPage","@id":"https:\/\/megapets.eu\/es\/el-nas\/","url":"https:\/\/megapets.eu\/es\/el-nas\/","name":"Mega Pets - Una de las granjas de cr\u00eda m\u00e1s grandes de Europa","isPartOf":{"@id":"https:\/\/megapets.eu\/es\/#website"},"primaryImageOfPage":{"@id":"https:\/\/megapets.eu\/es\/el-nas\/#primaryimage"},"image":{"@id":"https:\/\/megapets.eu\/es\/el-nas\/#primaryimage"},"thumbnailUrl":"https:\/\/static.xx.fbcdn.net\/images\/emoji.php\/v9\/t6c\/1\/16\/2764.png","datePublished":"2025-03-10T19:55:03+00:00","dateModified":"2025-06-23T10:11:20+00:00","breadcrumb":{"@id":"https:\/\/megapets.eu\/es\/el-nas\/#breadcrumb"},"inLanguage":"es","potentialAction":[{"@type":"ReadAction","target":["https:\/\/megapets.eu\/es\/el-nas\/"]}]},{"@type":"ImageObject","inLanguage":"es","@id":"https:\/\/megapets.eu\/es\/el-nas\/#primaryimage","url":"https:\/\/static.xx.fbcdn.net\/images\/emoji.php\/v9\/t6c\/1\/16\/2764.png","contentUrl":"https:\/\/static.xx.fbcdn.net\/images\/emoji.php\/v9\/t6c\/1\/16\/2764.png"},{"@type":"BreadcrumbList","@id":"https:\/\/megapets.eu\/es\/el-nas\/#breadcrumb","itemListElement":[{"@type":"ListItem","position":1,"name":"Strona g\u0142\u00f3wna","item":"https:\/\/megapets.eu\/es\/"},{"@type":"ListItem","position":2,"name":"El nas"}]},{"@type":"WebSite","@id":"https:\/\/megapets.eu\/es\/#website","url":"https:\/\/megapets.eu\/es\/","name":"Mega Pets","description":"Jedna z najwi\u0119kszych hodowli \u015blimak\u00f3w w Europie","publisher":{"@id":"https:\/\/megapets.eu\/es\/#organization"},"alternateName":"Mega Pets","potentialAction":[{"@type":"SearchAction","target":{"@type":"EntryPoint","urlTemplate":"https:\/\/megapets.eu\/es\/?s={search_term_string}"},"query-input":{"@type":"PropertyValueSpecification","valueRequired":true,"valueName":"search_term_string"}}],"inLanguage":"es"},{"@type":"Organization","@id":"https:\/\/megapets.eu\/es\/#organization","name":"Mega Pets","url":"https:\/\/megapets.eu\/es\/","logo":{"@type":"ImageObject","inLanguage":"es","@id":"https:\/\/megapets.eu\/es\/#\/schema\/logo\/image\/","url":"https:\/\/megapets.eu\/wp-content\/uploads\/2025\/04\/megapets_eu-logo.png","contentUrl":"https:\/\/megapets.eu\/wp-content\/uploads\/2025\/04\/megapets_eu-logo.png","width":2362,"height":2362,"caption":"Mega Pets"},"image":{"@id":"https:\/\/megapets.eu\/es\/#\/schema\/logo\/image\/"},"sameAs":["https:\/\/www.facebook.com\/MegaPets.eu\/"]}]}},"_links":{"self":[{"href":"https:\/\/megapets.eu\/es\/wp-json\/wp\/v2\/pages\/5563","targetHints":{"allow":["GET"]}}],"collection":[{"href":"https:\/\/megapets.eu\/es\/wp-json\/wp\/v2\/pages"}],"about":[{"href":"https:\/\/megapets.eu\/es\/wp-json\/wp\/v2\/types\/page"}],"author":[{"embeddable":true,"href":"https:\/\/megapets.eu\/es\/wp-json\/wp\/v2\/users\/4"}],"replies":[{"embeddable":true,"href":"https:\/\/megapets.eu\/es\/wp-json\/wp\/v2\/comments?post=5563"}],"version-history":[{"count":4,"href":"https:\/\/megapets.eu\/es\/wp-json\/wp\/v2\/pages\/5563\/revisions"}],"predecessor-version":[{"id":5622,"href":"https:\/\/megapets.eu\/es\/wp-json\/wp\/v2\/pages\/5563\/revisions\/5622"}],"wp:attachment":[{"href":"https:\/\/megapets.eu\/es\/wp-json\/wp\/v2\/media?parent=5563"}],"curies":[{"name":"wp","href":"https:\/\/api.w.org\/{rel}","templated":true}]}}