{"id":5595,"date":"2024-10-07T20:59:40","date_gmt":"2024-10-07T20:59:40","guid":{"rendered":"https:\/\/megapets.eu\/galeria-de-isopodos\/"},"modified":"2025-06-23T10:11:17","modified_gmt":"2025-06-23T10:11:17","slug":"galeria-de-isopodos","status":"publish","type":"page","link":"https:\/\/megapets.eu\/es\/galeria-de-isopodos\/","title":{"rendered":"Galer\u00eda de is\u00f3podos"},"content":{"rendered":"<div class=\"wpb-content-wrapper\"><p>[vc_row][vc_column css=\u00bb.vc_custom_1727354058334{padding-right: 20px !important;padding-left: 20px !important;}\u00bb conditional_render=\u00bb%5B%7B%22value_role%22%3A%22administrator%22%7D%5D\u00bb][vc_column_text css=\u00bb\u00bb]<!-- wpml:html_fragment <\/p>\n\n--&gt;\n\n<h2 style=\"text-align: center;\"> GALER\u00cdA<\/h2>\n\n\n\n<p>[\/vc_column_text][\/vc_column][\/vc_row][vc_row][vc_column width=\"1\/2\"][porto_image_gallery im\u00e1genes=&quot;710,709,706,705,704,702,701,698,695,694,692,691,689,688,671,675,672,674,683,680,677,686,685,738&quot; click_action=&quot;lightbox&quot; view=&quot;grid&quot; v_align=&quot;start&quot;][\/vc_column][vc_column width=\"1\/2\"]Comparaci\u00f3n de im\u00e1genes de puerto desplazamiento=&quot;50&quot; movimiento=&quot;al pasar el mouse&quot; duraci\u00f3n de la animaci\u00f3n=&quot;0&quot; antes_img=&quot;760&quot; despu\u00e9s_img=&quot;761&quot; tama\u00f1o_mango=&quot;{``xl``:``0``,``unit``:````,``xs``:````,``sm``:````,``md``:````,``lg``:````} &quot;][comparaci\u00f3n_de_imagen_porto desplazamiento=&quot;50&quot; movimiento=&quot;pasar el rat\u00f3n&quot; duraci\u00f3n_de_animaci\u00f3n=&quot;0&quot; antes_de_img=&quot;757&quot; despu\u00e9s_de_img=&quot;758&quot; tama\u00f1o_de_mango=&quot;{``xl``:``0``,``unit``:````,``xs``:````,``sm``:````,``md``:````,``lg``:````} &quot;][\/vc_column][\/vc_row]\n<\/p>\n<\/div>","protected":false},"excerpt":{"rendered":"<p>[vc_row][vc_column css=\u00bb.vc_custom_1727354058334{padding-right: 20px !important;padding-left: 20px !important;}\u00bb conditional_render=\u00bb%5B%7B%22value_role%22%3A%22administrator%22%7D%5D\u00bb][vc_column_text css=\u00bb\u00bb]<\/p>\n","protected":false},"author":4,"featured_media":0,"parent":0,"menu_order":0,"comment_status":"closed","ping_status":"closed","template":"","meta":{"_acf_changed":false,"footnotes":"","_links_to":"","_links_to_target":""},"class_list":["post-5595","page","type-page","status-publish","hentry"],"acf":[],"yoast_head":"<!-- This site is optimized with the Yoast SEO plugin v24.9 - https:\/\/yoast.com\/wordpress\/plugins\/seo\/ -->\n<title>Galer\u00eda de is\u00f3podos | MegaPets<\/title>\n<meta name=\"robots\" content=\"index, follow, max-snippet:-1, max-image-preview:large, max-video-preview:-1\" \/>\n<link rel=\"canonical\" href=\"https:\/\/megapets.eu\/es\/galeria-de-isopodos\/\" \/>\n<meta property=\"og:locale\" content=\"es_ES\" \/>\n<meta property=\"og:type\" content=\"article\" \/>\n<meta property=\"og:title\" content=\"Galer\u00eda de is\u00f3podos | MegaPets\" \/>\n<meta property=\"og:description\" content=\"[vc_row][vc_column css=\u00bb.vc_custom_1727354058334{padding-right: 20px !important;padding-left: 20px !important;}\u00bb conditional_render=\u00bb%5B%7B%22value_role%22%3A%22administrator%22%7D%5D\u00bb][vc_column_text css=\u00bb\u00bb]\" \/>\n<meta property=\"og:url\" content=\"https:\/\/megapets.eu\/es\/galeria-de-isopodos\/\" \/>\n<meta property=\"og:site_name\" content=\"MegaPets\" \/>\n<meta property=\"article:publisher\" content=\"https:\/\/www.facebook.com\/MegaPets.eu\/\" \/>\n<meta property=\"article:modified_time\" content=\"2025-06-23T10:11:17+00:00\" \/>\n<meta property=\"og:image\" content=\"https:\/\/megapets.eu\/wp-content\/uploads\/2025\/04\/megapets_eu-info-scaled.png\" \/>\n\t<meta property=\"og:image:width\" content=\"2560\" \/>\n\t<meta property=\"og:image:height\" content=\"1735\" \/>\n\t<meta property=\"og:image:type\" content=\"image\/png\" \/>\n<meta name=\"twitter:card\" content=\"summary_large_image\" \/>\n<script type=\"application\/ld+json\" class=\"yoast-schema-graph\">{\"@context\":\"https:\/\/schema.org\",\"@graph\":[{\"@type\":\"WebPage\",\"@id\":\"https:\/\/megapets.eu\/es\/galeria-de-isopodos\/\",\"url\":\"https:\/\/megapets.eu\/es\/galeria-de-isopodos\/\",\"name\":\"Galer\u00eda de is\u00f3podos | MegaPets\",\"isPartOf\":{\"@id\":\"https:\/\/megapets.eu\/es\/#website\"},\"datePublished\":\"2024-10-07T20:59:40+00:00\",\"dateModified\":\"2025-06-23T10:11:17+00:00\",\"breadcrumb\":{\"@id\":\"https:\/\/megapets.eu\/es\/galeria-de-isopodos\/#breadcrumb\"},\"inLanguage\":\"es\",\"potentialAction\":[{\"@type\":\"ReadAction\",\"target\":[\"https:\/\/megapets.eu\/es\/galeria-de-isopodos\/\"]}]},{\"@type\":\"BreadcrumbList\",\"@id\":\"https:\/\/megapets.eu\/es\/galeria-de-isopodos\/#breadcrumb\",\"itemListElement\":[{\"@type\":\"ListItem\",\"position\":1,\"name\":\"Strona g\u0142\u00f3wna\",\"item\":\"https:\/\/megapets.eu\/es\/\"},{\"@type\":\"ListItem\",\"position\":2,\"name\":\"Galer\u00eda de is\u00f3podos\"}]},{\"@type\":\"WebSite\",\"@id\":\"https:\/\/megapets.eu\/es\/#website\",\"url\":\"https:\/\/megapets.eu\/es\/\",\"name\":\"Mega Pets\",\"description\":\"Jedna z najwi\u0119kszych hodowli \u015blimak\u00f3w w Europie\",\"publisher\":{\"@id\":\"https:\/\/megapets.eu\/es\/#organization\"},\"alternateName\":\"Mega Pets\",\"potentialAction\":[{\"@type\":\"SearchAction\",\"target\":{\"@type\":\"EntryPoint\",\"urlTemplate\":\"https:\/\/megapets.eu\/es\/?s={search_term_string}\"},\"query-input\":{\"@type\":\"PropertyValueSpecification\",\"valueRequired\":true,\"valueName\":\"search_term_string\"}}],\"inLanguage\":\"es\"},{\"@type\":\"Organization\",\"@id\":\"https:\/\/megapets.eu\/es\/#organization\",\"name\":\"Mega Pets\",\"url\":\"https:\/\/megapets.eu\/es\/\",\"logo\":{\"@type\":\"ImageObject\",\"inLanguage\":\"es\",\"@id\":\"https:\/\/megapets.eu\/es\/#\/schema\/logo\/image\/\",\"url\":\"https:\/\/megapets.eu\/wp-content\/uploads\/2025\/04\/megapets_eu-logo.png\",\"contentUrl\":\"https:\/\/megapets.eu\/wp-content\/uploads\/2025\/04\/megapets_eu-logo.png\",\"width\":2362,\"height\":2362,\"caption\":\"Mega Pets\"},\"image\":{\"@id\":\"https:\/\/megapets.eu\/es\/#\/schema\/logo\/image\/\"},\"sameAs\":[\"https:\/\/www.facebook.com\/MegaPets.eu\/\"]}]}<\/script>\n<!-- \/ Yoast SEO plugin. -->","yoast_head_json":{"title":"Galer\u00eda de is\u00f3podos | MegaPets","robots":{"index":"index","follow":"follow","max-snippet":"max-snippet:-1","max-image-preview":"max-image-preview:large","max-video-preview":"max-video-preview:-1"},"canonical":"https:\/\/megapets.eu\/es\/galeria-de-isopodos\/","og_locale":"es_ES","og_type":"article","og_title":"Galer\u00eda de is\u00f3podos | MegaPets","og_description":"[vc_row][vc_column css=\u00bb.vc_custom_1727354058334{padding-right: 20px !important;padding-left: 20px !important;}\u00bb conditional_render=\u00bb%5B%7B%22value_role%22%3A%22administrator%22%7D%5D\u00bb][vc_column_text css=\u00bb\u00bb]","og_url":"https:\/\/megapets.eu\/es\/galeria-de-isopodos\/","og_site_name":"MegaPets","article_publisher":"https:\/\/www.facebook.com\/MegaPets.eu\/","article_modified_time":"2025-06-23T10:11:17+00:00","og_image":[{"width":2560,"height":1735,"url":"https:\/\/megapets.eu\/wp-content\/uploads\/2025\/04\/megapets_eu-info-scaled.png","type":"image\/png"}],"twitter_card":"summary_large_image","schema":{"@context":"https:\/\/schema.org","@graph":[{"@type":"WebPage","@id":"https:\/\/megapets.eu\/es\/galeria-de-isopodos\/","url":"https:\/\/megapets.eu\/es\/galeria-de-isopodos\/","name":"Galer\u00eda de is\u00f3podos | MegaPets","isPartOf":{"@id":"https:\/\/megapets.eu\/es\/#website"},"datePublished":"2024-10-07T20:59:40+00:00","dateModified":"2025-06-23T10:11:17+00:00","breadcrumb":{"@id":"https:\/\/megapets.eu\/es\/galeria-de-isopodos\/#breadcrumb"},"inLanguage":"es","potentialAction":[{"@type":"ReadAction","target":["https:\/\/megapets.eu\/es\/galeria-de-isopodos\/"]}]},{"@type":"BreadcrumbList","@id":"https:\/\/megapets.eu\/es\/galeria-de-isopodos\/#breadcrumb","itemListElement":[{"@type":"ListItem","position":1,"name":"Strona g\u0142\u00f3wna","item":"https:\/\/megapets.eu\/es\/"},{"@type":"ListItem","position":2,"name":"Galer\u00eda de is\u00f3podos"}]},{"@type":"WebSite","@id":"https:\/\/megapets.eu\/es\/#website","url":"https:\/\/megapets.eu\/es\/","name":"Mega Pets","description":"Jedna z najwi\u0119kszych hodowli \u015blimak\u00f3w w Europie","publisher":{"@id":"https:\/\/megapets.eu\/es\/#organization"},"alternateName":"Mega Pets","potentialAction":[{"@type":"SearchAction","target":{"@type":"EntryPoint","urlTemplate":"https:\/\/megapets.eu\/es\/?s={search_term_string}"},"query-input":{"@type":"PropertyValueSpecification","valueRequired":true,"valueName":"search_term_string"}}],"inLanguage":"es"},{"@type":"Organization","@id":"https:\/\/megapets.eu\/es\/#organization","name":"Mega Pets","url":"https:\/\/megapets.eu\/es\/","logo":{"@type":"ImageObject","inLanguage":"es","@id":"https:\/\/megapets.eu\/es\/#\/schema\/logo\/image\/","url":"https:\/\/megapets.eu\/wp-content\/uploads\/2025\/04\/megapets_eu-logo.png","contentUrl":"https:\/\/megapets.eu\/wp-content\/uploads\/2025\/04\/megapets_eu-logo.png","width":2362,"height":2362,"caption":"Mega Pets"},"image":{"@id":"https:\/\/megapets.eu\/es\/#\/schema\/logo\/image\/"},"sameAs":["https:\/\/www.facebook.com\/MegaPets.eu\/"]}]}},"_links":{"self":[{"href":"https:\/\/megapets.eu\/es\/wp-json\/wp\/v2\/pages\/5595","targetHints":{"allow":["GET"]}}],"collection":[{"href":"https:\/\/megapets.eu\/es\/wp-json\/wp\/v2\/pages"}],"about":[{"href":"https:\/\/megapets.eu\/es\/wp-json\/wp\/v2\/types\/page"}],"author":[{"embeddable":true,"href":"https:\/\/megapets.eu\/es\/wp-json\/wp\/v2\/users\/4"}],"replies":[{"embeddable":true,"href":"https:\/\/megapets.eu\/es\/wp-json\/wp\/v2\/comments?post=5595"}],"version-history":[{"count":14,"href":"https:\/\/megapets.eu\/es\/wp-json\/wp\/v2\/pages\/5595\/revisions"}],"predecessor-version":[{"id":5620,"href":"https:\/\/megapets.eu\/es\/wp-json\/wp\/v2\/pages\/5595\/revisions\/5620"}],"wp:attachment":[{"href":"https:\/\/megapets.eu\/es\/wp-json\/wp\/v2\/media?parent=5595"}],"curies":[{"name":"wp","href":"https:\/\/api.w.org\/{rel}","templated":true}]}}