{"id":5630,"date":"2024-10-06T20:40:07","date_gmt":"2024-10-06T20:40:07","guid":{"rendered":"https:\/\/megapets.eu\/entrega\/"},"modified":"2025-07-11T08:01:28","modified_gmt":"2025-07-11T08:01:28","slug":"entrega","status":"publish","type":"page","link":"https:\/\/megapets.eu\/es\/entrega\/","title":{"rendered":"Entrega"},"content":{"rendered":"<div class=\"wpb-content-wrapper\"><div class=\"porto-block\" data-id=\"5588\"><style>.wpb_custom_9bdc3fad9b77c07f8c32fe2d2273838e .porto-sicon-title{color: var(--porto-secondary-color);}.wpb_custom_9bdc3fad9b77c07f8c32fe2d2273838e.porto-sicon-mobile{--porto-infobox-mpos-align: center;}.wpb_custom_6e59a409a0311227dd42fdc628b1e726 .porto-sicon-title{color: #00a000;}.wpb_custom_6e59a409a0311227dd42fdc628b1e726.porto-sicon-mobile{--porto-infobox-mpos-align: center;}<\/style>\r\n\r\n[vc_row][vc_column]<div class=\"porto-sicon-box  wpb_custom_9bdc3fad9b77c07f8c32fe2d2273838e style_1 default-icon flex-wrap\"><div class=\"porto-sicon-default\"><div class=\"porto-just-icon-wrapper porto-icon none\" style=\"color:var(--porto-secondary-color);font-size:24px;\"><i class=\"fas fa-th\"><\/i><\/div><\/div><div class=\"porto-sicon-header\"><h4 class=\"porto-sicon-title\" style=\"\">Taquillas para paquetes<\/h4><\/div> <!-- header --><div class=\"porto-sicon-description\" style=\"\"><strong>Entrega al casillero de paquetes de InPost:<\/strong> 15 PLN Entrega gratuita a partir de 75 PLN<\/div> <!-- description --><\/div><!-- porto-sicon-box --><div class=\"porto-sicon-box  wpb_custom_9bdc3fad9b77c07f8c32fe2d2273838e style_1 default-icon flex-wrap\"><div class=\"porto-sicon-default\"><div class=\"porto-just-icon-wrapper porto-icon none\" style=\"color:var(--porto-secondary-color);font-size:24px;\"><i class=\"fas fa-shipping-fast\"><\/i><\/div><\/div><div class=\"porto-sicon-header\"><h4 class=\"porto-sicon-title\" style=\"\">Env\u00edos por mensajer\u00eda<\/h4><\/div> <!-- header --><div class=\"porto-sicon-description\" style=\"\"><strong>Mensajer\u00eda DPD:<\/strong> 12 PLN Entrega gratuita a partir de 65 PLN<strong> Mensajer\u00eda InPost:<\/strong> 15 PLN Entrega gratuita a partir de 75 PLN<\/div> <!-- description --><\/div><!-- porto-sicon-box -->[vc_empty_space]<div class=\"porto-sicon-box  wpb_custom_6e59a409a0311227dd42fdc628b1e726 style_1 default-icon flex-wrap\"><div class=\"porto-sicon-default\"><div class=\"porto-just-icon-wrapper porto-icon none\" style=\"color:#009100;font-size:24px;\"><i class=\"fas fa-globe-americas\"><\/i><\/div><\/div><div class=\"porto-sicon-header\"><h3 class=\"porto-sicon-title\" style=\"\">Env\u00edos internacionales est\u00e1ndar<\/h3><\/div> <!-- header --><div class=\"porto-sicon-description\" style=\"\"><strong>Env\u00edos al extranjero:<\/strong> 69 PLN Incluye: Austria, B\u00e9lgica, Rep\u00fablica Checa, Dinamarca, Estonia, Pa\u00edses Bajos, Lituania, Luxemburgo, Letonia, Alemania, Eslovaquia, Hungr\u00eda Entrega gratuita a partir de 650 PLN<\/div> <!-- description --><\/div><!-- porto-sicon-box --><div class=\"porto-sicon-box  wpb_custom_6e59a409a0311227dd42fdc628b1e726 style_1 default-icon flex-wrap\"><div class=\"porto-sicon-default\"><div class=\"porto-just-icon-wrapper porto-icon none\" style=\"color:#009100;font-size:24px;\"><i class=\"fas fa-globe\"><\/i><\/div><\/div><div class=\"porto-sicon-header\"><h3 class=\"porto-sicon-title\" style=\"\">Env\u00edos internacionales est\u00e1ndar<\/h3><\/div> <!-- header --><div class=\"porto-sicon-description\" style=\"\"><strong>Env\u00edos al extranjero:<\/strong> 99 PLN Incluye: Bulgaria, Croacia, Finlandia, Francia, Grecia, Espa\u00f1a, Irlanda, Portugal, Ruman\u00eda, Eslovenia, Suecia, Italia, Gran Breta\u00f1a, Suiza Entrega gratuita a partir de 650 PLN<\/div> <!-- description --><\/div><!-- porto-sicon-box -->[vc_column_text css=\"\"]\ud83d\udce6 Env\u00edos a todos los pa\u00edses de la UE, as\u00ed como a Inglaterra.[\/vc_column_text][\/vc_column][\/vc_row]<\/div>\n<\/div>","protected":false},"excerpt":{"rendered":"[vc_row][vc_column]Taquillas para paquetes Entrega al casillero de paquetes de InPost: 15 PLN Entrega gratuita a partir de 75 PLN Env\u00edos por mensajer\u00eda Mensajer\u00eda DPD: 12 PLN Entrega gratuita a partir de 65 PLN Mensajer\u00eda InPost: 15 PLN Entrega gratuita a partir de 75 PLN [vc_empty_space]Env\u00edos internacionales est\u00e1ndar Env\u00edos al extranjero: 69 PLN Incluye: Austria, B\u00e9lgica, [...]","protected":false},"author":4,"featured_media":0,"parent":0,"menu_order":0,"comment_status":"closed","ping_status":"closed","template":"","meta":{"_acf_changed":false,"footnotes":"","_links_to":"","_links_to_target":""},"class_list":["post-5630","page","type-page","status-publish","hentry"],"acf":[],"yoast_head":"<!-- This site is optimized with the Yoast SEO plugin v24.9 - https:\/\/yoast.com\/wordpress\/plugins\/seo\/ -->\n<title>Entrega | MegaPets<\/title>\n<meta name=\"robots\" content=\"index, follow, max-snippet:-1, max-image-preview:large, max-video-preview:-1\" \/>\n<link rel=\"canonical\" href=\"https:\/\/megapets.eu\/es\/entrega\/\" \/>\n<meta property=\"og:locale\" content=\"es_ES\" \/>\n<meta property=\"og:type\" content=\"article\" \/>\n<meta property=\"og:title\" content=\"Entrega | MegaPets\" \/>\n<meta property=\"og:url\" content=\"https:\/\/megapets.eu\/es\/entrega\/\" \/>\n<meta property=\"og:site_name\" content=\"MegaPets\" \/>\n<meta property=\"article:publisher\" content=\"https:\/\/www.facebook.com\/MegaPets.eu\/\" \/>\n<meta property=\"article:modified_time\" content=\"2025-07-11T08:01:28+00:00\" \/>\n<meta property=\"og:image\" content=\"https:\/\/megapets.eu\/wp-content\/uploads\/2025\/04\/megapets_eu-info-scaled.png\" \/>\n\t<meta property=\"og:image:width\" content=\"2560\" \/>\n\t<meta property=\"og:image:height\" content=\"1735\" \/>\n\t<meta property=\"og:image:type\" content=\"image\/png\" \/>\n<meta name=\"twitter:card\" content=\"summary_large_image\" \/>\n<meta name=\"twitter:label1\" content=\"Tiempo de lectura\" \/>\n\t<meta name=\"twitter:data1\" content=\"1 minuto\" \/>\n<script type=\"application\/ld+json\" class=\"yoast-schema-graph\">{\"@context\":\"https:\/\/schema.org\",\"@graph\":[{\"@type\":\"WebPage\",\"@id\":\"https:\/\/megapets.eu\/es\/entrega\/\",\"url\":\"https:\/\/megapets.eu\/es\/entrega\/\",\"name\":\"Entrega | MegaPets\",\"isPartOf\":{\"@id\":\"https:\/\/megapets.eu\/es\/#website\"},\"datePublished\":\"2024-10-06T20:40:07+00:00\",\"dateModified\":\"2025-07-11T08:01:28+00:00\",\"breadcrumb\":{\"@id\":\"https:\/\/megapets.eu\/es\/entrega\/#breadcrumb\"},\"inLanguage\":\"es\",\"potentialAction\":[{\"@type\":\"ReadAction\",\"target\":[\"https:\/\/megapets.eu\/es\/entrega\/\"]}]},{\"@type\":\"BreadcrumbList\",\"@id\":\"https:\/\/megapets.eu\/es\/entrega\/#breadcrumb\",\"itemListElement\":[{\"@type\":\"ListItem\",\"position\":1,\"name\":\"Strona g\u0142\u00f3wna\",\"item\":\"https:\/\/megapets.eu\/es\/\"},{\"@type\":\"ListItem\",\"position\":2,\"name\":\"Entrega\"}]},{\"@type\":\"WebSite\",\"@id\":\"https:\/\/megapets.eu\/es\/#website\",\"url\":\"https:\/\/megapets.eu\/es\/\",\"name\":\"Mega Pets\",\"description\":\"Jedna z najwi\u0119kszych hodowli \u015blimak\u00f3w w Europie\",\"publisher\":{\"@id\":\"https:\/\/megapets.eu\/es\/#organization\"},\"alternateName\":\"Mega Pets\",\"potentialAction\":[{\"@type\":\"SearchAction\",\"target\":{\"@type\":\"EntryPoint\",\"urlTemplate\":\"https:\/\/megapets.eu\/es\/?s={search_term_string}\"},\"query-input\":{\"@type\":\"PropertyValueSpecification\",\"valueRequired\":true,\"valueName\":\"search_term_string\"}}],\"inLanguage\":\"es\"},{\"@type\":\"Organization\",\"@id\":\"https:\/\/megapets.eu\/es\/#organization\",\"name\":\"Mega Pets\",\"url\":\"https:\/\/megapets.eu\/es\/\",\"logo\":{\"@type\":\"ImageObject\",\"inLanguage\":\"es\",\"@id\":\"https:\/\/megapets.eu\/es\/#\/schema\/logo\/image\/\",\"url\":\"https:\/\/megapets.eu\/wp-content\/uploads\/2025\/04\/megapets_eu-logo.png\",\"contentUrl\":\"https:\/\/megapets.eu\/wp-content\/uploads\/2025\/04\/megapets_eu-logo.png\",\"width\":2362,\"height\":2362,\"caption\":\"Mega Pets\"},\"image\":{\"@id\":\"https:\/\/megapets.eu\/es\/#\/schema\/logo\/image\/\"},\"sameAs\":[\"https:\/\/www.facebook.com\/MegaPets.eu\/\"]}]}<\/script>\n<!-- \/ Yoast SEO plugin. -->","yoast_head_json":{"title":"Entrega | MegaPets","robots":{"index":"index","follow":"follow","max-snippet":"max-snippet:-1","max-image-preview":"max-image-preview:large","max-video-preview":"max-video-preview:-1"},"canonical":"https:\/\/megapets.eu\/es\/entrega\/","og_locale":"es_ES","og_type":"article","og_title":"Entrega | MegaPets","og_url":"https:\/\/megapets.eu\/es\/entrega\/","og_site_name":"MegaPets","article_publisher":"https:\/\/www.facebook.com\/MegaPets.eu\/","article_modified_time":"2025-07-11T08:01:28+00:00","og_image":[{"width":2560,"height":1735,"url":"https:\/\/megapets.eu\/wp-content\/uploads\/2025\/04\/megapets_eu-info-scaled.png","type":"image\/png"}],"twitter_card":"summary_large_image","twitter_misc":{"Tiempo de lectura":"1 minuto"},"schema":{"@context":"https:\/\/schema.org","@graph":[{"@type":"WebPage","@id":"https:\/\/megapets.eu\/es\/entrega\/","url":"https:\/\/megapets.eu\/es\/entrega\/","name":"Entrega | MegaPets","isPartOf":{"@id":"https:\/\/megapets.eu\/es\/#website"},"datePublished":"2024-10-06T20:40:07+00:00","dateModified":"2025-07-11T08:01:28+00:00","breadcrumb":{"@id":"https:\/\/megapets.eu\/es\/entrega\/#breadcrumb"},"inLanguage":"es","potentialAction":[{"@type":"ReadAction","target":["https:\/\/megapets.eu\/es\/entrega\/"]}]},{"@type":"BreadcrumbList","@id":"https:\/\/megapets.eu\/es\/entrega\/#breadcrumb","itemListElement":[{"@type":"ListItem","position":1,"name":"Strona g\u0142\u00f3wna","item":"https:\/\/megapets.eu\/es\/"},{"@type":"ListItem","position":2,"name":"Entrega"}]},{"@type":"WebSite","@id":"https:\/\/megapets.eu\/es\/#website","url":"https:\/\/megapets.eu\/es\/","name":"Mega Pets","description":"Jedna z najwi\u0119kszych hodowli \u015blimak\u00f3w w Europie","publisher":{"@id":"https:\/\/megapets.eu\/es\/#organization"},"alternateName":"Mega Pets","potentialAction":[{"@type":"SearchAction","target":{"@type":"EntryPoint","urlTemplate":"https:\/\/megapets.eu\/es\/?s={search_term_string}"},"query-input":{"@type":"PropertyValueSpecification","valueRequired":true,"valueName":"search_term_string"}}],"inLanguage":"es"},{"@type":"Organization","@id":"https:\/\/megapets.eu\/es\/#organization","name":"Mega Pets","url":"https:\/\/megapets.eu\/es\/","logo":{"@type":"ImageObject","inLanguage":"es","@id":"https:\/\/megapets.eu\/es\/#\/schema\/logo\/image\/","url":"https:\/\/megapets.eu\/wp-content\/uploads\/2025\/04\/megapets_eu-logo.png","contentUrl":"https:\/\/megapets.eu\/wp-content\/uploads\/2025\/04\/megapets_eu-logo.png","width":2362,"height":2362,"caption":"Mega Pets"},"image":{"@id":"https:\/\/megapets.eu\/es\/#\/schema\/logo\/image\/"},"sameAs":["https:\/\/www.facebook.com\/MegaPets.eu\/"]}]}},"_links":{"self":[{"href":"https:\/\/megapets.eu\/es\/wp-json\/wp\/v2\/pages\/5630","targetHints":{"allow":["GET"]}}],"collection":[{"href":"https:\/\/megapets.eu\/es\/wp-json\/wp\/v2\/pages"}],"about":[{"href":"https:\/\/megapets.eu\/es\/wp-json\/wp\/v2\/types\/page"}],"author":[{"embeddable":true,"href":"https:\/\/megapets.eu\/es\/wp-json\/wp\/v2\/users\/4"}],"replies":[{"embeddable":true,"href":"https:\/\/megapets.eu\/es\/wp-json\/wp\/v2\/comments?post=5630"}],"version-history":[{"count":1,"href":"https:\/\/megapets.eu\/es\/wp-json\/wp\/v2\/pages\/5630\/revisions"}],"predecessor-version":[{"id":9643,"href":"https:\/\/megapets.eu\/es\/wp-json\/wp\/v2\/pages\/5630\/revisions\/9643"}],"wp:attachment":[{"href":"https:\/\/megapets.eu\/es\/wp-json\/wp\/v2\/media?parent=5630"}],"curies":[{"name":"wp","href":"https:\/\/api.w.org\/{rel}","templated":true}]}}