{"id":5641,"date":"2023-02-10T14:50:00","date_gmt":"2023-02-10T14:50:00","guid":{"rendered":"https:\/\/megapets.eu\/politica-de-privacidad\/"},"modified":"2023-02-10T14:50:00","modified_gmt":"2023-02-10T14:50:00","slug":"politica-de-privacidad","status":"publish","type":"page","link":"https:\/\/megapets.eu\/es\/politica-de-privacidad\/","title":{"rendered":"pol\u00edtica de privacidad"},"content":{"rendered":"<p><b>\u00a71 PRINCIPIOS DEL TRATAMIENTO DE DATOS PERSONALES<\/b><\/p>\n<ol>\n<li>El administrador de tus datos personales facilitados en este sitio web es <b>MegaPets Serhii Bondariuk<\/b><span class=\"Apple-converted-space\"> <\/span><b> <\/b>con domicilio social en la siguiente direcci\u00f3n: MA\u0141OPOLSKIE voivodship, Krakowski poviat, Skawina commune, loc. Skawina, ul. Lipowa, nr 5a, lok. 2, 32-050, NIP 9442289433, tel. 796965220.<\/li>\n<li>De conformidad con el art\u00edculo 13, apartados 1 y 2, del Reglamento General de Protecci\u00f3n de Datos de 27 de abril de 2016, a continuaci\u00f3n encontrar\u00e1s la informaci\u00f3n necesaria debido al tratamiento de datos personales por parte del Administrador.<span class=\"Apple-converted-space\"> <\/span><\/li>\n<li>Los datos personales tratados en el sitio web que se indica a continuaci\u00f3n podr\u00e1n ser utilizados con los fines de:<\/li>\n<li>celebrar y ejecutar el contrato de prestaci\u00f3n de Servicios celebrado por ti con el Administrador de Datos Personales (la base del art\u00edculo 6, apartado 1, letra b) RODO),<\/li>\n<li>celebrar y ejecutar el Contrato de Venta celebrado por ti con el Administrador de Datos Personales (la base del art\u00edculo 6, apartado 1, letra b) RODO),<\/li>\n<li>posible establecimiento, investigaci\u00f3n o defensa frente a reclamaciones, que es nuestro inter\u00e9s leg\u00edtimo (la base del art\u00edculo 6, apartado 1, letra f) RODO). f RODO),<\/li>\n<li>para ofrecerte productos y servicios directamente de nosotros, que es nuestro inter\u00e9s leg\u00edtimo (base del Art. 6(1)(f) RODO),<\/li>\n<li>para ofrecerte productos y empresas que cooperan con nosotros directamente de nosotros, que es nuestro inter\u00e9s leg\u00edtimo y el de nuestros socios (base del Art. 6(1)(f) RODO)<\/li>\n<li>para enviarte informaci\u00f3n comercial sobre los Productos y Servicios del Administrador de Datos Personales basada en tu consentimiento (base del Art. 6(1)(a) RODO);<\/li>\n<li>para cumplir con nuestra obligaci\u00f3n legal, por ejemplo, relacionada con la contabilidad (base art. 6(1)(c) RODO)<span class=\"Apple-converted-space\"> <\/span><\/li>\n<li>Trataremos categor\u00edas de tus datos personales como datos b\u00e1sicos de identificaci\u00f3n, datos relativos a tu residencia, datos relacionados con tu actividad empresarial y datos relativos a la posibilidad de ponernos en contacto contigo.<span class=\"Apple-converted-space\"> <\/span><\/li>\n<li>Podemos compartir tus datos personales con las siguientes categor\u00edas de entidades:<span class=\"Apple-converted-space\"> <\/span><\/li>\n<\/ol>\n<ul>\n<li>subcontratistas, es decir, entidades que utilizamos para el procesamiento;<\/li>\n<li>socios comerciales cuyas ofertas complementan nuestras ofertas;<span class=\"Apple-converted-space\"> <\/span><\/li>\n<\/ul>\n<ol start=\"13\">\n<li>No transferimos tus datos fuera de la UE\/EEE.<span class=\"Apple-converted-space\"> <\/span><\/li>\n<li>Tus Datos Personales ser\u00e1n procesados y almacenados desde el momento en que los obtenga el Administrador de Datos Personales hasta la finalizaci\u00f3n de la prestaci\u00f3n de Servicios a ti, as\u00ed como despu\u00e9s de este periodo para los siguientes fines:<span class=\"Apple-converted-space\"> <\/span><\/li>\n<\/ol>\n<ul>\n<li>para hacer valer reclamaciones en relaci\u00f3n con la ejecuci\u00f3n del contrato;<span class=\"Apple-converted-space\"> <\/span><\/li>\n<li>para cumplir con las obligaciones derivadas de la ley, incluidas en particular las fiscales y contables;<span class=\"Apple-converted-space\"> <\/span><\/li>\n<li>marketing hasta que te opongas a su procesamiento para este fin, retires tu consentimiento, o nosotros mismos determinemos que han quedado obsoletos.<span class=\"Apple-converted-space\"> <\/span><\/li>\n<\/ul>\n<ol start=\"15\">\n<li>El suministro de datos es voluntario, pero no hacerlo significar\u00e1 que no podremos prestarte Servicios, que no podremos responder a tu consulta, que no podremos ponernos en contacto contigo, que no podremos celebrar un contrato de venta y que no podremos recibir informaci\u00f3n de marketing.<\/li>\n<li>El Administrador se asegurar\u00e1 de que los datos se recopilen, procesen y utilicen de conformidad con las disposiciones de la Ley de Protecci\u00f3n de Datos aplicable al pa\u00eds en el que se recopilen los datos.<span class=\"Apple-converted-space\"> <\/span><\/li>\n<li>El Administrador puede utilizar la elaboraci\u00f3n de perfiles en el Sitio Web con fines de marketing directo, pero las decisiones tomadas sobre su base por el Administrador no est\u00e1n relacionadas con la celebraci\u00f3n o denegaci\u00f3n de un Contrato de Servicio o la posibilidad de utilizar Servicios Electr\u00f3nicos en el Sitio Web. El efecto del uso de perfiles en el Sitio Web puede ser, por ejemplo, conceder a una persona un descuento, enviarle un c\u00f3digo de descuento, recordarle compras pendientes, enviarle una propuesta de Servicio que pueda corresponder a los intereses o preferencias de la persona u ofrecerle mejores condiciones en comparaci\u00f3n con la oferta est\u00e1ndar del Sitio Web. A pesar de la elaboraci\u00f3n de perfiles, es la persona la que decide libremente si quiere beneficiarse del descuento recibido de esta forma o de las mejores condiciones y realizar una compra en el Sitio Web.<\/li>\n<li>La elaboraci\u00f3n de perfiles en el Sitio Web implica el an\u00e1lisis o la predicci\u00f3n autom\u00e1tica del comportamiento de la persona en el Sitio Web, por ejemplo, al a\u00f1adir un Servicio espec\u00edfico a la cesta, al navegar por la p\u00e1gina de un Servicio espec\u00edfico en el Sitio Web o al analizar el historial previo de compras realizadas en el Sitio Web. La condici\u00f3n para realizar este tipo de perfiles es que el Administrador disponga de los datos personales de la persona en cuesti\u00f3n para poder enviarle posteriormente, por ejemplo, un c\u00f3digo de descuento.<\/li>\n<\/ol>\n<p><b>\u00a72 DERECHOS RELATIVOS AL TRATAMIENTO DE DATOS PERSONALES<\/b><\/p>\n<p><b>POR EL ADMINISTRADOR<span class=\"Apple-converted-space\"> <\/span><\/b><\/p>\n<p><b>\u00a1IMPORTANTE! <\/b>Conviene recordar que tienes derecho a presentar una reclamaci\u00f3n ante la ODP cuando consideres que el tratamiento de datos personales infringe las disposiciones del Reglamento General de Protecci\u00f3n de Datos de 27 de abril de 2016.<\/p>\n<p>En relaci\u00f3n con el tratamiento de tus datos personales por parte del Responsable del Tratamiento, tienes derecho a:<\/p>\n<ol>\n<li>acceder a tus datos personales y recibir una copia de los mismos;<span class=\"Apple-converted-space\"> <\/span><\/li>\n<li>rectificar (modificar tus datos);<\/li>\n<li>borrar tus datos<span class=\"Apple-converted-space\"> <\/span><\/li>\n<\/ol>\n<p><b>\u00a1IMPORTANTE! <\/b>Si en tu opini\u00f3n no hay motivos para que procesemos tus datos, puedes solicitar que los borremos.<span class=\"Apple-converted-space\"> <\/span><\/p>\n<ol start=\"4\">\n<li>restringir el procesamiento de tus datos personales;<\/li>\n<\/ol>\n<p><b>\u00a1IMPORTANTE! <\/b>Puedes solicitar que restrinjamos el tratamiento de tus datos personales \u00fanicamente a su almacenamiento o a la realizaci\u00f3n de actividades acordadas contigo, si en tu opini\u00f3n tenemos datos incorrectos sobre ti o los estamos tratando infundadamente; o no quieres que los borremos porque los necesitas para establecer, hacer valer o defender una reclamaci\u00f3n; o mientras dure tu oposici\u00f3n al tratamiento.<span class=\"Apple-converted-space\"> <\/span><\/p>\n<ol start=\"5\">\n<li>a oponerte al tratamiento de tus datos personales;<span class=\"Apple-converted-space\"> <\/span><\/li>\n<li>a la portabilidad de los datos;<span class=\"Apple-converted-space\"> <\/span><\/li>\n<\/ol>\n<p><b>\u00a1IMPORTANTE! <\/b>Tienes derecho a que te enviemos tus datos personales en un formato estructurado, de uso com\u00fan y lectura mec\u00e1nica. Tambi\u00e9n puedes darnos instrucciones para que enviemos estos datos directamente a otra parte.<span class=\"Apple-converted-space\"> <\/span><\/p>\n<ol start=\"7\">\n<li>derecho a presentar una reclamaci\u00f3n ante una autoridad supervisora;<span class=\"Apple-converted-space\"> <\/span><\/li>\n<li>derecho a retirar tu consentimiento para el tratamiento de tus datos personales<\/li>\n<\/ol>\n<p><b>\u00a1IMPORTANTE! Para ejercer cualquiera de los derechos mencionados anteriormente, se te solicita que env\u00edes un correo electr\u00f3nico pertinente al Responsable del Tratamiento de Datos Personales. Tu solicitud ser\u00e1 atendida inmediatamente.<\/b><\/p>\n<p><b>\u00a73 ALCANCE DEL TRATAMIENTO DE DATOS<\/b><\/p>\n<ol>\n<li>Al utilizar el sitio web<b> <\/b>, ciertos datos se almacenan autom\u00e1ticamente en los servidores del Propietario del Sitio Web con fines de administraci\u00f3n del sistema o con fines estad\u00edsticos o de copia de seguridad. Los datos mencionados incluyen:<span class=\"Apple-converted-space\"> <\/span><\/li>\n<\/ol>\n<ul>\n<li>el nombre de tu proveedor de acceso a Internet;<span class=\"Apple-converted-space\"> <\/span><\/li>\n<li>la direcci\u00f3n IP;<span class=\"Apple-converted-space\"> <\/span><\/li>\n<li>la versi\u00f3n del software del navegador;<span class=\"Apple-converted-space\"> <\/span><\/li>\n<li>el sistema operativo del ordenador; <span class=\"Apple-converted-space\"> <\/span><\/li>\n<li>los registros del sistema;<span class=\"Apple-converted-space\"> <\/span><\/li>\n<\/ul>\n<ol start=\"2\">\n<li>el Administrador de Datos Personales procesa los datos personales del Usuario como:<span class=\"Apple-converted-space\"> <\/span><\/li>\n<\/ol>\n<ul>\n<li>nombre y apellidos o el nombre de la empresa;<span class=\"Apple-converted-space\"> <\/span><\/li>\n<li>direcci\u00f3n;<\/li>\n<li>direcci\u00f3n de correo electr\u00f3nico;<\/li>\n<li>n\u00famero de tel\u00e9fono de contacto<\/li>\n<li>n\u00famero NIP;<span class=\"Apple-converted-space\"> <\/span><\/li>\n<\/ul>\n<p><b>\u00a74 COOKIES PLICKS<span class=\"Apple-converted-space\"> <\/span><\/b><\/p>\n<ol>\n<li>El Sitio Web utiliza cookies.<\/li>\n<li>Las cookies (denominadas \u00abcookies\u00bb) son datos inform\u00e1ticos, en particular archivos de texto, que se almacenan en el dispositivo final del Usuario del sitio web<b> <\/b>y est\u00e1n destinadas al uso de los sitios web del Sitio web. Las cookies suelen contener el nombre del sitio web del que proceden, el momento en que se almacenan en el dispositivo final y un n\u00famero \u00fanico.<\/li>\n<li>La entidad que coloca en el dispositivo final del Usuario del sitio web<b> <\/b>las cookies y accede a ellas es el Propietario del sitio web<\/li>\n<li>. Las cookies se utilizan con los siguientes fines\n<ol>\n<li>crear estad\u00edsticas que ayuden a comprender c\u00f3mo los usuarios del sitio web<b> <\/b>utilizan los sitios web, lo que permite mejorar su estructura y contenido,<\/li>\n<li>mantener la sesi\u00f3n del Usuario del sitio web<b> <\/b>(despu\u00e9s de iniciar sesi\u00f3n), gracias a lo cual el Usuario no tiene que volver a introducir su nombre de usuario y contrase\u00f1a en cada subp\u00e1gina del sitio web<b> <\/b>,<\/li>\n<li>determinar el perfil del usuario para mostrarle materiales personalizados en redes publicitarias, en particular la red de Google.<\/li>\n<\/ol>\n<\/li>\n<li>El sitio web<b> <\/b>utiliza dos tipos principales de cookies: cookies de \u00absesi\u00f3n\u00bb y cookies \u00abpermanentes\u00bb (cookies persistentes). Las cookies de \u00absesi\u00f3n\u00bb son archivos temporales que se almacenan en el equipo terminal del Usuario hasta que \u00e9ste cierra la sesi\u00f3n, abandona el Sitio Web o apaga el software (navegador de Internet). Las cookies \u00abpermanentes\u00bb se almacenan en el equipo terminal del Usuario durante el tiempo especificado en los par\u00e1metros de las cookies o hasta que el Usuario las elimine. El software de navegaci\u00f3n web<\/li>\n<li>(navegador de Internet) suele permitir el almacenamiento de cookies en el equipo terminal del Usuario por defecto. Los Usuarios del sitio web<b> <\/b>pueden cambiar su configuraci\u00f3n a este respecto. El navegador web permite eliminar las cookies. Tambi\u00e9n es posible bloquear autom\u00e1ticamente las cookies. Se puede encontrar informaci\u00f3n detallada sobre este tema en la ayuda o documentaci\u00f3n del navegador de Internet.<\/li>\n<li>Las restricciones en el uso de cookies pueden afectar a algunas de las funcionalidades disponibles en los sitios web del Servicio de Internet<\/li>\n<li>. Las cookies se colocan en el dispositivo final del Usuario del Servicio de Internet<b> <\/b>y tambi\u00e9n pueden ser utilizadas por anunciantes y socios que cooperan con el propietario del Servicio de Internet<b> <\/b>.<\/li>\n<li>Recomendamos leer la pol\u00edtica de privacidad de estas empresas para conocer los principios de uso de las cookies utilizadas en las estad\u00edsticas: Pol\u00edtica de privacidad de Google Analytics.<\/li>\n<li>Las cookies pueden ser utilizadas por redes publicitarias, en particular la red de Google, para mostrar anuncios adaptados a la forma en que utilizas el Sitio Web. Para ello, pueden conservar informaci\u00f3n sobre la ruta de navegaci\u00f3n del usuario o el tiempo que pasa en una p\u00e1gina concreta.<\/li>\n<li>En cuanto a la informaci\u00f3n sobre las preferencias del usuario recopilada por la red publicitaria de Google, el usuario puede ver y editar la informaci\u00f3n resultante de las cookies utilizando la siguiente herramienta: https:\/\/www.google.com\/ads\/preferences\/<\/li>\n<li>Gesti\u00f3n de las cookies: \u00bfc\u00f3mo dar y retirar el consentimiento en la pr\u00e1ctica?\n<ol>\n<li>Si el usuario no desea recibir cookies, puede cambiar la configuraci\u00f3n de su navegador. Estipulamos que deshabilitar las cookies necesarias para los procesos de autenticaci\u00f3n, seguridad, mantenimiento de las preferencias del usuario puede dificultar, y en casos extremos puede imposibilitar, el uso de los sitios web<\/li>\n<li>. Para gestionar la configuraci\u00f3n de las cookies, selecciona tu navegador\/sistema de Internet de la siguiente lista y sigue las instrucciones:<\/li>\n<\/ol>\n<\/li>\n<\/ol>\n<ul>\n<li>Internet Explorer &#8211; https:\/\/support.microsoft.com\/es-es\/kb\/196955<\/li>\n<li>Chrome &#8211; https:\/\/support.google.com\/chrome\/answer\/95647?hl=pl<\/li>\n<li>Safari &#8211; https:\/\/support.apple.com\/kb\/PH5042?locale=pl_PL<\/li>\n<li>Firefox- https:\/\/support.mozilla.org\/pl\/kb\/W%C5%82%C4%85czanie%20i%20wy%C5%82%C4%85czanie%20obs%C5%82ugi%20ciasteczek<\/li>\n<li>Opera &#8211; http:\/\/help.opera.com\/Windows\/12.10\/pl\/cookies.html<\/li>\n<\/ul>\n<ol start=\"13\">\n<li>Todo Usuario tiene derecho a dirigir opiniones, comentarios y preguntas sobre la confidencialidad de la informaci\u00f3n y la pol\u00edtica de privacidad al Administrador de Datos Personales. Para ello, deber\u00e1n dirigirse a la siguiente direcci\u00f3n de correo electr\u00f3nico: contact@megapets.eu.<\/li>\n<\/ol>\n","protected":false},"excerpt":{"rendered":"<p>\u00a71 PRINCIPIOS DEL TRATAMIENTO DE DATOS PERSONALES El administrador de tus datos personales facilitados en este sitio web es MegaPets Serhii Bondariuk con domicilio social en la siguiente direcci\u00f3n: MA\u0141OPOLSKIE voivodship, Krakowski poviat, Skawina commune, loc. Skawina, ul. Lipowa, nr 5a, lok. 2, 32-050, NIP 9442289433, tel. 796965220. De conformidad con el art\u00edculo 13, apartados [&hellip;]<\/p>\n","protected":false},"author":4,"featured_media":0,"parent":0,"menu_order":0,"comment_status":"closed","ping_status":"closed","template":"","meta":{"_acf_changed":false,"footnotes":"","_links_to":"","_links_to_target":""},"class_list":["post-5641","page","type-page","status-publish","hentry"],"acf":[],"yoast_head":"<!-- This site is optimized with the Yoast SEO plugin v24.9 - https:\/\/yoast.com\/wordpress\/plugins\/seo\/ -->\n<title>pol\u00edtica de privacidad | MegaPets<\/title>\n<meta name=\"robots\" content=\"index, follow, max-snippet:-1, max-image-preview:large, max-video-preview:-1\" \/>\n<link rel=\"canonical\" href=\"https:\/\/megapets.eu\/es\/politica-de-privacidad\/\" \/>\n<meta property=\"og:locale\" content=\"es_ES\" \/>\n<meta property=\"og:type\" content=\"article\" \/>\n<meta property=\"og:title\" content=\"pol\u00edtica de privacidad | MegaPets\" \/>\n<meta property=\"og:description\" content=\"\u00a71 PRINCIPIOS DEL TRATAMIENTO DE DATOS PERSONALES El administrador de tus datos personales facilitados en este sitio web es MegaPets Serhii Bondariuk con domicilio social en la siguiente direcci\u00f3n: MA\u0141OPOLSKIE voivodship, Krakowski poviat, Skawina commune, loc. Skawina, ul. Lipowa, nr 5a, lok. 2, 32-050, NIP 9442289433, tel. 796965220. De conformidad con el art\u00edculo 13, apartados [&hellip;]\" \/>\n<meta property=\"og:url\" content=\"https:\/\/megapets.eu\/es\/politica-de-privacidad\/\" \/>\n<meta property=\"og:site_name\" content=\"MegaPets\" \/>\n<meta property=\"article:publisher\" content=\"https:\/\/www.facebook.com\/MegaPets.eu\/\" \/>\n<meta property=\"og:image\" content=\"https:\/\/megapets.eu\/wp-content\/uploads\/2025\/04\/megapets_eu-info-scaled.png\" \/>\n\t<meta property=\"og:image:width\" content=\"2560\" \/>\n\t<meta property=\"og:image:height\" content=\"1735\" \/>\n\t<meta property=\"og:image:type\" content=\"image\/png\" \/>\n<meta name=\"twitter:card\" content=\"summary_large_image\" \/>\n<meta name=\"twitter:label1\" content=\"Tiempo de lectura\" \/>\n\t<meta name=\"twitter:data1\" content=\"9 minuto\" \/>\n<script type=\"application\/ld+json\" class=\"yoast-schema-graph\">{\"@context\":\"https:\/\/schema.org\",\"@graph\":[{\"@type\":\"WebPage\",\"@id\":\"https:\/\/megapets.eu\/es\/politica-de-privacidad\/\",\"url\":\"https:\/\/megapets.eu\/es\/politica-de-privacidad\/\",\"name\":\"pol\u00edtica de privacidad | MegaPets\",\"isPartOf\":{\"@id\":\"https:\/\/megapets.eu\/es\/#website\"},\"datePublished\":\"2023-02-10T14:50:00+00:00\",\"breadcrumb\":{\"@id\":\"https:\/\/megapets.eu\/es\/politica-de-privacidad\/#breadcrumb\"},\"inLanguage\":\"es\",\"potentialAction\":[{\"@type\":\"ReadAction\",\"target\":[\"https:\/\/megapets.eu\/es\/politica-de-privacidad\/\"]}]},{\"@type\":\"BreadcrumbList\",\"@id\":\"https:\/\/megapets.eu\/es\/politica-de-privacidad\/#breadcrumb\",\"itemListElement\":[{\"@type\":\"ListItem\",\"position\":1,\"name\":\"Strona g\u0142\u00f3wna\",\"item\":\"https:\/\/megapets.eu\/es\/\"},{\"@type\":\"ListItem\",\"position\":2,\"name\":\"pol\u00edtica de privacidad\"}]},{\"@type\":\"WebSite\",\"@id\":\"https:\/\/megapets.eu\/es\/#website\",\"url\":\"https:\/\/megapets.eu\/es\/\",\"name\":\"Mega Pets\",\"description\":\"Jedna z najwi\u0119kszych hodowli \u015blimak\u00f3w w Europie\",\"publisher\":{\"@id\":\"https:\/\/megapets.eu\/es\/#organization\"},\"alternateName\":\"Mega Pets\",\"potentialAction\":[{\"@type\":\"SearchAction\",\"target\":{\"@type\":\"EntryPoint\",\"urlTemplate\":\"https:\/\/megapets.eu\/es\/?s={search_term_string}\"},\"query-input\":{\"@type\":\"PropertyValueSpecification\",\"valueRequired\":true,\"valueName\":\"search_term_string\"}}],\"inLanguage\":\"es\"},{\"@type\":\"Organization\",\"@id\":\"https:\/\/megapets.eu\/es\/#organization\",\"name\":\"Mega Pets\",\"url\":\"https:\/\/megapets.eu\/es\/\",\"logo\":{\"@type\":\"ImageObject\",\"inLanguage\":\"es\",\"@id\":\"https:\/\/megapets.eu\/es\/#\/schema\/logo\/image\/\",\"url\":\"https:\/\/megapets.eu\/wp-content\/uploads\/2025\/04\/megapets_eu-logo.png\",\"contentUrl\":\"https:\/\/megapets.eu\/wp-content\/uploads\/2025\/04\/megapets_eu-logo.png\",\"width\":2362,\"height\":2362,\"caption\":\"Mega Pets\"},\"image\":{\"@id\":\"https:\/\/megapets.eu\/es\/#\/schema\/logo\/image\/\"},\"sameAs\":[\"https:\/\/www.facebook.com\/MegaPets.eu\/\"]}]}<\/script>\n<!-- \/ Yoast SEO plugin. -->","yoast_head_json":{"title":"pol\u00edtica de privacidad | MegaPets","robots":{"index":"index","follow":"follow","max-snippet":"max-snippet:-1","max-image-preview":"max-image-preview:large","max-video-preview":"max-video-preview:-1"},"canonical":"https:\/\/megapets.eu\/es\/politica-de-privacidad\/","og_locale":"es_ES","og_type":"article","og_title":"pol\u00edtica de privacidad | MegaPets","og_description":"\u00a71 PRINCIPIOS DEL TRATAMIENTO DE DATOS PERSONALES El administrador de tus datos personales facilitados en este sitio web es MegaPets Serhii Bondariuk con domicilio social en la siguiente direcci\u00f3n: MA\u0141OPOLSKIE voivodship, Krakowski poviat, Skawina commune, loc. Skawina, ul. Lipowa, nr 5a, lok. 2, 32-050, NIP 9442289433, tel. 796965220. De conformidad con el art\u00edculo 13, apartados [&hellip;]","og_url":"https:\/\/megapets.eu\/es\/politica-de-privacidad\/","og_site_name":"MegaPets","article_publisher":"https:\/\/www.facebook.com\/MegaPets.eu\/","og_image":[{"width":2560,"height":1735,"url":"https:\/\/megapets.eu\/wp-content\/uploads\/2025\/04\/megapets_eu-info-scaled.png","type":"image\/png"}],"twitter_card":"summary_large_image","twitter_misc":{"Tiempo de lectura":"9 minuto"},"schema":{"@context":"https:\/\/schema.org","@graph":[{"@type":"WebPage","@id":"https:\/\/megapets.eu\/es\/politica-de-privacidad\/","url":"https:\/\/megapets.eu\/es\/politica-de-privacidad\/","name":"pol\u00edtica de privacidad | MegaPets","isPartOf":{"@id":"https:\/\/megapets.eu\/es\/#website"},"datePublished":"2023-02-10T14:50:00+00:00","breadcrumb":{"@id":"https:\/\/megapets.eu\/es\/politica-de-privacidad\/#breadcrumb"},"inLanguage":"es","potentialAction":[{"@type":"ReadAction","target":["https:\/\/megapets.eu\/es\/politica-de-privacidad\/"]}]},{"@type":"BreadcrumbList","@id":"https:\/\/megapets.eu\/es\/politica-de-privacidad\/#breadcrumb","itemListElement":[{"@type":"ListItem","position":1,"name":"Strona g\u0142\u00f3wna","item":"https:\/\/megapets.eu\/es\/"},{"@type":"ListItem","position":2,"name":"pol\u00edtica de privacidad"}]},{"@type":"WebSite","@id":"https:\/\/megapets.eu\/es\/#website","url":"https:\/\/megapets.eu\/es\/","name":"Mega Pets","description":"Jedna z najwi\u0119kszych hodowli \u015blimak\u00f3w w Europie","publisher":{"@id":"https:\/\/megapets.eu\/es\/#organization"},"alternateName":"Mega Pets","potentialAction":[{"@type":"SearchAction","target":{"@type":"EntryPoint","urlTemplate":"https:\/\/megapets.eu\/es\/?s={search_term_string}"},"query-input":{"@type":"PropertyValueSpecification","valueRequired":true,"valueName":"search_term_string"}}],"inLanguage":"es"},{"@type":"Organization","@id":"https:\/\/megapets.eu\/es\/#organization","name":"Mega Pets","url":"https:\/\/megapets.eu\/es\/","logo":{"@type":"ImageObject","inLanguage":"es","@id":"https:\/\/megapets.eu\/es\/#\/schema\/logo\/image\/","url":"https:\/\/megapets.eu\/wp-content\/uploads\/2025\/04\/megapets_eu-logo.png","contentUrl":"https:\/\/megapets.eu\/wp-content\/uploads\/2025\/04\/megapets_eu-logo.png","width":2362,"height":2362,"caption":"Mega Pets"},"image":{"@id":"https:\/\/megapets.eu\/es\/#\/schema\/logo\/image\/"},"sameAs":["https:\/\/www.facebook.com\/MegaPets.eu\/"]}]}},"_links":{"self":[{"href":"https:\/\/megapets.eu\/es\/wp-json\/wp\/v2\/pages\/5641","targetHints":{"allow":["GET"]}}],"collection":[{"href":"https:\/\/megapets.eu\/es\/wp-json\/wp\/v2\/pages"}],"about":[{"href":"https:\/\/megapets.eu\/es\/wp-json\/wp\/v2\/types\/page"}],"author":[{"embeddable":true,"href":"https:\/\/megapets.eu\/es\/wp-json\/wp\/v2\/users\/4"}],"replies":[{"embeddable":true,"href":"https:\/\/megapets.eu\/es\/wp-json\/wp\/v2\/comments?post=5641"}],"version-history":[{"count":0,"href":"https:\/\/megapets.eu\/es\/wp-json\/wp\/v2\/pages\/5641\/revisions"}],"wp:attachment":[{"href":"https:\/\/megapets.eu\/es\/wp-json\/wp\/v2\/media?parent=5641"}],"curies":[{"name":"wp","href":"https:\/\/api.w.org\/{rel}","templated":true}]}}