{"id":10365,"date":"2025-08-26T09:01:26","date_gmt":"2025-08-26T09:01:26","guid":{"rendered":"https:\/\/megapets.eu\/?post_type=product&#038;p=10365"},"modified":"2025-08-26T09:07:49","modified_gmt":"2025-08-26T09:07:49","slug":"achatina-achatina-estandar-nigeriaestandar-p14-kopia","status":"publish","type":"product","link":"https:\/\/megapets.eu\/es\/caracoles\/achatina-achatina-estandar-nigeriaestandar-p14-kopia\/","title":{"rendered":"Achatina achatina est\u00e1ndar Nigeria<br>est\u00e1ndar \/ P14 (Kopia)"},"content":{"rendered":"<p><span style=\"color: #424242; font-size: 15px;\"><em><span style=\"color: #000000;\"><strong>Especie:<\/strong> <span style=\"font-size: 15px;\">Achatina achatina achatina (Linnaeus, 1758)<\/span><\/span><\/em><em><br \/>\n<\/em><em><span style=\"color: #000000;\"><strong>Variedad de color<\/strong>: est\u00e1ndar <\/span><\/em><em><br \/>\n<\/em><em><span style=\"color: #000000;\"><strong>Designaci\u00f3n de l\u00ednea especial: <\/strong>\u00abNigeria\u00bb<\/span><\/em><\/span><\/p>\n<p><span style=\"font-size: 15px;\"><strong><span style=\"color: #000000;\"><em><img loading=\"lazy\" decoding=\"async\" class=\"\" src=\"https:\/\/static.xx.fbcdn.net\/images\/emoji.php\/v9\/ta\/1\/32\/1f525.png\" alt=\"\ud83d\udd25\" width=\"18\" height=\"18\"> <\/em><\/span><\/strong><span style=\"color: #000000;\"><em>Se ofrecieron juveniles de una pareja parental no relacionada. Gracias a la selecci\u00f3n constante de socios adecuados y la creaci\u00f3n de parejas de generaci\u00f3n en generaci\u00f3n, se mantienen con \u00e9xito l\u00edneas de cr\u00eda de hermosos gigantes sin parentesco y pedigr\u00ed. <\/em><\/span><\/span><\/p>\n<p style=\"text-align: left;\"><span style=\"font-size: 15px;\"><span style=\"color: #000000;\"><em><span style=\"color: #008000;\"><span style=\"color: #424242;\"><strong><img decoding=\"async\" src=\"https:\/\/static.xx.fbcdn.net\/images\/emoji.php\/v9\/tb4\/1\/16\/2b50.png\" alt=\"\u2b50\ufe0f\"><\/strong> <span style=\"color: #333333;\">Achatina achatina achatina es uno de los representantes m\u00e1s impresionantes de los caracoles gigantes terrestres, que atrae la atenci\u00f3n de los amantes del exotismo por su tama\u00f1o y caparaz\u00f3n extremadamente impresionante. Su majestuoso caparaz\u00f3n de color marr\u00f3n anaranjado, adornado con audaces rayas oscuras como patrones de tigre, es una prueba viviente del dominio de la naturaleza sobre las formas y los colores. Estos caracoles llevan un estilo de vida equilibrado, principalmente nocturno. Los juveniles pasan muchas horas en rincones apartados y acogedores, donde desarrollan su delicado crecimiento de caparaz\u00f3n. Entre las diversas especies de caracoles gigantes, puedes encontrar glotones grandes, pero no todas las especies comen mucho. Los j\u00f3venes Achatina achatina a veces tienen apetito y, a veces, despu\u00e9s de tomar algunos bocados, vuelven a descansar. El caracol come toda la comida que necesita y no puede ser sobrealimentado. Dependiendo de la especie, la edad del caracol y el grado de alimentaci\u00f3n previa, el descanso entre comidas puede durar varios d\u00edas. A medida que crecen, los caracoles de esta especie se interesan cada vez m\u00e1s por el tama\u00f1o de las porciones y su entorno. Sin embargo, todav\u00eda pasan la mayor parte de su tiempo en la arena del terrario, les gusta tomar una siesta y siguen siendo conservadores en sus elecciones de alimentos.         <\/span><\/span><\/span><\/em><\/span><\/span><\/p>\n<p style=\"text-align: left;\"><span style=\"color: #000000; font-size: 15px;\"><em><span class=\"x1xsqp64 xiy17q3 x1o6pynw x19co3pv xdj266r xcwd3tp xat24cr x39eecv x2b8uid\" data-testid=\"emoji\"><span class=\"xexx8yu xn5pp95 x18d9i69 x2fxd7x x3jgonx x1bhl96m\"><img loading=\"lazy\" decoding=\"async\" class=\"\" src=\"https:\/\/static.xx.fbcdn.net\/images\/emoji.php\/v9\/t66\/1\/32\/1f4cc.png\" alt=\"\ud83d\udccc\" width=\"18\" height=\"18\">  Los adultos suelen alcanzar unos 15-16 cm de conchas.<\/span><\/span><\/em><\/span><\/p>\n<p style=\"text-align: left;\"><span style=\"color: #000000; font-size: 15px;\"><em><img loading=\"lazy\" decoding=\"async\" class=\"xz74otr\" src=\"https:\/\/static.xx.fbcdn.net\/images\/emoji.php\/v9\/t1e\/1\/16\/1f33f.png\" alt=\"\ud83c\udf3f\" width=\"18\" height=\"18\"> <span style=\"color: #008000;\">Los caracoles de la especie Achatina achatina llevan un estilo de vida equilibrado, principalmente nocturno, creciendo lentamente. Prosperan con condiciones de vida b\u00e1sicas estables. Una forma conveniente de evaluar la efectividad del cuidado es observar su desarrollo activo, visible, entre otras cosas, a trav\u00e9s de la construcci\u00f3n de un nuevo crecimiento est\u00e9tico de la concha.  <\/span><\/em><\/span><\/p>\n","protected":false},"excerpt":{"rendered":"<ul>\n<li>Tama\u00f1o del shell objetivo:\n<ul>\n<li>De acuerdo. 15-16<\/li>\n<\/ul>\n<\/li>\n<li>De una pareja no emparentada:\n<ul>\n<li>P14<\/li>\n<\/ul>\n<\/li>\n<li>Juveniles ofrecidos:\n<ul>\n<li>aprox. 6 cm <\/li>\n<\/ul>\n<\/li>\n<li>El precio se aplica a:\n<ul>\n<li>1 pieza<\/li>\n<\/ul>\n<\/li>\n<\/ul>\n","protected":false},"featured_media":5204,"template":"","meta":{"_acf_changed":false,"_links_to":"","_links_to_target":""},"product_cat":[128],"product_tag":[],"class_list":{"0":"post-10365","1":"product","2":"type-product","3":"status-publish","4":"has-post-thumbnail","6":"product_cat-caracoles","8":"first","9":"outofstock","10":"shipping-taxable","11":"purchasable","12":"product-type-simple"},"acf":[],"yoast_head":"<!-- This site is optimized with the Yoast SEO plugin v24.9 - https:\/\/yoast.com\/wordpress\/plugins\/seo\/ -->\n<title>Achatina achatina est\u00e1ndar Nigeriaest\u00e1ndar \/ P14 (Kopia) | MegaPets<\/title>\n<meta name=\"robots\" content=\"index, follow, max-snippet:-1, max-image-preview:large, max-video-preview:-1\" \/>\n<link rel=\"canonical\" href=\"https:\/\/megapets.eu\/es\/caracoles\/achatina-achatina-estandar-nigeriaestandar-p14-kopia\/\" \/>\n<meta property=\"og:locale\" content=\"es_ES\" \/>\n<meta property=\"og:type\" content=\"article\" \/>\n<meta property=\"og:title\" content=\"Achatina achatina est\u00e1ndar Nigeriaest\u00e1ndar \/ P14 (Kopia) | MegaPets\" \/>\n<meta property=\"og:description\" content=\"Tama\u00f1o del shell objetivo:  De acuerdo. 15-16   De una pareja no emparentada:  P14   Juveniles ofrecidos:  aprox. 6 cm   El precio se aplica a:  1 pieza\" \/>\n<meta property=\"og:url\" content=\"https:\/\/megapets.eu\/es\/caracoles\/achatina-achatina-estandar-nigeriaestandar-p14-kopia\/\" \/>\n<meta property=\"og:site_name\" content=\"MegaPets\" \/>\n<meta property=\"article:publisher\" content=\"https:\/\/www.facebook.com\/MegaPets.eu\/\" \/>\n<meta property=\"article:modified_time\" content=\"2025-08-26T09:07:49+00:00\" \/>\n<meta property=\"og:image\" content=\"https:\/\/megapets.eu\/wp-content\/uploads\/2025\/08\/54-1-scaled.png\" \/>\n\t<meta property=\"og:image:width\" content=\"2560\" \/>\n\t<meta property=\"og:image:height\" content=\"1920\" \/>\n\t<meta property=\"og:image:type\" content=\"image\/png\" \/>\n<meta name=\"twitter:card\" content=\"summary_large_image\" \/>\n<meta name=\"twitter:label1\" content=\"Tiempo de lectura\" \/>\n\t<meta name=\"twitter:data1\" content=\"2 minuto\" \/>\n<script type=\"application\/ld+json\" class=\"yoast-schema-graph\">{\"@context\":\"https:\/\/schema.org\",\"@graph\":[{\"@type\":\"WebPage\",\"@id\":\"https:\/\/megapets.eu\/es\/caracoles\/achatina-achatina-estandar-nigeriaestandar-p14-kopia\/\",\"url\":\"https:\/\/megapets.eu\/es\/caracoles\/achatina-achatina-estandar-nigeriaestandar-p14-kopia\/\",\"name\":\"Achatina achatina est\u00e1ndar Nigeria est\u00e1ndar \/ P14 (Kopia) | MegaPets\",\"isPartOf\":{\"@id\":\"https:\/\/megapets.eu\/es\/#website\"},\"primaryImageOfPage\":{\"@id\":\"https:\/\/megapets.eu\/es\/caracoles\/achatina-achatina-estandar-nigeriaestandar-p14-kopia\/#primaryimage\"},\"image\":{\"@id\":\"https:\/\/megapets.eu\/es\/caracoles\/achatina-achatina-estandar-nigeriaestandar-p14-kopia\/#primaryimage\"},\"thumbnailUrl\":\"https:\/\/megapets.eu\/wp-content\/uploads\/2024\/10\/logo4.jpg\",\"datePublished\":\"2025-08-26T09:01:26+00:00\",\"dateModified\":\"2025-08-26T09:07:49+00:00\",\"breadcrumb\":{\"@id\":\"https:\/\/megapets.eu\/es\/caracoles\/achatina-achatina-estandar-nigeriaestandar-p14-kopia\/#breadcrumb\"},\"inLanguage\":\"es\",\"potentialAction\":[{\"@type\":\"ReadAction\",\"target\":[\"https:\/\/megapets.eu\/es\/caracoles\/achatina-achatina-estandar-nigeriaestandar-p14-kopia\/\"]}]},{\"@type\":\"ImageObject\",\"inLanguage\":\"es\",\"@id\":\"https:\/\/megapets.eu\/es\/caracoles\/achatina-achatina-estandar-nigeriaestandar-p14-kopia\/#primaryimage\",\"url\":\"https:\/\/megapets.eu\/wp-content\/uploads\/2024\/10\/logo4.jpg\",\"contentUrl\":\"https:\/\/megapets.eu\/wp-content\/uploads\/2024\/10\/logo4.jpg\",\"width\":1212,\"height\":804},{\"@type\":\"BreadcrumbList\",\"@id\":\"https:\/\/megapets.eu\/es\/caracoles\/achatina-achatina-estandar-nigeriaestandar-p14-kopia\/#breadcrumb\",\"itemListElement\":[{\"@type\":\"ListItem\",\"position\":1,\"name\":\"Strona g\u0142\u00f3wna\",\"item\":\"https:\/\/megapets.eu\/es\/\"},{\"@type\":\"ListItem\",\"position\":2,\"name\":\"Almacenar\",\"item\":\"https:\/\/megapets.eu\/almacenar\/\"},{\"@type\":\"ListItem\",\"position\":3,\"name\":\"Achatina achatina est\u00e1ndar Nigeriaest\u00e1ndar \/ P14 (Kopia)\"}]},{\"@type\":\"WebSite\",\"@id\":\"https:\/\/megapets.eu\/es\/#website\",\"url\":\"https:\/\/megapets.eu\/es\/\",\"name\":\"Mega Pets\",\"description\":\"Jedna z najwi\u0119kszych hodowli \u015blimak\u00f3w w Europie\",\"publisher\":{\"@id\":\"https:\/\/megapets.eu\/es\/#organization\"},\"alternateName\":\"Mega Pets\",\"potentialAction\":[{\"@type\":\"SearchAction\",\"target\":{\"@type\":\"EntryPoint\",\"urlTemplate\":\"https:\/\/megapets.eu\/es\/?s={search_term_string}\"},\"query-input\":{\"@type\":\"PropertyValueSpecification\",\"valueRequired\":true,\"valueName\":\"search_term_string\"}}],\"inLanguage\":\"es\"},{\"@type\":\"Organization\",\"@id\":\"https:\/\/megapets.eu\/es\/#organization\",\"name\":\"Mega Pets\",\"url\":\"https:\/\/megapets.eu\/es\/\",\"logo\":{\"@type\":\"ImageObject\",\"inLanguage\":\"es\",\"@id\":\"https:\/\/megapets.eu\/es\/#\/schema\/logo\/image\/\",\"url\":\"https:\/\/megapets.eu\/wp-content\/uploads\/2025\/04\/megapets_eu-logo.png\",\"contentUrl\":\"https:\/\/megapets.eu\/wp-content\/uploads\/2025\/04\/megapets_eu-logo.png\",\"width\":2362,\"height\":2362,\"caption\":\"Mega Pets\"},\"image\":{\"@id\":\"https:\/\/megapets.eu\/es\/#\/schema\/logo\/image\/\"},\"sameAs\":[\"https:\/\/www.facebook.com\/MegaPets.eu\/\"]}]}<\/script>\n<!-- \/ Yoast SEO plugin. -->","yoast_head_json":{"title":"Achatina achatina est\u00e1ndar Nigeriaest\u00e1ndar \/ P14 (Kopia) | MegaPets","robots":{"index":"index","follow":"follow","max-snippet":"max-snippet:-1","max-image-preview":"max-image-preview:large","max-video-preview":"max-video-preview:-1"},"canonical":"https:\/\/megapets.eu\/es\/caracoles\/achatina-achatina-estandar-nigeriaestandar-p14-kopia\/","og_locale":"es_ES","og_type":"article","og_title":"Achatina achatina est\u00e1ndar Nigeriaest\u00e1ndar \/ P14 (Kopia) | MegaPets","og_description":"Tama\u00f1o del shell objetivo:  De acuerdo. 15-16   De una pareja no emparentada:  P14   Juveniles ofrecidos:  aprox. 6 cm   El precio se aplica a:  1 pieza","og_url":"https:\/\/megapets.eu\/es\/caracoles\/achatina-achatina-estandar-nigeriaestandar-p14-kopia\/","og_site_name":"MegaPets","article_publisher":"https:\/\/www.facebook.com\/MegaPets.eu\/","article_modified_time":"2025-08-26T09:07:49+00:00","og_image":[{"width":2560,"height":1920,"url":"https:\/\/megapets.eu\/wp-content\/uploads\/2025\/08\/54-1-scaled.png","type":"image\/png"}],"twitter_card":"summary_large_image","twitter_misc":{"Tiempo de lectura":"2 minuto"},"schema":{"@context":"https:\/\/schema.org","@graph":[{"@type":"WebPage","@id":"https:\/\/megapets.eu\/es\/caracoles\/achatina-achatina-estandar-nigeriaestandar-p14-kopia\/","url":"https:\/\/megapets.eu\/es\/caracoles\/achatina-achatina-estandar-nigeriaestandar-p14-kopia\/","name":"Achatina achatina est\u00e1ndar Nigeria est\u00e1ndar \/ P14 (Kopia) | MegaPets","isPartOf":{"@id":"https:\/\/megapets.eu\/es\/#website"},"primaryImageOfPage":{"@id":"https:\/\/megapets.eu\/es\/caracoles\/achatina-achatina-estandar-nigeriaestandar-p14-kopia\/#primaryimage"},"image":{"@id":"https:\/\/megapets.eu\/es\/caracoles\/achatina-achatina-estandar-nigeriaestandar-p14-kopia\/#primaryimage"},"thumbnailUrl":"https:\/\/megapets.eu\/wp-content\/uploads\/2024\/10\/logo4.jpg","datePublished":"2025-08-26T09:01:26+00:00","dateModified":"2025-08-26T09:07:49+00:00","breadcrumb":{"@id":"https:\/\/megapets.eu\/es\/caracoles\/achatina-achatina-estandar-nigeriaestandar-p14-kopia\/#breadcrumb"},"inLanguage":"es","potentialAction":[{"@type":"ReadAction","target":["https:\/\/megapets.eu\/es\/caracoles\/achatina-achatina-estandar-nigeriaestandar-p14-kopia\/"]}]},{"@type":"ImageObject","inLanguage":"es","@id":"https:\/\/megapets.eu\/es\/caracoles\/achatina-achatina-estandar-nigeriaestandar-p14-kopia\/#primaryimage","url":"https:\/\/megapets.eu\/wp-content\/uploads\/2024\/10\/logo4.jpg","contentUrl":"https:\/\/megapets.eu\/wp-content\/uploads\/2024\/10\/logo4.jpg","width":1212,"height":804},{"@type":"BreadcrumbList","@id":"https:\/\/megapets.eu\/es\/caracoles\/achatina-achatina-estandar-nigeriaestandar-p14-kopia\/#breadcrumb","itemListElement":[{"@type":"ListItem","position":1,"name":"Strona g\u0142\u00f3wna","item":"https:\/\/megapets.eu\/es\/"},{"@type":"ListItem","position":2,"name":"Almacenar","item":"https:\/\/megapets.eu\/almacenar\/"},{"@type":"ListItem","position":3,"name":"Achatina achatina est\u00e1ndar Nigeriaest\u00e1ndar \/ P14 (Kopia)"}]},{"@type":"WebSite","@id":"https:\/\/megapets.eu\/es\/#website","url":"https:\/\/megapets.eu\/es\/","name":"Mega Pets","description":"Jedna z najwi\u0119kszych hodowli \u015blimak\u00f3w w Europie","publisher":{"@id":"https:\/\/megapets.eu\/es\/#organization"},"alternateName":"Mega Pets","potentialAction":[{"@type":"SearchAction","target":{"@type":"EntryPoint","urlTemplate":"https:\/\/megapets.eu\/es\/?s={search_term_string}"},"query-input":{"@type":"PropertyValueSpecification","valueRequired":true,"valueName":"search_term_string"}}],"inLanguage":"es"},{"@type":"Organization","@id":"https:\/\/megapets.eu\/es\/#organization","name":"Mega Pets","url":"https:\/\/megapets.eu\/es\/","logo":{"@type":"ImageObject","inLanguage":"es","@id":"https:\/\/megapets.eu\/es\/#\/schema\/logo\/image\/","url":"https:\/\/megapets.eu\/wp-content\/uploads\/2025\/04\/megapets_eu-logo.png","contentUrl":"https:\/\/megapets.eu\/wp-content\/uploads\/2025\/04\/megapets_eu-logo.png","width":2362,"height":2362,"caption":"Mega Pets"},"image":{"@id":"https:\/\/megapets.eu\/es\/#\/schema\/logo\/image\/"},"sameAs":["https:\/\/www.facebook.com\/MegaPets.eu\/"]}]}},"_links":{"self":[{"href":"https:\/\/megapets.eu\/es\/wp-json\/wp\/v2\/product\/10365","targetHints":{"allow":["GET"]}}],"collection":[{"href":"https:\/\/megapets.eu\/es\/wp-json\/wp\/v2\/product"}],"about":[{"href":"https:\/\/megapets.eu\/es\/wp-json\/wp\/v2\/types\/product"}],"wp:featuredmedia":[{"embeddable":true,"href":"https:\/\/megapets.eu\/es\/wp-json\/wp\/v2\/media\/5204"}],"wp:attachment":[{"href":"https:\/\/megapets.eu\/es\/wp-json\/wp\/v2\/media?parent=10365"}],"wp:term":[{"taxonomy":"product_cat","embeddable":true,"href":"https:\/\/megapets.eu\/es\/wp-json\/wp\/v2\/product_cat?post=10365"},{"taxonomy":"product_tag","embeddable":true,"href":"https:\/\/megapets.eu\/es\/wp-json\/wp\/v2\/product_tag?post=10365"}],"curies":[{"name":"wp","href":"https:\/\/api.w.org\/{rel}","templated":true}]}}