{"id":11623,"date":"2025-11-09T05:26:20","date_gmt":"2025-11-09T05:26:20","guid":{"rendered":"https:\/\/megapets.eu\/?post_type=product&#038;p=11623"},"modified":"2025-11-09T05:50:58","modified_gmt":"2025-11-09T05:50:58","slug":"envase-sepia-en-trozos-50-ml-kopia","status":"publish","type":"product","link":"https:\/\/megapets.eu\/es\/accesorios\/envase-sepia-en-trozos-50-ml-kopia\/","title":{"rendered":"Envase \u00abSepia en trozos\u00bb 50 ml (Kopia)"},"content":{"rendered":"<p><strong><span style=\"color: #e87020; font-size: 15px;\"><em>Envase \u00abSepia en trozos\u00bb 50 ml<\/em><\/span><\/strong><\/p>\n<p><strong><span style=\"color: #e87020; font-size: 15px;\"><em>Composici\u00f3n: Hueso de sepia 100% natural.<\/em><\/span><\/strong><\/p>\n<p><strong><span style=\"color: #e87020; font-size: 15px;\"><em>Un envase contiene 20-25 piezas de sepia en trozos de aproximadamente 1-2 cm.<\/em><\/span><\/strong><\/p>\n<p><strong><span style=\"color: #e87020; font-size: 15px;\"><em>El precio es por 1 envase.<\/em><\/span><\/strong><\/p>\n<p><em><span style=\"color: #424242;\"><strong><span style=\"font-size: 15px;\">La sepia en trozos es un hueso de sepia 100% natural, fuente de calcio para caracoles ex\u00f3ticos, tortugas y otros animales de terrario. Sepia en trozos despojada de su duro caparaz\u00f3n y cortada en trozos de aproximadamente 1-2 cm. Esto hace que cada lado de la sepia en trozos sea blando y f\u00e1cil de ingerir para el caracol, y el n\u00famero de trozos permite ahorrar dinero en comparaci\u00f3n con la sepia entera. C\u00f3mo alimentar a la sepia en trozos: pon 1-2 trozos de sepia en el terrario, despu\u00e9s de que el animal se haya comido la sepia, alim\u00e9ntalo con una nueva raci\u00f3n de trozos. Sustituye los trozos de sepia al primer signo de deterioro (aparici\u00f3n de manchas debidas a las condiciones h\u00famedas del terrario).<\/span><\/strong><\/span><\/em><\/p>\n<p><em><span style=\"color: #424242;\"><strong><span style=\"font-size: 15px;\">Siempre puedes variar la forma del alimento de calcio y ofrecer adicionalmente a tu mascota \u00abCalcio\u00bb. &#8211; calcio para caracoles.<\/span><\/strong><\/span><\/em><\/p>\n<p><em><span style=\"color: #424242;\"><strong><span style=\"font-size: 15px;\">Los suplementos que recomendamos son capaces de satisfacer las necesidades en nutrientes valiosos incluso de las especies m\u00e1s exigentes: \u00abProte\u00edna y Vitamina\u00bb, \u00abMezcla de hierbas ex\u00f3ticas\u00bb, \u00abGammarus molido\u00bb. Se recomienda utilizar los suplementos alternativamente, para que la dieta de tu mascota siga siendo variada y completa.<\/span><\/strong><\/span><\/em><\/p>\n","protected":false},"excerpt":{"rendered":"<ul class=\"product_attributes\">\n<li><span style=\"color: #555555;\">Ingredientes:<\/span> Hueso de sepia 100% natural<\/li>\n<li><span style=\"color: #555555;\">Contenido del paquete:<\/span> 20-25 piezas<\/li>\n<li><span style=\"color: #555555;\">El precio se aplica a<\/span> 1 paquete.<\/li>\n<\/ul>\n","protected":false},"featured_media":11996,"template":"","meta":{"_acf_changed":false,"_links_to":"","_links_to_target":""},"product_cat":[129],"product_tag":[130,133,132,131],"class_list":{"0":"post-11623","1":"product","2":"type-product","3":"status-publish","4":"has-post-thumbnail","6":"product_cat-accesorios","7":"product_tag-para-caracoles","8":"product_tag-para-las-cucarachas","9":"product_tag-para-los-isopodos","10":"product_tag-por-las-artimanas","12":"first","13":"instock","14":"shipping-taxable","15":"purchasable","16":"product-type-simple"},"acf":[],"yoast_head":"<!-- This site is optimized with the Yoast SEO plugin v24.9 - https:\/\/yoast.com\/wordpress\/plugins\/seo\/ -->\n<title>Envase &quot;Sepia en trozos&quot; 50 ml (Kopia) | MegaPets<\/title>\n<meta name=\"robots\" content=\"index, follow, max-snippet:-1, max-image-preview:large, max-video-preview:-1\" \/>\n<link rel=\"canonical\" href=\"https:\/\/megapets.eu\/es\/accesorios\/envase-sepia-en-trozos-50-ml-kopia\/\" \/>\n<meta property=\"og:locale\" content=\"es_ES\" \/>\n<meta property=\"og:type\" content=\"article\" \/>\n<meta property=\"og:title\" content=\"Envase &quot;Sepia en trozos&quot; 50 ml (Kopia) | MegaPets\" \/>\n<meta property=\"og:description\" content=\"Ingredientes: Hueso de sepia 100% natural  Contenido del paquete: 20-25 piezas  El precio se aplica a 1 paquete.\" \/>\n<meta property=\"og:url\" content=\"https:\/\/megapets.eu\/es\/accesorios\/envase-sepia-en-trozos-50-ml-kopia\/\" \/>\n<meta property=\"og:site_name\" content=\"MegaPets\" \/>\n<meta property=\"article:publisher\" content=\"https:\/\/www.facebook.com\/MegaPets.eu\/\" \/>\n<meta property=\"article:modified_time\" content=\"2025-11-09T05:50:58+00:00\" \/>\n<meta property=\"og:image\" content=\"https:\/\/megapets.eu\/wp-content\/uploads\/2025\/11\/Sepia-w-proszku-3.png\" \/>\n\t<meta property=\"og:image:width\" content=\"1536\" \/>\n\t<meta property=\"og:image:height\" content=\"1024\" \/>\n\t<meta property=\"og:image:type\" content=\"image\/png\" \/>\n<meta name=\"twitter:card\" content=\"summary_large_image\" \/>\n<meta name=\"twitter:label1\" content=\"Tiempo de lectura\" \/>\n\t<meta name=\"twitter:data1\" content=\"1 minuto\" \/>\n<script type=\"application\/ld+json\" class=\"yoast-schema-graph\">{\"@context\":\"https:\/\/schema.org\",\"@graph\":[{\"@type\":\"WebPage\",\"@id\":\"https:\/\/megapets.eu\/es\/accesorios\/envase-sepia-en-trozos-50-ml-kopia\/\",\"url\":\"https:\/\/megapets.eu\/es\/accesorios\/envase-sepia-en-trozos-50-ml-kopia\/\",\"name\":\"Envase \\\"Sepia en trozos\\\" 50 ml (Kopia) | MegaPets\",\"isPartOf\":{\"@id\":\"https:\/\/megapets.eu\/es\/#website\"},\"primaryImageOfPage\":{\"@id\":\"https:\/\/megapets.eu\/es\/accesorios\/envase-sepia-en-trozos-50-ml-kopia\/#primaryimage\"},\"image\":{\"@id\":\"https:\/\/megapets.eu\/es\/accesorios\/envase-sepia-en-trozos-50-ml-kopia\/#primaryimage\"},\"thumbnailUrl\":\"https:\/\/megapets.eu\/wp-content\/uploads\/2025\/11\/sepia-w-proszku-naturalna-WEBP.webp\",\"datePublished\":\"2025-11-09T05:26:20+00:00\",\"dateModified\":\"2025-11-09T05:50:58+00:00\",\"breadcrumb\":{\"@id\":\"https:\/\/megapets.eu\/es\/accesorios\/envase-sepia-en-trozos-50-ml-kopia\/#breadcrumb\"},\"inLanguage\":\"es\",\"potentialAction\":[{\"@type\":\"ReadAction\",\"target\":[\"https:\/\/megapets.eu\/es\/accesorios\/envase-sepia-en-trozos-50-ml-kopia\/\"]}]},{\"@type\":\"ImageObject\",\"inLanguage\":\"es\",\"@id\":\"https:\/\/megapets.eu\/es\/accesorios\/envase-sepia-en-trozos-50-ml-kopia\/#primaryimage\",\"url\":\"https:\/\/megapets.eu\/wp-content\/uploads\/2025\/11\/sepia-w-proszku-naturalna-WEBP.webp\",\"contentUrl\":\"https:\/\/megapets.eu\/wp-content\/uploads\/2025\/11\/sepia-w-proszku-naturalna-WEBP.webp\",\"width\":1200,\"height\":800},{\"@type\":\"BreadcrumbList\",\"@id\":\"https:\/\/megapets.eu\/es\/accesorios\/envase-sepia-en-trozos-50-ml-kopia\/#breadcrumb\",\"itemListElement\":[{\"@type\":\"ListItem\",\"position\":1,\"name\":\"Strona g\u0142\u00f3wna\",\"item\":\"https:\/\/megapets.eu\/es\/\"},{\"@type\":\"ListItem\",\"position\":2,\"name\":\"Almacenar\",\"item\":\"https:\/\/megapets.eu\/almacenar\/\"},{\"@type\":\"ListItem\",\"position\":3,\"name\":\"Envase &#8222;Sepia en trozos\\\" 50 ml (Kopia)\"}]},{\"@type\":\"WebSite\",\"@id\":\"https:\/\/megapets.eu\/es\/#website\",\"url\":\"https:\/\/megapets.eu\/es\/\",\"name\":\"Mega Pets\",\"description\":\"Jedna z najwi\u0119kszych hodowli \u015blimak\u00f3w w Europie\",\"publisher\":{\"@id\":\"https:\/\/megapets.eu\/es\/#organization\"},\"alternateName\":\"Mega Pets\",\"potentialAction\":[{\"@type\":\"SearchAction\",\"target\":{\"@type\":\"EntryPoint\",\"urlTemplate\":\"https:\/\/megapets.eu\/es\/?s={search_term_string}\"},\"query-input\":{\"@type\":\"PropertyValueSpecification\",\"valueRequired\":true,\"valueName\":\"search_term_string\"}}],\"inLanguage\":\"es\"},{\"@type\":\"Organization\",\"@id\":\"https:\/\/megapets.eu\/es\/#organization\",\"name\":\"Mega Pets\",\"url\":\"https:\/\/megapets.eu\/es\/\",\"logo\":{\"@type\":\"ImageObject\",\"inLanguage\":\"es\",\"@id\":\"https:\/\/megapets.eu\/es\/#\/schema\/logo\/image\/\",\"url\":\"https:\/\/megapets.eu\/wp-content\/uploads\/2025\/04\/megapets_eu-logo.png\",\"contentUrl\":\"https:\/\/megapets.eu\/wp-content\/uploads\/2025\/04\/megapets_eu-logo.png\",\"width\":2362,\"height\":2362,\"caption\":\"Mega Pets\"},\"image\":{\"@id\":\"https:\/\/megapets.eu\/es\/#\/schema\/logo\/image\/\"},\"sameAs\":[\"https:\/\/www.facebook.com\/MegaPets.eu\/\"]}]}<\/script>\n<!-- \/ Yoast SEO plugin. -->","yoast_head_json":{"title":"Envase \"Sepia en trozos\" 50 ml (Kopia) | MegaPets","robots":{"index":"index","follow":"follow","max-snippet":"max-snippet:-1","max-image-preview":"max-image-preview:large","max-video-preview":"max-video-preview:-1"},"canonical":"https:\/\/megapets.eu\/es\/accesorios\/envase-sepia-en-trozos-50-ml-kopia\/","og_locale":"es_ES","og_type":"article","og_title":"Envase \"Sepia en trozos\" 50 ml (Kopia) | MegaPets","og_description":"Ingredientes: Hueso de sepia 100% natural  Contenido del paquete: 20-25 piezas  El precio se aplica a 1 paquete.","og_url":"https:\/\/megapets.eu\/es\/accesorios\/envase-sepia-en-trozos-50-ml-kopia\/","og_site_name":"MegaPets","article_publisher":"https:\/\/www.facebook.com\/MegaPets.eu\/","article_modified_time":"2025-11-09T05:50:58+00:00","og_image":[{"width":1536,"height":1024,"url":"https:\/\/megapets.eu\/wp-content\/uploads\/2025\/11\/Sepia-w-proszku-3.png","type":"image\/png"}],"twitter_card":"summary_large_image","twitter_misc":{"Tiempo de lectura":"1 minuto"},"schema":{"@context":"https:\/\/schema.org","@graph":[{"@type":"WebPage","@id":"https:\/\/megapets.eu\/es\/accesorios\/envase-sepia-en-trozos-50-ml-kopia\/","url":"https:\/\/megapets.eu\/es\/accesorios\/envase-sepia-en-trozos-50-ml-kopia\/","name":"Envase \"Sepia en trozos\" 50 ml (Kopia) | MegaPets","isPartOf":{"@id":"https:\/\/megapets.eu\/es\/#website"},"primaryImageOfPage":{"@id":"https:\/\/megapets.eu\/es\/accesorios\/envase-sepia-en-trozos-50-ml-kopia\/#primaryimage"},"image":{"@id":"https:\/\/megapets.eu\/es\/accesorios\/envase-sepia-en-trozos-50-ml-kopia\/#primaryimage"},"thumbnailUrl":"https:\/\/megapets.eu\/wp-content\/uploads\/2025\/11\/sepia-w-proszku-naturalna-WEBP.webp","datePublished":"2025-11-09T05:26:20+00:00","dateModified":"2025-11-09T05:50:58+00:00","breadcrumb":{"@id":"https:\/\/megapets.eu\/es\/accesorios\/envase-sepia-en-trozos-50-ml-kopia\/#breadcrumb"},"inLanguage":"es","potentialAction":[{"@type":"ReadAction","target":["https:\/\/megapets.eu\/es\/accesorios\/envase-sepia-en-trozos-50-ml-kopia\/"]}]},{"@type":"ImageObject","inLanguage":"es","@id":"https:\/\/megapets.eu\/es\/accesorios\/envase-sepia-en-trozos-50-ml-kopia\/#primaryimage","url":"https:\/\/megapets.eu\/wp-content\/uploads\/2025\/11\/sepia-w-proszku-naturalna-WEBP.webp","contentUrl":"https:\/\/megapets.eu\/wp-content\/uploads\/2025\/11\/sepia-w-proszku-naturalna-WEBP.webp","width":1200,"height":800},{"@type":"BreadcrumbList","@id":"https:\/\/megapets.eu\/es\/accesorios\/envase-sepia-en-trozos-50-ml-kopia\/#breadcrumb","itemListElement":[{"@type":"ListItem","position":1,"name":"Strona g\u0142\u00f3wna","item":"https:\/\/megapets.eu\/es\/"},{"@type":"ListItem","position":2,"name":"Almacenar","item":"https:\/\/megapets.eu\/almacenar\/"},{"@type":"ListItem","position":3,"name":"Envase &#8222;Sepia en trozos\" 50 ml (Kopia)"}]},{"@type":"WebSite","@id":"https:\/\/megapets.eu\/es\/#website","url":"https:\/\/megapets.eu\/es\/","name":"Mega Pets","description":"Jedna z najwi\u0119kszych hodowli \u015blimak\u00f3w w Europie","publisher":{"@id":"https:\/\/megapets.eu\/es\/#organization"},"alternateName":"Mega Pets","potentialAction":[{"@type":"SearchAction","target":{"@type":"EntryPoint","urlTemplate":"https:\/\/megapets.eu\/es\/?s={search_term_string}"},"query-input":{"@type":"PropertyValueSpecification","valueRequired":true,"valueName":"search_term_string"}}],"inLanguage":"es"},{"@type":"Organization","@id":"https:\/\/megapets.eu\/es\/#organization","name":"Mega Pets","url":"https:\/\/megapets.eu\/es\/","logo":{"@type":"ImageObject","inLanguage":"es","@id":"https:\/\/megapets.eu\/es\/#\/schema\/logo\/image\/","url":"https:\/\/megapets.eu\/wp-content\/uploads\/2025\/04\/megapets_eu-logo.png","contentUrl":"https:\/\/megapets.eu\/wp-content\/uploads\/2025\/04\/megapets_eu-logo.png","width":2362,"height":2362,"caption":"Mega Pets"},"image":{"@id":"https:\/\/megapets.eu\/es\/#\/schema\/logo\/image\/"},"sameAs":["https:\/\/www.facebook.com\/MegaPets.eu\/"]}]}},"_links":{"self":[{"href":"https:\/\/megapets.eu\/es\/wp-json\/wp\/v2\/product\/11623","targetHints":{"allow":["GET"]}}],"collection":[{"href":"https:\/\/megapets.eu\/es\/wp-json\/wp\/v2\/product"}],"about":[{"href":"https:\/\/megapets.eu\/es\/wp-json\/wp\/v2\/types\/product"}],"wp:featuredmedia":[{"embeddable":true,"href":"https:\/\/megapets.eu\/es\/wp-json\/wp\/v2\/media\/11996"}],"wp:attachment":[{"href":"https:\/\/megapets.eu\/es\/wp-json\/wp\/v2\/media?parent=11623"}],"wp:term":[{"taxonomy":"product_cat","embeddable":true,"href":"https:\/\/megapets.eu\/es\/wp-json\/wp\/v2\/product_cat?post=11623"},{"taxonomy":"product_tag","embeddable":true,"href":"https:\/\/megapets.eu\/es\/wp-json\/wp\/v2\/product_tag?post=11623"}],"curies":[{"name":"wp","href":"https:\/\/api.w.org\/{rel}","templated":true}]}}