{"id":5018,"date":"2025-05-13T16:20:36","date_gmt":"2025-05-13T16:20:36","guid":{"rendered":"https:\/\/megapets.eu\/sin categor\u00eda\/archachatina-marginata-ovum-xxlestandar-pareja-p20\/"},"modified":"2025-05-13T16:20:36","modified_gmt":"2025-05-13T16:20:36","slug":"archachatina-marginata-ovum-xxlestandar-pareja-p20","status":"publish","type":"product","link":"https:\/\/megapets.eu\/es\/caracoles\/archachatina-marginata-ovum-xxlestandar-pareja-p20\/","title":{"rendered":"Archachatina marginata ovum XXL<br \/>est\u00e1ndar \/ pareja P20"},"content":{"rendered":"<p class=\"v1v1v1v1MsoNormal\"><span style=\"color: #424242; font-size: 15px;\"><em><span style=\"color: #000000;\"><strong>Especie:<\/strong> <\/span><\/em><span style=\"color: #000000;\"><em>Archachatina marginata ovum (L. Pfeiffer, 1858)<\/em><\/span><em><br \/>\n<strong><span style=\"color: #000000;\">Designaci\u00f3n especial del linaje: <\/span><\/strong><\/em><em><span style=\"color: #000000;\">\u00abXXL\u00bb<\/span><\/em><em><br \/>\n<span style=\"color: #000000;\"><strong>Variedad de color<\/strong>:<\/span><\/em><em><span style=\"color: #000000;\"> est\u00e1ndar<\/span><\/em><\/span><\/p>\n<p><span style=\"font-size: 15px;\"><strong><span style=\"color: #000000;\"><em><span style=\"color: #008000;\"><span style=\"color: #424242;\"><img decoding=\"async\" src=\"https:\/\/static.xx.fbcdn.net\/images\/emoji.php\/v9\/tb4\/1\/16\/2b50.png\" alt=\"\u2b50\ufe0f\" \/><\/span><\/span> <\/em><\/span><\/strong><span style=\"color: #000000;\"><em>Alevines ofrecidos de la mejor generaci\u00f3n &#8211; CB1.F1, de una pareja parental WC\/LTC no emparentada. Los caracoles tienen un pedigr\u00ed inicial.<\/em><\/span><\/span><\/p>\n<p style=\"text-align: left;\"><span style=\"font-size: 15px;\"><span style=\"color: #000000;\"><em><img loading=\"lazy\" decoding=\"async\" class=\"\" src=\"https:\/\/static.xx.fbcdn.net\/images\/emoji.php\/v9\/ta\/1\/32\/1f525.png\" alt=\"\ud83d\udd25\" width=\"18\" height=\"18\" \/> <\/em><\/span><em style=\"color: #000000;\"><span style=\"color: #008000;\"><span style=\"color: #424242;\"><span style=\"color: #993300;\">Uno de los mayores caracoles terrestres, los gigantes indiscutibles Archachatina marginata ovum XXL, en la variedad de color est\u00e1ndar, cautivan a primera vista por su tama\u00f1o colosal. Estos gigantes marrones, muy conocidos entre los amantes de los caracoles, alcanzan unas impresionantes dimensiones de m\u00e1s de 16 cm de concha. Sin embargo, \u00e9ste no es el l\u00edmite: tambi\u00e9n hay ejemplares de tama\u00f1o excepcional, que oscilan entre los 18 y los 20 cm. Las conchas de los verdaderos gigantes son muy anchas y macizas, y un caracol de esta especie pesa m\u00e1s de medio kilo.<\/span><\/span><\/span><\/em><\/span><\/p>\n<p style=\"text-align: left;\"><span style=\"color: #000000; font-size: 15px;\"><em><span class=\"x1xsqp64 xiy17q3 x1o6pynw x19co3pv xdj266r xcwd3tp xat24cr x39eecv x2b8uid\" data-testid=\"emoji\"><span class=\"xexx8yu xn5pp95 x18d9i69 x2fxd7x x3jgonx x1bhl96m\"><img loading=\"lazy\" decoding=\"async\" class=\"\" src=\"https:\/\/static.xx.fbcdn.net\/images\/emoji.php\/v9\/t66\/1\/32\/1f4cc.png\" alt=\"\ud83d\udccc\" width=\"18\" height=\"18\" \/> La concha mate no tiene una coloraci\u00f3n uniforme: presenta una escala de colores que va del amarillo, naranja, marr\u00f3n al negro y sus matices de intensidad y saturaci\u00f3n variables.  El fondo del caparaz\u00f3n est\u00e1 densamente salpicado de distintas rayas, zigzags y manchas. Las rayas, zigzags y manchas est\u00e1n a veces tan densamente distribuidas que pueden cubrir casi por completo la espiral corp\u00f3rea de la concha y darle un color marr\u00f3n anaranjado intenso u oscurecer significativamente la concha hasta tonos marr\u00f3n-negro intensos.<\/span><\/span><\/em><\/span><\/p>\n<p style=\"text-align: left;\"><span style=\"color: #000000; font-size: 15px;\"><em><img loading=\"lazy\" decoding=\"async\" class=\"xz74otr\" src=\"https:\/\/static.xx.fbcdn.net\/images\/emoji.php\/v9\/t1e\/1\/16\/1f33f.png\" alt=\"\ud83c\udf3f\" width=\"18\" height=\"18\" \/> <span style=\"color: #008000;\">Como la mayor\u00eda de las especies del g\u00e9nero Archachatina, estos caracoles son poco exigentes y prosperan cuando se les proporcionan unas condiciones b\u00e1sicas de mantenimiento.<\/span><\/em><\/span><\/p>\n","protected":false},"excerpt":{"rendered":"<ul>\n<li>Tama\u00f1o del caparaz\u00f3n objetivo\n<ul>\n<li>aprox. 16 cm y superior<\/li>\n<\/ul>\n<\/li>\n<li>De una pareja no emparentada:\n<ul>\n<li>P20<\/li>\n<\/ul>\n<\/li>\n<li>Juvenil ofrecido:\n<ul>\n<li>aprox. 5 cm<\/li>\n<\/ul>\n<\/li>\n<li>El precio es por\n<ul>\n<li>1 unidad<\/li>\n<\/ul>\n<\/li>\n<\/ul>\n","protected":false},"featured_media":5019,"template":"","meta":{"_acf_changed":false,"_links_to":"","_links_to_target":""},"product_cat":[128],"product_tag":[],"class_list":{"0":"post-5018","1":"product","2":"type-product","3":"status-publish","4":"has-post-thumbnail","6":"product_cat-caracoles","8":"first","9":"instock","10":"shipping-taxable","11":"purchasable","12":"product-type-simple"},"acf":[],"yoast_head":"<!-- This site is optimized with the Yoast SEO plugin v24.9 - https:\/\/yoast.com\/wordpress\/plugins\/seo\/ -->\n<title>Archachatina marginata ovum XXLest\u00e1ndar \/ pareja P20 | MegaPets<\/title>\n<meta name=\"robots\" content=\"index, follow, max-snippet:-1, max-image-preview:large, max-video-preview:-1\" \/>\n<link rel=\"canonical\" href=\"https:\/\/megapets.eu\/es\/caracoles\/archachatina-marginata-ovum-xxlestandar-pareja-p20\/\" \/>\n<meta property=\"og:locale\" content=\"es_ES\" \/>\n<meta property=\"og:type\" content=\"article\" \/>\n<meta property=\"og:title\" content=\"Archachatina marginata ovum XXLest\u00e1ndar \/ pareja P20 | MegaPets\" \/>\n<meta property=\"og:description\" content=\"Tama\u00f1o del caparaz\u00f3n objetivo  aprox. 16 cm y superior   De una pareja no emparentada:  P20   Juvenil ofrecido:  aprox. 5 cm   El precio es por  1 unidad\" \/>\n<meta property=\"og:url\" content=\"https:\/\/megapets.eu\/es\/caracoles\/archachatina-marginata-ovum-xxlestandar-pareja-p20\/\" \/>\n<meta property=\"og:site_name\" content=\"MegaPets\" \/>\n<meta property=\"article:publisher\" content=\"https:\/\/www.facebook.com\/MegaPets.eu\/\" \/>\n<meta property=\"og:image\" content=\"https:\/\/megapets.eu\/wp-content\/uploads\/2025\/05\/XXL-P-20.png\" \/>\n\t<meta property=\"og:image:width\" content=\"1048\" \/>\n\t<meta property=\"og:image:height\" content=\"690\" \/>\n\t<meta property=\"og:image:type\" content=\"image\/png\" \/>\n<meta name=\"twitter:card\" content=\"summary_large_image\" \/>\n<meta name=\"twitter:label1\" content=\"Tiempo de lectura\" \/>\n\t<meta name=\"twitter:data1\" content=\"1 minuto\" \/>\n<script type=\"application\/ld+json\" class=\"yoast-schema-graph\">{\"@context\":\"https:\/\/schema.org\",\"@graph\":[{\"@type\":\"WebPage\",\"@id\":\"https:\/\/megapets.eu\/es\/caracoles\/archachatina-marginata-ovum-xxlestandar-pareja-p20\/\",\"url\":\"https:\/\/megapets.eu\/es\/caracoles\/archachatina-marginata-ovum-xxlestandar-pareja-p20\/\",\"name\":\"Archachatina marginata ovum XXL est\u00e1ndar \/ pareja P20 | MegaPets\",\"isPartOf\":{\"@id\":\"https:\/\/megapets.eu\/es\/#website\"},\"primaryImageOfPage\":{\"@id\":\"https:\/\/megapets.eu\/es\/caracoles\/archachatina-marginata-ovum-xxlestandar-pareja-p20\/#primaryimage\"},\"image\":{\"@id\":\"https:\/\/megapets.eu\/es\/caracoles\/archachatina-marginata-ovum-xxlestandar-pareja-p20\/#primaryimage\"},\"thumbnailUrl\":\"https:\/\/megapets.eu\/wp-content\/uploads\/2025\/05\/XXL-P-20.png\",\"datePublished\":\"2025-05-13T16:20:36+00:00\",\"breadcrumb\":{\"@id\":\"https:\/\/megapets.eu\/es\/caracoles\/archachatina-marginata-ovum-xxlestandar-pareja-p20\/#breadcrumb\"},\"inLanguage\":\"es\",\"potentialAction\":[{\"@type\":\"ReadAction\",\"target\":[\"https:\/\/megapets.eu\/es\/caracoles\/archachatina-marginata-ovum-xxlestandar-pareja-p20\/\"]}]},{\"@type\":\"ImageObject\",\"inLanguage\":\"es\",\"@id\":\"https:\/\/megapets.eu\/es\/caracoles\/archachatina-marginata-ovum-xxlestandar-pareja-p20\/#primaryimage\",\"url\":\"https:\/\/megapets.eu\/wp-content\/uploads\/2025\/05\/XXL-P-20.png\",\"contentUrl\":\"https:\/\/megapets.eu\/wp-content\/uploads\/2025\/05\/XXL-P-20.png\",\"width\":1048,\"height\":690},{\"@type\":\"BreadcrumbList\",\"@id\":\"https:\/\/megapets.eu\/es\/caracoles\/archachatina-marginata-ovum-xxlestandar-pareja-p20\/#breadcrumb\",\"itemListElement\":[{\"@type\":\"ListItem\",\"position\":1,\"name\":\"Strona g\u0142\u00f3wna\",\"item\":\"https:\/\/megapets.eu\/es\/\"},{\"@type\":\"ListItem\",\"position\":2,\"name\":\"Almacenar\",\"item\":\"https:\/\/megapets.eu\/almacenar\/\"},{\"@type\":\"ListItem\",\"position\":3,\"name\":\"Archachatina marginata ovum XXLest\u00e1ndar \/ pareja P20\"}]},{\"@type\":\"WebSite\",\"@id\":\"https:\/\/megapets.eu\/es\/#website\",\"url\":\"https:\/\/megapets.eu\/es\/\",\"name\":\"Mega Pets\",\"description\":\"Jedna z najwi\u0119kszych hodowli \u015blimak\u00f3w w Europie\",\"publisher\":{\"@id\":\"https:\/\/megapets.eu\/es\/#organization\"},\"alternateName\":\"Mega Pets\",\"potentialAction\":[{\"@type\":\"SearchAction\",\"target\":{\"@type\":\"EntryPoint\",\"urlTemplate\":\"https:\/\/megapets.eu\/es\/?s={search_term_string}\"},\"query-input\":{\"@type\":\"PropertyValueSpecification\",\"valueRequired\":true,\"valueName\":\"search_term_string\"}}],\"inLanguage\":\"es\"},{\"@type\":\"Organization\",\"@id\":\"https:\/\/megapets.eu\/es\/#organization\",\"name\":\"Mega Pets\",\"url\":\"https:\/\/megapets.eu\/es\/\",\"logo\":{\"@type\":\"ImageObject\",\"inLanguage\":\"es\",\"@id\":\"https:\/\/megapets.eu\/es\/#\/schema\/logo\/image\/\",\"url\":\"https:\/\/megapets.eu\/wp-content\/uploads\/2025\/04\/megapets_eu-logo.png\",\"contentUrl\":\"https:\/\/megapets.eu\/wp-content\/uploads\/2025\/04\/megapets_eu-logo.png\",\"width\":2362,\"height\":2362,\"caption\":\"Mega Pets\"},\"image\":{\"@id\":\"https:\/\/megapets.eu\/es\/#\/schema\/logo\/image\/\"},\"sameAs\":[\"https:\/\/www.facebook.com\/MegaPets.eu\/\"]}]}<\/script>\n<!-- \/ Yoast SEO plugin. -->","yoast_head_json":{"title":"Archachatina marginata ovum XXLest\u00e1ndar \/ pareja P20 | MegaPets","robots":{"index":"index","follow":"follow","max-snippet":"max-snippet:-1","max-image-preview":"max-image-preview:large","max-video-preview":"max-video-preview:-1"},"canonical":"https:\/\/megapets.eu\/es\/caracoles\/archachatina-marginata-ovum-xxlestandar-pareja-p20\/","og_locale":"es_ES","og_type":"article","og_title":"Archachatina marginata ovum XXLest\u00e1ndar \/ pareja P20 | MegaPets","og_description":"Tama\u00f1o del caparaz\u00f3n objetivo  aprox. 16 cm y superior   De una pareja no emparentada:  P20   Juvenil ofrecido:  aprox. 5 cm   El precio es por  1 unidad","og_url":"https:\/\/megapets.eu\/es\/caracoles\/archachatina-marginata-ovum-xxlestandar-pareja-p20\/","og_site_name":"MegaPets","article_publisher":"https:\/\/www.facebook.com\/MegaPets.eu\/","og_image":[{"width":1048,"height":690,"url":"https:\/\/megapets.eu\/wp-content\/uploads\/2025\/05\/XXL-P-20.png","type":"image\/png"}],"twitter_card":"summary_large_image","twitter_misc":{"Tiempo de lectura":"1 minuto"},"schema":{"@context":"https:\/\/schema.org","@graph":[{"@type":"WebPage","@id":"https:\/\/megapets.eu\/es\/caracoles\/archachatina-marginata-ovum-xxlestandar-pareja-p20\/","url":"https:\/\/megapets.eu\/es\/caracoles\/archachatina-marginata-ovum-xxlestandar-pareja-p20\/","name":"Archachatina marginata ovum XXL est\u00e1ndar \/ pareja P20 | MegaPets","isPartOf":{"@id":"https:\/\/megapets.eu\/es\/#website"},"primaryImageOfPage":{"@id":"https:\/\/megapets.eu\/es\/caracoles\/archachatina-marginata-ovum-xxlestandar-pareja-p20\/#primaryimage"},"image":{"@id":"https:\/\/megapets.eu\/es\/caracoles\/archachatina-marginata-ovum-xxlestandar-pareja-p20\/#primaryimage"},"thumbnailUrl":"https:\/\/megapets.eu\/wp-content\/uploads\/2025\/05\/XXL-P-20.png","datePublished":"2025-05-13T16:20:36+00:00","breadcrumb":{"@id":"https:\/\/megapets.eu\/es\/caracoles\/archachatina-marginata-ovum-xxlestandar-pareja-p20\/#breadcrumb"},"inLanguage":"es","potentialAction":[{"@type":"ReadAction","target":["https:\/\/megapets.eu\/es\/caracoles\/archachatina-marginata-ovum-xxlestandar-pareja-p20\/"]}]},{"@type":"ImageObject","inLanguage":"es","@id":"https:\/\/megapets.eu\/es\/caracoles\/archachatina-marginata-ovum-xxlestandar-pareja-p20\/#primaryimage","url":"https:\/\/megapets.eu\/wp-content\/uploads\/2025\/05\/XXL-P-20.png","contentUrl":"https:\/\/megapets.eu\/wp-content\/uploads\/2025\/05\/XXL-P-20.png","width":1048,"height":690},{"@type":"BreadcrumbList","@id":"https:\/\/megapets.eu\/es\/caracoles\/archachatina-marginata-ovum-xxlestandar-pareja-p20\/#breadcrumb","itemListElement":[{"@type":"ListItem","position":1,"name":"Strona g\u0142\u00f3wna","item":"https:\/\/megapets.eu\/es\/"},{"@type":"ListItem","position":2,"name":"Almacenar","item":"https:\/\/megapets.eu\/almacenar\/"},{"@type":"ListItem","position":3,"name":"Archachatina marginata ovum XXLest\u00e1ndar \/ pareja P20"}]},{"@type":"WebSite","@id":"https:\/\/megapets.eu\/es\/#website","url":"https:\/\/megapets.eu\/es\/","name":"Mega Pets","description":"Jedna z najwi\u0119kszych hodowli \u015blimak\u00f3w w Europie","publisher":{"@id":"https:\/\/megapets.eu\/es\/#organization"},"alternateName":"Mega Pets","potentialAction":[{"@type":"SearchAction","target":{"@type":"EntryPoint","urlTemplate":"https:\/\/megapets.eu\/es\/?s={search_term_string}"},"query-input":{"@type":"PropertyValueSpecification","valueRequired":true,"valueName":"search_term_string"}}],"inLanguage":"es"},{"@type":"Organization","@id":"https:\/\/megapets.eu\/es\/#organization","name":"Mega Pets","url":"https:\/\/megapets.eu\/es\/","logo":{"@type":"ImageObject","inLanguage":"es","@id":"https:\/\/megapets.eu\/es\/#\/schema\/logo\/image\/","url":"https:\/\/megapets.eu\/wp-content\/uploads\/2025\/04\/megapets_eu-logo.png","contentUrl":"https:\/\/megapets.eu\/wp-content\/uploads\/2025\/04\/megapets_eu-logo.png","width":2362,"height":2362,"caption":"Mega Pets"},"image":{"@id":"https:\/\/megapets.eu\/es\/#\/schema\/logo\/image\/"},"sameAs":["https:\/\/www.facebook.com\/MegaPets.eu\/"]}]}},"_links":{"self":[{"href":"https:\/\/megapets.eu\/es\/wp-json\/wp\/v2\/product\/5018","targetHints":{"allow":["GET"]}}],"collection":[{"href":"https:\/\/megapets.eu\/es\/wp-json\/wp\/v2\/product"}],"about":[{"href":"https:\/\/megapets.eu\/es\/wp-json\/wp\/v2\/types\/product"}],"wp:featuredmedia":[{"embeddable":true,"href":"https:\/\/megapets.eu\/es\/wp-json\/wp\/v2\/media\/5019"}],"wp:attachment":[{"href":"https:\/\/megapets.eu\/es\/wp-json\/wp\/v2\/media?parent=5018"}],"wp:term":[{"taxonomy":"product_cat","embeddable":true,"href":"https:\/\/megapets.eu\/es\/wp-json\/wp\/v2\/product_cat?post=5018"},{"taxonomy":"product_tag","embeddable":true,"href":"https:\/\/megapets.eu\/es\/wp-json\/wp\/v2\/product_tag?post=5018"}],"curies":[{"name":"wp","href":"https:\/\/api.w.org\/{rel}","templated":true}]}}