{"id":5033,"date":"2025-04-10T09:51:28","date_gmt":"2025-04-10T09:51:28","guid":{"rendered":"https:\/\/megapets.eu\/sin categor\u00eda\/atlas-de-los-caracoles-gigantes-parte-i\/"},"modified":"2025-04-10T09:51:28","modified_gmt":"2025-04-10T09:51:28","slug":"atlas-de-los-caracoles-gigantes-parte-i","status":"publish","type":"product","link":"https:\/\/megapets.eu\/es\/libros-electronicos\/atlas-de-los-caracoles-gigantes-parte-i\/","title":{"rendered":"Atlas de los caracoles gigantes &#8211; Parte I"},"content":{"rendered":"<div class=\"xdj266r x11i5rnm xat24cr x1mh8g0r x1vvkbs x126k92a\">\n<div dir=\"auto\">\n<p style=\"text-align: left;\"><span style=\"font-size: 15px; color: #333333;\"><em><span class=\"html-span xexx8yu x4uap5 x18d9i69 xkhd6sd x1hl2dhg x16tdsg8 x1vvkbs x3nfvp2 x1j61x8r x1fcty0u xdj266r xat24cr xgzva0m xhhsvwb xxymvpz xlup9mm x1kky2od\"><img loading=\"lazy\" decoding=\"async\" class=\"xz74otr x168nmei x13lgxp2 x5pf9jr xo71vjh\" src=\"https:\/\/static.xx.fbcdn.net\/images\/emoji.php\/v9\/t6c\/1\/16\/2764.png\" alt=\"\u2764\" width=\"16\" height=\"16\" \/> <\/span>Te presentamos nuestro <span class=\"html-span xexx8yu x4uap5 x18d9i69 xkhd6sd x1hl2dhg x16tdsg8 x1vvkbs x3nfvp2 x1j61x8r x1fcty0u xdj266r xat24cr xgzva0m xhhsvwb xxymvpz xlup9mm x1kky2od\"><img loading=\"lazy\" decoding=\"async\" class=\"xz74otr x168nmei x13lgxp2 x5pf9jr xo71vjh\" src=\"https:\/\/static.xx.fbcdn.net\/images\/emoji.php\/v9\/t9e\/1\/16\/1f4d6.png\" alt=\"\ud83d\udcd6\" width=\"16\" height=\"16\" \/><img loading=\"lazy\" decoding=\"async\" class=\"xz74otr x168nmei x13lgxp2 x5pf9jr xo71vjh\" src=\"https:\/\/static.xx.fbcdn.net\/images\/emoji.php\/v9\/tff\/1\/16\/1f40c.png\" alt=\"\ud83d\udc0c\" width=\"16\" height=\"16\" \/> <\/span> \u00fanico y gratuito \u00abAtlas de los Caracoles Gigantes\u00bb, Parte I.<\/em><\/span><\/p>\n<p style=\"text-align: left;\"><span style=\"font-size: 15px; color: #333333;\"><em>Atlas de los Caracoles Gigantes es un compendio de conocimientos sobre caracoles ex\u00f3ticos, \u00a1preparado especialmente para ti!<\/em><\/span><\/p>\n<p style=\"text-align: left;\"><span style=\"font-size: 15px; color: #333333;\"><em><span style=\"font-size: 15px;\"><span class=\"html-span xexx8yu x4uap5 x18d9i69 xkhd6sd x1hl2dhg x16tdsg8 x1vvkbs x3nfvp2 x1j61x8r x1fcty0u xdj266r xat24cr xgzva0m xhhsvwb xxymvpz xlup9mm x1kky2od\"><img loading=\"lazy\" decoding=\"async\" class=\"xz74otr x168nmei x13lgxp2 x5pf9jr xo71vjh\" src=\"https:\/\/static.xx.fbcdn.net\/images\/emoji.php\/v9\/tb4\/1\/16\/2b50.png\" alt=\"\u2b50\ufe0f\" width=\"16\" height=\"16\" \/><\/span> <\/span>En 2018 hicimos realidad nuestra idea del primer libro dedicado a los caracoles gigantes: un e-Book elegante y cuidadosamente dise\u00f1ado en polaco <span class=\"html-span xexx8yu x4uap5 x18d9i69 xkhd6sd x1hl2dhg x16tdsg8 x1vvkbs x3nfvp2 x1j61x8r x1fcty0u xdj266r xat24cr xgzva0m xhhsvwb xxymvpz xlup9mm x1kky2od\"><img loading=\"lazy\" decoding=\"async\" class=\"xz74otr x168nmei x13lgxp2 x5pf9jr xo71vjh\" src=\"https:\/\/static.xx.fbcdn.net\/images\/emoji.php\/v9\/te0\/1\/16\/1f1f5_1f1f1.png\" alt=\"\ud83c\uddf5\ud83c\uddf1\" width=\"16\" height=\"16\" \/><\/span> y en ingl\u00e9s <span class=\"html-span xexx8yu x4uap5 x18d9i69 xkhd6sd x1hl2dhg x16tdsg8 x1vvkbs x3nfvp2 x1j61x8r x1fcty0u xdj266r xat24cr xgzva0m xhhsvwb xxymvpz xlup9mm x1kky2od\"><img loading=\"lazy\" decoding=\"async\" class=\"xz74otr x168nmei x13lgxp2 x5pf9jr xo71vjh\" src=\"https:\/\/static.xx.fbcdn.net\/images\/emoji.php\/v9\/t96\/1\/16\/1f1ec_1f1e7.png\" alt=\"\ud83c\uddec\ud83c\udde7\" width=\"16\" height=\"16\" \/><\/span>. A lo largo de los a\u00f1os hemos reunido tanto material que nuestra idea inicial se ha convertido en el proyecto de un Atlas de caracoles gigantes \u00fanico y en varios vol\u00famenes. Quer\u00edamos que nuestro primer e-Book estuviera disponible gratuitamente para nuestros clientes de MegaPets.eu, \u00a1y hemos hecho realidad nuestra idea! P\u00e1gina a p\u00e1gina hemos ampliado nuestra publicaci\u00f3n, enriqueci\u00e9ndola con detalles que reflejan a\u00fan m\u00e1s la singularidad de las especies, subespecies y sus variedades de color. Nos hemos esforzado mucho para que sea una obra \u00fanica, por lo que hemos cultivado cada caracol presentado en sus p\u00e1ginas a partir de un huevo. Gracias a ello, el libro cobra vida <span class=\"html-span xexx8yu x4uap5 x18d9i69 xkhd6sd x1hl2dhg x16tdsg8 x1vvkbs x3nfvp2 x1j61x8r x1fcty0u xdj266r xat24cr xgzva0m xhhsvwb xxymvpz xlup9mm x1kky2od\"><img loading=\"lazy\" decoding=\"async\" class=\"xz74otr x168nmei x13lgxp2 x5pf9jr xo71vjh\" src=\"https:\/\/static.xx.fbcdn.net\/images\/emoji.php\/v9\/t69\/1\/16\/1f331.png\" alt=\"\ud83c\udf31\" width=\"16\" height=\"16\" \/><\/span>, y cada una de sus p\u00e1ginas deleita con la belleza <span class=\"html-span xexx8yu x4uap5 x18d9i69 xkhd6sd x1hl2dhg x16tdsg8 x1vvkbs x3nfvp2 x1j61x8r x1fcty0u xdj266r xat24cr xgzva0m xhhsvwb xxymvpz xlup9mm x1kky2od\"><img loading=\"lazy\" decoding=\"async\" class=\"xz74otr x168nmei x13lgxp2 x5pf9jr xo71vjh\" src=\"https:\/\/static.xx.fbcdn.net\/images\/emoji.php\/v9\/te3\/1\/16\/1f490.png\" alt=\"\ud83d\udc90\" width=\"16\" height=\"16\" \/><\/span>, la atenci\u00f3n al detalle y la pasi\u00f3n <span class=\"html-span xexx8yu x4uap5 x18d9i69 xkhd6sd x1hl2dhg x16tdsg8 x1vvkbs x3nfvp2 x1j61x8r x1fcty0u xdj266r xat24cr xgzva0m xhhsvwb xxymvpz xlup9mm x1kky2od\"><img loading=\"lazy\" decoding=\"async\" class=\"xz74otr x168nmei x13lgxp2 x5pf9jr xo71vjh\" src=\"https:\/\/static.xx.fbcdn.net\/images\/emoji.php\/v9\/t6c\/1\/16\/2764.png\" alt=\"\u2764\" width=\"16\" height=\"16\" \/><\/span>, que hemos puesto en \u00e9l.<\/em><\/span><\/p>\n<p style=\"text-align: left;\"><span style=\"color: #333333; font-size: 15px;\"><em><span class=\"x1xsqp64 xiy17q3 x1o6pynw x19co3pv xdj266r xcwd3tp xat24cr x39eecv x2b8uid\" data-testid=\"emoji\"><span class=\"xexx8yu xn5pp95 x18d9i69 x2fxd7x x3jgonx x1bhl96m\"> <span style=\"font-size: 15px;\"><img loading=\"lazy\" decoding=\"async\" class=\"xz74otr\" src=\"https:\/\/static.xx.fbcdn.net\/images\/emoji.php\/v9\/t1e\/1\/16\/1f33f.png\" alt=\"\ud83c\udf3f\" width=\"18\" height=\"18\" \/> <\/span>Nos esperan los pr\u00f3ximos retos: crear para ti la biblioteca completa <span class=\"html-span xexx8yu x4uap5 x18d9i69 xkhd6sd x1hl2dhg x16tdsg8 x1vvkbs x3nfvp2 x1j61x8r x1fcty0u xdj266r xat24cr xgzva0m xhhsvwb xxymvpz xlup9mm x1kky2od\"><img loading=\"lazy\" decoding=\"async\" class=\"xz74otr x168nmei x13lgxp2 x5pf9jr xo71vjh\" src=\"https:\/\/static.xx.fbcdn.net\/images\/emoji.php\/v9\/t49\/1\/16\/1f4da.png\" alt=\"\ud83d\udcda\" width=\"16\" height=\"16\" \/><\/span>. Las siguientes partes ya est\u00e1n en proyecto.<\/span><\/span><\/em><\/span><\/p>\n<\/div>\n<\/div>\n","protected":false},"excerpt":{"rendered":"<p>Te presentamos nuestro \u00fanico y gratuito \u00abAtlas de los Caracoles Gigantes\u00bb, Parte I. Atlas de los Caracoles Gigantes es un compendio de conocimientos sobre caracoles ex\u00f3ticos, \u00a1preparado especialmente para ti! En 2018 hicimos realidad nuestra idea del primer libro dedicado a los caracoles gigantes: un e-Book elegante y cuidadosamente dise\u00f1ado en polaco y en ingl\u00e9s [&hellip;]<\/p>\n","protected":false},"featured_media":5037,"template":"","meta":{"_acf_changed":false,"_links_to":"","_links_to_target":""},"product_cat":[136],"product_tag":[],"class_list":{"0":"post-5033","1":"product","2":"type-product","3":"status-publish","4":"has-post-thumbnail","6":"product_cat-libros-electronicos","8":"first","9":"instock","10":"downloadable","11":"virtual","12":"purchasable","13":"product-type-simple"},"acf":[],"yoast_head":"<!-- This site is optimized with the Yoast SEO plugin v24.9 - https:\/\/yoast.com\/wordpress\/plugins\/seo\/ -->\n<title>Atlas de los caracoles gigantes - Parte I | MegaPets<\/title>\n<meta name=\"robots\" content=\"index, follow, max-snippet:-1, max-image-preview:large, max-video-preview:-1\" \/>\n<link rel=\"canonical\" href=\"https:\/\/megapets.eu\/es\/libros-electronicos\/atlas-de-los-caracoles-gigantes-parte-i\/\" \/>\n<meta property=\"og:locale\" content=\"es_ES\" \/>\n<meta property=\"og:type\" content=\"article\" \/>\n<meta property=\"og:title\" content=\"Atlas de los caracoles gigantes - Parte I | MegaPets\" \/>\n<meta property=\"og:description\" content=\"Te presentamos nuestro \u00fanico y gratuito \u00abAtlas de los Caracoles Gigantes\u00bb, Parte I. Atlas de los Caracoles Gigantes es un compendio de conocimientos sobre caracoles ex\u00f3ticos, \u00a1preparado especialmente para ti! En 2018 hicimos realidad nuestra idea del primer libro dedicado a los caracoles gigantes: un e-Book elegante y cuidadosamente dise\u00f1ado en polaco y en ingl\u00e9s [&hellip;]\" \/>\n<meta property=\"og:url\" content=\"https:\/\/megapets.eu\/es\/libros-electronicos\/atlas-de-los-caracoles-gigantes-parte-i\/\" \/>\n<meta property=\"og:site_name\" content=\"MegaPets\" \/>\n<meta property=\"article:publisher\" content=\"https:\/\/www.facebook.com\/MegaPets.eu\/\" \/>\n<meta property=\"og:image\" content=\"https:\/\/static.xx.fbcdn.net\/images\/emoji.php\/v9\/t6c\/1\/16\/2764.png\" \/>\n<meta name=\"twitter:card\" content=\"summary_large_image\" \/>\n<meta name=\"twitter:label1\" content=\"Tiempo de lectura\" \/>\n\t<meta name=\"twitter:data1\" content=\"1 minuto\" \/>\n<script type=\"application\/ld+json\" class=\"yoast-schema-graph\">{\"@context\":\"https:\/\/schema.org\",\"@graph\":[{\"@type\":\"WebPage\",\"@id\":\"https:\/\/megapets.eu\/es\/libros-electronicos\/atlas-de-los-caracoles-gigantes-parte-i\/\",\"url\":\"https:\/\/megapets.eu\/es\/libros-electronicos\/atlas-de-los-caracoles-gigantes-parte-i\/\",\"name\":\"Atlas de los caracoles gigantes - Parte I | MegaPets\",\"isPartOf\":{\"@id\":\"https:\/\/megapets.eu\/es\/#website\"},\"primaryImageOfPage\":{\"@id\":\"https:\/\/megapets.eu\/es\/libros-electronicos\/atlas-de-los-caracoles-gigantes-parte-i\/#primaryimage\"},\"image\":{\"@id\":\"https:\/\/megapets.eu\/es\/libros-electronicos\/atlas-de-los-caracoles-gigantes-parte-i\/#primaryimage\"},\"thumbnailUrl\":\"https:\/\/megapets.eu\/wp-content\/uploads\/2025\/04\/6789000-1.png\",\"datePublished\":\"2025-04-10T09:51:28+00:00\",\"breadcrumb\":{\"@id\":\"https:\/\/megapets.eu\/es\/libros-electronicos\/atlas-de-los-caracoles-gigantes-parte-i\/#breadcrumb\"},\"inLanguage\":\"es\",\"potentialAction\":[{\"@type\":\"ReadAction\",\"target\":[\"https:\/\/megapets.eu\/es\/libros-electronicos\/atlas-de-los-caracoles-gigantes-parte-i\/\"]}]},{\"@type\":\"ImageObject\",\"inLanguage\":\"es\",\"@id\":\"https:\/\/megapets.eu\/es\/libros-electronicos\/atlas-de-los-caracoles-gigantes-parte-i\/#primaryimage\",\"url\":\"https:\/\/megapets.eu\/wp-content\/uploads\/2025\/04\/6789000-1.png\",\"contentUrl\":\"https:\/\/megapets.eu\/wp-content\/uploads\/2025\/04\/6789000-1.png\",\"width\":981,\"height\":671},{\"@type\":\"BreadcrumbList\",\"@id\":\"https:\/\/megapets.eu\/es\/libros-electronicos\/atlas-de-los-caracoles-gigantes-parte-i\/#breadcrumb\",\"itemListElement\":[{\"@type\":\"ListItem\",\"position\":1,\"name\":\"Strona g\u0142\u00f3wna\",\"item\":\"https:\/\/megapets.eu\/es\/\"},{\"@type\":\"ListItem\",\"position\":2,\"name\":\"Almacenar\",\"item\":\"https:\/\/megapets.eu\/almacenar\/\"},{\"@type\":\"ListItem\",\"position\":3,\"name\":\"Atlas de los caracoles gigantes &#8211; Parte I\"}]},{\"@type\":\"WebSite\",\"@id\":\"https:\/\/megapets.eu\/es\/#website\",\"url\":\"https:\/\/megapets.eu\/es\/\",\"name\":\"Mega Pets\",\"description\":\"Jedna z najwi\u0119kszych hodowli \u015blimak\u00f3w w Europie\",\"publisher\":{\"@id\":\"https:\/\/megapets.eu\/es\/#organization\"},\"alternateName\":\"Mega Pets\",\"potentialAction\":[{\"@type\":\"SearchAction\",\"target\":{\"@type\":\"EntryPoint\",\"urlTemplate\":\"https:\/\/megapets.eu\/es\/?s={search_term_string}\"},\"query-input\":{\"@type\":\"PropertyValueSpecification\",\"valueRequired\":true,\"valueName\":\"search_term_string\"}}],\"inLanguage\":\"es\"},{\"@type\":\"Organization\",\"@id\":\"https:\/\/megapets.eu\/es\/#organization\",\"name\":\"Mega Pets\",\"url\":\"https:\/\/megapets.eu\/es\/\",\"logo\":{\"@type\":\"ImageObject\",\"inLanguage\":\"es\",\"@id\":\"https:\/\/megapets.eu\/es\/#\/schema\/logo\/image\/\",\"url\":\"https:\/\/megapets.eu\/wp-content\/uploads\/2025\/04\/megapets_eu-logo.png\",\"contentUrl\":\"https:\/\/megapets.eu\/wp-content\/uploads\/2025\/04\/megapets_eu-logo.png\",\"width\":2362,\"height\":2362,\"caption\":\"Mega Pets\"},\"image\":{\"@id\":\"https:\/\/megapets.eu\/es\/#\/schema\/logo\/image\/\"},\"sameAs\":[\"https:\/\/www.facebook.com\/MegaPets.eu\/\"]}]}<\/script>\n<!-- \/ Yoast SEO plugin. -->","yoast_head_json":{"title":"Atlas de los caracoles gigantes - Parte I | MegaPets","robots":{"index":"index","follow":"follow","max-snippet":"max-snippet:-1","max-image-preview":"max-image-preview:large","max-video-preview":"max-video-preview:-1"},"canonical":"https:\/\/megapets.eu\/es\/libros-electronicos\/atlas-de-los-caracoles-gigantes-parte-i\/","og_locale":"es_ES","og_type":"article","og_title":"Atlas de los caracoles gigantes - Parte I | MegaPets","og_description":"Te presentamos nuestro \u00fanico y gratuito \u00abAtlas de los Caracoles Gigantes\u00bb, Parte I. Atlas de los Caracoles Gigantes es un compendio de conocimientos sobre caracoles ex\u00f3ticos, \u00a1preparado especialmente para ti! En 2018 hicimos realidad nuestra idea del primer libro dedicado a los caracoles gigantes: un e-Book elegante y cuidadosamente dise\u00f1ado en polaco y en ingl\u00e9s [&hellip;]","og_url":"https:\/\/megapets.eu\/es\/libros-electronicos\/atlas-de-los-caracoles-gigantes-parte-i\/","og_site_name":"MegaPets","article_publisher":"https:\/\/www.facebook.com\/MegaPets.eu\/","og_image":[{"url":"https:\/\/static.xx.fbcdn.net\/images\/emoji.php\/v9\/t6c\/1\/16\/2764.png","type":"","width":"","height":""}],"twitter_card":"summary_large_image","twitter_misc":{"Tiempo de lectura":"1 minuto"},"schema":{"@context":"https:\/\/schema.org","@graph":[{"@type":"WebPage","@id":"https:\/\/megapets.eu\/es\/libros-electronicos\/atlas-de-los-caracoles-gigantes-parte-i\/","url":"https:\/\/megapets.eu\/es\/libros-electronicos\/atlas-de-los-caracoles-gigantes-parte-i\/","name":"Atlas de los caracoles gigantes - Parte I | MegaPets","isPartOf":{"@id":"https:\/\/megapets.eu\/es\/#website"},"primaryImageOfPage":{"@id":"https:\/\/megapets.eu\/es\/libros-electronicos\/atlas-de-los-caracoles-gigantes-parte-i\/#primaryimage"},"image":{"@id":"https:\/\/megapets.eu\/es\/libros-electronicos\/atlas-de-los-caracoles-gigantes-parte-i\/#primaryimage"},"thumbnailUrl":"https:\/\/megapets.eu\/wp-content\/uploads\/2025\/04\/6789000-1.png","datePublished":"2025-04-10T09:51:28+00:00","breadcrumb":{"@id":"https:\/\/megapets.eu\/es\/libros-electronicos\/atlas-de-los-caracoles-gigantes-parte-i\/#breadcrumb"},"inLanguage":"es","potentialAction":[{"@type":"ReadAction","target":["https:\/\/megapets.eu\/es\/libros-electronicos\/atlas-de-los-caracoles-gigantes-parte-i\/"]}]},{"@type":"ImageObject","inLanguage":"es","@id":"https:\/\/megapets.eu\/es\/libros-electronicos\/atlas-de-los-caracoles-gigantes-parte-i\/#primaryimage","url":"https:\/\/megapets.eu\/wp-content\/uploads\/2025\/04\/6789000-1.png","contentUrl":"https:\/\/megapets.eu\/wp-content\/uploads\/2025\/04\/6789000-1.png","width":981,"height":671},{"@type":"BreadcrumbList","@id":"https:\/\/megapets.eu\/es\/libros-electronicos\/atlas-de-los-caracoles-gigantes-parte-i\/#breadcrumb","itemListElement":[{"@type":"ListItem","position":1,"name":"Strona g\u0142\u00f3wna","item":"https:\/\/megapets.eu\/es\/"},{"@type":"ListItem","position":2,"name":"Almacenar","item":"https:\/\/megapets.eu\/almacenar\/"},{"@type":"ListItem","position":3,"name":"Atlas de los caracoles gigantes &#8211; Parte I"}]},{"@type":"WebSite","@id":"https:\/\/megapets.eu\/es\/#website","url":"https:\/\/megapets.eu\/es\/","name":"Mega Pets","description":"Jedna z najwi\u0119kszych hodowli \u015blimak\u00f3w w Europie","publisher":{"@id":"https:\/\/megapets.eu\/es\/#organization"},"alternateName":"Mega Pets","potentialAction":[{"@type":"SearchAction","target":{"@type":"EntryPoint","urlTemplate":"https:\/\/megapets.eu\/es\/?s={search_term_string}"},"query-input":{"@type":"PropertyValueSpecification","valueRequired":true,"valueName":"search_term_string"}}],"inLanguage":"es"},{"@type":"Organization","@id":"https:\/\/megapets.eu\/es\/#organization","name":"Mega Pets","url":"https:\/\/megapets.eu\/es\/","logo":{"@type":"ImageObject","inLanguage":"es","@id":"https:\/\/megapets.eu\/es\/#\/schema\/logo\/image\/","url":"https:\/\/megapets.eu\/wp-content\/uploads\/2025\/04\/megapets_eu-logo.png","contentUrl":"https:\/\/megapets.eu\/wp-content\/uploads\/2025\/04\/megapets_eu-logo.png","width":2362,"height":2362,"caption":"Mega Pets"},"image":{"@id":"https:\/\/megapets.eu\/es\/#\/schema\/logo\/image\/"},"sameAs":["https:\/\/www.facebook.com\/MegaPets.eu\/"]}]}},"_links":{"self":[{"href":"https:\/\/megapets.eu\/es\/wp-json\/wp\/v2\/product\/5033","targetHints":{"allow":["GET"]}}],"collection":[{"href":"https:\/\/megapets.eu\/es\/wp-json\/wp\/v2\/product"}],"about":[{"href":"https:\/\/megapets.eu\/es\/wp-json\/wp\/v2\/types\/product"}],"wp:featuredmedia":[{"embeddable":true,"href":"https:\/\/megapets.eu\/es\/wp-json\/wp\/v2\/media\/5037"}],"wp:attachment":[{"href":"https:\/\/megapets.eu\/es\/wp-json\/wp\/v2\/media?parent=5033"}],"wp:term":[{"taxonomy":"product_cat","embeddable":true,"href":"https:\/\/megapets.eu\/es\/wp-json\/wp\/v2\/product_cat?post=5033"},{"taxonomy":"product_tag","embeddable":true,"href":"https:\/\/megapets.eu\/es\/wp-json\/wp\/v2\/product_tag?post=5033"}],"curies":[{"name":"wp","href":"https:\/\/api.w.org\/{rel}","templated":true}]}}