{"id":5124,"date":"2024-10-06T10:56:45","date_gmt":"2024-10-06T10:56:45","guid":{"rendered":"https:\/\/megapets.eu\/sin categor\u00eda\/archachatina-marginata-ovulo-pseudoleucistico\/"},"modified":"2024-10-06T10:56:45","modified_gmt":"2024-10-06T10:56:45","slug":"archachatina-marginata-ovulo-pseudoleucistico","status":"publish","type":"product","link":"https:\/\/megapets.eu\/es\/caracoles\/archachatina-marginata-ovulo-pseudoleucistico\/","title":{"rendered":"Archachatina marginata \u00f3vulo pseudoleuc\u00edstico"},"content":{"rendered":"<p style=\"text-align: left;\"><span style=\"font-size: 15px;\"><strong><span style=\"color: #000000;\"><em>Especie: <\/em><\/span><\/strong><span style=\"color: #000000;\"><em>Archachatina marginata ovum (L. Pfeiffer, 1858).<\/em><\/span><strong><span style=\"color: #000000;\"><em><br \/>\nVariedad de color:<\/em><\/span><\/strong><span style=\"color: #000000;\"><em> pseudoleuc\u00edstica<\/em><\/span><\/span><\/p>\n<p style=\"text-align: left;\"><span style=\"font-size: 15px;\"><strong><span style=\"color: #000000;\"><em><span style=\"color: #008000;\"><span style=\"color: #424242;\"><img decoding=\"async\" src=\"https:\/\/static.xx.fbcdn.net\/images\/emoji.php\/v9\/tb4\/1\/16\/2b50.png\" alt=\"\u2b50\ufe0f\" \/> <\/span><\/span><\/em><\/span><\/strong><span style=\"color: #000000;\"><em>Alevines ofrecidos de una pareja parental no emparentada. Gracias a la selecci\u00f3n continua de parejas adecuadas y a la creaci\u00f3n de parejas de generaci\u00f3n en generaci\u00f3n, se mantienen con \u00e9xito l\u00edneas de cr\u00eda sin parentesco y con pedigr\u00ed de bellos gigantes.<\/em><\/span><\/span><\/p>\n<p style=\"text-align: left;\"><span style=\"font-size: 15px;\"><span style=\"color: #000000;\"><em><span style=\"color: #008000;\"><span style=\"color: #424242;\"><img decoding=\"async\" src=\"https:\/\/static.xx.fbcdn.net\/images\/emoji.php\/v9\/t18\/1\/16\/1fa76.png\" alt=\"\ud83e\ude76\" \/> <span style=\"color: #333333;\">Los caracoles de la variedad de color pseudoleuc\u00edstica se caracterizan por su excepcional elegancia, que se acent\u00faa por el oscurecimiento de las antenas frente al color claro del cuerpo. El color predominante del cuerpo es blanco, crema o tonos de marfil. La coloraci\u00f3n marr\u00f3n gris\u00e1cea de los \u00f3rganos sensoriales transita suavemente hacia el color claro: el efecto ombre \ud83d\udda4\ud83e\ude76\ud83e\udd0d entre dos tonos adyacentes crea un llamativo contraste con el resto del cuerpo, lo que confiere a los caracoles de esta variedad un aspecto \u00fanico. La distribuci\u00f3n de las zonas oscuras puede aplicarse no s\u00f3lo a la sensila rubicunda, sino tambi\u00e9n a la cabeza. Las sensilas de las cr\u00edas de caracol reci\u00e9n eclosionadas son bastante oscuras, pero pueden volverse m\u00e1s claras a medida que crecen.<\/span><\/span><\/span><\/em><\/span><\/span><\/p>\n<p style=\"text-align: left;\"><span style=\"color: #000000; font-size: 15px;\"><em><span class=\"x1xsqp64 xiy17q3 x1o6pynw x19co3pv xdj266r xcwd3tp xat24cr x39eecv x2b8uid\" data-testid=\"emoji\"><span class=\"xexx8yu xn5pp95 x18d9i69 x2fxd7x x3jgonx x1bhl96m\"><img loading=\"lazy\" decoding=\"async\" class=\"\" src=\"https:\/\/static.xx.fbcdn.net\/images\/emoji.php\/v9\/t66\/1\/32\/1f4cc.png\" alt=\"\ud83d\udccc\" width=\"18\" height=\"18\" \/> Normalmente, el tama\u00f1o de la concha de esta especie alcanza un tama\u00f1o considerable, de unos 12-15 cm.<\/span><\/span><\/em><\/span><\/p>\n<p style=\"text-align: left;\"><span style=\"color: #000000; font-size: 15px;\"><em><img loading=\"lazy\" decoding=\"async\" class=\"xz74otr\" src=\"https:\/\/static.xx.fbcdn.net\/images\/emoji.php\/v9\/t1e\/1\/16\/1f33f.png\" alt=\"\ud83c\udf3f\" width=\"18\" height=\"18\" \/> <span style=\"color: #008000;\">Como la mayor\u00eda de las especies del g\u00e9nero Archachatina, estos caracoles son poco exigentes y prosperan cuando se les proporcionan unas condiciones b\u00e1sicas de mantenimiento.<\/span><\/em><\/span><\/p>\n","protected":false},"excerpt":{"rendered":"<ul>\n<li>Tama\u00f1o del caparaz\u00f3n objetivo\n<ul>\n<li>aprox. 12-15 cm<\/li>\n<\/ul>\n<\/li>\n<li>De una pareja no emparentada:\n<ul>\n<li>P16<\/li>\n<\/ul>\n<\/li>\n<li>Juvenil ofrecido:\n<ul>\n<li>aprox. 4-5 cm<\/li>\n<\/ul>\n<\/li>\n<li>El precio es por\n<ul>\n<li>1 unidad<\/li>\n<\/ul>\n<\/li>\n<\/ul>\n","protected":false},"featured_media":5125,"template":"","meta":{"_acf_changed":false,"_links_to":"","_links_to_target":""},"product_cat":[128],"product_tag":[],"class_list":{"0":"post-5124","1":"product","2":"type-product","3":"status-publish","4":"has-post-thumbnail","6":"product_cat-caracoles","8":"first","9":"outofstock","10":"shipping-taxable","11":"purchasable","12":"product-type-simple"},"acf":[],"yoast_head":"<!-- This site is optimized with the Yoast SEO plugin v24.9 - https:\/\/yoast.com\/wordpress\/plugins\/seo\/ -->\n<title>Archachatina marginata \u00f3vulo pseudoleuc\u00edstico | MegaPets<\/title>\n<meta name=\"robots\" content=\"index, follow, max-snippet:-1, max-image-preview:large, max-video-preview:-1\" \/>\n<link rel=\"canonical\" href=\"https:\/\/megapets.eu\/es\/caracoles\/archachatina-marginata-ovulo-pseudoleucistico\/\" \/>\n<meta property=\"og:locale\" content=\"es_ES\" \/>\n<meta property=\"og:type\" content=\"article\" \/>\n<meta property=\"og:title\" content=\"Archachatina marginata \u00f3vulo pseudoleuc\u00edstico | MegaPets\" \/>\n<meta property=\"og:description\" content=\"Tama\u00f1o del caparaz\u00f3n objetivo  aprox. 12-15 cm   De una pareja no emparentada:  P16   Juvenil ofrecido:  aprox. 4-5 cm   El precio es por  1 unidad\" \/>\n<meta property=\"og:url\" content=\"https:\/\/megapets.eu\/es\/caracoles\/archachatina-marginata-ovulo-pseudoleucistico\/\" \/>\n<meta property=\"og:site_name\" content=\"MegaPets\" \/>\n<meta property=\"article:publisher\" content=\"https:\/\/www.facebook.com\/MegaPets.eu\/\" \/>\n<meta property=\"og:image\" content=\"https:\/\/megapets.eu\/wp-content\/uploads\/2024\/10\/28-White-Honey-P16-Excel.png\" \/>\n\t<meta property=\"og:image:width\" content=\"1048\" \/>\n\t<meta property=\"og:image:height\" content=\"694\" \/>\n\t<meta property=\"og:image:type\" content=\"image\/png\" \/>\n<meta name=\"twitter:card\" content=\"summary_large_image\" \/>\n<meta name=\"twitter:label1\" content=\"Tiempo de lectura\" \/>\n\t<meta name=\"twitter:data1\" content=\"1 minuto\" \/>\n<script type=\"application\/ld+json\" class=\"yoast-schema-graph\">{\"@context\":\"https:\/\/schema.org\",\"@graph\":[{\"@type\":\"WebPage\",\"@id\":\"https:\/\/megapets.eu\/es\/caracoles\/archachatina-marginata-ovulo-pseudoleucistico\/\",\"url\":\"https:\/\/megapets.eu\/es\/caracoles\/archachatina-marginata-ovulo-pseudoleucistico\/\",\"name\":\"Archachatina marginata \u00f3vulo pseudoleuc\u00edstico | MegaPets\",\"isPartOf\":{\"@id\":\"https:\/\/megapets.eu\/es\/#website\"},\"primaryImageOfPage\":{\"@id\":\"https:\/\/megapets.eu\/es\/caracoles\/archachatina-marginata-ovulo-pseudoleucistico\/#primaryimage\"},\"image\":{\"@id\":\"https:\/\/megapets.eu\/es\/caracoles\/archachatina-marginata-ovulo-pseudoleucistico\/#primaryimage\"},\"thumbnailUrl\":\"https:\/\/megapets.eu\/wp-content\/uploads\/2024\/10\/28-White-Honey-P16-Excel.png\",\"datePublished\":\"2024-10-06T10:56:45+00:00\",\"breadcrumb\":{\"@id\":\"https:\/\/megapets.eu\/es\/caracoles\/archachatina-marginata-ovulo-pseudoleucistico\/#breadcrumb\"},\"inLanguage\":\"es\",\"potentialAction\":[{\"@type\":\"ReadAction\",\"target\":[\"https:\/\/megapets.eu\/es\/caracoles\/archachatina-marginata-ovulo-pseudoleucistico\/\"]}]},{\"@type\":\"ImageObject\",\"inLanguage\":\"es\",\"@id\":\"https:\/\/megapets.eu\/es\/caracoles\/archachatina-marginata-ovulo-pseudoleucistico\/#primaryimage\",\"url\":\"https:\/\/megapets.eu\/wp-content\/uploads\/2024\/10\/28-White-Honey-P16-Excel.png\",\"contentUrl\":\"https:\/\/megapets.eu\/wp-content\/uploads\/2024\/10\/28-White-Honey-P16-Excel.png\",\"width\":1048,\"height\":694},{\"@type\":\"BreadcrumbList\",\"@id\":\"https:\/\/megapets.eu\/es\/caracoles\/archachatina-marginata-ovulo-pseudoleucistico\/#breadcrumb\",\"itemListElement\":[{\"@type\":\"ListItem\",\"position\":1,\"name\":\"Strona g\u0142\u00f3wna\",\"item\":\"https:\/\/megapets.eu\/es\/\"},{\"@type\":\"ListItem\",\"position\":2,\"name\":\"Almacenar\",\"item\":\"https:\/\/megapets.eu\/almacenar\/\"},{\"@type\":\"ListItem\",\"position\":3,\"name\":\"Archachatina marginata \u00f3vulo pseudoleuc\u00edstico\"}]},{\"@type\":\"WebSite\",\"@id\":\"https:\/\/megapets.eu\/es\/#website\",\"url\":\"https:\/\/megapets.eu\/es\/\",\"name\":\"Mega Pets\",\"description\":\"Jedna z najwi\u0119kszych hodowli \u015blimak\u00f3w w Europie\",\"publisher\":{\"@id\":\"https:\/\/megapets.eu\/es\/#organization\"},\"alternateName\":\"Mega Pets\",\"potentialAction\":[{\"@type\":\"SearchAction\",\"target\":{\"@type\":\"EntryPoint\",\"urlTemplate\":\"https:\/\/megapets.eu\/es\/?s={search_term_string}\"},\"query-input\":{\"@type\":\"PropertyValueSpecification\",\"valueRequired\":true,\"valueName\":\"search_term_string\"}}],\"inLanguage\":\"es\"},{\"@type\":\"Organization\",\"@id\":\"https:\/\/megapets.eu\/es\/#organization\",\"name\":\"Mega Pets\",\"url\":\"https:\/\/megapets.eu\/es\/\",\"logo\":{\"@type\":\"ImageObject\",\"inLanguage\":\"es\",\"@id\":\"https:\/\/megapets.eu\/es\/#\/schema\/logo\/image\/\",\"url\":\"https:\/\/megapets.eu\/wp-content\/uploads\/2025\/04\/megapets_eu-logo.png\",\"contentUrl\":\"https:\/\/megapets.eu\/wp-content\/uploads\/2025\/04\/megapets_eu-logo.png\",\"width\":2362,\"height\":2362,\"caption\":\"Mega Pets\"},\"image\":{\"@id\":\"https:\/\/megapets.eu\/es\/#\/schema\/logo\/image\/\"},\"sameAs\":[\"https:\/\/www.facebook.com\/MegaPets.eu\/\"]}]}<\/script>\n<!-- \/ Yoast SEO plugin. -->","yoast_head_json":{"title":"Archachatina marginata \u00f3vulo pseudoleuc\u00edstico | MegaPets","robots":{"index":"index","follow":"follow","max-snippet":"max-snippet:-1","max-image-preview":"max-image-preview:large","max-video-preview":"max-video-preview:-1"},"canonical":"https:\/\/megapets.eu\/es\/caracoles\/archachatina-marginata-ovulo-pseudoleucistico\/","og_locale":"es_ES","og_type":"article","og_title":"Archachatina marginata \u00f3vulo pseudoleuc\u00edstico | MegaPets","og_description":"Tama\u00f1o del caparaz\u00f3n objetivo  aprox. 12-15 cm   De una pareja no emparentada:  P16   Juvenil ofrecido:  aprox. 4-5 cm   El precio es por  1 unidad","og_url":"https:\/\/megapets.eu\/es\/caracoles\/archachatina-marginata-ovulo-pseudoleucistico\/","og_site_name":"MegaPets","article_publisher":"https:\/\/www.facebook.com\/MegaPets.eu\/","og_image":[{"width":1048,"height":694,"url":"https:\/\/megapets.eu\/wp-content\/uploads\/2024\/10\/28-White-Honey-P16-Excel.png","type":"image\/png"}],"twitter_card":"summary_large_image","twitter_misc":{"Tiempo de lectura":"1 minuto"},"schema":{"@context":"https:\/\/schema.org","@graph":[{"@type":"WebPage","@id":"https:\/\/megapets.eu\/es\/caracoles\/archachatina-marginata-ovulo-pseudoleucistico\/","url":"https:\/\/megapets.eu\/es\/caracoles\/archachatina-marginata-ovulo-pseudoleucistico\/","name":"Archachatina marginata \u00f3vulo pseudoleuc\u00edstico | MegaPets","isPartOf":{"@id":"https:\/\/megapets.eu\/es\/#website"},"primaryImageOfPage":{"@id":"https:\/\/megapets.eu\/es\/caracoles\/archachatina-marginata-ovulo-pseudoleucistico\/#primaryimage"},"image":{"@id":"https:\/\/megapets.eu\/es\/caracoles\/archachatina-marginata-ovulo-pseudoleucistico\/#primaryimage"},"thumbnailUrl":"https:\/\/megapets.eu\/wp-content\/uploads\/2024\/10\/28-White-Honey-P16-Excel.png","datePublished":"2024-10-06T10:56:45+00:00","breadcrumb":{"@id":"https:\/\/megapets.eu\/es\/caracoles\/archachatina-marginata-ovulo-pseudoleucistico\/#breadcrumb"},"inLanguage":"es","potentialAction":[{"@type":"ReadAction","target":["https:\/\/megapets.eu\/es\/caracoles\/archachatina-marginata-ovulo-pseudoleucistico\/"]}]},{"@type":"ImageObject","inLanguage":"es","@id":"https:\/\/megapets.eu\/es\/caracoles\/archachatina-marginata-ovulo-pseudoleucistico\/#primaryimage","url":"https:\/\/megapets.eu\/wp-content\/uploads\/2024\/10\/28-White-Honey-P16-Excel.png","contentUrl":"https:\/\/megapets.eu\/wp-content\/uploads\/2024\/10\/28-White-Honey-P16-Excel.png","width":1048,"height":694},{"@type":"BreadcrumbList","@id":"https:\/\/megapets.eu\/es\/caracoles\/archachatina-marginata-ovulo-pseudoleucistico\/#breadcrumb","itemListElement":[{"@type":"ListItem","position":1,"name":"Strona g\u0142\u00f3wna","item":"https:\/\/megapets.eu\/es\/"},{"@type":"ListItem","position":2,"name":"Almacenar","item":"https:\/\/megapets.eu\/almacenar\/"},{"@type":"ListItem","position":3,"name":"Archachatina marginata \u00f3vulo pseudoleuc\u00edstico"}]},{"@type":"WebSite","@id":"https:\/\/megapets.eu\/es\/#website","url":"https:\/\/megapets.eu\/es\/","name":"Mega Pets","description":"Jedna z najwi\u0119kszych hodowli \u015blimak\u00f3w w Europie","publisher":{"@id":"https:\/\/megapets.eu\/es\/#organization"},"alternateName":"Mega Pets","potentialAction":[{"@type":"SearchAction","target":{"@type":"EntryPoint","urlTemplate":"https:\/\/megapets.eu\/es\/?s={search_term_string}"},"query-input":{"@type":"PropertyValueSpecification","valueRequired":true,"valueName":"search_term_string"}}],"inLanguage":"es"},{"@type":"Organization","@id":"https:\/\/megapets.eu\/es\/#organization","name":"Mega Pets","url":"https:\/\/megapets.eu\/es\/","logo":{"@type":"ImageObject","inLanguage":"es","@id":"https:\/\/megapets.eu\/es\/#\/schema\/logo\/image\/","url":"https:\/\/megapets.eu\/wp-content\/uploads\/2025\/04\/megapets_eu-logo.png","contentUrl":"https:\/\/megapets.eu\/wp-content\/uploads\/2025\/04\/megapets_eu-logo.png","width":2362,"height":2362,"caption":"Mega Pets"},"image":{"@id":"https:\/\/megapets.eu\/es\/#\/schema\/logo\/image\/"},"sameAs":["https:\/\/www.facebook.com\/MegaPets.eu\/"]}]}},"_links":{"self":[{"href":"https:\/\/megapets.eu\/es\/wp-json\/wp\/v2\/product\/5124","targetHints":{"allow":["GET"]}}],"collection":[{"href":"https:\/\/megapets.eu\/es\/wp-json\/wp\/v2\/product"}],"about":[{"href":"https:\/\/megapets.eu\/es\/wp-json\/wp\/v2\/types\/product"}],"wp:featuredmedia":[{"embeddable":true,"href":"https:\/\/megapets.eu\/es\/wp-json\/wp\/v2\/media\/5125"}],"wp:attachment":[{"href":"https:\/\/megapets.eu\/es\/wp-json\/wp\/v2\/media?parent=5124"}],"wp:term":[{"taxonomy":"product_cat","embeddable":true,"href":"https:\/\/megapets.eu\/es\/wp-json\/wp\/v2\/product_cat?post=5124"},{"taxonomy":"product_tag","embeddable":true,"href":"https:\/\/megapets.eu\/es\/wp-json\/wp\/v2\/product_tag?post=5124"}],"curies":[{"name":"wp","href":"https:\/\/api.w.org\/{rel}","templated":true}]}}