{"id":5130,"date":"2024-10-06T11:49:55","date_gmt":"2024-10-06T11:49:55","guid":{"rendered":"https:\/\/megapets.eu\/sin categor\u00eda\/achatina-achatina-cuerpo-albino-nigeria\/"},"modified":"2024-10-06T11:49:55","modified_gmt":"2024-10-06T11:49:55","slug":"achatina-achatina-cuerpo-albino-nigeria","status":"publish","type":"product","link":"https:\/\/megapets.eu\/es\/caracoles\/achatina-achatina-cuerpo-albino-nigeria\/","title":{"rendered":"Achatina achatina cuerpo albino Nigeria"},"content":{"rendered":"<p class=\"v1v1v1v1MsoNormal\"><span style=\"color: #424242;\"><strong><em><span style=\"font-size: 15px;\">Especie: Achatina achatina achatina<\/span><\/em><\/strong><\/span><\/p>\n<p class=\"v1v1v1v1MsoNormal\"><span style=\"color: #424242;\"><strong><em><span style=\"font-size: 15px;\">Variaci\u00f3n de color: cuerpo albino<\/span><\/em><\/strong><\/span><\/p>\n<p class=\"v1v1v1v1MsoNormal\"><span style=\"color: #424242;\"><strong><em><span style=\"font-size: 15px;\">\u2b50\u2b50\u2b50\u2b50 Se trata de una especie muy conocida de Achatina achatina en la rara variedad de color de cuerpo albino. Esta especie no es activa, un verdadero durmiente entre los caracoles. Se recomienda para individuos avanzados. El Achatina achatina crece muy lentamente, el tama\u00f1o de la concha de un adulto de esta especie es de unos 15-16 cm.<\/span><\/em><\/strong><\/span><\/p>\n<p class=\"v1v1v1v1MsoNormal\"><span style=\"font-size: 15px;\"><strong><em><span style=\"color: #008000;\"><img decoding=\"async\" src=\"https:\/\/static.xx.fbcdn.net\/images\/emoji.php\/v9\/tbe\/1\/16\/1f3c6.png\" alt=\"\ud83c\udfc6\" \/><span style=\"color: #e36a19;\"> Todas las cr\u00edas de caracol proceden de nuestra conocida cr\u00eda registrada, por lo que est\u00e1s comprando de una fuente conocida, donde cuidamos adecuadamente de los caracoles y observamos cuidadosamente el desarrollo de cada uno.<\/span><\/span><\/em><\/strong><\/span><\/p>\n<p class=\"v1v1v1v1MsoNormal\"><span style=\"font-size: 15px; color: #424242;\"><strong><em>Como sabes, los recipientes de pl\u00e1stico son los mejores para la cr\u00eda de caracoles. Los recipientes que hemos preparado son ideales para el desarrollo de un nuevo y bonito crecimiento de conchas de caracol). Para ahorrar tiempo al completar tu pedido, te recomendamos que empieces con el set de iniciaci\u00f3n, que incluye los accesorios b\u00e1sicos para empezar r\u00e1pidamente tu propia cr\u00eda e instrucciones.<\/em><\/strong><\/span><\/p>\n<p><span style=\"font-size: 15px;\"><strong><em><span style=\"color: #008000;\"><img loading=\"lazy\" decoding=\"async\" class=\"xz74otr\" src=\"https:\/\/static.xx.fbcdn.net\/images\/emoji.php\/v9\/t1e\/1\/16\/1f33f.png\" alt=\"\ud83c\udf3f\" width=\"16\" height=\"16\" \/> Todo lo que necesita el animal es fruta y verdura fresca y madura, un recipiente para la cr\u00eda y sustrato (no dejes que el sustrato se seque, roc\u00eda el terrario cada 2-3 d\u00edas). En la dieta diaria del caracol no debe faltar el componente b\u00e1sico de una concha bella y sana; la c\u00e1scara de huevo en polvo y la sepia son fuentes naturales de calcio perfectamente digerible. Puedes informarte sobre la dieta de los caracoles ex\u00f3ticos en nuestro sitio web.<\/span><\/em><\/strong><\/span><\/p>\n","protected":false},"excerpt":{"rendered":"<ul class=\"product_attributes\">\n<li>De una pareja no emparentada:P17<\/li>\n<li>Tama\u00f1o del caparaz\u00f3n ofertado:aprox. 15-16 cm<\/li>\n<li>Juvenil ofrecido:aprox. 4 cm<\/li>\n<li>El precio es por:1 unidad<\/li>\n<\/ul>\n","protected":false},"featured_media":5132,"template":"","meta":{"_acf_changed":false,"_links_to":"","_links_to_target":""},"product_cat":[128],"product_tag":[],"class_list":{"0":"post-5130","1":"product","2":"type-product","3":"status-publish","4":"has-post-thumbnail","6":"product_cat-caracoles","8":"first","9":"outofstock","10":"shipping-taxable","11":"purchasable","12":"product-type-simple"},"acf":[],"yoast_head":"<!-- This site is optimized with the Yoast SEO plugin v24.9 - https:\/\/yoast.com\/wordpress\/plugins\/seo\/ -->\n<title>Achatina achatina cuerpo albino Nigeria | MegaPets<\/title>\n<meta name=\"robots\" content=\"index, follow, max-snippet:-1, max-image-preview:large, max-video-preview:-1\" \/>\n<link rel=\"canonical\" href=\"https:\/\/megapets.eu\/es\/caracoles\/achatina-achatina-cuerpo-albino-nigeria\/\" \/>\n<meta property=\"og:locale\" content=\"es_ES\" \/>\n<meta property=\"og:type\" content=\"article\" \/>\n<meta property=\"og:title\" content=\"Achatina achatina cuerpo albino Nigeria | MegaPets\" \/>\n<meta property=\"og:description\" content=\"De una pareja no emparentada:P17  Tama\u00f1o del caparaz\u00f3n ofertado:aprox. 15-16 cm  Juvenil ofrecido:aprox. 4 cm  El precio es por:1 unidad\" \/>\n<meta property=\"og:url\" content=\"https:\/\/megapets.eu\/es\/caracoles\/achatina-achatina-cuerpo-albino-nigeria\/\" \/>\n<meta property=\"og:site_name\" content=\"MegaPets\" \/>\n<meta property=\"article:publisher\" content=\"https:\/\/www.facebook.com\/MegaPets.eu\/\" \/>\n<meta property=\"og:image\" content=\"https:\/\/megapets.eu\/wp-content\/uploads\/2024\/10\/T222.jpg\" \/>\n\t<meta property=\"og:image:width\" content=\"1204\" \/>\n\t<meta property=\"og:image:height\" content=\"800\" \/>\n\t<meta property=\"og:image:type\" content=\"image\/jpeg\" \/>\n<meta name=\"twitter:card\" content=\"summary_large_image\" \/>\n<meta name=\"twitter:label1\" content=\"Tiempo de lectura\" \/>\n\t<meta name=\"twitter:data1\" content=\"1 minuto\" \/>\n<script type=\"application\/ld+json\" class=\"yoast-schema-graph\">{\"@context\":\"https:\/\/schema.org\",\"@graph\":[{\"@type\":\"WebPage\",\"@id\":\"https:\/\/megapets.eu\/es\/caracoles\/achatina-achatina-cuerpo-albino-nigeria\/\",\"url\":\"https:\/\/megapets.eu\/es\/caracoles\/achatina-achatina-cuerpo-albino-nigeria\/\",\"name\":\"Achatina achatina cuerpo albino Nigeria | MegaPets\",\"isPartOf\":{\"@id\":\"https:\/\/megapets.eu\/es\/#website\"},\"primaryImageOfPage\":{\"@id\":\"https:\/\/megapets.eu\/es\/caracoles\/achatina-achatina-cuerpo-albino-nigeria\/#primaryimage\"},\"image\":{\"@id\":\"https:\/\/megapets.eu\/es\/caracoles\/achatina-achatina-cuerpo-albino-nigeria\/#primaryimage\"},\"thumbnailUrl\":\"https:\/\/megapets.eu\/wp-content\/uploads\/2024\/10\/T222.jpg\",\"datePublished\":\"2024-10-06T11:49:55+00:00\",\"breadcrumb\":{\"@id\":\"https:\/\/megapets.eu\/es\/caracoles\/achatina-achatina-cuerpo-albino-nigeria\/#breadcrumb\"},\"inLanguage\":\"es\",\"potentialAction\":[{\"@type\":\"ReadAction\",\"target\":[\"https:\/\/megapets.eu\/es\/caracoles\/achatina-achatina-cuerpo-albino-nigeria\/\"]}]},{\"@type\":\"ImageObject\",\"inLanguage\":\"es\",\"@id\":\"https:\/\/megapets.eu\/es\/caracoles\/achatina-achatina-cuerpo-albino-nigeria\/#primaryimage\",\"url\":\"https:\/\/megapets.eu\/wp-content\/uploads\/2024\/10\/T222.jpg\",\"contentUrl\":\"https:\/\/megapets.eu\/wp-content\/uploads\/2024\/10\/T222.jpg\",\"width\":1204,\"height\":800},{\"@type\":\"BreadcrumbList\",\"@id\":\"https:\/\/megapets.eu\/es\/caracoles\/achatina-achatina-cuerpo-albino-nigeria\/#breadcrumb\",\"itemListElement\":[{\"@type\":\"ListItem\",\"position\":1,\"name\":\"Strona g\u0142\u00f3wna\",\"item\":\"https:\/\/megapets.eu\/es\/\"},{\"@type\":\"ListItem\",\"position\":2,\"name\":\"Almacenar\",\"item\":\"https:\/\/megapets.eu\/almacenar\/\"},{\"@type\":\"ListItem\",\"position\":3,\"name\":\"Achatina achatina cuerpo albino Nigeria\"}]},{\"@type\":\"WebSite\",\"@id\":\"https:\/\/megapets.eu\/es\/#website\",\"url\":\"https:\/\/megapets.eu\/es\/\",\"name\":\"Mega Pets\",\"description\":\"Jedna z najwi\u0119kszych hodowli \u015blimak\u00f3w w Europie\",\"publisher\":{\"@id\":\"https:\/\/megapets.eu\/es\/#organization\"},\"alternateName\":\"Mega Pets\",\"potentialAction\":[{\"@type\":\"SearchAction\",\"target\":{\"@type\":\"EntryPoint\",\"urlTemplate\":\"https:\/\/megapets.eu\/es\/?s={search_term_string}\"},\"query-input\":{\"@type\":\"PropertyValueSpecification\",\"valueRequired\":true,\"valueName\":\"search_term_string\"}}],\"inLanguage\":\"es\"},{\"@type\":\"Organization\",\"@id\":\"https:\/\/megapets.eu\/es\/#organization\",\"name\":\"Mega Pets\",\"url\":\"https:\/\/megapets.eu\/es\/\",\"logo\":{\"@type\":\"ImageObject\",\"inLanguage\":\"es\",\"@id\":\"https:\/\/megapets.eu\/es\/#\/schema\/logo\/image\/\",\"url\":\"https:\/\/megapets.eu\/wp-content\/uploads\/2025\/04\/megapets_eu-logo.png\",\"contentUrl\":\"https:\/\/megapets.eu\/wp-content\/uploads\/2025\/04\/megapets_eu-logo.png\",\"width\":2362,\"height\":2362,\"caption\":\"Mega Pets\"},\"image\":{\"@id\":\"https:\/\/megapets.eu\/es\/#\/schema\/logo\/image\/\"},\"sameAs\":[\"https:\/\/www.facebook.com\/MegaPets.eu\/\"]}]}<\/script>\n<!-- \/ Yoast SEO plugin. -->","yoast_head_json":{"title":"Achatina achatina cuerpo albino Nigeria | MegaPets","robots":{"index":"index","follow":"follow","max-snippet":"max-snippet:-1","max-image-preview":"max-image-preview:large","max-video-preview":"max-video-preview:-1"},"canonical":"https:\/\/megapets.eu\/es\/caracoles\/achatina-achatina-cuerpo-albino-nigeria\/","og_locale":"es_ES","og_type":"article","og_title":"Achatina achatina cuerpo albino Nigeria | MegaPets","og_description":"De una pareja no emparentada:P17  Tama\u00f1o del caparaz\u00f3n ofertado:aprox. 15-16 cm  Juvenil ofrecido:aprox. 4 cm  El precio es por:1 unidad","og_url":"https:\/\/megapets.eu\/es\/caracoles\/achatina-achatina-cuerpo-albino-nigeria\/","og_site_name":"MegaPets","article_publisher":"https:\/\/www.facebook.com\/MegaPets.eu\/","og_image":[{"width":1204,"height":800,"url":"https:\/\/megapets.eu\/wp-content\/uploads\/2024\/10\/T222.jpg","type":"image\/jpeg"}],"twitter_card":"summary_large_image","twitter_misc":{"Tiempo de lectura":"1 minuto"},"schema":{"@context":"https:\/\/schema.org","@graph":[{"@type":"WebPage","@id":"https:\/\/megapets.eu\/es\/caracoles\/achatina-achatina-cuerpo-albino-nigeria\/","url":"https:\/\/megapets.eu\/es\/caracoles\/achatina-achatina-cuerpo-albino-nigeria\/","name":"Achatina achatina cuerpo albino Nigeria | MegaPets","isPartOf":{"@id":"https:\/\/megapets.eu\/es\/#website"},"primaryImageOfPage":{"@id":"https:\/\/megapets.eu\/es\/caracoles\/achatina-achatina-cuerpo-albino-nigeria\/#primaryimage"},"image":{"@id":"https:\/\/megapets.eu\/es\/caracoles\/achatina-achatina-cuerpo-albino-nigeria\/#primaryimage"},"thumbnailUrl":"https:\/\/megapets.eu\/wp-content\/uploads\/2024\/10\/T222.jpg","datePublished":"2024-10-06T11:49:55+00:00","breadcrumb":{"@id":"https:\/\/megapets.eu\/es\/caracoles\/achatina-achatina-cuerpo-albino-nigeria\/#breadcrumb"},"inLanguage":"es","potentialAction":[{"@type":"ReadAction","target":["https:\/\/megapets.eu\/es\/caracoles\/achatina-achatina-cuerpo-albino-nigeria\/"]}]},{"@type":"ImageObject","inLanguage":"es","@id":"https:\/\/megapets.eu\/es\/caracoles\/achatina-achatina-cuerpo-albino-nigeria\/#primaryimage","url":"https:\/\/megapets.eu\/wp-content\/uploads\/2024\/10\/T222.jpg","contentUrl":"https:\/\/megapets.eu\/wp-content\/uploads\/2024\/10\/T222.jpg","width":1204,"height":800},{"@type":"BreadcrumbList","@id":"https:\/\/megapets.eu\/es\/caracoles\/achatina-achatina-cuerpo-albino-nigeria\/#breadcrumb","itemListElement":[{"@type":"ListItem","position":1,"name":"Strona g\u0142\u00f3wna","item":"https:\/\/megapets.eu\/es\/"},{"@type":"ListItem","position":2,"name":"Almacenar","item":"https:\/\/megapets.eu\/almacenar\/"},{"@type":"ListItem","position":3,"name":"Achatina achatina cuerpo albino Nigeria"}]},{"@type":"WebSite","@id":"https:\/\/megapets.eu\/es\/#website","url":"https:\/\/megapets.eu\/es\/","name":"Mega Pets","description":"Jedna z najwi\u0119kszych hodowli \u015blimak\u00f3w w Europie","publisher":{"@id":"https:\/\/megapets.eu\/es\/#organization"},"alternateName":"Mega Pets","potentialAction":[{"@type":"SearchAction","target":{"@type":"EntryPoint","urlTemplate":"https:\/\/megapets.eu\/es\/?s={search_term_string}"},"query-input":{"@type":"PropertyValueSpecification","valueRequired":true,"valueName":"search_term_string"}}],"inLanguage":"es"},{"@type":"Organization","@id":"https:\/\/megapets.eu\/es\/#organization","name":"Mega Pets","url":"https:\/\/megapets.eu\/es\/","logo":{"@type":"ImageObject","inLanguage":"es","@id":"https:\/\/megapets.eu\/es\/#\/schema\/logo\/image\/","url":"https:\/\/megapets.eu\/wp-content\/uploads\/2025\/04\/megapets_eu-logo.png","contentUrl":"https:\/\/megapets.eu\/wp-content\/uploads\/2025\/04\/megapets_eu-logo.png","width":2362,"height":2362,"caption":"Mega Pets"},"image":{"@id":"https:\/\/megapets.eu\/es\/#\/schema\/logo\/image\/"},"sameAs":["https:\/\/www.facebook.com\/MegaPets.eu\/"]}]}},"_links":{"self":[{"href":"https:\/\/megapets.eu\/es\/wp-json\/wp\/v2\/product\/5130","targetHints":{"allow":["GET"]}}],"collection":[{"href":"https:\/\/megapets.eu\/es\/wp-json\/wp\/v2\/product"}],"about":[{"href":"https:\/\/megapets.eu\/es\/wp-json\/wp\/v2\/types\/product"}],"wp:featuredmedia":[{"embeddable":true,"href":"https:\/\/megapets.eu\/es\/wp-json\/wp\/v2\/media\/5132"}],"wp:attachment":[{"href":"https:\/\/megapets.eu\/es\/wp-json\/wp\/v2\/media?parent=5130"}],"wp:term":[{"taxonomy":"product_cat","embeddable":true,"href":"https:\/\/megapets.eu\/es\/wp-json\/wp\/v2\/product_cat?post=5130"},{"taxonomy":"product_tag","embeddable":true,"href":"https:\/\/megapets.eu\/es\/wp-json\/wp\/v2\/product_tag?post=5130"}],"curies":[{"name":"wp","href":"https:\/\/api.w.org\/{rel}","templated":true}]}}