{"id":5171,"date":"2024-10-08T08:29:19","date_gmt":"2024-10-08T08:29:19","guid":{"rendered":"https:\/\/megapets.eu\/sin categor\u00eda\/musgo-sphagnum-250-mlpara-viboras-isopodos-cucarachas\/"},"modified":"2024-10-08T08:29:19","modified_gmt":"2024-10-08T08:29:19","slug":"musgo-sphagnum-250-mlpara-viboras-isopodos-cucarachas","status":"publish","type":"product","link":"https:\/\/megapets.eu\/es\/accesorios\/musgo-sphagnum-250-mlpara-viboras-isopodos-cucarachas\/","title":{"rendered":"Musgo Sphagnum 250 ml<br \/>para v\u00edboras, is\u00f3podos, cucarachas"},"content":{"rendered":"<p><strong><span style=\"color: #e87020; font-size: 15px;\"><em><span style=\"color: #e87020;\"><span style=\"font-size: 15px;\">Musgo Sphagnum 250 ml<\/span><\/span> para<span style=\"color: #e87020;\"> v\u00edboras,<\/span> is\u00f3podos, cucarachas<\/em><\/span><\/strong><\/p>\n<p><strong><span style=\"color: #e87020; font-size: 15px;\"><em>Un envase contiene 250 ml de musgo tratado t\u00e9rmicamente. <\/em><\/span><\/strong><\/p>\n<p><strong><span style=\"color: #e87020; font-size: 15px;\"><em>El precio es por 1 envase.<\/em><\/span><\/strong><\/p>\n<p><em><span style=\"color: #424242;\"><strong><span style=\"font-size: 15px;\">El musgo Sphagnum, tambi\u00e9n conocido como musgo de turba, es un excelente aditivo natural para el sustrato de v\u00edboras, cocodrilos, cucarachas e is\u00f3podos (prosimios, marsupiales), reptiles, anfibios, y se utiliza ampliamente en horticultura, cultivo de plantas y terrar\u00edstica. Sus propiedades \u00fanicas la hacen indispensable tanto para los amantes de las plantas como para los criadores de animales ex\u00f3ticos.<\/span><\/strong><\/span><\/em><\/p>\n<p><em><span style=\"color: #424242;\"><strong><span style=\"font-size: 15px;\">El esfagno tiene propiedades antibacterianas y antif\u00fangicas, es capaz de retener el agua, lo que lo hace ideal como componente del sustrato para plantas que requieren humedad constante, y evita la ca\u00edda de humedad en el terrario. Su capacidad natural para retener la humedad ayuda a mantener un microclima adecuado en los terrarios tropicales, y tambi\u00e9n desempe\u00f1a una funci\u00f3n decorativa, dando al interior del terrario un aspecto natural.<\/span><\/strong><\/span><\/em><\/p>\n","protected":false},"excerpt":{"rendered":"<ul class=\"product_attributes\">\n<li><span style=\"color: #555555;\">Tratada t\u00e9rmicamente<\/span><\/li>\n<li><span style=\"color: #555555;\">El paquete incluye<\/span> 250 ml<\/li>\n<li><span style=\"color: #555555;\">El precio se aplica a:<\/span> 1 envase.<\/li>\n<\/ul>\n","protected":false},"featured_media":5172,"template":"","meta":{"_acf_changed":false,"_links_to":"","_links_to_target":""},"product_cat":[129],"product_tag":[133,139,140,132,131],"class_list":{"0":"post-5171","1":"product","2":"type-product","3":"status-publish","4":"has-post-thumbnail","6":"product_cat-accesorios","7":"product_tag-para-las-cucarachas","8":"product_tag-para-las-mantis-religiosas","9":"product_tag-para-los-aracnidos","10":"product_tag-para-los-isopodos","11":"product_tag-por-las-artimanas","13":"first","14":"instock","15":"shipping-taxable","16":"purchasable","17":"product-type-simple"},"acf":[],"yoast_head":"<!-- This site is optimized with the Yoast SEO plugin v24.9 - https:\/\/yoast.com\/wordpress\/plugins\/seo\/ -->\n<title>Musgo Sphagnum 250 mlpara v\u00edboras, is\u00f3podos, cucarachas | MegaPets<\/title>\n<meta name=\"robots\" content=\"index, follow, max-snippet:-1, max-image-preview:large, max-video-preview:-1\" \/>\n<link rel=\"canonical\" href=\"https:\/\/megapets.eu\/es\/accesorios\/musgo-sphagnum-250-mlpara-viboras-isopodos-cucarachas\/\" \/>\n<meta property=\"og:locale\" content=\"es_ES\" \/>\n<meta property=\"og:type\" content=\"article\" \/>\n<meta property=\"og:title\" content=\"Musgo Sphagnum 250 mlpara v\u00edboras, is\u00f3podos, cucarachas | MegaPets\" \/>\n<meta property=\"og:description\" content=\"Tratada t\u00e9rmicamente  El paquete incluye 250 ml  El precio se aplica a: 1 envase.\" \/>\n<meta property=\"og:url\" content=\"https:\/\/megapets.eu\/es\/accesorios\/musgo-sphagnum-250-mlpara-viboras-isopodos-cucarachas\/\" \/>\n<meta property=\"og:site_name\" content=\"MegaPets\" \/>\n<meta property=\"article:publisher\" content=\"https:\/\/www.facebook.com\/MegaPets.eu\/\" \/>\n<meta property=\"og:image\" content=\"https:\/\/megapets.eu\/wp-content\/uploads\/2024\/10\/IMG_2710-e1728376213603.jpg\" \/>\n\t<meta property=\"og:image:width\" content=\"1474\" \/>\n\t<meta property=\"og:image:height\" content=\"1000\" \/>\n\t<meta property=\"og:image:type\" content=\"image\/jpeg\" \/>\n<meta name=\"twitter:card\" content=\"summary_large_image\" \/>\n<meta name=\"twitter:label1\" content=\"Tiempo de lectura\" \/>\n\t<meta name=\"twitter:data1\" content=\"1 minuto\" \/>\n<script type=\"application\/ld+json\" class=\"yoast-schema-graph\">{\"@context\":\"https:\/\/schema.org\",\"@graph\":[{\"@type\":\"WebPage\",\"@id\":\"https:\/\/megapets.eu\/es\/accesorios\/musgo-sphagnum-250-mlpara-viboras-isopodos-cucarachas\/\",\"url\":\"https:\/\/megapets.eu\/es\/accesorios\/musgo-sphagnum-250-mlpara-viboras-isopodos-cucarachas\/\",\"name\":\"Musgo Sphagnum 250 ml para v\u00edboras, is\u00f3podos, cucarachas | MegaPets\",\"isPartOf\":{\"@id\":\"https:\/\/megapets.eu\/es\/#website\"},\"primaryImageOfPage\":{\"@id\":\"https:\/\/megapets.eu\/es\/accesorios\/musgo-sphagnum-250-mlpara-viboras-isopodos-cucarachas\/#primaryimage\"},\"image\":{\"@id\":\"https:\/\/megapets.eu\/es\/accesorios\/musgo-sphagnum-250-mlpara-viboras-isopodos-cucarachas\/#primaryimage\"},\"thumbnailUrl\":\"https:\/\/megapets.eu\/wp-content\/uploads\/2024\/10\/IMG_2710-e1728376213603.jpg\",\"datePublished\":\"2024-10-08T08:29:19+00:00\",\"breadcrumb\":{\"@id\":\"https:\/\/megapets.eu\/es\/accesorios\/musgo-sphagnum-250-mlpara-viboras-isopodos-cucarachas\/#breadcrumb\"},\"inLanguage\":\"es\",\"potentialAction\":[{\"@type\":\"ReadAction\",\"target\":[\"https:\/\/megapets.eu\/es\/accesorios\/musgo-sphagnum-250-mlpara-viboras-isopodos-cucarachas\/\"]}]},{\"@type\":\"ImageObject\",\"inLanguage\":\"es\",\"@id\":\"https:\/\/megapets.eu\/es\/accesorios\/musgo-sphagnum-250-mlpara-viboras-isopodos-cucarachas\/#primaryimage\",\"url\":\"https:\/\/megapets.eu\/wp-content\/uploads\/2024\/10\/IMG_2710-e1728376213603.jpg\",\"contentUrl\":\"https:\/\/megapets.eu\/wp-content\/uploads\/2024\/10\/IMG_2710-e1728376213603.jpg\",\"width\":1474,\"height\":1000},{\"@type\":\"BreadcrumbList\",\"@id\":\"https:\/\/megapets.eu\/es\/accesorios\/musgo-sphagnum-250-mlpara-viboras-isopodos-cucarachas\/#breadcrumb\",\"itemListElement\":[{\"@type\":\"ListItem\",\"position\":1,\"name\":\"Strona g\u0142\u00f3wna\",\"item\":\"https:\/\/megapets.eu\/es\/\"},{\"@type\":\"ListItem\",\"position\":2,\"name\":\"Almacenar\",\"item\":\"https:\/\/megapets.eu\/almacenar\/\"},{\"@type\":\"ListItem\",\"position\":3,\"name\":\"Musgo Sphagnum 250 mlpara v\u00edboras, is\u00f3podos, cucarachas\"}]},{\"@type\":\"WebSite\",\"@id\":\"https:\/\/megapets.eu\/es\/#website\",\"url\":\"https:\/\/megapets.eu\/es\/\",\"name\":\"Mega Pets\",\"description\":\"Jedna z najwi\u0119kszych hodowli \u015blimak\u00f3w w Europie\",\"publisher\":{\"@id\":\"https:\/\/megapets.eu\/es\/#organization\"},\"alternateName\":\"Mega Pets\",\"potentialAction\":[{\"@type\":\"SearchAction\",\"target\":{\"@type\":\"EntryPoint\",\"urlTemplate\":\"https:\/\/megapets.eu\/es\/?s={search_term_string}\"},\"query-input\":{\"@type\":\"PropertyValueSpecification\",\"valueRequired\":true,\"valueName\":\"search_term_string\"}}],\"inLanguage\":\"es\"},{\"@type\":\"Organization\",\"@id\":\"https:\/\/megapets.eu\/es\/#organization\",\"name\":\"Mega Pets\",\"url\":\"https:\/\/megapets.eu\/es\/\",\"logo\":{\"@type\":\"ImageObject\",\"inLanguage\":\"es\",\"@id\":\"https:\/\/megapets.eu\/es\/#\/schema\/logo\/image\/\",\"url\":\"https:\/\/megapets.eu\/wp-content\/uploads\/2025\/04\/megapets_eu-logo.png\",\"contentUrl\":\"https:\/\/megapets.eu\/wp-content\/uploads\/2025\/04\/megapets_eu-logo.png\",\"width\":2362,\"height\":2362,\"caption\":\"Mega Pets\"},\"image\":{\"@id\":\"https:\/\/megapets.eu\/es\/#\/schema\/logo\/image\/\"},\"sameAs\":[\"https:\/\/www.facebook.com\/MegaPets.eu\/\"]}]}<\/script>\n<!-- \/ Yoast SEO plugin. -->","yoast_head_json":{"title":"Musgo Sphagnum 250 mlpara v\u00edboras, is\u00f3podos, cucarachas | MegaPets","robots":{"index":"index","follow":"follow","max-snippet":"max-snippet:-1","max-image-preview":"max-image-preview:large","max-video-preview":"max-video-preview:-1"},"canonical":"https:\/\/megapets.eu\/es\/accesorios\/musgo-sphagnum-250-mlpara-viboras-isopodos-cucarachas\/","og_locale":"es_ES","og_type":"article","og_title":"Musgo Sphagnum 250 mlpara v\u00edboras, is\u00f3podos, cucarachas | MegaPets","og_description":"Tratada t\u00e9rmicamente  El paquete incluye 250 ml  El precio se aplica a: 1 envase.","og_url":"https:\/\/megapets.eu\/es\/accesorios\/musgo-sphagnum-250-mlpara-viboras-isopodos-cucarachas\/","og_site_name":"MegaPets","article_publisher":"https:\/\/www.facebook.com\/MegaPets.eu\/","og_image":[{"width":1474,"height":1000,"url":"https:\/\/megapets.eu\/wp-content\/uploads\/2024\/10\/IMG_2710-e1728376213603.jpg","type":"image\/jpeg"}],"twitter_card":"summary_large_image","twitter_misc":{"Tiempo de lectura":"1 minuto"},"schema":{"@context":"https:\/\/schema.org","@graph":[{"@type":"WebPage","@id":"https:\/\/megapets.eu\/es\/accesorios\/musgo-sphagnum-250-mlpara-viboras-isopodos-cucarachas\/","url":"https:\/\/megapets.eu\/es\/accesorios\/musgo-sphagnum-250-mlpara-viboras-isopodos-cucarachas\/","name":"Musgo Sphagnum 250 ml para v\u00edboras, is\u00f3podos, cucarachas | MegaPets","isPartOf":{"@id":"https:\/\/megapets.eu\/es\/#website"},"primaryImageOfPage":{"@id":"https:\/\/megapets.eu\/es\/accesorios\/musgo-sphagnum-250-mlpara-viboras-isopodos-cucarachas\/#primaryimage"},"image":{"@id":"https:\/\/megapets.eu\/es\/accesorios\/musgo-sphagnum-250-mlpara-viboras-isopodos-cucarachas\/#primaryimage"},"thumbnailUrl":"https:\/\/megapets.eu\/wp-content\/uploads\/2024\/10\/IMG_2710-e1728376213603.jpg","datePublished":"2024-10-08T08:29:19+00:00","breadcrumb":{"@id":"https:\/\/megapets.eu\/es\/accesorios\/musgo-sphagnum-250-mlpara-viboras-isopodos-cucarachas\/#breadcrumb"},"inLanguage":"es","potentialAction":[{"@type":"ReadAction","target":["https:\/\/megapets.eu\/es\/accesorios\/musgo-sphagnum-250-mlpara-viboras-isopodos-cucarachas\/"]}]},{"@type":"ImageObject","inLanguage":"es","@id":"https:\/\/megapets.eu\/es\/accesorios\/musgo-sphagnum-250-mlpara-viboras-isopodos-cucarachas\/#primaryimage","url":"https:\/\/megapets.eu\/wp-content\/uploads\/2024\/10\/IMG_2710-e1728376213603.jpg","contentUrl":"https:\/\/megapets.eu\/wp-content\/uploads\/2024\/10\/IMG_2710-e1728376213603.jpg","width":1474,"height":1000},{"@type":"BreadcrumbList","@id":"https:\/\/megapets.eu\/es\/accesorios\/musgo-sphagnum-250-mlpara-viboras-isopodos-cucarachas\/#breadcrumb","itemListElement":[{"@type":"ListItem","position":1,"name":"Strona g\u0142\u00f3wna","item":"https:\/\/megapets.eu\/es\/"},{"@type":"ListItem","position":2,"name":"Almacenar","item":"https:\/\/megapets.eu\/almacenar\/"},{"@type":"ListItem","position":3,"name":"Musgo Sphagnum 250 mlpara v\u00edboras, is\u00f3podos, cucarachas"}]},{"@type":"WebSite","@id":"https:\/\/megapets.eu\/es\/#website","url":"https:\/\/megapets.eu\/es\/","name":"Mega Pets","description":"Jedna z najwi\u0119kszych hodowli \u015blimak\u00f3w w Europie","publisher":{"@id":"https:\/\/megapets.eu\/es\/#organization"},"alternateName":"Mega Pets","potentialAction":[{"@type":"SearchAction","target":{"@type":"EntryPoint","urlTemplate":"https:\/\/megapets.eu\/es\/?s={search_term_string}"},"query-input":{"@type":"PropertyValueSpecification","valueRequired":true,"valueName":"search_term_string"}}],"inLanguage":"es"},{"@type":"Organization","@id":"https:\/\/megapets.eu\/es\/#organization","name":"Mega Pets","url":"https:\/\/megapets.eu\/es\/","logo":{"@type":"ImageObject","inLanguage":"es","@id":"https:\/\/megapets.eu\/es\/#\/schema\/logo\/image\/","url":"https:\/\/megapets.eu\/wp-content\/uploads\/2025\/04\/megapets_eu-logo.png","contentUrl":"https:\/\/megapets.eu\/wp-content\/uploads\/2025\/04\/megapets_eu-logo.png","width":2362,"height":2362,"caption":"Mega Pets"},"image":{"@id":"https:\/\/megapets.eu\/es\/#\/schema\/logo\/image\/"},"sameAs":["https:\/\/www.facebook.com\/MegaPets.eu\/"]}]}},"_links":{"self":[{"href":"https:\/\/megapets.eu\/es\/wp-json\/wp\/v2\/product\/5171","targetHints":{"allow":["GET"]}}],"collection":[{"href":"https:\/\/megapets.eu\/es\/wp-json\/wp\/v2\/product"}],"about":[{"href":"https:\/\/megapets.eu\/es\/wp-json\/wp\/v2\/types\/product"}],"wp:featuredmedia":[{"embeddable":true,"href":"https:\/\/megapets.eu\/es\/wp-json\/wp\/v2\/media\/5172"}],"wp:attachment":[{"href":"https:\/\/megapets.eu\/es\/wp-json\/wp\/v2\/media?parent=5171"}],"wp:term":[{"taxonomy":"product_cat","embeddable":true,"href":"https:\/\/megapets.eu\/es\/wp-json\/wp\/v2\/product_cat?post=5171"},{"taxonomy":"product_tag","embeddable":true,"href":"https:\/\/megapets.eu\/es\/wp-json\/wp\/v2\/product_tag?post=5171"}],"curies":[{"name":"wp","href":"https:\/\/api.w.org\/{rel}","templated":true}]}}