{"id":5177,"date":"2025-06-10T11:52:30","date_gmt":"2025-06-10T11:52:30","guid":{"rendered":"https:\/\/megapets.eu\/sin categor\u00eda\/paquete-proteinas-y-vitaminas-120-g-para-caracoles-exoticos\/"},"modified":"2025-06-10T11:52:30","modified_gmt":"2025-06-10T11:52:30","slug":"paquete-proteinas-y-vitaminas-120-g-para-caracoles-exoticos","status":"publish","type":"product","link":"https:\/\/megapets.eu\/es\/accesorios\/paquete-proteinas-y-vitaminas-120-g-para-caracoles-exoticos\/","title":{"rendered":"Paquete \u00abProte\u00ednas y Vitaminas\u00bb 120 g <br \/> para caracoles ex\u00f3ticos"},"content":{"rendered":"<p><em><b>\u00abProte\u00edna y Vitamina\u00bb <\/b>para caracoles ex\u00f3ticos:<\/em><\/p>\n<p><em>El paquete \u00abProte\u00edna y Vitamina\u00bb contiene una mezcla de granos repletos de valiosos nutrientes para el correcto desarrollo de las mascotas, es un complemento beneficioso para la dieta b\u00e1sica de los caracoles.<\/em><\/p>\n<p><em><b>El precio es por: <\/b>un paquete<b> <\/b>\u00abProte\u00edna y Vitamina\u00bb<b> <\/b>listo para usar. Un envase contiene 120 g.<\/em><\/p>\n<p><em>Los granos molidos y tamizados producen un polvo suave f\u00e1cil de usar y dosificar. Dosificaci\u00f3n: como suplemento de la dieta de los caracoles ex\u00f3ticos, una vez cada 1-2 semanas a\u00f1ade una peque\u00f1a cantidad de polvo \u00abProte\u00ednas y Vitaminas\u00bb (1-2 pizcas, seg\u00fan el tama\u00f1o del caracol) a la dieta b\u00e1sica, espolvoreando sobre las verduras y frutas servidas ese d\u00eda.<\/em><\/p>\n<p><em>Se recomienda alternar los suplementos, ofreciendo al caracol otros tipos de suplementos disponibles en nuestra oferta en megapets.eu, para que la dieta del caracol siga siendo variada y completa. En la siguiente alimentaci\u00f3n, es mejor hacer una breve pausa en la administraci\u00f3n de \u00abProte\u00edna y Vitamina\u00bb\u00bb y ofrecer a tu mascota otros tipos de suplementos, como \u00abMezcla de hierbas ex\u00f3ticas\u00bb o \u00abGammarus\u00bb molido. Nuestros suplementos se han desarrollado con amor por los caracoles y se basan en a\u00f1os de experiencia en la cr\u00eda, \u00a1por lo que podemos garantizar su calidad y eficacia!<\/em><\/p>\n<p><em>Recomendamos suplementos capaces de satisfacer las necesidades en nutrientes valiosos incluso de las especies m\u00e1s exigentes: \u00abProte\u00edna y Vitamina\u00bb, \u00abMezcla de hierbas ex\u00f3ticas\u00bb, \u00abGammarus\u00bb molido, \u00abMezcla de flores\u00bb. Se recomienda utilizar los suplementos alternativamente, para que la dieta de tu mascota siga siendo variada y completa.<\/em><\/p>\n","protected":false},"excerpt":{"rendered":"<ul class=\"product_attributes\">\n<li><span style=\"color: #555555;\">Contiene:<\/span> <em>mezcla de cereales<\/em><\/li>\n<li><span style=\"color: #555555;\">El paquete contiene:<\/span> 120 g<\/li>\n<li><span style=\"color: #555555;\">El precio se aplica a:<\/span> 1 envase.<\/li>\n<\/ul>\n","protected":false},"featured_media":5178,"template":"","meta":{"_acf_changed":false,"_links_to":"","_links_to_target":""},"product_cat":[129],"product_tag":[130,133,132,131],"class_list":{"0":"post-5177","1":"product","2":"type-product","3":"status-publish","4":"has-post-thumbnail","6":"product_cat-accesorios","7":"product_tag-para-caracoles","8":"product_tag-para-las-cucarachas","9":"product_tag-para-los-isopodos","10":"product_tag-por-las-artimanas","12":"first","13":"instock","14":"shipping-taxable","15":"purchasable","16":"product-type-simple"},"acf":[],"yoast_head":"<!-- This site is optimized with the Yoast SEO plugin v24.9 - https:\/\/yoast.com\/wordpress\/plugins\/seo\/ -->\n<title>Paquete &quot;Prote\u00ednas y Vitaminas&quot; 120 g  para caracoles ex\u00f3ticos | MegaPets<\/title>\n<meta name=\"robots\" content=\"index, follow, max-snippet:-1, max-image-preview:large, max-video-preview:-1\" \/>\n<link rel=\"canonical\" href=\"https:\/\/megapets.eu\/es\/accesorios\/paquete-proteinas-y-vitaminas-120-g-para-caracoles-exoticos\/\" \/>\n<meta property=\"og:locale\" content=\"es_ES\" \/>\n<meta property=\"og:type\" content=\"article\" \/>\n<meta property=\"og:title\" content=\"Paquete &quot;Prote\u00ednas y Vitaminas&quot; 120 g  para caracoles ex\u00f3ticos | MegaPets\" \/>\n<meta property=\"og:description\" content=\"Contiene: mezcla de cereales  El paquete contiene: 120 g  El precio se aplica a: 1 envase.\" \/>\n<meta property=\"og:url\" content=\"https:\/\/megapets.eu\/es\/accesorios\/paquete-proteinas-y-vitaminas-120-g-para-caracoles-exoticos\/\" \/>\n<meta property=\"og:site_name\" content=\"MegaPets\" \/>\n<meta property=\"article:publisher\" content=\"https:\/\/www.facebook.com\/MegaPets.eu\/\" \/>\n<meta property=\"og:image\" content=\"https:\/\/megapets.eu\/wp-content\/uploads\/2025\/06\/protein-123.png\" \/>\n\t<meta property=\"og:image:width\" content=\"1053\" \/>\n\t<meta property=\"og:image:height\" content=\"694\" \/>\n\t<meta property=\"og:image:type\" content=\"image\/png\" \/>\n<meta name=\"twitter:card\" content=\"summary_large_image\" \/>\n<meta name=\"twitter:label1\" content=\"Tiempo de lectura\" \/>\n\t<meta name=\"twitter:data1\" content=\"1 minuto\" \/>\n<script type=\"application\/ld+json\" class=\"yoast-schema-graph\">{\"@context\":\"https:\/\/schema.org\",\"@graph\":[{\"@type\":\"WebPage\",\"@id\":\"https:\/\/megapets.eu\/es\/accesorios\/paquete-proteinas-y-vitaminas-120-g-para-caracoles-exoticos\/\",\"url\":\"https:\/\/megapets.eu\/es\/accesorios\/paquete-proteinas-y-vitaminas-120-g-para-caracoles-exoticos\/\",\"name\":\"Paquete \\\"Prote\u00ednas y Vitaminas\\\" 120 g para caracoles ex\u00f3ticos | MegaPets\",\"isPartOf\":{\"@id\":\"https:\/\/megapets.eu\/es\/#website\"},\"primaryImageOfPage\":{\"@id\":\"https:\/\/megapets.eu\/es\/accesorios\/paquete-proteinas-y-vitaminas-120-g-para-caracoles-exoticos\/#primaryimage\"},\"image\":{\"@id\":\"https:\/\/megapets.eu\/es\/accesorios\/paquete-proteinas-y-vitaminas-120-g-para-caracoles-exoticos\/#primaryimage\"},\"thumbnailUrl\":\"https:\/\/megapets.eu\/wp-content\/uploads\/2025\/06\/protein-123.png\",\"datePublished\":\"2025-06-10T11:52:30+00:00\",\"breadcrumb\":{\"@id\":\"https:\/\/megapets.eu\/es\/accesorios\/paquete-proteinas-y-vitaminas-120-g-para-caracoles-exoticos\/#breadcrumb\"},\"inLanguage\":\"es\",\"potentialAction\":[{\"@type\":\"ReadAction\",\"target\":[\"https:\/\/megapets.eu\/es\/accesorios\/paquete-proteinas-y-vitaminas-120-g-para-caracoles-exoticos\/\"]}]},{\"@type\":\"ImageObject\",\"inLanguage\":\"es\",\"@id\":\"https:\/\/megapets.eu\/es\/accesorios\/paquete-proteinas-y-vitaminas-120-g-para-caracoles-exoticos\/#primaryimage\",\"url\":\"https:\/\/megapets.eu\/wp-content\/uploads\/2025\/06\/protein-123.png\",\"contentUrl\":\"https:\/\/megapets.eu\/wp-content\/uploads\/2025\/06\/protein-123.png\",\"width\":1053,\"height\":694},{\"@type\":\"BreadcrumbList\",\"@id\":\"https:\/\/megapets.eu\/es\/accesorios\/paquete-proteinas-y-vitaminas-120-g-para-caracoles-exoticos\/#breadcrumb\",\"itemListElement\":[{\"@type\":\"ListItem\",\"position\":1,\"name\":\"Strona g\u0142\u00f3wna\",\"item\":\"https:\/\/megapets.eu\/es\/\"},{\"@type\":\"ListItem\",\"position\":2,\"name\":\"Almacenar\",\"item\":\"https:\/\/megapets.eu\/almacenar\/\"},{\"@type\":\"ListItem\",\"position\":3,\"name\":\"Paquete &#8222;Prote\u00ednas y Vitaminas\\\" 120 g para caracoles ex\u00f3ticos\"}]},{\"@type\":\"WebSite\",\"@id\":\"https:\/\/megapets.eu\/es\/#website\",\"url\":\"https:\/\/megapets.eu\/es\/\",\"name\":\"Mega Pets\",\"description\":\"Jedna z najwi\u0119kszych hodowli \u015blimak\u00f3w w Europie\",\"publisher\":{\"@id\":\"https:\/\/megapets.eu\/es\/#organization\"},\"alternateName\":\"Mega Pets\",\"potentialAction\":[{\"@type\":\"SearchAction\",\"target\":{\"@type\":\"EntryPoint\",\"urlTemplate\":\"https:\/\/megapets.eu\/es\/?s={search_term_string}\"},\"query-input\":{\"@type\":\"PropertyValueSpecification\",\"valueRequired\":true,\"valueName\":\"search_term_string\"}}],\"inLanguage\":\"es\"},{\"@type\":\"Organization\",\"@id\":\"https:\/\/megapets.eu\/es\/#organization\",\"name\":\"Mega Pets\",\"url\":\"https:\/\/megapets.eu\/es\/\",\"logo\":{\"@type\":\"ImageObject\",\"inLanguage\":\"es\",\"@id\":\"https:\/\/megapets.eu\/es\/#\/schema\/logo\/image\/\",\"url\":\"https:\/\/megapets.eu\/wp-content\/uploads\/2025\/04\/megapets_eu-logo.png\",\"contentUrl\":\"https:\/\/megapets.eu\/wp-content\/uploads\/2025\/04\/megapets_eu-logo.png\",\"width\":2362,\"height\":2362,\"caption\":\"Mega Pets\"},\"image\":{\"@id\":\"https:\/\/megapets.eu\/es\/#\/schema\/logo\/image\/\"},\"sameAs\":[\"https:\/\/www.facebook.com\/MegaPets.eu\/\"]}]}<\/script>\n<!-- \/ Yoast SEO plugin. -->","yoast_head_json":{"title":"Paquete \"Prote\u00ednas y Vitaminas\" 120 g  para caracoles ex\u00f3ticos | MegaPets","robots":{"index":"index","follow":"follow","max-snippet":"max-snippet:-1","max-image-preview":"max-image-preview:large","max-video-preview":"max-video-preview:-1"},"canonical":"https:\/\/megapets.eu\/es\/accesorios\/paquete-proteinas-y-vitaminas-120-g-para-caracoles-exoticos\/","og_locale":"es_ES","og_type":"article","og_title":"Paquete \"Prote\u00ednas y Vitaminas\" 120 g  para caracoles ex\u00f3ticos | MegaPets","og_description":"Contiene: mezcla de cereales  El paquete contiene: 120 g  El precio se aplica a: 1 envase.","og_url":"https:\/\/megapets.eu\/es\/accesorios\/paquete-proteinas-y-vitaminas-120-g-para-caracoles-exoticos\/","og_site_name":"MegaPets","article_publisher":"https:\/\/www.facebook.com\/MegaPets.eu\/","og_image":[{"width":1053,"height":694,"url":"https:\/\/megapets.eu\/wp-content\/uploads\/2025\/06\/protein-123.png","type":"image\/png"}],"twitter_card":"summary_large_image","twitter_misc":{"Tiempo de lectura":"1 minuto"},"schema":{"@context":"https:\/\/schema.org","@graph":[{"@type":"WebPage","@id":"https:\/\/megapets.eu\/es\/accesorios\/paquete-proteinas-y-vitaminas-120-g-para-caracoles-exoticos\/","url":"https:\/\/megapets.eu\/es\/accesorios\/paquete-proteinas-y-vitaminas-120-g-para-caracoles-exoticos\/","name":"Paquete \"Prote\u00ednas y Vitaminas\" 120 g para caracoles ex\u00f3ticos | MegaPets","isPartOf":{"@id":"https:\/\/megapets.eu\/es\/#website"},"primaryImageOfPage":{"@id":"https:\/\/megapets.eu\/es\/accesorios\/paquete-proteinas-y-vitaminas-120-g-para-caracoles-exoticos\/#primaryimage"},"image":{"@id":"https:\/\/megapets.eu\/es\/accesorios\/paquete-proteinas-y-vitaminas-120-g-para-caracoles-exoticos\/#primaryimage"},"thumbnailUrl":"https:\/\/megapets.eu\/wp-content\/uploads\/2025\/06\/protein-123.png","datePublished":"2025-06-10T11:52:30+00:00","breadcrumb":{"@id":"https:\/\/megapets.eu\/es\/accesorios\/paquete-proteinas-y-vitaminas-120-g-para-caracoles-exoticos\/#breadcrumb"},"inLanguage":"es","potentialAction":[{"@type":"ReadAction","target":["https:\/\/megapets.eu\/es\/accesorios\/paquete-proteinas-y-vitaminas-120-g-para-caracoles-exoticos\/"]}]},{"@type":"ImageObject","inLanguage":"es","@id":"https:\/\/megapets.eu\/es\/accesorios\/paquete-proteinas-y-vitaminas-120-g-para-caracoles-exoticos\/#primaryimage","url":"https:\/\/megapets.eu\/wp-content\/uploads\/2025\/06\/protein-123.png","contentUrl":"https:\/\/megapets.eu\/wp-content\/uploads\/2025\/06\/protein-123.png","width":1053,"height":694},{"@type":"BreadcrumbList","@id":"https:\/\/megapets.eu\/es\/accesorios\/paquete-proteinas-y-vitaminas-120-g-para-caracoles-exoticos\/#breadcrumb","itemListElement":[{"@type":"ListItem","position":1,"name":"Strona g\u0142\u00f3wna","item":"https:\/\/megapets.eu\/es\/"},{"@type":"ListItem","position":2,"name":"Almacenar","item":"https:\/\/megapets.eu\/almacenar\/"},{"@type":"ListItem","position":3,"name":"Paquete &#8222;Prote\u00ednas y Vitaminas\" 120 g para caracoles ex\u00f3ticos"}]},{"@type":"WebSite","@id":"https:\/\/megapets.eu\/es\/#website","url":"https:\/\/megapets.eu\/es\/","name":"Mega Pets","description":"Jedna z najwi\u0119kszych hodowli \u015blimak\u00f3w w Europie","publisher":{"@id":"https:\/\/megapets.eu\/es\/#organization"},"alternateName":"Mega Pets","potentialAction":[{"@type":"SearchAction","target":{"@type":"EntryPoint","urlTemplate":"https:\/\/megapets.eu\/es\/?s={search_term_string}"},"query-input":{"@type":"PropertyValueSpecification","valueRequired":true,"valueName":"search_term_string"}}],"inLanguage":"es"},{"@type":"Organization","@id":"https:\/\/megapets.eu\/es\/#organization","name":"Mega Pets","url":"https:\/\/megapets.eu\/es\/","logo":{"@type":"ImageObject","inLanguage":"es","@id":"https:\/\/megapets.eu\/es\/#\/schema\/logo\/image\/","url":"https:\/\/megapets.eu\/wp-content\/uploads\/2025\/04\/megapets_eu-logo.png","contentUrl":"https:\/\/megapets.eu\/wp-content\/uploads\/2025\/04\/megapets_eu-logo.png","width":2362,"height":2362,"caption":"Mega Pets"},"image":{"@id":"https:\/\/megapets.eu\/es\/#\/schema\/logo\/image\/"},"sameAs":["https:\/\/www.facebook.com\/MegaPets.eu\/"]}]}},"_links":{"self":[{"href":"https:\/\/megapets.eu\/es\/wp-json\/wp\/v2\/product\/5177","targetHints":{"allow":["GET"]}}],"collection":[{"href":"https:\/\/megapets.eu\/es\/wp-json\/wp\/v2\/product"}],"about":[{"href":"https:\/\/megapets.eu\/es\/wp-json\/wp\/v2\/types\/product"}],"wp:featuredmedia":[{"embeddable":true,"href":"https:\/\/megapets.eu\/es\/wp-json\/wp\/v2\/media\/5178"}],"wp:attachment":[{"href":"https:\/\/megapets.eu\/es\/wp-json\/wp\/v2\/media?parent=5177"}],"wp:term":[{"taxonomy":"product_cat","embeddable":true,"href":"https:\/\/megapets.eu\/es\/wp-json\/wp\/v2\/product_cat?post=5177"},{"taxonomy":"product_tag","embeddable":true,"href":"https:\/\/megapets.eu\/es\/wp-json\/wp\/v2\/product_tag?post=5177"}],"curies":[{"name":"wp","href":"https:\/\/api.w.org\/{rel}","templated":true}]}}