{"id":5188,"date":"2024-10-06T11:19:36","date_gmt":"2024-10-06T11:19:36","guid":{"rendered":"https:\/\/megapets.eu\/sin%20categor\u00eda\/lissachatina-fulica-rodatzi-estandar\/"},"modified":"2025-08-07T12:41:31","modified_gmt":"2025-08-07T12:41:31","slug":"lissachatina-fulica-rodatzi-estandar","status":"publish","type":"product","link":"https:\/\/megapets.eu\/es\/caracoles\/lissachatina-fulica-rodatzi-estandar\/","title":{"rendered":"Lissachatina fulica rodatzi est\u00e1ndar"},"content":{"rendered":"<p class=\"v1v1v1v1MsoNormal\"><span style=\"color: #424242;\"><strong><em><span style=\"font-size: 15px;\"><b>Especie: Lissachatina fulica rodatzi (Dunker, 1852).<\/b><br \/>\nVariedad de colores: est\u00e1ndar<\/span><\/em><\/strong><\/span><\/p>\n<p>&nbsp;<\/p>\n<p class=\"v1v1v1v1MsoNormal\"><span style=\"font-size: 15px;\"><strong><em><span style=\"color: #008000;\">\u2b50\u2b50\u2b50<span style=\"color: #424242;\">  La especie Lissachatina fulica es uno de los caracoles africanos m\u00e1s populares y conocidos entre los principiantes. Esta especie es activa y resistente a los errores de reproducci\u00f3n.  Por esta raz\u00f3n, a menudo se recomienda como la primera especie con la que vale la pena comenzar tu aventura con caracoles. Lissachatina fulica rodatzi crece bastante r\u00e1pido, el tama\u00f1o de la concha de un esp\u00e9cimen adulto de esta especie es de unos 12-15 cm.    <\/span><\/span><\/em><\/strong><\/span><\/p>\n<p>&nbsp;<\/p>\n<p class=\"v1v1v1v1MsoNormal\"><span style=\"font-size: 15px;\"><strong><em><span style=\"color: #008000;\"><img decoding=\"async\" src=\"https:\/\/static.xx.fbcdn.net\/images\/emoji.php\/v9\/tbe\/1\/16\/1f3c6.png\" alt=\"\ud83c\udfc6\"><span style=\"color: #e36a19;\">  Todos los cachorros provienen de nuestra conocida cr\u00eda registrada, por lo que compra de una fuente conocida, donde cuidamos adecuadamente a los caracoles y vigilamos cuidadosamente el desarrollo de cada uno de ellos.<\/span><\/span><\/em><\/strong><\/span><\/p>\n<p>&nbsp;<\/p>\n<p class=\"v1v1v1v1MsoNormal\"><span style=\"font-size: 15px; color: #424242;\"><strong><em>Como sabes, los recipientes de pl\u00e1stico funcionan mejor en la cr\u00eda de caracoles. Los recipientes que hemos preparado se adaptan perfectamente al desarrollo de un nuevo y agradable crecimiento de la concha de caracol). Para ahorrar tiempo al completar su pedido, le recomendamos que comience con el kit de inicio, que incluye accesorios b\u00e1sicos para un inicio r\u00e1pido de su propia cr\u00eda e instrucciones.  <\/em><\/strong><\/span><\/p>\n<p>&nbsp;<\/p>\n<p><span style=\"font-size: 15px;\"><strong><em><span style=\"color: #008000;\"><img loading=\"lazy\" decoding=\"async\" class=\"xz74otr\" src=\"https:\/\/static.xx.fbcdn.net\/images\/emoji.php\/v9\/t1e\/1\/16\/1f33f.png\" alt=\"\ud83c\udf3f\" width=\"16\" height=\"16\">  Todo lo que necesita un animal son verduras y frutas frescas y maduras, un recipiente de cr\u00eda y sustrato (no permita que el sustrato se seque, roc\u00ede el terrario cada 2-3 d\u00edas). La dieta diaria de un caracol no puede carecer del componente b\u00e1sico de una concha hermosa y saludable, una fuente natural de calcio perfectamente digerible es el polvo de c\u00e1scara de huevo y la sepia. Puede obtener informaci\u00f3n sobre la dieta de los caracoles ex\u00f3ticos en nuestro sitio web.  <\/span><\/em><\/strong><\/span><\/p>\n<p>&nbsp;<\/p>\n","protected":false},"excerpt":{"rendered":"<ul>\n<li>De una pareja no emparentada:\n<ul>\n<li>P17<\/li>\n<\/ul>\n<\/li>\n<li>Tama\u00f1o del shell objetivo:\n<ul>\n<li>aprox. 12-15 cm <\/li>\n<\/ul>\n<\/li>\n<li>Juveniles ofrecidos:\n<ul>\n<li>aprox. 4 cm <\/li>\n<\/ul>\n<\/li>\n<li>El precio se aplica a:\n<ul>\n<li>1 pieza<\/li>\n<\/ul>\n<\/li>\n<\/ul>\n","protected":false},"featured_media":5191,"template":"","meta":{"_acf_changed":false,"_links_to":"","_links_to_target":""},"product_cat":[128],"product_tag":[],"class_list":{"0":"post-5188","1":"product","2":"type-product","3":"status-publish","4":"has-post-thumbnail","6":"product_cat-caracoles","8":"first","9":"outofstock","10":"shipping-taxable","11":"purchasable","12":"product-type-simple"},"acf":[],"yoast_head":"<!-- This site is optimized with the Yoast SEO plugin v24.9 - https:\/\/yoast.com\/wordpress\/plugins\/seo\/ -->\n<title>Lissachatina fulica rodatzi est\u00e1ndar | MegaPets<\/title>\n<meta name=\"robots\" content=\"index, follow, max-snippet:-1, max-image-preview:large, max-video-preview:-1\" \/>\n<link rel=\"canonical\" href=\"https:\/\/megapets.eu\/es\/caracoles\/lissachatina-fulica-rodatzi-estandar\/\" \/>\n<meta property=\"og:locale\" content=\"es_ES\" \/>\n<meta property=\"og:type\" content=\"article\" \/>\n<meta property=\"og:title\" content=\"Lissachatina fulica rodatzi est\u00e1ndar | MegaPets\" \/>\n<meta property=\"og:description\" content=\"De una pareja no emparentada:  P17   Tama\u00f1o del shell objetivo:  aprox. 12-15 cm   Juveniles ofrecidos:  aprox. 4 cm   El precio se aplica a:  1 pieza\" \/>\n<meta property=\"og:url\" content=\"https:\/\/megapets.eu\/es\/caracoles\/lissachatina-fulica-rodatzi-estandar\/\" \/>\n<meta property=\"og:site_name\" content=\"MegaPets\" \/>\n<meta property=\"article:publisher\" content=\"https:\/\/www.facebook.com\/MegaPets.eu\/\" \/>\n<meta property=\"article:modified_time\" content=\"2025-08-07T12:41:31+00:00\" \/>\n<meta property=\"og:image\" content=\"https:\/\/megapets.eu\/wp-content\/uploads\/2024\/10\/Lissachatina-fulica-rodatzi-standard-Logo-1.png\" \/>\n\t<meta property=\"og:image:width\" content=\"1051\" \/>\n\t<meta property=\"og:image:height\" content=\"694\" \/>\n\t<meta property=\"og:image:type\" content=\"image\/png\" \/>\n<meta name=\"twitter:card\" content=\"summary_large_image\" \/>\n<meta name=\"twitter:label1\" content=\"Tiempo de lectura\" \/>\n\t<meta name=\"twitter:data1\" content=\"1 minuto\" \/>\n<script type=\"application\/ld+json\" class=\"yoast-schema-graph\">{\"@context\":\"https:\/\/schema.org\",\"@graph\":[{\"@type\":\"WebPage\",\"@id\":\"https:\/\/megapets.eu\/es\/caracoles\/lissachatina-fulica-rodatzi-estandar\/\",\"url\":\"https:\/\/megapets.eu\/es\/caracoles\/lissachatina-fulica-rodatzi-estandar\/\",\"name\":\"Lissachatina fulica rodatzi est\u00e1ndar | MegaPets\",\"isPartOf\":{\"@id\":\"https:\/\/megapets.eu\/es\/#website\"},\"primaryImageOfPage\":{\"@id\":\"https:\/\/megapets.eu\/es\/caracoles\/lissachatina-fulica-rodatzi-estandar\/#primaryimage\"},\"image\":{\"@id\":\"https:\/\/megapets.eu\/es\/caracoles\/lissachatina-fulica-rodatzi-estandar\/#primaryimage\"},\"thumbnailUrl\":\"https:\/\/megapets.eu\/wp-content\/uploads\/2024\/10\/Lissachatina-fulica-rodatzi-standard-Logo-1.png\",\"datePublished\":\"2024-10-06T11:19:36+00:00\",\"dateModified\":\"2025-08-07T12:41:31+00:00\",\"breadcrumb\":{\"@id\":\"https:\/\/megapets.eu\/es\/caracoles\/lissachatina-fulica-rodatzi-estandar\/#breadcrumb\"},\"inLanguage\":\"es\",\"potentialAction\":[{\"@type\":\"ReadAction\",\"target\":[\"https:\/\/megapets.eu\/es\/caracoles\/lissachatina-fulica-rodatzi-estandar\/\"]}]},{\"@type\":\"ImageObject\",\"inLanguage\":\"es\",\"@id\":\"https:\/\/megapets.eu\/es\/caracoles\/lissachatina-fulica-rodatzi-estandar\/#primaryimage\",\"url\":\"https:\/\/megapets.eu\/wp-content\/uploads\/2024\/10\/Lissachatina-fulica-rodatzi-standard-Logo-1.png\",\"contentUrl\":\"https:\/\/megapets.eu\/wp-content\/uploads\/2024\/10\/Lissachatina-fulica-rodatzi-standard-Logo-1.png\",\"width\":1051,\"height\":694},{\"@type\":\"BreadcrumbList\",\"@id\":\"https:\/\/megapets.eu\/es\/caracoles\/lissachatina-fulica-rodatzi-estandar\/#breadcrumb\",\"itemListElement\":[{\"@type\":\"ListItem\",\"position\":1,\"name\":\"Strona g\u0142\u00f3wna\",\"item\":\"https:\/\/megapets.eu\/es\/\"},{\"@type\":\"ListItem\",\"position\":2,\"name\":\"Almacenar\",\"item\":\"https:\/\/megapets.eu\/almacenar\/\"},{\"@type\":\"ListItem\",\"position\":3,\"name\":\"Lissachatina fulica rodatzi est\u00e1ndar\"}]},{\"@type\":\"WebSite\",\"@id\":\"https:\/\/megapets.eu\/es\/#website\",\"url\":\"https:\/\/megapets.eu\/es\/\",\"name\":\"Mega Pets\",\"description\":\"Jedna z najwi\u0119kszych hodowli \u015blimak\u00f3w w Europie\",\"publisher\":{\"@id\":\"https:\/\/megapets.eu\/es\/#organization\"},\"alternateName\":\"Mega Pets\",\"potentialAction\":[{\"@type\":\"SearchAction\",\"target\":{\"@type\":\"EntryPoint\",\"urlTemplate\":\"https:\/\/megapets.eu\/es\/?s={search_term_string}\"},\"query-input\":{\"@type\":\"PropertyValueSpecification\",\"valueRequired\":true,\"valueName\":\"search_term_string\"}}],\"inLanguage\":\"es\"},{\"@type\":\"Organization\",\"@id\":\"https:\/\/megapets.eu\/es\/#organization\",\"name\":\"Mega Pets\",\"url\":\"https:\/\/megapets.eu\/es\/\",\"logo\":{\"@type\":\"ImageObject\",\"inLanguage\":\"es\",\"@id\":\"https:\/\/megapets.eu\/es\/#\/schema\/logo\/image\/\",\"url\":\"https:\/\/megapets.eu\/wp-content\/uploads\/2025\/04\/megapets_eu-logo.png\",\"contentUrl\":\"https:\/\/megapets.eu\/wp-content\/uploads\/2025\/04\/megapets_eu-logo.png\",\"width\":2362,\"height\":2362,\"caption\":\"Mega Pets\"},\"image\":{\"@id\":\"https:\/\/megapets.eu\/es\/#\/schema\/logo\/image\/\"},\"sameAs\":[\"https:\/\/www.facebook.com\/MegaPets.eu\/\"]}]}<\/script>\n<!-- \/ Yoast SEO plugin. -->","yoast_head_json":{"title":"Lissachatina fulica rodatzi est\u00e1ndar | MegaPets","robots":{"index":"index","follow":"follow","max-snippet":"max-snippet:-1","max-image-preview":"max-image-preview:large","max-video-preview":"max-video-preview:-1"},"canonical":"https:\/\/megapets.eu\/es\/caracoles\/lissachatina-fulica-rodatzi-estandar\/","og_locale":"es_ES","og_type":"article","og_title":"Lissachatina fulica rodatzi est\u00e1ndar | MegaPets","og_description":"De una pareja no emparentada:  P17   Tama\u00f1o del shell objetivo:  aprox. 12-15 cm   Juveniles ofrecidos:  aprox. 4 cm   El precio se aplica a:  1 pieza","og_url":"https:\/\/megapets.eu\/es\/caracoles\/lissachatina-fulica-rodatzi-estandar\/","og_site_name":"MegaPets","article_publisher":"https:\/\/www.facebook.com\/MegaPets.eu\/","article_modified_time":"2025-08-07T12:41:31+00:00","og_image":[{"width":1051,"height":694,"url":"https:\/\/megapets.eu\/wp-content\/uploads\/2024\/10\/Lissachatina-fulica-rodatzi-standard-Logo-1.png","type":"image\/png"}],"twitter_card":"summary_large_image","twitter_misc":{"Tiempo de lectura":"1 minuto"},"schema":{"@context":"https:\/\/schema.org","@graph":[{"@type":"WebPage","@id":"https:\/\/megapets.eu\/es\/caracoles\/lissachatina-fulica-rodatzi-estandar\/","url":"https:\/\/megapets.eu\/es\/caracoles\/lissachatina-fulica-rodatzi-estandar\/","name":"Lissachatina fulica rodatzi est\u00e1ndar | MegaPets","isPartOf":{"@id":"https:\/\/megapets.eu\/es\/#website"},"primaryImageOfPage":{"@id":"https:\/\/megapets.eu\/es\/caracoles\/lissachatina-fulica-rodatzi-estandar\/#primaryimage"},"image":{"@id":"https:\/\/megapets.eu\/es\/caracoles\/lissachatina-fulica-rodatzi-estandar\/#primaryimage"},"thumbnailUrl":"https:\/\/megapets.eu\/wp-content\/uploads\/2024\/10\/Lissachatina-fulica-rodatzi-standard-Logo-1.png","datePublished":"2024-10-06T11:19:36+00:00","dateModified":"2025-08-07T12:41:31+00:00","breadcrumb":{"@id":"https:\/\/megapets.eu\/es\/caracoles\/lissachatina-fulica-rodatzi-estandar\/#breadcrumb"},"inLanguage":"es","potentialAction":[{"@type":"ReadAction","target":["https:\/\/megapets.eu\/es\/caracoles\/lissachatina-fulica-rodatzi-estandar\/"]}]},{"@type":"ImageObject","inLanguage":"es","@id":"https:\/\/megapets.eu\/es\/caracoles\/lissachatina-fulica-rodatzi-estandar\/#primaryimage","url":"https:\/\/megapets.eu\/wp-content\/uploads\/2024\/10\/Lissachatina-fulica-rodatzi-standard-Logo-1.png","contentUrl":"https:\/\/megapets.eu\/wp-content\/uploads\/2024\/10\/Lissachatina-fulica-rodatzi-standard-Logo-1.png","width":1051,"height":694},{"@type":"BreadcrumbList","@id":"https:\/\/megapets.eu\/es\/caracoles\/lissachatina-fulica-rodatzi-estandar\/#breadcrumb","itemListElement":[{"@type":"ListItem","position":1,"name":"Strona g\u0142\u00f3wna","item":"https:\/\/megapets.eu\/es\/"},{"@type":"ListItem","position":2,"name":"Almacenar","item":"https:\/\/megapets.eu\/almacenar\/"},{"@type":"ListItem","position":3,"name":"Lissachatina fulica rodatzi est\u00e1ndar"}]},{"@type":"WebSite","@id":"https:\/\/megapets.eu\/es\/#website","url":"https:\/\/megapets.eu\/es\/","name":"Mega Pets","description":"Jedna z najwi\u0119kszych hodowli \u015blimak\u00f3w w Europie","publisher":{"@id":"https:\/\/megapets.eu\/es\/#organization"},"alternateName":"Mega Pets","potentialAction":[{"@type":"SearchAction","target":{"@type":"EntryPoint","urlTemplate":"https:\/\/megapets.eu\/es\/?s={search_term_string}"},"query-input":{"@type":"PropertyValueSpecification","valueRequired":true,"valueName":"search_term_string"}}],"inLanguage":"es"},{"@type":"Organization","@id":"https:\/\/megapets.eu\/es\/#organization","name":"Mega Pets","url":"https:\/\/megapets.eu\/es\/","logo":{"@type":"ImageObject","inLanguage":"es","@id":"https:\/\/megapets.eu\/es\/#\/schema\/logo\/image\/","url":"https:\/\/megapets.eu\/wp-content\/uploads\/2025\/04\/megapets_eu-logo.png","contentUrl":"https:\/\/megapets.eu\/wp-content\/uploads\/2025\/04\/megapets_eu-logo.png","width":2362,"height":2362,"caption":"Mega Pets"},"image":{"@id":"https:\/\/megapets.eu\/es\/#\/schema\/logo\/image\/"},"sameAs":["https:\/\/www.facebook.com\/MegaPets.eu\/"]}]}},"_links":{"self":[{"href":"https:\/\/megapets.eu\/es\/wp-json\/wp\/v2\/product\/5188","targetHints":{"allow":["GET"]}}],"collection":[{"href":"https:\/\/megapets.eu\/es\/wp-json\/wp\/v2\/product"}],"about":[{"href":"https:\/\/megapets.eu\/es\/wp-json\/wp\/v2\/types\/product"}],"wp:featuredmedia":[{"embeddable":true,"href":"https:\/\/megapets.eu\/es\/wp-json\/wp\/v2\/media\/5191"}],"wp:attachment":[{"href":"https:\/\/megapets.eu\/es\/wp-json\/wp\/v2\/media?parent=5188"}],"wp:term":[{"taxonomy":"product_cat","embeddable":true,"href":"https:\/\/megapets.eu\/es\/wp-json\/wp\/v2\/product_cat?post=5188"},{"taxonomy":"product_tag","embeddable":true,"href":"https:\/\/megapets.eu\/es\/wp-json\/wp\/v2\/product_tag?post=5188"}],"curies":[{"name":"wp","href":"https:\/\/api.w.org\/{rel}","templated":true}]}}