{"id":5197,"date":"2024-10-06T09:28:14","date_gmt":"2024-10-06T09:28:14","guid":{"rendered":"https:\/\/megapets.eu\/sin categor\u00eda\/gyna-centurio-gambiacucarachas-exoticas\/"},"modified":"2024-10-06T09:28:14","modified_gmt":"2024-10-06T09:28:14","slug":"gyna-centurio-gambiacucarachas-exoticas","status":"publish","type":"product","link":"https:\/\/megapets.eu\/es\/otros\/gyna-centurio-gambiacucarachas-exoticas\/","title":{"rendered":"Gyna centurio &#8216;Gambia&#8217;<br \/>Cucarachas ex\u00f3ticas"},"content":{"rendered":"<p class=\"v1v1v1v1MsoNormal\"><span style=\"color: #424242;\"><strong><em><span style=\"font-size: 15px;\"><strong style=\"color: #424242;\"><span class=\"x1xsqp64 xiy17q3 x1o6pynw x19co3pv xdj266r xcwd3tp xat24cr x39eecv x2b8uid\" data-testid=\"emoji\"><span class=\"xexx8yu xn5pp95 x18d9i69 x2fxd7x x3jgonx x1bhl96m\">Cucarachas ex\u00f3ticas: especie: Gyna centurio Gambia.<\/span><\/span><\/strong><\/span><\/em><\/strong><\/span><\/p>\n<p class=\"v1v1v1v1MsoNormal\"><span style=\"color: #424242;\"><strong><em><span style=\"font-size: 15px;\"><strong style=\"color: #424242;\"><span class=\"x1xsqp64 xiy17q3 x1o6pynw x19co3pv xdj266r xcwd3tp xat24cr x39eecv x2b8uid\" data-testid=\"emoji\"><span class=\"xexx8yu xn5pp95 x18d9i69 x2fxd7x x3jgonx x1bhl96m\"><b>\u2764\ufe0f \u00bfBuscas algo divertido que criar para empezar?<\/b> Cucarachas ex\u00f3ticas para la cr\u00eda aficionada. Son criaturas f\u00e1ciles de mantener e interesantes de observar. Completamente seguras para los humanos, no muerden. Tienen mand\u00edbulas d\u00e9biles adaptadas a triturar materia vegetal. Las cucarachas prefieren las zonas sombreadas y se alimentan de hojas, verduras, fruta, sepia (hueso de sepia) y germen seco de Gammarus.<\/span><\/span><\/strong><\/span><\/em><\/strong><\/span><\/p>\n<p class=\"v1v1v1v1MsoNormal\"><span style=\"color: #424242;\"><strong><em><span style=\"font-size: 15px;\"><span class=\"x1xsqp64 xiy17q3 x1o6pynw x19co3pv xdj266r xcwd3tp xat24cr x39eecv x2b8uid\" data-testid=\"emoji\"><span class=\"xexx8yu xn5pp95 x18d9i69 x2fxd7x x3jgonx x1bhl96m\"><img decoding=\"async\" src=\"https:\/\/static.xx.fbcdn.net\/images\/emoji.php\/v9\/t1e\/1\/16\/1f33f.png\" alt=\"\ud83c\udf3f\" \/> <\/span><\/span>Todo lo que un animal de este tipo necesita para crecer y vivir con \u00e9xito en un terrario es:<\/span><\/em><\/strong><\/span><\/p>\n<p class=\"v1v1v1v1MsoNormal\"><span style=\"font-size: 15px;\"><strong><em><span style=\"color: #008000;\">*Todo lo que un animal de este tipo necesita para crecer y vivir con \u00e9xito en un terrario es:<\/span><\/em><\/strong><\/span><\/p>\n<p><span style=\"font-size: 15px;\"><strong><em><span style=\"color: #008000;\">* Sustrato \/ alimento: Sustrato para la cr\u00eda de cucarachas ex\u00f3ticas;<\/span><\/em><\/strong><\/span><\/p>\n<p><span style=\"font-size: 15px;\"><strong><em><span style=\"color: #008000;\">* Comida: Verduras y frutas frescas;<\/span><\/em><\/strong><\/span><\/p>\n<p><span style=\"font-size: 15px;\"><strong><em><span style=\"color: #008000;\">* Comida: El gammarus molido es un germen desecado, rico en macro y micronutrientes, una fuente natural de prote\u00edna animal y quitina;<\/span><\/em><\/strong><\/span><\/p>\n<p><span style=\"font-size: 15px;\"><strong><em><span style=\"color: #008000;\">* Comida: Sepia: el hueso de sepia es una fuente natural de calcio para los animales del terrario;<\/span><\/em><\/strong><\/span><\/p>\n<p><span style=\"font-size: 15px;\"><strong><em><span style=\"color: #008000;\">* Terrario: Contenedor de cr\u00eda.<\/span><\/em><\/strong><\/span><\/p>\n","protected":false},"excerpt":{"rendered":"<ul class=\"product_attributes\">\n<li><strong>Tama\u00f1o objetivo de los ejemplares:<\/strong> <span style=\"color: #000000;\">aprox. 2,5-4 cm<\/span><\/li>\n<li>Juveniles ofrecidos: <span style=\"color: #000000;\">mezcla 0,5 -1 cm<\/span><\/li>\n<li>El precio es por un conjunto: <span style=\"color: #000000;\">12 ejemplares<\/span><\/li>\n<\/ul>\n","protected":false},"featured_media":5199,"template":"","meta":{"_acf_changed":false,"_links_to":"","_links_to_target":""},"product_cat":[138],"product_tag":[],"class_list":{"0":"post-5197","1":"product","2":"type-product","3":"status-publish","4":"has-post-thumbnail","6":"product_cat-otros","8":"first","9":"outofstock","10":"shipping-taxable","11":"purchasable","12":"product-type-simple"},"acf":[],"yoast_head":"<!-- This site is optimized with the Yoast SEO plugin v24.9 - https:\/\/yoast.com\/wordpress\/plugins\/seo\/ -->\n<title>Gyna centurio &#039;Gambia&#039;Cucarachas ex\u00f3ticas | MegaPets<\/title>\n<meta name=\"robots\" content=\"index, follow, max-snippet:-1, max-image-preview:large, max-video-preview:-1\" \/>\n<link rel=\"canonical\" href=\"https:\/\/megapets.eu\/es\/otros\/gyna-centurio-gambiacucarachas-exoticas\/\" \/>\n<meta property=\"og:locale\" content=\"es_ES\" \/>\n<meta property=\"og:type\" content=\"article\" \/>\n<meta property=\"og:title\" content=\"Gyna centurio &#039;Gambia&#039;Cucarachas ex\u00f3ticas | MegaPets\" \/>\n<meta property=\"og:description\" content=\"Tama\u00f1o objetivo de los ejemplares: aprox. 2,5-4 cm  Juveniles ofrecidos: mezcla 0,5 -1 cm  El precio es por un conjunto: 12 ejemplares\" \/>\n<meta property=\"og:url\" content=\"https:\/\/megapets.eu\/es\/otros\/gyna-centurio-gambiacucarachas-exoticas\/\" \/>\n<meta property=\"og:site_name\" content=\"MegaPets\" \/>\n<meta property=\"article:publisher\" content=\"https:\/\/www.facebook.com\/MegaPets.eu\/\" \/>\n<meta property=\"og:image\" content=\"https:\/\/megapets.eu\/wp-content\/uploads\/2024\/10\/IMG_20200830_161127-scaled.jpg\" \/>\n\t<meta property=\"og:image:width\" content=\"2560\" \/>\n\t<meta property=\"og:image:height\" content=\"1707\" \/>\n\t<meta property=\"og:image:type\" content=\"image\/jpeg\" \/>\n<meta name=\"twitter:card\" content=\"summary_large_image\" \/>\n<meta name=\"twitter:label1\" content=\"Tiempo de lectura\" \/>\n\t<meta name=\"twitter:data1\" content=\"1 minuto\" \/>\n<script type=\"application\/ld+json\" class=\"yoast-schema-graph\">{\"@context\":\"https:\/\/schema.org\",\"@graph\":[{\"@type\":\"WebPage\",\"@id\":\"https:\/\/megapets.eu\/es\/otros\/gyna-centurio-gambiacucarachas-exoticas\/\",\"url\":\"https:\/\/megapets.eu\/es\/otros\/gyna-centurio-gambiacucarachas-exoticas\/\",\"name\":\"Gyna centurio 'Gambia' Cucarachas ex\u00f3ticas | MegaPets\",\"isPartOf\":{\"@id\":\"https:\/\/megapets.eu\/es\/#website\"},\"primaryImageOfPage\":{\"@id\":\"https:\/\/megapets.eu\/es\/otros\/gyna-centurio-gambiacucarachas-exoticas\/#primaryimage\"},\"image\":{\"@id\":\"https:\/\/megapets.eu\/es\/otros\/gyna-centurio-gambiacucarachas-exoticas\/#primaryimage\"},\"thumbnailUrl\":\"https:\/\/megapets.eu\/wp-content\/uploads\/2024\/10\/IMG_20200830_161127-scaled.jpg\",\"datePublished\":\"2024-10-06T09:28:14+00:00\",\"breadcrumb\":{\"@id\":\"https:\/\/megapets.eu\/es\/otros\/gyna-centurio-gambiacucarachas-exoticas\/#breadcrumb\"},\"inLanguage\":\"es\",\"potentialAction\":[{\"@type\":\"ReadAction\",\"target\":[\"https:\/\/megapets.eu\/es\/otros\/gyna-centurio-gambiacucarachas-exoticas\/\"]}]},{\"@type\":\"ImageObject\",\"inLanguage\":\"es\",\"@id\":\"https:\/\/megapets.eu\/es\/otros\/gyna-centurio-gambiacucarachas-exoticas\/#primaryimage\",\"url\":\"https:\/\/megapets.eu\/wp-content\/uploads\/2024\/10\/IMG_20200830_161127-scaled.jpg\",\"contentUrl\":\"https:\/\/megapets.eu\/wp-content\/uploads\/2024\/10\/IMG_20200830_161127-scaled.jpg\",\"width\":2560,\"height\":1707},{\"@type\":\"BreadcrumbList\",\"@id\":\"https:\/\/megapets.eu\/es\/otros\/gyna-centurio-gambiacucarachas-exoticas\/#breadcrumb\",\"itemListElement\":[{\"@type\":\"ListItem\",\"position\":1,\"name\":\"Strona g\u0142\u00f3wna\",\"item\":\"https:\/\/megapets.eu\/es\/\"},{\"@type\":\"ListItem\",\"position\":2,\"name\":\"Almacenar\",\"item\":\"https:\/\/megapets.eu\/almacenar\/\"},{\"@type\":\"ListItem\",\"position\":3,\"name\":\"Gyna centurio 'Gambia&#8217;Cucarachas ex\u00f3ticas\"}]},{\"@type\":\"WebSite\",\"@id\":\"https:\/\/megapets.eu\/es\/#website\",\"url\":\"https:\/\/megapets.eu\/es\/\",\"name\":\"Mega Pets\",\"description\":\"Jedna z najwi\u0119kszych hodowli \u015blimak\u00f3w w Europie\",\"publisher\":{\"@id\":\"https:\/\/megapets.eu\/es\/#organization\"},\"alternateName\":\"Mega Pets\",\"potentialAction\":[{\"@type\":\"SearchAction\",\"target\":{\"@type\":\"EntryPoint\",\"urlTemplate\":\"https:\/\/megapets.eu\/es\/?s={search_term_string}\"},\"query-input\":{\"@type\":\"PropertyValueSpecification\",\"valueRequired\":true,\"valueName\":\"search_term_string\"}}],\"inLanguage\":\"es\"},{\"@type\":\"Organization\",\"@id\":\"https:\/\/megapets.eu\/es\/#organization\",\"name\":\"Mega Pets\",\"url\":\"https:\/\/megapets.eu\/es\/\",\"logo\":{\"@type\":\"ImageObject\",\"inLanguage\":\"es\",\"@id\":\"https:\/\/megapets.eu\/es\/#\/schema\/logo\/image\/\",\"url\":\"https:\/\/megapets.eu\/wp-content\/uploads\/2025\/04\/megapets_eu-logo.png\",\"contentUrl\":\"https:\/\/megapets.eu\/wp-content\/uploads\/2025\/04\/megapets_eu-logo.png\",\"width\":2362,\"height\":2362,\"caption\":\"Mega Pets\"},\"image\":{\"@id\":\"https:\/\/megapets.eu\/es\/#\/schema\/logo\/image\/\"},\"sameAs\":[\"https:\/\/www.facebook.com\/MegaPets.eu\/\"]}]}<\/script>\n<!-- \/ Yoast SEO plugin. -->","yoast_head_json":{"title":"Gyna centurio 'Gambia'Cucarachas ex\u00f3ticas | MegaPets","robots":{"index":"index","follow":"follow","max-snippet":"max-snippet:-1","max-image-preview":"max-image-preview:large","max-video-preview":"max-video-preview:-1"},"canonical":"https:\/\/megapets.eu\/es\/otros\/gyna-centurio-gambiacucarachas-exoticas\/","og_locale":"es_ES","og_type":"article","og_title":"Gyna centurio 'Gambia'Cucarachas ex\u00f3ticas | MegaPets","og_description":"Tama\u00f1o objetivo de los ejemplares: aprox. 2,5-4 cm  Juveniles ofrecidos: mezcla 0,5 -1 cm  El precio es por un conjunto: 12 ejemplares","og_url":"https:\/\/megapets.eu\/es\/otros\/gyna-centurio-gambiacucarachas-exoticas\/","og_site_name":"MegaPets","article_publisher":"https:\/\/www.facebook.com\/MegaPets.eu\/","og_image":[{"width":2560,"height":1707,"url":"https:\/\/megapets.eu\/wp-content\/uploads\/2024\/10\/IMG_20200830_161127-scaled.jpg","type":"image\/jpeg"}],"twitter_card":"summary_large_image","twitter_misc":{"Tiempo de lectura":"1 minuto"},"schema":{"@context":"https:\/\/schema.org","@graph":[{"@type":"WebPage","@id":"https:\/\/megapets.eu\/es\/otros\/gyna-centurio-gambiacucarachas-exoticas\/","url":"https:\/\/megapets.eu\/es\/otros\/gyna-centurio-gambiacucarachas-exoticas\/","name":"Gyna centurio 'Gambia' Cucarachas ex\u00f3ticas | MegaPets","isPartOf":{"@id":"https:\/\/megapets.eu\/es\/#website"},"primaryImageOfPage":{"@id":"https:\/\/megapets.eu\/es\/otros\/gyna-centurio-gambiacucarachas-exoticas\/#primaryimage"},"image":{"@id":"https:\/\/megapets.eu\/es\/otros\/gyna-centurio-gambiacucarachas-exoticas\/#primaryimage"},"thumbnailUrl":"https:\/\/megapets.eu\/wp-content\/uploads\/2024\/10\/IMG_20200830_161127-scaled.jpg","datePublished":"2024-10-06T09:28:14+00:00","breadcrumb":{"@id":"https:\/\/megapets.eu\/es\/otros\/gyna-centurio-gambiacucarachas-exoticas\/#breadcrumb"},"inLanguage":"es","potentialAction":[{"@type":"ReadAction","target":["https:\/\/megapets.eu\/es\/otros\/gyna-centurio-gambiacucarachas-exoticas\/"]}]},{"@type":"ImageObject","inLanguage":"es","@id":"https:\/\/megapets.eu\/es\/otros\/gyna-centurio-gambiacucarachas-exoticas\/#primaryimage","url":"https:\/\/megapets.eu\/wp-content\/uploads\/2024\/10\/IMG_20200830_161127-scaled.jpg","contentUrl":"https:\/\/megapets.eu\/wp-content\/uploads\/2024\/10\/IMG_20200830_161127-scaled.jpg","width":2560,"height":1707},{"@type":"BreadcrumbList","@id":"https:\/\/megapets.eu\/es\/otros\/gyna-centurio-gambiacucarachas-exoticas\/#breadcrumb","itemListElement":[{"@type":"ListItem","position":1,"name":"Strona g\u0142\u00f3wna","item":"https:\/\/megapets.eu\/es\/"},{"@type":"ListItem","position":2,"name":"Almacenar","item":"https:\/\/megapets.eu\/almacenar\/"},{"@type":"ListItem","position":3,"name":"Gyna centurio 'Gambia&#8217;Cucarachas ex\u00f3ticas"}]},{"@type":"WebSite","@id":"https:\/\/megapets.eu\/es\/#website","url":"https:\/\/megapets.eu\/es\/","name":"Mega Pets","description":"Jedna z najwi\u0119kszych hodowli \u015blimak\u00f3w w Europie","publisher":{"@id":"https:\/\/megapets.eu\/es\/#organization"},"alternateName":"Mega Pets","potentialAction":[{"@type":"SearchAction","target":{"@type":"EntryPoint","urlTemplate":"https:\/\/megapets.eu\/es\/?s={search_term_string}"},"query-input":{"@type":"PropertyValueSpecification","valueRequired":true,"valueName":"search_term_string"}}],"inLanguage":"es"},{"@type":"Organization","@id":"https:\/\/megapets.eu\/es\/#organization","name":"Mega Pets","url":"https:\/\/megapets.eu\/es\/","logo":{"@type":"ImageObject","inLanguage":"es","@id":"https:\/\/megapets.eu\/es\/#\/schema\/logo\/image\/","url":"https:\/\/megapets.eu\/wp-content\/uploads\/2025\/04\/megapets_eu-logo.png","contentUrl":"https:\/\/megapets.eu\/wp-content\/uploads\/2025\/04\/megapets_eu-logo.png","width":2362,"height":2362,"caption":"Mega Pets"},"image":{"@id":"https:\/\/megapets.eu\/es\/#\/schema\/logo\/image\/"},"sameAs":["https:\/\/www.facebook.com\/MegaPets.eu\/"]}]}},"_links":{"self":[{"href":"https:\/\/megapets.eu\/es\/wp-json\/wp\/v2\/product\/5197","targetHints":{"allow":["GET"]}}],"collection":[{"href":"https:\/\/megapets.eu\/es\/wp-json\/wp\/v2\/product"}],"about":[{"href":"https:\/\/megapets.eu\/es\/wp-json\/wp\/v2\/types\/product"}],"wp:featuredmedia":[{"embeddable":true,"href":"https:\/\/megapets.eu\/es\/wp-json\/wp\/v2\/media\/5199"}],"wp:attachment":[{"href":"https:\/\/megapets.eu\/es\/wp-json\/wp\/v2\/media?parent=5197"}],"wp:term":[{"taxonomy":"product_cat","embeddable":true,"href":"https:\/\/megapets.eu\/es\/wp-json\/wp\/v2\/product_cat?post=5197"},{"taxonomy":"product_tag","embeddable":true,"href":"https:\/\/megapets.eu\/es\/wp-json\/wp\/v2\/product_tag?post=5197"}],"curies":[{"name":"wp","href":"https:\/\/api.w.org\/{rel}","templated":true}]}}