{"id":5283,"date":"2024-10-06T08:59:31","date_gmt":"2024-10-06T08:59:31","guid":{"rendered":"https:\/\/megapets.eu\/sin categor\u00eda\/pseudoglomeris-magnificalas-cucarachas-exoticas-mas-bellas\/"},"modified":"2024-10-06T08:59:31","modified_gmt":"2024-10-06T08:59:31","slug":"pseudoglomeris-magnificalas-cucarachas-exoticas-mas-bellas","status":"publish","type":"product","link":"https:\/\/megapets.eu\/es\/otros\/pseudoglomeris-magnificalas-cucarachas-exoticas-mas-bellas\/","title":{"rendered":"Pseudoglomeris magnifica<br \/>Las cucarachas ex\u00f3ticas m\u00e1s bellas"},"content":{"rendered":"<p class=\"v1v1v1v1MsoNormal\"><span style=\"color: #424242;\"><strong><em><span style=\"font-size: 15px;\"><strong style=\"color: #424242;\"><span class=\"x1xsqp64 xiy17q3 x1o6pynw x19co3pv xdj266r xcwd3tp xat24cr x39eecv x2b8uid\" data-testid=\"emoji\"><span class=\"xexx8yu xn5pp95 x18d9i69 x2fxd7x x3jgonx x1bhl96m\">Cucarachas ex\u00f3ticas: especie Pseudoglomeris (corydidarum) magnifica<\/span><\/span><\/strong>.<\/span><\/em><\/strong><\/span><\/p>\n<p><strong style=\"color: #424242;\"><em><span style=\"font-size: 15px;\"><strong><span class=\"x1xsqp64 xiy17q3 x1o6pynw x19co3pv xdj266r xcwd3tp xat24cr x39eecv x2b8uid\" data-testid=\"emoji\"><span class=\"xexx8yu xn5pp95 x18d9i69 x2fxd7x x3jgonx x1bhl96m\"><br \/>\n<\/span><\/span><\/strong><\/span><\/em><strong><em><span style=\"font-size: 15px;\"><span class=\"x1xsqp64 xiy17q3 x1o6pynw x19co3pv xdj266r xcwd3tp xat24cr x39eecv x2b8uid\" data-testid=\"emoji\"><span class=\"xexx8yu xn5pp95 x18d9i69 x2fxd7x x3jgonx x1bhl96m\"><span class=\"html-span xexx8yu x4uap5 x18d9i69 xkhd6sd x1hl2dhg x16tdsg8 x1vvkbs x3nfvp2 x1j61x8r x1fcty0u xdj266r xat24cr xgzva0m xhhsvwb xxymvpz xlup9mm x1kky2od\">\ud83d\udc9a\ud83d\udc9a\ud83d\udc9a<\/span><\/span><\/span><\/span><\/em><\/strong><\/strong><strong style=\"color: #424242;\"><em><span style=\"font-size: 15px;\"><strong><span class=\"x1xsqp64 xiy17q3 x1o6pynw x19co3pv xdj266r xcwd3tp xat24cr x39eecv x2b8uid\" data-testid=\"emoji\"><span class=\"xexx8yu xn5pp95 x18d9i69 x2fxd7x x3jgonx x1bhl96m\">Pseudoglomeris <img decoding=\"async\" src=\"https:\/\/static.xx.fbcdn.net\/images\/emoji.php\/v9\/tf9\/1\/16\/1f48e.png\" alt=\"\ud83d\udc8e\" \/> magnifica<span class=\"html-span xexx8yu x4uap5 x18d9i69 xkhd6sd x1hl2dhg x16tdsg8 x1vvkbs x3nfvp2 x1j61x8r x1fcty0u xdj266r xat24cr xgzva0m xhhsvwb xxymvpz xlup9mm x1kky2od\">\ud83d\udc9a\ud83d\udc9a\ud83d\udc9a<\/span><\/span><\/span><\/strong><\/span><\/em><\/strong><strong style=\"color: #424242;\"><em><span style=\"font-size: 15px;\"><strong><span class=\"x1xsqp64 xiy17q3 x1o6pynw x19co3pv xdj266r xcwd3tp xat24cr x39eecv x2b8uid\" data-testid=\"emoji\"><span class=\"xexx8yu xn5pp95 x18d9i69 x2fxd7x x3jgonx x1bhl96m\"> &#8211; \u00a1las cucarachas ex\u00f3ticas m\u00e1s bonitas <img loading=\"lazy\" decoding=\"async\" class=\"xz74otr\" src=\"https:\/\/static.xx.fbcdn.net\/images\/emoji.php\/v9\/td9\/1\/16\/1f99a.png\" alt=\"\ud83e\udd9a\" width=\"16\" height=\"16\" \/> del hobby! <span class=\"html-span xexx8yu x4uap5 x18d9i69 xkhd6sd x1hl2dhg x16tdsg8 x1vvkbs x3nfvp2 x1j61x8r x1fcty0u xdj266r xat24cr xgzva0m xhhsvwb xxymvpz xlup9mm x1kky2od\"><img loading=\"lazy\" decoding=\"async\" class=\"xz74otr\" src=\"https:\/\/static.xx.fbcdn.net\/images\/emoji.php\/v9\/tb4\/1\/16\/2b50.png\" alt=\"\u2b50\ufe0f\" width=\"16\" height=\"16\" \/><\/span><\/span><\/span><\/strong><\/span><\/em><span style=\"font-size: 15px;\"><strong><span class=\"x1xsqp64 xiy17q3 x1o6pynw x19co3pv xdj266r xcwd3tp xat24cr x39eecv x2b8uid\" data-testid=\"emoji\"><span class=\"xexx8yu xn5pp95 x18d9i69 x2fxd7x x3jgonx x1bhl96m\">\u2764\ufe0f<\/span><\/span><\/strong><\/span><\/strong><\/p>\n<p class=\"v1v1v1v1MsoNormal\"><span style=\"color: #424242;\"><strong><em><span style=\"font-size: 15px;\">\ud83d\udc9a\u2764\ufe0f\ud83d\udc9a \u00bfBuscas algo guay que criar para empezar? Cucarachas ex\u00f3ticas Pseudoglomeris magnifica para criar como aficionado. Son criaturas extremadamente bellas y f\u00e1ciles de mantener en todas las fases de su desarrollo, muy interesantes de observar, activas y localizables. Completamente seguras para el ser humano, no muerden. Tienen mand\u00edbulas d\u00e9biles adaptadas para triturar materia vegetal. Las cucarachas Magnifica prefieren los lugares sombr\u00edos y se alimentan de hojas, verduras, fruta, sepia (hueso de sepia) y germen seco de Gammarus.<\/span><\/em><\/strong><\/span><\/p>\n<p class=\"v1v1v1v1MsoNormal\"><span style=\"color: #424242;\"><strong><em><span style=\"font-size: 15px;\"><span class=\"x1xsqp64 xiy17q3 x1o6pynw x19co3pv xdj266r xcwd3tp xat24cr x39eecv x2b8uid\" data-testid=\"emoji\"><span class=\"xexx8yu xn5pp95 x18d9i69 x2fxd7x x3jgonx x1bhl96m\"><img decoding=\"async\" src=\"https:\/\/static.xx.fbcdn.net\/images\/emoji.php\/v9\/t1e\/1\/16\/1f33f.png\" alt=\"\ud83c\udf3f\" \/> <\/span><\/span>Todo lo que un animal as\u00ed necesita para crecer y vivir con \u00e9xito en un terrario es:<\/span><\/em><\/strong><\/span><\/p>\n<p class=\"v1v1v1v1MsoNormal\"><span style=\"color: #008000;\"><strong><em><span style=\"font-size: 15px;\">* <strong><span class=\"x1xsqp64 xiy17q3 x1o6pynw x19co3pv xdj266r xcwd3tp xat24cr x39eecv x2b8uid\" data-testid=\"emoji\"><span class=\"xexx8yu xn5pp95 x18d9i69 x2fxd7x x3jgonx x1bhl96m\">Todo lo que un animal as\u00ed necesita para crecer y vivir con \u00e9xito en un terrario es:<\/span><\/span><\/strong><\/span><\/em><\/strong><\/span><\/p>\n<p class=\"v1v1v1v1MsoNormal\"><span style=\"color: #008000;\"><strong><em><span style=\"font-size: 15px;\"><strong><span class=\"x1xsqp64 xiy17q3 x1o6pynw x19co3pv xdj266r xcwd3tp xat24cr x39eecv x2b8uid\" data-testid=\"emoji\"><span class=\"xexx8yu xn5pp95 x18d9i69 x2fxd7x x3jgonx x1bhl96m\">* Sustrato \/ alimento: Sustrato para la cr\u00eda de cucarachas ex\u00f3ticas;<\/span><\/span><\/strong><\/span><\/em><\/strong><\/span><\/p>\n<p class=\"v1v1v1v1MsoNormal\"><span style=\"color: #008000;\"><strong><em><span style=\"font-size: 15px;\"><strong><span class=\"x1xsqp64 xiy17q3 x1o6pynw x19co3pv xdj266r xcwd3tp xat24cr x39eecv x2b8uid\" data-testid=\"emoji\"><span class=\"xexx8yu xn5pp95 x18d9i69 x2fxd7x x3jgonx x1bhl96m\">* Comida: Verduras y frutas frescas;<\/span><\/span><\/strong><\/span><\/em><\/strong><\/span><\/p>\n<p class=\"v1v1v1v1MsoNormal\"><span style=\"color: #008000;\"><strong><em><span style=\"font-size: 15px;\"><strong><span class=\"x1xsqp64 xiy17q3 x1o6pynw x19co3pv xdj266r xcwd3tp xat24cr x39eecv x2b8uid\" data-testid=\"emoji\"><span class=\"xexx8yu xn5pp95 x18d9i69 x2fxd7x x3jgonx x1bhl96m\">* Comida: El gammarus molido es un germen desecado, rico en macro y micronutrientes, una fuente natural de prote\u00edna animal y quitina;<\/span><\/span><\/strong><\/span><\/em><\/strong><\/span><\/p>\n<p class=\"v1v1v1v1MsoNormal\"><span style=\"color: #008000;\"><strong><em><span style=\"font-size: 15px;\"><strong><span class=\"x1xsqp64 xiy17q3 x1o6pynw x19co3pv xdj266r xcwd3tp xat24cr x39eecv x2b8uid\" data-testid=\"emoji\"><span class=\"xexx8yu xn5pp95 x18d9i69 x2fxd7x x3jgonx x1bhl96m\">* Comida: Sepia: el hueso de sepia es una fuente natural de calcio para los animales del terrario;<\/span><\/span><\/strong><\/span><\/em><\/strong><\/span><\/p>\n<p class=\"v1v1v1v1MsoNormal\"><span style=\"color: #008000;\"><strong><em><span style=\"font-size: 15px;\"><strong><span class=\"x1xsqp64 xiy17q3 x1o6pynw x19co3pv xdj266r xcwd3tp xat24cr x39eecv x2b8uid\" data-testid=\"emoji\"><span class=\"xexx8yu xn5pp95 x18d9i69 x2fxd7x x3jgonx x1bhl96m\">* Terrario: Contenedor de cr\u00eda;<\/span><\/span><\/strong><\/span><\/em><\/strong><\/span><\/p>\n","protected":false},"excerpt":{"rendered":"<ul class=\"product_attributes\">\n<li><strong>Tama\u00f1o objetivo de los ejemplares:<\/strong> <span style=\"color: #000000;\">aprox. 2,5 cm<\/span><\/li>\n<li>Juveniles ofrecidos: <span style=\"color: #000000;\">mezcla 0,5 -1 cm<\/span><\/li>\n<li>El precio es por un conjunto: <span style=\"color: #000000;\">6 ejemplares<\/span><\/li>\n<\/ul>\n","protected":false},"featured_media":5284,"template":"","meta":{"_acf_changed":false,"_links_to":"","_links_to_target":""},"product_cat":[138],"product_tag":[],"class_list":{"0":"post-5283","1":"product","2":"type-product","3":"status-publish","4":"has-post-thumbnail","6":"product_cat-otros","8":"first","9":"instock","10":"shipping-taxable","11":"purchasable","12":"product-type-simple"},"acf":[],"yoast_head":"<!-- This site is optimized with the Yoast SEO plugin v24.9 - https:\/\/yoast.com\/wordpress\/plugins\/seo\/ -->\n<title>Pseudoglomeris magnificaLas cucarachas ex\u00f3ticas m\u00e1s bellas | MegaPets<\/title>\n<meta name=\"robots\" content=\"index, follow, max-snippet:-1, max-image-preview:large, max-video-preview:-1\" \/>\n<link rel=\"canonical\" href=\"https:\/\/megapets.eu\/es\/otros\/pseudoglomeris-magnificalas-cucarachas-exoticas-mas-bellas\/\" \/>\n<meta property=\"og:locale\" content=\"es_ES\" \/>\n<meta property=\"og:type\" content=\"article\" \/>\n<meta property=\"og:title\" content=\"Pseudoglomeris magnificaLas cucarachas ex\u00f3ticas m\u00e1s bellas | MegaPets\" \/>\n<meta property=\"og:description\" content=\"Tama\u00f1o objetivo de los ejemplares: aprox. 2,5 cm  Juveniles ofrecidos: mezcla 0,5 -1 cm  El precio es por un conjunto: 6 ejemplares\" \/>\n<meta property=\"og:url\" content=\"https:\/\/megapets.eu\/es\/otros\/pseudoglomeris-magnificalas-cucarachas-exoticas-mas-bellas\/\" \/>\n<meta property=\"og:site_name\" content=\"MegaPets\" \/>\n<meta property=\"article:publisher\" content=\"https:\/\/www.facebook.com\/MegaPets.eu\/\" \/>\n<meta property=\"og:image\" content=\"https:\/\/megapets.eu\/wp-content\/uploads\/2024\/10\/45643-1024x768.png\" \/>\n\t<meta property=\"og:image:width\" content=\"1024\" \/>\n\t<meta property=\"og:image:height\" content=\"768\" \/>\n\t<meta property=\"og:image:type\" content=\"image\/png\" \/>\n<meta name=\"twitter:card\" content=\"summary_large_image\" \/>\n<meta name=\"twitter:label1\" content=\"Tiempo de lectura\" \/>\n\t<meta name=\"twitter:data1\" content=\"1 minuto\" \/>\n<script type=\"application\/ld+json\" class=\"yoast-schema-graph\">{\"@context\":\"https:\/\/schema.org\",\"@graph\":[{\"@type\":\"WebPage\",\"@id\":\"https:\/\/megapets.eu\/es\/otros\/pseudoglomeris-magnificalas-cucarachas-exoticas-mas-bellas\/\",\"url\":\"https:\/\/megapets.eu\/es\/otros\/pseudoglomeris-magnificalas-cucarachas-exoticas-mas-bellas\/\",\"name\":\"Pseudoglomeris magnifica Las cucarachas ex\u00f3ticas m\u00e1s bellas | MegaPets\",\"isPartOf\":{\"@id\":\"https:\/\/megapets.eu\/es\/#website\"},\"primaryImageOfPage\":{\"@id\":\"https:\/\/megapets.eu\/es\/otros\/pseudoglomeris-magnificalas-cucarachas-exoticas-mas-bellas\/#primaryimage\"},\"image\":{\"@id\":\"https:\/\/megapets.eu\/es\/otros\/pseudoglomeris-magnificalas-cucarachas-exoticas-mas-bellas\/#primaryimage\"},\"thumbnailUrl\":\"https:\/\/megapets.eu\/wp-content\/uploads\/2024\/10\/45643.png\",\"datePublished\":\"2024-10-06T08:59:31+00:00\",\"breadcrumb\":{\"@id\":\"https:\/\/megapets.eu\/es\/otros\/pseudoglomeris-magnificalas-cucarachas-exoticas-mas-bellas\/#breadcrumb\"},\"inLanguage\":\"es\",\"potentialAction\":[{\"@type\":\"ReadAction\",\"target\":[\"https:\/\/megapets.eu\/es\/otros\/pseudoglomeris-magnificalas-cucarachas-exoticas-mas-bellas\/\"]}]},{\"@type\":\"ImageObject\",\"inLanguage\":\"es\",\"@id\":\"https:\/\/megapets.eu\/es\/otros\/pseudoglomeris-magnificalas-cucarachas-exoticas-mas-bellas\/#primaryimage\",\"url\":\"https:\/\/megapets.eu\/wp-content\/uploads\/2024\/10\/45643.png\",\"contentUrl\":\"https:\/\/megapets.eu\/wp-content\/uploads\/2024\/10\/45643.png\",\"width\":4000,\"height\":3000},{\"@type\":\"BreadcrumbList\",\"@id\":\"https:\/\/megapets.eu\/es\/otros\/pseudoglomeris-magnificalas-cucarachas-exoticas-mas-bellas\/#breadcrumb\",\"itemListElement\":[{\"@type\":\"ListItem\",\"position\":1,\"name\":\"Strona g\u0142\u00f3wna\",\"item\":\"https:\/\/megapets.eu\/es\/\"},{\"@type\":\"ListItem\",\"position\":2,\"name\":\"Almacenar\",\"item\":\"https:\/\/megapets.eu\/almacenar\/\"},{\"@type\":\"ListItem\",\"position\":3,\"name\":\"Pseudoglomeris magnificaLas cucarachas ex\u00f3ticas m\u00e1s bellas\"}]},{\"@type\":\"WebSite\",\"@id\":\"https:\/\/megapets.eu\/es\/#website\",\"url\":\"https:\/\/megapets.eu\/es\/\",\"name\":\"Mega Pets\",\"description\":\"Jedna z najwi\u0119kszych hodowli \u015blimak\u00f3w w Europie\",\"publisher\":{\"@id\":\"https:\/\/megapets.eu\/es\/#organization\"},\"alternateName\":\"Mega Pets\",\"potentialAction\":[{\"@type\":\"SearchAction\",\"target\":{\"@type\":\"EntryPoint\",\"urlTemplate\":\"https:\/\/megapets.eu\/es\/?s={search_term_string}\"},\"query-input\":{\"@type\":\"PropertyValueSpecification\",\"valueRequired\":true,\"valueName\":\"search_term_string\"}}],\"inLanguage\":\"es\"},{\"@type\":\"Organization\",\"@id\":\"https:\/\/megapets.eu\/es\/#organization\",\"name\":\"Mega Pets\",\"url\":\"https:\/\/megapets.eu\/es\/\",\"logo\":{\"@type\":\"ImageObject\",\"inLanguage\":\"es\",\"@id\":\"https:\/\/megapets.eu\/es\/#\/schema\/logo\/image\/\",\"url\":\"https:\/\/megapets.eu\/wp-content\/uploads\/2025\/04\/megapets_eu-logo.png\",\"contentUrl\":\"https:\/\/megapets.eu\/wp-content\/uploads\/2025\/04\/megapets_eu-logo.png\",\"width\":2362,\"height\":2362,\"caption\":\"Mega Pets\"},\"image\":{\"@id\":\"https:\/\/megapets.eu\/es\/#\/schema\/logo\/image\/\"},\"sameAs\":[\"https:\/\/www.facebook.com\/MegaPets.eu\/\"]}]}<\/script>\n<!-- \/ Yoast SEO plugin. -->","yoast_head_json":{"title":"Pseudoglomeris magnificaLas cucarachas ex\u00f3ticas m\u00e1s bellas | MegaPets","robots":{"index":"index","follow":"follow","max-snippet":"max-snippet:-1","max-image-preview":"max-image-preview:large","max-video-preview":"max-video-preview:-1"},"canonical":"https:\/\/megapets.eu\/es\/otros\/pseudoglomeris-magnificalas-cucarachas-exoticas-mas-bellas\/","og_locale":"es_ES","og_type":"article","og_title":"Pseudoglomeris magnificaLas cucarachas ex\u00f3ticas m\u00e1s bellas | MegaPets","og_description":"Tama\u00f1o objetivo de los ejemplares: aprox. 2,5 cm  Juveniles ofrecidos: mezcla 0,5 -1 cm  El precio es por un conjunto: 6 ejemplares","og_url":"https:\/\/megapets.eu\/es\/otros\/pseudoglomeris-magnificalas-cucarachas-exoticas-mas-bellas\/","og_site_name":"MegaPets","article_publisher":"https:\/\/www.facebook.com\/MegaPets.eu\/","og_image":[{"width":1024,"height":768,"url":"https:\/\/megapets.eu\/wp-content\/uploads\/2024\/10\/45643-1024x768.png","type":"image\/png"}],"twitter_card":"summary_large_image","twitter_misc":{"Tiempo de lectura":"1 minuto"},"schema":{"@context":"https:\/\/schema.org","@graph":[{"@type":"WebPage","@id":"https:\/\/megapets.eu\/es\/otros\/pseudoglomeris-magnificalas-cucarachas-exoticas-mas-bellas\/","url":"https:\/\/megapets.eu\/es\/otros\/pseudoglomeris-magnificalas-cucarachas-exoticas-mas-bellas\/","name":"Pseudoglomeris magnifica Las cucarachas ex\u00f3ticas m\u00e1s bellas | MegaPets","isPartOf":{"@id":"https:\/\/megapets.eu\/es\/#website"},"primaryImageOfPage":{"@id":"https:\/\/megapets.eu\/es\/otros\/pseudoglomeris-magnificalas-cucarachas-exoticas-mas-bellas\/#primaryimage"},"image":{"@id":"https:\/\/megapets.eu\/es\/otros\/pseudoglomeris-magnificalas-cucarachas-exoticas-mas-bellas\/#primaryimage"},"thumbnailUrl":"https:\/\/megapets.eu\/wp-content\/uploads\/2024\/10\/45643.png","datePublished":"2024-10-06T08:59:31+00:00","breadcrumb":{"@id":"https:\/\/megapets.eu\/es\/otros\/pseudoglomeris-magnificalas-cucarachas-exoticas-mas-bellas\/#breadcrumb"},"inLanguage":"es","potentialAction":[{"@type":"ReadAction","target":["https:\/\/megapets.eu\/es\/otros\/pseudoglomeris-magnificalas-cucarachas-exoticas-mas-bellas\/"]}]},{"@type":"ImageObject","inLanguage":"es","@id":"https:\/\/megapets.eu\/es\/otros\/pseudoglomeris-magnificalas-cucarachas-exoticas-mas-bellas\/#primaryimage","url":"https:\/\/megapets.eu\/wp-content\/uploads\/2024\/10\/45643.png","contentUrl":"https:\/\/megapets.eu\/wp-content\/uploads\/2024\/10\/45643.png","width":4000,"height":3000},{"@type":"BreadcrumbList","@id":"https:\/\/megapets.eu\/es\/otros\/pseudoglomeris-magnificalas-cucarachas-exoticas-mas-bellas\/#breadcrumb","itemListElement":[{"@type":"ListItem","position":1,"name":"Strona g\u0142\u00f3wna","item":"https:\/\/megapets.eu\/es\/"},{"@type":"ListItem","position":2,"name":"Almacenar","item":"https:\/\/megapets.eu\/almacenar\/"},{"@type":"ListItem","position":3,"name":"Pseudoglomeris magnificaLas cucarachas ex\u00f3ticas m\u00e1s bellas"}]},{"@type":"WebSite","@id":"https:\/\/megapets.eu\/es\/#website","url":"https:\/\/megapets.eu\/es\/","name":"Mega Pets","description":"Jedna z najwi\u0119kszych hodowli \u015blimak\u00f3w w Europie","publisher":{"@id":"https:\/\/megapets.eu\/es\/#organization"},"alternateName":"Mega Pets","potentialAction":[{"@type":"SearchAction","target":{"@type":"EntryPoint","urlTemplate":"https:\/\/megapets.eu\/es\/?s={search_term_string}"},"query-input":{"@type":"PropertyValueSpecification","valueRequired":true,"valueName":"search_term_string"}}],"inLanguage":"es"},{"@type":"Organization","@id":"https:\/\/megapets.eu\/es\/#organization","name":"Mega Pets","url":"https:\/\/megapets.eu\/es\/","logo":{"@type":"ImageObject","inLanguage":"es","@id":"https:\/\/megapets.eu\/es\/#\/schema\/logo\/image\/","url":"https:\/\/megapets.eu\/wp-content\/uploads\/2025\/04\/megapets_eu-logo.png","contentUrl":"https:\/\/megapets.eu\/wp-content\/uploads\/2025\/04\/megapets_eu-logo.png","width":2362,"height":2362,"caption":"Mega Pets"},"image":{"@id":"https:\/\/megapets.eu\/es\/#\/schema\/logo\/image\/"},"sameAs":["https:\/\/www.facebook.com\/MegaPets.eu\/"]}]}},"_links":{"self":[{"href":"https:\/\/megapets.eu\/es\/wp-json\/wp\/v2\/product\/5283","targetHints":{"allow":["GET"]}}],"collection":[{"href":"https:\/\/megapets.eu\/es\/wp-json\/wp\/v2\/product"}],"about":[{"href":"https:\/\/megapets.eu\/es\/wp-json\/wp\/v2\/types\/product"}],"wp:featuredmedia":[{"embeddable":true,"href":"https:\/\/megapets.eu\/es\/wp-json\/wp\/v2\/media\/5284"}],"wp:attachment":[{"href":"https:\/\/megapets.eu\/es\/wp-json\/wp\/v2\/media?parent=5283"}],"wp:term":[{"taxonomy":"product_cat","embeddable":true,"href":"https:\/\/megapets.eu\/es\/wp-json\/wp\/v2\/product_cat?post=5283"},{"taxonomy":"product_tag","embeddable":true,"href":"https:\/\/megapets.eu\/es\/wp-json\/wp\/v2\/product_tag?post=5283"}],"curies":[{"name":"wp","href":"https:\/\/api.w.org\/{rel}","templated":true}]}}