{"id":5288,"date":"2025-06-10T11:47:05","date_gmt":"2025-06-10T11:47:05","guid":{"rendered":"https:\/\/megapets.eu\/sin categor\u00eda\/paquete-de-mezcla-de-calcio-180-g\/"},"modified":"2025-06-10T11:47:05","modified_gmt":"2025-06-10T11:47:05","slug":"paquete-de-mezcla-de-calcio-180-g","status":"publish","type":"product","link":"https:\/\/megapets.eu\/es\/accesorios\/paquete-de-mezcla-de-calcio-180-g\/","title":{"rendered":"Paquete de mezcla de calcio 180 g"},"content":{"rendered":"<p><em><b>\u00abMezcla de Calcio\u00bb <\/b>para conchas hermosas y sanas de caracoles ex\u00f3ticos.<\/em><\/p>\n<p><em>Un paquete de \u00abMezcla de Calcio\u00bb contiene polvo de c\u00e1scaras de huevo y sepia &#8211; huesos de sepia. Es ideal para la cr\u00eda de caracoles ex\u00f3ticos.<\/em><\/p>\n<p><em><b>El precio incluye: <\/b>un paquete<b> <\/b>\u00abMezcla de Calcio\u00bb<b> <\/b>lista para usar. Un envase contiene 180 g.<\/em><\/p>\n<p><em>En la dieta diaria de un caracol no debe faltar el componente b\u00e1sico para una concha bella y sana. Una fuente natural de calcio de excelente absorci\u00f3n es el polvo elaborado a partir de c\u00e1scaras de huevo y huesos de sepia.<\/em><\/p>\n<p><em>Dosificaci\u00f3n: <b>en cada toma, como parte de la dieta b\u00e1sica<\/b> caracoles ex\u00f3ticos, a\u00f1ade una peque\u00f1a cantidad de polvo elaborado a partir de c\u00e1scaras de huevo molidas y huesos de sepia \u00abMezcla de calcio\u00bb (de 2 a 5 pizcas, seg\u00fan el tama\u00f1o y las necesidades del caracol) a la dieta b\u00e1sica, espolvorea sobre las verduras y frutas servidas ese d\u00eda.<\/em><\/p>\n<p><em>Nuestros suplementos se han desarrollado con amor por los caracoles y se basan en muchos a\u00f1os de experiencia en la cr\u00eda, \u00a1por lo que podemos garantizar su calidad y eficacia!<\/em><\/p>\n<p><em>Recomendamos suplementos capaces de satisfacer las necesidades en nutrientes valiosos incluso de las especies m\u00e1s exigentes: \u00abProte\u00ednas y vitaminas\u00bb, \u00abMezcla de hierbas ex\u00f3ticas\u00bb, \u00abGammarus\u00bb molido, \u00abMezcla de flores\u00bb. Se recomienda utilizar los suplementos alternativamente, para que la dieta de tu mascota siga siendo variada y completa.<\/em><\/p>\n","protected":false},"excerpt":{"rendered":"<ul class=\"product_attributes\">\n<li><span style=\"color: #555555;\">Contiene:<\/span> c\u00e1scara de huevo y polvo sepia<\/li>\n<li><span style=\"color: #555555;\">El paquete contiene:<\/span> 180 g<\/li>\n<li><span style=\"color: #555555;\">El precio se aplica a<\/span> 1 paquete.<\/li>\n<\/ul>\n","protected":false},"featured_media":5289,"template":"","meta":{"_acf_changed":false,"_links_to":"","_links_to_target":""},"product_cat":[129],"product_tag":[130,133,132,131],"class_list":{"0":"post-5288","1":"product","2":"type-product","3":"status-publish","4":"has-post-thumbnail","6":"product_cat-accesorios","7":"product_tag-para-caracoles","8":"product_tag-para-las-cucarachas","9":"product_tag-para-los-isopodos","10":"product_tag-por-las-artimanas","12":"first","13":"instock","14":"shipping-taxable","15":"purchasable","16":"product-type-simple"},"acf":[],"yoast_head":"<!-- This site is optimized with the Yoast SEO plugin v24.9 - https:\/\/yoast.com\/wordpress\/plugins\/seo\/ -->\n<title>Paquete de mezcla de calcio 180 g | MegaPets<\/title>\n<meta name=\"robots\" content=\"index, follow, max-snippet:-1, max-image-preview:large, max-video-preview:-1\" \/>\n<link rel=\"canonical\" href=\"https:\/\/megapets.eu\/es\/accesorios\/paquete-de-mezcla-de-calcio-180-g\/\" \/>\n<meta property=\"og:locale\" content=\"es_ES\" \/>\n<meta property=\"og:type\" content=\"article\" \/>\n<meta property=\"og:title\" content=\"Paquete de mezcla de calcio 180 g | MegaPets\" \/>\n<meta property=\"og:description\" content=\"Contiene: c\u00e1scara de huevo y polvo sepia  El paquete contiene: 180 g  El precio se aplica a 1 paquete.\" \/>\n<meta property=\"og:url\" content=\"https:\/\/megapets.eu\/es\/accesorios\/paquete-de-mezcla-de-calcio-180-g\/\" \/>\n<meta property=\"og:site_name\" content=\"MegaPets\" \/>\n<meta property=\"article:publisher\" content=\"https:\/\/www.facebook.com\/MegaPets.eu\/\" \/>\n<meta property=\"og:image\" content=\"https:\/\/megapets.eu\/wp-content\/uploads\/2025\/06\/Wapn-mix123.png\" \/>\n\t<meta property=\"og:image:width\" content=\"1054\" \/>\n\t<meta property=\"og:image:height\" content=\"696\" \/>\n\t<meta property=\"og:image:type\" content=\"image\/png\" \/>\n<meta name=\"twitter:card\" content=\"summary_large_image\" \/>\n<meta name=\"twitter:label1\" content=\"Tiempo de lectura\" \/>\n\t<meta name=\"twitter:data1\" content=\"1 minuto\" \/>\n<script type=\"application\/ld+json\" class=\"yoast-schema-graph\">{\"@context\":\"https:\/\/schema.org\",\"@graph\":[{\"@type\":\"WebPage\",\"@id\":\"https:\/\/megapets.eu\/es\/accesorios\/paquete-de-mezcla-de-calcio-180-g\/\",\"url\":\"https:\/\/megapets.eu\/es\/accesorios\/paquete-de-mezcla-de-calcio-180-g\/\",\"name\":\"Paquete de mezcla de calcio 180 g | MegaPets\",\"isPartOf\":{\"@id\":\"https:\/\/megapets.eu\/es\/#website\"},\"primaryImageOfPage\":{\"@id\":\"https:\/\/megapets.eu\/es\/accesorios\/paquete-de-mezcla-de-calcio-180-g\/#primaryimage\"},\"image\":{\"@id\":\"https:\/\/megapets.eu\/es\/accesorios\/paquete-de-mezcla-de-calcio-180-g\/#primaryimage\"},\"thumbnailUrl\":\"https:\/\/megapets.eu\/wp-content\/uploads\/2025\/06\/Wapn-mix123.png\",\"datePublished\":\"2025-06-10T11:47:05+00:00\",\"breadcrumb\":{\"@id\":\"https:\/\/megapets.eu\/es\/accesorios\/paquete-de-mezcla-de-calcio-180-g\/#breadcrumb\"},\"inLanguage\":\"es\",\"potentialAction\":[{\"@type\":\"ReadAction\",\"target\":[\"https:\/\/megapets.eu\/es\/accesorios\/paquete-de-mezcla-de-calcio-180-g\/\"]}]},{\"@type\":\"ImageObject\",\"inLanguage\":\"es\",\"@id\":\"https:\/\/megapets.eu\/es\/accesorios\/paquete-de-mezcla-de-calcio-180-g\/#primaryimage\",\"url\":\"https:\/\/megapets.eu\/wp-content\/uploads\/2025\/06\/Wapn-mix123.png\",\"contentUrl\":\"https:\/\/megapets.eu\/wp-content\/uploads\/2025\/06\/Wapn-mix123.png\",\"width\":1054,\"height\":696},{\"@type\":\"BreadcrumbList\",\"@id\":\"https:\/\/megapets.eu\/es\/accesorios\/paquete-de-mezcla-de-calcio-180-g\/#breadcrumb\",\"itemListElement\":[{\"@type\":\"ListItem\",\"position\":1,\"name\":\"Strona g\u0142\u00f3wna\",\"item\":\"https:\/\/megapets.eu\/es\/\"},{\"@type\":\"ListItem\",\"position\":2,\"name\":\"Almacenar\",\"item\":\"https:\/\/megapets.eu\/almacenar\/\"},{\"@type\":\"ListItem\",\"position\":3,\"name\":\"Paquete de mezcla de calcio 180 g\"}]},{\"@type\":\"WebSite\",\"@id\":\"https:\/\/megapets.eu\/es\/#website\",\"url\":\"https:\/\/megapets.eu\/es\/\",\"name\":\"Mega Pets\",\"description\":\"Jedna z najwi\u0119kszych hodowli \u015blimak\u00f3w w Europie\",\"publisher\":{\"@id\":\"https:\/\/megapets.eu\/es\/#organization\"},\"alternateName\":\"Mega Pets\",\"potentialAction\":[{\"@type\":\"SearchAction\",\"target\":{\"@type\":\"EntryPoint\",\"urlTemplate\":\"https:\/\/megapets.eu\/es\/?s={search_term_string}\"},\"query-input\":{\"@type\":\"PropertyValueSpecification\",\"valueRequired\":true,\"valueName\":\"search_term_string\"}}],\"inLanguage\":\"es\"},{\"@type\":\"Organization\",\"@id\":\"https:\/\/megapets.eu\/es\/#organization\",\"name\":\"Mega Pets\",\"url\":\"https:\/\/megapets.eu\/es\/\",\"logo\":{\"@type\":\"ImageObject\",\"inLanguage\":\"es\",\"@id\":\"https:\/\/megapets.eu\/es\/#\/schema\/logo\/image\/\",\"url\":\"https:\/\/megapets.eu\/wp-content\/uploads\/2025\/04\/megapets_eu-logo.png\",\"contentUrl\":\"https:\/\/megapets.eu\/wp-content\/uploads\/2025\/04\/megapets_eu-logo.png\",\"width\":2362,\"height\":2362,\"caption\":\"Mega Pets\"},\"image\":{\"@id\":\"https:\/\/megapets.eu\/es\/#\/schema\/logo\/image\/\"},\"sameAs\":[\"https:\/\/www.facebook.com\/MegaPets.eu\/\"]}]}<\/script>\n<!-- \/ Yoast SEO plugin. -->","yoast_head_json":{"title":"Paquete de mezcla de calcio 180 g | MegaPets","robots":{"index":"index","follow":"follow","max-snippet":"max-snippet:-1","max-image-preview":"max-image-preview:large","max-video-preview":"max-video-preview:-1"},"canonical":"https:\/\/megapets.eu\/es\/accesorios\/paquete-de-mezcla-de-calcio-180-g\/","og_locale":"es_ES","og_type":"article","og_title":"Paquete de mezcla de calcio 180 g | MegaPets","og_description":"Contiene: c\u00e1scara de huevo y polvo sepia  El paquete contiene: 180 g  El precio se aplica a 1 paquete.","og_url":"https:\/\/megapets.eu\/es\/accesorios\/paquete-de-mezcla-de-calcio-180-g\/","og_site_name":"MegaPets","article_publisher":"https:\/\/www.facebook.com\/MegaPets.eu\/","og_image":[{"width":1054,"height":696,"url":"https:\/\/megapets.eu\/wp-content\/uploads\/2025\/06\/Wapn-mix123.png","type":"image\/png"}],"twitter_card":"summary_large_image","twitter_misc":{"Tiempo de lectura":"1 minuto"},"schema":{"@context":"https:\/\/schema.org","@graph":[{"@type":"WebPage","@id":"https:\/\/megapets.eu\/es\/accesorios\/paquete-de-mezcla-de-calcio-180-g\/","url":"https:\/\/megapets.eu\/es\/accesorios\/paquete-de-mezcla-de-calcio-180-g\/","name":"Paquete de mezcla de calcio 180 g | MegaPets","isPartOf":{"@id":"https:\/\/megapets.eu\/es\/#website"},"primaryImageOfPage":{"@id":"https:\/\/megapets.eu\/es\/accesorios\/paquete-de-mezcla-de-calcio-180-g\/#primaryimage"},"image":{"@id":"https:\/\/megapets.eu\/es\/accesorios\/paquete-de-mezcla-de-calcio-180-g\/#primaryimage"},"thumbnailUrl":"https:\/\/megapets.eu\/wp-content\/uploads\/2025\/06\/Wapn-mix123.png","datePublished":"2025-06-10T11:47:05+00:00","breadcrumb":{"@id":"https:\/\/megapets.eu\/es\/accesorios\/paquete-de-mezcla-de-calcio-180-g\/#breadcrumb"},"inLanguage":"es","potentialAction":[{"@type":"ReadAction","target":["https:\/\/megapets.eu\/es\/accesorios\/paquete-de-mezcla-de-calcio-180-g\/"]}]},{"@type":"ImageObject","inLanguage":"es","@id":"https:\/\/megapets.eu\/es\/accesorios\/paquete-de-mezcla-de-calcio-180-g\/#primaryimage","url":"https:\/\/megapets.eu\/wp-content\/uploads\/2025\/06\/Wapn-mix123.png","contentUrl":"https:\/\/megapets.eu\/wp-content\/uploads\/2025\/06\/Wapn-mix123.png","width":1054,"height":696},{"@type":"BreadcrumbList","@id":"https:\/\/megapets.eu\/es\/accesorios\/paquete-de-mezcla-de-calcio-180-g\/#breadcrumb","itemListElement":[{"@type":"ListItem","position":1,"name":"Strona g\u0142\u00f3wna","item":"https:\/\/megapets.eu\/es\/"},{"@type":"ListItem","position":2,"name":"Almacenar","item":"https:\/\/megapets.eu\/almacenar\/"},{"@type":"ListItem","position":3,"name":"Paquete de mezcla de calcio 180 g"}]},{"@type":"WebSite","@id":"https:\/\/megapets.eu\/es\/#website","url":"https:\/\/megapets.eu\/es\/","name":"Mega Pets","description":"Jedna z najwi\u0119kszych hodowli \u015blimak\u00f3w w Europie","publisher":{"@id":"https:\/\/megapets.eu\/es\/#organization"},"alternateName":"Mega Pets","potentialAction":[{"@type":"SearchAction","target":{"@type":"EntryPoint","urlTemplate":"https:\/\/megapets.eu\/es\/?s={search_term_string}"},"query-input":{"@type":"PropertyValueSpecification","valueRequired":true,"valueName":"search_term_string"}}],"inLanguage":"es"},{"@type":"Organization","@id":"https:\/\/megapets.eu\/es\/#organization","name":"Mega Pets","url":"https:\/\/megapets.eu\/es\/","logo":{"@type":"ImageObject","inLanguage":"es","@id":"https:\/\/megapets.eu\/es\/#\/schema\/logo\/image\/","url":"https:\/\/megapets.eu\/wp-content\/uploads\/2025\/04\/megapets_eu-logo.png","contentUrl":"https:\/\/megapets.eu\/wp-content\/uploads\/2025\/04\/megapets_eu-logo.png","width":2362,"height":2362,"caption":"Mega Pets"},"image":{"@id":"https:\/\/megapets.eu\/es\/#\/schema\/logo\/image\/"},"sameAs":["https:\/\/www.facebook.com\/MegaPets.eu\/"]}]}},"_links":{"self":[{"href":"https:\/\/megapets.eu\/es\/wp-json\/wp\/v2\/product\/5288","targetHints":{"allow":["GET"]}}],"collection":[{"href":"https:\/\/megapets.eu\/es\/wp-json\/wp\/v2\/product"}],"about":[{"href":"https:\/\/megapets.eu\/es\/wp-json\/wp\/v2\/types\/product"}],"wp:featuredmedia":[{"embeddable":true,"href":"https:\/\/megapets.eu\/es\/wp-json\/wp\/v2\/media\/5289"}],"wp:attachment":[{"href":"https:\/\/megapets.eu\/es\/wp-json\/wp\/v2\/media?parent=5288"}],"wp:term":[{"taxonomy":"product_cat","embeddable":true,"href":"https:\/\/megapets.eu\/es\/wp-json\/wp\/v2\/product_cat?post=5288"},{"taxonomy":"product_tag","embeddable":true,"href":"https:\/\/megapets.eu\/es\/wp-json\/wp\/v2\/product_tag?post=5288"}],"curies":[{"name":"wp","href":"https:\/\/api.w.org\/{rel}","templated":true}]}}