{"id":5293,"date":"2024-10-06T06:53:33","date_gmt":"2024-10-06T06:53:33","guid":{"rendered":"https:\/\/megapets.eu\/sin categor\u00eda\/cubaris-sp-azul-limon\/"},"modified":"2024-10-06T06:53:33","modified_gmt":"2024-10-06T06:53:33","slug":"cubaris-sp-azul-limon","status":"publish","type":"product","link":"https:\/\/megapets.eu\/es\/isopodos\/cubaris-sp-azul-limon\/","title":{"rendered":"Cubaris sp.<br \/>\u00abAzul lim\u00f3n\u00bb"},"content":{"rendered":"<p class=\"v1v1v1v1MsoNormal\"><span style=\"color: #424242;\"><strong><em><span style=\"font-size: 15px;\">Prosiones \/ Cultivos: g<\/span><\/em><\/strong><strong><em><span style=\"font-size: 15px;\">atunek Cubaris sp. \u00abLemon Blue\u00bb.<\/span><\/em><\/strong><\/span><\/p>\n<p><strong style=\"color: #424242;\"><em><span style=\"font-size: 15px;\"><strong><span class=\"x1xsqp64 xiy17q3 x1o6pynw x19co3pv xdj266r xcwd3tp xat24cr x39eecv x2b8uid\" data-testid=\"emoji\"><span class=\"xexx8yu xn5pp95 x18d9i69 x2fxd7x x3jgonx x1bhl96m\">Cubaris sp. \u00ab<span class=\"html-span xexx8yu x4uap5 x18d9i69 xkhd6sd x1hl2dhg x16tdsg8 x1vvkbs x3nfvp2 x1j61x8r x1fcty0u xdj266r xat24cr xgzva0m xhhsvwb xxymvpz xlup9mm x1kky2od\">L<img decoding=\"async\" src=\"https:\/\/static.xx.fbcdn.net\/images\/emoji.php\/v9\/tb9\/1\/16\/1f34b.png\" alt=\"\ud83c\udf4b\" \/>E<img decoding=\"async\" src=\"https:\/\/static.xx.fbcdn.net\/images\/emoji.php\/v9\/tb9\/1\/16\/1f34b.png\" alt=\"\ud83c\udf4b\" \/>M<img decoding=\"async\" src=\"https:\/\/static.xx.fbcdn.net\/images\/emoji.php\/v9\/tb9\/1\/16\/1f34b.png\" alt=\"\ud83c\udf4b\" \/>O<img decoding=\"async\" src=\"https:\/\/static.xx.fbcdn.net\/images\/emoji.php\/v9\/tb9\/1\/16\/1f34b.png\" alt=\"\ud83c\udf4b\" \/>N <span style=\"font-size: 15px; color: #424242;\"><span style=\"color: #424242;\">B\ud83d\udc9bL\ud83e\ude75U\ud83d\udc99E<\/span><\/span><\/span>\u00ab, is\u00f3podos muy populares y conocidos.<\/span><\/span><\/strong><\/span><\/em><\/strong><\/p>\n<p><strong style=\"color: #424242;\"><em><span style=\"font-size: 15px;\"><strong><span class=\"x1xsqp64 xiy17q3 x1o6pynw x19co3pv xdj266r xcwd3tp xat24cr x39eecv x2b8uid\" data-testid=\"emoji\"><span class=\"xexx8yu xn5pp95 x18d9i69 x2fxd7x x3jgonx x1bhl96m\">F\u00e1ciles de mantener, por lo que son estupendos para principiantes.<\/span><\/span><\/strong><\/span><\/em><\/strong><\/p>\n<p><strong style=\"color: #424242;\"><strong><em><span style=\"font-size: 15px; color: #424242;\"><strong><span style=\"font-size: 15px;\"><span class=\"x1xsqp64 xiy17q3 x1o6pynw x19co3pv xdj266r xcwd3tp xat24cr x39eecv x2b8uid\" data-testid=\"emoji\"><span class=\"xexx8yu xn5pp95 x18d9i69 x2fxd7x x3jgonx x1bhl96m\"><span style=\"color: #424242;\">\ud83d\udc9b\ud83e\ude75\ud83d\udc99 <\/span><\/span><\/span><\/span>\u00bfBuscas algo guay que criar para empezar? <\/strong> Prosiones y pumas<strong> <\/strong>son criaturas hermosas y f\u00e1ciles de mantener, completamente seguras para los humanos y no muerden. Tienen mand\u00edbulas d\u00e9biles adaptadas a triturar materia vegetal. Los is\u00f3podos prefieren los lugares h\u00famedos, viven en la capa superior del sustrato y se alimentan de hojas, un sustrato multicomponente dise\u00f1ado para cocodrilos, y verduras y frutas.<\/span><\/em><\/strong><\/strong><\/p>\n<p class=\"v1v1v1v1MsoNormal\"><span style=\"color: #424242;\"><strong><em><span style=\"font-size: 15px;\"><span class=\"x1xsqp64 xiy17q3 x1o6pynw x19co3pv xdj266r xcwd3tp xat24cr x39eecv x2b8uid\" data-testid=\"emoji\"><span class=\"xexx8yu xn5pp95 x18d9i69 x2fxd7x x3jgonx x1bhl96m\">\ud83c\udf3f <\/span><\/span>Todo lo que un animal de este tipo necesita para desarrollarse y vivir con \u00e9xito en un terrario es:<\/span><\/em><\/strong><\/span><\/p>\n<p class=\"v1v1v1v1MsoNormal\"><span style=\"color: #008000;\"><strong><em><span style=\"font-size: 15px;\">* Sustrato \/ alimento: Sustrato para cocodrilos y lombrices o sustrato de coco;<\/span><\/em><\/strong><\/span><\/p>\n<p class=\"v1v1v1v1MsoNormal\"><span style=\"color: #008000;\"><strong><em><span style=\"font-size: 15px;\">* Comida: Verduras y frutas frescas;<\/span><\/em><\/strong><\/span><\/p>\n<p class=\"v1v1v1v1MsoNormal\"><span style=\"color: #008000;\"><strong><em><span style=\"font-size: 15px;\">* Comida: Sepia &#8211; el hueso de la sepia es una fuente natural de calcio para los animales del terrario; <\/span><\/em><\/strong><\/span><\/p>\n<p class=\"v1v1v1v1MsoNormal\"><span style=\"color: #008000;\"><strong><em><span style=\"font-size: 15px;\">* Comida: El gammarus molido es un germen desecado, rico en macro y micronutrientes, fuente natural de prote\u00ednas animales y quitina (disponible en nuestra otra subasta);<\/span><\/em><\/strong><\/span><\/p>\n<p class=\"v1v1v1v1MsoNormal\"><span style=\"color: #008000;\"><strong><em><span style=\"font-size: 15px;\">* Terrario: Faunabox o contenedor de cr\u00eda es ideal para mantener is\u00f3podos;<\/span><\/em><\/strong><\/span><\/p>\n<p class=\"v1v1v1v1MsoNormal\"><span style=\"color: #008000;\"><strong><em><span style=\"font-size: 15px;\">* No dejes que el sustrato se seque del todo, roc\u00eda el terrario de vez en cuando.<\/span><\/em><\/strong><\/span><\/p>\n","protected":false},"excerpt":{"rendered":"<ul class=\"product_attributes\">\n<li><strong>Tama\u00f1o objetivo de los ejemplares:<\/strong> <span style=\"color: #000000;\">aprox. 1,5 cm<\/span><\/li>\n<li>Ejemplares ofrecidos: <span style=\"color: #000000;\">embalados al azar<\/span><\/li>\n<li>El precio es por un conjunto: <span style=\"color: #000000;\">6 piezas<\/span><\/li>\n<\/ul>\n","protected":false},"featured_media":5294,"template":"","meta":{"_acf_changed":false,"_links_to":"","_links_to_target":""},"product_cat":[134],"product_tag":[],"class_list":{"0":"post-5293","1":"product","2":"type-product","3":"status-publish","4":"has-post-thumbnail","6":"product_cat-isopodos","8":"first","9":"outofstock","10":"shipping-taxable","11":"purchasable","12":"product-type-simple"},"acf":[],"yoast_head":"<!-- This site is optimized with the Yoast SEO plugin v24.9 - https:\/\/yoast.com\/wordpress\/plugins\/seo\/ -->\n<title>Cubaris sp.&quot;Azul lim\u00f3n&quot; | MegaPets<\/title>\n<meta name=\"robots\" content=\"index, follow, max-snippet:-1, max-image-preview:large, max-video-preview:-1\" \/>\n<link rel=\"canonical\" href=\"https:\/\/megapets.eu\/es\/isopodos\/cubaris-sp-azul-limon\/\" \/>\n<meta property=\"og:locale\" content=\"es_ES\" \/>\n<meta property=\"og:type\" content=\"article\" \/>\n<meta property=\"og:title\" content=\"Cubaris sp.&quot;Azul lim\u00f3n&quot; | MegaPets\" \/>\n<meta property=\"og:description\" content=\"Tama\u00f1o objetivo de los ejemplares: aprox. 1,5 cm  Ejemplares ofrecidos: embalados al azar  El precio es por un conjunto: 6 piezas\" \/>\n<meta property=\"og:url\" content=\"https:\/\/megapets.eu\/es\/isopodos\/cubaris-sp-azul-limon\/\" \/>\n<meta property=\"og:site_name\" content=\"MegaPets\" \/>\n<meta property=\"article:publisher\" content=\"https:\/\/www.facebook.com\/MegaPets.eu\/\" \/>\n<meta property=\"og:image\" content=\"https:\/\/megapets.eu\/wp-content\/uploads\/2024\/10\/iso6-1024x681.png\" \/>\n\t<meta property=\"og:image:width\" content=\"1024\" \/>\n\t<meta property=\"og:image:height\" content=\"681\" \/>\n\t<meta property=\"og:image:type\" content=\"image\/png\" \/>\n<meta name=\"twitter:card\" content=\"summary_large_image\" \/>\n<meta name=\"twitter:label1\" content=\"Tiempo de lectura\" \/>\n\t<meta name=\"twitter:data1\" content=\"1 minuto\" \/>\n<script type=\"application\/ld+json\" class=\"yoast-schema-graph\">{\"@context\":\"https:\/\/schema.org\",\"@graph\":[{\"@type\":\"WebPage\",\"@id\":\"https:\/\/megapets.eu\/es\/isopodos\/cubaris-sp-azul-limon\/\",\"url\":\"https:\/\/megapets.eu\/es\/isopodos\/cubaris-sp-azul-limon\/\",\"name\":\"Cubaris sp. \\\"Azul lim\u00f3n\\\" | MegaPets\",\"isPartOf\":{\"@id\":\"https:\/\/megapets.eu\/es\/#website\"},\"primaryImageOfPage\":{\"@id\":\"https:\/\/megapets.eu\/es\/isopodos\/cubaris-sp-azul-limon\/#primaryimage\"},\"image\":{\"@id\":\"https:\/\/megapets.eu\/es\/isopodos\/cubaris-sp-azul-limon\/#primaryimage\"},\"thumbnailUrl\":\"https:\/\/megapets.eu\/wp-content\/uploads\/2024\/10\/iso6.png\",\"datePublished\":\"2024-10-06T06:53:33+00:00\",\"breadcrumb\":{\"@id\":\"https:\/\/megapets.eu\/es\/isopodos\/cubaris-sp-azul-limon\/#breadcrumb\"},\"inLanguage\":\"es\",\"potentialAction\":[{\"@type\":\"ReadAction\",\"target\":[\"https:\/\/megapets.eu\/es\/isopodos\/cubaris-sp-azul-limon\/\"]}]},{\"@type\":\"ImageObject\",\"inLanguage\":\"es\",\"@id\":\"https:\/\/megapets.eu\/es\/isopodos\/cubaris-sp-azul-limon\/#primaryimage\",\"url\":\"https:\/\/megapets.eu\/wp-content\/uploads\/2024\/10\/iso6.png\",\"contentUrl\":\"https:\/\/megapets.eu\/wp-content\/uploads\/2024\/10\/iso6.png\",\"width\":3648,\"height\":2427},{\"@type\":\"BreadcrumbList\",\"@id\":\"https:\/\/megapets.eu\/es\/isopodos\/cubaris-sp-azul-limon\/#breadcrumb\",\"itemListElement\":[{\"@type\":\"ListItem\",\"position\":1,\"name\":\"Strona g\u0142\u00f3wna\",\"item\":\"https:\/\/megapets.eu\/es\/\"},{\"@type\":\"ListItem\",\"position\":2,\"name\":\"Almacenar\",\"item\":\"https:\/\/megapets.eu\/almacenar\/\"},{\"@type\":\"ListItem\",\"position\":3,\"name\":\"Cubaris sp.&#8222;Azul lim\u00f3n\\\"\"}]},{\"@type\":\"WebSite\",\"@id\":\"https:\/\/megapets.eu\/es\/#website\",\"url\":\"https:\/\/megapets.eu\/es\/\",\"name\":\"Mega Pets\",\"description\":\"Jedna z najwi\u0119kszych hodowli \u015blimak\u00f3w w Europie\",\"publisher\":{\"@id\":\"https:\/\/megapets.eu\/es\/#organization\"},\"alternateName\":\"Mega Pets\",\"potentialAction\":[{\"@type\":\"SearchAction\",\"target\":{\"@type\":\"EntryPoint\",\"urlTemplate\":\"https:\/\/megapets.eu\/es\/?s={search_term_string}\"},\"query-input\":{\"@type\":\"PropertyValueSpecification\",\"valueRequired\":true,\"valueName\":\"search_term_string\"}}],\"inLanguage\":\"es\"},{\"@type\":\"Organization\",\"@id\":\"https:\/\/megapets.eu\/es\/#organization\",\"name\":\"Mega Pets\",\"url\":\"https:\/\/megapets.eu\/es\/\",\"logo\":{\"@type\":\"ImageObject\",\"inLanguage\":\"es\",\"@id\":\"https:\/\/megapets.eu\/es\/#\/schema\/logo\/image\/\",\"url\":\"https:\/\/megapets.eu\/wp-content\/uploads\/2025\/04\/megapets_eu-logo.png\",\"contentUrl\":\"https:\/\/megapets.eu\/wp-content\/uploads\/2025\/04\/megapets_eu-logo.png\",\"width\":2362,\"height\":2362,\"caption\":\"Mega Pets\"},\"image\":{\"@id\":\"https:\/\/megapets.eu\/es\/#\/schema\/logo\/image\/\"},\"sameAs\":[\"https:\/\/www.facebook.com\/MegaPets.eu\/\"]}]}<\/script>\n<!-- \/ Yoast SEO plugin. -->","yoast_head_json":{"title":"Cubaris sp.\"Azul lim\u00f3n\" | MegaPets","robots":{"index":"index","follow":"follow","max-snippet":"max-snippet:-1","max-image-preview":"max-image-preview:large","max-video-preview":"max-video-preview:-1"},"canonical":"https:\/\/megapets.eu\/es\/isopodos\/cubaris-sp-azul-limon\/","og_locale":"es_ES","og_type":"article","og_title":"Cubaris sp.\"Azul lim\u00f3n\" | MegaPets","og_description":"Tama\u00f1o objetivo de los ejemplares: aprox. 1,5 cm  Ejemplares ofrecidos: embalados al azar  El precio es por un conjunto: 6 piezas","og_url":"https:\/\/megapets.eu\/es\/isopodos\/cubaris-sp-azul-limon\/","og_site_name":"MegaPets","article_publisher":"https:\/\/www.facebook.com\/MegaPets.eu\/","og_image":[{"width":1024,"height":681,"url":"https:\/\/megapets.eu\/wp-content\/uploads\/2024\/10\/iso6-1024x681.png","type":"image\/png"}],"twitter_card":"summary_large_image","twitter_misc":{"Tiempo de lectura":"1 minuto"},"schema":{"@context":"https:\/\/schema.org","@graph":[{"@type":"WebPage","@id":"https:\/\/megapets.eu\/es\/isopodos\/cubaris-sp-azul-limon\/","url":"https:\/\/megapets.eu\/es\/isopodos\/cubaris-sp-azul-limon\/","name":"Cubaris sp. \"Azul lim\u00f3n\" | MegaPets","isPartOf":{"@id":"https:\/\/megapets.eu\/es\/#website"},"primaryImageOfPage":{"@id":"https:\/\/megapets.eu\/es\/isopodos\/cubaris-sp-azul-limon\/#primaryimage"},"image":{"@id":"https:\/\/megapets.eu\/es\/isopodos\/cubaris-sp-azul-limon\/#primaryimage"},"thumbnailUrl":"https:\/\/megapets.eu\/wp-content\/uploads\/2024\/10\/iso6.png","datePublished":"2024-10-06T06:53:33+00:00","breadcrumb":{"@id":"https:\/\/megapets.eu\/es\/isopodos\/cubaris-sp-azul-limon\/#breadcrumb"},"inLanguage":"es","potentialAction":[{"@type":"ReadAction","target":["https:\/\/megapets.eu\/es\/isopodos\/cubaris-sp-azul-limon\/"]}]},{"@type":"ImageObject","inLanguage":"es","@id":"https:\/\/megapets.eu\/es\/isopodos\/cubaris-sp-azul-limon\/#primaryimage","url":"https:\/\/megapets.eu\/wp-content\/uploads\/2024\/10\/iso6.png","contentUrl":"https:\/\/megapets.eu\/wp-content\/uploads\/2024\/10\/iso6.png","width":3648,"height":2427},{"@type":"BreadcrumbList","@id":"https:\/\/megapets.eu\/es\/isopodos\/cubaris-sp-azul-limon\/#breadcrumb","itemListElement":[{"@type":"ListItem","position":1,"name":"Strona g\u0142\u00f3wna","item":"https:\/\/megapets.eu\/es\/"},{"@type":"ListItem","position":2,"name":"Almacenar","item":"https:\/\/megapets.eu\/almacenar\/"},{"@type":"ListItem","position":3,"name":"Cubaris sp.&#8222;Azul lim\u00f3n\""}]},{"@type":"WebSite","@id":"https:\/\/megapets.eu\/es\/#website","url":"https:\/\/megapets.eu\/es\/","name":"Mega Pets","description":"Jedna z najwi\u0119kszych hodowli \u015blimak\u00f3w w Europie","publisher":{"@id":"https:\/\/megapets.eu\/es\/#organization"},"alternateName":"Mega Pets","potentialAction":[{"@type":"SearchAction","target":{"@type":"EntryPoint","urlTemplate":"https:\/\/megapets.eu\/es\/?s={search_term_string}"},"query-input":{"@type":"PropertyValueSpecification","valueRequired":true,"valueName":"search_term_string"}}],"inLanguage":"es"},{"@type":"Organization","@id":"https:\/\/megapets.eu\/es\/#organization","name":"Mega Pets","url":"https:\/\/megapets.eu\/es\/","logo":{"@type":"ImageObject","inLanguage":"es","@id":"https:\/\/megapets.eu\/es\/#\/schema\/logo\/image\/","url":"https:\/\/megapets.eu\/wp-content\/uploads\/2025\/04\/megapets_eu-logo.png","contentUrl":"https:\/\/megapets.eu\/wp-content\/uploads\/2025\/04\/megapets_eu-logo.png","width":2362,"height":2362,"caption":"Mega Pets"},"image":{"@id":"https:\/\/megapets.eu\/es\/#\/schema\/logo\/image\/"},"sameAs":["https:\/\/www.facebook.com\/MegaPets.eu\/"]}]}},"_links":{"self":[{"href":"https:\/\/megapets.eu\/es\/wp-json\/wp\/v2\/product\/5293","targetHints":{"allow":["GET"]}}],"collection":[{"href":"https:\/\/megapets.eu\/es\/wp-json\/wp\/v2\/product"}],"about":[{"href":"https:\/\/megapets.eu\/es\/wp-json\/wp\/v2\/types\/product"}],"wp:featuredmedia":[{"embeddable":true,"href":"https:\/\/megapets.eu\/es\/wp-json\/wp\/v2\/media\/5294"}],"wp:attachment":[{"href":"https:\/\/megapets.eu\/es\/wp-json\/wp\/v2\/media?parent=5293"}],"wp:term":[{"taxonomy":"product_cat","embeddable":true,"href":"https:\/\/megapets.eu\/es\/wp-json\/wp\/v2\/product_cat?post=5293"},{"taxonomy":"product_tag","embeddable":true,"href":"https:\/\/megapets.eu\/es\/wp-json\/wp\/v2\/product_tag?post=5293"}],"curies":[{"name":"wp","href":"https:\/\/api.w.org\/{rel}","templated":true}]}}