{"id":5315,"date":"2024-10-17T20:44:27","date_gmt":"2024-10-17T20:44:27","guid":{"rendered":"https:\/\/megapets.eu\/sin categor\u00eda\/archachatina-marginata-ovum-xxlestandar-pareja-p15\/"},"modified":"2024-10-17T20:44:27","modified_gmt":"2024-10-17T20:44:27","slug":"archachatina-marginata-ovum-xxlestandar-pareja-p15","status":"publish","type":"product","link":"https:\/\/megapets.eu\/es\/caracoles\/archachatina-marginata-ovum-xxlestandar-pareja-p15\/","title":{"rendered":"Archachatina marginata ovum XXL<br \/>est\u00e1ndar \/ pareja P15"},"content":{"rendered":"<p class=\"v1v1v1v1MsoNormal\"><span style=\"color: #424242; font-size: 15px;\"><em><span style=\"color: #000000;\"><strong>Especie:<\/strong> <\/span><\/em><span style=\"color: #000000;\"><em>Archachatina marginata ovum (L. Pfeiffer, 1858)<\/em><\/span><em><br \/>\n<strong><span style=\"color: #000000;\">Designaci\u00f3n especial del linaje: <\/span><\/strong><\/em><em><span style=\"color: #000000;\">\u00abXXL\u00bb<\/span><\/em><em><br \/>\n<span style=\"color: #000000;\"><strong>Variedad de color<\/strong>:<\/span><\/em><em><span style=\"color: #000000;\"> est\u00e1ndar<\/span><\/em><\/span><\/p>\n<p style=\"text-align: left;\"><span style=\"font-size: 15px;\"><span style=\"color: #000000;\"><em><img loading=\"lazy\" decoding=\"async\" class=\"\" src=\"https:\/\/static.xx.fbcdn.net\/images\/emoji.php\/v9\/ta\/1\/32\/1f525.png\" alt=\"\ud83d\udd25\" width=\"18\" height=\"18\" \/> <\/em><\/span><em style=\"color: #000000;\"><span style=\"color: #008000;\"><span style=\"color: #424242;\"><span style=\"color: #993300;\">Uno de los mayores caracoles terrestres, los gigantes indiscutibles Archachatina marginata ovum XXL, en la variedad de color est\u00e1ndar, cautivan a primera vista por su colosal tama\u00f1o. Estos gigantes marrones, muy conocidos entre los amantes de los caracoles, alcanzan unas impresionantes dimensiones de m\u00e1s de 16 cm de concha. Sin embargo, \u00e9ste no es el l\u00edmite: tambi\u00e9n hay ejemplares de tama\u00f1o excepcional, que oscilan entre los 18 y los 20 cm. Las conchas de los verdaderos gigantes son muy anchas y macizas, y un caracol de esta especie pesa m\u00e1s de medio kilo.<\/span><\/span><\/span><\/em><\/span><\/p>\n<p style=\"text-align: left;\"><span style=\"color: #000000; font-size: 15px;\"><em><span class=\"x1xsqp64 xiy17q3 x1o6pynw x19co3pv xdj266r xcwd3tp xat24cr x39eecv x2b8uid\" data-testid=\"emoji\"><span class=\"xexx8yu xn5pp95 x18d9i69 x2fxd7x x3jgonx x1bhl96m\"><img loading=\"lazy\" decoding=\"async\" class=\"\" src=\"https:\/\/static.xx.fbcdn.net\/images\/emoji.php\/v9\/t66\/1\/32\/1f4cc.png\" alt=\"\ud83d\udccc\" width=\"18\" height=\"18\" \/> La concha mate no tiene una coloraci\u00f3n uniforme: presenta una escala de colores amarillos, anaranjados, marrones hasta negros y sus matices de intensidad y saturaci\u00f3n variables.  El fondo del caparaz\u00f3n est\u00e1 densamente salpicado de distintas rayas, zigzags y manchas. Las rayas, zigzags y manchas est\u00e1n a veces tan densamente distribuidas que pueden cubrir casi por completo la espiral corp\u00f3rea de la concha y darle un color marr\u00f3n anaranjado intenso u oscurecer significativamente la concha hasta tonos marr\u00f3n-negro intensos.<\/span><\/span><\/em><\/span><\/p>\n<p style=\"text-align: left;\"><span style=\"color: #000000; font-size: 15px;\"><em><img loading=\"lazy\" decoding=\"async\" class=\"xz74otr\" src=\"https:\/\/static.xx.fbcdn.net\/images\/emoji.php\/v9\/t1e\/1\/16\/1f33f.png\" alt=\"\ud83c\udf3f\" width=\"18\" height=\"18\" \/> <span style=\"color: #008000;\">Como la mayor\u00eda de las especies del g\u00e9nero Archachatina, estos caracoles son poco exigentes y prosperan cuando se les proporcionan unas condiciones b\u00e1sicas de mantenimiento.<\/span><\/em><\/span><\/p>\n","protected":false},"excerpt":{"rendered":"<ul>\n<li>De una pareja no relacionada:\n<ul>\n<li>P15<\/li>\n<\/ul>\n<\/li>\n<li>Tama\u00f1o de la concha objetivo:\n<ul>\n<li>ca. 16 cm y superior<\/li>\n<\/ul>\n<\/li>\n<li>Ofrecido juvenil:\n<ul>\n<li>aprox. 5-6 cm<\/li>\n<\/ul>\n<\/li>\n<li>El precio es por\n<ul>\n<li>1 unidad<\/li>\n<\/ul>\n<\/li>\n<\/ul>\n","protected":false},"featured_media":5318,"template":"","meta":{"_acf_changed":false,"_links_to":"","_links_to_target":""},"product_cat":[128],"product_tag":[],"class_list":{"0":"post-5315","1":"product","2":"type-product","3":"status-publish","4":"has-post-thumbnail","6":"product_cat-caracoles","8":"first","9":"outofstock","10":"shipping-taxable","11":"purchasable","12":"product-type-simple"},"acf":[],"yoast_head":"<!-- This site is optimized with the Yoast SEO plugin v24.9 - https:\/\/yoast.com\/wordpress\/plugins\/seo\/ -->\n<title>Archachatina marginata ovum XXLest\u00e1ndar \/ pareja P15 | MegaPets<\/title>\n<meta name=\"robots\" content=\"index, follow, max-snippet:-1, max-image-preview:large, max-video-preview:-1\" \/>\n<link rel=\"canonical\" href=\"https:\/\/megapets.eu\/es\/caracoles\/archachatina-marginata-ovum-xxlestandar-pareja-p15\/\" \/>\n<meta property=\"og:locale\" content=\"es_ES\" \/>\n<meta property=\"og:type\" content=\"article\" \/>\n<meta property=\"og:title\" content=\"Archachatina marginata ovum XXLest\u00e1ndar \/ pareja P15 | MegaPets\" \/>\n<meta property=\"og:description\" content=\"De una pareja no relacionada:  P15   Tama\u00f1o de la concha objetivo:  ca. 16 cm y superior   Ofrecido juvenil:  aprox. 5-6 cm   El precio es por  1 unidad\" \/>\n<meta property=\"og:url\" content=\"https:\/\/megapets.eu\/es\/caracoles\/archachatina-marginata-ovum-xxlestandar-pareja-p15\/\" \/>\n<meta property=\"og:site_name\" content=\"MegaPets\" \/>\n<meta property=\"article:publisher\" content=\"https:\/\/www.facebook.com\/MegaPets.eu\/\" \/>\n<meta property=\"og:image\" content=\"https:\/\/megapets.eu\/wp-content\/uploads\/2024\/10\/P15-Logo-EX.png\" \/>\n\t<meta property=\"og:image:width\" content=\"1032\" \/>\n\t<meta property=\"og:image:height\" content=\"689\" \/>\n\t<meta property=\"og:image:type\" content=\"image\/png\" \/>\n<meta name=\"twitter:card\" content=\"summary_large_image\" \/>\n<meta name=\"twitter:label1\" content=\"Tiempo de lectura\" \/>\n\t<meta name=\"twitter:data1\" content=\"1 minuto\" \/>\n<script type=\"application\/ld+json\" class=\"yoast-schema-graph\">{\"@context\":\"https:\/\/schema.org\",\"@graph\":[{\"@type\":\"WebPage\",\"@id\":\"https:\/\/megapets.eu\/es\/caracoles\/archachatina-marginata-ovum-xxlestandar-pareja-p15\/\",\"url\":\"https:\/\/megapets.eu\/es\/caracoles\/archachatina-marginata-ovum-xxlestandar-pareja-p15\/\",\"name\":\"Archachatina marginata ovum XXL est\u00e1ndar \/ pareja P15 | MegaPets\",\"isPartOf\":{\"@id\":\"https:\/\/megapets.eu\/es\/#website\"},\"primaryImageOfPage\":{\"@id\":\"https:\/\/megapets.eu\/es\/caracoles\/archachatina-marginata-ovum-xxlestandar-pareja-p15\/#primaryimage\"},\"image\":{\"@id\":\"https:\/\/megapets.eu\/es\/caracoles\/archachatina-marginata-ovum-xxlestandar-pareja-p15\/#primaryimage\"},\"thumbnailUrl\":\"https:\/\/megapets.eu\/wp-content\/uploads\/2024\/10\/P15-Logo-EX.png\",\"datePublished\":\"2024-10-17T20:44:27+00:00\",\"breadcrumb\":{\"@id\":\"https:\/\/megapets.eu\/es\/caracoles\/archachatina-marginata-ovum-xxlestandar-pareja-p15\/#breadcrumb\"},\"inLanguage\":\"es\",\"potentialAction\":[{\"@type\":\"ReadAction\",\"target\":[\"https:\/\/megapets.eu\/es\/caracoles\/archachatina-marginata-ovum-xxlestandar-pareja-p15\/\"]}]},{\"@type\":\"ImageObject\",\"inLanguage\":\"es\",\"@id\":\"https:\/\/megapets.eu\/es\/caracoles\/archachatina-marginata-ovum-xxlestandar-pareja-p15\/#primaryimage\",\"url\":\"https:\/\/megapets.eu\/wp-content\/uploads\/2024\/10\/P15-Logo-EX.png\",\"contentUrl\":\"https:\/\/megapets.eu\/wp-content\/uploads\/2024\/10\/P15-Logo-EX.png\",\"width\":1032,\"height\":689},{\"@type\":\"BreadcrumbList\",\"@id\":\"https:\/\/megapets.eu\/es\/caracoles\/archachatina-marginata-ovum-xxlestandar-pareja-p15\/#breadcrumb\",\"itemListElement\":[{\"@type\":\"ListItem\",\"position\":1,\"name\":\"Strona g\u0142\u00f3wna\",\"item\":\"https:\/\/megapets.eu\/es\/\"},{\"@type\":\"ListItem\",\"position\":2,\"name\":\"Almacenar\",\"item\":\"https:\/\/megapets.eu\/almacenar\/\"},{\"@type\":\"ListItem\",\"position\":3,\"name\":\"Archachatina marginata ovum XXLest\u00e1ndar \/ pareja P15\"}]},{\"@type\":\"WebSite\",\"@id\":\"https:\/\/megapets.eu\/es\/#website\",\"url\":\"https:\/\/megapets.eu\/es\/\",\"name\":\"Mega Pets\",\"description\":\"Jedna z najwi\u0119kszych hodowli \u015blimak\u00f3w w Europie\",\"publisher\":{\"@id\":\"https:\/\/megapets.eu\/es\/#organization\"},\"alternateName\":\"Mega Pets\",\"potentialAction\":[{\"@type\":\"SearchAction\",\"target\":{\"@type\":\"EntryPoint\",\"urlTemplate\":\"https:\/\/megapets.eu\/es\/?s={search_term_string}\"},\"query-input\":{\"@type\":\"PropertyValueSpecification\",\"valueRequired\":true,\"valueName\":\"search_term_string\"}}],\"inLanguage\":\"es\"},{\"@type\":\"Organization\",\"@id\":\"https:\/\/megapets.eu\/es\/#organization\",\"name\":\"Mega Pets\",\"url\":\"https:\/\/megapets.eu\/es\/\",\"logo\":{\"@type\":\"ImageObject\",\"inLanguage\":\"es\",\"@id\":\"https:\/\/megapets.eu\/es\/#\/schema\/logo\/image\/\",\"url\":\"https:\/\/megapets.eu\/wp-content\/uploads\/2025\/04\/megapets_eu-logo.png\",\"contentUrl\":\"https:\/\/megapets.eu\/wp-content\/uploads\/2025\/04\/megapets_eu-logo.png\",\"width\":2362,\"height\":2362,\"caption\":\"Mega Pets\"},\"image\":{\"@id\":\"https:\/\/megapets.eu\/es\/#\/schema\/logo\/image\/\"},\"sameAs\":[\"https:\/\/www.facebook.com\/MegaPets.eu\/\"]}]}<\/script>\n<!-- \/ Yoast SEO plugin. -->","yoast_head_json":{"title":"Archachatina marginata ovum XXLest\u00e1ndar \/ pareja P15 | MegaPets","robots":{"index":"index","follow":"follow","max-snippet":"max-snippet:-1","max-image-preview":"max-image-preview:large","max-video-preview":"max-video-preview:-1"},"canonical":"https:\/\/megapets.eu\/es\/caracoles\/archachatina-marginata-ovum-xxlestandar-pareja-p15\/","og_locale":"es_ES","og_type":"article","og_title":"Archachatina marginata ovum XXLest\u00e1ndar \/ pareja P15 | MegaPets","og_description":"De una pareja no relacionada:  P15   Tama\u00f1o de la concha objetivo:  ca. 16 cm y superior   Ofrecido juvenil:  aprox. 5-6 cm   El precio es por  1 unidad","og_url":"https:\/\/megapets.eu\/es\/caracoles\/archachatina-marginata-ovum-xxlestandar-pareja-p15\/","og_site_name":"MegaPets","article_publisher":"https:\/\/www.facebook.com\/MegaPets.eu\/","og_image":[{"width":1032,"height":689,"url":"https:\/\/megapets.eu\/wp-content\/uploads\/2024\/10\/P15-Logo-EX.png","type":"image\/png"}],"twitter_card":"summary_large_image","twitter_misc":{"Tiempo de lectura":"1 minuto"},"schema":{"@context":"https:\/\/schema.org","@graph":[{"@type":"WebPage","@id":"https:\/\/megapets.eu\/es\/caracoles\/archachatina-marginata-ovum-xxlestandar-pareja-p15\/","url":"https:\/\/megapets.eu\/es\/caracoles\/archachatina-marginata-ovum-xxlestandar-pareja-p15\/","name":"Archachatina marginata ovum XXL est\u00e1ndar \/ pareja P15 | MegaPets","isPartOf":{"@id":"https:\/\/megapets.eu\/es\/#website"},"primaryImageOfPage":{"@id":"https:\/\/megapets.eu\/es\/caracoles\/archachatina-marginata-ovum-xxlestandar-pareja-p15\/#primaryimage"},"image":{"@id":"https:\/\/megapets.eu\/es\/caracoles\/archachatina-marginata-ovum-xxlestandar-pareja-p15\/#primaryimage"},"thumbnailUrl":"https:\/\/megapets.eu\/wp-content\/uploads\/2024\/10\/P15-Logo-EX.png","datePublished":"2024-10-17T20:44:27+00:00","breadcrumb":{"@id":"https:\/\/megapets.eu\/es\/caracoles\/archachatina-marginata-ovum-xxlestandar-pareja-p15\/#breadcrumb"},"inLanguage":"es","potentialAction":[{"@type":"ReadAction","target":["https:\/\/megapets.eu\/es\/caracoles\/archachatina-marginata-ovum-xxlestandar-pareja-p15\/"]}]},{"@type":"ImageObject","inLanguage":"es","@id":"https:\/\/megapets.eu\/es\/caracoles\/archachatina-marginata-ovum-xxlestandar-pareja-p15\/#primaryimage","url":"https:\/\/megapets.eu\/wp-content\/uploads\/2024\/10\/P15-Logo-EX.png","contentUrl":"https:\/\/megapets.eu\/wp-content\/uploads\/2024\/10\/P15-Logo-EX.png","width":1032,"height":689},{"@type":"BreadcrumbList","@id":"https:\/\/megapets.eu\/es\/caracoles\/archachatina-marginata-ovum-xxlestandar-pareja-p15\/#breadcrumb","itemListElement":[{"@type":"ListItem","position":1,"name":"Strona g\u0142\u00f3wna","item":"https:\/\/megapets.eu\/es\/"},{"@type":"ListItem","position":2,"name":"Almacenar","item":"https:\/\/megapets.eu\/almacenar\/"},{"@type":"ListItem","position":3,"name":"Archachatina marginata ovum XXLest\u00e1ndar \/ pareja P15"}]},{"@type":"WebSite","@id":"https:\/\/megapets.eu\/es\/#website","url":"https:\/\/megapets.eu\/es\/","name":"Mega Pets","description":"Jedna z najwi\u0119kszych hodowli \u015blimak\u00f3w w Europie","publisher":{"@id":"https:\/\/megapets.eu\/es\/#organization"},"alternateName":"Mega Pets","potentialAction":[{"@type":"SearchAction","target":{"@type":"EntryPoint","urlTemplate":"https:\/\/megapets.eu\/es\/?s={search_term_string}"},"query-input":{"@type":"PropertyValueSpecification","valueRequired":true,"valueName":"search_term_string"}}],"inLanguage":"es"},{"@type":"Organization","@id":"https:\/\/megapets.eu\/es\/#organization","name":"Mega Pets","url":"https:\/\/megapets.eu\/es\/","logo":{"@type":"ImageObject","inLanguage":"es","@id":"https:\/\/megapets.eu\/es\/#\/schema\/logo\/image\/","url":"https:\/\/megapets.eu\/wp-content\/uploads\/2025\/04\/megapets_eu-logo.png","contentUrl":"https:\/\/megapets.eu\/wp-content\/uploads\/2025\/04\/megapets_eu-logo.png","width":2362,"height":2362,"caption":"Mega Pets"},"image":{"@id":"https:\/\/megapets.eu\/es\/#\/schema\/logo\/image\/"},"sameAs":["https:\/\/www.facebook.com\/MegaPets.eu\/"]}]}},"_links":{"self":[{"href":"https:\/\/megapets.eu\/es\/wp-json\/wp\/v2\/product\/5315","targetHints":{"allow":["GET"]}}],"collection":[{"href":"https:\/\/megapets.eu\/es\/wp-json\/wp\/v2\/product"}],"about":[{"href":"https:\/\/megapets.eu\/es\/wp-json\/wp\/v2\/types\/product"}],"wp:featuredmedia":[{"embeddable":true,"href":"https:\/\/megapets.eu\/es\/wp-json\/wp\/v2\/media\/5318"}],"wp:attachment":[{"href":"https:\/\/megapets.eu\/es\/wp-json\/wp\/v2\/media?parent=5315"}],"wp:term":[{"taxonomy":"product_cat","embeddable":true,"href":"https:\/\/megapets.eu\/es\/wp-json\/wp\/v2\/product_cat?post=5315"},{"taxonomy":"product_tag","embeddable":true,"href":"https:\/\/megapets.eu\/es\/wp-json\/wp\/v2\/product_tag?post=5315"}],"curies":[{"name":"wp","href":"https:\/\/api.w.org\/{rel}","templated":true}]}}