{"id":5336,"date":"2025-06-10T12:06:18","date_gmt":"2025-06-10T12:06:18","guid":{"rendered":"https:\/\/megapets.eu\/sin categor\u00eda\/juego-de-5-piezas-1-gratis-para-caracoles-exoticos\/"},"modified":"2025-06-10T12:06:18","modified_gmt":"2025-06-10T12:06:18","slug":"juego-de-5-piezas-1-gratis-para-caracoles-exoticos","status":"publish","type":"product","link":"https:\/\/megapets.eu\/es\/accesorios\/juego-de-5-piezas-1-gratis-para-caracoles-exoticos\/","title":{"rendered":"\u00a1Juego de 5 piezas + 1 GRATIS! <br \/> para caracoles ex\u00f3ticos"},"content":{"rendered":"<p><em><b>\u00abSet de 5 uds + 1 \u00a1GRATIS!\u00bb <\/b>para caracoles ex\u00f3ticos:<\/em><\/p>\n<p><em><b>Precio en cuesti\u00f3n: <\/b>\u00abSet de 5 uds + 1 GRATIS!\u00bb para la cr\u00eda de caracoles ex\u00f3ticos \/ africanos\u00bb.<\/em><\/p>\n<p><em>El set de iniciaci\u00f3n incluye:<\/em><\/p>\n<p><em><b>1 ud x Calcio 200g. <\/b>En<b> <\/b>no debe faltar en la dieta diaria de un caracol el componente b\u00e1sico para tener una concha bonita y sana. El paquete \u00abCalcio\u00bb contiene 100% de c\u00e1scara de huevo en polvo.<\/em><\/p>\n<p><em><b>1 x Prote\u00edna y Vitamina 120g. <\/b>El paquete \u00abProte\u00edna y Vitamina\u00bb contiene una mezcla de granos, llena de valiosos nutrientes para el correcto desarrollo de las mascotas, es un complemento beneficioso para la dieta b\u00e1sica de los caracoles.<\/em><\/p>\n<p><em><b>1 x Mezcla ex\u00f3tica de hierbas 100g. <\/b>El paquete \u00abMezcla ex\u00f3tica de hierbas\u00bb contiene hierbas cuidadosamente seleccionadas, un suplemento valioso y natural que ayuda a enriquecer la dieta de los caracoles ex\u00f3ticos en funci\u00f3n de sus necesidades de vitaminas y minerales, ingredientes esenciales para la salud de las mascotas.<\/em><\/p>\n<p><em><b>1 unidad x Mezcla de calcio 180 g.<\/b> El paquete \u00abMezcla de calcio\u00bb contiene polvo de c\u00e1scaras de huevo y sepia.<\/em><\/p>\n<p><em><b>1ud. x Gammarus 60g. <\/b>El Gammarus molido es un germen desecado, rico en macro y microelementos, fuente natural de prote\u00ednas animales y quitina.<\/em><\/p>\n<p><em><b>1ud x Mezcla de flores 25g. (\u00a1GRATIS!) <\/b>El paquete de mezcla de flores contiene p\u00e9talos y hojas de flores secas naturales.<\/em><\/p>\n<p><em>Se recomienda utilizar los suplementos alternativamente, para que la dieta del caracol sea variada y completa. Nuestros suplementos han sido desarrollados con amor por los caracoles y se basan en muchos a\u00f1os de experiencia en la cr\u00eda, \u00a1por lo que podemos garantizar su calidad y eficacia!<\/em><\/p>\n<p><em>\u2b50 Recomendamos suplementos capaces de satisfacer las necesidades en nutrientes valiosos incluso de las especies m\u00e1s exigentes: \u00abProte\u00ednas y vitaminas\u00bb, \u00abMezcla de hierbas ex\u00f3ticas\u00bb, \u00abGammarus\u00bb molido, \u00abMezcla de flores\u00bb. Se recomienda utilizar los suplementos alternativamente, para que la dieta de tu mascota siga siendo variada y completa.<\/em><\/p>\n<p><em>\u2b50 En la dieta diaria de un caracol no deben faltar los elementos b\u00e1sicos para una concha bella y sana: \u00abCalcio\u00bb, \u00abMezcla de calcio\u00bb.<\/em><\/p>\n","protected":false},"excerpt":{"rendered":"<ul class=\"product_attributes\">\n<li><span style=\"color: #555555;\">Incluye:<\/span><\/li>\n<li><span style=\"color: #555555;\">Set:<\/span> 5 piezas + 1 GRATIS!<\/li>\n<li><span style=\"color: #555555;\">El precio concierne:<\/span> 1 compl.<\/li>\n<\/ul>\n","protected":false},"featured_media":5337,"template":"","meta":{"_acf_changed":false,"_links_to":"","_links_to_target":""},"product_cat":[129],"product_tag":[130,133,132,131],"class_list":{"0":"post-5336","1":"product","2":"type-product","3":"status-publish","4":"has-post-thumbnail","6":"product_cat-accesorios","7":"product_tag-para-caracoles","8":"product_tag-para-las-cucarachas","9":"product_tag-para-los-isopodos","10":"product_tag-por-las-artimanas","12":"first","13":"instock","14":"shipping-taxable","15":"purchasable","16":"product-type-simple"},"acf":[],"yoast_head":"<!-- This site is optimized with the Yoast SEO plugin v24.9 - https:\/\/yoast.com\/wordpress\/plugins\/seo\/ -->\n<title>\u00a1Juego de 5 piezas + 1 GRATIS!  para caracoles ex\u00f3ticos | MegaPets<\/title>\n<meta name=\"robots\" content=\"index, follow, max-snippet:-1, max-image-preview:large, max-video-preview:-1\" \/>\n<link rel=\"canonical\" href=\"https:\/\/megapets.eu\/es\/accesorios\/juego-de-5-piezas-1-gratis-para-caracoles-exoticos\/\" \/>\n<meta property=\"og:locale\" content=\"es_ES\" \/>\n<meta property=\"og:type\" content=\"article\" \/>\n<meta property=\"og:title\" content=\"\u00a1Juego de 5 piezas + 1 GRATIS!  para caracoles ex\u00f3ticos | MegaPets\" \/>\n<meta property=\"og:description\" content=\"Incluye:  Set: 5 piezas + 1 GRATIS!  El precio concierne: 1 compl.\" \/>\n<meta property=\"og:url\" content=\"https:\/\/megapets.eu\/es\/accesorios\/juego-de-5-piezas-1-gratis-para-caracoles-exoticos\/\" \/>\n<meta property=\"og:site_name\" content=\"MegaPets\" \/>\n<meta property=\"article:publisher\" content=\"https:\/\/www.facebook.com\/MegaPets.eu\/\" \/>\n<meta property=\"og:image\" content=\"https:\/\/megapets.eu\/wp-content\/uploads\/2025\/06\/Zestaw-5-szt-1-gratis.png\" \/>\n\t<meta property=\"og:image:width\" content=\"1052\" \/>\n\t<meta property=\"og:image:height\" content=\"692\" \/>\n\t<meta property=\"og:image:type\" content=\"image\/png\" \/>\n<meta name=\"twitter:card\" content=\"summary_large_image\" \/>\n<meta name=\"twitter:label1\" content=\"Tiempo de lectura\" \/>\n\t<meta name=\"twitter:data1\" content=\"2 minuto\" \/>\n<script type=\"application\/ld+json\" class=\"yoast-schema-graph\">{\"@context\":\"https:\/\/schema.org\",\"@graph\":[{\"@type\":\"WebPage\",\"@id\":\"https:\/\/megapets.eu\/es\/accesorios\/juego-de-5-piezas-1-gratis-para-caracoles-exoticos\/\",\"url\":\"https:\/\/megapets.eu\/es\/accesorios\/juego-de-5-piezas-1-gratis-para-caracoles-exoticos\/\",\"name\":\"\u00a1Juego de 5 piezas + 1 GRATIS! para caracoles ex\u00f3ticos | MegaPets\",\"isPartOf\":{\"@id\":\"https:\/\/megapets.eu\/es\/#website\"},\"primaryImageOfPage\":{\"@id\":\"https:\/\/megapets.eu\/es\/accesorios\/juego-de-5-piezas-1-gratis-para-caracoles-exoticos\/#primaryimage\"},\"image\":{\"@id\":\"https:\/\/megapets.eu\/es\/accesorios\/juego-de-5-piezas-1-gratis-para-caracoles-exoticos\/#primaryimage\"},\"thumbnailUrl\":\"https:\/\/megapets.eu\/wp-content\/uploads\/2025\/06\/Zestaw-5-szt-1-gratis.png\",\"datePublished\":\"2025-06-10T12:06:18+00:00\",\"breadcrumb\":{\"@id\":\"https:\/\/megapets.eu\/es\/accesorios\/juego-de-5-piezas-1-gratis-para-caracoles-exoticos\/#breadcrumb\"},\"inLanguage\":\"es\",\"potentialAction\":[{\"@type\":\"ReadAction\",\"target\":[\"https:\/\/megapets.eu\/es\/accesorios\/juego-de-5-piezas-1-gratis-para-caracoles-exoticos\/\"]}]},{\"@type\":\"ImageObject\",\"inLanguage\":\"es\",\"@id\":\"https:\/\/megapets.eu\/es\/accesorios\/juego-de-5-piezas-1-gratis-para-caracoles-exoticos\/#primaryimage\",\"url\":\"https:\/\/megapets.eu\/wp-content\/uploads\/2025\/06\/Zestaw-5-szt-1-gratis.png\",\"contentUrl\":\"https:\/\/megapets.eu\/wp-content\/uploads\/2025\/06\/Zestaw-5-szt-1-gratis.png\",\"width\":1052,\"height\":692},{\"@type\":\"BreadcrumbList\",\"@id\":\"https:\/\/megapets.eu\/es\/accesorios\/juego-de-5-piezas-1-gratis-para-caracoles-exoticos\/#breadcrumb\",\"itemListElement\":[{\"@type\":\"ListItem\",\"position\":1,\"name\":\"Strona g\u0142\u00f3wna\",\"item\":\"https:\/\/megapets.eu\/es\/\"},{\"@type\":\"ListItem\",\"position\":2,\"name\":\"Almacenar\",\"item\":\"https:\/\/megapets.eu\/almacenar\/\"},{\"@type\":\"ListItem\",\"position\":3,\"name\":\"\u00a1Juego de 5 piezas + 1 GRATIS! para caracoles ex\u00f3ticos\"}]},{\"@type\":\"WebSite\",\"@id\":\"https:\/\/megapets.eu\/es\/#website\",\"url\":\"https:\/\/megapets.eu\/es\/\",\"name\":\"Mega Pets\",\"description\":\"Jedna z najwi\u0119kszych hodowli \u015blimak\u00f3w w Europie\",\"publisher\":{\"@id\":\"https:\/\/megapets.eu\/es\/#organization\"},\"alternateName\":\"Mega Pets\",\"potentialAction\":[{\"@type\":\"SearchAction\",\"target\":{\"@type\":\"EntryPoint\",\"urlTemplate\":\"https:\/\/megapets.eu\/es\/?s={search_term_string}\"},\"query-input\":{\"@type\":\"PropertyValueSpecification\",\"valueRequired\":true,\"valueName\":\"search_term_string\"}}],\"inLanguage\":\"es\"},{\"@type\":\"Organization\",\"@id\":\"https:\/\/megapets.eu\/es\/#organization\",\"name\":\"Mega Pets\",\"url\":\"https:\/\/megapets.eu\/es\/\",\"logo\":{\"@type\":\"ImageObject\",\"inLanguage\":\"es\",\"@id\":\"https:\/\/megapets.eu\/es\/#\/schema\/logo\/image\/\",\"url\":\"https:\/\/megapets.eu\/wp-content\/uploads\/2025\/04\/megapets_eu-logo.png\",\"contentUrl\":\"https:\/\/megapets.eu\/wp-content\/uploads\/2025\/04\/megapets_eu-logo.png\",\"width\":2362,\"height\":2362,\"caption\":\"Mega Pets\"},\"image\":{\"@id\":\"https:\/\/megapets.eu\/es\/#\/schema\/logo\/image\/\"},\"sameAs\":[\"https:\/\/www.facebook.com\/MegaPets.eu\/\"]}]}<\/script>\n<!-- \/ Yoast SEO plugin. -->","yoast_head_json":{"title":"\u00a1Juego de 5 piezas + 1 GRATIS!  para caracoles ex\u00f3ticos | MegaPets","robots":{"index":"index","follow":"follow","max-snippet":"max-snippet:-1","max-image-preview":"max-image-preview:large","max-video-preview":"max-video-preview:-1"},"canonical":"https:\/\/megapets.eu\/es\/accesorios\/juego-de-5-piezas-1-gratis-para-caracoles-exoticos\/","og_locale":"es_ES","og_type":"article","og_title":"\u00a1Juego de 5 piezas + 1 GRATIS!  para caracoles ex\u00f3ticos | MegaPets","og_description":"Incluye:  Set: 5 piezas + 1 GRATIS!  El precio concierne: 1 compl.","og_url":"https:\/\/megapets.eu\/es\/accesorios\/juego-de-5-piezas-1-gratis-para-caracoles-exoticos\/","og_site_name":"MegaPets","article_publisher":"https:\/\/www.facebook.com\/MegaPets.eu\/","og_image":[{"width":1052,"height":692,"url":"https:\/\/megapets.eu\/wp-content\/uploads\/2025\/06\/Zestaw-5-szt-1-gratis.png","type":"image\/png"}],"twitter_card":"summary_large_image","twitter_misc":{"Tiempo de lectura":"2 minuto"},"schema":{"@context":"https:\/\/schema.org","@graph":[{"@type":"WebPage","@id":"https:\/\/megapets.eu\/es\/accesorios\/juego-de-5-piezas-1-gratis-para-caracoles-exoticos\/","url":"https:\/\/megapets.eu\/es\/accesorios\/juego-de-5-piezas-1-gratis-para-caracoles-exoticos\/","name":"\u00a1Juego de 5 piezas + 1 GRATIS! para caracoles ex\u00f3ticos | MegaPets","isPartOf":{"@id":"https:\/\/megapets.eu\/es\/#website"},"primaryImageOfPage":{"@id":"https:\/\/megapets.eu\/es\/accesorios\/juego-de-5-piezas-1-gratis-para-caracoles-exoticos\/#primaryimage"},"image":{"@id":"https:\/\/megapets.eu\/es\/accesorios\/juego-de-5-piezas-1-gratis-para-caracoles-exoticos\/#primaryimage"},"thumbnailUrl":"https:\/\/megapets.eu\/wp-content\/uploads\/2025\/06\/Zestaw-5-szt-1-gratis.png","datePublished":"2025-06-10T12:06:18+00:00","breadcrumb":{"@id":"https:\/\/megapets.eu\/es\/accesorios\/juego-de-5-piezas-1-gratis-para-caracoles-exoticos\/#breadcrumb"},"inLanguage":"es","potentialAction":[{"@type":"ReadAction","target":["https:\/\/megapets.eu\/es\/accesorios\/juego-de-5-piezas-1-gratis-para-caracoles-exoticos\/"]}]},{"@type":"ImageObject","inLanguage":"es","@id":"https:\/\/megapets.eu\/es\/accesorios\/juego-de-5-piezas-1-gratis-para-caracoles-exoticos\/#primaryimage","url":"https:\/\/megapets.eu\/wp-content\/uploads\/2025\/06\/Zestaw-5-szt-1-gratis.png","contentUrl":"https:\/\/megapets.eu\/wp-content\/uploads\/2025\/06\/Zestaw-5-szt-1-gratis.png","width":1052,"height":692},{"@type":"BreadcrumbList","@id":"https:\/\/megapets.eu\/es\/accesorios\/juego-de-5-piezas-1-gratis-para-caracoles-exoticos\/#breadcrumb","itemListElement":[{"@type":"ListItem","position":1,"name":"Strona g\u0142\u00f3wna","item":"https:\/\/megapets.eu\/es\/"},{"@type":"ListItem","position":2,"name":"Almacenar","item":"https:\/\/megapets.eu\/almacenar\/"},{"@type":"ListItem","position":3,"name":"\u00a1Juego de 5 piezas + 1 GRATIS! para caracoles ex\u00f3ticos"}]},{"@type":"WebSite","@id":"https:\/\/megapets.eu\/es\/#website","url":"https:\/\/megapets.eu\/es\/","name":"Mega Pets","description":"Jedna z najwi\u0119kszych hodowli \u015blimak\u00f3w w Europie","publisher":{"@id":"https:\/\/megapets.eu\/es\/#organization"},"alternateName":"Mega Pets","potentialAction":[{"@type":"SearchAction","target":{"@type":"EntryPoint","urlTemplate":"https:\/\/megapets.eu\/es\/?s={search_term_string}"},"query-input":{"@type":"PropertyValueSpecification","valueRequired":true,"valueName":"search_term_string"}}],"inLanguage":"es"},{"@type":"Organization","@id":"https:\/\/megapets.eu\/es\/#organization","name":"Mega Pets","url":"https:\/\/megapets.eu\/es\/","logo":{"@type":"ImageObject","inLanguage":"es","@id":"https:\/\/megapets.eu\/es\/#\/schema\/logo\/image\/","url":"https:\/\/megapets.eu\/wp-content\/uploads\/2025\/04\/megapets_eu-logo.png","contentUrl":"https:\/\/megapets.eu\/wp-content\/uploads\/2025\/04\/megapets_eu-logo.png","width":2362,"height":2362,"caption":"Mega Pets"},"image":{"@id":"https:\/\/megapets.eu\/es\/#\/schema\/logo\/image\/"},"sameAs":["https:\/\/www.facebook.com\/MegaPets.eu\/"]}]}},"_links":{"self":[{"href":"https:\/\/megapets.eu\/es\/wp-json\/wp\/v2\/product\/5336","targetHints":{"allow":["GET"]}}],"collection":[{"href":"https:\/\/megapets.eu\/es\/wp-json\/wp\/v2\/product"}],"about":[{"href":"https:\/\/megapets.eu\/es\/wp-json\/wp\/v2\/types\/product"}],"wp:featuredmedia":[{"embeddable":true,"href":"https:\/\/megapets.eu\/es\/wp-json\/wp\/v2\/media\/5337"}],"wp:attachment":[{"href":"https:\/\/megapets.eu\/es\/wp-json\/wp\/v2\/media?parent=5336"}],"wp:term":[{"taxonomy":"product_cat","embeddable":true,"href":"https:\/\/megapets.eu\/es\/wp-json\/wp\/v2\/product_cat?post=5336"},{"taxonomy":"product_tag","embeddable":true,"href":"https:\/\/megapets.eu\/es\/wp-json\/wp\/v2\/product_tag?post=5336"}],"curies":[{"name":"wp","href":"https:\/\/api.w.org\/{rel}","templated":true}]}}