{"id":5352,"date":"2024-10-05T09:19:33","date_gmt":"2024-10-05T09:19:33","guid":{"rendered":"https:\/\/megapets.eu\/sin categor\u00eda\/centrobolus-sp-mozambique-milpies-de-coral-rojo\/"},"modified":"2024-10-05T09:19:33","modified_gmt":"2024-10-05T09:19:33","slug":"centrobolus-sp-mozambique-milpies-de-coral-rojo","status":"publish","type":"product","link":"https:\/\/megapets.eu\/es\/wije-es\/centrobolus-sp-mozambique-milpies-de-coral-rojo\/","title":{"rendered":"Centrobolus sp. Mozambique<br \/> \u201cMilpi\u00e9s de coral rojo\u201d"},"content":{"rendered":"<p class=\"v1v1v1v1MsoNormal\"><span style=\"color: #d94890;\"><strong><em><span style=\"font-size: 15px;\"><span style=\"color: #424242;\">Especies:<\/span><span style=\"color: #ff0000;\"> milpi\u00e9s Centrobolus sp. Mozambique \u201cMilpi\u00e9s coral rojo\u201d. <\/span><\/span><\/em><\/strong><\/span><span style=\"color: #424242;\"><strong><em><span style=\"font-size: 15px;\"> F\u00e1ciles de mantener, por lo que son ideales para principiantes. <\/span><\/em><\/strong><\/span><\/p>\n<p><span style=\"color: #800000;\"><strong><em><span style=\"font-size: 15px;\"><span style=\"color: #ab1515;\"><span style=\"color: #ff0000;\"> Existe una posibilidad <\/span><\/span><\/span><\/em><\/strong><strong><em><span style=\"font-size: 15px;\"><span style=\"color: #ff0000;\"> capacidad de hacer coincidir un par<span style=\"color: #ab1515;\"><b> \u2764\ufe0f<\/b><\/span> masculino y femenino.<\/span><span style=\"color: #424242;\"> Por favor, especifique en los comentarios del pedido. <\/span><\/span><\/em><\/strong><\/span><span style=\"color: #424242;\"><strong><em><span style=\"font-size: 15px;\"><strong style=\"color: #424242;\"><span style=\"color: #800000;\"><b> \u2764\ufe0f\ud83d\udda4\u2764\ufe0f <\/b><\/span><\/strong><\/span><\/em><\/strong><\/span><span style=\"color: #424242;\"><strong><em><span style=\"font-size: 15px;\"><strong style=\"color: #424242;\"> \u00bfBuscas algo interesante para empezar a cultivar?<\/strong><span style=\"color: #ff0000;\"> Los milpi\u00e9s Centrobolus sp. de Mozambique son criaturas hermosas y f\u00e1ciles de mantener, completamente seguras para los humanos, ya que no muerden. Tienen mand\u00edbulas d\u00e9biles, adaptadas para triturar materia vegetal. Prefieren lugares h\u00famedos, viven en la capa superficial del sustrato y se alimentan de hojas, sustrato multicomponente para la cr\u00eda de milpi\u00e9s, y verduras y frutas. <\/span><\/span><\/em><\/strong><\/span><\/p>\n<p class=\"v1v1v1v1MsoNormal\"><span style=\"color: #424242;\"><strong><em><span style=\"font-size: 15px;\"><span class=\"x1xsqp64 xiy17q3 x1o6pynw x19co3pv xdj266r xcwd3tp xat24cr x39eecv x2b8uid\" data-testid=\"emoji\"><span class=\"xexx8yu xn5pp95 x18d9i69 x2fxd7x x3jgonx x1bhl96m\"> \ud83c\udf3f<\/span><\/span><span style=\"color: #424242;\"> Todo lo que un animal as\u00ed necesita para desarrollarse y vivir con \u00e9xito en un terrario es: <\/span><\/span><\/em><\/strong><\/span><\/p>\n<p class=\"v1v1v1v1MsoNormal\"><span style=\"color: #008000;\"><strong><em><span style=\"font-size: 15px;\">* Sustrato\/alimento: Sustrato para la cr\u00eda de milpi\u00e9s y ciempi\u00e9s (disponible en nuestra otra subasta); <\/span><\/em><\/strong><\/span><\/p>\n<p class=\"v1v1v1v1MsoNormal\"><span style=\"color: #008000;\"><strong><em><span style=\"font-size: 15px;\">* Comida: Verduras y frutas frescas; <\/span><\/em><\/strong><\/span><\/p>\n<p class=\"v1v1v1v1MsoNormal\"><span style=\"color: #008000;\"><strong><em><span style=\"font-size: 15px;\">* Alimento: Gammarus molido es gammarus seco, rico en macro y microelementos, una fuente natural de prote\u00edna animal y quitina (disponible en nuestra otra subasta); <\/span><\/em><\/strong><\/span><\/p>\n<p class=\"v1v1v1v1MsoNormal\"><span style=\"color: #008000;\"><strong><em><span style=\"font-size: 15px;\">* Terrario: Faunabox es ideal para la cr\u00eda de ciempi\u00e9s y milpi\u00e9s (disponible en nuestra otra subasta); <\/span><\/em><\/strong><\/span><\/p>\n<p class=\"v1v1v1v1MsoNormal\"><span style=\"color: #008000;\"><strong><em><span style=\"font-size: 15px;\">* Temperatura recomendada 22-26\u00baC y humedad en torno al 70% (no dejar secar el sustrato, pulverizar el terrario cada 2-3 d\u00edas).<\/span><\/em><\/strong><\/span><\/p>\n","protected":false},"excerpt":{"rendered":"<ul class=\"product_attributes\">\n<li><span style=\"color: #555555;\">Tama\u00f1o objetivo:<\/span> unos 10 cent\u00edmetros<\/li>\n<li><span style=\"color: #555555;\"> Se ofrece ejemplar joven:<\/span> aprox. 4-6 cm<\/li>\n<li><span style=\"color: #555555;\"> El precio se aplica a:<\/span> 1 pieza<\/li>\n<\/ul>\n","protected":false},"featured_media":5353,"template":"","meta":{"_acf_changed":false,"_links_to":"","_links_to_target":""},"product_cat":[137],"product_tag":[],"class_list":{"0":"post-5352","1":"product","2":"type-product","3":"status-publish","4":"has-post-thumbnail","6":"product_cat-wije-es","8":"first","9":"outofstock","10":"shipping-taxable","11":"purchasable","12":"product-type-simple"},"acf":[],"yoast_head":"<!-- This site is optimized with the Yoast SEO plugin v24.9 - https:\/\/yoast.com\/wordpress\/plugins\/seo\/ -->\n<title>Centrobolus sp. Mozambique \u201cMilpi\u00e9s de coral rojo\u201d | MegaPets<\/title>\n<meta name=\"robots\" content=\"index, follow, max-snippet:-1, max-image-preview:large, max-video-preview:-1\" \/>\n<link rel=\"canonical\" href=\"https:\/\/megapets.eu\/es\/wije-es\/centrobolus-sp-mozambique-milpies-de-coral-rojo\/\" \/>\n<meta property=\"og:locale\" content=\"es_ES\" \/>\n<meta property=\"og:type\" content=\"article\" \/>\n<meta property=\"og:title\" content=\"Centrobolus sp. Mozambique \u201cMilpi\u00e9s de coral rojo\u201d | MegaPets\" \/>\n<meta property=\"og:description\" content=\"Tama\u00f1o objetivo: unos 10 cent\u00edmetros Se ofrece ejemplar joven: aprox. 4-6 cm El precio se aplica a: 1 pieza\" \/>\n<meta property=\"og:url\" content=\"https:\/\/megapets.eu\/es\/wije-es\/centrobolus-sp-mozambique-milpies-de-coral-rojo\/\" \/>\n<meta property=\"og:site_name\" content=\"MegaPets\" \/>\n<meta property=\"article:publisher\" content=\"https:\/\/www.facebook.com\/MegaPets.eu\/\" \/>\n<meta property=\"og:image\" content=\"https:\/\/megapets.eu\/wp-content\/uploads\/2024\/10\/123448.png\" \/>\n\t<meta property=\"og:image:width\" content=\"958\" \/>\n\t<meta property=\"og:image:height\" content=\"655\" \/>\n\t<meta property=\"og:image:type\" content=\"image\/png\" \/>\n<meta name=\"twitter:card\" content=\"summary_large_image\" \/>\n<meta name=\"twitter:label1\" content=\"Tiempo de lectura\" \/>\n\t<meta name=\"twitter:data1\" content=\"1 minuto\" \/>\n<script type=\"application\/ld+json\" class=\"yoast-schema-graph\">{\"@context\":\"https:\/\/schema.org\",\"@graph\":[{\"@type\":\"WebPage\",\"@id\":\"https:\/\/megapets.eu\/es\/wije-es\/centrobolus-sp-mozambique-milpies-de-coral-rojo\/\",\"url\":\"https:\/\/megapets.eu\/es\/wije-es\/centrobolus-sp-mozambique-milpies-de-coral-rojo\/\",\"name\":\"Centrobolus sp. Mozambique \u201cMilpi\u00e9s de coral rojo\u201d | MegaPets\",\"isPartOf\":{\"@id\":\"https:\/\/megapets.eu\/es\/#website\"},\"primaryImageOfPage\":{\"@id\":\"https:\/\/megapets.eu\/es\/wije-es\/centrobolus-sp-mozambique-milpies-de-coral-rojo\/#primaryimage\"},\"image\":{\"@id\":\"https:\/\/megapets.eu\/es\/wije-es\/centrobolus-sp-mozambique-milpies-de-coral-rojo\/#primaryimage\"},\"thumbnailUrl\":\"https:\/\/megapets.eu\/wp-content\/uploads\/2024\/10\/123448.png\",\"datePublished\":\"2024-10-05T09:19:33+00:00\",\"breadcrumb\":{\"@id\":\"https:\/\/megapets.eu\/es\/wije-es\/centrobolus-sp-mozambique-milpies-de-coral-rojo\/#breadcrumb\"},\"inLanguage\":\"es\",\"potentialAction\":[{\"@type\":\"ReadAction\",\"target\":[\"https:\/\/megapets.eu\/es\/wije-es\/centrobolus-sp-mozambique-milpies-de-coral-rojo\/\"]}]},{\"@type\":\"ImageObject\",\"inLanguage\":\"es\",\"@id\":\"https:\/\/megapets.eu\/es\/wije-es\/centrobolus-sp-mozambique-milpies-de-coral-rojo\/#primaryimage\",\"url\":\"https:\/\/megapets.eu\/wp-content\/uploads\/2024\/10\/123448.png\",\"contentUrl\":\"https:\/\/megapets.eu\/wp-content\/uploads\/2024\/10\/123448.png\",\"width\":958,\"height\":655},{\"@type\":\"BreadcrumbList\",\"@id\":\"https:\/\/megapets.eu\/es\/wije-es\/centrobolus-sp-mozambique-milpies-de-coral-rojo\/#breadcrumb\",\"itemListElement\":[{\"@type\":\"ListItem\",\"position\":1,\"name\":\"Strona g\u0142\u00f3wna\",\"item\":\"https:\/\/megapets.eu\/es\/\"},{\"@type\":\"ListItem\",\"position\":2,\"name\":\"Almacenar\",\"item\":\"https:\/\/megapets.eu\/almacenar\/\"},{\"@type\":\"ListItem\",\"position\":3,\"name\":\"Centrobolus sp. Mozambique \u201cMilpi\u00e9s de coral rojo\u201d\"}]},{\"@type\":\"WebSite\",\"@id\":\"https:\/\/megapets.eu\/es\/#website\",\"url\":\"https:\/\/megapets.eu\/es\/\",\"name\":\"Mega Pets\",\"description\":\"Jedna z najwi\u0119kszych hodowli \u015blimak\u00f3w w Europie\",\"publisher\":{\"@id\":\"https:\/\/megapets.eu\/es\/#organization\"},\"alternateName\":\"Mega Pets\",\"potentialAction\":[{\"@type\":\"SearchAction\",\"target\":{\"@type\":\"EntryPoint\",\"urlTemplate\":\"https:\/\/megapets.eu\/es\/?s={search_term_string}\"},\"query-input\":{\"@type\":\"PropertyValueSpecification\",\"valueRequired\":true,\"valueName\":\"search_term_string\"}}],\"inLanguage\":\"es\"},{\"@type\":\"Organization\",\"@id\":\"https:\/\/megapets.eu\/es\/#organization\",\"name\":\"Mega Pets\",\"url\":\"https:\/\/megapets.eu\/es\/\",\"logo\":{\"@type\":\"ImageObject\",\"inLanguage\":\"es\",\"@id\":\"https:\/\/megapets.eu\/es\/#\/schema\/logo\/image\/\",\"url\":\"https:\/\/megapets.eu\/wp-content\/uploads\/2025\/04\/megapets_eu-logo.png\",\"contentUrl\":\"https:\/\/megapets.eu\/wp-content\/uploads\/2025\/04\/megapets_eu-logo.png\",\"width\":2362,\"height\":2362,\"caption\":\"Mega Pets\"},\"image\":{\"@id\":\"https:\/\/megapets.eu\/es\/#\/schema\/logo\/image\/\"},\"sameAs\":[\"https:\/\/www.facebook.com\/MegaPets.eu\/\"]}]}<\/script>\n<!-- \/ Yoast SEO plugin. -->","yoast_head_json":{"title":"Centrobolus sp. Mozambique \u201cMilpi\u00e9s de coral rojo\u201d | MegaPets","robots":{"index":"index","follow":"follow","max-snippet":"max-snippet:-1","max-image-preview":"max-image-preview:large","max-video-preview":"max-video-preview:-1"},"canonical":"https:\/\/megapets.eu\/es\/wije-es\/centrobolus-sp-mozambique-milpies-de-coral-rojo\/","og_locale":"es_ES","og_type":"article","og_title":"Centrobolus sp. Mozambique \u201cMilpi\u00e9s de coral rojo\u201d | MegaPets","og_description":"Tama\u00f1o objetivo: unos 10 cent\u00edmetros Se ofrece ejemplar joven: aprox. 4-6 cm El precio se aplica a: 1 pieza","og_url":"https:\/\/megapets.eu\/es\/wije-es\/centrobolus-sp-mozambique-milpies-de-coral-rojo\/","og_site_name":"MegaPets","article_publisher":"https:\/\/www.facebook.com\/MegaPets.eu\/","og_image":[{"width":958,"height":655,"url":"https:\/\/megapets.eu\/wp-content\/uploads\/2024\/10\/123448.png","type":"image\/png"}],"twitter_card":"summary_large_image","twitter_misc":{"Tiempo de lectura":"1 minuto"},"schema":{"@context":"https:\/\/schema.org","@graph":[{"@type":"WebPage","@id":"https:\/\/megapets.eu\/es\/wije-es\/centrobolus-sp-mozambique-milpies-de-coral-rojo\/","url":"https:\/\/megapets.eu\/es\/wije-es\/centrobolus-sp-mozambique-milpies-de-coral-rojo\/","name":"Centrobolus sp. Mozambique \u201cMilpi\u00e9s de coral rojo\u201d | MegaPets","isPartOf":{"@id":"https:\/\/megapets.eu\/es\/#website"},"primaryImageOfPage":{"@id":"https:\/\/megapets.eu\/es\/wije-es\/centrobolus-sp-mozambique-milpies-de-coral-rojo\/#primaryimage"},"image":{"@id":"https:\/\/megapets.eu\/es\/wije-es\/centrobolus-sp-mozambique-milpies-de-coral-rojo\/#primaryimage"},"thumbnailUrl":"https:\/\/megapets.eu\/wp-content\/uploads\/2024\/10\/123448.png","datePublished":"2024-10-05T09:19:33+00:00","breadcrumb":{"@id":"https:\/\/megapets.eu\/es\/wije-es\/centrobolus-sp-mozambique-milpies-de-coral-rojo\/#breadcrumb"},"inLanguage":"es","potentialAction":[{"@type":"ReadAction","target":["https:\/\/megapets.eu\/es\/wije-es\/centrobolus-sp-mozambique-milpies-de-coral-rojo\/"]}]},{"@type":"ImageObject","inLanguage":"es","@id":"https:\/\/megapets.eu\/es\/wije-es\/centrobolus-sp-mozambique-milpies-de-coral-rojo\/#primaryimage","url":"https:\/\/megapets.eu\/wp-content\/uploads\/2024\/10\/123448.png","contentUrl":"https:\/\/megapets.eu\/wp-content\/uploads\/2024\/10\/123448.png","width":958,"height":655},{"@type":"BreadcrumbList","@id":"https:\/\/megapets.eu\/es\/wije-es\/centrobolus-sp-mozambique-milpies-de-coral-rojo\/#breadcrumb","itemListElement":[{"@type":"ListItem","position":1,"name":"Strona g\u0142\u00f3wna","item":"https:\/\/megapets.eu\/es\/"},{"@type":"ListItem","position":2,"name":"Almacenar","item":"https:\/\/megapets.eu\/almacenar\/"},{"@type":"ListItem","position":3,"name":"Centrobolus sp. Mozambique \u201cMilpi\u00e9s de coral rojo\u201d"}]},{"@type":"WebSite","@id":"https:\/\/megapets.eu\/es\/#website","url":"https:\/\/megapets.eu\/es\/","name":"Mega Pets","description":"Jedna z najwi\u0119kszych hodowli \u015blimak\u00f3w w Europie","publisher":{"@id":"https:\/\/megapets.eu\/es\/#organization"},"alternateName":"Mega Pets","potentialAction":[{"@type":"SearchAction","target":{"@type":"EntryPoint","urlTemplate":"https:\/\/megapets.eu\/es\/?s={search_term_string}"},"query-input":{"@type":"PropertyValueSpecification","valueRequired":true,"valueName":"search_term_string"}}],"inLanguage":"es"},{"@type":"Organization","@id":"https:\/\/megapets.eu\/es\/#organization","name":"Mega Pets","url":"https:\/\/megapets.eu\/es\/","logo":{"@type":"ImageObject","inLanguage":"es","@id":"https:\/\/megapets.eu\/es\/#\/schema\/logo\/image\/","url":"https:\/\/megapets.eu\/wp-content\/uploads\/2025\/04\/megapets_eu-logo.png","contentUrl":"https:\/\/megapets.eu\/wp-content\/uploads\/2025\/04\/megapets_eu-logo.png","width":2362,"height":2362,"caption":"Mega Pets"},"image":{"@id":"https:\/\/megapets.eu\/es\/#\/schema\/logo\/image\/"},"sameAs":["https:\/\/www.facebook.com\/MegaPets.eu\/"]}]}},"_links":{"self":[{"href":"https:\/\/megapets.eu\/es\/wp-json\/wp\/v2\/product\/5352","targetHints":{"allow":["GET"]}}],"collection":[{"href":"https:\/\/megapets.eu\/es\/wp-json\/wp\/v2\/product"}],"about":[{"href":"https:\/\/megapets.eu\/es\/wp-json\/wp\/v2\/types\/product"}],"wp:featuredmedia":[{"embeddable":true,"href":"https:\/\/megapets.eu\/es\/wp-json\/wp\/v2\/media\/5353"}],"wp:attachment":[{"href":"https:\/\/megapets.eu\/es\/wp-json\/wp\/v2\/media?parent=5352"}],"wp:term":[{"taxonomy":"product_cat","embeddable":true,"href":"https:\/\/megapets.eu\/es\/wp-json\/wp\/v2\/product_cat?post=5352"},{"taxonomy":"product_tag","embeddable":true,"href":"https:\/\/megapets.eu\/es\/wp-json\/wp\/v2\/product_tag?post=5352"}],"curies":[{"name":"wp","href":"https:\/\/api.w.org\/{rel}","templated":true}]}}