{"id":5388,"date":"2024-10-05T13:37:06","date_gmt":"2024-10-05T13:37:06","guid":{"rendered":"https:\/\/megapets.eu\/sin categor\u00eda\/spiropoeus-fischericocodrilo-negro-gigante\/"},"modified":"2024-10-05T13:37:06","modified_gmt":"2024-10-05T13:37:06","slug":"spiropoeus-fischericocodrilo-negro-gigante","status":"publish","type":"product","link":"https:\/\/megapets.eu\/es\/wije-es\/spiropoeus-fischericocodrilo-negro-gigante\/","title":{"rendered":"Spiropoeus fischeri<br \/>\u00abCocodrilo negro gigante\u00bb"},"content":{"rendered":"<p class=\"v1v1v1v1MsoNormal\"><span style=\"color: #333333;\"><strong><em><span style=\"font-size: 15px;\">Especie: <\/span><\/em><\/strong><\/span><span style=\"color: #000000;\"><strong><em><span style=\"font-size: 15px;\">cocodrilo Spiropoeus fischeri &#8216;Cocodrilo negro gigante&#8217;. <\/span><\/em><\/strong><\/span><\/p>\n<p class=\"v1v1v1v1MsoNormal\"><span style=\"color: #333333;\"><strong><em><span style=\"font-size: 15px;\">F\u00e1cil de criar, ideal para principiantes.<\/span><\/em><\/strong><\/span><\/p>\n<p><span style=\"font-size: 15px;\"><em><strong><span style=\"color: #000000;\"><span style=\"color: #333333;\">Spiropoeus fischeri gigante<\/span> C\ud83d\udda4Z\ud83d\udda4A\ud83d\udda4R\ud83d\udda4N\ud83d\udda4Y <\/span><span style=\"color: #333333;\">cocodrilo, tama\u00f1o objetivo adulto en torno a 20 cm.<\/span><\/strong><\/em><\/span><\/p>\n<p><strong style=\"color: #424242;\"><em><span style=\"font-size: 15px;\"><span style=\"color: #424242;\"><span class=\"x1xsqp64 xiy17q3 x1o6pynw x19co3pv xdj266r xcwd3tp xat24cr x39eecv x2b8uid\" data-testid=\"emoji\"><span class=\"xexx8yu xn5pp95 x18d9i69 x2fxd7x x3jgonx x1bhl96m\">\ud83d\udda4\ud83d\udda4\ud83d\udda4\ud83d\udda4 <\/span><\/span><\/span><\/span><span style=\"font-size: 15px;\"><span style=\"color: #424242;\"><strong><span style=\"color: #333333;\">\u00bfBuscas algo divertido que criar para empezar?<\/span> <\/strong><\/span> <span style=\"color: #000000;\">Los cocodrilos <strong>Spiropoeus fischeri<\/strong><strong> <\/strong>son criaturas hermosas y f\u00e1ciles de mantener, totalmente seguras para el ser humano, no muerden. Tienen mand\u00edbulas d\u00e9biles adaptadas para romper la materia vegetal. Los cocodrilos prefieren los lugares h\u00famedos, viven en la capa superior del sustrato y se alimentan de hojas, sustrato multicomponente dise\u00f1ado para la cr\u00eda de cocodrilos, y verduras y frutas. <\/span><\/span><\/em><\/strong><\/p>\n","protected":false},"excerpt":{"rendered":"<ul>\n<li>Tama\u00f1o del objetivo:\n<ul>\n<li>aprox. 20 cm<\/li>\n<\/ul>\n<\/li>\n<li>Juvenil ofrecido:\n<ul>\n<li>aprox. 3 cm<\/li>\n<\/ul>\n<\/li>\n<li>El precio se aplica a\n<ul>\n<li>1 unidad<\/li>\n<\/ul>\n<\/li>\n<\/ul>\n","protected":false},"featured_media":5394,"template":"","meta":{"_acf_changed":false,"_links_to":"","_links_to_target":""},"product_cat":[137],"product_tag":[],"class_list":{"0":"post-5388","1":"product","2":"type-product","3":"status-publish","4":"has-post-thumbnail","6":"product_cat-wije-es","8":"first","9":"instock","10":"shipping-taxable","11":"purchasable","12":"product-type-simple"},"acf":[],"yoast_head":"<!-- This site is optimized with the Yoast SEO plugin v24.9 - https:\/\/yoast.com\/wordpress\/plugins\/seo\/ -->\n<title>Spiropoeus fischeri&quot;Cocodrilo negro gigante&quot; | MegaPets<\/title>\n<meta name=\"robots\" content=\"index, follow, max-snippet:-1, max-image-preview:large, max-video-preview:-1\" \/>\n<link rel=\"canonical\" href=\"https:\/\/megapets.eu\/es\/wije-es\/spiropoeus-fischericocodrilo-negro-gigante\/\" \/>\n<meta property=\"og:locale\" content=\"es_ES\" \/>\n<meta property=\"og:type\" content=\"article\" \/>\n<meta property=\"og:title\" content=\"Spiropoeus fischeri&quot;Cocodrilo negro gigante&quot; | MegaPets\" \/>\n<meta property=\"og:description\" content=\"Tama\u00f1o del objetivo:  aprox. 20 cm   Juvenil ofrecido:  aprox. 3 cm   El precio se aplica a  1 unidad\" \/>\n<meta property=\"og:url\" content=\"https:\/\/megapets.eu\/es\/wije-es\/spiropoeus-fischericocodrilo-negro-gigante\/\" \/>\n<meta property=\"og:site_name\" content=\"MegaPets\" \/>\n<meta property=\"article:publisher\" content=\"https:\/\/www.facebook.com\/MegaPets.eu\/\" \/>\n<meta property=\"og:image\" content=\"https:\/\/megapets.eu\/wp-content\/uploads\/2024\/10\/IMG_20220926_125351-scaled.jpg\" \/>\n\t<meta property=\"og:image:width\" content=\"2560\" \/>\n\t<meta property=\"og:image:height\" content=\"1706\" \/>\n\t<meta property=\"og:image:type\" content=\"image\/jpeg\" \/>\n<meta name=\"twitter:card\" content=\"summary_large_image\" \/>\n<meta name=\"twitter:label1\" content=\"Tiempo de lectura\" \/>\n\t<meta name=\"twitter:data1\" content=\"1 minuto\" \/>\n<script type=\"application\/ld+json\" class=\"yoast-schema-graph\">{\"@context\":\"https:\/\/schema.org\",\"@graph\":[{\"@type\":\"WebPage\",\"@id\":\"https:\/\/megapets.eu\/es\/wije-es\/spiropoeus-fischericocodrilo-negro-gigante\/\",\"url\":\"https:\/\/megapets.eu\/es\/wije-es\/spiropoeus-fischericocodrilo-negro-gigante\/\",\"name\":\"Spiropoeus fischeri \\\"Cocodrilo negro gigante\\\" | MegaPets\",\"isPartOf\":{\"@id\":\"https:\/\/megapets.eu\/es\/#website\"},\"primaryImageOfPage\":{\"@id\":\"https:\/\/megapets.eu\/es\/wije-es\/spiropoeus-fischericocodrilo-negro-gigante\/#primaryimage\"},\"image\":{\"@id\":\"https:\/\/megapets.eu\/es\/wije-es\/spiropoeus-fischericocodrilo-negro-gigante\/#primaryimage\"},\"thumbnailUrl\":\"https:\/\/megapets.eu\/wp-content\/uploads\/2024\/10\/88.jpg\",\"datePublished\":\"2024-10-05T13:37:06+00:00\",\"breadcrumb\":{\"@id\":\"https:\/\/megapets.eu\/es\/wije-es\/spiropoeus-fischericocodrilo-negro-gigante\/#breadcrumb\"},\"inLanguage\":\"es\",\"potentialAction\":[{\"@type\":\"ReadAction\",\"target\":[\"https:\/\/megapets.eu\/es\/wije-es\/spiropoeus-fischericocodrilo-negro-gigante\/\"]}]},{\"@type\":\"ImageObject\",\"inLanguage\":\"es\",\"@id\":\"https:\/\/megapets.eu\/es\/wije-es\/spiropoeus-fischericocodrilo-negro-gigante\/#primaryimage\",\"url\":\"https:\/\/megapets.eu\/wp-content\/uploads\/2024\/10\/88.jpg\",\"contentUrl\":\"https:\/\/megapets.eu\/wp-content\/uploads\/2024\/10\/88.jpg\",\"width\":1210,\"height\":804},{\"@type\":\"BreadcrumbList\",\"@id\":\"https:\/\/megapets.eu\/es\/wije-es\/spiropoeus-fischericocodrilo-negro-gigante\/#breadcrumb\",\"itemListElement\":[{\"@type\":\"ListItem\",\"position\":1,\"name\":\"Strona g\u0142\u00f3wna\",\"item\":\"https:\/\/megapets.eu\/es\/\"},{\"@type\":\"ListItem\",\"position\":2,\"name\":\"Almacenar\",\"item\":\"https:\/\/megapets.eu\/almacenar\/\"},{\"@type\":\"ListItem\",\"position\":3,\"name\":\"Spiropoeus fischeri&#8222;Cocodrilo negro gigante\\\"\"}]},{\"@type\":\"WebSite\",\"@id\":\"https:\/\/megapets.eu\/es\/#website\",\"url\":\"https:\/\/megapets.eu\/es\/\",\"name\":\"Mega Pets\",\"description\":\"Jedna z najwi\u0119kszych hodowli \u015blimak\u00f3w w Europie\",\"publisher\":{\"@id\":\"https:\/\/megapets.eu\/es\/#organization\"},\"alternateName\":\"Mega Pets\",\"potentialAction\":[{\"@type\":\"SearchAction\",\"target\":{\"@type\":\"EntryPoint\",\"urlTemplate\":\"https:\/\/megapets.eu\/es\/?s={search_term_string}\"},\"query-input\":{\"@type\":\"PropertyValueSpecification\",\"valueRequired\":true,\"valueName\":\"search_term_string\"}}],\"inLanguage\":\"es\"},{\"@type\":\"Organization\",\"@id\":\"https:\/\/megapets.eu\/es\/#organization\",\"name\":\"Mega Pets\",\"url\":\"https:\/\/megapets.eu\/es\/\",\"logo\":{\"@type\":\"ImageObject\",\"inLanguage\":\"es\",\"@id\":\"https:\/\/megapets.eu\/es\/#\/schema\/logo\/image\/\",\"url\":\"https:\/\/megapets.eu\/wp-content\/uploads\/2025\/04\/megapets_eu-logo.png\",\"contentUrl\":\"https:\/\/megapets.eu\/wp-content\/uploads\/2025\/04\/megapets_eu-logo.png\",\"width\":2362,\"height\":2362,\"caption\":\"Mega Pets\"},\"image\":{\"@id\":\"https:\/\/megapets.eu\/es\/#\/schema\/logo\/image\/\"},\"sameAs\":[\"https:\/\/www.facebook.com\/MegaPets.eu\/\"]}]}<\/script>\n<!-- \/ Yoast SEO plugin. -->","yoast_head_json":{"title":"Spiropoeus fischeri\"Cocodrilo negro gigante\" | MegaPets","robots":{"index":"index","follow":"follow","max-snippet":"max-snippet:-1","max-image-preview":"max-image-preview:large","max-video-preview":"max-video-preview:-1"},"canonical":"https:\/\/megapets.eu\/es\/wije-es\/spiropoeus-fischericocodrilo-negro-gigante\/","og_locale":"es_ES","og_type":"article","og_title":"Spiropoeus fischeri\"Cocodrilo negro gigante\" | MegaPets","og_description":"Tama\u00f1o del objetivo:  aprox. 20 cm   Juvenil ofrecido:  aprox. 3 cm   El precio se aplica a  1 unidad","og_url":"https:\/\/megapets.eu\/es\/wije-es\/spiropoeus-fischericocodrilo-negro-gigante\/","og_site_name":"MegaPets","article_publisher":"https:\/\/www.facebook.com\/MegaPets.eu\/","og_image":[{"width":2560,"height":1706,"url":"https:\/\/megapets.eu\/wp-content\/uploads\/2024\/10\/IMG_20220926_125351-scaled.jpg","type":"image\/jpeg"}],"twitter_card":"summary_large_image","twitter_misc":{"Tiempo de lectura":"1 minuto"},"schema":{"@context":"https:\/\/schema.org","@graph":[{"@type":"WebPage","@id":"https:\/\/megapets.eu\/es\/wije-es\/spiropoeus-fischericocodrilo-negro-gigante\/","url":"https:\/\/megapets.eu\/es\/wije-es\/spiropoeus-fischericocodrilo-negro-gigante\/","name":"Spiropoeus fischeri \"Cocodrilo negro gigante\" | MegaPets","isPartOf":{"@id":"https:\/\/megapets.eu\/es\/#website"},"primaryImageOfPage":{"@id":"https:\/\/megapets.eu\/es\/wije-es\/spiropoeus-fischericocodrilo-negro-gigante\/#primaryimage"},"image":{"@id":"https:\/\/megapets.eu\/es\/wije-es\/spiropoeus-fischericocodrilo-negro-gigante\/#primaryimage"},"thumbnailUrl":"https:\/\/megapets.eu\/wp-content\/uploads\/2024\/10\/88.jpg","datePublished":"2024-10-05T13:37:06+00:00","breadcrumb":{"@id":"https:\/\/megapets.eu\/es\/wije-es\/spiropoeus-fischericocodrilo-negro-gigante\/#breadcrumb"},"inLanguage":"es","potentialAction":[{"@type":"ReadAction","target":["https:\/\/megapets.eu\/es\/wije-es\/spiropoeus-fischericocodrilo-negro-gigante\/"]}]},{"@type":"ImageObject","inLanguage":"es","@id":"https:\/\/megapets.eu\/es\/wije-es\/spiropoeus-fischericocodrilo-negro-gigante\/#primaryimage","url":"https:\/\/megapets.eu\/wp-content\/uploads\/2024\/10\/88.jpg","contentUrl":"https:\/\/megapets.eu\/wp-content\/uploads\/2024\/10\/88.jpg","width":1210,"height":804},{"@type":"BreadcrumbList","@id":"https:\/\/megapets.eu\/es\/wije-es\/spiropoeus-fischericocodrilo-negro-gigante\/#breadcrumb","itemListElement":[{"@type":"ListItem","position":1,"name":"Strona g\u0142\u00f3wna","item":"https:\/\/megapets.eu\/es\/"},{"@type":"ListItem","position":2,"name":"Almacenar","item":"https:\/\/megapets.eu\/almacenar\/"},{"@type":"ListItem","position":3,"name":"Spiropoeus fischeri&#8222;Cocodrilo negro gigante\""}]},{"@type":"WebSite","@id":"https:\/\/megapets.eu\/es\/#website","url":"https:\/\/megapets.eu\/es\/","name":"Mega Pets","description":"Jedna z najwi\u0119kszych hodowli \u015blimak\u00f3w w Europie","publisher":{"@id":"https:\/\/megapets.eu\/es\/#organization"},"alternateName":"Mega Pets","potentialAction":[{"@type":"SearchAction","target":{"@type":"EntryPoint","urlTemplate":"https:\/\/megapets.eu\/es\/?s={search_term_string}"},"query-input":{"@type":"PropertyValueSpecification","valueRequired":true,"valueName":"search_term_string"}}],"inLanguage":"es"},{"@type":"Organization","@id":"https:\/\/megapets.eu\/es\/#organization","name":"Mega Pets","url":"https:\/\/megapets.eu\/es\/","logo":{"@type":"ImageObject","inLanguage":"es","@id":"https:\/\/megapets.eu\/es\/#\/schema\/logo\/image\/","url":"https:\/\/megapets.eu\/wp-content\/uploads\/2025\/04\/megapets_eu-logo.png","contentUrl":"https:\/\/megapets.eu\/wp-content\/uploads\/2025\/04\/megapets_eu-logo.png","width":2362,"height":2362,"caption":"Mega Pets"},"image":{"@id":"https:\/\/megapets.eu\/es\/#\/schema\/logo\/image\/"},"sameAs":["https:\/\/www.facebook.com\/MegaPets.eu\/"]}]}},"_links":{"self":[{"href":"https:\/\/megapets.eu\/es\/wp-json\/wp\/v2\/product\/5388","targetHints":{"allow":["GET"]}}],"collection":[{"href":"https:\/\/megapets.eu\/es\/wp-json\/wp\/v2\/product"}],"about":[{"href":"https:\/\/megapets.eu\/es\/wp-json\/wp\/v2\/types\/product"}],"wp:featuredmedia":[{"embeddable":true,"href":"https:\/\/megapets.eu\/es\/wp-json\/wp\/v2\/media\/5394"}],"wp:attachment":[{"href":"https:\/\/megapets.eu\/es\/wp-json\/wp\/v2\/media?parent=5388"}],"wp:term":[{"taxonomy":"product_cat","embeddable":true,"href":"https:\/\/megapets.eu\/es\/wp-json\/wp\/v2\/product_cat?post=5388"},{"taxonomy":"product_tag","embeddable":true,"href":"https:\/\/megapets.eu\/es\/wp-json\/wp\/v2\/product_tag?post=5388"}],"curies":[{"name":"wp","href":"https:\/\/api.w.org\/{rel}","templated":true}]}}