{"id":5398,"date":"2024-10-03T21:19:08","date_gmt":"2024-10-03T21:19:08","guid":{"rendered":"https:\/\/megapets.eu\/sin categor\u00eda\/sepia-hueso-de-sepia-grueso-premium-xxl\/"},"modified":"2024-10-03T21:19:08","modified_gmt":"2024-10-03T21:19:08","slug":"sepia-hueso-de-sepia-grueso-premium-xxl","status":"publish","type":"product","link":"https:\/\/megapets.eu\/es\/accesorios\/sepia-hueso-de-sepia-grueso-premium-xxl\/","title":{"rendered":"Sepia \u2013 hueso de sepia<br \/> GRUESO PREMIUM &quot;XXL&quot;"},"content":{"rendered":"<p><strong><span style=\"color: #e87020; font-size: 15px;\"><em>Sepia &#8211; hueso de sepia<span style=\"color: #e87020;\"> DE PRIMERA CALIDAD<\/span> GRUESO &quot;XXL&quot;<\/em><\/span><\/strong><strong><span style=\"color: #e87020; font-size: 15px;\"><em> Longitud del hueso: unos 20-25 cm. Ancho: unos 8-10 cm.<\/em><\/span><\/strong><strong><span style=\"color: #e87020; font-size: 15px;\"><em> Ingredientes: Hueso de sepia 100% natural.<\/em><\/span><\/strong><strong><span style=\"color: #e87020; font-size: 15px;\"><em> El precio es por 1 ud.<\/em><\/span><\/strong><em><span style=\"color: #424242;\"><strong><span style=\"font-size: 15px;\"> El hueso de sepia es una fuente natural de calcio para caracoles ex\u00f3ticos, tortugas y otros animales de terrario. <\/span><\/strong><\/span><\/em><em><span style=\"color: #424242;\"><strong><span style=\"font-size: 15px;\"> La sepia se administra a los animales por la parte blanda. La espina debe reemplazarse por una nueva despu\u00e9s de que el animal haya raspado la parte blanda o ante los primeros signos de deterioro (la aparici\u00f3n de manchas, debido a la humedad del terrario). <\/span><\/strong><\/span><\/em><em><span style=\"color: #424242;\"><strong><span style=\"font-size: 15px;\"> Siempre puedes diversificar la forma de calcio que le das a tu mascota y adem\u00e1s ofrecerle \u201cCalcio\u201d &#8211; calcio para caracoles. <\/span><\/strong><\/span><\/em><em><span style=\"color: #424242;\"><strong><span style=\"font-size: 15px;\"> Nuestros suplementos recomendados, capaces de satisfacer las necesidades de nutrientes valiosos incluso de las especies m\u00e1s exigentes: &quot;Prote\u00edna y Vitamina&quot;, mezcla de hierbas ex\u00f3ticas y gammarus molido. Se recomienda usar los suplementos de forma alternada para que la dieta de la mascota se mantenga variada y completa.<\/span><\/strong><\/span><\/em><\/p>\n","protected":false},"excerpt":{"rendered":"<ul class=\"product_attributes\">\n<li><span style=\"color: #555555;\">Composici\u00f3n:<\/span> Hueso de sepia 100% natural<\/li>\n<li><span style=\"color: #555555;\"> Longitud del hueso:<\/span> unos 20-25 cm<\/li>\n<li><span style=\"color: #555555;\"> El precio se aplica a:<\/span> 1 pieza<\/li>\n<\/ul>\n","protected":false},"featured_media":11966,"template":"","meta":{"_acf_changed":false,"_links_to":"","_links_to_target":""},"product_cat":[129],"product_tag":[130,133,132,131],"class_list":{"0":"post-5398","1":"product","2":"type-product","3":"status-publish","4":"has-post-thumbnail","6":"product_cat-accesorios","7":"product_tag-para-caracoles","8":"product_tag-para-las-cucarachas","9":"product_tag-para-los-isopodos","10":"product_tag-por-las-artimanas","12":"first","13":"instock","14":"shipping-taxable","15":"purchasable","16":"product-type-simple"},"acf":[],"yoast_head":"<!-- This site is optimized with the Yoast SEO plugin v24.9 - https:\/\/yoast.com\/wordpress\/plugins\/seo\/ -->\n<title>Sepia \u2013 hueso de sepia GRUESO PREMIUM &quot;XXL&quot; | MegaPets<\/title>\n<meta name=\"robots\" content=\"index, follow, max-snippet:-1, max-image-preview:large, max-video-preview:-1\" \/>\n<link rel=\"canonical\" href=\"https:\/\/megapets.eu\/es\/accesorios\/sepia-hueso-de-sepia-grueso-premium-xxl\/\" \/>\n<meta property=\"og:locale\" content=\"es_ES\" \/>\n<meta property=\"og:type\" content=\"article\" \/>\n<meta property=\"og:title\" content=\"Sepia \u2013 hueso de sepia GRUESO PREMIUM &quot;XXL&quot; | MegaPets\" \/>\n<meta property=\"og:description\" content=\"Composici\u00f3n: Hueso de sepia 100% natural Longitud del hueso: unos 20-25 cm El precio se aplica a: 1 pieza\" \/>\n<meta property=\"og:url\" content=\"https:\/\/megapets.eu\/es\/accesorios\/sepia-hueso-de-sepia-grueso-premium-xxl\/\" \/>\n<meta property=\"og:site_name\" content=\"MegaPets\" \/>\n<meta property=\"article:publisher\" content=\"https:\/\/www.facebook.com\/MegaPets.eu\/\" \/>\n<meta property=\"og:image\" content=\"https:\/\/megapets.eu\/wp-content\/uploads\/2024\/10\/4.png\" \/>\n\t<meta property=\"og:image:width\" content=\"984\" \/>\n\t<meta property=\"og:image:height\" content=\"655\" \/>\n\t<meta property=\"og:image:type\" content=\"image\/png\" \/>\n<meta name=\"twitter:card\" content=\"summary_large_image\" \/>\n<meta name=\"twitter:label1\" content=\"Tiempo de lectura\" \/>\n\t<meta name=\"twitter:data1\" content=\"1 minuto\" \/>\n<script type=\"application\/ld+json\" class=\"yoast-schema-graph\">{\"@context\":\"https:\/\/schema.org\",\"@graph\":[{\"@type\":\"WebPage\",\"@id\":\"https:\/\/megapets.eu\/es\/accesorios\/sepia-hueso-de-sepia-grueso-premium-xxl\/\",\"url\":\"https:\/\/megapets.eu\/es\/accesorios\/sepia-hueso-de-sepia-grueso-premium-xxl\/\",\"name\":\"Sepia \u2013 hueso de sepia GRUESO PREMIUM &quot;XXL&quot; | MegaPets\",\"isPartOf\":{\"@id\":\"https:\/\/megapets.eu\/es\/#website\"},\"primaryImageOfPage\":{\"@id\":\"https:\/\/megapets.eu\/es\/accesorios\/sepia-hueso-de-sepia-grueso-premium-xxl\/#primaryimage\"},\"image\":{\"@id\":\"https:\/\/megapets.eu\/es\/accesorios\/sepia-hueso-de-sepia-grueso-premium-xxl\/#primaryimage\"},\"thumbnailUrl\":\"https:\/\/megapets.eu\/wp-content\/uploads\/2024\/10\/kosc-matwy-premium-xxl-naturalna-WEBP.webp\",\"datePublished\":\"2024-10-03T21:19:08+00:00\",\"breadcrumb\":{\"@id\":\"https:\/\/megapets.eu\/es\/accesorios\/sepia-hueso-de-sepia-grueso-premium-xxl\/#breadcrumb\"},\"inLanguage\":\"es\",\"potentialAction\":[{\"@type\":\"ReadAction\",\"target\":[\"https:\/\/megapets.eu\/es\/accesorios\/sepia-hueso-de-sepia-grueso-premium-xxl\/\"]}]},{\"@type\":\"ImageObject\",\"inLanguage\":\"es\",\"@id\":\"https:\/\/megapets.eu\/es\/accesorios\/sepia-hueso-de-sepia-grueso-premium-xxl\/#primaryimage\",\"url\":\"https:\/\/megapets.eu\/wp-content\/uploads\/2024\/10\/kosc-matwy-premium-xxl-naturalna-WEBP.webp\",\"contentUrl\":\"https:\/\/megapets.eu\/wp-content\/uploads\/2024\/10\/kosc-matwy-premium-xxl-naturalna-WEBP.webp\",\"width\":1200,\"height\":793},{\"@type\":\"BreadcrumbList\",\"@id\":\"https:\/\/megapets.eu\/es\/accesorios\/sepia-hueso-de-sepia-grueso-premium-xxl\/#breadcrumb\",\"itemListElement\":[{\"@type\":\"ListItem\",\"position\":1,\"name\":\"Strona g\u0142\u00f3wna\",\"item\":\"https:\/\/megapets.eu\/es\/\"},{\"@type\":\"ListItem\",\"position\":2,\"name\":\"Almacenar\",\"item\":\"https:\/\/megapets.eu\/almacenar\/\"},{\"@type\":\"ListItem\",\"position\":3,\"name\":\"Sepia \u2013 hueso de sepia GRUESO PREMIUM &quot;XXL&quot;\"}]},{\"@type\":\"WebSite\",\"@id\":\"https:\/\/megapets.eu\/es\/#website\",\"url\":\"https:\/\/megapets.eu\/es\/\",\"name\":\"Mega Pets\",\"description\":\"Jedna z najwi\u0119kszych hodowli \u015blimak\u00f3w w Europie\",\"publisher\":{\"@id\":\"https:\/\/megapets.eu\/es\/#organization\"},\"alternateName\":\"Mega Pets\",\"potentialAction\":[{\"@type\":\"SearchAction\",\"target\":{\"@type\":\"EntryPoint\",\"urlTemplate\":\"https:\/\/megapets.eu\/es\/?s={search_term_string}\"},\"query-input\":{\"@type\":\"PropertyValueSpecification\",\"valueRequired\":true,\"valueName\":\"search_term_string\"}}],\"inLanguage\":\"es\"},{\"@type\":\"Organization\",\"@id\":\"https:\/\/megapets.eu\/es\/#organization\",\"name\":\"Mega Pets\",\"url\":\"https:\/\/megapets.eu\/es\/\",\"logo\":{\"@type\":\"ImageObject\",\"inLanguage\":\"es\",\"@id\":\"https:\/\/megapets.eu\/es\/#\/schema\/logo\/image\/\",\"url\":\"https:\/\/megapets.eu\/wp-content\/uploads\/2025\/04\/megapets_eu-logo.png\",\"contentUrl\":\"https:\/\/megapets.eu\/wp-content\/uploads\/2025\/04\/megapets_eu-logo.png\",\"width\":2362,\"height\":2362,\"caption\":\"Mega Pets\"},\"image\":{\"@id\":\"https:\/\/megapets.eu\/es\/#\/schema\/logo\/image\/\"},\"sameAs\":[\"https:\/\/www.facebook.com\/MegaPets.eu\/\"]}]}<\/script>\n<!-- \/ Yoast SEO plugin. -->","yoast_head_json":{"title":"Sepia \u2013 hueso de sepia GRUESO PREMIUM &quot;XXL&quot; | MegaPets","robots":{"index":"index","follow":"follow","max-snippet":"max-snippet:-1","max-image-preview":"max-image-preview:large","max-video-preview":"max-video-preview:-1"},"canonical":"https:\/\/megapets.eu\/es\/accesorios\/sepia-hueso-de-sepia-grueso-premium-xxl\/","og_locale":"es_ES","og_type":"article","og_title":"Sepia \u2013 hueso de sepia GRUESO PREMIUM &quot;XXL&quot; | MegaPets","og_description":"Composici\u00f3n: Hueso de sepia 100% natural Longitud del hueso: unos 20-25 cm El precio se aplica a: 1 pieza","og_url":"https:\/\/megapets.eu\/es\/accesorios\/sepia-hueso-de-sepia-grueso-premium-xxl\/","og_site_name":"MegaPets","article_publisher":"https:\/\/www.facebook.com\/MegaPets.eu\/","og_image":[{"width":984,"height":655,"url":"https:\/\/megapets.eu\/wp-content\/uploads\/2024\/10\/4.png","type":"image\/png"}],"twitter_card":"summary_large_image","twitter_misc":{"Tiempo de lectura":"1 minuto"},"schema":{"@context":"https:\/\/schema.org","@graph":[{"@type":"WebPage","@id":"https:\/\/megapets.eu\/es\/accesorios\/sepia-hueso-de-sepia-grueso-premium-xxl\/","url":"https:\/\/megapets.eu\/es\/accesorios\/sepia-hueso-de-sepia-grueso-premium-xxl\/","name":"Sepia \u2013 hueso de sepia GRUESO PREMIUM &quot;XXL&quot; | MegaPets","isPartOf":{"@id":"https:\/\/megapets.eu\/es\/#website"},"primaryImageOfPage":{"@id":"https:\/\/megapets.eu\/es\/accesorios\/sepia-hueso-de-sepia-grueso-premium-xxl\/#primaryimage"},"image":{"@id":"https:\/\/megapets.eu\/es\/accesorios\/sepia-hueso-de-sepia-grueso-premium-xxl\/#primaryimage"},"thumbnailUrl":"https:\/\/megapets.eu\/wp-content\/uploads\/2024\/10\/kosc-matwy-premium-xxl-naturalna-WEBP.webp","datePublished":"2024-10-03T21:19:08+00:00","breadcrumb":{"@id":"https:\/\/megapets.eu\/es\/accesorios\/sepia-hueso-de-sepia-grueso-premium-xxl\/#breadcrumb"},"inLanguage":"es","potentialAction":[{"@type":"ReadAction","target":["https:\/\/megapets.eu\/es\/accesorios\/sepia-hueso-de-sepia-grueso-premium-xxl\/"]}]},{"@type":"ImageObject","inLanguage":"es","@id":"https:\/\/megapets.eu\/es\/accesorios\/sepia-hueso-de-sepia-grueso-premium-xxl\/#primaryimage","url":"https:\/\/megapets.eu\/wp-content\/uploads\/2024\/10\/kosc-matwy-premium-xxl-naturalna-WEBP.webp","contentUrl":"https:\/\/megapets.eu\/wp-content\/uploads\/2024\/10\/kosc-matwy-premium-xxl-naturalna-WEBP.webp","width":1200,"height":793},{"@type":"BreadcrumbList","@id":"https:\/\/megapets.eu\/es\/accesorios\/sepia-hueso-de-sepia-grueso-premium-xxl\/#breadcrumb","itemListElement":[{"@type":"ListItem","position":1,"name":"Strona g\u0142\u00f3wna","item":"https:\/\/megapets.eu\/es\/"},{"@type":"ListItem","position":2,"name":"Almacenar","item":"https:\/\/megapets.eu\/almacenar\/"},{"@type":"ListItem","position":3,"name":"Sepia \u2013 hueso de sepia GRUESO PREMIUM &quot;XXL&quot;"}]},{"@type":"WebSite","@id":"https:\/\/megapets.eu\/es\/#website","url":"https:\/\/megapets.eu\/es\/","name":"Mega Pets","description":"Jedna z najwi\u0119kszych hodowli \u015blimak\u00f3w w Europie","publisher":{"@id":"https:\/\/megapets.eu\/es\/#organization"},"alternateName":"Mega Pets","potentialAction":[{"@type":"SearchAction","target":{"@type":"EntryPoint","urlTemplate":"https:\/\/megapets.eu\/es\/?s={search_term_string}"},"query-input":{"@type":"PropertyValueSpecification","valueRequired":true,"valueName":"search_term_string"}}],"inLanguage":"es"},{"@type":"Organization","@id":"https:\/\/megapets.eu\/es\/#organization","name":"Mega Pets","url":"https:\/\/megapets.eu\/es\/","logo":{"@type":"ImageObject","inLanguage":"es","@id":"https:\/\/megapets.eu\/es\/#\/schema\/logo\/image\/","url":"https:\/\/megapets.eu\/wp-content\/uploads\/2025\/04\/megapets_eu-logo.png","contentUrl":"https:\/\/megapets.eu\/wp-content\/uploads\/2025\/04\/megapets_eu-logo.png","width":2362,"height":2362,"caption":"Mega Pets"},"image":{"@id":"https:\/\/megapets.eu\/es\/#\/schema\/logo\/image\/"},"sameAs":["https:\/\/www.facebook.com\/MegaPets.eu\/"]}]}},"_links":{"self":[{"href":"https:\/\/megapets.eu\/es\/wp-json\/wp\/v2\/product\/5398","targetHints":{"allow":["GET"]}}],"collection":[{"href":"https:\/\/megapets.eu\/es\/wp-json\/wp\/v2\/product"}],"about":[{"href":"https:\/\/megapets.eu\/es\/wp-json\/wp\/v2\/types\/product"}],"wp:featuredmedia":[{"embeddable":true,"href":"https:\/\/megapets.eu\/es\/wp-json\/wp\/v2\/media\/11966"}],"wp:attachment":[{"href":"https:\/\/megapets.eu\/es\/wp-json\/wp\/v2\/media?parent=5398"}],"wp:term":[{"taxonomy":"product_cat","embeddable":true,"href":"https:\/\/megapets.eu\/es\/wp-json\/wp\/v2\/product_cat?post=5398"},{"taxonomy":"product_tag","embeddable":true,"href":"https:\/\/megapets.eu\/es\/wp-json\/wp\/v2\/product_tag?post=5398"}],"curies":[{"name":"wp","href":"https:\/\/api.w.org\/{rel}","templated":true}]}}