{"id":5414,"date":"2024-10-03T16:33:28","date_gmt":"2024-10-03T16:33:28","guid":{"rendered":"https:\/\/megapets.eu\/sin categor\u00eda\/set-de-iniciacion-de-10-l-para-la-criacaracoles-exoticos-africanos\/"},"modified":"2024-10-03T16:33:28","modified_gmt":"2024-10-03T16:33:28","slug":"set-de-iniciacion-de-10-l-para-la-criacaracoles-exoticos-africanos","status":"publish","type":"product","link":"https:\/\/megapets.eu\/es\/accesorios\/set-de-iniciacion-de-10-l-para-la-criacaracoles-exoticos-africanos\/","title":{"rendered":"Set de iniciaci\u00f3n de 10 L para la cr\u00eda<br \/>caracoles ex\u00f3ticos \/ africanos"},"content":{"rendered":"<p><span style=\"color: #424242;\"><em><strong>El kit \u00abSet de iniciaci\u00f3n de 10 L para la cr\u00eda de caracoles ex\u00f3ticos \/ africanos\u00bb incluye:<\/strong><\/em><\/span><\/p>\n<ul>\n<li><em><span style=\"color: #e87020; font-size: 17px;\"><strong>1 unidad x Recipiente de pl\u00e1stico con orificios de ventilaci\u00f3n para la cr\u00eda de caracoles ex\u00f3ticos. <\/strong><\/span><\/em><\/li>\n<\/ul>\n<p><strong><span style=\"color: #424242; font-size: 15px;\"><em>Recipiente con tapa con una capacidad de 10 L. Los orificios de ventilaci\u00f3n interiores del recipiente son lisos, sin bordes afilados.<\/em><\/span><\/strong><\/p>\n<p><strong><span style=\"color: #424242; font-size: 15px;\"><em>Dimensiones: 25,5 cm x 38,5 cm x H 13,5 cm. Contenedor de pl\u00e1stico de Plast Team.<\/em><\/span><\/strong><\/p>\n<ul>\n<li><em><span style=\"font-size: 17px;\"><strong><span style=\"color: #e87020;\">2 unidades x Sustrato de coco 1,5l\/1 envase. <\/span><\/strong><\/span><\/em><\/li>\n<\/ul>\n<p><span style=\"font-size: 15px; color: #424242;\"><strong><em>El sustrato de coco es un sustrato natural hecho de fibra de coco triturada. Es el sustrato m\u00e1s recomendado para la cr\u00eda de caracoles ex\u00f3ticos.<\/em><\/strong><\/span><\/p>\n<ul>\n<li><em><span style=\"font-size: 17px;\"><strong><span style=\"color: #e87020;\">1 paquete de \u00abCalcio\u00bb 80 g. <\/span><\/strong><\/span><\/em><\/li>\n<\/ul>\n<p><strong><span style=\"font-size: 15px; color: #424242;\"><em>La dieta diaria de un caracol debe incluir los elementos b\u00e1sicos para tener una concha bonita y sana. El paquete \u00abCalcio\u00bb contiene 100% de polvo de c\u00e1scara de huevo.<\/em><\/span><\/strong><\/p>\n<ul>\n<li><em><span style=\"font-size: 17px;\"><strong><span style=\"color: #e87020;\">1 paquete \u00abProte\u00ednas y Vitaminas\u00bb 50 g.<\/span><\/strong><\/span><\/em><\/li>\n<\/ul>\n<p><span style=\"color: #424242; font-size: 15px;\"><strong><em>El paquete \u00abProte\u00ednas y Vitaminas\u00bb contiene una mezcla de granos, llena de valiosos nutrientes para un desarrollo sano de tu mascota, y es un complemento beneficioso de la dieta b\u00e1sica del caracol.<\/em><\/strong><\/span><\/p>\n<ul>\n<li><em><span style=\"font-size: 17px;\"><strong><span style=\"color: #e87020;\">1 ud. x Paquete \u00abMezcla de hierbas ex\u00f3ticas\u00bb 40 g.<\/span><\/strong><\/span><\/em><\/li>\n<\/ul>\n<p><strong><span style=\"color: #424242; font-size: 15px;\"><em>El paquete \u00abMezcla de hierbas ex\u00f3ticas\u00bb contiene hierbas cuidadosamente seleccionadas, un suplemento valioso y natural que ayuda a enriquecer la dieta de los caracoles ex\u00f3ticos en funci\u00f3n de sus necesidades de vitaminas y minerales, ingredientes esenciales para la salud de las mascotas.<\/em><\/span><\/strong><\/p>\n<ul>\n<li><em><span style=\"font-size: 17px;\"><strong><span style=\"color: #e87020;\">1 unidad x Instrucciones de cr\u00eda.<\/span><\/strong><\/span><\/em><\/li>\n<\/ul>\n<p><strong><span style=\"font-size: 15px; color: #424242;\"><em>Atenci\u00f3n: en la cr\u00eda utilizamos un dispositivo especial hecho a medida para perforar los recipientes con calidad y suavidad. Si ya tienes un recipiente de pl\u00e1stico e intentas perforar los orificios t\u00fa mismo, elimina los bordes afilados y lija bien los orificios. Los juveniles tienen un delicado crecimiento de caparaz\u00f3n nuevo, que pueden engancharse al pasar sobre los bordes afilados de los agujeros mal hechos. Esto puede provocar cicatrices en la concha del caracol y la p\u00e9rdida de un aspecto est\u00e9ticamente agradable y saludable.<\/em><\/span><\/strong><\/p>\n<p><strong><span style=\"font-size: 15px; color: #424242;\"><em>Nota: los recipientes de muchas empresas NO son adecuados para la cr\u00eda de caracoles debido al dise\u00f1o interno y a la forma en que se encaja la tapa. La empresa de contenedores que recomendamos es Plast Team.<\/em><\/span><\/strong><\/p>\n","protected":false},"excerpt":{"rendered":"<ul class=\"product_attributes\">\n<li><span style=\"color: #555555;\"><strong>Accesorios b\u00e1sicos bien elegidos<\/strong><\/span><\/li>\n<li><span style=\"color: #555555;\"><strong>Rejillas de ventilaci\u00f3n pulidas<\/strong><\/span><\/li>\n<li><span style=\"color: #555555;\"><strong>Circulaci\u00f3n de aire adecuada<\/strong><\/span><\/li>\n<\/ul>\n","protected":false},"featured_media":5419,"template":"","meta":{"_acf_changed":false,"_links_to":"","_links_to_target":""},"product_cat":[129],"product_tag":[130],"class_list":{"0":"post-5414","1":"product","2":"type-product","3":"status-publish","4":"has-post-thumbnail","6":"product_cat-accesorios","7":"product_tag-para-caracoles","9":"first","10":"instock","11":"shipping-taxable","12":"purchasable","13":"product-type-simple"},"acf":[],"yoast_head":"<!-- This site is optimized with the Yoast SEO plugin v24.9 - https:\/\/yoast.com\/wordpress\/plugins\/seo\/ -->\n<title>Set de iniciaci\u00f3n de 10 L para la cr\u00edacaracoles ex\u00f3ticos \/ africanos | MegaPets<\/title>\n<meta name=\"robots\" content=\"index, follow, max-snippet:-1, max-image-preview:large, max-video-preview:-1\" \/>\n<link rel=\"canonical\" href=\"https:\/\/megapets.eu\/es\/accesorios\/set-de-iniciacion-de-10-l-para-la-criacaracoles-exoticos-africanos\/\" \/>\n<meta property=\"og:locale\" content=\"es_ES\" \/>\n<meta property=\"og:type\" content=\"article\" \/>\n<meta property=\"og:title\" content=\"Set de iniciaci\u00f3n de 10 L para la cr\u00edacaracoles ex\u00f3ticos \/ africanos | MegaPets\" \/>\n<meta property=\"og:description\" content=\"Accesorios b\u00e1sicos bien elegidos  Rejillas de ventilaci\u00f3n pulidas  Circulaci\u00f3n de aire adecuada\" \/>\n<meta property=\"og:url\" content=\"https:\/\/megapets.eu\/es\/accesorios\/set-de-iniciacion-de-10-l-para-la-criacaracoles-exoticos-africanos\/\" \/>\n<meta property=\"og:site_name\" content=\"MegaPets\" \/>\n<meta property=\"article:publisher\" content=\"https:\/\/www.facebook.com\/MegaPets.eu\/\" \/>\n<meta property=\"og:image\" content=\"https:\/\/megapets.eu\/wp-content\/uploads\/2024\/10\/IMG_2716-e1728382457724.jpg\" \/>\n\t<meta property=\"og:image:width\" content=\"1908\" \/>\n\t<meta property=\"og:image:height\" content=\"1314\" \/>\n\t<meta property=\"og:image:type\" content=\"image\/jpeg\" \/>\n<meta name=\"twitter:card\" content=\"summary_large_image\" \/>\n<meta name=\"twitter:label1\" content=\"Tiempo de lectura\" \/>\n\t<meta name=\"twitter:data1\" content=\"2 minuto\" \/>\n<script type=\"application\/ld+json\" class=\"yoast-schema-graph\">{\"@context\":\"https:\/\/schema.org\",\"@graph\":[{\"@type\":\"WebPage\",\"@id\":\"https:\/\/megapets.eu\/es\/accesorios\/set-de-iniciacion-de-10-l-para-la-criacaracoles-exoticos-africanos\/\",\"url\":\"https:\/\/megapets.eu\/es\/accesorios\/set-de-iniciacion-de-10-l-para-la-criacaracoles-exoticos-africanos\/\",\"name\":\"Set de iniciaci\u00f3n de 10 L para la cr\u00eda caracoles ex\u00f3ticos \/ africanos | MegaPets\",\"isPartOf\":{\"@id\":\"https:\/\/megapets.eu\/es\/#website\"},\"primaryImageOfPage\":{\"@id\":\"https:\/\/megapets.eu\/es\/accesorios\/set-de-iniciacion-de-10-l-para-la-criacaracoles-exoticos-africanos\/#primaryimage\"},\"image\":{\"@id\":\"https:\/\/megapets.eu\/es\/accesorios\/set-de-iniciacion-de-10-l-para-la-criacaracoles-exoticos-africanos\/#primaryimage\"},\"thumbnailUrl\":\"https:\/\/megapets.eu\/wp-content\/uploads\/2024\/10\/IMG_2716-e1728382457724.jpg\",\"datePublished\":\"2024-10-03T16:33:28+00:00\",\"breadcrumb\":{\"@id\":\"https:\/\/megapets.eu\/es\/accesorios\/set-de-iniciacion-de-10-l-para-la-criacaracoles-exoticos-africanos\/#breadcrumb\"},\"inLanguage\":\"es\",\"potentialAction\":[{\"@type\":\"ReadAction\",\"target\":[\"https:\/\/megapets.eu\/es\/accesorios\/set-de-iniciacion-de-10-l-para-la-criacaracoles-exoticos-africanos\/\"]}]},{\"@type\":\"ImageObject\",\"inLanguage\":\"es\",\"@id\":\"https:\/\/megapets.eu\/es\/accesorios\/set-de-iniciacion-de-10-l-para-la-criacaracoles-exoticos-africanos\/#primaryimage\",\"url\":\"https:\/\/megapets.eu\/wp-content\/uploads\/2024\/10\/IMG_2716-e1728382457724.jpg\",\"contentUrl\":\"https:\/\/megapets.eu\/wp-content\/uploads\/2024\/10\/IMG_2716-e1728382457724.jpg\",\"width\":1908,\"height\":1314},{\"@type\":\"BreadcrumbList\",\"@id\":\"https:\/\/megapets.eu\/es\/accesorios\/set-de-iniciacion-de-10-l-para-la-criacaracoles-exoticos-africanos\/#breadcrumb\",\"itemListElement\":[{\"@type\":\"ListItem\",\"position\":1,\"name\":\"Strona g\u0142\u00f3wna\",\"item\":\"https:\/\/megapets.eu\/es\/\"},{\"@type\":\"ListItem\",\"position\":2,\"name\":\"Almacenar\",\"item\":\"https:\/\/megapets.eu\/almacenar\/\"},{\"@type\":\"ListItem\",\"position\":3,\"name\":\"Set de iniciaci\u00f3n de 10 L para la cr\u00edacaracoles ex\u00f3ticos \/ africanos\"}]},{\"@type\":\"WebSite\",\"@id\":\"https:\/\/megapets.eu\/es\/#website\",\"url\":\"https:\/\/megapets.eu\/es\/\",\"name\":\"Mega Pets\",\"description\":\"Jedna z najwi\u0119kszych hodowli \u015blimak\u00f3w w Europie\",\"publisher\":{\"@id\":\"https:\/\/megapets.eu\/es\/#organization\"},\"alternateName\":\"Mega Pets\",\"potentialAction\":[{\"@type\":\"SearchAction\",\"target\":{\"@type\":\"EntryPoint\",\"urlTemplate\":\"https:\/\/megapets.eu\/es\/?s={search_term_string}\"},\"query-input\":{\"@type\":\"PropertyValueSpecification\",\"valueRequired\":true,\"valueName\":\"search_term_string\"}}],\"inLanguage\":\"es\"},{\"@type\":\"Organization\",\"@id\":\"https:\/\/megapets.eu\/es\/#organization\",\"name\":\"Mega Pets\",\"url\":\"https:\/\/megapets.eu\/es\/\",\"logo\":{\"@type\":\"ImageObject\",\"inLanguage\":\"es\",\"@id\":\"https:\/\/megapets.eu\/es\/#\/schema\/logo\/image\/\",\"url\":\"https:\/\/megapets.eu\/wp-content\/uploads\/2025\/04\/megapets_eu-logo.png\",\"contentUrl\":\"https:\/\/megapets.eu\/wp-content\/uploads\/2025\/04\/megapets_eu-logo.png\",\"width\":2362,\"height\":2362,\"caption\":\"Mega Pets\"},\"image\":{\"@id\":\"https:\/\/megapets.eu\/es\/#\/schema\/logo\/image\/\"},\"sameAs\":[\"https:\/\/www.facebook.com\/MegaPets.eu\/\"]}]}<\/script>\n<!-- \/ Yoast SEO plugin. -->","yoast_head_json":{"title":"Set de iniciaci\u00f3n de 10 L para la cr\u00edacaracoles ex\u00f3ticos \/ africanos | MegaPets","robots":{"index":"index","follow":"follow","max-snippet":"max-snippet:-1","max-image-preview":"max-image-preview:large","max-video-preview":"max-video-preview:-1"},"canonical":"https:\/\/megapets.eu\/es\/accesorios\/set-de-iniciacion-de-10-l-para-la-criacaracoles-exoticos-africanos\/","og_locale":"es_ES","og_type":"article","og_title":"Set de iniciaci\u00f3n de 10 L para la cr\u00edacaracoles ex\u00f3ticos \/ africanos | MegaPets","og_description":"Accesorios b\u00e1sicos bien elegidos  Rejillas de ventilaci\u00f3n pulidas  Circulaci\u00f3n de aire adecuada","og_url":"https:\/\/megapets.eu\/es\/accesorios\/set-de-iniciacion-de-10-l-para-la-criacaracoles-exoticos-africanos\/","og_site_name":"MegaPets","article_publisher":"https:\/\/www.facebook.com\/MegaPets.eu\/","og_image":[{"width":1908,"height":1314,"url":"https:\/\/megapets.eu\/wp-content\/uploads\/2024\/10\/IMG_2716-e1728382457724.jpg","type":"image\/jpeg"}],"twitter_card":"summary_large_image","twitter_misc":{"Tiempo de lectura":"2 minuto"},"schema":{"@context":"https:\/\/schema.org","@graph":[{"@type":"WebPage","@id":"https:\/\/megapets.eu\/es\/accesorios\/set-de-iniciacion-de-10-l-para-la-criacaracoles-exoticos-africanos\/","url":"https:\/\/megapets.eu\/es\/accesorios\/set-de-iniciacion-de-10-l-para-la-criacaracoles-exoticos-africanos\/","name":"Set de iniciaci\u00f3n de 10 L para la cr\u00eda caracoles ex\u00f3ticos \/ africanos | MegaPets","isPartOf":{"@id":"https:\/\/megapets.eu\/es\/#website"},"primaryImageOfPage":{"@id":"https:\/\/megapets.eu\/es\/accesorios\/set-de-iniciacion-de-10-l-para-la-criacaracoles-exoticos-africanos\/#primaryimage"},"image":{"@id":"https:\/\/megapets.eu\/es\/accesorios\/set-de-iniciacion-de-10-l-para-la-criacaracoles-exoticos-africanos\/#primaryimage"},"thumbnailUrl":"https:\/\/megapets.eu\/wp-content\/uploads\/2024\/10\/IMG_2716-e1728382457724.jpg","datePublished":"2024-10-03T16:33:28+00:00","breadcrumb":{"@id":"https:\/\/megapets.eu\/es\/accesorios\/set-de-iniciacion-de-10-l-para-la-criacaracoles-exoticos-africanos\/#breadcrumb"},"inLanguage":"es","potentialAction":[{"@type":"ReadAction","target":["https:\/\/megapets.eu\/es\/accesorios\/set-de-iniciacion-de-10-l-para-la-criacaracoles-exoticos-africanos\/"]}]},{"@type":"ImageObject","inLanguage":"es","@id":"https:\/\/megapets.eu\/es\/accesorios\/set-de-iniciacion-de-10-l-para-la-criacaracoles-exoticos-africanos\/#primaryimage","url":"https:\/\/megapets.eu\/wp-content\/uploads\/2024\/10\/IMG_2716-e1728382457724.jpg","contentUrl":"https:\/\/megapets.eu\/wp-content\/uploads\/2024\/10\/IMG_2716-e1728382457724.jpg","width":1908,"height":1314},{"@type":"BreadcrumbList","@id":"https:\/\/megapets.eu\/es\/accesorios\/set-de-iniciacion-de-10-l-para-la-criacaracoles-exoticos-africanos\/#breadcrumb","itemListElement":[{"@type":"ListItem","position":1,"name":"Strona g\u0142\u00f3wna","item":"https:\/\/megapets.eu\/es\/"},{"@type":"ListItem","position":2,"name":"Almacenar","item":"https:\/\/megapets.eu\/almacenar\/"},{"@type":"ListItem","position":3,"name":"Set de iniciaci\u00f3n de 10 L para la cr\u00edacaracoles ex\u00f3ticos \/ africanos"}]},{"@type":"WebSite","@id":"https:\/\/megapets.eu\/es\/#website","url":"https:\/\/megapets.eu\/es\/","name":"Mega Pets","description":"Jedna z najwi\u0119kszych hodowli \u015blimak\u00f3w w Europie","publisher":{"@id":"https:\/\/megapets.eu\/es\/#organization"},"alternateName":"Mega Pets","potentialAction":[{"@type":"SearchAction","target":{"@type":"EntryPoint","urlTemplate":"https:\/\/megapets.eu\/es\/?s={search_term_string}"},"query-input":{"@type":"PropertyValueSpecification","valueRequired":true,"valueName":"search_term_string"}}],"inLanguage":"es"},{"@type":"Organization","@id":"https:\/\/megapets.eu\/es\/#organization","name":"Mega Pets","url":"https:\/\/megapets.eu\/es\/","logo":{"@type":"ImageObject","inLanguage":"es","@id":"https:\/\/megapets.eu\/es\/#\/schema\/logo\/image\/","url":"https:\/\/megapets.eu\/wp-content\/uploads\/2025\/04\/megapets_eu-logo.png","contentUrl":"https:\/\/megapets.eu\/wp-content\/uploads\/2025\/04\/megapets_eu-logo.png","width":2362,"height":2362,"caption":"Mega Pets"},"image":{"@id":"https:\/\/megapets.eu\/es\/#\/schema\/logo\/image\/"},"sameAs":["https:\/\/www.facebook.com\/MegaPets.eu\/"]}]}},"_links":{"self":[{"href":"https:\/\/megapets.eu\/es\/wp-json\/wp\/v2\/product\/5414","targetHints":{"allow":["GET"]}}],"collection":[{"href":"https:\/\/megapets.eu\/es\/wp-json\/wp\/v2\/product"}],"about":[{"href":"https:\/\/megapets.eu\/es\/wp-json\/wp\/v2\/types\/product"}],"wp:featuredmedia":[{"embeddable":true,"href":"https:\/\/megapets.eu\/es\/wp-json\/wp\/v2\/media\/5419"}],"wp:attachment":[{"href":"https:\/\/megapets.eu\/es\/wp-json\/wp\/v2\/media?parent=5414"}],"wp:term":[{"taxonomy":"product_cat","embeddable":true,"href":"https:\/\/megapets.eu\/es\/wp-json\/wp\/v2\/product_cat?post=5414"},{"taxonomy":"product_tag","embeddable":true,"href":"https:\/\/megapets.eu\/es\/wp-json\/wp\/v2\/product_tag?post=5414"}],"curies":[{"name":"wp","href":"https:\/\/api.w.org\/{rel}","templated":true}]}}