{"id":5420,"date":"2024-10-05T13:31:19","date_gmt":"2024-10-05T13:31:19","guid":{"rendered":"https:\/\/megapets.eu\/sin categor\u00eda\/analocostreptus-gregoriuscocodrilo-rayado-verde\/"},"modified":"2024-10-05T13:31:19","modified_gmt":"2024-10-05T13:31:19","slug":"analocostreptus-gregoriuscocodrilo-rayado-verde","status":"publish","type":"product","link":"https:\/\/megapets.eu\/es\/wije-es\/analocostreptus-gregoriuscocodrilo-rayado-verde\/","title":{"rendered":"Analocostreptus gregorius<br \/>\u00abCocodrilo rayado verde\u00bb"},"content":{"rendered":"<p class=\"v1v1v1v1MsoNormal\"><span style=\"color: #d94890;\"><strong><em><span style=\"font-size: 15px;\"><span style=\"color: #424242;\">Especie:<\/span> <span style=\"color: #008000;\">cocodrilo Analocostreptus gregorius &#8216;Cocodrilo rayado verde&#8217;. <\/span><\/span><\/em><\/strong><\/span><span style=\"color: #424242;\"><strong><em><span style=\"font-size: 15px;\">F\u00e1cil de mantener, por lo que es ideal para principiantes.<\/span><\/em><\/strong><\/span><\/p>\n<p><span style=\"color: #d94890;\"><strong><em><span style=\"font-size: 15px;\"><span style=\"color: #808000;\"><span style=\"color: #424242;\">Analocostreptus gregorius <span style=\"color: #008000;\">Z<strong><span class=\"html-span xexx8yu x4uap5 x18d9i69 xkhd6sd x1hl2dhg x16tdsg8 x1vvkbs x3nfvp2 x1j61x8r x1fcty0u xdj266r xat24cr xgzva0m xhhsvwb xxymvpz xlup9mm x1kky2od\"><img loading=\"lazy\" decoding=\"async\" class=\"xz74otr\" src=\"https:\/\/static.xx.fbcdn.net\/images\/emoji.php\/v9\/t1e\/1\/16\/1f33f.png\" alt=\"\ud83c\udf3f\" width=\"16\" height=\"16\" \/><\/span><\/strong>I<strong>\ud83d\udc9a<\/strong>E<strong><span class=\"html-span xexx8yu x4uap5 x18d9i69 xkhd6sd x1hl2dhg x16tdsg8 x1vvkbs x3nfvp2 x1j61x8r x1fcty0u xdj266r xat24cr xgzva0m xhhsvwb xxymvpz xlup9mm x1kky2od\"><img loading=\"lazy\" decoding=\"async\" class=\"xz74otr\" src=\"https:\/\/static.xx.fbcdn.net\/images\/emoji.php\/v9\/t1e\/1\/16\/1f33f.png\" alt=\"\ud83c\udf3f\" width=\"16\" height=\"16\" \/><\/span><\/strong>L<strong>\ud83d\udc9a<\/strong>O<strong><span class=\"html-span xexx8yu x4uap5 x18d9i69 xkhd6sd x1hl2dhg x16tdsg8 x1vvkbs x3nfvp2 x1j61x8r x1fcty0u xdj266r xat24cr xgzva0m xhhsvwb xxymvpz xlup9mm x1kky2od\"><img loading=\"lazy\" decoding=\"async\" class=\"xz74otr\" src=\"https:\/\/static.xx.fbcdn.net\/images\/emoji.php\/v9\/t1e\/1\/16\/1f33f.png\" alt=\"\ud83c\udf3f\" width=\"16\" height=\"16\" \/><\/span><\/strong>N<strong>\ud83d\udc9a<\/strong>Y <\/span><\/span><\/span><\/span><\/em><\/strong><\/span><strong style=\"color: #d94890;\"><em><span style=\"font-size: 15px;\"><span style=\"color: #808000;\"><span style=\"color: #424242;\">cocodrilo rayado, tama\u00f1o adulto objetivo aproximado 15 cm.<\/span><\/span><\/span><\/em><\/strong><\/p>\n<p><span style=\"color: #424242;\"><strong><em><span style=\"font-size: 15px;\"><strong style=\"color: #424242;\">\ud83d\udc9a\ud83d\udc9a\ud83d\udc9a \u00bfBuscas algo interesante que criar para empezar? <\/strong><span style=\"color: #008000;\">Los cocodrilos Analocostreptus gregorius son criaturas hermosas y f\u00e1ciles de mantener, completamente seguras para los humanos y no muerden. Tienen mand\u00edbulas d\u00e9biles adaptadas para triturar materia vegetal. Los cocodrilos prefieren los lugares h\u00famedos, viven en la capa superior del sustrato y se alimentan de hojas, de un sustrato multicomponente dise\u00f1ado para la cr\u00eda de cocodrilos, y de verduras y frutas.<\/span><\/span><\/em><\/strong><\/span><\/p>\n<p class=\"v1v1v1v1MsoNormal\"><span style=\"color: #424242;\"><strong><em><span style=\"font-size: 15px;\"><span class=\"x1xsqp64 xiy17q3 x1o6pynw x19co3pv xdj266r xcwd3tp xat24cr x39eecv x2b8uid\" data-testid=\"emoji\"><span class=\"xexx8yu xn5pp95 x18d9i69 x2fxd7x x3jgonx x1bhl96m\">\ud83c\udf3f <\/span><\/span><span style=\"color: #424242;\">Todo lo que un animal as\u00ed necesita para desarrollarse y vivir con \u00e9xito en un terrario es:<\/span><\/span><\/em><\/strong><\/span><\/p>\n<p class=\"v1v1v1v1MsoNormal\"><span style=\"color: #008000;\"><strong><em><span style=\"font-size: 15px;\">* Sustrato \/ alimento: Sustrato para cocodrilos y v\u00edboras (disponible en nuestra otra subasta);<\/span><\/em><\/strong><\/span><\/p>\n<p class=\"v1v1v1v1MsoNormal\"><span style=\"color: #008000;\"><strong><em><span style=\"font-size: 15px;\">* Comida: Verduras y frutas frescas;<\/span><\/em><\/strong><\/span><\/p>\n<p class=\"v1v1v1v1MsoNormal\"><span style=\"color: #008000;\"><strong><em><span style=\"font-size: 15px;\">* Comida: Gammarus molido es un germen desecado, rico en macro y micronutrientes, fuente natural de prote\u00ednas animales y quitina (disponible en nuestra otra subasta);<\/span><\/em><\/strong><\/span><\/p>\n<p class=\"v1v1v1v1MsoNormal\"><span style=\"color: #008000;\"><strong><em><span style=\"font-size: 15px;\">* Terrario: Faunabox es ideal para la cr\u00eda de v\u00edboras y cocodrilos (disponible en nuestra otra subasta);<\/span><\/em><\/strong><\/span><\/p>\n<p class=\"v1v1v1v1MsoNormal\"><span style=\"color: #008000;\"><strong><em><span style=\"font-size: 15px;\">* Temperatura recomendada 22-26 \u00b0C y humedad en torno al 70% (no dejes que se seque el sustrato, roc\u00eda el terrario cada 2-3 d\u00edas).<\/span><\/em><\/strong><\/span><\/p>\n","protected":false},"excerpt":{"rendered":"<ul class=\"product_attributes\">\n<li><span style=\"color: #555555;\">Tama\u00f1o objetivo:<\/span> aprox. 15 cm<\/li>\n<li><span style=\"color: #555555;\">Juvenil ofrecido:<\/span> aprox. 6 cm<\/li>\n<li><span style=\"color: #555555;\">El precio es por:<\/span> 1 unidad<\/li>\n<\/ul>\n","protected":false},"featured_media":5421,"template":"","meta":{"_acf_changed":false,"_links_to":"","_links_to_target":""},"product_cat":[137],"product_tag":[],"class_list":{"0":"post-5420","1":"product","2":"type-product","3":"status-publish","4":"has-post-thumbnail","6":"product_cat-wije-es","8":"first","9":"instock","10":"shipping-taxable","11":"purchasable","12":"product-type-simple"},"acf":[],"yoast_head":"<!-- This site is optimized with the Yoast SEO plugin v24.9 - https:\/\/yoast.com\/wordpress\/plugins\/seo\/ -->\n<title>Analocostreptus gregorius&quot;Cocodrilo rayado verde&quot; | MegaPets<\/title>\n<meta name=\"robots\" content=\"index, follow, max-snippet:-1, max-image-preview:large, max-video-preview:-1\" \/>\n<link rel=\"canonical\" href=\"https:\/\/megapets.eu\/es\/wije-es\/analocostreptus-gregoriuscocodrilo-rayado-verde\/\" \/>\n<meta property=\"og:locale\" content=\"es_ES\" \/>\n<meta property=\"og:type\" content=\"article\" \/>\n<meta property=\"og:title\" content=\"Analocostreptus gregorius&quot;Cocodrilo rayado verde&quot; | MegaPets\" \/>\n<meta property=\"og:description\" content=\"Tama\u00f1o objetivo: aprox. 15 cm  Juvenil ofrecido: aprox. 6 cm  El precio es por: 1 unidad\" \/>\n<meta property=\"og:url\" content=\"https:\/\/megapets.eu\/es\/wije-es\/analocostreptus-gregoriuscocodrilo-rayado-verde\/\" \/>\n<meta property=\"og:site_name\" content=\"MegaPets\" \/>\n<meta property=\"article:publisher\" content=\"https:\/\/www.facebook.com\/MegaPets.eu\/\" \/>\n<meta property=\"og:image\" content=\"https:\/\/megapets.eu\/wp-content\/uploads\/2024\/10\/565544.png\" \/>\n\t<meta property=\"og:image:width\" content=\"788\" \/>\n\t<meta property=\"og:image:height\" content=\"591\" \/>\n\t<meta property=\"og:image:type\" content=\"image\/png\" \/>\n<meta name=\"twitter:card\" content=\"summary_large_image\" \/>\n<meta name=\"twitter:label1\" content=\"Tiempo de lectura\" \/>\n\t<meta name=\"twitter:data1\" content=\"1 minuto\" \/>\n<script type=\"application\/ld+json\" class=\"yoast-schema-graph\">{\"@context\":\"https:\/\/schema.org\",\"@graph\":[{\"@type\":\"WebPage\",\"@id\":\"https:\/\/megapets.eu\/es\/wije-es\/analocostreptus-gregoriuscocodrilo-rayado-verde\/\",\"url\":\"https:\/\/megapets.eu\/es\/wije-es\/analocostreptus-gregoriuscocodrilo-rayado-verde\/\",\"name\":\"Analocostreptus gregorius \\\"Cocodrilo rayado verde\\\" | MegaPets\",\"isPartOf\":{\"@id\":\"https:\/\/megapets.eu\/es\/#website\"},\"primaryImageOfPage\":{\"@id\":\"https:\/\/megapets.eu\/es\/wije-es\/analocostreptus-gregoriuscocodrilo-rayado-verde\/#primaryimage\"},\"image\":{\"@id\":\"https:\/\/megapets.eu\/es\/wije-es\/analocostreptus-gregoriuscocodrilo-rayado-verde\/#primaryimage\"},\"thumbnailUrl\":\"https:\/\/megapets.eu\/wp-content\/uploads\/2024\/10\/565544.png\",\"datePublished\":\"2024-10-05T13:31:19+00:00\",\"breadcrumb\":{\"@id\":\"https:\/\/megapets.eu\/es\/wije-es\/analocostreptus-gregoriuscocodrilo-rayado-verde\/#breadcrumb\"},\"inLanguage\":\"es\",\"potentialAction\":[{\"@type\":\"ReadAction\",\"target\":[\"https:\/\/megapets.eu\/es\/wije-es\/analocostreptus-gregoriuscocodrilo-rayado-verde\/\"]}]},{\"@type\":\"ImageObject\",\"inLanguage\":\"es\",\"@id\":\"https:\/\/megapets.eu\/es\/wije-es\/analocostreptus-gregoriuscocodrilo-rayado-verde\/#primaryimage\",\"url\":\"https:\/\/megapets.eu\/wp-content\/uploads\/2024\/10\/565544.png\",\"contentUrl\":\"https:\/\/megapets.eu\/wp-content\/uploads\/2024\/10\/565544.png\",\"width\":788,\"height\":591},{\"@type\":\"BreadcrumbList\",\"@id\":\"https:\/\/megapets.eu\/es\/wije-es\/analocostreptus-gregoriuscocodrilo-rayado-verde\/#breadcrumb\",\"itemListElement\":[{\"@type\":\"ListItem\",\"position\":1,\"name\":\"Strona g\u0142\u00f3wna\",\"item\":\"https:\/\/megapets.eu\/es\/\"},{\"@type\":\"ListItem\",\"position\":2,\"name\":\"Almacenar\",\"item\":\"https:\/\/megapets.eu\/almacenar\/\"},{\"@type\":\"ListItem\",\"position\":3,\"name\":\"Analocostreptus gregorius&#8222;Cocodrilo rayado verde\\\"\"}]},{\"@type\":\"WebSite\",\"@id\":\"https:\/\/megapets.eu\/es\/#website\",\"url\":\"https:\/\/megapets.eu\/es\/\",\"name\":\"Mega Pets\",\"description\":\"Jedna z najwi\u0119kszych hodowli \u015blimak\u00f3w w Europie\",\"publisher\":{\"@id\":\"https:\/\/megapets.eu\/es\/#organization\"},\"alternateName\":\"Mega Pets\",\"potentialAction\":[{\"@type\":\"SearchAction\",\"target\":{\"@type\":\"EntryPoint\",\"urlTemplate\":\"https:\/\/megapets.eu\/es\/?s={search_term_string}\"},\"query-input\":{\"@type\":\"PropertyValueSpecification\",\"valueRequired\":true,\"valueName\":\"search_term_string\"}}],\"inLanguage\":\"es\"},{\"@type\":\"Organization\",\"@id\":\"https:\/\/megapets.eu\/es\/#organization\",\"name\":\"Mega Pets\",\"url\":\"https:\/\/megapets.eu\/es\/\",\"logo\":{\"@type\":\"ImageObject\",\"inLanguage\":\"es\",\"@id\":\"https:\/\/megapets.eu\/es\/#\/schema\/logo\/image\/\",\"url\":\"https:\/\/megapets.eu\/wp-content\/uploads\/2025\/04\/megapets_eu-logo.png\",\"contentUrl\":\"https:\/\/megapets.eu\/wp-content\/uploads\/2025\/04\/megapets_eu-logo.png\",\"width\":2362,\"height\":2362,\"caption\":\"Mega Pets\"},\"image\":{\"@id\":\"https:\/\/megapets.eu\/es\/#\/schema\/logo\/image\/\"},\"sameAs\":[\"https:\/\/www.facebook.com\/MegaPets.eu\/\"]}]}<\/script>\n<!-- \/ Yoast SEO plugin. -->","yoast_head_json":{"title":"Analocostreptus gregorius\"Cocodrilo rayado verde\" | MegaPets","robots":{"index":"index","follow":"follow","max-snippet":"max-snippet:-1","max-image-preview":"max-image-preview:large","max-video-preview":"max-video-preview:-1"},"canonical":"https:\/\/megapets.eu\/es\/wije-es\/analocostreptus-gregoriuscocodrilo-rayado-verde\/","og_locale":"es_ES","og_type":"article","og_title":"Analocostreptus gregorius\"Cocodrilo rayado verde\" | MegaPets","og_description":"Tama\u00f1o objetivo: aprox. 15 cm  Juvenil ofrecido: aprox. 6 cm  El precio es por: 1 unidad","og_url":"https:\/\/megapets.eu\/es\/wije-es\/analocostreptus-gregoriuscocodrilo-rayado-verde\/","og_site_name":"MegaPets","article_publisher":"https:\/\/www.facebook.com\/MegaPets.eu\/","og_image":[{"width":788,"height":591,"url":"https:\/\/megapets.eu\/wp-content\/uploads\/2024\/10\/565544.png","type":"image\/png"}],"twitter_card":"summary_large_image","twitter_misc":{"Tiempo de lectura":"1 minuto"},"schema":{"@context":"https:\/\/schema.org","@graph":[{"@type":"WebPage","@id":"https:\/\/megapets.eu\/es\/wije-es\/analocostreptus-gregoriuscocodrilo-rayado-verde\/","url":"https:\/\/megapets.eu\/es\/wije-es\/analocostreptus-gregoriuscocodrilo-rayado-verde\/","name":"Analocostreptus gregorius \"Cocodrilo rayado verde\" | MegaPets","isPartOf":{"@id":"https:\/\/megapets.eu\/es\/#website"},"primaryImageOfPage":{"@id":"https:\/\/megapets.eu\/es\/wije-es\/analocostreptus-gregoriuscocodrilo-rayado-verde\/#primaryimage"},"image":{"@id":"https:\/\/megapets.eu\/es\/wije-es\/analocostreptus-gregoriuscocodrilo-rayado-verde\/#primaryimage"},"thumbnailUrl":"https:\/\/megapets.eu\/wp-content\/uploads\/2024\/10\/565544.png","datePublished":"2024-10-05T13:31:19+00:00","breadcrumb":{"@id":"https:\/\/megapets.eu\/es\/wije-es\/analocostreptus-gregoriuscocodrilo-rayado-verde\/#breadcrumb"},"inLanguage":"es","potentialAction":[{"@type":"ReadAction","target":["https:\/\/megapets.eu\/es\/wije-es\/analocostreptus-gregoriuscocodrilo-rayado-verde\/"]}]},{"@type":"ImageObject","inLanguage":"es","@id":"https:\/\/megapets.eu\/es\/wije-es\/analocostreptus-gregoriuscocodrilo-rayado-verde\/#primaryimage","url":"https:\/\/megapets.eu\/wp-content\/uploads\/2024\/10\/565544.png","contentUrl":"https:\/\/megapets.eu\/wp-content\/uploads\/2024\/10\/565544.png","width":788,"height":591},{"@type":"BreadcrumbList","@id":"https:\/\/megapets.eu\/es\/wije-es\/analocostreptus-gregoriuscocodrilo-rayado-verde\/#breadcrumb","itemListElement":[{"@type":"ListItem","position":1,"name":"Strona g\u0142\u00f3wna","item":"https:\/\/megapets.eu\/es\/"},{"@type":"ListItem","position":2,"name":"Almacenar","item":"https:\/\/megapets.eu\/almacenar\/"},{"@type":"ListItem","position":3,"name":"Analocostreptus gregorius&#8222;Cocodrilo rayado verde\""}]},{"@type":"WebSite","@id":"https:\/\/megapets.eu\/es\/#website","url":"https:\/\/megapets.eu\/es\/","name":"Mega Pets","description":"Jedna z najwi\u0119kszych hodowli \u015blimak\u00f3w w Europie","publisher":{"@id":"https:\/\/megapets.eu\/es\/#organization"},"alternateName":"Mega Pets","potentialAction":[{"@type":"SearchAction","target":{"@type":"EntryPoint","urlTemplate":"https:\/\/megapets.eu\/es\/?s={search_term_string}"},"query-input":{"@type":"PropertyValueSpecification","valueRequired":true,"valueName":"search_term_string"}}],"inLanguage":"es"},{"@type":"Organization","@id":"https:\/\/megapets.eu\/es\/#organization","name":"Mega Pets","url":"https:\/\/megapets.eu\/es\/","logo":{"@type":"ImageObject","inLanguage":"es","@id":"https:\/\/megapets.eu\/es\/#\/schema\/logo\/image\/","url":"https:\/\/megapets.eu\/wp-content\/uploads\/2025\/04\/megapets_eu-logo.png","contentUrl":"https:\/\/megapets.eu\/wp-content\/uploads\/2025\/04\/megapets_eu-logo.png","width":2362,"height":2362,"caption":"Mega Pets"},"image":{"@id":"https:\/\/megapets.eu\/es\/#\/schema\/logo\/image\/"},"sameAs":["https:\/\/www.facebook.com\/MegaPets.eu\/"]}]}},"_links":{"self":[{"href":"https:\/\/megapets.eu\/es\/wp-json\/wp\/v2\/product\/5420","targetHints":{"allow":["GET"]}}],"collection":[{"href":"https:\/\/megapets.eu\/es\/wp-json\/wp\/v2\/product"}],"about":[{"href":"https:\/\/megapets.eu\/es\/wp-json\/wp\/v2\/types\/product"}],"wp:featuredmedia":[{"embeddable":true,"href":"https:\/\/megapets.eu\/es\/wp-json\/wp\/v2\/media\/5421"}],"wp:attachment":[{"href":"https:\/\/megapets.eu\/es\/wp-json\/wp\/v2\/media?parent=5420"}],"wp:term":[{"taxonomy":"product_cat","embeddable":true,"href":"https:\/\/megapets.eu\/es\/wp-json\/wp\/v2\/product_cat?post=5420"},{"taxonomy":"product_tag","embeddable":true,"href":"https:\/\/megapets.eu\/es\/wp-json\/wp\/v2\/product_tag?post=5420"}],"curies":[{"name":"wp","href":"https:\/\/api.w.org\/{rel}","templated":true}]}}