{"id":5439,"date":"2024-10-04T20:06:20","date_gmt":"2024-10-04T20:06:20","guid":{"rendered":"https:\/\/megapets.eu\/sin categor\u00eda\/sustrato-de-coco-15-lturba-de-coco-para-caracoles\/"},"modified":"2024-10-04T20:06:20","modified_gmt":"2024-10-04T20:06:20","slug":"sustrato-de-coco-15-lturba-de-coco-para-caracoles","status":"publish","type":"product","link":"https:\/\/megapets.eu\/es\/accesorios\/sustrato-de-coco-15-lturba-de-coco-para-caracoles\/","title":{"rendered":"Sustrato de coco 1,5 L<br \/>Turba de coco para caracoles"},"content":{"rendered":"<p><strong><span style=\"color: #e87020; font-size: 15px;\"><em>Sustrato de coco 1,5 L \/ Turba de coco para caracoles<\/em><\/span><\/strong><\/p>\n<p><strong><span style=\"color: #e87020; font-size: 15px;\"><em>Un paquete contiene 1,5 L.<\/em><\/span><\/strong><\/p>\n<p><strong><span style=\"color: #e87020; font-size: 15px;\"><em>Composici\u00f3n: Turba de coco 100% natural.<\/em><\/span><\/strong><\/p>\n<p><strong><span style=\"color: #e87020; font-size: 15px;\"><em>El precio es por 1 paquete.<\/em><\/span><\/strong><\/p>\n<p><em><span style=\"color: #424242;\"><strong><span style=\"font-size: 15px;\">El sustrato de coco es un sustrato natural hecho de fibra de coco triturada. Es el sustrato m\u00e1s recomendado para la cr\u00eda de caracoles ex\u00f3ticos. Tambi\u00e9n se utiliza en terrarios con ara\u00f1as, cucarachas ex\u00f3ticas, anfibios, reptiles, etc. <\/span><\/strong><\/span><\/em><\/p>\n<p><em><span style=\"color: #424242;\"><strong><span style=\"font-size: 15px;\">Formas de utilizar el sustrato de coco para la cr\u00eda de caracoles: <\/span><\/strong><\/span><\/em><\/p>\n<p><em><span style=\"color: #424242;\"><strong><span style=\"font-size: 15px;\">1) Extiende el sustrato unos 2 cm de grosor en el terrario y roc\u00edalo despu\u00e9s con agua de manantial. <\/span><\/strong><\/span><\/em><\/p>\n<p><em><span style=\"color: #424242;\"><strong><span style=\"font-size: 15px;\">2) Utiliza una toalla de papel 100% celulosa (inodora, no te\u00f1ida) en el tanque como capa base, y luego cubre parcialmente la toalla en el tanque con una peque\u00f1a cantidad de sustrato de coco. Roc\u00edalo todo ligeramente con agua de manantial. Una de las ventajas del sustrato de coco en combinaci\u00f3n con la toalla de papel es que puedes controlar m\u00e1s f\u00e1cilmente la humedad correcta y mantener limpia la mascota. Los caracoles toleran esta forma de colocar el lecho y muestran mejores resultados en cuanto a crecimiento, salud del caparaz\u00f3n y belleza. El lecho debe sustituirse por lecho fresco cada 3-4 d\u00edas.<\/span><\/strong><\/span><\/em><\/p>\n","protected":false},"excerpt":{"rendered":"<ul class=\"product_attributes\">\n<li><span style=\"color: #555555;\">Ingredientes:<\/span> Turba de coco 100% natural<\/li>\n<li><span style=\"color: #555555;\">Contenido del envase:<\/span> 1,5 L<\/li>\n<li><span style=\"color: #555555;\">El precio se aplica a:<\/span> 1 envase.<\/li>\n<\/ul>\n","protected":false},"featured_media":5441,"template":"","meta":{"_acf_changed":false,"_links_to":"","_links_to_target":""},"product_cat":[129],"product_tag":[130,133,132],"class_list":{"0":"post-5439","1":"product","2":"type-product","3":"status-publish","4":"has-post-thumbnail","6":"product_cat-accesorios","7":"product_tag-para-caracoles","8":"product_tag-para-las-cucarachas","9":"product_tag-para-los-isopodos","11":"first","12":"instock","13":"shipping-taxable","14":"purchasable","15":"product-type-simple"},"acf":[],"yoast_head":"<!-- This site is optimized with the Yoast SEO plugin v24.9 - https:\/\/yoast.com\/wordpress\/plugins\/seo\/ -->\n<title>Sustrato de coco 1,5 LTurba de coco para caracoles | MegaPets<\/title>\n<meta name=\"robots\" content=\"index, follow, max-snippet:-1, max-image-preview:large, max-video-preview:-1\" \/>\n<link rel=\"canonical\" href=\"https:\/\/megapets.eu\/es\/accesorios\/sustrato-de-coco-15-lturba-de-coco-para-caracoles\/\" \/>\n<meta property=\"og:locale\" content=\"es_ES\" \/>\n<meta property=\"og:type\" content=\"article\" \/>\n<meta property=\"og:title\" content=\"Sustrato de coco 1,5 LTurba de coco para caracoles | MegaPets\" \/>\n<meta property=\"og:description\" content=\"Ingredientes: Turba de coco 100% natural  Contenido del envase: 1,5 L  El precio se aplica a: 1 envase.\" \/>\n<meta property=\"og:url\" content=\"https:\/\/megapets.eu\/es\/accesorios\/sustrato-de-coco-15-lturba-de-coco-para-caracoles\/\" \/>\n<meta property=\"og:site_name\" content=\"MegaPets\" \/>\n<meta property=\"article:publisher\" content=\"https:\/\/www.facebook.com\/MegaPets.eu\/\" \/>\n<meta property=\"og:image\" content=\"https:\/\/megapets.eu\/wp-content\/uploads\/2024\/10\/IMG_20220521_131428.jpg\" \/>\n\t<meta property=\"og:image:width\" content=\"982\" \/>\n\t<meta property=\"og:image:height\" content=\"818\" \/>\n\t<meta property=\"og:image:type\" content=\"image\/jpeg\" \/>\n<meta name=\"twitter:card\" content=\"summary_large_image\" \/>\n<meta name=\"twitter:label1\" content=\"Tiempo de lectura\" \/>\n\t<meta name=\"twitter:data1\" content=\"1 minuto\" \/>\n<script type=\"application\/ld+json\" class=\"yoast-schema-graph\">{\"@context\":\"https:\/\/schema.org\",\"@graph\":[{\"@type\":\"WebPage\",\"@id\":\"https:\/\/megapets.eu\/es\/accesorios\/sustrato-de-coco-15-lturba-de-coco-para-caracoles\/\",\"url\":\"https:\/\/megapets.eu\/es\/accesorios\/sustrato-de-coco-15-lturba-de-coco-para-caracoles\/\",\"name\":\"Sustrato de coco 1,5 L Turba de coco para caracoles | MegaPets\",\"isPartOf\":{\"@id\":\"https:\/\/megapets.eu\/es\/#website\"},\"primaryImageOfPage\":{\"@id\":\"https:\/\/megapets.eu\/es\/accesorios\/sustrato-de-coco-15-lturba-de-coco-para-caracoles\/#primaryimage\"},\"image\":{\"@id\":\"https:\/\/megapets.eu\/es\/accesorios\/sustrato-de-coco-15-lturba-de-coco-para-caracoles\/#primaryimage\"},\"thumbnailUrl\":\"https:\/\/megapets.eu\/wp-content\/uploads\/2024\/10\/IMG_20220521_131428.jpg\",\"datePublished\":\"2024-10-04T20:06:20+00:00\",\"breadcrumb\":{\"@id\":\"https:\/\/megapets.eu\/es\/accesorios\/sustrato-de-coco-15-lturba-de-coco-para-caracoles\/#breadcrumb\"},\"inLanguage\":\"es\",\"potentialAction\":[{\"@type\":\"ReadAction\",\"target\":[\"https:\/\/megapets.eu\/es\/accesorios\/sustrato-de-coco-15-lturba-de-coco-para-caracoles\/\"]}]},{\"@type\":\"ImageObject\",\"inLanguage\":\"es\",\"@id\":\"https:\/\/megapets.eu\/es\/accesorios\/sustrato-de-coco-15-lturba-de-coco-para-caracoles\/#primaryimage\",\"url\":\"https:\/\/megapets.eu\/wp-content\/uploads\/2024\/10\/IMG_20220521_131428.jpg\",\"contentUrl\":\"https:\/\/megapets.eu\/wp-content\/uploads\/2024\/10\/IMG_20220521_131428.jpg\",\"width\":982,\"height\":818},{\"@type\":\"BreadcrumbList\",\"@id\":\"https:\/\/megapets.eu\/es\/accesorios\/sustrato-de-coco-15-lturba-de-coco-para-caracoles\/#breadcrumb\",\"itemListElement\":[{\"@type\":\"ListItem\",\"position\":1,\"name\":\"Strona g\u0142\u00f3wna\",\"item\":\"https:\/\/megapets.eu\/es\/\"},{\"@type\":\"ListItem\",\"position\":2,\"name\":\"Almacenar\",\"item\":\"https:\/\/megapets.eu\/almacenar\/\"},{\"@type\":\"ListItem\",\"position\":3,\"name\":\"Sustrato de coco 1,5 LTurba de coco para caracoles\"}]},{\"@type\":\"WebSite\",\"@id\":\"https:\/\/megapets.eu\/es\/#website\",\"url\":\"https:\/\/megapets.eu\/es\/\",\"name\":\"Mega Pets\",\"description\":\"Jedna z najwi\u0119kszych hodowli \u015blimak\u00f3w w Europie\",\"publisher\":{\"@id\":\"https:\/\/megapets.eu\/es\/#organization\"},\"alternateName\":\"Mega Pets\",\"potentialAction\":[{\"@type\":\"SearchAction\",\"target\":{\"@type\":\"EntryPoint\",\"urlTemplate\":\"https:\/\/megapets.eu\/es\/?s={search_term_string}\"},\"query-input\":{\"@type\":\"PropertyValueSpecification\",\"valueRequired\":true,\"valueName\":\"search_term_string\"}}],\"inLanguage\":\"es\"},{\"@type\":\"Organization\",\"@id\":\"https:\/\/megapets.eu\/es\/#organization\",\"name\":\"Mega Pets\",\"url\":\"https:\/\/megapets.eu\/es\/\",\"logo\":{\"@type\":\"ImageObject\",\"inLanguage\":\"es\",\"@id\":\"https:\/\/megapets.eu\/es\/#\/schema\/logo\/image\/\",\"url\":\"https:\/\/megapets.eu\/wp-content\/uploads\/2025\/04\/megapets_eu-logo.png\",\"contentUrl\":\"https:\/\/megapets.eu\/wp-content\/uploads\/2025\/04\/megapets_eu-logo.png\",\"width\":2362,\"height\":2362,\"caption\":\"Mega Pets\"},\"image\":{\"@id\":\"https:\/\/megapets.eu\/es\/#\/schema\/logo\/image\/\"},\"sameAs\":[\"https:\/\/www.facebook.com\/MegaPets.eu\/\"]}]}<\/script>\n<!-- \/ Yoast SEO plugin. -->","yoast_head_json":{"title":"Sustrato de coco 1,5 LTurba de coco para caracoles | MegaPets","robots":{"index":"index","follow":"follow","max-snippet":"max-snippet:-1","max-image-preview":"max-image-preview:large","max-video-preview":"max-video-preview:-1"},"canonical":"https:\/\/megapets.eu\/es\/accesorios\/sustrato-de-coco-15-lturba-de-coco-para-caracoles\/","og_locale":"es_ES","og_type":"article","og_title":"Sustrato de coco 1,5 LTurba de coco para caracoles | MegaPets","og_description":"Ingredientes: Turba de coco 100% natural  Contenido del envase: 1,5 L  El precio se aplica a: 1 envase.","og_url":"https:\/\/megapets.eu\/es\/accesorios\/sustrato-de-coco-15-lturba-de-coco-para-caracoles\/","og_site_name":"MegaPets","article_publisher":"https:\/\/www.facebook.com\/MegaPets.eu\/","og_image":[{"width":982,"height":818,"url":"https:\/\/megapets.eu\/wp-content\/uploads\/2024\/10\/IMG_20220521_131428.jpg","type":"image\/jpeg"}],"twitter_card":"summary_large_image","twitter_misc":{"Tiempo de lectura":"1 minuto"},"schema":{"@context":"https:\/\/schema.org","@graph":[{"@type":"WebPage","@id":"https:\/\/megapets.eu\/es\/accesorios\/sustrato-de-coco-15-lturba-de-coco-para-caracoles\/","url":"https:\/\/megapets.eu\/es\/accesorios\/sustrato-de-coco-15-lturba-de-coco-para-caracoles\/","name":"Sustrato de coco 1,5 L Turba de coco para caracoles | MegaPets","isPartOf":{"@id":"https:\/\/megapets.eu\/es\/#website"},"primaryImageOfPage":{"@id":"https:\/\/megapets.eu\/es\/accesorios\/sustrato-de-coco-15-lturba-de-coco-para-caracoles\/#primaryimage"},"image":{"@id":"https:\/\/megapets.eu\/es\/accesorios\/sustrato-de-coco-15-lturba-de-coco-para-caracoles\/#primaryimage"},"thumbnailUrl":"https:\/\/megapets.eu\/wp-content\/uploads\/2024\/10\/IMG_20220521_131428.jpg","datePublished":"2024-10-04T20:06:20+00:00","breadcrumb":{"@id":"https:\/\/megapets.eu\/es\/accesorios\/sustrato-de-coco-15-lturba-de-coco-para-caracoles\/#breadcrumb"},"inLanguage":"es","potentialAction":[{"@type":"ReadAction","target":["https:\/\/megapets.eu\/es\/accesorios\/sustrato-de-coco-15-lturba-de-coco-para-caracoles\/"]}]},{"@type":"ImageObject","inLanguage":"es","@id":"https:\/\/megapets.eu\/es\/accesorios\/sustrato-de-coco-15-lturba-de-coco-para-caracoles\/#primaryimage","url":"https:\/\/megapets.eu\/wp-content\/uploads\/2024\/10\/IMG_20220521_131428.jpg","contentUrl":"https:\/\/megapets.eu\/wp-content\/uploads\/2024\/10\/IMG_20220521_131428.jpg","width":982,"height":818},{"@type":"BreadcrumbList","@id":"https:\/\/megapets.eu\/es\/accesorios\/sustrato-de-coco-15-lturba-de-coco-para-caracoles\/#breadcrumb","itemListElement":[{"@type":"ListItem","position":1,"name":"Strona g\u0142\u00f3wna","item":"https:\/\/megapets.eu\/es\/"},{"@type":"ListItem","position":2,"name":"Almacenar","item":"https:\/\/megapets.eu\/almacenar\/"},{"@type":"ListItem","position":3,"name":"Sustrato de coco 1,5 LTurba de coco para caracoles"}]},{"@type":"WebSite","@id":"https:\/\/megapets.eu\/es\/#website","url":"https:\/\/megapets.eu\/es\/","name":"Mega Pets","description":"Jedna z najwi\u0119kszych hodowli \u015blimak\u00f3w w Europie","publisher":{"@id":"https:\/\/megapets.eu\/es\/#organization"},"alternateName":"Mega Pets","potentialAction":[{"@type":"SearchAction","target":{"@type":"EntryPoint","urlTemplate":"https:\/\/megapets.eu\/es\/?s={search_term_string}"},"query-input":{"@type":"PropertyValueSpecification","valueRequired":true,"valueName":"search_term_string"}}],"inLanguage":"es"},{"@type":"Organization","@id":"https:\/\/megapets.eu\/es\/#organization","name":"Mega Pets","url":"https:\/\/megapets.eu\/es\/","logo":{"@type":"ImageObject","inLanguage":"es","@id":"https:\/\/megapets.eu\/es\/#\/schema\/logo\/image\/","url":"https:\/\/megapets.eu\/wp-content\/uploads\/2025\/04\/megapets_eu-logo.png","contentUrl":"https:\/\/megapets.eu\/wp-content\/uploads\/2025\/04\/megapets_eu-logo.png","width":2362,"height":2362,"caption":"Mega Pets"},"image":{"@id":"https:\/\/megapets.eu\/es\/#\/schema\/logo\/image\/"},"sameAs":["https:\/\/www.facebook.com\/MegaPets.eu\/"]}]}},"_links":{"self":[{"href":"https:\/\/megapets.eu\/es\/wp-json\/wp\/v2\/product\/5439","targetHints":{"allow":["GET"]}}],"collection":[{"href":"https:\/\/megapets.eu\/es\/wp-json\/wp\/v2\/product"}],"about":[{"href":"https:\/\/megapets.eu\/es\/wp-json\/wp\/v2\/types\/product"}],"wp:featuredmedia":[{"embeddable":true,"href":"https:\/\/megapets.eu\/es\/wp-json\/wp\/v2\/media\/5441"}],"wp:attachment":[{"href":"https:\/\/megapets.eu\/es\/wp-json\/wp\/v2\/media?parent=5439"}],"wp:term":[{"taxonomy":"product_cat","embeddable":true,"href":"https:\/\/megapets.eu\/es\/wp-json\/wp\/v2\/product_cat?post=5439"},{"taxonomy":"product_tag","embeddable":true,"href":"https:\/\/megapets.eu\/es\/wp-json\/wp\/v2\/product_tag?post=5439"}],"curies":[{"name":"wp","href":"https:\/\/api.w.org\/{rel}","templated":true}]}}