{"id":5453,"date":"2024-10-03T19:18:53","date_gmt":"2024-10-03T19:18:53","guid":{"rendered":"https:\/\/megapets.eu\/sin categor\u00eda\/kit-de-inicio-de-15-l-para-cria-caracoles-exoticos-africanos\/"},"modified":"2024-10-03T19:18:53","modified_gmt":"2024-10-03T19:18:53","slug":"kit-de-inicio-de-15-l-para-cria-caracoles-exoticos-africanos","status":"publish","type":"product","link":"https:\/\/megapets.eu\/es\/accesorios\/kit-de-inicio-de-15-l-para-cria-caracoles-exoticos-africanos\/","title":{"rendered":"Kit de inicio de 15 L para cr\u00eda<br \/> caracoles ex\u00f3ticos\/africanos"},"content":{"rendered":"<p><em><span style=\"color: #424242;\"><strong>El &quot;Kit de inicio de 15 L para la cr\u00eda de caracoles ex\u00f3ticos\/africanos&quot; incluye: <\/strong><\/span><\/em><\/p>\n<ul>\n<li><em><strong><span style=\"color: #e87020; font-size: 17px;\"> 1 x Recipiente de pl\u00e1stico con orificios de ventilaci\u00f3n<span style=\"color: #e87020;\"> atr\u00e1s<\/span> Activo para la cr\u00eda de caracoles ex\u00f3ticos. <\/span><\/strong><\/em><\/li>\n<\/ul>\n<p><em><span style=\"color: #424242; font-size: 15px;\"><strong> Contenedor con tapa con capacidad para 15 L. Los orificios de ventilaci\u00f3n internos del contenedor son lisos, sin aristas vivas.<\/strong><\/span><\/em><em><span style=\"color: #424242; font-size: 15px;\"><strong> Ancho: 33 cm &#8211; superior; 26 cm &#8211; inferior;<\/strong><\/span><\/em><em><span style=\"color: #424242; font-size: 15px;\"><strong> Largo: 42,5 cm &#8211; superior; 34,5 cm &#8211; inferior;<\/strong><\/span><\/em><em><span style=\"color: #424242; font-size: 15px;\"><strong> Altura: 21,3 cm <\/strong><\/span><\/em><\/p>\n<ul>\n<li><em><strong><span style=\"color: #e87020; font-size: 17px;\"> 1 ud x Sepia &#8211; hueso de sepia 12-15 cm. <\/span><\/strong><\/em><\/li>\n<\/ul>\n<p><em><span style=\"color: #424242; font-size: 15px;\"><strong> Hueso de sepia 100% natural, fuente de calcio para caracoles ex\u00f3ticos, tortugas y otros animales de terrario. <\/strong><\/span><\/em><\/p>\n<ul>\n<li><em><strong><span style=\"font-size: 17px;\"><span style=\"color: #e87020;\"> 2 uds x Sustrato de coco 1,5l\/1 paquete. <\/span><\/span><\/strong><\/em><\/li>\n<\/ul>\n<p><em><span style=\"color: #424242; font-size: 15px;\"><strong> El sustrato de coco es un sustrato natural hecho de fibra de coco triturada. Es el sustrato m\u00e1s recomendado para la cr\u00eda de caracoles ex\u00f3ticos. <\/strong><\/span><\/em><\/p>\n<ul>\n<li><em><strong><span style=\"font-size: 17px;\"><span style=\"color: #e87020;\"> 1 ud x Paquete de &quot;Calcio&quot; 80g. <\/span><\/span><\/strong><\/em><\/li>\n<\/ul>\n<p><em><span style=\"color: #424242; font-size: 15px;\"><strong> La dieta diaria de un caracol no puede faltar en los componentes b\u00e1sicos de un caparaz\u00f3n hermoso y saludable. El paquete de &quot;Calcio&quot; contiene 100 % de polvo de c\u00e1scara de huevo. <\/strong><\/span><\/em><\/p>\n<ul>\n<li><em><strong><span style=\"font-size: 17px;\"><span style=\"color: #e87020;\"> 1 unidad x Paquete de &quot;Prote\u00edna y Vitamina&quot; 50g. <\/span><\/span><\/strong><\/em><\/li>\n<\/ul>\n<p><em><span style=\"color: #424242; font-size: 15px;\"><strong> El paquete &quot;Prote\u00ednas y Vitaminas&quot; contiene una mezcla de granos, llena de valiosos nutrientes para el correcto desarrollo de las mascotas, y es un complemento beneficioso para la dieta b\u00e1sica de los caracoles. <\/strong><\/span><\/em><\/p>\n<ul>\n<li><em><strong><span style=\"font-size: 17px;\"><span style=\"color: #e87020;\"> 1 pieza x Paquete de &quot;Mezcla de hierbas ex\u00f3ticas&quot; 40g. <\/span><\/span><\/strong><\/em><\/li>\n<\/ul>\n<p><em><span style=\"color: #424242; font-size: 15px;\"><strong> El paquete \u201cMezcla de hierbas ex\u00f3ticas\u201d contiene hierbas cuidadosamente seleccionadas, un suplemento valioso y natural que ayuda a enriquecer la dieta de los caracoles ex\u00f3ticos en funci\u00f3n de su demanda de vitaminas y minerales, ingredientes esenciales para la salud de las mascotas. <\/strong><\/span><\/em><\/p>\n<ul>\n<li><em><strong><span style=\"font-size: 17px;\"><span style=\"color: #e87020;\"> 1 pieza x Instrucciones de cr\u00eda. <\/span><\/span><\/strong><\/em><\/li>\n<\/ul>\n<p><em><span style=\"color: #424242; font-size: 15px;\"><strong> Para cerrar el contenedor BASIC BOX: 1. Presione las asas de la tapa a ambos lados. 2. Mantenga las asas presionadas durante 5 a 10 segundos y luego cierre la tapa.<\/strong><\/span><\/em><em><span style=\"color: #424242; font-size: 15px;\"><strong> Nota: En la cr\u00eda, utilizamos un dispositivo especial, hecho a medida, para una perforaci\u00f3n suave y de alta calidad de los contenedores. Si ya tiene un contenedor de pl\u00e1stico e intenta perforar usted mismo los orificios de ventilaci\u00f3n, retire los bordes afilados y lije bien los agujeros. Los ejemplares j\u00f3venes tienen un delicado crecimiento de concha nueva, que puede engancharse en los bordes afilados de los agujeros mal hechos al caminar. Esto puede causar cicatrices en la concha del caracol y la p\u00e9rdida de su aspecto est\u00e9tico y saludable.<\/strong><\/span><\/em><em><span style=\"color: #424242; font-size: 15px;\"><strong> Nota: Muchas marcas de contenedores no son aptas para la cr\u00eda de caracoles debido al dise\u00f1o interno y al cierre de la tapa. Nuestro fabricante de contenedores recomendado es Plast Team.<\/strong><\/span><\/em><\/p>\n","protected":false},"excerpt":{"rendered":"<ul class=\"product_attributes\">\n<li><span style=\"color: #555555;\"><strong>Accesorios b\u00e1sicos bien elegidos<\/strong><\/span><\/li>\n<li><span style=\"color: #555555;\"><strong> Orificios de ventilaci\u00f3n pulidos<\/strong><\/span><\/li>\n<li><span style=\"color: #555555;\"><strong> Circulaci\u00f3n adecuada del aire<\/strong><\/span><\/li>\n<\/ul>\n","protected":false},"featured_media":5454,"template":"","meta":{"_acf_changed":false,"_links_to":"","_links_to_target":""},"product_cat":[129],"product_tag":[130],"class_list":{"0":"post-5453","1":"product","2":"type-product","3":"status-publish","4":"has-post-thumbnail","6":"product_cat-accesorios","7":"product_tag-para-caracoles","9":"first","10":"outofstock","11":"shipping-taxable","12":"purchasable","13":"product-type-simple"},"acf":[],"yoast_head":"<!-- This site is optimized with the Yoast SEO plugin v24.9 - https:\/\/yoast.com\/wordpress\/plugins\/seo\/ -->\n<title>Kit de inicio de 15 L para cr\u00eda caracoles ex\u00f3ticos\/africanos | MegaPets<\/title>\n<meta name=\"robots\" content=\"index, follow, max-snippet:-1, max-image-preview:large, max-video-preview:-1\" \/>\n<link rel=\"canonical\" href=\"https:\/\/megapets.eu\/es\/accesorios\/kit-de-inicio-de-15-l-para-cria-caracoles-exoticos-africanos\/\" \/>\n<meta property=\"og:locale\" content=\"es_ES\" \/>\n<meta property=\"og:type\" content=\"article\" \/>\n<meta property=\"og:title\" content=\"Kit de inicio de 15 L para cr\u00eda caracoles ex\u00f3ticos\/africanos | MegaPets\" \/>\n<meta property=\"og:description\" content=\"Accesorios b\u00e1sicos bien elegidos Orificios de ventilaci\u00f3n pulidos Circulaci\u00f3n adecuada del aire\" \/>\n<meta property=\"og:url\" content=\"https:\/\/megapets.eu\/es\/accesorios\/kit-de-inicio-de-15-l-para-cria-caracoles-exoticos-africanos\/\" \/>\n<meta property=\"og:site_name\" content=\"MegaPets\" \/>\n<meta property=\"article:publisher\" content=\"https:\/\/www.facebook.com\/MegaPets.eu\/\" \/>\n<meta property=\"og:image\" content=\"https:\/\/megapets.eu\/wp-content\/uploads\/2024\/10\/Glowne-Basic-15-L.png\" \/>\n\t<meta property=\"og:image:width\" content=\"1053\" \/>\n\t<meta property=\"og:image:height\" content=\"701\" \/>\n\t<meta property=\"og:image:type\" content=\"image\/png\" \/>\n<meta name=\"twitter:card\" content=\"summary_large_image\" \/>\n<meta name=\"twitter:label1\" content=\"Tiempo de lectura\" \/>\n\t<meta name=\"twitter:data1\" content=\"2 minuto\" \/>\n<script type=\"application\/ld+json\" class=\"yoast-schema-graph\">{\"@context\":\"https:\/\/schema.org\",\"@graph\":[{\"@type\":\"WebPage\",\"@id\":\"https:\/\/megapets.eu\/es\/accesorios\/kit-de-inicio-de-15-l-para-cria-caracoles-exoticos-africanos\/\",\"url\":\"https:\/\/megapets.eu\/es\/accesorios\/kit-de-inicio-de-15-l-para-cria-caracoles-exoticos-africanos\/\",\"name\":\"Kit de inicio de 15 L para cr\u00eda caracoles ex\u00f3ticos\/africanos | MegaPets\",\"isPartOf\":{\"@id\":\"https:\/\/megapets.eu\/es\/#website\"},\"primaryImageOfPage\":{\"@id\":\"https:\/\/megapets.eu\/es\/accesorios\/kit-de-inicio-de-15-l-para-cria-caracoles-exoticos-africanos\/#primaryimage\"},\"image\":{\"@id\":\"https:\/\/megapets.eu\/es\/accesorios\/kit-de-inicio-de-15-l-para-cria-caracoles-exoticos-africanos\/#primaryimage\"},\"thumbnailUrl\":\"https:\/\/megapets.eu\/wp-content\/uploads\/2024\/10\/Glowne-Basic-15-L.png\",\"datePublished\":\"2024-10-03T19:18:53+00:00\",\"breadcrumb\":{\"@id\":\"https:\/\/megapets.eu\/es\/accesorios\/kit-de-inicio-de-15-l-para-cria-caracoles-exoticos-africanos\/#breadcrumb\"},\"inLanguage\":\"es\",\"potentialAction\":[{\"@type\":\"ReadAction\",\"target\":[\"https:\/\/megapets.eu\/es\/accesorios\/kit-de-inicio-de-15-l-para-cria-caracoles-exoticos-africanos\/\"]}]},{\"@type\":\"ImageObject\",\"inLanguage\":\"es\",\"@id\":\"https:\/\/megapets.eu\/es\/accesorios\/kit-de-inicio-de-15-l-para-cria-caracoles-exoticos-africanos\/#primaryimage\",\"url\":\"https:\/\/megapets.eu\/wp-content\/uploads\/2024\/10\/Glowne-Basic-15-L.png\",\"contentUrl\":\"https:\/\/megapets.eu\/wp-content\/uploads\/2024\/10\/Glowne-Basic-15-L.png\",\"width\":1053,\"height\":701},{\"@type\":\"BreadcrumbList\",\"@id\":\"https:\/\/megapets.eu\/es\/accesorios\/kit-de-inicio-de-15-l-para-cria-caracoles-exoticos-africanos\/#breadcrumb\",\"itemListElement\":[{\"@type\":\"ListItem\",\"position\":1,\"name\":\"Strona g\u0142\u00f3wna\",\"item\":\"https:\/\/megapets.eu\/es\/\"},{\"@type\":\"ListItem\",\"position\":2,\"name\":\"Almacenar\",\"item\":\"https:\/\/megapets.eu\/almacenar\/\"},{\"@type\":\"ListItem\",\"position\":3,\"name\":\"Kit de inicio de 15 L para cr\u00eda caracoles ex\u00f3ticos\/africanos\"}]},{\"@type\":\"WebSite\",\"@id\":\"https:\/\/megapets.eu\/es\/#website\",\"url\":\"https:\/\/megapets.eu\/es\/\",\"name\":\"Mega Pets\",\"description\":\"Jedna z najwi\u0119kszych hodowli \u015blimak\u00f3w w Europie\",\"publisher\":{\"@id\":\"https:\/\/megapets.eu\/es\/#organization\"},\"alternateName\":\"Mega Pets\",\"potentialAction\":[{\"@type\":\"SearchAction\",\"target\":{\"@type\":\"EntryPoint\",\"urlTemplate\":\"https:\/\/megapets.eu\/es\/?s={search_term_string}\"},\"query-input\":{\"@type\":\"PropertyValueSpecification\",\"valueRequired\":true,\"valueName\":\"search_term_string\"}}],\"inLanguage\":\"es\"},{\"@type\":\"Organization\",\"@id\":\"https:\/\/megapets.eu\/es\/#organization\",\"name\":\"Mega Pets\",\"url\":\"https:\/\/megapets.eu\/es\/\",\"logo\":{\"@type\":\"ImageObject\",\"inLanguage\":\"es\",\"@id\":\"https:\/\/megapets.eu\/es\/#\/schema\/logo\/image\/\",\"url\":\"https:\/\/megapets.eu\/wp-content\/uploads\/2025\/04\/megapets_eu-logo.png\",\"contentUrl\":\"https:\/\/megapets.eu\/wp-content\/uploads\/2025\/04\/megapets_eu-logo.png\",\"width\":2362,\"height\":2362,\"caption\":\"Mega Pets\"},\"image\":{\"@id\":\"https:\/\/megapets.eu\/es\/#\/schema\/logo\/image\/\"},\"sameAs\":[\"https:\/\/www.facebook.com\/MegaPets.eu\/\"]}]}<\/script>\n<!-- \/ Yoast SEO plugin. -->","yoast_head_json":{"title":"Kit de inicio de 15 L para cr\u00eda caracoles ex\u00f3ticos\/africanos | MegaPets","robots":{"index":"index","follow":"follow","max-snippet":"max-snippet:-1","max-image-preview":"max-image-preview:large","max-video-preview":"max-video-preview:-1"},"canonical":"https:\/\/megapets.eu\/es\/accesorios\/kit-de-inicio-de-15-l-para-cria-caracoles-exoticos-africanos\/","og_locale":"es_ES","og_type":"article","og_title":"Kit de inicio de 15 L para cr\u00eda caracoles ex\u00f3ticos\/africanos | MegaPets","og_description":"Accesorios b\u00e1sicos bien elegidos Orificios de ventilaci\u00f3n pulidos Circulaci\u00f3n adecuada del aire","og_url":"https:\/\/megapets.eu\/es\/accesorios\/kit-de-inicio-de-15-l-para-cria-caracoles-exoticos-africanos\/","og_site_name":"MegaPets","article_publisher":"https:\/\/www.facebook.com\/MegaPets.eu\/","og_image":[{"width":1053,"height":701,"url":"https:\/\/megapets.eu\/wp-content\/uploads\/2024\/10\/Glowne-Basic-15-L.png","type":"image\/png"}],"twitter_card":"summary_large_image","twitter_misc":{"Tiempo de lectura":"2 minuto"},"schema":{"@context":"https:\/\/schema.org","@graph":[{"@type":"WebPage","@id":"https:\/\/megapets.eu\/es\/accesorios\/kit-de-inicio-de-15-l-para-cria-caracoles-exoticos-africanos\/","url":"https:\/\/megapets.eu\/es\/accesorios\/kit-de-inicio-de-15-l-para-cria-caracoles-exoticos-africanos\/","name":"Kit de inicio de 15 L para cr\u00eda caracoles ex\u00f3ticos\/africanos | MegaPets","isPartOf":{"@id":"https:\/\/megapets.eu\/es\/#website"},"primaryImageOfPage":{"@id":"https:\/\/megapets.eu\/es\/accesorios\/kit-de-inicio-de-15-l-para-cria-caracoles-exoticos-africanos\/#primaryimage"},"image":{"@id":"https:\/\/megapets.eu\/es\/accesorios\/kit-de-inicio-de-15-l-para-cria-caracoles-exoticos-africanos\/#primaryimage"},"thumbnailUrl":"https:\/\/megapets.eu\/wp-content\/uploads\/2024\/10\/Glowne-Basic-15-L.png","datePublished":"2024-10-03T19:18:53+00:00","breadcrumb":{"@id":"https:\/\/megapets.eu\/es\/accesorios\/kit-de-inicio-de-15-l-para-cria-caracoles-exoticos-africanos\/#breadcrumb"},"inLanguage":"es","potentialAction":[{"@type":"ReadAction","target":["https:\/\/megapets.eu\/es\/accesorios\/kit-de-inicio-de-15-l-para-cria-caracoles-exoticos-africanos\/"]}]},{"@type":"ImageObject","inLanguage":"es","@id":"https:\/\/megapets.eu\/es\/accesorios\/kit-de-inicio-de-15-l-para-cria-caracoles-exoticos-africanos\/#primaryimage","url":"https:\/\/megapets.eu\/wp-content\/uploads\/2024\/10\/Glowne-Basic-15-L.png","contentUrl":"https:\/\/megapets.eu\/wp-content\/uploads\/2024\/10\/Glowne-Basic-15-L.png","width":1053,"height":701},{"@type":"BreadcrumbList","@id":"https:\/\/megapets.eu\/es\/accesorios\/kit-de-inicio-de-15-l-para-cria-caracoles-exoticos-africanos\/#breadcrumb","itemListElement":[{"@type":"ListItem","position":1,"name":"Strona g\u0142\u00f3wna","item":"https:\/\/megapets.eu\/es\/"},{"@type":"ListItem","position":2,"name":"Almacenar","item":"https:\/\/megapets.eu\/almacenar\/"},{"@type":"ListItem","position":3,"name":"Kit de inicio de 15 L para cr\u00eda caracoles ex\u00f3ticos\/africanos"}]},{"@type":"WebSite","@id":"https:\/\/megapets.eu\/es\/#website","url":"https:\/\/megapets.eu\/es\/","name":"Mega Pets","description":"Jedna z najwi\u0119kszych hodowli \u015blimak\u00f3w w Europie","publisher":{"@id":"https:\/\/megapets.eu\/es\/#organization"},"alternateName":"Mega Pets","potentialAction":[{"@type":"SearchAction","target":{"@type":"EntryPoint","urlTemplate":"https:\/\/megapets.eu\/es\/?s={search_term_string}"},"query-input":{"@type":"PropertyValueSpecification","valueRequired":true,"valueName":"search_term_string"}}],"inLanguage":"es"},{"@type":"Organization","@id":"https:\/\/megapets.eu\/es\/#organization","name":"Mega Pets","url":"https:\/\/megapets.eu\/es\/","logo":{"@type":"ImageObject","inLanguage":"es","@id":"https:\/\/megapets.eu\/es\/#\/schema\/logo\/image\/","url":"https:\/\/megapets.eu\/wp-content\/uploads\/2025\/04\/megapets_eu-logo.png","contentUrl":"https:\/\/megapets.eu\/wp-content\/uploads\/2025\/04\/megapets_eu-logo.png","width":2362,"height":2362,"caption":"Mega Pets"},"image":{"@id":"https:\/\/megapets.eu\/es\/#\/schema\/logo\/image\/"},"sameAs":["https:\/\/www.facebook.com\/MegaPets.eu\/"]}]}},"_links":{"self":[{"href":"https:\/\/megapets.eu\/es\/wp-json\/wp\/v2\/product\/5453","targetHints":{"allow":["GET"]}}],"collection":[{"href":"https:\/\/megapets.eu\/es\/wp-json\/wp\/v2\/product"}],"about":[{"href":"https:\/\/megapets.eu\/es\/wp-json\/wp\/v2\/types\/product"}],"wp:featuredmedia":[{"embeddable":true,"href":"https:\/\/megapets.eu\/es\/wp-json\/wp\/v2\/media\/5454"}],"wp:attachment":[{"href":"https:\/\/megapets.eu\/es\/wp-json\/wp\/v2\/media?parent=5453"}],"wp:term":[{"taxonomy":"product_cat","embeddable":true,"href":"https:\/\/megapets.eu\/es\/wp-json\/wp\/v2\/product_cat?post=5453"},{"taxonomy":"product_tag","embeddable":true,"href":"https:\/\/megapets.eu\/es\/wp-json\/wp\/v2\/product_tag?post=5453"}],"curies":[{"name":"wp","href":"https:\/\/api.w.org\/{rel}","templated":true}]}}