{"id":5456,"date":"2024-10-04T07:54:58","date_gmt":"2024-10-04T07:54:58","guid":{"rendered":"https:\/\/megapets.eu\/sin categor\u00eda\/envase-gammarusgermenes-secos-molidos-25-g\/"},"modified":"2024-10-04T07:54:58","modified_gmt":"2024-10-04T07:54:58","slug":"envase-gammarusgermenes-secos-molidos-25-g","status":"publish","type":"product","link":"https:\/\/megapets.eu\/es\/accesorios\/envase-gammarusgermenes-secos-molidos-25-g\/","title":{"rendered":"Envase &#8216;Gammarus&#8217;<br \/>g\u00e9rmenes secos molidos 25 g"},"content":{"rendered":"<p><strong><span style=\"color: #e87020; font-size: 15px;\"><em>Envase de g\u00e9rmenes secos molidos \u00abGammarus\u00bb 25 g<\/em><\/span><\/strong><\/p>\n<p><strong><span style=\"color: #e87020; font-size: 15px;\"><em>Un envase contiene 25 g de g\u00e9rmenes molidos \u00abGammarus\u00bb.<\/em><\/span><\/strong><\/p>\n<p><strong><span style=\"color: #e87020; font-size: 15px;\"><em>Composici\u00f3n: G\u00e9rmenes desecados 100% naturales.<\/em><\/span><\/strong><\/p>\n<p><strong><span style=\"color: #e87020; font-size: 15px;\"><em>El precio es por 1 envase.<\/em><\/span><\/strong><\/p>\n<p><em><span style=\"color: #424242;\"><strong><span style=\"font-size: 15px;\">El gammarus molido es un germen desecado, rico en macro y microelementos, fuente natural de prote\u00ednas animales y quitina. Gammarus es ideal para criar no s\u00f3lo caracoles ex\u00f3ticos, sino tambi\u00e9n otros animales de terrario, como gusanos, cocodrilos, cucarachas ex\u00f3ticas, etc. <\/span><\/strong><\/span><\/em><em><span style=\"color: #424242;\"><strong><span style=\"font-size: 15px;\">El gammarus molido es f\u00e1cil de tomar y dosificar en porciones para la mascota.<\/span><\/strong><\/span><\/em><\/p>\n<p><em><span style=\"color: #424242;\"><strong><span style=\"font-size: 15px;\">Dosificaci\u00f3n: espolvorea gammarus molido ligeramente sobre una parte de la comida que le vayas a dar. Si tu mascota es un caracol ex\u00f3tico, no se recomienda darle de comer m\u00e1s de una vez a la semana. En la siguiente alimentaci\u00f3n, es mejor dejar de alimentar con gammarus y ofrecer a tu mascota otros tipos de suplementos, por ejemplo, la mezcla de cereales \u00abProte\u00edna y Vitamina\u00bb o la \u00abMezcla de hierbas ex\u00f3ticas\u00bb.<\/span><\/strong><\/span><\/em><\/p>\n<p><em><span style=\"color: #424242;\"><strong><span style=\"font-size: 15px;\">Recomendamos suplementos capaces de satisfacer las necesidades en nutrientes valiosos incluso de las especies m\u00e1s exigentes: \u00abProte\u00edna y Vitamina\u00bb, \u00abMezcla de hierbas ex\u00f3ticas\u00bb, \u00abGammarus molido\u00bb. Se recomienda utilizar los suplementos alternativamente, para que la dieta de tu mascota siga siendo variada y completa.<\/span><\/strong><\/span><\/em><\/p>\n","protected":false},"excerpt":{"rendered":"<ul class=\"product_attributes\">\n<li><span style=\"color: #555555;\">Ingredientes:<\/span> G\u00e9rmenes 100% naturales<\/li>\n<li><span style=\"color: #555555;\">El envase contiene<\/span> 25 g<\/li>\n<li><span style=\"color: #555555;\">El precio se aplica a<\/span> 1 envase.<\/li>\n<\/ul>\n","protected":false},"featured_media":5458,"template":"","meta":{"_acf_changed":false,"_links_to":"","_links_to_target":""},"product_cat":[129],"product_tag":[130,133,132,131],"class_list":{"0":"post-5456","1":"product","2":"type-product","3":"status-publish","4":"has-post-thumbnail","6":"product_cat-accesorios","7":"product_tag-para-caracoles","8":"product_tag-para-las-cucarachas","9":"product_tag-para-los-isopodos","10":"product_tag-por-las-artimanas","12":"first","13":"instock","14":"shipping-taxable","15":"purchasable","16":"product-type-simple"},"acf":[],"yoast_head":"<!-- This site is optimized with the Yoast SEO plugin v24.9 - https:\/\/yoast.com\/wordpress\/plugins\/seo\/ -->\n<title>Envase &#039;Gammarus&#039;g\u00e9rmenes secos molidos 25 g | MegaPets<\/title>\n<meta name=\"robots\" content=\"index, follow, max-snippet:-1, max-image-preview:large, max-video-preview:-1\" \/>\n<link rel=\"canonical\" href=\"https:\/\/megapets.eu\/es\/accesorios\/envase-gammarusgermenes-secos-molidos-25-g\/\" \/>\n<meta property=\"og:locale\" content=\"es_ES\" \/>\n<meta property=\"og:type\" content=\"article\" \/>\n<meta property=\"og:title\" content=\"Envase &#039;Gammarus&#039;g\u00e9rmenes secos molidos 25 g | MegaPets\" \/>\n<meta property=\"og:description\" content=\"Ingredientes: G\u00e9rmenes 100% naturales  El envase contiene 25 g  El precio se aplica a 1 envase.\" \/>\n<meta property=\"og:url\" content=\"https:\/\/megapets.eu\/es\/accesorios\/envase-gammarusgermenes-secos-molidos-25-g\/\" \/>\n<meta property=\"og:site_name\" content=\"MegaPets\" \/>\n<meta property=\"article:publisher\" content=\"https:\/\/www.facebook.com\/MegaPets.eu\/\" \/>\n<meta property=\"og:image\" content=\"https:\/\/megapets.eu\/wp-content\/uploads\/2024\/10\/IMG_20200808_194545-1024x812.png\" \/>\n\t<meta property=\"og:image:width\" content=\"1024\" \/>\n\t<meta property=\"og:image:height\" content=\"812\" \/>\n\t<meta property=\"og:image:type\" content=\"image\/png\" \/>\n<meta name=\"twitter:card\" content=\"summary_large_image\" \/>\n<meta name=\"twitter:label1\" content=\"Tiempo de lectura\" \/>\n\t<meta name=\"twitter:data1\" content=\"1 minuto\" \/>\n<script type=\"application\/ld+json\" class=\"yoast-schema-graph\">{\"@context\":\"https:\/\/schema.org\",\"@graph\":[{\"@type\":\"WebPage\",\"@id\":\"https:\/\/megapets.eu\/es\/accesorios\/envase-gammarusgermenes-secos-molidos-25-g\/\",\"url\":\"https:\/\/megapets.eu\/es\/accesorios\/envase-gammarusgermenes-secos-molidos-25-g\/\",\"name\":\"Envase 'Gammarus' g\u00e9rmenes secos molidos 25 g | MegaPets\",\"isPartOf\":{\"@id\":\"https:\/\/megapets.eu\/es\/#website\"},\"primaryImageOfPage\":{\"@id\":\"https:\/\/megapets.eu\/es\/accesorios\/envase-gammarusgermenes-secos-molidos-25-g\/#primaryimage\"},\"image\":{\"@id\":\"https:\/\/megapets.eu\/es\/accesorios\/envase-gammarusgermenes-secos-molidos-25-g\/#primaryimage\"},\"thumbnailUrl\":\"https:\/\/megapets.eu\/wp-content\/uploads\/2024\/10\/IMG_20200808_194545.png\",\"datePublished\":\"2024-10-04T07:54:58+00:00\",\"breadcrumb\":{\"@id\":\"https:\/\/megapets.eu\/es\/accesorios\/envase-gammarusgermenes-secos-molidos-25-g\/#breadcrumb\"},\"inLanguage\":\"es\",\"potentialAction\":[{\"@type\":\"ReadAction\",\"target\":[\"https:\/\/megapets.eu\/es\/accesorios\/envase-gammarusgermenes-secos-molidos-25-g\/\"]}]},{\"@type\":\"ImageObject\",\"inLanguage\":\"es\",\"@id\":\"https:\/\/megapets.eu\/es\/accesorios\/envase-gammarusgermenes-secos-molidos-25-g\/#primaryimage\",\"url\":\"https:\/\/megapets.eu\/wp-content\/uploads\/2024\/10\/IMG_20200808_194545.png\",\"contentUrl\":\"https:\/\/megapets.eu\/wp-content\/uploads\/2024\/10\/IMG_20200808_194545.png\",\"width\":3068,\"height\":2434},{\"@type\":\"BreadcrumbList\",\"@id\":\"https:\/\/megapets.eu\/es\/accesorios\/envase-gammarusgermenes-secos-molidos-25-g\/#breadcrumb\",\"itemListElement\":[{\"@type\":\"ListItem\",\"position\":1,\"name\":\"Strona g\u0142\u00f3wna\",\"item\":\"https:\/\/megapets.eu\/es\/\"},{\"@type\":\"ListItem\",\"position\":2,\"name\":\"Almacenar\",\"item\":\"https:\/\/megapets.eu\/almacenar\/\"},{\"@type\":\"ListItem\",\"position\":3,\"name\":\"Envase 'Gammarus&#8217;g\u00e9rmenes secos molidos 25 g\"}]},{\"@type\":\"WebSite\",\"@id\":\"https:\/\/megapets.eu\/es\/#website\",\"url\":\"https:\/\/megapets.eu\/es\/\",\"name\":\"Mega Pets\",\"description\":\"Jedna z najwi\u0119kszych hodowli \u015blimak\u00f3w w Europie\",\"publisher\":{\"@id\":\"https:\/\/megapets.eu\/es\/#organization\"},\"alternateName\":\"Mega Pets\",\"potentialAction\":[{\"@type\":\"SearchAction\",\"target\":{\"@type\":\"EntryPoint\",\"urlTemplate\":\"https:\/\/megapets.eu\/es\/?s={search_term_string}\"},\"query-input\":{\"@type\":\"PropertyValueSpecification\",\"valueRequired\":true,\"valueName\":\"search_term_string\"}}],\"inLanguage\":\"es\"},{\"@type\":\"Organization\",\"@id\":\"https:\/\/megapets.eu\/es\/#organization\",\"name\":\"Mega Pets\",\"url\":\"https:\/\/megapets.eu\/es\/\",\"logo\":{\"@type\":\"ImageObject\",\"inLanguage\":\"es\",\"@id\":\"https:\/\/megapets.eu\/es\/#\/schema\/logo\/image\/\",\"url\":\"https:\/\/megapets.eu\/wp-content\/uploads\/2025\/04\/megapets_eu-logo.png\",\"contentUrl\":\"https:\/\/megapets.eu\/wp-content\/uploads\/2025\/04\/megapets_eu-logo.png\",\"width\":2362,\"height\":2362,\"caption\":\"Mega Pets\"},\"image\":{\"@id\":\"https:\/\/megapets.eu\/es\/#\/schema\/logo\/image\/\"},\"sameAs\":[\"https:\/\/www.facebook.com\/MegaPets.eu\/\"]}]}<\/script>\n<!-- \/ Yoast SEO plugin. -->","yoast_head_json":{"title":"Envase 'Gammarus'g\u00e9rmenes secos molidos 25 g | MegaPets","robots":{"index":"index","follow":"follow","max-snippet":"max-snippet:-1","max-image-preview":"max-image-preview:large","max-video-preview":"max-video-preview:-1"},"canonical":"https:\/\/megapets.eu\/es\/accesorios\/envase-gammarusgermenes-secos-molidos-25-g\/","og_locale":"es_ES","og_type":"article","og_title":"Envase 'Gammarus'g\u00e9rmenes secos molidos 25 g | MegaPets","og_description":"Ingredientes: G\u00e9rmenes 100% naturales  El envase contiene 25 g  El precio se aplica a 1 envase.","og_url":"https:\/\/megapets.eu\/es\/accesorios\/envase-gammarusgermenes-secos-molidos-25-g\/","og_site_name":"MegaPets","article_publisher":"https:\/\/www.facebook.com\/MegaPets.eu\/","og_image":[{"width":1024,"height":812,"url":"https:\/\/megapets.eu\/wp-content\/uploads\/2024\/10\/IMG_20200808_194545-1024x812.png","type":"image\/png"}],"twitter_card":"summary_large_image","twitter_misc":{"Tiempo de lectura":"1 minuto"},"schema":{"@context":"https:\/\/schema.org","@graph":[{"@type":"WebPage","@id":"https:\/\/megapets.eu\/es\/accesorios\/envase-gammarusgermenes-secos-molidos-25-g\/","url":"https:\/\/megapets.eu\/es\/accesorios\/envase-gammarusgermenes-secos-molidos-25-g\/","name":"Envase 'Gammarus' g\u00e9rmenes secos molidos 25 g | MegaPets","isPartOf":{"@id":"https:\/\/megapets.eu\/es\/#website"},"primaryImageOfPage":{"@id":"https:\/\/megapets.eu\/es\/accesorios\/envase-gammarusgermenes-secos-molidos-25-g\/#primaryimage"},"image":{"@id":"https:\/\/megapets.eu\/es\/accesorios\/envase-gammarusgermenes-secos-molidos-25-g\/#primaryimage"},"thumbnailUrl":"https:\/\/megapets.eu\/wp-content\/uploads\/2024\/10\/IMG_20200808_194545.png","datePublished":"2024-10-04T07:54:58+00:00","breadcrumb":{"@id":"https:\/\/megapets.eu\/es\/accesorios\/envase-gammarusgermenes-secos-molidos-25-g\/#breadcrumb"},"inLanguage":"es","potentialAction":[{"@type":"ReadAction","target":["https:\/\/megapets.eu\/es\/accesorios\/envase-gammarusgermenes-secos-molidos-25-g\/"]}]},{"@type":"ImageObject","inLanguage":"es","@id":"https:\/\/megapets.eu\/es\/accesorios\/envase-gammarusgermenes-secos-molidos-25-g\/#primaryimage","url":"https:\/\/megapets.eu\/wp-content\/uploads\/2024\/10\/IMG_20200808_194545.png","contentUrl":"https:\/\/megapets.eu\/wp-content\/uploads\/2024\/10\/IMG_20200808_194545.png","width":3068,"height":2434},{"@type":"BreadcrumbList","@id":"https:\/\/megapets.eu\/es\/accesorios\/envase-gammarusgermenes-secos-molidos-25-g\/#breadcrumb","itemListElement":[{"@type":"ListItem","position":1,"name":"Strona g\u0142\u00f3wna","item":"https:\/\/megapets.eu\/es\/"},{"@type":"ListItem","position":2,"name":"Almacenar","item":"https:\/\/megapets.eu\/almacenar\/"},{"@type":"ListItem","position":3,"name":"Envase 'Gammarus&#8217;g\u00e9rmenes secos molidos 25 g"}]},{"@type":"WebSite","@id":"https:\/\/megapets.eu\/es\/#website","url":"https:\/\/megapets.eu\/es\/","name":"Mega Pets","description":"Jedna z najwi\u0119kszych hodowli \u015blimak\u00f3w w Europie","publisher":{"@id":"https:\/\/megapets.eu\/es\/#organization"},"alternateName":"Mega Pets","potentialAction":[{"@type":"SearchAction","target":{"@type":"EntryPoint","urlTemplate":"https:\/\/megapets.eu\/es\/?s={search_term_string}"},"query-input":{"@type":"PropertyValueSpecification","valueRequired":true,"valueName":"search_term_string"}}],"inLanguage":"es"},{"@type":"Organization","@id":"https:\/\/megapets.eu\/es\/#organization","name":"Mega Pets","url":"https:\/\/megapets.eu\/es\/","logo":{"@type":"ImageObject","inLanguage":"es","@id":"https:\/\/megapets.eu\/es\/#\/schema\/logo\/image\/","url":"https:\/\/megapets.eu\/wp-content\/uploads\/2025\/04\/megapets_eu-logo.png","contentUrl":"https:\/\/megapets.eu\/wp-content\/uploads\/2025\/04\/megapets_eu-logo.png","width":2362,"height":2362,"caption":"Mega Pets"},"image":{"@id":"https:\/\/megapets.eu\/es\/#\/schema\/logo\/image\/"},"sameAs":["https:\/\/www.facebook.com\/MegaPets.eu\/"]}]}},"_links":{"self":[{"href":"https:\/\/megapets.eu\/es\/wp-json\/wp\/v2\/product\/5456","targetHints":{"allow":["GET"]}}],"collection":[{"href":"https:\/\/megapets.eu\/es\/wp-json\/wp\/v2\/product"}],"about":[{"href":"https:\/\/megapets.eu\/es\/wp-json\/wp\/v2\/types\/product"}],"wp:featuredmedia":[{"embeddable":true,"href":"https:\/\/megapets.eu\/es\/wp-json\/wp\/v2\/media\/5458"}],"wp:attachment":[{"href":"https:\/\/megapets.eu\/es\/wp-json\/wp\/v2\/media?parent=5456"}],"wp:term":[{"taxonomy":"product_cat","embeddable":true,"href":"https:\/\/megapets.eu\/es\/wp-json\/wp\/v2\/product_cat?post=5456"},{"taxonomy":"product_tag","embeddable":true,"href":"https:\/\/megapets.eu\/es\/wp-json\/wp\/v2\/product_tag?post=5456"}],"curies":[{"name":"wp","href":"https:\/\/api.w.org\/{rel}","templated":true}]}}