{"id":5459,"date":"2024-10-05T16:59:53","date_gmt":"2024-10-05T16:59:53","guid":{"rendered":"https:\/\/megapets.eu\/sin categor\u00eda\/porcellio-deja-milk-back-equipo-de-limpieza\/"},"modified":"2024-10-05T16:59:53","modified_gmt":"2024-10-05T16:59:53","slug":"porcellio-deja-milk-back-equipo-de-limpieza","status":"publish","type":"product","link":"https:\/\/megapets.eu\/es\/isopodos\/porcellio-deja-milk-back-equipo-de-limpieza\/","title":{"rendered":"Porcellio deja \u201cMilk Back\u201d<br \/> \u201cEquipo de limpieza\u201d"},"content":{"rendered":"<p class=\"v1v1v1v1MsoNormal\"><span style=\"color: #424242;\"><strong><em><span style=\"font-size: 15px;\">Gachas \/ Bolitas: g<\/span><\/em><\/strong><strong><em><span style=\"font-size: 15px;\"> Atenci\u00f3n Porcellio deja \u201cMilk Back\u201d. <\/span><\/em><\/strong><\/span><\/p>\n<p><span style=\"color: #424242;\"><strong><em><span style=\"font-size: 15px;\"><strong style=\"color: #424242;\"><span class=\"x1xsqp64 xiy17q3 x1o6pynw x19co3pv xdj266r xcwd3tp xat24cr x39eecv x2b8uid\" data-testid=\"emoji\"><span class=\"xexx8yu xn5pp95 x18d9i69 x2fxd7x x3jgonx x1bhl96m\">Porcellio se va<span style=\"font-size: 15px; color: #424242;\"> \ud83e\udd0d<\/span> Leche<span style=\"font-size: 15px; color: #424242;\"> \ud83d\udc04<\/span> Atr\u00e1s<span style=\"font-size: 15px; color: #424242;\"> \ud83d\udda4<\/span> \u201d, una hermosa variedad de hojas de Porcellio, similares a las populares \u201cvacas\u201d, f\u00e1ciles de cuidar, por lo que son ideales para principiantes. <\/span><\/span><\/strong><\/span><\/em><\/strong><\/span><strong style=\"color: #424242;\"><strong><em><span style=\"font-size: 15px; color: #424242;\"><strong><span style=\"font-size: 15px;\"><span style=\"color: #424242;\"><span class=\"x1xsqp64 xiy17q3 x1o6pynw x19co3pv xdj266r xcwd3tp xat24cr x39eecv x2b8uid\" data-testid=\"emoji\"><span class=\"xexx8yu xn5pp95 x18d9i69 x2fxd7x x3jgonx x1bhl96m\"> \ud83d\udda4\ud83e\udd0d\ud83d\udda4<\/span><\/span><\/span><\/span> \u00bfBuscas algo interesante para empezar a cultivar?<\/strong> Gachas y bolitas<strong><\/strong> Son criaturas hermosas y f\u00e1ciles de cuidar, completamente seguras para los humanos y no muerden. Tienen mand\u00edbulas d\u00e9biles, adaptadas para triturar materia vegetal. Los is\u00f3podos prefieren lugares h\u00famedos, viven en la capa superficial del sustrato y se alimentan de hojas, sustrato multicomponente para la cr\u00eda de milpi\u00e9s, y verduras y frutas. <\/span><\/em><\/strong><\/strong><\/p>\n<p class=\"v1v1v1v1MsoNormal\"><span style=\"color: #424242;\"><strong><em><span style=\"font-size: 15px;\"><span class=\"x1xsqp64 xiy17q3 x1o6pynw x19co3pv xdj266r xcwd3tp xat24cr x39eecv x2b8uid\" data-testid=\"emoji\"><span class=\"xexx8yu xn5pp95 x18d9i69 x2fxd7x x3jgonx x1bhl96m\"> \ud83c\udf3f<\/span><\/span> Todo lo que un animal as\u00ed necesita para desarrollarse y vivir con \u00e9xito en un terrario es: <\/span><\/em><\/strong><\/span><\/p>\n<p class=\"v1v1v1v1MsoNormal\"><span style=\"color: #008000;\"><strong><em><span style=\"font-size: 15px;\">* Sustrato\/Alimento: Sustrato para crianza de milpi\u00e9s y ciempi\u00e9s o sustrato de coco; <\/span><\/em><\/strong><\/span><\/p>\n<p class=\"v1v1v1v1MsoNormal\"><span style=\"color: #008000;\"><strong><em><span style=\"font-size: 15px;\">* Comida: Verduras y frutas frescas; <\/span><\/em><\/strong><\/span><\/p>\n<p class=\"v1v1v1v1MsoNormal\"><span style=\"color: #008000;\"><strong><em><span style=\"font-size: 15px;\">* Comida: Sepia &#8211; el hueso de sepia es una fuente natural de calcio para los animales de terrario; <\/span><\/em><\/strong><\/span><\/p>\n<p class=\"v1v1v1v1MsoNormal\"><span style=\"color: #008000;\"><strong><em><span style=\"font-size: 15px;\">* Alimento: Gammarus molido es gammarus seco, rico en macro y microelementos, una fuente natural de prote\u00edna animal y quitina (disponible en nuestra otra subasta); <\/span><\/em><\/strong><\/span><\/p>\n<p class=\"v1v1v1v1MsoNormal\"><span style=\"color: #008000;\"><strong><em><span style=\"font-size: 15px;\">* Terrario: Un Faunabox o contenedor de cr\u00eda es ideal para la cr\u00eda de is\u00f3podos; <\/span><\/em><\/strong><\/span><\/p>\n<p class=\"v1v1v1v1MsoNormal\"><span style=\"color: #008000;\"><strong><em><span style=\"font-size: 15px;\">*No permita que el sustrato se seque por completo, debe rociarse el terrario de vez en cuando.<\/span><\/em><\/strong><\/span><\/p>\n","protected":false},"excerpt":{"rendered":"<ul class=\"product_attributes\">\n<li><strong>Tama\u00f1o objetivo de los individuos:<\/strong><span style=\"color: #000000;\"> unos 2 cent\u00edmetros<\/span><\/li>\n<li> Personas a las que se ofrece:<span style=\"color: #000000;\"> empaquetado al azar<\/span><\/li>\n<li> El precio es por el conjunto:<span style=\"color: #000000;\"> 10 piezas<\/span><\/li>\n<\/ul>\n","protected":false},"featured_media":5460,"template":"","meta":{"_acf_changed":false,"_links_to":"","_links_to_target":""},"product_cat":[134],"product_tag":[],"class_list":{"0":"post-5459","1":"product","2":"type-product","3":"status-publish","4":"has-post-thumbnail","6":"product_cat-isopodos","8":"first","9":"instock","10":"shipping-taxable","11":"purchasable","12":"product-type-simple"},"acf":[],"yoast_head":"<!-- This site is optimized with the Yoast SEO plugin v24.9 - https:\/\/yoast.com\/wordpress\/plugins\/seo\/ -->\n<title>Porcellio deja \u201cMilk Back\u201d \u201cEquipo de limpieza\u201d | MegaPets<\/title>\n<meta name=\"robots\" content=\"index, follow, max-snippet:-1, max-image-preview:large, max-video-preview:-1\" \/>\n<link rel=\"canonical\" href=\"https:\/\/megapets.eu\/es\/isopodos\/porcellio-deja-milk-back-equipo-de-limpieza\/\" \/>\n<meta property=\"og:locale\" content=\"es_ES\" \/>\n<meta property=\"og:type\" content=\"article\" \/>\n<meta property=\"og:title\" content=\"Porcellio deja \u201cMilk Back\u201d \u201cEquipo de limpieza\u201d | MegaPets\" \/>\n<meta property=\"og:description\" content=\"Tama\u00f1o objetivo de los individuos: unos 2 cent\u00edmetros Personas a las que se ofrece: empaquetado al azar El precio es por el conjunto: 10 piezas\" \/>\n<meta property=\"og:url\" content=\"https:\/\/megapets.eu\/es\/isopodos\/porcellio-deja-milk-back-equipo-de-limpieza\/\" \/>\n<meta property=\"og:site_name\" content=\"MegaPets\" \/>\n<meta property=\"article:publisher\" content=\"https:\/\/www.facebook.com\/MegaPets.eu\/\" \/>\n<meta property=\"og:image\" content=\"https:\/\/megapets.eu\/wp-content\/uploads\/2024\/10\/IMG_20240807_121627-scaled.jpg\" \/>\n\t<meta property=\"og:image:width\" content=\"2560\" \/>\n\t<meta property=\"og:image:height\" content=\"1920\" \/>\n\t<meta property=\"og:image:type\" content=\"image\/jpeg\" \/>\n<meta name=\"twitter:card\" content=\"summary_large_image\" \/>\n<meta name=\"twitter:label1\" content=\"Tiempo de lectura\" \/>\n\t<meta name=\"twitter:data1\" content=\"1 minuto\" \/>\n<script type=\"application\/ld+json\" class=\"yoast-schema-graph\">{\"@context\":\"https:\/\/schema.org\",\"@graph\":[{\"@type\":\"WebPage\",\"@id\":\"https:\/\/megapets.eu\/es\/isopodos\/porcellio-deja-milk-back-equipo-de-limpieza\/\",\"url\":\"https:\/\/megapets.eu\/es\/isopodos\/porcellio-deja-milk-back-equipo-de-limpieza\/\",\"name\":\"Porcellio deja \u201cMilk Back\u201d \u201cEquipo de limpieza\u201d | MegaPets\",\"isPartOf\":{\"@id\":\"https:\/\/megapets.eu\/es\/#website\"},\"primaryImageOfPage\":{\"@id\":\"https:\/\/megapets.eu\/es\/isopodos\/porcellio-deja-milk-back-equipo-de-limpieza\/#primaryimage\"},\"image\":{\"@id\":\"https:\/\/megapets.eu\/es\/isopodos\/porcellio-deja-milk-back-equipo-de-limpieza\/#primaryimage\"},\"thumbnailUrl\":\"https:\/\/megapets.eu\/wp-content\/uploads\/2024\/10\/IMG_20240807_121627-scaled.jpg\",\"datePublished\":\"2024-10-05T16:59:53+00:00\",\"breadcrumb\":{\"@id\":\"https:\/\/megapets.eu\/es\/isopodos\/porcellio-deja-milk-back-equipo-de-limpieza\/#breadcrumb\"},\"inLanguage\":\"es\",\"potentialAction\":[{\"@type\":\"ReadAction\",\"target\":[\"https:\/\/megapets.eu\/es\/isopodos\/porcellio-deja-milk-back-equipo-de-limpieza\/\"]}]},{\"@type\":\"ImageObject\",\"inLanguage\":\"es\",\"@id\":\"https:\/\/megapets.eu\/es\/isopodos\/porcellio-deja-milk-back-equipo-de-limpieza\/#primaryimage\",\"url\":\"https:\/\/megapets.eu\/wp-content\/uploads\/2024\/10\/IMG_20240807_121627-scaled.jpg\",\"contentUrl\":\"https:\/\/megapets.eu\/wp-content\/uploads\/2024\/10\/IMG_20240807_121627-scaled.jpg\",\"width\":2560,\"height\":1920},{\"@type\":\"BreadcrumbList\",\"@id\":\"https:\/\/megapets.eu\/es\/isopodos\/porcellio-deja-milk-back-equipo-de-limpieza\/#breadcrumb\",\"itemListElement\":[{\"@type\":\"ListItem\",\"position\":1,\"name\":\"Strona g\u0142\u00f3wna\",\"item\":\"https:\/\/megapets.eu\/es\/\"},{\"@type\":\"ListItem\",\"position\":2,\"name\":\"Almacenar\",\"item\":\"https:\/\/megapets.eu\/almacenar\/\"},{\"@type\":\"ListItem\",\"position\":3,\"name\":\"Porcellio deja \u201cMilk Back\u201d \u201cEquipo de limpieza\u201d\"}]},{\"@type\":\"WebSite\",\"@id\":\"https:\/\/megapets.eu\/es\/#website\",\"url\":\"https:\/\/megapets.eu\/es\/\",\"name\":\"Mega Pets\",\"description\":\"Jedna z najwi\u0119kszych hodowli \u015blimak\u00f3w w Europie\",\"publisher\":{\"@id\":\"https:\/\/megapets.eu\/es\/#organization\"},\"alternateName\":\"Mega Pets\",\"potentialAction\":[{\"@type\":\"SearchAction\",\"target\":{\"@type\":\"EntryPoint\",\"urlTemplate\":\"https:\/\/megapets.eu\/es\/?s={search_term_string}\"},\"query-input\":{\"@type\":\"PropertyValueSpecification\",\"valueRequired\":true,\"valueName\":\"search_term_string\"}}],\"inLanguage\":\"es\"},{\"@type\":\"Organization\",\"@id\":\"https:\/\/megapets.eu\/es\/#organization\",\"name\":\"Mega Pets\",\"url\":\"https:\/\/megapets.eu\/es\/\",\"logo\":{\"@type\":\"ImageObject\",\"inLanguage\":\"es\",\"@id\":\"https:\/\/megapets.eu\/es\/#\/schema\/logo\/image\/\",\"url\":\"https:\/\/megapets.eu\/wp-content\/uploads\/2025\/04\/megapets_eu-logo.png\",\"contentUrl\":\"https:\/\/megapets.eu\/wp-content\/uploads\/2025\/04\/megapets_eu-logo.png\",\"width\":2362,\"height\":2362,\"caption\":\"Mega Pets\"},\"image\":{\"@id\":\"https:\/\/megapets.eu\/es\/#\/schema\/logo\/image\/\"},\"sameAs\":[\"https:\/\/www.facebook.com\/MegaPets.eu\/\"]}]}<\/script>\n<!-- \/ Yoast SEO plugin. -->","yoast_head_json":{"title":"Porcellio deja \u201cMilk Back\u201d \u201cEquipo de limpieza\u201d | MegaPets","robots":{"index":"index","follow":"follow","max-snippet":"max-snippet:-1","max-image-preview":"max-image-preview:large","max-video-preview":"max-video-preview:-1"},"canonical":"https:\/\/megapets.eu\/es\/isopodos\/porcellio-deja-milk-back-equipo-de-limpieza\/","og_locale":"es_ES","og_type":"article","og_title":"Porcellio deja \u201cMilk Back\u201d \u201cEquipo de limpieza\u201d | MegaPets","og_description":"Tama\u00f1o objetivo de los individuos: unos 2 cent\u00edmetros Personas a las que se ofrece: empaquetado al azar El precio es por el conjunto: 10 piezas","og_url":"https:\/\/megapets.eu\/es\/isopodos\/porcellio-deja-milk-back-equipo-de-limpieza\/","og_site_name":"MegaPets","article_publisher":"https:\/\/www.facebook.com\/MegaPets.eu\/","og_image":[{"width":2560,"height":1920,"url":"https:\/\/megapets.eu\/wp-content\/uploads\/2024\/10\/IMG_20240807_121627-scaled.jpg","type":"image\/jpeg"}],"twitter_card":"summary_large_image","twitter_misc":{"Tiempo de lectura":"1 minuto"},"schema":{"@context":"https:\/\/schema.org","@graph":[{"@type":"WebPage","@id":"https:\/\/megapets.eu\/es\/isopodos\/porcellio-deja-milk-back-equipo-de-limpieza\/","url":"https:\/\/megapets.eu\/es\/isopodos\/porcellio-deja-milk-back-equipo-de-limpieza\/","name":"Porcellio deja \u201cMilk Back\u201d \u201cEquipo de limpieza\u201d | MegaPets","isPartOf":{"@id":"https:\/\/megapets.eu\/es\/#website"},"primaryImageOfPage":{"@id":"https:\/\/megapets.eu\/es\/isopodos\/porcellio-deja-milk-back-equipo-de-limpieza\/#primaryimage"},"image":{"@id":"https:\/\/megapets.eu\/es\/isopodos\/porcellio-deja-milk-back-equipo-de-limpieza\/#primaryimage"},"thumbnailUrl":"https:\/\/megapets.eu\/wp-content\/uploads\/2024\/10\/IMG_20240807_121627-scaled.jpg","datePublished":"2024-10-05T16:59:53+00:00","breadcrumb":{"@id":"https:\/\/megapets.eu\/es\/isopodos\/porcellio-deja-milk-back-equipo-de-limpieza\/#breadcrumb"},"inLanguage":"es","potentialAction":[{"@type":"ReadAction","target":["https:\/\/megapets.eu\/es\/isopodos\/porcellio-deja-milk-back-equipo-de-limpieza\/"]}]},{"@type":"ImageObject","inLanguage":"es","@id":"https:\/\/megapets.eu\/es\/isopodos\/porcellio-deja-milk-back-equipo-de-limpieza\/#primaryimage","url":"https:\/\/megapets.eu\/wp-content\/uploads\/2024\/10\/IMG_20240807_121627-scaled.jpg","contentUrl":"https:\/\/megapets.eu\/wp-content\/uploads\/2024\/10\/IMG_20240807_121627-scaled.jpg","width":2560,"height":1920},{"@type":"BreadcrumbList","@id":"https:\/\/megapets.eu\/es\/isopodos\/porcellio-deja-milk-back-equipo-de-limpieza\/#breadcrumb","itemListElement":[{"@type":"ListItem","position":1,"name":"Strona g\u0142\u00f3wna","item":"https:\/\/megapets.eu\/es\/"},{"@type":"ListItem","position":2,"name":"Almacenar","item":"https:\/\/megapets.eu\/almacenar\/"},{"@type":"ListItem","position":3,"name":"Porcellio deja \u201cMilk Back\u201d \u201cEquipo de limpieza\u201d"}]},{"@type":"WebSite","@id":"https:\/\/megapets.eu\/es\/#website","url":"https:\/\/megapets.eu\/es\/","name":"Mega Pets","description":"Jedna z najwi\u0119kszych hodowli \u015blimak\u00f3w w Europie","publisher":{"@id":"https:\/\/megapets.eu\/es\/#organization"},"alternateName":"Mega Pets","potentialAction":[{"@type":"SearchAction","target":{"@type":"EntryPoint","urlTemplate":"https:\/\/megapets.eu\/es\/?s={search_term_string}"},"query-input":{"@type":"PropertyValueSpecification","valueRequired":true,"valueName":"search_term_string"}}],"inLanguage":"es"},{"@type":"Organization","@id":"https:\/\/megapets.eu\/es\/#organization","name":"Mega Pets","url":"https:\/\/megapets.eu\/es\/","logo":{"@type":"ImageObject","inLanguage":"es","@id":"https:\/\/megapets.eu\/es\/#\/schema\/logo\/image\/","url":"https:\/\/megapets.eu\/wp-content\/uploads\/2025\/04\/megapets_eu-logo.png","contentUrl":"https:\/\/megapets.eu\/wp-content\/uploads\/2025\/04\/megapets_eu-logo.png","width":2362,"height":2362,"caption":"Mega Pets"},"image":{"@id":"https:\/\/megapets.eu\/es\/#\/schema\/logo\/image\/"},"sameAs":["https:\/\/www.facebook.com\/MegaPets.eu\/"]}]}},"_links":{"self":[{"href":"https:\/\/megapets.eu\/es\/wp-json\/wp\/v2\/product\/5459","targetHints":{"allow":["GET"]}}],"collection":[{"href":"https:\/\/megapets.eu\/es\/wp-json\/wp\/v2\/product"}],"about":[{"href":"https:\/\/megapets.eu\/es\/wp-json\/wp\/v2\/types\/product"}],"wp:featuredmedia":[{"embeddable":true,"href":"https:\/\/megapets.eu\/es\/wp-json\/wp\/v2\/media\/5460"}],"wp:attachment":[{"href":"https:\/\/megapets.eu\/es\/wp-json\/wp\/v2\/media?parent=5459"}],"wp:term":[{"taxonomy":"product_cat","embeddable":true,"href":"https:\/\/megapets.eu\/es\/wp-json\/wp\/v2\/product_cat?post=5459"},{"taxonomy":"product_tag","embeddable":true,"href":"https:\/\/megapets.eu\/es\/wp-json\/wp\/v2\/product_tag?post=5459"}],"curies":[{"name":"wp","href":"https:\/\/api.w.org\/{rel}","templated":true}]}}