{"id":5466,"date":"2024-10-05T11:03:19","date_gmt":"2024-10-05T11:03:19","guid":{"rendered":"https:\/\/megapets.eu\/sin%20categor\u00eda\/atopochetus-caudulanuscocodrilo-rojo-purpura\/"},"modified":"2025-08-13T14:59:05","modified_gmt":"2025-08-13T14:59:05","slug":"atopochetus-caudulanuscocodrilo-rojo-purpura","status":"publish","type":"product","link":"https:\/\/megapets.eu\/es\/wije-es\/atopochetus-caudulanuscocodrilo-rojo-purpura\/","title":{"rendered":"Atopochetus caudulanus<br>\u00abMilpi\u00e9s morado y rojo\u00bb"},"content":{"rendered":"<p class=\"v1v1v1v1MsoNormal\"><span style=\"color: #d94890;\"><strong><em><span style=\"font-size: 15px;\"><span style=\"color: #424242;\">Especie:<\/span> <span style=\"color: #800080;\">Milpi\u00e9s Atopochetus caudulanus \u00ab<span style=\"color: #d91a1a;\">Milpi\u00e9s rojo p\u00farpura\u00bb. <\/span> <span style=\"color: #424242;\">F\u00e1ciles de mantener, por lo que son ideales para principiantes.<\/span><\/span><\/span><\/em><\/strong><\/span><\/p>\n<p>&nbsp;<\/p>\n<p><span style=\"color: #800000;\"><span style=\"color: #800080;\"><strong><em><span style=\"font-size: 15px;\">Es<\/span><\/em><\/strong><\/span><strong><em><span style=\"font-size: 15px;\"><span style=\"color: #800080;\">posible elegir un par \u2764\ufe0f<b> <\/b>de macho y hembra.<\/span> <span style=\"color: #424242;\">Por favor, indique en el comentario del pedido.<\/span><\/span><\/em><\/strong><\/span><\/p>\n<p>&nbsp;<\/p>\n<p><span style=\"color: #424242;\"><strong><em><span style=\"font-size: 15px;\"><strong style=\"color: #424242;\"><span style=\"color: #800000;\"><span style=\"color: #800080;\">\ud83d\udc9c\u2764\ufe0f<b>\ud83d\udc9c<\/b><\/span><\/span> \u00bfBuscas algo divertido para criar para empezar?  <\/strong><span style=\"color: #800080;\"><span style=\"color: #d94890;\"><span style=\"color: #800080;\">Los milpi\u00e9s Atopochetus caudulanus \u00abMilpi\u00e9s rojo<\/span><span style=\"color: #d91a1a;\"> <\/span> p\u00farpura<span style=\"color: #800080;\">\u00ab<\/span><\/span> son criaturas hermosas y f\u00e1ciles de cuidar, completamente seguras para los humanos, no muerden. Tienen mand\u00edbulas d\u00e9biles que est\u00e1n adaptadas para triturar la materia vegetal. Los milpi\u00e9s prefieren lugares h\u00famedos, viven en la capa superior del sustrato y se alimentan de hojas, sustrato multicomponente destinado a la cr\u00eda de milpi\u00e9s, as\u00ed como verduras y frutas.  <\/span><\/span><\/em><\/strong><\/span><\/p>\n<p>&nbsp;<\/p>\n<p class=\"v1v1v1v1MsoNormal\"><span style=\"color: #424242;\"><strong><em><span style=\"font-size: 15px;\"><span class=\"x1xsqp64 xiy17q3 x1o6pynw x19co3pv xdj266r xcwd3tp xat24cr x39eecv x2b8uid\" data-testid=\"emoji\"><span class=\"xexx8yu xn5pp95 x18d9i69 x2fxd7x x3jgonx x1bhl96m\">\ud83c\udf3f <\/span><\/span><span style=\"color: #424242;\">Todo lo que un animal necesita para desarrollarse y vivir con \u00e9xito en un terrario es:<\/span><\/span><\/em><\/strong><\/span><\/p>\n<p class=\"v1v1v1v1MsoNormal\"><span style=\"color: #008000;\"><strong><em><span style=\"font-size: 15px;\">* Sustrato \/ alimento: sustrato para la cr\u00eda de milpi\u00e9s y myripeds (disponible en nuestra otra subasta);<\/span><\/em><\/strong><\/span><\/p>\n<p class=\"v1v1v1v1MsoNormal\"><span style=\"color: #008000;\"><strong><em><span style=\"font-size: 15px;\">* Superalimento: Verduras y frutas frescas;<\/span><\/em><\/strong><\/span><\/p>\n<p class=\"v1v1v1v1MsoNormal\"><span style=\"color: #008000;\"><strong><em><span style=\"font-size: 15px;\">* Alimentos: El gammarus molido es gammarus seco, rico en macro y microelementos, una fuente natural de prote\u00edna animal y quitina (disponible en nuestra otra subasta);<\/span><\/em><\/strong><\/span><\/p>\n<p class=\"v1v1v1v1MsoNormal\"><span style=\"color: #008000;\"><strong><em><span style=\"font-size: 15px;\">* Terrario: Faunabox es ideal para la cr\u00eda de milpi\u00e9s y milpi\u00e9s (disponible en nuestra otra subasta);<\/span><\/em><\/strong><\/span><\/p>\n<p class=\"v1v1v1v1MsoNormal\"><span style=\"color: #008000;\"><strong><em><span style=\"font-size: 15px;\">* Temperatura recomendada 22-26 \u00b0C y humedad a un nivel de aprox. 70% (no permita que el sustrato se seque, roc\u00ede el terrario cada 2-3 d\u00edas).<\/span><\/em><\/strong><\/span><\/p>\n","protected":false},"excerpt":{"rendered":"<ul class=\"product_attributes\">\n<li><span style=\"color:#555555\">Tama\u00f1o objetivo:<\/span> unos 10 cm<\/li>\n<li><span style=\"color:#555555\">Juvenil ofrecido:<\/span> aprox. 3 cm <\/li>\n<li><span style=\"color:#555555\">El precio se aplica a:<\/span> 1 unidad<\/li>\n<\/ul>\n","protected":false},"featured_media":5468,"template":"","meta":{"_acf_changed":false,"_links_to":"","_links_to_target":""},"product_cat":[137],"product_tag":[],"class_list":{"0":"post-5466","1":"product","2":"type-product","3":"status-publish","4":"has-post-thumbnail","6":"product_cat-wije-es","8":"first","9":"instock","10":"shipping-taxable","11":"purchasable","12":"product-type-simple"},"acf":[],"yoast_head":"<!-- This site is optimized with the Yoast SEO plugin v24.9 - https:\/\/yoast.com\/wordpress\/plugins\/seo\/ -->\n<title>Atopochetus caudulanus&quot;Milpi\u00e9s morado y rojo&quot; | MegaPets<\/title>\n<meta name=\"robots\" content=\"index, follow, max-snippet:-1, max-image-preview:large, max-video-preview:-1\" \/>\n<link rel=\"canonical\" href=\"https:\/\/megapets.eu\/es\/wije-es\/atopochetus-caudulanuscocodrilo-rojo-purpura\/\" \/>\n<meta property=\"og:locale\" content=\"es_ES\" \/>\n<meta property=\"og:type\" content=\"article\" \/>\n<meta property=\"og:title\" content=\"Atopochetus caudulanus&quot;Milpi\u00e9s morado y rojo&quot; | MegaPets\" \/>\n<meta property=\"og:description\" content=\"Tama\u00f1o objetivo: unos 10 cm Juvenil ofrecido: aprox. 3 cm  El precio se aplica a: 1 unidad\" \/>\n<meta property=\"og:url\" content=\"https:\/\/megapets.eu\/es\/wije-es\/atopochetus-caudulanuscocodrilo-rojo-purpura\/\" \/>\n<meta property=\"og:site_name\" content=\"MegaPets\" \/>\n<meta property=\"article:publisher\" content=\"https:\/\/www.facebook.com\/MegaPets.eu\/\" \/>\n<meta property=\"article:modified_time\" content=\"2025-08-13T14:59:05+00:00\" \/>\n<meta property=\"og:image\" content=\"https:\/\/megapets.eu\/wp-content\/uploads\/2024\/10\/56.jpg\" \/>\n\t<meta property=\"og:image:width\" content=\"1200\" \/>\n\t<meta property=\"og:image:height\" content=\"798\" \/>\n\t<meta property=\"og:image:type\" content=\"image\/jpeg\" \/>\n<meta name=\"twitter:card\" content=\"summary_large_image\" \/>\n<meta name=\"twitter:label1\" content=\"Tiempo de lectura\" \/>\n\t<meta name=\"twitter:data1\" content=\"1 minuto\" \/>\n<script type=\"application\/ld+json\" class=\"yoast-schema-graph\">{\"@context\":\"https:\/\/schema.org\",\"@graph\":[{\"@type\":\"WebPage\",\"@id\":\"https:\/\/megapets.eu\/es\/wije-es\/atopochetus-caudulanuscocodrilo-rojo-purpura\/\",\"url\":\"https:\/\/megapets.eu\/es\/wije-es\/atopochetus-caudulanuscocodrilo-rojo-purpura\/\",\"name\":\"Atopochetus caudulanus \\\"Milpi\u00e9s morado y rojo\\\" | MegaPets\",\"isPartOf\":{\"@id\":\"https:\/\/megapets.eu\/es\/#website\"},\"primaryImageOfPage\":{\"@id\":\"https:\/\/megapets.eu\/es\/wije-es\/atopochetus-caudulanuscocodrilo-rojo-purpura\/#primaryimage\"},\"image\":{\"@id\":\"https:\/\/megapets.eu\/es\/wije-es\/atopochetus-caudulanuscocodrilo-rojo-purpura\/#primaryimage\"},\"thumbnailUrl\":\"https:\/\/megapets.eu\/wp-content\/uploads\/2024\/10\/56.jpg\",\"datePublished\":\"2024-10-05T11:03:19+00:00\",\"dateModified\":\"2025-08-13T14:59:05+00:00\",\"breadcrumb\":{\"@id\":\"https:\/\/megapets.eu\/es\/wije-es\/atopochetus-caudulanuscocodrilo-rojo-purpura\/#breadcrumb\"},\"inLanguage\":\"es\",\"potentialAction\":[{\"@type\":\"ReadAction\",\"target\":[\"https:\/\/megapets.eu\/es\/wije-es\/atopochetus-caudulanuscocodrilo-rojo-purpura\/\"]}]},{\"@type\":\"ImageObject\",\"inLanguage\":\"es\",\"@id\":\"https:\/\/megapets.eu\/es\/wije-es\/atopochetus-caudulanuscocodrilo-rojo-purpura\/#primaryimage\",\"url\":\"https:\/\/megapets.eu\/wp-content\/uploads\/2024\/10\/56.jpg\",\"contentUrl\":\"https:\/\/megapets.eu\/wp-content\/uploads\/2024\/10\/56.jpg\",\"width\":1200,\"height\":798},{\"@type\":\"BreadcrumbList\",\"@id\":\"https:\/\/megapets.eu\/es\/wije-es\/atopochetus-caudulanuscocodrilo-rojo-purpura\/#breadcrumb\",\"itemListElement\":[{\"@type\":\"ListItem\",\"position\":1,\"name\":\"Strona g\u0142\u00f3wna\",\"item\":\"https:\/\/megapets.eu\/es\/\"},{\"@type\":\"ListItem\",\"position\":2,\"name\":\"Almacenar\",\"item\":\"https:\/\/megapets.eu\/almacenar\/\"},{\"@type\":\"ListItem\",\"position\":3,\"name\":\"Atopochetus caudulanus&#8222;Milpi\u00e9s morado y rojo\\\"\"}]},{\"@type\":\"WebSite\",\"@id\":\"https:\/\/megapets.eu\/es\/#website\",\"url\":\"https:\/\/megapets.eu\/es\/\",\"name\":\"Mega Pets\",\"description\":\"Jedna z najwi\u0119kszych hodowli \u015blimak\u00f3w w Europie\",\"publisher\":{\"@id\":\"https:\/\/megapets.eu\/es\/#organization\"},\"alternateName\":\"Mega Pets\",\"potentialAction\":[{\"@type\":\"SearchAction\",\"target\":{\"@type\":\"EntryPoint\",\"urlTemplate\":\"https:\/\/megapets.eu\/es\/?s={search_term_string}\"},\"query-input\":{\"@type\":\"PropertyValueSpecification\",\"valueRequired\":true,\"valueName\":\"search_term_string\"}}],\"inLanguage\":\"es\"},{\"@type\":\"Organization\",\"@id\":\"https:\/\/megapets.eu\/es\/#organization\",\"name\":\"Mega Pets\",\"url\":\"https:\/\/megapets.eu\/es\/\",\"logo\":{\"@type\":\"ImageObject\",\"inLanguage\":\"es\",\"@id\":\"https:\/\/megapets.eu\/es\/#\/schema\/logo\/image\/\",\"url\":\"https:\/\/megapets.eu\/wp-content\/uploads\/2025\/04\/megapets_eu-logo.png\",\"contentUrl\":\"https:\/\/megapets.eu\/wp-content\/uploads\/2025\/04\/megapets_eu-logo.png\",\"width\":2362,\"height\":2362,\"caption\":\"Mega Pets\"},\"image\":{\"@id\":\"https:\/\/megapets.eu\/es\/#\/schema\/logo\/image\/\"},\"sameAs\":[\"https:\/\/www.facebook.com\/MegaPets.eu\/\"]}]}<\/script>\n<!-- \/ Yoast SEO plugin. -->","yoast_head_json":{"title":"Atopochetus caudulanus\"Milpi\u00e9s morado y rojo\" | MegaPets","robots":{"index":"index","follow":"follow","max-snippet":"max-snippet:-1","max-image-preview":"max-image-preview:large","max-video-preview":"max-video-preview:-1"},"canonical":"https:\/\/megapets.eu\/es\/wije-es\/atopochetus-caudulanuscocodrilo-rojo-purpura\/","og_locale":"es_ES","og_type":"article","og_title":"Atopochetus caudulanus\"Milpi\u00e9s morado y rojo\" | MegaPets","og_description":"Tama\u00f1o objetivo: unos 10 cm Juvenil ofrecido: aprox. 3 cm  El precio se aplica a: 1 unidad","og_url":"https:\/\/megapets.eu\/es\/wije-es\/atopochetus-caudulanuscocodrilo-rojo-purpura\/","og_site_name":"MegaPets","article_publisher":"https:\/\/www.facebook.com\/MegaPets.eu\/","article_modified_time":"2025-08-13T14:59:05+00:00","og_image":[{"width":1200,"height":798,"url":"https:\/\/megapets.eu\/wp-content\/uploads\/2024\/10\/56.jpg","type":"image\/jpeg"}],"twitter_card":"summary_large_image","twitter_misc":{"Tiempo de lectura":"1 minuto"},"schema":{"@context":"https:\/\/schema.org","@graph":[{"@type":"WebPage","@id":"https:\/\/megapets.eu\/es\/wije-es\/atopochetus-caudulanuscocodrilo-rojo-purpura\/","url":"https:\/\/megapets.eu\/es\/wije-es\/atopochetus-caudulanuscocodrilo-rojo-purpura\/","name":"Atopochetus caudulanus \"Milpi\u00e9s morado y rojo\" | MegaPets","isPartOf":{"@id":"https:\/\/megapets.eu\/es\/#website"},"primaryImageOfPage":{"@id":"https:\/\/megapets.eu\/es\/wije-es\/atopochetus-caudulanuscocodrilo-rojo-purpura\/#primaryimage"},"image":{"@id":"https:\/\/megapets.eu\/es\/wije-es\/atopochetus-caudulanuscocodrilo-rojo-purpura\/#primaryimage"},"thumbnailUrl":"https:\/\/megapets.eu\/wp-content\/uploads\/2024\/10\/56.jpg","datePublished":"2024-10-05T11:03:19+00:00","dateModified":"2025-08-13T14:59:05+00:00","breadcrumb":{"@id":"https:\/\/megapets.eu\/es\/wije-es\/atopochetus-caudulanuscocodrilo-rojo-purpura\/#breadcrumb"},"inLanguage":"es","potentialAction":[{"@type":"ReadAction","target":["https:\/\/megapets.eu\/es\/wije-es\/atopochetus-caudulanuscocodrilo-rojo-purpura\/"]}]},{"@type":"ImageObject","inLanguage":"es","@id":"https:\/\/megapets.eu\/es\/wije-es\/atopochetus-caudulanuscocodrilo-rojo-purpura\/#primaryimage","url":"https:\/\/megapets.eu\/wp-content\/uploads\/2024\/10\/56.jpg","contentUrl":"https:\/\/megapets.eu\/wp-content\/uploads\/2024\/10\/56.jpg","width":1200,"height":798},{"@type":"BreadcrumbList","@id":"https:\/\/megapets.eu\/es\/wije-es\/atopochetus-caudulanuscocodrilo-rojo-purpura\/#breadcrumb","itemListElement":[{"@type":"ListItem","position":1,"name":"Strona g\u0142\u00f3wna","item":"https:\/\/megapets.eu\/es\/"},{"@type":"ListItem","position":2,"name":"Almacenar","item":"https:\/\/megapets.eu\/almacenar\/"},{"@type":"ListItem","position":3,"name":"Atopochetus caudulanus&#8222;Milpi\u00e9s morado y rojo\""}]},{"@type":"WebSite","@id":"https:\/\/megapets.eu\/es\/#website","url":"https:\/\/megapets.eu\/es\/","name":"Mega Pets","description":"Jedna z najwi\u0119kszych hodowli \u015blimak\u00f3w w Europie","publisher":{"@id":"https:\/\/megapets.eu\/es\/#organization"},"alternateName":"Mega Pets","potentialAction":[{"@type":"SearchAction","target":{"@type":"EntryPoint","urlTemplate":"https:\/\/megapets.eu\/es\/?s={search_term_string}"},"query-input":{"@type":"PropertyValueSpecification","valueRequired":true,"valueName":"search_term_string"}}],"inLanguage":"es"},{"@type":"Organization","@id":"https:\/\/megapets.eu\/es\/#organization","name":"Mega Pets","url":"https:\/\/megapets.eu\/es\/","logo":{"@type":"ImageObject","inLanguage":"es","@id":"https:\/\/megapets.eu\/es\/#\/schema\/logo\/image\/","url":"https:\/\/megapets.eu\/wp-content\/uploads\/2025\/04\/megapets_eu-logo.png","contentUrl":"https:\/\/megapets.eu\/wp-content\/uploads\/2025\/04\/megapets_eu-logo.png","width":2362,"height":2362,"caption":"Mega Pets"},"image":{"@id":"https:\/\/megapets.eu\/es\/#\/schema\/logo\/image\/"},"sameAs":["https:\/\/www.facebook.com\/MegaPets.eu\/"]}]}},"_links":{"self":[{"href":"https:\/\/megapets.eu\/es\/wp-json\/wp\/v2\/product\/5466","targetHints":{"allow":["GET"]}}],"collection":[{"href":"https:\/\/megapets.eu\/es\/wp-json\/wp\/v2\/product"}],"about":[{"href":"https:\/\/megapets.eu\/es\/wp-json\/wp\/v2\/types\/product"}],"wp:featuredmedia":[{"embeddable":true,"href":"https:\/\/megapets.eu\/es\/wp-json\/wp\/v2\/media\/5468"}],"wp:attachment":[{"href":"https:\/\/megapets.eu\/es\/wp-json\/wp\/v2\/media?parent=5466"}],"wp:term":[{"taxonomy":"product_cat","embeddable":true,"href":"https:\/\/megapets.eu\/es\/wp-json\/wp\/v2\/product_cat?post=5466"},{"taxonomy":"product_tag","embeddable":true,"href":"https:\/\/megapets.eu\/es\/wp-json\/wp\/v2\/product_tag?post=5466"}],"curies":[{"name":"wp","href":"https:\/\/api.w.org\/{rel}","templated":true}]}}