{"id":5499,"date":"2024-10-03T20:08:43","date_gmt":"2024-10-03T20:08:43","guid":{"rendered":"https:\/\/megapets.eu\/sin categor\u00eda\/kit-de-inicio-para-la-cria-deviboras-cocodrilos-isopodos\/"},"modified":"2024-10-03T20:08:43","modified_gmt":"2024-10-03T20:08:43","slug":"kit-de-inicio-para-la-cria-deviboras-cocodrilos-isopodos","status":"publish","type":"product","link":"https:\/\/megapets.eu\/es\/accesorios\/kit-de-inicio-para-la-cria-deviboras-cocodrilos-isopodos\/","title":{"rendered":"Kit de inicio para la cr\u00eda de<br \/>v\u00edboras, cocodrilos, is\u00f3podos"},"content":{"rendered":"<p><em><span style=\"color: #424242;\"><strong>El kit \u00abKit de iniciaci\u00f3n para la cr\u00eda de v\u00edboras, cocodrilos e is\u00f3podos\u00bb incluye<\/strong><\/span><\/em><\/p>\n<ul>\n<li><span style=\"color: #e87020; font-size: 17px;\"><em><strong>1 unidad x Sustrato Forestal 1,5 L.<\/strong><\/em><\/span><\/li>\n<\/ul>\n<p><em><span style=\"color: #424242; font-size: 15px;\"><strong>El Sustrato Forestal es ideal para la cr\u00eda de cocodrilos, v\u00edboras, is\u00f3podos, prosimios, cul\u00e1nidos, cucarachas ex\u00f3ticas.<\/strong><\/span><\/em><\/p>\n<p><em><span style=\"color: #424242; font-size: 15px;\"><strong>El sustrato est\u00e1 h\u00famedo, siempre reci\u00e9n preparado, por lo que se recomienda utilizarlo inmediatamente. <\/strong><\/span><\/em><\/p>\n<p><em><span style=\"color: #424242; font-size: 15px;\"><strong>Composici\u00f3n del sustrato (ingredientes tratados t\u00e9rmicamente): hojas secas de roble; hojas de abedul; madera descompuesta de roble y haya; cubos de roble y haya; turba neutra; sustrato de coco; musgo de turba Sphagnum.<\/strong><\/span><\/em><\/p>\n<ul>\n<li><span style=\"color: #e87020; font-size: 17px;\"><em><strong>1 unidad x Hojas secas de abedul y roble 500 ml.<\/strong><\/em><\/span><\/li>\n<\/ul>\n<p><em><span style=\"color: #424242; font-size: 15px;\"><strong>Tratadas t\u00e9rmicamente.<\/strong><\/span><\/em><\/p>\n<ul>\n<li><span style=\"color: #e87020; font-size: 17px;\"><em><strong>1 ud. x Gammarus molido 25 g.<\/strong><\/em><\/span><\/li>\n<\/ul>\n<p><em><span style=\"color: #424242; font-size: 15px;\"><strong>Gammarus molido es un germen desecado, rico en macro y microelementos, fuente natural de prote\u00ednas animales y quitina. Gammarus es ideal para la cr\u00eda de caracoles ex\u00f3ticos, gusanos, cocodrilos, cucarachas ex\u00f3ticas y otros animales de terrario.<\/strong><\/span><\/em><\/p>\n<ul>\n<li><span style=\"color: #e87020; font-size: 17px;\"><em><strong>1 pieza x Sepia piezas 250 ml.<\/strong><\/em><\/span><\/li>\n<\/ul>\n<p><em><span style=\"color: #424242; font-size: 15px;\"><strong>Hueso de sepia 100% natural, fuente de calcio para animales de terrario.<\/strong><\/span><\/em><\/p>\n<ul>\n<li><span style=\"font-size: 17px; color: #e87020;\"><em><strong>1 ud. x Musgo de turba Sphagnum seco 500 ml.<\/strong><\/em><\/span><\/li>\n<\/ul>\n<p><em><span style=\"color: #424242; font-size: 15px;\"><strong>Tratada t\u00e9rmicamente<\/strong><\/span><\/em><\/p>\n<ul>\n<li><span style=\"font-size: 17px; color: #e87020;\"><em><strong>1-2 uds. x Adornos decorativos.<\/strong><\/em><\/span><\/li>\n<\/ul>\n<p><em><span style=\"color: #424242; font-size: 15px;\"><strong>El aspecto del adorno se elige al azar.<\/strong><\/span><\/em><\/p>\n<ul>\n<li><em><strong><span style=\"font-size: 17px;\"><span style=\"color: #e87020;\">1 ud. x Instrucciones de cr\u00eda.<\/span><\/span><\/strong><\/em><\/li>\n<\/ul>\n","protected":false},"excerpt":{"rendered":"<ul class=\"product_attributes\">\n<li><span style=\"color: #000000;\"><strong>Accesorios b\u00e1sicos bien elegidos<\/strong><\/span><\/li>\n<li><span style=\"color: #000000;\"><strong>Sustrato forestal, hojas secas, musgo Sphagnum,<\/strong><\/span><\/li>\n<li><span style=\"color: #000000;\"><strong>Gammarus, hueso de sepia, adornos<\/strong><\/span><\/li>\n<\/ul>\n","protected":false},"featured_media":5444,"template":"","meta":{"_acf_changed":false,"_links_to":"","_links_to_target":""},"product_cat":[129],"product_tag":[133,132,131],"class_list":{"0":"post-5499","1":"product","2":"type-product","3":"status-publish","4":"has-post-thumbnail","6":"product_cat-accesorios","7":"product_tag-para-las-cucarachas","8":"product_tag-para-los-isopodos","9":"product_tag-por-las-artimanas","11":"first","12":"instock","13":"shipping-taxable","14":"purchasable","15":"product-type-simple"},"acf":[],"yoast_head":"<!-- This site is optimized with the Yoast SEO plugin v24.9 - https:\/\/yoast.com\/wordpress\/plugins\/seo\/ -->\n<title>Kit de inicio para la cr\u00eda dev\u00edboras, cocodrilos, is\u00f3podos | MegaPets<\/title>\n<meta name=\"robots\" content=\"index, follow, max-snippet:-1, max-image-preview:large, max-video-preview:-1\" \/>\n<link rel=\"canonical\" href=\"https:\/\/megapets.eu\/es\/accesorios\/kit-de-inicio-para-la-cria-deviboras-cocodrilos-isopodos\/\" \/>\n<meta property=\"og:locale\" content=\"es_ES\" \/>\n<meta property=\"og:type\" content=\"article\" \/>\n<meta property=\"og:title\" content=\"Kit de inicio para la cr\u00eda dev\u00edboras, cocodrilos, is\u00f3podos | MegaPets\" \/>\n<meta property=\"og:description\" content=\"Accesorios b\u00e1sicos bien elegidos  Sustrato forestal, hojas secas, musgo Sphagnum,  Gammarus, hueso de sepia, adornos\" \/>\n<meta property=\"og:url\" content=\"https:\/\/megapets.eu\/es\/accesorios\/kit-de-inicio-para-la-cria-deviboras-cocodrilos-isopodos\/\" \/>\n<meta property=\"og:site_name\" content=\"MegaPets\" \/>\n<meta property=\"article:publisher\" content=\"https:\/\/www.facebook.com\/MegaPets.eu\/\" \/>\n<meta property=\"og:image\" content=\"https:\/\/megapets.eu\/wp-content\/uploads\/2024\/10\/2.jpg\" \/>\n\t<meta property=\"og:image:width\" content=\"1085\" \/>\n\t<meta property=\"og:image:height\" content=\"715\" \/>\n\t<meta property=\"og:image:type\" content=\"image\/jpeg\" \/>\n<meta name=\"twitter:card\" content=\"summary_large_image\" \/>\n<meta name=\"twitter:label1\" content=\"Tiempo de lectura\" \/>\n\t<meta name=\"twitter:data1\" content=\"1 minuto\" \/>\n<script type=\"application\/ld+json\" class=\"yoast-schema-graph\">{\"@context\":\"https:\/\/schema.org\",\"@graph\":[{\"@type\":\"WebPage\",\"@id\":\"https:\/\/megapets.eu\/es\/accesorios\/kit-de-inicio-para-la-cria-deviboras-cocodrilos-isopodos\/\",\"url\":\"https:\/\/megapets.eu\/es\/accesorios\/kit-de-inicio-para-la-cria-deviboras-cocodrilos-isopodos\/\",\"name\":\"Kit de inicio para la cr\u00eda de v\u00edboras, cocodrilos, is\u00f3podos | MegaPets\",\"isPartOf\":{\"@id\":\"https:\/\/megapets.eu\/es\/#website\"},\"primaryImageOfPage\":{\"@id\":\"https:\/\/megapets.eu\/es\/accesorios\/kit-de-inicio-para-la-cria-deviboras-cocodrilos-isopodos\/#primaryimage\"},\"image\":{\"@id\":\"https:\/\/megapets.eu\/es\/accesorios\/kit-de-inicio-para-la-cria-deviboras-cocodrilos-isopodos\/#primaryimage\"},\"thumbnailUrl\":\"https:\/\/megapets.eu\/wp-content\/uploads\/2024\/10\/2.jpg\",\"datePublished\":\"2024-10-03T20:08:43+00:00\",\"breadcrumb\":{\"@id\":\"https:\/\/megapets.eu\/es\/accesorios\/kit-de-inicio-para-la-cria-deviboras-cocodrilos-isopodos\/#breadcrumb\"},\"inLanguage\":\"es\",\"potentialAction\":[{\"@type\":\"ReadAction\",\"target\":[\"https:\/\/megapets.eu\/es\/accesorios\/kit-de-inicio-para-la-cria-deviboras-cocodrilos-isopodos\/\"]}]},{\"@type\":\"ImageObject\",\"inLanguage\":\"es\",\"@id\":\"https:\/\/megapets.eu\/es\/accesorios\/kit-de-inicio-para-la-cria-deviboras-cocodrilos-isopodos\/#primaryimage\",\"url\":\"https:\/\/megapets.eu\/wp-content\/uploads\/2024\/10\/2.jpg\",\"contentUrl\":\"https:\/\/megapets.eu\/wp-content\/uploads\/2024\/10\/2.jpg\",\"width\":1085,\"height\":715},{\"@type\":\"BreadcrumbList\",\"@id\":\"https:\/\/megapets.eu\/es\/accesorios\/kit-de-inicio-para-la-cria-deviboras-cocodrilos-isopodos\/#breadcrumb\",\"itemListElement\":[{\"@type\":\"ListItem\",\"position\":1,\"name\":\"Strona g\u0142\u00f3wna\",\"item\":\"https:\/\/megapets.eu\/es\/\"},{\"@type\":\"ListItem\",\"position\":2,\"name\":\"Almacenar\",\"item\":\"https:\/\/megapets.eu\/almacenar\/\"},{\"@type\":\"ListItem\",\"position\":3,\"name\":\"Kit de inicio para la cr\u00eda dev\u00edboras, cocodrilos, is\u00f3podos\"}]},{\"@type\":\"WebSite\",\"@id\":\"https:\/\/megapets.eu\/es\/#website\",\"url\":\"https:\/\/megapets.eu\/es\/\",\"name\":\"Mega Pets\",\"description\":\"Jedna z najwi\u0119kszych hodowli \u015blimak\u00f3w w Europie\",\"publisher\":{\"@id\":\"https:\/\/megapets.eu\/es\/#organization\"},\"alternateName\":\"Mega Pets\",\"potentialAction\":[{\"@type\":\"SearchAction\",\"target\":{\"@type\":\"EntryPoint\",\"urlTemplate\":\"https:\/\/megapets.eu\/es\/?s={search_term_string}\"},\"query-input\":{\"@type\":\"PropertyValueSpecification\",\"valueRequired\":true,\"valueName\":\"search_term_string\"}}],\"inLanguage\":\"es\"},{\"@type\":\"Organization\",\"@id\":\"https:\/\/megapets.eu\/es\/#organization\",\"name\":\"Mega Pets\",\"url\":\"https:\/\/megapets.eu\/es\/\",\"logo\":{\"@type\":\"ImageObject\",\"inLanguage\":\"es\",\"@id\":\"https:\/\/megapets.eu\/es\/#\/schema\/logo\/image\/\",\"url\":\"https:\/\/megapets.eu\/wp-content\/uploads\/2025\/04\/megapets_eu-logo.png\",\"contentUrl\":\"https:\/\/megapets.eu\/wp-content\/uploads\/2025\/04\/megapets_eu-logo.png\",\"width\":2362,\"height\":2362,\"caption\":\"Mega Pets\"},\"image\":{\"@id\":\"https:\/\/megapets.eu\/es\/#\/schema\/logo\/image\/\"},\"sameAs\":[\"https:\/\/www.facebook.com\/MegaPets.eu\/\"]}]}<\/script>\n<!-- \/ Yoast SEO plugin. -->","yoast_head_json":{"title":"Kit de inicio para la cr\u00eda dev\u00edboras, cocodrilos, is\u00f3podos | MegaPets","robots":{"index":"index","follow":"follow","max-snippet":"max-snippet:-1","max-image-preview":"max-image-preview:large","max-video-preview":"max-video-preview:-1"},"canonical":"https:\/\/megapets.eu\/es\/accesorios\/kit-de-inicio-para-la-cria-deviboras-cocodrilos-isopodos\/","og_locale":"es_ES","og_type":"article","og_title":"Kit de inicio para la cr\u00eda dev\u00edboras, cocodrilos, is\u00f3podos | MegaPets","og_description":"Accesorios b\u00e1sicos bien elegidos  Sustrato forestal, hojas secas, musgo Sphagnum,  Gammarus, hueso de sepia, adornos","og_url":"https:\/\/megapets.eu\/es\/accesorios\/kit-de-inicio-para-la-cria-deviboras-cocodrilos-isopodos\/","og_site_name":"MegaPets","article_publisher":"https:\/\/www.facebook.com\/MegaPets.eu\/","og_image":[{"width":1085,"height":715,"url":"https:\/\/megapets.eu\/wp-content\/uploads\/2024\/10\/2.jpg","type":"image\/jpeg"}],"twitter_card":"summary_large_image","twitter_misc":{"Tiempo de lectura":"1 minuto"},"schema":{"@context":"https:\/\/schema.org","@graph":[{"@type":"WebPage","@id":"https:\/\/megapets.eu\/es\/accesorios\/kit-de-inicio-para-la-cria-deviboras-cocodrilos-isopodos\/","url":"https:\/\/megapets.eu\/es\/accesorios\/kit-de-inicio-para-la-cria-deviboras-cocodrilos-isopodos\/","name":"Kit de inicio para la cr\u00eda de v\u00edboras, cocodrilos, is\u00f3podos | MegaPets","isPartOf":{"@id":"https:\/\/megapets.eu\/es\/#website"},"primaryImageOfPage":{"@id":"https:\/\/megapets.eu\/es\/accesorios\/kit-de-inicio-para-la-cria-deviboras-cocodrilos-isopodos\/#primaryimage"},"image":{"@id":"https:\/\/megapets.eu\/es\/accesorios\/kit-de-inicio-para-la-cria-deviboras-cocodrilos-isopodos\/#primaryimage"},"thumbnailUrl":"https:\/\/megapets.eu\/wp-content\/uploads\/2024\/10\/2.jpg","datePublished":"2024-10-03T20:08:43+00:00","breadcrumb":{"@id":"https:\/\/megapets.eu\/es\/accesorios\/kit-de-inicio-para-la-cria-deviboras-cocodrilos-isopodos\/#breadcrumb"},"inLanguage":"es","potentialAction":[{"@type":"ReadAction","target":["https:\/\/megapets.eu\/es\/accesorios\/kit-de-inicio-para-la-cria-deviboras-cocodrilos-isopodos\/"]}]},{"@type":"ImageObject","inLanguage":"es","@id":"https:\/\/megapets.eu\/es\/accesorios\/kit-de-inicio-para-la-cria-deviboras-cocodrilos-isopodos\/#primaryimage","url":"https:\/\/megapets.eu\/wp-content\/uploads\/2024\/10\/2.jpg","contentUrl":"https:\/\/megapets.eu\/wp-content\/uploads\/2024\/10\/2.jpg","width":1085,"height":715},{"@type":"BreadcrumbList","@id":"https:\/\/megapets.eu\/es\/accesorios\/kit-de-inicio-para-la-cria-deviboras-cocodrilos-isopodos\/#breadcrumb","itemListElement":[{"@type":"ListItem","position":1,"name":"Strona g\u0142\u00f3wna","item":"https:\/\/megapets.eu\/es\/"},{"@type":"ListItem","position":2,"name":"Almacenar","item":"https:\/\/megapets.eu\/almacenar\/"},{"@type":"ListItem","position":3,"name":"Kit de inicio para la cr\u00eda dev\u00edboras, cocodrilos, is\u00f3podos"}]},{"@type":"WebSite","@id":"https:\/\/megapets.eu\/es\/#website","url":"https:\/\/megapets.eu\/es\/","name":"Mega Pets","description":"Jedna z najwi\u0119kszych hodowli \u015blimak\u00f3w w Europie","publisher":{"@id":"https:\/\/megapets.eu\/es\/#organization"},"alternateName":"Mega Pets","potentialAction":[{"@type":"SearchAction","target":{"@type":"EntryPoint","urlTemplate":"https:\/\/megapets.eu\/es\/?s={search_term_string}"},"query-input":{"@type":"PropertyValueSpecification","valueRequired":true,"valueName":"search_term_string"}}],"inLanguage":"es"},{"@type":"Organization","@id":"https:\/\/megapets.eu\/es\/#organization","name":"Mega Pets","url":"https:\/\/megapets.eu\/es\/","logo":{"@type":"ImageObject","inLanguage":"es","@id":"https:\/\/megapets.eu\/es\/#\/schema\/logo\/image\/","url":"https:\/\/megapets.eu\/wp-content\/uploads\/2025\/04\/megapets_eu-logo.png","contentUrl":"https:\/\/megapets.eu\/wp-content\/uploads\/2025\/04\/megapets_eu-logo.png","width":2362,"height":2362,"caption":"Mega Pets"},"image":{"@id":"https:\/\/megapets.eu\/es\/#\/schema\/logo\/image\/"},"sameAs":["https:\/\/www.facebook.com\/MegaPets.eu\/"]}]}},"_links":{"self":[{"href":"https:\/\/megapets.eu\/es\/wp-json\/wp\/v2\/product\/5499","targetHints":{"allow":["GET"]}}],"collection":[{"href":"https:\/\/megapets.eu\/es\/wp-json\/wp\/v2\/product"}],"about":[{"href":"https:\/\/megapets.eu\/es\/wp-json\/wp\/v2\/types\/product"}],"wp:featuredmedia":[{"embeddable":true,"href":"https:\/\/megapets.eu\/es\/wp-json\/wp\/v2\/media\/5444"}],"wp:attachment":[{"href":"https:\/\/megapets.eu\/es\/wp-json\/wp\/v2\/media?parent=5499"}],"wp:term":[{"taxonomy":"product_cat","embeddable":true,"href":"https:\/\/megapets.eu\/es\/wp-json\/wp\/v2\/product_cat?post=5499"},{"taxonomy":"product_tag","embeddable":true,"href":"https:\/\/megapets.eu\/es\/wp-json\/wp\/v2\/product_tag?post=5499"}],"curies":[{"name":"wp","href":"https:\/\/api.w.org\/{rel}","templated":true}]}}