{"id":7830,"date":"2025-06-25T04:54:57","date_gmt":"2025-06-25T04:54:57","guid":{"rendered":"https:\/\/megapets.eu\/?post_type=product&#038;p=7830"},"modified":"2025-08-13T07:29:16","modified_gmt":"2025-08-13T07:29:16","slug":"archachatina-marginata-ictericastandard-para-p1-kopia","status":"publish","type":"product","link":"https:\/\/megapets.eu\/es\/caracoles\/archachatina-marginata-ictericastandard-para-p1-kopia\/","title":{"rendered":"Archachatina marginata icterica<br>est\u00e1ndar\/par P1"},"content":{"rendered":"<p style=\"text-align: left;\"><span style=\"font-size: 15px;\"><strong><span style=\"color: #000000;\"><em>Especie: <\/em><\/span><\/strong><span style=\"color: #000000;\"><em>Archachatina marginata icterica<\/em><\/span><strong><span style=\"color: #000000;\"><em><br \/>\nVariedad de color:<\/em><\/span><\/strong><span style=\"color: #000000;\"><em> est\u00e1ndar<\/em><\/span><\/span><\/p>\n<p style=\"text-align: left;\"><span style=\"font-size: 15px;\"><strong><span style=\"color: #000000;\"><em><img loading=\"lazy\" decoding=\"async\" class=\"\" src=\"https:\/\/static.xx.fbcdn.net\/images\/emoji.php\/v9\/ta\/1\/32\/1f525.png\" alt=\"\ud83d\udd25\" width=\"18\" height=\"18\"> <\/em><\/span><\/strong><span style=\"color: #000000;\"><em>Se ofrecen ejemplares j\u00f3venes de la mejor generaci\u00f3n &#8211; CB1. F1, de una pareja parental WC\/LTC no relacionada. Los caracoles tienen un pedigr\u00ed inicial. <\/em><\/span><\/span><\/p>\n<p style=\"text-align: left;\"><span style=\"font-size: 15px;\"><span style=\"color: #000000;\"><em><span style=\"color: #008000;\"><span style=\"color: #424242;\"><img loading=\"lazy\" decoding=\"async\" class=\"\" src=\"https:\/\/static.xx.fbcdn.net\/images\/emoji.php\/v9\/t73\/1\/32\/2600.png\" alt=\"\u2600\ufe0f\" width=\"18\" height=\"18\"> <\/span><\/span><span style=\"color: #e37100;\">Otro orgullo de nuestra cr\u00eda, caracoles contrastantes y llamativos Archachatina marginata icterica con conchas de color amarillo brillante. Los caracoles de la subespecie Archachatina marginata icterica tienen un tono amarillo pajizo m\u00e1s claro de sus conchas en comparaci\u00f3n con los individuos de Archachatina marginata ssp. La superficie de los auriculares est\u00e1 elegantemente adornada con rayas estrechas de color naranja de diferente saturaci\u00f3n de color. Gracias a estos llamativos rayos, las conchas de los caracoles de esta subespecie adquieren un aspecto \u00fanico y soleado. Archachatina marginata icterica &#8211; una especie muy rara, columela\ud83e\udd0d blanca, a menudo y correctamente con un tono de azul \ud83e\ude75, (en algunos espec\u00edmenes se pueden notar d\u00e9biles rastros del tono amarillo <span class=\"x1xsqp64 xiy17q3 x1o6pynw x19co3pv xdj266r xcwd3tp xat24cr x39eecv x2b8uid\" data-testid=\"emoji\"><span class=\"xexx8yu xn5pp95 x18d9i69 x2fxd7x x3jgonx x1bhl96m\">\ud83d\udc9b<\/span><\/span>).     <\/span><\/em><\/span><\/span><\/p>\n<p style=\"text-align: left;\"><span style=\"color: #000000; font-size: 15px;\"><em><span class=\"x1xsqp64 xiy17q3 x1o6pynw x19co3pv xdj266r xcwd3tp xat24cr x39eecv x2b8uid\" data-testid=\"emoji\"><span class=\"xexx8yu xn5pp95 x18d9i69 x2fxd7x x3jgonx x1bhl96m\"><img loading=\"lazy\" decoding=\"async\" class=\"\" src=\"https:\/\/static.xx.fbcdn.net\/images\/emoji.php\/v9\/t66\/1\/32\/1f4cc.png\" alt=\"\ud83d\udccc\" width=\"18\" height=\"18\"> <\/span><\/span>Despu\u00e9s del primer a\u00f1o desde la eclosi\u00f3n de los huevos, los caracoles sorprenden por su tama\u00f1o y belleza, construyendo una concha masiva con un tama\u00f1o impresionante de 12 a 15 cm. Los ejemplares adultos, con el pie erguido y el cuerpo completamente estirado, parecen verdaderos gigantes ex\u00f3ticos. <\/em><\/span><\/p>\n<p style=\"text-align: left;\"><span style=\"color: #000000; font-size: 15px;\"><em><img loading=\"lazy\" decoding=\"async\" class=\"xz74otr\" src=\"https:\/\/static.xx.fbcdn.net\/images\/emoji.php\/v9\/t1e\/1\/16\/1f33f.png\" alt=\"\ud83c\udf3f\" width=\"18\" height=\"18\"> <span style=\"color: #008000;\">Como la mayor\u00eda de las especies del g\u00e9nero Archachatina, estos caracoles son poco exigentes y se desarrollan bien con las condiciones b\u00e1sicas de alojamiento.<\/span><\/em><\/span><\/p>\n","protected":false},"excerpt":{"rendered":"<ul>\n<li>Tama\u00f1o del shell objetivo:\n<ul>\n<li>aprox. 12-15 cm <\/li>\n<\/ul>\n<\/li>\n<li>De una pareja no emparentada:\n<ul>\n<li>P1<\/li>\n<\/ul>\n<\/li>\n<li>Juveniles ofrecidos:\n<ul>\n<li>De acuerdo. 6-7 cm<\/li>\n<\/ul>\n<\/li>\n<li>El precio se aplica a:\n<ul>\n<li>1 pieza<\/li>\n<\/ul>\n<\/li>\n<\/ul>\n","protected":false},"featured_media":10185,"template":"","meta":{"_acf_changed":false,"_links_to":"","_links_to_target":""},"product_cat":[128],"product_tag":[],"class_list":{"0":"post-7830","1":"product","2":"type-product","3":"status-publish","4":"has-post-thumbnail","6":"product_cat-caracoles","8":"first","9":"instock","10":"shipping-taxable","11":"purchasable","12":"product-type-simple"},"acf":[],"yoast_head":"<!-- This site is optimized with the Yoast SEO plugin v24.9 - https:\/\/yoast.com\/wordpress\/plugins\/seo\/ -->\n<title>Archachatina marginata ictericaest\u00e1ndar\/par P1 | MegaPets<\/title>\n<meta name=\"robots\" content=\"index, follow, max-snippet:-1, max-image-preview:large, max-video-preview:-1\" \/>\n<link rel=\"canonical\" href=\"https:\/\/megapets.eu\/es\/caracoles\/archachatina-marginata-ictericastandard-para-p1-kopia\/\" \/>\n<meta property=\"og:locale\" content=\"es_ES\" \/>\n<meta property=\"og:type\" content=\"article\" \/>\n<meta property=\"og:title\" content=\"Archachatina marginata ictericaest\u00e1ndar\/par P1 | MegaPets\" \/>\n<meta property=\"og:description\" content=\"Tama\u00f1o del shell objetivo:  aprox. 12-15 cm   De una pareja no emparentada:  P1   Juveniles ofrecidos:  De acuerdo. 6-7 cm   El precio se aplica a:  1 pieza\" \/>\n<meta property=\"og:url\" content=\"https:\/\/megapets.eu\/es\/caracoles\/archachatina-marginata-ictericastandard-para-p1-kopia\/\" \/>\n<meta property=\"og:site_name\" content=\"MegaPets\" \/>\n<meta property=\"article:publisher\" content=\"https:\/\/www.facebook.com\/MegaPets.eu\/\" \/>\n<meta property=\"article:modified_time\" content=\"2025-08-13T07:29:16+00:00\" \/>\n<meta property=\"og:image\" content=\"https:\/\/megapets.eu\/wp-content\/uploads\/2025\/06\/1-icterica-ex.png\" \/>\n\t<meta property=\"og:image:width\" content=\"1057\" \/>\n\t<meta property=\"og:image:height\" content=\"691\" \/>\n\t<meta property=\"og:image:type\" content=\"image\/png\" \/>\n<meta name=\"twitter:card\" content=\"summary_large_image\" \/>\n<meta name=\"twitter:label1\" content=\"Tiempo de lectura\" \/>\n\t<meta name=\"twitter:data1\" content=\"1 minuto\" \/>\n<script type=\"application\/ld+json\" class=\"yoast-schema-graph\">{\"@context\":\"https:\/\/schema.org\",\"@graph\":[{\"@type\":\"WebPage\",\"@id\":\"https:\/\/megapets.eu\/es\/caracoles\/archachatina-marginata-ictericastandard-para-p1-kopia\/\",\"url\":\"https:\/\/megapets.eu\/es\/caracoles\/archachatina-marginata-ictericastandard-para-p1-kopia\/\",\"name\":\"Archachatina marginata icterica est\u00e1ndar\/par P1 | MegaPets\",\"isPartOf\":{\"@id\":\"https:\/\/megapets.eu\/es\/#website\"},\"primaryImageOfPage\":{\"@id\":\"https:\/\/megapets.eu\/es\/caracoles\/archachatina-marginata-ictericastandard-para-p1-kopia\/#primaryimage\"},\"image\":{\"@id\":\"https:\/\/megapets.eu\/es\/caracoles\/archachatina-marginata-ictericastandard-para-p1-kopia\/#primaryimage\"},\"thumbnailUrl\":\"https:\/\/megapets.eu\/wp-content\/uploads\/2025\/06\/1-icterica-ex.png\",\"datePublished\":\"2025-06-25T04:54:57+00:00\",\"dateModified\":\"2025-08-13T07:29:16+00:00\",\"breadcrumb\":{\"@id\":\"https:\/\/megapets.eu\/es\/caracoles\/archachatina-marginata-ictericastandard-para-p1-kopia\/#breadcrumb\"},\"inLanguage\":\"es\",\"potentialAction\":[{\"@type\":\"ReadAction\",\"target\":[\"https:\/\/megapets.eu\/es\/caracoles\/archachatina-marginata-ictericastandard-para-p1-kopia\/\"]}]},{\"@type\":\"ImageObject\",\"inLanguage\":\"es\",\"@id\":\"https:\/\/megapets.eu\/es\/caracoles\/archachatina-marginata-ictericastandard-para-p1-kopia\/#primaryimage\",\"url\":\"https:\/\/megapets.eu\/wp-content\/uploads\/2025\/06\/1-icterica-ex.png\",\"contentUrl\":\"https:\/\/megapets.eu\/wp-content\/uploads\/2025\/06\/1-icterica-ex.png\",\"width\":1057,\"height\":691},{\"@type\":\"BreadcrumbList\",\"@id\":\"https:\/\/megapets.eu\/es\/caracoles\/archachatina-marginata-ictericastandard-para-p1-kopia\/#breadcrumb\",\"itemListElement\":[{\"@type\":\"ListItem\",\"position\":1,\"name\":\"Strona g\u0142\u00f3wna\",\"item\":\"https:\/\/megapets.eu\/es\/\"},{\"@type\":\"ListItem\",\"position\":2,\"name\":\"Almacenar\",\"item\":\"https:\/\/megapets.eu\/almacenar\/\"},{\"@type\":\"ListItem\",\"position\":3,\"name\":\"Archachatina marginata ictericaest\u00e1ndar\/par P1\"}]},{\"@type\":\"WebSite\",\"@id\":\"https:\/\/megapets.eu\/es\/#website\",\"url\":\"https:\/\/megapets.eu\/es\/\",\"name\":\"Mega Pets\",\"description\":\"Jedna z najwi\u0119kszych hodowli \u015blimak\u00f3w w Europie\",\"publisher\":{\"@id\":\"https:\/\/megapets.eu\/es\/#organization\"},\"alternateName\":\"Mega Pets\",\"potentialAction\":[{\"@type\":\"SearchAction\",\"target\":{\"@type\":\"EntryPoint\",\"urlTemplate\":\"https:\/\/megapets.eu\/es\/?s={search_term_string}\"},\"query-input\":{\"@type\":\"PropertyValueSpecification\",\"valueRequired\":true,\"valueName\":\"search_term_string\"}}],\"inLanguage\":\"es\"},{\"@type\":\"Organization\",\"@id\":\"https:\/\/megapets.eu\/es\/#organization\",\"name\":\"Mega Pets\",\"url\":\"https:\/\/megapets.eu\/es\/\",\"logo\":{\"@type\":\"ImageObject\",\"inLanguage\":\"es\",\"@id\":\"https:\/\/megapets.eu\/es\/#\/schema\/logo\/image\/\",\"url\":\"https:\/\/megapets.eu\/wp-content\/uploads\/2025\/04\/megapets_eu-logo.png\",\"contentUrl\":\"https:\/\/megapets.eu\/wp-content\/uploads\/2025\/04\/megapets_eu-logo.png\",\"width\":2362,\"height\":2362,\"caption\":\"Mega Pets\"},\"image\":{\"@id\":\"https:\/\/megapets.eu\/es\/#\/schema\/logo\/image\/\"},\"sameAs\":[\"https:\/\/www.facebook.com\/MegaPets.eu\/\"]}]}<\/script>\n<!-- \/ Yoast SEO plugin. -->","yoast_head_json":{"title":"Archachatina marginata ictericaest\u00e1ndar\/par P1 | MegaPets","robots":{"index":"index","follow":"follow","max-snippet":"max-snippet:-1","max-image-preview":"max-image-preview:large","max-video-preview":"max-video-preview:-1"},"canonical":"https:\/\/megapets.eu\/es\/caracoles\/archachatina-marginata-ictericastandard-para-p1-kopia\/","og_locale":"es_ES","og_type":"article","og_title":"Archachatina marginata ictericaest\u00e1ndar\/par P1 | MegaPets","og_description":"Tama\u00f1o del shell objetivo:  aprox. 12-15 cm   De una pareja no emparentada:  P1   Juveniles ofrecidos:  De acuerdo. 6-7 cm   El precio se aplica a:  1 pieza","og_url":"https:\/\/megapets.eu\/es\/caracoles\/archachatina-marginata-ictericastandard-para-p1-kopia\/","og_site_name":"MegaPets","article_publisher":"https:\/\/www.facebook.com\/MegaPets.eu\/","article_modified_time":"2025-08-13T07:29:16+00:00","og_image":[{"width":1057,"height":691,"url":"https:\/\/megapets.eu\/wp-content\/uploads\/2025\/06\/1-icterica-ex.png","type":"image\/png"}],"twitter_card":"summary_large_image","twitter_misc":{"Tiempo de lectura":"1 minuto"},"schema":{"@context":"https:\/\/schema.org","@graph":[{"@type":"WebPage","@id":"https:\/\/megapets.eu\/es\/caracoles\/archachatina-marginata-ictericastandard-para-p1-kopia\/","url":"https:\/\/megapets.eu\/es\/caracoles\/archachatina-marginata-ictericastandard-para-p1-kopia\/","name":"Archachatina marginata icterica est\u00e1ndar\/par P1 | MegaPets","isPartOf":{"@id":"https:\/\/megapets.eu\/es\/#website"},"primaryImageOfPage":{"@id":"https:\/\/megapets.eu\/es\/caracoles\/archachatina-marginata-ictericastandard-para-p1-kopia\/#primaryimage"},"image":{"@id":"https:\/\/megapets.eu\/es\/caracoles\/archachatina-marginata-ictericastandard-para-p1-kopia\/#primaryimage"},"thumbnailUrl":"https:\/\/megapets.eu\/wp-content\/uploads\/2025\/06\/1-icterica-ex.png","datePublished":"2025-06-25T04:54:57+00:00","dateModified":"2025-08-13T07:29:16+00:00","breadcrumb":{"@id":"https:\/\/megapets.eu\/es\/caracoles\/archachatina-marginata-ictericastandard-para-p1-kopia\/#breadcrumb"},"inLanguage":"es","potentialAction":[{"@type":"ReadAction","target":["https:\/\/megapets.eu\/es\/caracoles\/archachatina-marginata-ictericastandard-para-p1-kopia\/"]}]},{"@type":"ImageObject","inLanguage":"es","@id":"https:\/\/megapets.eu\/es\/caracoles\/archachatina-marginata-ictericastandard-para-p1-kopia\/#primaryimage","url":"https:\/\/megapets.eu\/wp-content\/uploads\/2025\/06\/1-icterica-ex.png","contentUrl":"https:\/\/megapets.eu\/wp-content\/uploads\/2025\/06\/1-icterica-ex.png","width":1057,"height":691},{"@type":"BreadcrumbList","@id":"https:\/\/megapets.eu\/es\/caracoles\/archachatina-marginata-ictericastandard-para-p1-kopia\/#breadcrumb","itemListElement":[{"@type":"ListItem","position":1,"name":"Strona g\u0142\u00f3wna","item":"https:\/\/megapets.eu\/es\/"},{"@type":"ListItem","position":2,"name":"Almacenar","item":"https:\/\/megapets.eu\/almacenar\/"},{"@type":"ListItem","position":3,"name":"Archachatina marginata ictericaest\u00e1ndar\/par P1"}]},{"@type":"WebSite","@id":"https:\/\/megapets.eu\/es\/#website","url":"https:\/\/megapets.eu\/es\/","name":"Mega Pets","description":"Jedna z najwi\u0119kszych hodowli \u015blimak\u00f3w w Europie","publisher":{"@id":"https:\/\/megapets.eu\/es\/#organization"},"alternateName":"Mega Pets","potentialAction":[{"@type":"SearchAction","target":{"@type":"EntryPoint","urlTemplate":"https:\/\/megapets.eu\/es\/?s={search_term_string}"},"query-input":{"@type":"PropertyValueSpecification","valueRequired":true,"valueName":"search_term_string"}}],"inLanguage":"es"},{"@type":"Organization","@id":"https:\/\/megapets.eu\/es\/#organization","name":"Mega Pets","url":"https:\/\/megapets.eu\/es\/","logo":{"@type":"ImageObject","inLanguage":"es","@id":"https:\/\/megapets.eu\/es\/#\/schema\/logo\/image\/","url":"https:\/\/megapets.eu\/wp-content\/uploads\/2025\/04\/megapets_eu-logo.png","contentUrl":"https:\/\/megapets.eu\/wp-content\/uploads\/2025\/04\/megapets_eu-logo.png","width":2362,"height":2362,"caption":"Mega Pets"},"image":{"@id":"https:\/\/megapets.eu\/es\/#\/schema\/logo\/image\/"},"sameAs":["https:\/\/www.facebook.com\/MegaPets.eu\/"]}]}},"_links":{"self":[{"href":"https:\/\/megapets.eu\/es\/wp-json\/wp\/v2\/product\/7830","targetHints":{"allow":["GET"]}}],"collection":[{"href":"https:\/\/megapets.eu\/es\/wp-json\/wp\/v2\/product"}],"about":[{"href":"https:\/\/megapets.eu\/es\/wp-json\/wp\/v2\/types\/product"}],"wp:featuredmedia":[{"embeddable":true,"href":"https:\/\/megapets.eu\/es\/wp-json\/wp\/v2\/media\/10185"}],"wp:attachment":[{"href":"https:\/\/megapets.eu\/es\/wp-json\/wp\/v2\/media?parent=7830"}],"wp:term":[{"taxonomy":"product_cat","embeddable":true,"href":"https:\/\/megapets.eu\/es\/wp-json\/wp\/v2\/product_cat?post=7830"},{"taxonomy":"product_tag","embeddable":true,"href":"https:\/\/megapets.eu\/es\/wp-json\/wp\/v2\/product_tag?post=7830"}],"curies":[{"name":"wp","href":"https:\/\/api.w.org\/{rel}","templated":true}]}}