{"id":7854,"date":"2025-06-25T05:07:58","date_gmt":"2025-06-25T05:07:58","guid":{"rendered":"https:\/\/megapets.eu\/?post_type=product&#038;p=7854"},"modified":"2025-06-25T05:13:29","modified_gmt":"2025-06-25T05:13:29","slug":"lissachatina-fulicacuerpo-albino-kopia","status":"publish","type":"product","link":"https:\/\/megapets.eu\/es\/caracoles\/lissachatina-fulicacuerpo-albino-kopia\/","title":{"rendered":"Lissachatina fulica<br \/>cuerpo albino (Kopia)"},"content":{"rendered":"<p class=\"v1v1v1v1MsoNormal\"><span style=\"color: #424242;\"><strong><em><span style=\"font-size: 15px;\"><b>Especie: <\/b><\/span><\/em><\/strong><em><span style=\"font-size: 15px;\">Lissachatina fulica<\/span><\/em><strong><em><span style=\"font-size: 15px;\"><br \/>\nVariaci\u00f3n de color:<\/span><\/em><\/strong><em><span style=\"font-size: 15px;\"> cuerpo albino<\/span><\/em><\/span><\/p>\n<p class=\"v1v1v1v1MsoNormal\"><span style=\"font-size: 15px;\"><strong><em><span style=\"color: #008000;\">\u2b50\u2b50\u2b50<\/span><\/em><\/strong><em><span style=\"color: #008000;\"><span style=\"color: #424242;\"> La especie Lissachatina fulica es uno de los caracoles africanos m\u00e1s populares y conocidos entre los principiantes. Esta especie es activa y resistente a los errores de cr\u00eda. Por este motivo, a menudo se recomienda como primera especie con la que iniciar tu aventura con los caracoles. El cuerpo albino de la Lissachatina fulica crece bastante r\u00e1pido, el tama\u00f1o de la concha de un adulto de esta especie es de unos 12-15 cm. <\/span><\/span><\/em><\/span><\/p>\n<p class=\"v1v1v1v1MsoNormal\"><span style=\"font-size: 15px;\"><em><span style=\"color: #008000;\"><span style=\"color: #424242;\">La primera foto muestra un caracol adulto de la especie Lissachatina fulica cuerpo albino, la segunda foto muestra el tama\u00f1o de los caracoles j\u00f3venes de esta especie que ofrecemos. <\/span><\/span><\/em><\/span><\/p>\n<p class=\"v1v1v1v1MsoNormal\"><span style=\"font-size: 15px;\"><em><span style=\"color: #008000;\"><img decoding=\"async\" src=\"https:\/\/static.xx.fbcdn.net\/images\/emoji.php\/v9\/tbe\/1\/16\/1f3c6.png\" alt=\"\ud83c\udfc6\" \/><span style=\"color: #e36a19;\"> Todos los peque\u00f1os proceden de nuestro conocido criador registrado, por lo que est\u00e1s comprando de una fuente conocida, donde cuidamos adecuadamente de los caracoles y vigilamos cuidadosamente el desarrollo de cada uno.<\/span><\/span><\/em><\/span><\/p>\n<p class=\"v1v1v1v1MsoNormal\"><span style=\"font-size: 15px; color: #424242;\"><em>Como sabes, los recipientes de pl\u00e1stico son los mejores para la cr\u00eda de caracoles. Los recipientes que hemos preparado son ideales para el desarrollo de un nuevo y bonito crecimiento de conchas de caracol). Para ahorrar tiempo al completar tu pedido, te recomendamos que empieces con el set de iniciaci\u00f3n, que incluye los accesorios b\u00e1sicos para empezar r\u00e1pidamente tu propia cr\u00eda e instrucciones.<\/em><\/span><\/p>\n<p><span style=\"font-size: 15px;\"><em><span style=\"color: #008000;\"><img loading=\"lazy\" decoding=\"async\" class=\"xz74otr\" src=\"https:\/\/static.xx.fbcdn.net\/images\/emoji.php\/v9\/t1e\/1\/16\/1f33f.png\" alt=\"\ud83c\udf3f\" width=\"16\" height=\"16\" \/> Todo lo que necesita el animal es fruta y verdura fresca y madura, un recipiente para la cr\u00eda y sustrato (no dejes que el sustrato se seque, roc\u00eda el terrario cada 2-3 d\u00edas). En la dieta diaria del caracol no debe faltar el componente b\u00e1sico de una concha bella y sana; la c\u00e1scara de huevo en polvo y la sepia son fuentes naturales de calcio perfectamente digerible. Puedes informarte sobre la dieta de los caracoles ex\u00f3ticos en nuestro sitio web.<\/span><\/em><\/span><\/p>\n","protected":false},"excerpt":{"rendered":"<ul>\n<li>De una pareja no relacionada:\n<ul>\n<li>P-<\/li>\n<\/ul>\n<\/li>\n<li>Tama\u00f1o del caparaz\u00f3n objetivo:\n<ul>\n<li>aprox. 12-15 cm<\/li>\n<\/ul>\n<\/li>\n<li>Juvenil ofrecido:\n<ul>\n<li>aprox. 4-5 cm<\/li>\n<\/ul>\n<\/li>\n<li>El precio es por\n<ul>\n<li>1 unidad<\/li>\n<\/ul>\n<\/li>\n<\/ul>\n","protected":false},"featured_media":5160,"template":"","meta":{"_acf_changed":false,"_links_to":"","_links_to_target":""},"product_cat":[128],"product_tag":[],"class_list":{"0":"post-7854","1":"product","2":"type-product","3":"status-publish","4":"has-post-thumbnail","6":"product_cat-caracoles","8":"first","9":"outofstock","10":"shipping-taxable","11":"purchasable","12":"product-type-simple"},"acf":[],"yoast_head":"<!-- This site is optimized with the Yoast SEO plugin v24.9 - https:\/\/yoast.com\/wordpress\/plugins\/seo\/ -->\n<title>Lissachatina fulicacuerpo albino (Kopia) | MegaPets<\/title>\n<meta name=\"description\" content=\"Los caracoles africanos de la especie Lissachatina fulica son uno de los caracoles africanos m\u00e1s populares y conocidos entre los principiantes. Esta especie es activa y resistente a los errores de cr\u00eda. Por este motivo, a menudo se recomienda como primera especie con la que iniciar tu aventura con los caracoles. El cuerpo albino del Lissachatina fulica crece bastante r\u00e1pido, el tama\u00f1o de la concha de un adulto de esta especie es de unos 12-15 cm.\" \/>\n<meta name=\"robots\" content=\"index, follow, max-snippet:-1, max-image-preview:large, max-video-preview:-1\" \/>\n<link rel=\"canonical\" href=\"https:\/\/megapets.eu\/es\/caracoles\/lissachatina-fulicacuerpo-albino-kopia\/\" \/>\n<meta property=\"og:locale\" content=\"es_ES\" \/>\n<meta property=\"og:type\" content=\"article\" \/>\n<meta property=\"og:title\" content=\"Lissachatina fulicacuerpo albino (Kopia) | MegaPets\" \/>\n<meta property=\"og:description\" content=\"Los caracoles africanos de la especie Lissachatina fulica son uno de los caracoles africanos m\u00e1s populares y conocidos entre los principiantes. Esta especie es activa y resistente a los errores de cr\u00eda. Por este motivo, a menudo se recomienda como primera especie con la que iniciar tu aventura con los caracoles. El cuerpo albino del Lissachatina fulica crece bastante r\u00e1pido, el tama\u00f1o de la concha de un adulto de esta especie es de unos 12-15 cm.\" \/>\n<meta property=\"og:url\" content=\"https:\/\/megapets.eu\/es\/caracoles\/lissachatina-fulicacuerpo-albino-kopia\/\" \/>\n<meta property=\"og:site_name\" content=\"MegaPets\" \/>\n<meta property=\"article:publisher\" content=\"https:\/\/www.facebook.com\/MegaPets.eu\/\" \/>\n<meta property=\"article:modified_time\" content=\"2025-06-25T05:13:29+00:00\" \/>\n<meta property=\"og:image\" content=\"https:\/\/megapets.eu\/wp-content\/uploads\/2025\/04\/logowj4.png\" \/>\n\t<meta property=\"og:image:width\" content=\"1198\" \/>\n\t<meta property=\"og:image:height\" content=\"796\" \/>\n\t<meta property=\"og:image:type\" content=\"image\/png\" \/>\n<meta name=\"twitter:card\" content=\"summary_large_image\" \/>\n<meta name=\"twitter:label1\" content=\"Tiempo de lectura\" \/>\n\t<meta name=\"twitter:data1\" content=\"2 minuto\" \/>\n<script type=\"application\/ld+json\" class=\"yoast-schema-graph\">{\"@context\":\"https:\/\/schema.org\",\"@graph\":[{\"@type\":\"WebPage\",\"@id\":\"https:\/\/megapets.eu\/es\/caracoles\/lissachatina-fulicacuerpo-albino-kopia\/\",\"url\":\"https:\/\/megapets.eu\/es\/caracoles\/lissachatina-fulicacuerpo-albino-kopia\/\",\"name\":\"Lissachatina fulica cuerpo albino (Kopia) | MegaPets\",\"isPartOf\":{\"@id\":\"https:\/\/megapets.eu\/es\/#website\"},\"primaryImageOfPage\":{\"@id\":\"https:\/\/megapets.eu\/es\/caracoles\/lissachatina-fulicacuerpo-albino-kopia\/#primaryimage\"},\"image\":{\"@id\":\"https:\/\/megapets.eu\/es\/caracoles\/lissachatina-fulicacuerpo-albino-kopia\/#primaryimage\"},\"thumbnailUrl\":\"https:\/\/megapets.eu\/wp-content\/uploads\/2025\/04\/Liss.-fulica-1-Ex.png\",\"datePublished\":\"2025-06-25T05:07:58+00:00\",\"dateModified\":\"2025-06-25T05:13:29+00:00\",\"description\":\"Los caracoles africanos de la especie Lissachatina fulica son uno de los caracoles africanos m\u00e1s populares y conocidos entre los principiantes. Esta especie es activa y resistente a los errores de cr\u00eda. Por este motivo, a menudo se recomienda como primera especie con la que iniciar tu aventura con los caracoles. El cuerpo albino del Lissachatina fulica crece bastante r\u00e1pido, el tama\u00f1o de la concha de un adulto de esta especie es de unos 12-15 cm.\",\"breadcrumb\":{\"@id\":\"https:\/\/megapets.eu\/es\/caracoles\/lissachatina-fulicacuerpo-albino-kopia\/#breadcrumb\"},\"inLanguage\":\"es\",\"potentialAction\":[{\"@type\":\"ReadAction\",\"target\":[\"https:\/\/megapets.eu\/es\/caracoles\/lissachatina-fulicacuerpo-albino-kopia\/\"]}]},{\"@type\":\"ImageObject\",\"inLanguage\":\"es\",\"@id\":\"https:\/\/megapets.eu\/es\/caracoles\/lissachatina-fulicacuerpo-albino-kopia\/#primaryimage\",\"url\":\"https:\/\/megapets.eu\/wp-content\/uploads\/2025\/04\/Liss.-fulica-1-Ex.png\",\"contentUrl\":\"https:\/\/megapets.eu\/wp-content\/uploads\/2025\/04\/Liss.-fulica-1-Ex.png\",\"width\":1046,\"height\":704},{\"@type\":\"BreadcrumbList\",\"@id\":\"https:\/\/megapets.eu\/es\/caracoles\/lissachatina-fulicacuerpo-albino-kopia\/#breadcrumb\",\"itemListElement\":[{\"@type\":\"ListItem\",\"position\":1,\"name\":\"Strona g\u0142\u00f3wna\",\"item\":\"https:\/\/megapets.eu\/es\/\"},{\"@type\":\"ListItem\",\"position\":2,\"name\":\"Almacenar\",\"item\":\"https:\/\/megapets.eu\/almacenar\/\"},{\"@type\":\"ListItem\",\"position\":3,\"name\":\"Lissachatina fulicacuerpo albino (Kopia)\"}]},{\"@type\":\"WebSite\",\"@id\":\"https:\/\/megapets.eu\/es\/#website\",\"url\":\"https:\/\/megapets.eu\/es\/\",\"name\":\"Mega Pets\",\"description\":\"Jedna z najwi\u0119kszych hodowli \u015blimak\u00f3w w Europie\",\"publisher\":{\"@id\":\"https:\/\/megapets.eu\/es\/#organization\"},\"alternateName\":\"Mega Pets\",\"potentialAction\":[{\"@type\":\"SearchAction\",\"target\":{\"@type\":\"EntryPoint\",\"urlTemplate\":\"https:\/\/megapets.eu\/es\/?s={search_term_string}\"},\"query-input\":{\"@type\":\"PropertyValueSpecification\",\"valueRequired\":true,\"valueName\":\"search_term_string\"}}],\"inLanguage\":\"es\"},{\"@type\":\"Organization\",\"@id\":\"https:\/\/megapets.eu\/es\/#organization\",\"name\":\"Mega Pets\",\"url\":\"https:\/\/megapets.eu\/es\/\",\"logo\":{\"@type\":\"ImageObject\",\"inLanguage\":\"es\",\"@id\":\"https:\/\/megapets.eu\/es\/#\/schema\/logo\/image\/\",\"url\":\"https:\/\/megapets.eu\/wp-content\/uploads\/2025\/04\/megapets_eu-logo.png\",\"contentUrl\":\"https:\/\/megapets.eu\/wp-content\/uploads\/2025\/04\/megapets_eu-logo.png\",\"width\":2362,\"height\":2362,\"caption\":\"Mega Pets\"},\"image\":{\"@id\":\"https:\/\/megapets.eu\/es\/#\/schema\/logo\/image\/\"},\"sameAs\":[\"https:\/\/www.facebook.com\/MegaPets.eu\/\"]}]}<\/script>\n<!-- \/ Yoast SEO plugin. -->","yoast_head_json":{"title":"Lissachatina fulicacuerpo albino (Kopia) | MegaPets","description":"Los caracoles africanos de la especie Lissachatina fulica son uno de los caracoles africanos m\u00e1s populares y conocidos entre los principiantes. Esta especie es activa y resistente a los errores de cr\u00eda. Por este motivo, a menudo se recomienda como primera especie con la que iniciar tu aventura con los caracoles. El cuerpo albino del Lissachatina fulica crece bastante r\u00e1pido, el tama\u00f1o de la concha de un adulto de esta especie es de unos 12-15 cm.","robots":{"index":"index","follow":"follow","max-snippet":"max-snippet:-1","max-image-preview":"max-image-preview:large","max-video-preview":"max-video-preview:-1"},"canonical":"https:\/\/megapets.eu\/es\/caracoles\/lissachatina-fulicacuerpo-albino-kopia\/","og_locale":"es_ES","og_type":"article","og_title":"Lissachatina fulicacuerpo albino (Kopia) | MegaPets","og_description":"Los caracoles africanos de la especie Lissachatina fulica son uno de los caracoles africanos m\u00e1s populares y conocidos entre los principiantes. Esta especie es activa y resistente a los errores de cr\u00eda. Por este motivo, a menudo se recomienda como primera especie con la que iniciar tu aventura con los caracoles. El cuerpo albino del Lissachatina fulica crece bastante r\u00e1pido, el tama\u00f1o de la concha de un adulto de esta especie es de unos 12-15 cm.","og_url":"https:\/\/megapets.eu\/es\/caracoles\/lissachatina-fulicacuerpo-albino-kopia\/","og_site_name":"MegaPets","article_publisher":"https:\/\/www.facebook.com\/MegaPets.eu\/","article_modified_time":"2025-06-25T05:13:29+00:00","og_image":[{"width":1198,"height":796,"url":"https:\/\/megapets.eu\/wp-content\/uploads\/2025\/04\/logowj4.png","type":"image\/png"}],"twitter_card":"summary_large_image","twitter_misc":{"Tiempo de lectura":"2 minuto"},"schema":{"@context":"https:\/\/schema.org","@graph":[{"@type":"WebPage","@id":"https:\/\/megapets.eu\/es\/caracoles\/lissachatina-fulicacuerpo-albino-kopia\/","url":"https:\/\/megapets.eu\/es\/caracoles\/lissachatina-fulicacuerpo-albino-kopia\/","name":"Lissachatina fulica cuerpo albino (Kopia) | MegaPets","isPartOf":{"@id":"https:\/\/megapets.eu\/es\/#website"},"primaryImageOfPage":{"@id":"https:\/\/megapets.eu\/es\/caracoles\/lissachatina-fulicacuerpo-albino-kopia\/#primaryimage"},"image":{"@id":"https:\/\/megapets.eu\/es\/caracoles\/lissachatina-fulicacuerpo-albino-kopia\/#primaryimage"},"thumbnailUrl":"https:\/\/megapets.eu\/wp-content\/uploads\/2025\/04\/Liss.-fulica-1-Ex.png","datePublished":"2025-06-25T05:07:58+00:00","dateModified":"2025-06-25T05:13:29+00:00","description":"Los caracoles africanos de la especie Lissachatina fulica son uno de los caracoles africanos m\u00e1s populares y conocidos entre los principiantes. Esta especie es activa y resistente a los errores de cr\u00eda. Por este motivo, a menudo se recomienda como primera especie con la que iniciar tu aventura con los caracoles. El cuerpo albino del Lissachatina fulica crece bastante r\u00e1pido, el tama\u00f1o de la concha de un adulto de esta especie es de unos 12-15 cm.","breadcrumb":{"@id":"https:\/\/megapets.eu\/es\/caracoles\/lissachatina-fulicacuerpo-albino-kopia\/#breadcrumb"},"inLanguage":"es","potentialAction":[{"@type":"ReadAction","target":["https:\/\/megapets.eu\/es\/caracoles\/lissachatina-fulicacuerpo-albino-kopia\/"]}]},{"@type":"ImageObject","inLanguage":"es","@id":"https:\/\/megapets.eu\/es\/caracoles\/lissachatina-fulicacuerpo-albino-kopia\/#primaryimage","url":"https:\/\/megapets.eu\/wp-content\/uploads\/2025\/04\/Liss.-fulica-1-Ex.png","contentUrl":"https:\/\/megapets.eu\/wp-content\/uploads\/2025\/04\/Liss.-fulica-1-Ex.png","width":1046,"height":704},{"@type":"BreadcrumbList","@id":"https:\/\/megapets.eu\/es\/caracoles\/lissachatina-fulicacuerpo-albino-kopia\/#breadcrumb","itemListElement":[{"@type":"ListItem","position":1,"name":"Strona g\u0142\u00f3wna","item":"https:\/\/megapets.eu\/es\/"},{"@type":"ListItem","position":2,"name":"Almacenar","item":"https:\/\/megapets.eu\/almacenar\/"},{"@type":"ListItem","position":3,"name":"Lissachatina fulicacuerpo albino (Kopia)"}]},{"@type":"WebSite","@id":"https:\/\/megapets.eu\/es\/#website","url":"https:\/\/megapets.eu\/es\/","name":"Mega Pets","description":"Jedna z najwi\u0119kszych hodowli \u015blimak\u00f3w w Europie","publisher":{"@id":"https:\/\/megapets.eu\/es\/#organization"},"alternateName":"Mega Pets","potentialAction":[{"@type":"SearchAction","target":{"@type":"EntryPoint","urlTemplate":"https:\/\/megapets.eu\/es\/?s={search_term_string}"},"query-input":{"@type":"PropertyValueSpecification","valueRequired":true,"valueName":"search_term_string"}}],"inLanguage":"es"},{"@type":"Organization","@id":"https:\/\/megapets.eu\/es\/#organization","name":"Mega Pets","url":"https:\/\/megapets.eu\/es\/","logo":{"@type":"ImageObject","inLanguage":"es","@id":"https:\/\/megapets.eu\/es\/#\/schema\/logo\/image\/","url":"https:\/\/megapets.eu\/wp-content\/uploads\/2025\/04\/megapets_eu-logo.png","contentUrl":"https:\/\/megapets.eu\/wp-content\/uploads\/2025\/04\/megapets_eu-logo.png","width":2362,"height":2362,"caption":"Mega Pets"},"image":{"@id":"https:\/\/megapets.eu\/es\/#\/schema\/logo\/image\/"},"sameAs":["https:\/\/www.facebook.com\/MegaPets.eu\/"]}]}},"_links":{"self":[{"href":"https:\/\/megapets.eu\/es\/wp-json\/wp\/v2\/product\/7854","targetHints":{"allow":["GET"]}}],"collection":[{"href":"https:\/\/megapets.eu\/es\/wp-json\/wp\/v2\/product"}],"about":[{"href":"https:\/\/megapets.eu\/es\/wp-json\/wp\/v2\/types\/product"}],"wp:featuredmedia":[{"embeddable":true,"href":"https:\/\/megapets.eu\/es\/wp-json\/wp\/v2\/media\/5160"}],"wp:attachment":[{"href":"https:\/\/megapets.eu\/es\/wp-json\/wp\/v2\/media?parent=7854"}],"wp:term":[{"taxonomy":"product_cat","embeddable":true,"href":"https:\/\/megapets.eu\/es\/wp-json\/wp\/v2\/product_cat?post=7854"},{"taxonomy":"product_tag","embeddable":true,"href":"https:\/\/megapets.eu\/es\/wp-json\/wp\/v2\/product_tag?post=7854"}],"curies":[{"name":"wp","href":"https:\/\/api.w.org\/{rel}","templated":true}]}}