{"id":4180,"date":"2023-02-10T14:50:00","date_gmt":"2023-02-10T14:50:00","guid":{"rendered":"https:\/\/megapets.eu\/politique-de-confidentialite\/"},"modified":"2023-02-10T14:50:00","modified_gmt":"2023-02-10T14:50:00","slug":"politique-de-confidentialite","status":"publish","type":"page","link":"https:\/\/megapets.eu\/fr\/politique-de-confidentialite\/","title":{"rendered":"Politique de confidentialit\u00e9"},"content":{"rendered":"<p><b>\u00a71 PRINCIPES DE TRAITEMENT DES DONN\u00c9ES PERSONNELLES<\/b><\/p>\n<ol>\n<li>L&rsquo;administrateur de tes donn\u00e9es personnelles fournies sur ce site web est <b>MegaPets Serhii Bondariuk<\/b><span class=\"Apple-converted-space\"> <\/span><b> <\/b>dont le si\u00e8ge social est situ\u00e9 \u00e0 l&rsquo;adresse suivante : MA\u0141OPOLSKIE voivodship, Krakowski poviat, Skawina commune, loc. Skawina, ul. Lipowa, nr 5a, lok. 2, 32-050, NIP 9442289433, tel. 796965220.<\/li>\n<li>Conform\u00e9ment \u00e0 l&rsquo;article 13(1) et (2) du R\u00e8glement g\u00e9n\u00e9ral sur la protection des donn\u00e9es du 27 avril 2016, tu trouveras ci-dessous les informations n\u00e9cessaires en raison du traitement des donn\u00e9es personnelles par l&rsquo;Administrateur.<span class=\"Apple-converted-space\"> <\/span><\/li>\n<li>Les donn\u00e9es \u00e0 caract\u00e8re personnel trait\u00e9es sur le site Web ci-dessous peuvent \u00eatre utilis\u00e9es aux fins suivantes :<\/li>\n<li>conclusion et ex\u00e9cution du contrat de fourniture de services conclu par toi avec l&rsquo;Administrateur des donn\u00e9es \u00e0 caract\u00e8re personnel (base de l&rsquo;article 6(1)(b) RODO),<\/li>\n<li>conclusion et ex\u00e9cution du contrat de vente conclu par toi avec l&rsquo;Administrateur des donn\u00e9es \u00e0 caract\u00e8re personnel (base de l&rsquo;article 6(1)(b) RODO),<\/li>\n<li>\u00e9tablissement \u00e9ventuel, enqu\u00eate ou d\u00e9fense contre les r\u00e9clamations, ce qui constitue notre int\u00e9r\u00eat l\u00e9gitime (base de l&rsquo;article 6(1)(f) RODO), \u00e9tablissement \u00e9ventuel, enqu\u00eate ou d\u00e9fense contre les r\u00e9clamations, ce qui constitue notre int\u00e9r\u00eat l\u00e9gitime (base de l&rsquo;article 6(1)(f) RODO). f RODO),<\/li>\n<li>de te proposer des produits et services directement de notre part, ce qui est notre int\u00e9r\u00eat l\u00e9gitime (base de l&rsquo;art. 6(1)(f) RODO),<\/li>\n<li>de te proposer des produits et entreprises coop\u00e9rant avec nous directement de notre part, ce qui est notre int\u00e9r\u00eat l\u00e9gitime et celui de nos partenaires (base de l&rsquo;art. 6(1)(f) RODO)<\/li>\n<li>de t&rsquo;envoyer des informations commerciales sur les produits et services de l&rsquo;administrateur des donn\u00e9es personnelles sur la base de ton consentement (base de l&rsquo;art. 6(1)(a) RODO) ;<\/li>\n<li>pour nous conformer \u00e0 notre obligation l\u00e9gale, par exemple li\u00e9e \u00e0 la comptabilit\u00e9 (base art. 6(1)(c) RODO)<span class=\"Apple-converted-space\"> <\/span><\/li>\n<li>Nous traiterons des cat\u00e9gories de tes donn\u00e9es personnelles telles que les donn\u00e9es d&rsquo;identification de base, les donn\u00e9es concernant ta r\u00e9sidence, les donn\u00e9es li\u00e9es \u00e0 ton activit\u00e9 professionnelle et les donn\u00e9es concernant la possibilit\u00e9 de te contacter.<span class=\"Apple-converted-space\"> <\/span><\/li>\n<li>Nous pouvons partager tes donn\u00e9es personnelles avec les cat\u00e9gories d&rsquo;entit\u00e9s suivantes :<span class=\"Apple-converted-space\"> <\/span><\/li>\n<\/ol>\n<ul>\n<li>sous-traitants, c&rsquo;est-\u00e0-dire des entit\u00e9s auxquelles nous faisons appel pour le traitement ;<\/li>\n<li>partenaires commerciaux dont les offres compl\u00e8tent les n\u00f4tres ;<span class=\"Apple-converted-space\"> <\/span><\/li>\n<\/ul>\n<ol start=\"13\">\n<li>Nous ne transf\u00e9rons pas tes donn\u00e9es en dehors de l&rsquo;UE\/EEE.<span class=\"Apple-converted-space\"> <\/span><\/li>\n<li>Tes donn\u00e9es personnelles seront trait\u00e9es et stock\u00e9es \u00e0 partir du moment o\u00f9 elles sont obtenues par l&rsquo;Administrateur des donn\u00e9es personnelles jusqu&rsquo;\u00e0 la fin de la fourniture des Services \u00e0 ton \u00e9gard, ainsi qu&rsquo;apr\u00e8s cette p\u00e9riode aux fins suivantes :<span class=\"Apple-converted-space\"> <\/span><\/li>\n<\/ol>\n<ul>\n<li>pour faire valoir des droits li\u00e9s \u00e0 l&rsquo;ex\u00e9cution du contrat ;<span class=\"Apple-converted-space\"> <\/span><\/li>\n<li>pour se conformer aux obligations d\u00e9coulant de la loi, y compris notamment en mati\u00e8re fiscale et comptable ;<span class=\"Apple-converted-space\"> <\/span><\/li>\n<li>marketing jusqu&rsquo;\u00e0 ce que tu t&rsquo;opposes \u00e0 leur traitement \u00e0 cette fin, que tu retires ton consentement, ou que nous d\u00e9terminions nous-m\u00eames qu&rsquo;elles sont devenues obsol\u00e8tes.<span class=\"Apple-converted-space\"> <\/span><\/li>\n<\/ul>\n<ol start=\"15\">\n<li>La fourniture des donn\u00e9es est volontaire, mais si tu ne le fais pas, nous ne pourrons pas te fournir de Services, nous ne pourrons pas r\u00e9pondre \u00e0 ta demande, nous ne pourrons pas te contacter, nous ne pourrons pas conclure de contrat de vente et nous ne pourrons pas recevoir d&rsquo;informations marketing.<\/li>\n<li>L&rsquo;Administrateur veillera \u00e0 ce que les donn\u00e9es soient collect\u00e9es, trait\u00e9es et utilis\u00e9es conform\u00e9ment aux dispositions de la loi sur la protection des donn\u00e9es applicable au pays dans lequel les donn\u00e9es sont collect\u00e9es.<span class=\"Apple-converted-space\"> <\/span><\/li>\n<li>L&rsquo;Administrateur peut utiliser le profilage sur le site Web \u00e0 des fins de marketing direct, mais les d\u00e9cisions prises sur sa base par l&rsquo;Administrateur ne concernent pas la conclusion ou le refus d&rsquo;un contrat de service ou la possibilit\u00e9 d&rsquo;utiliser des services \u00e9lectroniques sur le site Web. L&rsquo;utilisation du profilage sur le Site Internet peut avoir pour effet, par exemple, d&rsquo;accorder une remise \u00e0 une personne, de lui envoyer un code de r\u00e9duction, de lui rappeler ses achats inachev\u00e9s, de lui envoyer une proposition de Service susceptible de correspondre \u00e0 ses int\u00e9r\u00eats ou pr\u00e9f\u00e9rences ou de lui offrir de meilleures conditions par rapport \u00e0 l&rsquo;offre standard du Site Internet. Malgr\u00e9 le profilage, c&rsquo;est la personne qui d\u00e9cide librement si elle veut profiter de la r\u00e9duction ainsi re\u00e7ue ou des meilleures conditions et effectuer un achat sur le Site Internet.<\/li>\n<li>Le profilage sur le Site Internet implique l&rsquo;analyse automatique ou la pr\u00e9diction du comportement de la personne sur le Site Internet, par exemple en ajoutant un Service sp\u00e9cifique au panier, en naviguant sur la page d&rsquo;un Service sp\u00e9cifique sur le Site Internet ou en analysant l&rsquo;historique pr\u00e9c\u00e9dent des achats effectu\u00e9s sur le Site Internet. La condition pour un tel profilage est que l&rsquo;Administrateur dispose des donn\u00e9es personnelles de la personne en question afin de pouvoir lui envoyer ult\u00e9rieurement par exemple un code de r\u00e9duction.<\/li>\n<\/ol>\n<p><b>\u00a72 DROITS RELATIFS AU TRAITEMENT DES DONN\u00c9ES PERSONNELLES<\/b><\/p>\n<p><b>PAR L&rsquo;ADMINISTRATEUR<span class=\"Apple-converted-space\"> <\/span><\/b><\/p>\n<p><b>IMPORTANT ! <\/b>Il est utile de rappeler que tu as le droit d&rsquo;introduire une r\u00e9clamation aupr\u00e8s de l&rsquo;AOP lorsque tu consid\u00e8res que le traitement des donn\u00e9es personnelles viole les dispositions du R\u00e8glement g\u00e9n\u00e9ral sur la protection des donn\u00e9es du 27 avril 2016.<\/p>\n<p>En ce qui concerne le traitement de tes donn\u00e9es personnelles par le responsable du traitement, tu as le droit de :<\/p>\n<ol>\n<li>d&rsquo;acc\u00e9der \u00e0 tes donn\u00e9es personnelles et d&rsquo;en recevoir une copie ;<span class=\"Apple-converted-space\"> <\/span><\/li>\n<li>de rectifier (modifier tes donn\u00e9es) ;<\/li>\n<li>d&rsquo;effacer tes donn\u00e9es<span class=\"Apple-converted-space\"> <\/span><\/li>\n<\/ol>\n<p><b>IMPORTANT ! <\/b>Si, selon toi, il n&rsquo;y a aucun motif pour que nous traitions tes donn\u00e9es, tu peux demander \u00e0 ce que nous effacions tes donn\u00e9es.<span class=\"Apple-converted-space\"> <\/span><\/p>\n<ol start=\"4\">\n<li>de restreindre le traitement de tes donn\u00e9es personnelles ;<\/li>\n<\/ol>\n<p><b>IMPORTANT ! <\/b>Tu peux demander que nous limitions le traitement de tes donn\u00e9es personnelles uniquement \u00e0 leur stockage ou \u00e0 la r\u00e9alisation d&rsquo;activit\u00e9s convenues avec toi, si selon toi nous disposons de donn\u00e9es incorrectes te concernant ou si nous les traitons de mani\u00e8re infond\u00e9e ; ou si tu ne veux pas que nous les effacions parce que tu en as besoin pour \u00e9tablir, faire valoir ou d\u00e9fendre une r\u00e9clamation ; ou pendant la dur\u00e9e de ton opposition au traitement.<span class=\"Apple-converted-space\"> <\/span><\/p>\n<ol start=\"5\">\n<li>pour t&rsquo;opposer au traitement de tes donn\u00e9es personnelles ;<span class=\"Apple-converted-space\"> <\/span><\/li>\n<li>\u00e0 la portabilit\u00e9 des donn\u00e9es ;<span class=\"Apple-converted-space\"> <\/span><\/li>\n<\/ol>\n<p><b>IMPORTANT ! <\/b>Tu as le droit de recevoir tes donn\u00e9es personnelles de notre part dans un format structur\u00e9, couramment utilis\u00e9 et lisible par machine. Tu peux \u00e9galement nous demander d&rsquo;envoyer ces donn\u00e9es directement \u00e0 une autre partie.<span class=\"Apple-converted-space\"> <\/span><\/p>\n<ol start=\"7\">\n<li>le droit de d\u00e9poser une plainte aupr\u00e8s d&rsquo;une autorit\u00e9 de contr\u00f4le ;<span class=\"Apple-converted-space\"> <\/span><\/li>\n<li>le droit de retirer ton consentement au traitement de tes donn\u00e9es personnelles<\/li>\n<\/ol>\n<p><b>IMPORTANT ! Pour exercer l&rsquo;un des droits mentionn\u00e9s ci-dessus, tu es pri\u00e9 d&rsquo;envoyer un courriel pertinent au responsable du traitement des donn\u00e9es personnelles. Ta demande sera trait\u00e9e imm\u00e9diatement.<\/b><\/p>\n<p><b>\u00a73 CHAMP D&rsquo;APPLICATION DU TRAITEMENT DES DONN\u00c9ES<\/b><\/p>\n<ol>\n<li>Lors de l&rsquo;utilisation du site<b> <\/b>, certaines donn\u00e9es sont automatiquement stock\u00e9es sur les serveurs du Propri\u00e9taire du site \u00e0 des fins d&rsquo;administration du syst\u00e8me ou \u00e0 des fins statistiques ou de sauvegarde. Les donn\u00e9es susmentionn\u00e9es comprennent :<span class=\"Apple-converted-space\"> <\/span><\/li>\n<\/ol>\n<ul>\n<li>le nom de ton fournisseur d&rsquo;acc\u00e8s \u00e0 Internet ;<span class=\"Apple-converted-space\"> <\/span><\/li>\n<li>l&rsquo;adresse IP ;<span class=\"Apple-converted-space\"> <\/span><\/li>\n<li>la version du logiciel de navigation ;<span class=\"Apple-converted-space\"> <\/span><\/li>\n<li>le syst\u00e8me d&rsquo;exploitation de l&rsquo;ordinateur ; <span class=\"Apple-converted-space\"> <\/span><\/li>\n<li>les journaux du syst\u00e8me ;<span class=\"Apple-converted-space\"> <\/span><\/li>\n<\/ul>\n<ol start=\"2\">\n<li>l&rsquo;Administrateur des donn\u00e9es personnelles traite les donn\u00e9es personnelles de l&rsquo;Utilisateur telles que :<span class=\"Apple-converted-space\"> <\/span><\/li>\n<\/ol>\n<ul>\n<li>le nom et le pr\u00e9nom ou le nom de l&rsquo;entreprise ;<span class=\"Apple-converted-space\"> <\/span><\/li>\n<li>l&rsquo;adresse ;<\/li>\n<li>l&rsquo;adresse e-mail ;<\/li>\n<li>le num\u00e9ro de t\u00e9l\u00e9phone de contact<\/li>\n<li>le num\u00e9ro NIP ;<span class=\"Apple-converted-space\"> <\/span><\/li>\n<\/ul>\n<p><b>\u00a74 PLICKS COOKIES<span class=\"Apple-converted-space\"> <\/span><\/b><\/p>\n<ol>\n<li>Le Site Internet utilise des cookies.<\/li>\n<li>Les cookies (dits \u00a0\u00bb t\u00e9moins de connexion \u00ab\u00a0) sont des donn\u00e9es informatiques, en particulier des fichiers texte, qui sont stock\u00e9s dans l&rsquo;appareil final de l&rsquo;Utilisateur du site<b> <\/b>et sont destin\u00e9s \u00e0 l&rsquo;utilisation des sites Internet du Site. Les cookies contiennent g\u00e9n\u00e9ralement le nom du site web dont ils proviennent, le temps de leur stockage sur l&rsquo;appareil final et un num\u00e9ro unique.<\/li>\n<li>L&rsquo;entit\u00e9 pla\u00e7ant sur l&rsquo;appareil final de l&rsquo;Utilisateur du site web<b> <\/b>des cookies et y acc\u00e9dant est le Propri\u00e9taire du site web<\/li>\n<li>. Les cookies sont utilis\u00e9s aux fins suivantes :\n<ol>\n<li>Cr\u00e9er des statistiques qui aident \u00e0 comprendre comment les utilisateurs du site<b> <\/b>utilisent les sites web, ce qui permet d&rsquo;am\u00e9liorer leur structure et leur contenu,<\/li>\n<li>Maintenir la session de l&rsquo;Utilisateur du site<b> <\/b>(apr\u00e8s connexion), gr\u00e2ce \u00e0 laquelle l&rsquo;Utilisateur n&rsquo;a pas \u00e0 ressaisir son identifiant et son mot de passe sur chaque sous-page du site<b> <\/b>,<\/li>\n<li>D\u00e9terminer le profil de l&rsquo;utilisateur afin de lui afficher des supports personnalis\u00e9s dans les r\u00e9seaux publicitaires, en particulier le r\u00e9seau Google.<\/li>\n<\/ol>\n<\/li>\n<li>Le site<b> <\/b>utilise deux principaux types de cookies : \u00ab\u00a0session\u00a0\u00bb cookies et \u00ab\u00a0permanent\u00a0\u00bb cookies (cookies persistants). \u00ab\u00a0Les cookies de session\u00a0\u00bb sont des fichiers temporaires qui sont stock\u00e9s sur l&rsquo;\u00e9quipement terminal de l&rsquo;Utilisateur jusqu&rsquo;\u00e0 ce que ce dernier se d\u00e9connecte, quitte le site Web ou \u00e9teigne le logiciel (navigateur Internet). \u00ab\u00a0Les cookies permanents\u00a0\u00bb sont stock\u00e9s sur l&rsquo;appareil terminal de l&rsquo;Utilisateur pour la dur\u00e9e sp\u00e9cifi\u00e9e dans les param\u00e8tres des cookies ou jusqu&rsquo;\u00e0 ce qu&rsquo;ils soient supprim\u00e9s par l&rsquo;Utilisateur.<\/li>\n<li>Les logiciels de navigation Web (navigateur Internet) autorisent g\u00e9n\u00e9ralement par d\u00e9faut le stockage de cookies sur l&rsquo;appareil terminal de l&rsquo;Utilisateur. Les utilisateurs du site<b> <\/b>peuvent modifier leurs param\u00e8tres \u00e0 cet \u00e9gard. Le navigateur web permet de supprimer les cookies. Il est \u00e9galement possible de bloquer automatiquement les cookies. Des informations d\u00e9taill\u00e9es \u00e0 ce sujet peuvent \u00eatre trouv\u00e9es dans l&rsquo;aide ou la documentation du navigateur Internet.<\/li>\n<li>Des restrictions sur l&rsquo;utilisation des cookies peuvent affecter certaines des fonctionnalit\u00e9s disponibles sur les sites du service Internet<\/li>\n<li>Les cookies sont plac\u00e9s sur l&rsquo;appareil final de l&rsquo;Utilisateur du service Internet<b> <\/b>et peuvent \u00e9galement \u00eatre utilis\u00e9s par des annonceurs et des partenaires coop\u00e9rant avec le propri\u00e9taire du service Internet<b> <\/b>.<\/li>\n<li>Nous recommandons la lecture de la politique de confidentialit\u00e9 de ces soci\u00e9t\u00e9s pour conna\u00eetre les principes d&rsquo;utilisation des cookies utilis\u00e9s dans le cadre des statistiques : R\u00e8gles de confidentialit\u00e9 de Google Analytics.<\/li>\n<li>Ces cookies peuvent \u00eatre utilis\u00e9s par des r\u00e9seaux publicitaires, notamment le r\u00e9seau Google, pour afficher des publicit\u00e9s adapt\u00e9es \u00e0 la fa\u00e7on dont tu utilises le Site Internet. A cette fin, ils peuvent conserver des informations sur le parcours de navigation de l&rsquo;utilisateur ou le temps pass\u00e9 sur une page particuli\u00e8re.<\/li>\n<li>Concernant les informations sur les pr\u00e9f\u00e9rences de l&rsquo;utilisateur collect\u00e9es par le r\u00e9seau publicitaire Google, l&rsquo;utilisateur peut consulter et modifier les informations r\u00e9sultant des cookies en utilisant l&rsquo;outil suivant : https:\/\/www.google.com\/ads\/preferences\/<\/li>\n<li>Gestion des cookies &#8211; comment donner et retirer son consentement en pratique ?\n<ol>\n<li>Si l&rsquo;utilisateur ne souhaite pas recevoir de cookies, il peut modifier les param\u00e8tres de son navigateur. Nous stipulons que la d\u00e9sactivation des cookies n\u00e9cessaires aux processus d&rsquo;authentification, \u00e0 la s\u00e9curit\u00e9, \u00e0 la maintenance des pr\u00e9f\u00e9rences de l&rsquo;utilisateur peut entraver, et dans des cas extr\u00eames, rendre impossible l&rsquo;utilisation des sites web<\/li>\n<li>Afin de g\u00e9rer les param\u00e8tres des cookies, s\u00e9lectionne ton navigateur\/syst\u00e8me Internet dans la liste ci-dessous et suis les instructions :<\/li>\n<\/ol>\n<\/li>\n<\/ol>\n<ul>\n<li>Internet Explorer &#8211; https:\/\/support.microsoft.com\/en-fr\/kb\/196955<\/li>\n<li>Chrome &#8211; https:\/\/support.google.com\/chrome\/answer\/95647?hl=pl<\/li>\n<li>Safari &#8211; https:\/\/support.apple.com\/kb\/PH5042?locale=pl_PL<\/li>\n<li>Firefox- https:\/\/support.mozilla.org\/pl\/kb\/W%C5%82%C4%85czanie%20i%20wy%C5%82%C4%85czanie%20obs%C5%82ugi%20ciasteczek<\/li>\n<li>Opera &#8211; http:\/\/help.opera.com\/Windows\/12.10\/pl\/cookies.html<\/li>\n<\/ul>\n<ol start=\"13\">\n<li>Chaque utilisateur a le droit d&rsquo;adresser \u00e0 l&rsquo;administrateur des donn\u00e9es personnelles des avis, commentaires et questions concernant la confidentialit\u00e9 des informations et la politique de protection de la vie priv\u00e9e. A cet effet, ils doivent \u00eatre adress\u00e9s \u00e0 l&rsquo;adresse \u00e9lectronique suivante : contact@megapets.eu.<\/li>\n<\/ol>\n","protected":false},"excerpt":{"rendered":"<p>\u00a71 PRINCIPES DE TRAITEMENT DES DONN\u00c9ES PERSONNELLES L&rsquo;administrateur de tes donn\u00e9es personnelles fournies sur ce site web est MegaPets Serhii Bondariuk dont le si\u00e8ge social est situ\u00e9 \u00e0 l&rsquo;adresse suivante : MA\u0141OPOLSKIE voivodship, Krakowski poviat, Skawina commune, loc. Skawina, ul. Lipowa, nr 5a, lok. 2, 32-050, NIP 9442289433, tel. 796965220. Conform\u00e9ment \u00e0 l&rsquo;article 13(1) et [&hellip;]<\/p>\n","protected":false},"author":4,"featured_media":0,"parent":0,"menu_order":0,"comment_status":"closed","ping_status":"closed","template":"","meta":{"_acf_changed":false,"footnotes":"","_links_to":"","_links_to_target":""},"class_list":["post-4180","page","type-page","status-publish","hentry"],"acf":[],"yoast_head":"<!-- This site is optimized with the Yoast SEO plugin v24.9 - https:\/\/yoast.com\/wordpress\/plugins\/seo\/ -->\n<title>Politique de confidentialit\u00e9 | MegaPets<\/title>\n<meta name=\"robots\" content=\"index, follow, max-snippet:-1, max-image-preview:large, max-video-preview:-1\" \/>\n<link rel=\"canonical\" href=\"https:\/\/megapets.eu\/fr\/politique-de-confidentialite\/\" \/>\n<meta property=\"og:locale\" content=\"fr_FR\" \/>\n<meta property=\"og:type\" content=\"article\" \/>\n<meta property=\"og:title\" content=\"Politique de confidentialit\u00e9 | MegaPets\" \/>\n<meta property=\"og:description\" content=\"\u00a71 PRINCIPES DE TRAITEMENT DES DONN\u00c9ES PERSONNELLES L&rsquo;administrateur de tes donn\u00e9es personnelles fournies sur ce site web est MegaPets Serhii Bondariuk dont le si\u00e8ge social est situ\u00e9 \u00e0 l&rsquo;adresse suivante : MA\u0141OPOLSKIE voivodship, Krakowski poviat, Skawina commune, loc. Skawina, ul. Lipowa, nr 5a, lok. 2, 32-050, NIP 9442289433, tel. 796965220. Conform\u00e9ment \u00e0 l&rsquo;article 13(1) et [&hellip;]\" \/>\n<meta property=\"og:url\" content=\"https:\/\/megapets.eu\/fr\/politique-de-confidentialite\/\" \/>\n<meta property=\"og:site_name\" content=\"MegaPets\" \/>\n<meta property=\"article:publisher\" content=\"https:\/\/www.facebook.com\/MegaPets.eu\/\" \/>\n<meta property=\"og:image\" content=\"https:\/\/megapets.eu\/wp-content\/uploads\/2025\/04\/megapets_eu-info-scaled.png\" \/>\n\t<meta property=\"og:image:width\" content=\"2560\" \/>\n\t<meta property=\"og:image:height\" content=\"1735\" \/>\n\t<meta property=\"og:image:type\" content=\"image\/png\" \/>\n<meta name=\"twitter:card\" content=\"summary_large_image\" \/>\n<meta name=\"twitter:label1\" content=\"Dur\u00e9e de lecture estim\u00e9e\" \/>\n\t<meta name=\"twitter:data1\" content=\"10 minutes\" \/>\n<script type=\"application\/ld+json\" class=\"yoast-schema-graph\">{\"@context\":\"https:\/\/schema.org\",\"@graph\":[{\"@type\":\"WebPage\",\"@id\":\"https:\/\/megapets.eu\/fr\/politique-de-confidentialite\/\",\"url\":\"https:\/\/megapets.eu\/fr\/politique-de-confidentialite\/\",\"name\":\"Politique de confidentialit\u00e9 | MegaPets\",\"isPartOf\":{\"@id\":\"https:\/\/megapets.eu\/fr\/#website\"},\"datePublished\":\"2023-02-10T14:50:00+00:00\",\"breadcrumb\":{\"@id\":\"https:\/\/megapets.eu\/fr\/politique-de-confidentialite\/#breadcrumb\"},\"inLanguage\":\"fr-FR\",\"potentialAction\":[{\"@type\":\"ReadAction\",\"target\":[\"https:\/\/megapets.eu\/fr\/politique-de-confidentialite\/\"]}]},{\"@type\":\"BreadcrumbList\",\"@id\":\"https:\/\/megapets.eu\/fr\/politique-de-confidentialite\/#breadcrumb\",\"itemListElement\":[{\"@type\":\"ListItem\",\"position\":1,\"name\":\"Strona g\u0142\u00f3wna\",\"item\":\"https:\/\/megapets.eu\/fr\/accueil\/\"},{\"@type\":\"ListItem\",\"position\":2,\"name\":\"Politique de confidentialit\u00e9\"}]},{\"@type\":\"WebSite\",\"@id\":\"https:\/\/megapets.eu\/fr\/#website\",\"url\":\"https:\/\/megapets.eu\/fr\/\",\"name\":\"Mega Pets\",\"description\":\"Jedna z najwi\u0119kszych hodowli \u015blimak\u00f3w w Europie\",\"publisher\":{\"@id\":\"https:\/\/megapets.eu\/fr\/#organization\"},\"alternateName\":\"Mega Pets\",\"potentialAction\":[{\"@type\":\"SearchAction\",\"target\":{\"@type\":\"EntryPoint\",\"urlTemplate\":\"https:\/\/megapets.eu\/fr\/?s={search_term_string}\"},\"query-input\":{\"@type\":\"PropertyValueSpecification\",\"valueRequired\":true,\"valueName\":\"search_term_string\"}}],\"inLanguage\":\"fr-FR\"},{\"@type\":\"Organization\",\"@id\":\"https:\/\/megapets.eu\/fr\/#organization\",\"name\":\"Mega Pets\",\"url\":\"https:\/\/megapets.eu\/fr\/\",\"logo\":{\"@type\":\"ImageObject\",\"inLanguage\":\"fr-FR\",\"@id\":\"https:\/\/megapets.eu\/fr\/#\/schema\/logo\/image\/\",\"url\":\"https:\/\/megapets.eu\/wp-content\/uploads\/2025\/04\/megapets_eu-logo.png\",\"contentUrl\":\"https:\/\/megapets.eu\/wp-content\/uploads\/2025\/04\/megapets_eu-logo.png\",\"width\":2362,\"height\":2362,\"caption\":\"Mega Pets\"},\"image\":{\"@id\":\"https:\/\/megapets.eu\/fr\/#\/schema\/logo\/image\/\"},\"sameAs\":[\"https:\/\/www.facebook.com\/MegaPets.eu\/\"]}]}<\/script>\n<!-- \/ Yoast SEO plugin. -->","yoast_head_json":{"title":"Politique de confidentialit\u00e9 | MegaPets","robots":{"index":"index","follow":"follow","max-snippet":"max-snippet:-1","max-image-preview":"max-image-preview:large","max-video-preview":"max-video-preview:-1"},"canonical":"https:\/\/megapets.eu\/fr\/politique-de-confidentialite\/","og_locale":"fr_FR","og_type":"article","og_title":"Politique de confidentialit\u00e9 | MegaPets","og_description":"\u00a71 PRINCIPES DE TRAITEMENT DES DONN\u00c9ES PERSONNELLES L&rsquo;administrateur de tes donn\u00e9es personnelles fournies sur ce site web est MegaPets Serhii Bondariuk dont le si\u00e8ge social est situ\u00e9 \u00e0 l&rsquo;adresse suivante : MA\u0141OPOLSKIE voivodship, Krakowski poviat, Skawina commune, loc. Skawina, ul. Lipowa, nr 5a, lok. 2, 32-050, NIP 9442289433, tel. 796965220. Conform\u00e9ment \u00e0 l&rsquo;article 13(1) et [&hellip;]","og_url":"https:\/\/megapets.eu\/fr\/politique-de-confidentialite\/","og_site_name":"MegaPets","article_publisher":"https:\/\/www.facebook.com\/MegaPets.eu\/","og_image":[{"width":2560,"height":1735,"url":"https:\/\/megapets.eu\/wp-content\/uploads\/2025\/04\/megapets_eu-info-scaled.png","type":"image\/png"}],"twitter_card":"summary_large_image","twitter_misc":{"Dur\u00e9e de lecture estim\u00e9e":"10 minutes"},"schema":{"@context":"https:\/\/schema.org","@graph":[{"@type":"WebPage","@id":"https:\/\/megapets.eu\/fr\/politique-de-confidentialite\/","url":"https:\/\/megapets.eu\/fr\/politique-de-confidentialite\/","name":"Politique de confidentialit\u00e9 | MegaPets","isPartOf":{"@id":"https:\/\/megapets.eu\/fr\/#website"},"datePublished":"2023-02-10T14:50:00+00:00","breadcrumb":{"@id":"https:\/\/megapets.eu\/fr\/politique-de-confidentialite\/#breadcrumb"},"inLanguage":"fr-FR","potentialAction":[{"@type":"ReadAction","target":["https:\/\/megapets.eu\/fr\/politique-de-confidentialite\/"]}]},{"@type":"BreadcrumbList","@id":"https:\/\/megapets.eu\/fr\/politique-de-confidentialite\/#breadcrumb","itemListElement":[{"@type":"ListItem","position":1,"name":"Strona g\u0142\u00f3wna","item":"https:\/\/megapets.eu\/fr\/accueil\/"},{"@type":"ListItem","position":2,"name":"Politique de confidentialit\u00e9"}]},{"@type":"WebSite","@id":"https:\/\/megapets.eu\/fr\/#website","url":"https:\/\/megapets.eu\/fr\/","name":"Mega Pets","description":"Jedna z najwi\u0119kszych hodowli \u015blimak\u00f3w w Europie","publisher":{"@id":"https:\/\/megapets.eu\/fr\/#organization"},"alternateName":"Mega Pets","potentialAction":[{"@type":"SearchAction","target":{"@type":"EntryPoint","urlTemplate":"https:\/\/megapets.eu\/fr\/?s={search_term_string}"},"query-input":{"@type":"PropertyValueSpecification","valueRequired":true,"valueName":"search_term_string"}}],"inLanguage":"fr-FR"},{"@type":"Organization","@id":"https:\/\/megapets.eu\/fr\/#organization","name":"Mega Pets","url":"https:\/\/megapets.eu\/fr\/","logo":{"@type":"ImageObject","inLanguage":"fr-FR","@id":"https:\/\/megapets.eu\/fr\/#\/schema\/logo\/image\/","url":"https:\/\/megapets.eu\/wp-content\/uploads\/2025\/04\/megapets_eu-logo.png","contentUrl":"https:\/\/megapets.eu\/wp-content\/uploads\/2025\/04\/megapets_eu-logo.png","width":2362,"height":2362,"caption":"Mega Pets"},"image":{"@id":"https:\/\/megapets.eu\/fr\/#\/schema\/logo\/image\/"},"sameAs":["https:\/\/www.facebook.com\/MegaPets.eu\/"]}]}},"_links":{"self":[{"href":"https:\/\/megapets.eu\/fr\/wp-json\/wp\/v2\/pages\/4180","targetHints":{"allow":["GET"]}}],"collection":[{"href":"https:\/\/megapets.eu\/fr\/wp-json\/wp\/v2\/pages"}],"about":[{"href":"https:\/\/megapets.eu\/fr\/wp-json\/wp\/v2\/types\/page"}],"author":[{"embeddable":true,"href":"https:\/\/megapets.eu\/fr\/wp-json\/wp\/v2\/users\/4"}],"replies":[{"embeddable":true,"href":"https:\/\/megapets.eu\/fr\/wp-json\/wp\/v2\/comments?post=4180"}],"version-history":[{"count":0,"href":"https:\/\/megapets.eu\/fr\/wp-json\/wp\/v2\/pages\/4180\/revisions"}],"wp:attachment":[{"href":"https:\/\/megapets.eu\/fr\/wp-json\/wp\/v2\/media?parent=4180"}],"curies":[{"name":"wp","href":"https:\/\/api.w.org\/{rel}","templated":true}]}}