{"id":10364,"date":"2025-08-26T09:01:26","date_gmt":"2025-08-26T09:01:26","guid":{"rendered":"https:\/\/megapets.eu\/?post_type=product&#038;p=10364"},"modified":"2025-08-26T09:07:49","modified_gmt":"2025-08-26T09:07:49","slug":"achatina-achatina-standard-nigeriastandard-p14-kopia","status":"publish","type":"product","link":"https:\/\/megapets.eu\/fr\/escargots\/achatina-achatina-standard-nigeriastandard-p14-kopia\/","title":{"rendered":"Achatina achatina standard Nigeria<br>standard \/ P14 (Kopia)"},"content":{"rendered":"<p><span style=\"color: #424242; font-size: 15px;\"><em><span style=\"color: #000000;\"><strong>Esp\u00e8ce&nbsp;:<\/strong> <span style=\"font-size: 15px;\">Achatina achatina achatina (Linnaeus, 1758)<\/span><\/span><\/em><em><br \/>\n<\/em><em><span style=\"color: #000000;\"><strong>Vari\u00e9t\u00e9 de couleur<\/strong>&nbsp;: standard <\/span><\/em><em><br \/>\n<\/em><em><span style=\"color: #000000;\"><strong>D\u00e9signation de la ligne sp\u00e9ciale&nbsp;: <\/strong>\u00ab&nbsp;Nigeria&nbsp;\u00bb<\/span><\/em><\/span><\/p>\n<p><span style=\"font-size: 15px;\"><strong><span style=\"color: #000000;\"><em><img loading=\"lazy\" decoding=\"async\" class=\"\" src=\"https:\/\/static.xx.fbcdn.net\/images\/emoji.php\/v9\/ta\/1\/32\/1f525.png\" alt=\"\ud83d\udd25\" width=\"18\" height=\"18\"> <\/em><\/span><\/strong><span style=\"color: #000000;\"><em>Offert des juv\u00e9niles d\u2019une paire parentale non apparent\u00e9e. Gr\u00e2ce \u00e0 la s\u00e9lection constante de partenaires appropri\u00e9s et \u00e0 la cr\u00e9ation de couples de g\u00e9n\u00e9ration en g\u00e9n\u00e9ration, des lign\u00e9es d\u2019\u00e9levage de beaux g\u00e9ants sans lien de parent\u00e9 sont maintenues avec succ\u00e8s. <\/em><\/span><\/span><\/p>\n<p style=\"text-align: left;\"><span style=\"font-size: 15px;\"><span style=\"color: #000000;\"><em><span style=\"color: #008000;\"><span style=\"color: #424242;\"><strong><img decoding=\"async\" src=\"https:\/\/static.xx.fbcdn.net\/images\/emoji.php\/v9\/tb4\/1\/16\/2b50.png\" alt=\"\u2b50\ufe0f\"><\/strong> <span style=\"color: #333333;\">Achatina achatina achatina est l\u2019un des repr\u00e9sentants les plus impressionnants des escargots g\u00e9ants terrestres, qui attire l\u2019attention des amateurs d\u2019exotisme avec sa taille et sa coquille extr\u00eamement impressionnante. Sa majestueuse carapace brun orang\u00e9, orn\u00e9e de rayures sombres audacieuses comme des motifs de tigre, est la preuve vivante de la ma\u00eetrise de la nature en mati\u00e8re de formes et de couleurs. Ces escargots m\u00e8nent un mode de vie \u00e9quilibr\u00e9, principalement nocturne. Les juv\u00e9niles passent de nombreuses heures dans des coins isol\u00e9s et confortables, o\u00f9 ils d\u00e9veloppent leur croissance d\u00e9licate de la coquille. Parmi les diff\u00e9rentes esp\u00e8ces d\u2019escargots g\u00e9ants, vous pouvez trouver de grands gloutons, mais toutes les esp\u00e8ces n\u2019en mangent pas beaucoup. Les jeunes Achatina achatina ont parfois de l\u2019app\u00e9tit, et parfois apr\u00e8s avoir pris quelques bouch\u00e9es, ils retournent se reposer. L\u2019escargot mange autant de nourriture qu\u2019il en a besoin et ne peut pas \u00eatre suraliment\u00e9. Selon l\u2019esp\u00e8ce, l\u2019\u00e2ge de l\u2019escargot et le degr\u00e9 de nourriture avant l\u2019alimentation, la pause entre les repas peut prendre jusqu\u2019\u00e0 plusieurs jours. Au fur et \u00e0 mesure qu\u2019ils grandissent, les escargots de cette esp\u00e8ce s\u2019int\u00e9ressent de plus en plus \u00e0 la taille des portions et \u00e0 leur environnement. Cependant, ils passent toujours la plupart de leur temps sur la liti\u00e8re du terrarium, aiment faire la sieste et restent conservateurs dans leurs choix alimentaires.         <\/span><\/span><\/span><\/em><\/span><\/span><\/p>\n<p style=\"text-align: left;\"><span style=\"color: #000000; font-size: 15px;\"><em><span class=\"x1xsqp64 xiy17q3 x1o6pynw x19co3pv xdj266r xcwd3tp xat24cr x39eecv x2b8uid\" data-testid=\"emoji\"><span class=\"xexx8yu xn5pp95 x18d9i69 x2fxd7x x3jgonx x1bhl96m\"><img loading=\"lazy\" decoding=\"async\" class=\"\" src=\"https:\/\/static.xx.fbcdn.net\/images\/emoji.php\/v9\/t66\/1\/32\/1f4cc.png\" alt=\"\ud83d\udccc\" width=\"18\" height=\"18\">  Les adultes atteignent g\u00e9n\u00e9ralement environ 15 \u00e0 16 cm de coquilles.<\/span><\/span><\/em><\/span><\/p>\n<p style=\"text-align: left;\"><span style=\"color: #000000; font-size: 15px;\"><em><img loading=\"lazy\" decoding=\"async\" class=\"xz74otr\" src=\"https:\/\/static.xx.fbcdn.net\/images\/emoji.php\/v9\/t1e\/1\/16\/1f33f.png\" alt=\"\ud83c\udf3f\" width=\"18\" height=\"18\"> <span style=\"color: #008000;\">Les escargots de l\u2019esp\u00e8ce Achatina achatina m\u00e8nent un mode de vie \u00e9quilibr\u00e9, principalement nocturne, \u00e0 croissance lente. Ils prosp\u00e8rent avec des conditions de vie de base stables. Une fa\u00e7on pratique d\u2019\u00e9valuer l\u2019efficacit\u00e9 des soins est d\u2019observer son d\u00e9veloppement actif, visible, entre autres, par la construction d\u2019une nouvelle croissance esth\u00e9tique de la coquille.  <\/span><\/em><\/span><\/p>\n","protected":false},"excerpt":{"rendered":"<ul>\n<li>Taille de la coque cible :\n<ul>\n<li>D\u2019accord. 15-16<\/li>\n<\/ul>\n<\/li>\n<li>D\u2019un couple non apparent\u00e9 :\n<ul>\n<li>P14<\/li>\n<\/ul>\n<\/li>\n<li>Offert aux mineurs :\n<ul>\n<li>env. 6 cm <\/li>\n<\/ul>\n<\/li>\n<li>Le prix s\u2019applique \u00e0 :\n<ul>\n<li>1 pi\u00e8ce<\/li>\n<\/ul>\n<\/li>\n<\/ul>\n","protected":false},"featured_media":4509,"template":"","meta":{"_acf_changed":false,"_links_to":"","_links_to_target":""},"product_cat":[107],"product_tag":[],"class_list":{"0":"post-10364","1":"product","2":"type-product","3":"status-publish","4":"has-post-thumbnail","6":"product_cat-escargots","8":"first","9":"outofstock","10":"shipping-taxable","11":"purchasable","12":"product-type-simple"},"acf":[],"yoast_head":"<!-- This site is optimized with the Yoast SEO plugin v24.9 - https:\/\/yoast.com\/wordpress\/plugins\/seo\/ -->\n<title>Achatina achatina standard Nigeriastandard \/ P14 (Kopia) | MegaPets<\/title>\n<meta name=\"robots\" content=\"index, follow, max-snippet:-1, max-image-preview:large, max-video-preview:-1\" \/>\n<link rel=\"canonical\" href=\"https:\/\/megapets.eu\/fr\/escargots\/achatina-achatina-standard-nigeriastandard-p14-kopia\/\" \/>\n<meta property=\"og:locale\" content=\"fr_FR\" \/>\n<meta property=\"og:type\" content=\"article\" \/>\n<meta property=\"og:title\" content=\"Achatina achatina standard Nigeriastandard \/ P14 (Kopia) | MegaPets\" \/>\n<meta property=\"og:description\" content=\"Taille de la coque cible :  D\u2019accord. 15-16   D\u2019un couple non apparent\u00e9 :  P14   Offert aux mineurs :  env. 6 cm   Le prix s\u2019applique \u00e0 :  1 pi\u00e8ce\" \/>\n<meta property=\"og:url\" content=\"https:\/\/megapets.eu\/fr\/escargots\/achatina-achatina-standard-nigeriastandard-p14-kopia\/\" \/>\n<meta property=\"og:site_name\" content=\"MegaPets\" \/>\n<meta property=\"article:publisher\" content=\"https:\/\/www.facebook.com\/MegaPets.eu\/\" \/>\n<meta property=\"article:modified_time\" content=\"2025-08-26T09:07:49+00:00\" \/>\n<meta property=\"og:image\" content=\"https:\/\/megapets.eu\/wp-content\/uploads\/2025\/08\/54-1-scaled.png\" \/>\n\t<meta property=\"og:image:width\" content=\"2560\" \/>\n\t<meta property=\"og:image:height\" content=\"1920\" \/>\n\t<meta property=\"og:image:type\" content=\"image\/png\" \/>\n<meta name=\"twitter:card\" content=\"summary_large_image\" \/>\n<meta name=\"twitter:label1\" content=\"Dur\u00e9e de lecture estim\u00e9e\" \/>\n\t<meta name=\"twitter:data1\" content=\"2 minutes\" \/>\n<script type=\"application\/ld+json\" class=\"yoast-schema-graph\">{\"@context\":\"https:\/\/schema.org\",\"@graph\":[{\"@type\":\"WebPage\",\"@id\":\"https:\/\/megapets.eu\/fr\/escargots\/achatina-achatina-standard-nigeriastandard-p14-kopia\/\",\"url\":\"https:\/\/megapets.eu\/fr\/escargots\/achatina-achatina-standard-nigeriastandard-p14-kopia\/\",\"name\":\"Achatina achatina standard Nigeria standard \/ P14 (Kopia) | MegaPets\",\"isPartOf\":{\"@id\":\"https:\/\/megapets.eu\/fr\/#website\"},\"primaryImageOfPage\":{\"@id\":\"https:\/\/megapets.eu\/fr\/escargots\/achatina-achatina-standard-nigeriastandard-p14-kopia\/#primaryimage\"},\"image\":{\"@id\":\"https:\/\/megapets.eu\/fr\/escargots\/achatina-achatina-standard-nigeriastandard-p14-kopia\/#primaryimage\"},\"thumbnailUrl\":\"https:\/\/megapets.eu\/wp-content\/uploads\/2024\/10\/logo4.jpg\",\"datePublished\":\"2025-08-26T09:01:26+00:00\",\"dateModified\":\"2025-08-26T09:07:49+00:00\",\"breadcrumb\":{\"@id\":\"https:\/\/megapets.eu\/fr\/escargots\/achatina-achatina-standard-nigeriastandard-p14-kopia\/#breadcrumb\"},\"inLanguage\":\"fr-FR\",\"potentialAction\":[{\"@type\":\"ReadAction\",\"target\":[\"https:\/\/megapets.eu\/fr\/escargots\/achatina-achatina-standard-nigeriastandard-p14-kopia\/\"]}]},{\"@type\":\"ImageObject\",\"inLanguage\":\"fr-FR\",\"@id\":\"https:\/\/megapets.eu\/fr\/escargots\/achatina-achatina-standard-nigeriastandard-p14-kopia\/#primaryimage\",\"url\":\"https:\/\/megapets.eu\/wp-content\/uploads\/2024\/10\/logo4.jpg\",\"contentUrl\":\"https:\/\/megapets.eu\/wp-content\/uploads\/2024\/10\/logo4.jpg\",\"width\":1212,\"height\":804},{\"@type\":\"BreadcrumbList\",\"@id\":\"https:\/\/megapets.eu\/fr\/escargots\/achatina-achatina-standard-nigeriastandard-p14-kopia\/#breadcrumb\",\"itemListElement\":[{\"@type\":\"ListItem\",\"position\":1,\"name\":\"Strona g\u0142\u00f3wna\",\"item\":\"https:\/\/megapets.eu\/fr\/accueil\/\"},{\"@type\":\"ListItem\",\"position\":2,\"name\":\"Boutique\",\"item\":\"https:\/\/megapets.eu\/boutique\/\"},{\"@type\":\"ListItem\",\"position\":3,\"name\":\"Achatina achatina standard Nigeriastandard \/ P14 (Kopia)\"}]},{\"@type\":\"WebSite\",\"@id\":\"https:\/\/megapets.eu\/fr\/#website\",\"url\":\"https:\/\/megapets.eu\/fr\/\",\"name\":\"Mega Pets\",\"description\":\"Jedna z najwi\u0119kszych hodowli \u015blimak\u00f3w w Europie\",\"publisher\":{\"@id\":\"https:\/\/megapets.eu\/fr\/#organization\"},\"alternateName\":\"Mega Pets\",\"potentialAction\":[{\"@type\":\"SearchAction\",\"target\":{\"@type\":\"EntryPoint\",\"urlTemplate\":\"https:\/\/megapets.eu\/fr\/?s={search_term_string}\"},\"query-input\":{\"@type\":\"PropertyValueSpecification\",\"valueRequired\":true,\"valueName\":\"search_term_string\"}}],\"inLanguage\":\"fr-FR\"},{\"@type\":\"Organization\",\"@id\":\"https:\/\/megapets.eu\/fr\/#organization\",\"name\":\"Mega Pets\",\"url\":\"https:\/\/megapets.eu\/fr\/\",\"logo\":{\"@type\":\"ImageObject\",\"inLanguage\":\"fr-FR\",\"@id\":\"https:\/\/megapets.eu\/fr\/#\/schema\/logo\/image\/\",\"url\":\"https:\/\/megapets.eu\/wp-content\/uploads\/2025\/04\/megapets_eu-logo.png\",\"contentUrl\":\"https:\/\/megapets.eu\/wp-content\/uploads\/2025\/04\/megapets_eu-logo.png\",\"width\":2362,\"height\":2362,\"caption\":\"Mega Pets\"},\"image\":{\"@id\":\"https:\/\/megapets.eu\/fr\/#\/schema\/logo\/image\/\"},\"sameAs\":[\"https:\/\/www.facebook.com\/MegaPets.eu\/\"]}]}<\/script>\n<!-- \/ Yoast SEO plugin. -->","yoast_head_json":{"title":"Achatina achatina standard Nigeriastandard \/ P14 (Kopia) | MegaPets","robots":{"index":"index","follow":"follow","max-snippet":"max-snippet:-1","max-image-preview":"max-image-preview:large","max-video-preview":"max-video-preview:-1"},"canonical":"https:\/\/megapets.eu\/fr\/escargots\/achatina-achatina-standard-nigeriastandard-p14-kopia\/","og_locale":"fr_FR","og_type":"article","og_title":"Achatina achatina standard Nigeriastandard \/ P14 (Kopia) | MegaPets","og_description":"Taille de la coque cible :  D\u2019accord. 15-16   D\u2019un couple non apparent\u00e9 :  P14   Offert aux mineurs :  env. 6 cm   Le prix s\u2019applique \u00e0 :  1 pi\u00e8ce","og_url":"https:\/\/megapets.eu\/fr\/escargots\/achatina-achatina-standard-nigeriastandard-p14-kopia\/","og_site_name":"MegaPets","article_publisher":"https:\/\/www.facebook.com\/MegaPets.eu\/","article_modified_time":"2025-08-26T09:07:49+00:00","og_image":[{"width":2560,"height":1920,"url":"https:\/\/megapets.eu\/wp-content\/uploads\/2025\/08\/54-1-scaled.png","type":"image\/png"}],"twitter_card":"summary_large_image","twitter_misc":{"Dur\u00e9e de lecture estim\u00e9e":"2 minutes"},"schema":{"@context":"https:\/\/schema.org","@graph":[{"@type":"WebPage","@id":"https:\/\/megapets.eu\/fr\/escargots\/achatina-achatina-standard-nigeriastandard-p14-kopia\/","url":"https:\/\/megapets.eu\/fr\/escargots\/achatina-achatina-standard-nigeriastandard-p14-kopia\/","name":"Achatina achatina standard Nigeria standard \/ P14 (Kopia) | MegaPets","isPartOf":{"@id":"https:\/\/megapets.eu\/fr\/#website"},"primaryImageOfPage":{"@id":"https:\/\/megapets.eu\/fr\/escargots\/achatina-achatina-standard-nigeriastandard-p14-kopia\/#primaryimage"},"image":{"@id":"https:\/\/megapets.eu\/fr\/escargots\/achatina-achatina-standard-nigeriastandard-p14-kopia\/#primaryimage"},"thumbnailUrl":"https:\/\/megapets.eu\/wp-content\/uploads\/2024\/10\/logo4.jpg","datePublished":"2025-08-26T09:01:26+00:00","dateModified":"2025-08-26T09:07:49+00:00","breadcrumb":{"@id":"https:\/\/megapets.eu\/fr\/escargots\/achatina-achatina-standard-nigeriastandard-p14-kopia\/#breadcrumb"},"inLanguage":"fr-FR","potentialAction":[{"@type":"ReadAction","target":["https:\/\/megapets.eu\/fr\/escargots\/achatina-achatina-standard-nigeriastandard-p14-kopia\/"]}]},{"@type":"ImageObject","inLanguage":"fr-FR","@id":"https:\/\/megapets.eu\/fr\/escargots\/achatina-achatina-standard-nigeriastandard-p14-kopia\/#primaryimage","url":"https:\/\/megapets.eu\/wp-content\/uploads\/2024\/10\/logo4.jpg","contentUrl":"https:\/\/megapets.eu\/wp-content\/uploads\/2024\/10\/logo4.jpg","width":1212,"height":804},{"@type":"BreadcrumbList","@id":"https:\/\/megapets.eu\/fr\/escargots\/achatina-achatina-standard-nigeriastandard-p14-kopia\/#breadcrumb","itemListElement":[{"@type":"ListItem","position":1,"name":"Strona g\u0142\u00f3wna","item":"https:\/\/megapets.eu\/fr\/accueil\/"},{"@type":"ListItem","position":2,"name":"Boutique","item":"https:\/\/megapets.eu\/boutique\/"},{"@type":"ListItem","position":3,"name":"Achatina achatina standard Nigeriastandard \/ P14 (Kopia)"}]},{"@type":"WebSite","@id":"https:\/\/megapets.eu\/fr\/#website","url":"https:\/\/megapets.eu\/fr\/","name":"Mega Pets","description":"Jedna z najwi\u0119kszych hodowli \u015blimak\u00f3w w Europie","publisher":{"@id":"https:\/\/megapets.eu\/fr\/#organization"},"alternateName":"Mega Pets","potentialAction":[{"@type":"SearchAction","target":{"@type":"EntryPoint","urlTemplate":"https:\/\/megapets.eu\/fr\/?s={search_term_string}"},"query-input":{"@type":"PropertyValueSpecification","valueRequired":true,"valueName":"search_term_string"}}],"inLanguage":"fr-FR"},{"@type":"Organization","@id":"https:\/\/megapets.eu\/fr\/#organization","name":"Mega Pets","url":"https:\/\/megapets.eu\/fr\/","logo":{"@type":"ImageObject","inLanguage":"fr-FR","@id":"https:\/\/megapets.eu\/fr\/#\/schema\/logo\/image\/","url":"https:\/\/megapets.eu\/wp-content\/uploads\/2025\/04\/megapets_eu-logo.png","contentUrl":"https:\/\/megapets.eu\/wp-content\/uploads\/2025\/04\/megapets_eu-logo.png","width":2362,"height":2362,"caption":"Mega Pets"},"image":{"@id":"https:\/\/megapets.eu\/fr\/#\/schema\/logo\/image\/"},"sameAs":["https:\/\/www.facebook.com\/MegaPets.eu\/"]}]}},"_links":{"self":[{"href":"https:\/\/megapets.eu\/fr\/wp-json\/wp\/v2\/product\/10364","targetHints":{"allow":["GET"]}}],"collection":[{"href":"https:\/\/megapets.eu\/fr\/wp-json\/wp\/v2\/product"}],"about":[{"href":"https:\/\/megapets.eu\/fr\/wp-json\/wp\/v2\/types\/product"}],"wp:featuredmedia":[{"embeddable":true,"href":"https:\/\/megapets.eu\/fr\/wp-json\/wp\/v2\/media\/4509"}],"wp:attachment":[{"href":"https:\/\/megapets.eu\/fr\/wp-json\/wp\/v2\/media?parent=10364"}],"wp:term":[{"taxonomy":"product_cat","embeddable":true,"href":"https:\/\/megapets.eu\/fr\/wp-json\/wp\/v2\/product_cat?post=10364"},{"taxonomy":"product_tag","embeddable":true,"href":"https:\/\/megapets.eu\/fr\/wp-json\/wp\/v2\/product_tag?post=10364"}],"curies":[{"name":"wp","href":"https:\/\/api.w.org\/{rel}","templated":true}]}}