{"id":4241,"date":"2025-03-28T15:11:11","date_gmt":"2025-03-28T15:11:11","guid":{"rendered":"https:\/\/megapets.eu\/non%20class\u00e9\/archachatina-marginata-ovumpseudoleucistique-para-p14\/"},"modified":"2025-06-03T13:33:21","modified_gmt":"2025-06-03T13:33:21","slug":"archachatina-marginata-ovumpseudoleucistique-para-p14","status":"publish","type":"product","link":"https:\/\/megapets.eu\/fr\/escargots\/archachatina-marginata-ovumpseudoleucistique-para-p14\/","title":{"rendered":"Archachatina marginata ovum<br \/>pseudoleucistique \/ para P14"},"content":{"rendered":"<p style=\"text-align: left;\"><span style=\"font-size: 15px;\"><strong><span style=\"color: #000000;\"><em>Esp\u00e8ce : <\/em><\/span><\/strong><span style=\"color: #000000;\"><em>Archachatina marginata ovum (L. Pfeiffer, 1858).<\/em><\/span><strong><span style=\"color: #000000;\"><em><br \/>\nVari\u00e9t\u00e9 de couleur :<\/em><\/span><\/strong><span style=\"color: #000000;\"><em> pseudoleucistique<\/em><\/span><\/span><\/p>\n<p style=\"text-align: left;\"><span style=\"font-size: 15px;\"><strong><span style=\"color: #000000;\"><em><span style=\"color: #008000;\"><span style=\"color: #424242;\"><img decoding=\"async\" src=\"https:\/\/static.xx.fbcdn.net\/images\/emoji.php\/v9\/tb4\/1\/16\/2b50.png\" alt=\"\u2b50\ufe0f\" \/> <\/span><\/span><\/em><\/span><\/strong><span style=\"color: #000000;\"><em>Juv\u00e9niles offerts provenant d&rsquo;une paire parentale non apparent\u00e9e. Gr\u00e2ce \u00e0 la s\u00e9lection continue de partenaires ad\u00e9quats et \u00e0 la cr\u00e9ation de couples de g\u00e9n\u00e9ration en g\u00e9n\u00e9ration, des lign\u00e9es d&rsquo;\u00e9levage non apparent\u00e9es et g\u00e9n\u00e9alogiques de beaux g\u00e9ants sont maintenues avec succ\u00e8s.<\/em><\/span><\/span><\/p>\n<p style=\"text-align: left;\"><span style=\"font-size: 15px;\"><span style=\"color: #000000;\"><em><span style=\"color: #008000;\"><span style=\"color: #424242;\"><img decoding=\"async\" src=\"https:\/\/static.xx.fbcdn.net\/images\/emoji.php\/v9\/t18\/1\/16\/1fa76.png\" alt=\"\ud83e\ude76\" \/> <span style=\"color: #333333;\">Les escargots de la vari\u00e9t\u00e9 de couleur pseudoleucistique se caract\u00e9risent par leur \u00e9l\u00e9gance exceptionnelle, soulign\u00e9e par les palpeurs assombris par rapport \u00e0 la couleur claire du corps. La couleur pr\u00e9dominante du corps est le blanc, le cr\u00e8me ou les nuances d&rsquo;ivoire. La coloration gris-brun des organes sensoriels transite en douceur vers la couleur claire &#8211; l&rsquo;effet d&rsquo;ombre \ud83d\udda4\ud83e\ude76\ud83e\udd0d entre deux teintes adjacentes cr\u00e9e un contraste saisissant avec le reste du corps, ce qui conf\u00e8re aux escargots de cette vari\u00e9t\u00e9 une apparence unique. La r\u00e9partition des zones sombres peut s&rsquo;appliquer non seulement aux sensilles rousses, mais aussi \u00e0 la t\u00eate. Les sensilles des b\u00e9b\u00e9s escargots seulement \u00e9clos sont assez sombres, mais peuvent s&rsquo;\u00e9claircir en grandissant.<\/span><\/span><\/span><\/em><\/span><\/span><\/p>\n<p style=\"text-align: left;\"><span style=\"color: #000000; font-size: 15px;\"><em><span class=\"x1xsqp64 xiy17q3 x1o6pynw x19co3pv xdj266r xcwd3tp xat24cr x39eecv x2b8uid\" data-testid=\"emoji\"><span class=\"xexx8yu xn5pp95 x18d9i69 x2fxd7x x3jgonx x1bhl96m\"><img loading=\"lazy\" decoding=\"async\" class=\"\" src=\"https:\/\/static.xx.fbcdn.net\/images\/emoji.php\/v9\/t66\/1\/32\/1f4cc.png\" alt=\"\ud83d\udccc\" width=\"18\" height=\"18\" \/> En g\u00e9n\u00e9ral, la coquille de l&rsquo;esp\u00e8ce atteint une taille consid\u00e9rable, environ 12-15 cm.<\/span><\/span><\/em><\/span><\/p>\n<p style=\"text-align: left;\"><span style=\"color: #000000; font-size: 15px;\"><em><img loading=\"lazy\" decoding=\"async\" class=\"xz74otr\" src=\"https:\/\/static.xx.fbcdn.net\/images\/emoji.php\/v9\/t1e\/1\/16\/1f33f.png\" alt=\"\ud83c\udf3f\" width=\"18\" height=\"18\" \/> <span style=\"color: #008000;\">Comme la plupart des esp\u00e8ces du genre Archachatina, ces escargots sont peu exigeants et s&rsquo;\u00e9panouissent lorsqu&rsquo;on leur fournit des conditions d&rsquo;entretien de base.<\/span><\/em><\/span><\/p>\n","protected":false},"excerpt":{"rendered":"<ul>\n<li>Taille de la coquille cible :\n<ul>\n<li>approx. 12-15 cm<\/li>\n<\/ul>\n<\/li>\n<li>Provenant d&rsquo;une paire non apparent\u00e9e :\n<ul>\n<li>P14<\/li>\n<\/ul>\n<\/li>\n<li>Juv\u00e9nile offert :\n<ul>\n<li>approx. 4-5 cm<\/li>\n<\/ul>\n<\/li>\n<li>Le prix est pour :\n<ul>\n<li>1 pi\u00e8ce<\/li>\n<\/ul>\n<\/li>\n<\/ul>\n","protected":false},"featured_media":4242,"template":"","meta":{"_acf_changed":false,"_links_to":"","_links_to_target":""},"product_cat":[107],"product_tag":[],"class_list":{"0":"post-4241","1":"product","2":"type-product","3":"status-publish","4":"has-post-thumbnail","6":"product_cat-escargots","8":"first","9":"outofstock","10":"shipping-taxable","11":"purchasable","12":"product-type-simple"},"acf":[],"yoast_head":"<!-- This site is optimized with the Yoast SEO plugin v24.9 - https:\/\/yoast.com\/wordpress\/plugins\/seo\/ -->\n<title>Archachatina marginata ovumpseudoleucistique \/ para P14 | MegaPets<\/title>\n<meta name=\"robots\" content=\"index, follow, max-snippet:-1, max-image-preview:large, max-video-preview:-1\" \/>\n<link rel=\"canonical\" href=\"https:\/\/megapets.eu\/fr\/escargots\/archachatina-marginata-ovumpseudoleucistique-para-p14\/\" \/>\n<meta property=\"og:locale\" content=\"fr_FR\" \/>\n<meta property=\"og:type\" content=\"article\" \/>\n<meta property=\"og:title\" content=\"Archachatina marginata ovumpseudoleucistique \/ para P14 | MegaPets\" \/>\n<meta property=\"og:description\" content=\"Taille de la coquille cible :  approx. 12-15 cm   Provenant d&#039;une paire non apparent\u00e9e :  P14   Juv\u00e9nile offert :  approx. 4-5 cm   Le prix est pour :  1 pi\u00e8ce\" \/>\n<meta property=\"og:url\" content=\"https:\/\/megapets.eu\/fr\/escargots\/archachatina-marginata-ovumpseudoleucistique-para-p14\/\" \/>\n<meta property=\"og:site_name\" content=\"MegaPets\" \/>\n<meta property=\"article:publisher\" content=\"https:\/\/www.facebook.com\/MegaPets.eu\/\" \/>\n<meta property=\"article:modified_time\" content=\"2025-06-03T13:33:21+00:00\" \/>\n<meta property=\"og:image\" content=\"https:\/\/megapets.eu\/wp-content\/uploads\/2025\/03\/P14-Amber-Heart11-1-1-1024x697.png\" \/>\n\t<meta property=\"og:image:width\" content=\"1024\" \/>\n\t<meta property=\"og:image:height\" content=\"697\" \/>\n\t<meta property=\"og:image:type\" content=\"image\/png\" \/>\n<meta name=\"twitter:card\" content=\"summary_large_image\" \/>\n<meta name=\"twitter:label1\" content=\"Dur\u00e9e de lecture estim\u00e9e\" \/>\n\t<meta name=\"twitter:data1\" content=\"1 minute\" \/>\n<script type=\"application\/ld+json\" class=\"yoast-schema-graph\">{\"@context\":\"https:\/\/schema.org\",\"@graph\":[{\"@type\":\"WebPage\",\"@id\":\"https:\/\/megapets.eu\/fr\/escargots\/archachatina-marginata-ovumpseudoleucistique-para-p14\/\",\"url\":\"https:\/\/megapets.eu\/fr\/escargots\/archachatina-marginata-ovumpseudoleucistique-para-p14\/\",\"name\":\"Archachatina marginata ovum pseudoleucistique \/ para P14 | MegaPets\",\"isPartOf\":{\"@id\":\"https:\/\/megapets.eu\/fr\/#website\"},\"primaryImageOfPage\":{\"@id\":\"https:\/\/megapets.eu\/fr\/escargots\/archachatina-marginata-ovumpseudoleucistique-para-p14\/#primaryimage\"},\"image\":{\"@id\":\"https:\/\/megapets.eu\/fr\/escargots\/archachatina-marginata-ovumpseudoleucistique-para-p14\/#primaryimage\"},\"thumbnailUrl\":\"https:\/\/megapets.eu\/wp-content\/uploads\/2025\/03\/P14-Amber-Heart11-1-1.png\",\"datePublished\":\"2025-03-28T15:11:11+00:00\",\"dateModified\":\"2025-06-03T13:33:21+00:00\",\"breadcrumb\":{\"@id\":\"https:\/\/megapets.eu\/fr\/escargots\/archachatina-marginata-ovumpseudoleucistique-para-p14\/#breadcrumb\"},\"inLanguage\":\"fr-FR\",\"potentialAction\":[{\"@type\":\"ReadAction\",\"target\":[\"https:\/\/megapets.eu\/fr\/escargots\/archachatina-marginata-ovumpseudoleucistique-para-p14\/\"]}]},{\"@type\":\"ImageObject\",\"inLanguage\":\"fr-FR\",\"@id\":\"https:\/\/megapets.eu\/fr\/escargots\/archachatina-marginata-ovumpseudoleucistique-para-p14\/#primaryimage\",\"url\":\"https:\/\/megapets.eu\/wp-content\/uploads\/2025\/03\/P14-Amber-Heart11-1-1.png\",\"contentUrl\":\"https:\/\/megapets.eu\/wp-content\/uploads\/2025\/03\/P14-Amber-Heart11-1-1.png\",\"width\":3878,\"height\":2638},{\"@type\":\"BreadcrumbList\",\"@id\":\"https:\/\/megapets.eu\/fr\/escargots\/archachatina-marginata-ovumpseudoleucistique-para-p14\/#breadcrumb\",\"itemListElement\":[{\"@type\":\"ListItem\",\"position\":1,\"name\":\"Strona g\u0142\u00f3wna\",\"item\":\"https:\/\/megapets.eu\/fr\/accueil\/\"},{\"@type\":\"ListItem\",\"position\":2,\"name\":\"Boutique\",\"item\":\"https:\/\/megapets.eu\/boutique\/\"},{\"@type\":\"ListItem\",\"position\":3,\"name\":\"Archachatina marginata ovumpseudoleucistique \/ para P14\"}]},{\"@type\":\"WebSite\",\"@id\":\"https:\/\/megapets.eu\/fr\/#website\",\"url\":\"https:\/\/megapets.eu\/fr\/\",\"name\":\"Mega Pets\",\"description\":\"Jedna z najwi\u0119kszych hodowli \u015blimak\u00f3w w Europie\",\"publisher\":{\"@id\":\"https:\/\/megapets.eu\/fr\/#organization\"},\"alternateName\":\"Mega Pets\",\"potentialAction\":[{\"@type\":\"SearchAction\",\"target\":{\"@type\":\"EntryPoint\",\"urlTemplate\":\"https:\/\/megapets.eu\/fr\/?s={search_term_string}\"},\"query-input\":{\"@type\":\"PropertyValueSpecification\",\"valueRequired\":true,\"valueName\":\"search_term_string\"}}],\"inLanguage\":\"fr-FR\"},{\"@type\":\"Organization\",\"@id\":\"https:\/\/megapets.eu\/fr\/#organization\",\"name\":\"Mega Pets\",\"url\":\"https:\/\/megapets.eu\/fr\/\",\"logo\":{\"@type\":\"ImageObject\",\"inLanguage\":\"fr-FR\",\"@id\":\"https:\/\/megapets.eu\/fr\/#\/schema\/logo\/image\/\",\"url\":\"https:\/\/megapets.eu\/wp-content\/uploads\/2025\/04\/megapets_eu-logo.png\",\"contentUrl\":\"https:\/\/megapets.eu\/wp-content\/uploads\/2025\/04\/megapets_eu-logo.png\",\"width\":2362,\"height\":2362,\"caption\":\"Mega Pets\"},\"image\":{\"@id\":\"https:\/\/megapets.eu\/fr\/#\/schema\/logo\/image\/\"},\"sameAs\":[\"https:\/\/www.facebook.com\/MegaPets.eu\/\"]}]}<\/script>\n<!-- \/ Yoast SEO plugin. -->","yoast_head_json":{"title":"Archachatina marginata ovumpseudoleucistique \/ para P14 | MegaPets","robots":{"index":"index","follow":"follow","max-snippet":"max-snippet:-1","max-image-preview":"max-image-preview:large","max-video-preview":"max-video-preview:-1"},"canonical":"https:\/\/megapets.eu\/fr\/escargots\/archachatina-marginata-ovumpseudoleucistique-para-p14\/","og_locale":"fr_FR","og_type":"article","og_title":"Archachatina marginata ovumpseudoleucistique \/ para P14 | MegaPets","og_description":"Taille de la coquille cible :  approx. 12-15 cm   Provenant d'une paire non apparent\u00e9e :  P14   Juv\u00e9nile offert :  approx. 4-5 cm   Le prix est pour :  1 pi\u00e8ce","og_url":"https:\/\/megapets.eu\/fr\/escargots\/archachatina-marginata-ovumpseudoleucistique-para-p14\/","og_site_name":"MegaPets","article_publisher":"https:\/\/www.facebook.com\/MegaPets.eu\/","article_modified_time":"2025-06-03T13:33:21+00:00","og_image":[{"width":1024,"height":697,"url":"https:\/\/megapets.eu\/wp-content\/uploads\/2025\/03\/P14-Amber-Heart11-1-1-1024x697.png","type":"image\/png"}],"twitter_card":"summary_large_image","twitter_misc":{"Dur\u00e9e de lecture estim\u00e9e":"1 minute"},"schema":{"@context":"https:\/\/schema.org","@graph":[{"@type":"WebPage","@id":"https:\/\/megapets.eu\/fr\/escargots\/archachatina-marginata-ovumpseudoleucistique-para-p14\/","url":"https:\/\/megapets.eu\/fr\/escargots\/archachatina-marginata-ovumpseudoleucistique-para-p14\/","name":"Archachatina marginata ovum pseudoleucistique \/ para P14 | MegaPets","isPartOf":{"@id":"https:\/\/megapets.eu\/fr\/#website"},"primaryImageOfPage":{"@id":"https:\/\/megapets.eu\/fr\/escargots\/archachatina-marginata-ovumpseudoleucistique-para-p14\/#primaryimage"},"image":{"@id":"https:\/\/megapets.eu\/fr\/escargots\/archachatina-marginata-ovumpseudoleucistique-para-p14\/#primaryimage"},"thumbnailUrl":"https:\/\/megapets.eu\/wp-content\/uploads\/2025\/03\/P14-Amber-Heart11-1-1.png","datePublished":"2025-03-28T15:11:11+00:00","dateModified":"2025-06-03T13:33:21+00:00","breadcrumb":{"@id":"https:\/\/megapets.eu\/fr\/escargots\/archachatina-marginata-ovumpseudoleucistique-para-p14\/#breadcrumb"},"inLanguage":"fr-FR","potentialAction":[{"@type":"ReadAction","target":["https:\/\/megapets.eu\/fr\/escargots\/archachatina-marginata-ovumpseudoleucistique-para-p14\/"]}]},{"@type":"ImageObject","inLanguage":"fr-FR","@id":"https:\/\/megapets.eu\/fr\/escargots\/archachatina-marginata-ovumpseudoleucistique-para-p14\/#primaryimage","url":"https:\/\/megapets.eu\/wp-content\/uploads\/2025\/03\/P14-Amber-Heart11-1-1.png","contentUrl":"https:\/\/megapets.eu\/wp-content\/uploads\/2025\/03\/P14-Amber-Heart11-1-1.png","width":3878,"height":2638},{"@type":"BreadcrumbList","@id":"https:\/\/megapets.eu\/fr\/escargots\/archachatina-marginata-ovumpseudoleucistique-para-p14\/#breadcrumb","itemListElement":[{"@type":"ListItem","position":1,"name":"Strona g\u0142\u00f3wna","item":"https:\/\/megapets.eu\/fr\/accueil\/"},{"@type":"ListItem","position":2,"name":"Boutique","item":"https:\/\/megapets.eu\/boutique\/"},{"@type":"ListItem","position":3,"name":"Archachatina marginata ovumpseudoleucistique \/ para P14"}]},{"@type":"WebSite","@id":"https:\/\/megapets.eu\/fr\/#website","url":"https:\/\/megapets.eu\/fr\/","name":"Mega Pets","description":"Jedna z najwi\u0119kszych hodowli \u015blimak\u00f3w w Europie","publisher":{"@id":"https:\/\/megapets.eu\/fr\/#organization"},"alternateName":"Mega Pets","potentialAction":[{"@type":"SearchAction","target":{"@type":"EntryPoint","urlTemplate":"https:\/\/megapets.eu\/fr\/?s={search_term_string}"},"query-input":{"@type":"PropertyValueSpecification","valueRequired":true,"valueName":"search_term_string"}}],"inLanguage":"fr-FR"},{"@type":"Organization","@id":"https:\/\/megapets.eu\/fr\/#organization","name":"Mega Pets","url":"https:\/\/megapets.eu\/fr\/","logo":{"@type":"ImageObject","inLanguage":"fr-FR","@id":"https:\/\/megapets.eu\/fr\/#\/schema\/logo\/image\/","url":"https:\/\/megapets.eu\/wp-content\/uploads\/2025\/04\/megapets_eu-logo.png","contentUrl":"https:\/\/megapets.eu\/wp-content\/uploads\/2025\/04\/megapets_eu-logo.png","width":2362,"height":2362,"caption":"Mega Pets"},"image":{"@id":"https:\/\/megapets.eu\/fr\/#\/schema\/logo\/image\/"},"sameAs":["https:\/\/www.facebook.com\/MegaPets.eu\/"]}]}},"_links":{"self":[{"href":"https:\/\/megapets.eu\/fr\/wp-json\/wp\/v2\/product\/4241","targetHints":{"allow":["GET"]}}],"collection":[{"href":"https:\/\/megapets.eu\/fr\/wp-json\/wp\/v2\/product"}],"about":[{"href":"https:\/\/megapets.eu\/fr\/wp-json\/wp\/v2\/types\/product"}],"wp:featuredmedia":[{"embeddable":true,"href":"https:\/\/megapets.eu\/fr\/wp-json\/wp\/v2\/media\/4242"}],"wp:attachment":[{"href":"https:\/\/megapets.eu\/fr\/wp-json\/wp\/v2\/media?parent=4241"}],"wp:term":[{"taxonomy":"product_cat","embeddable":true,"href":"https:\/\/megapets.eu\/fr\/wp-json\/wp\/v2\/product_cat?post=4241"},{"taxonomy":"product_tag","embeddable":true,"href":"https:\/\/megapets.eu\/fr\/wp-json\/wp\/v2\/product_tag?post=4241"}],"curies":[{"name":"wp","href":"https:\/\/api.w.org\/{rel}","templated":true}]}}