{"id":4254,"date":"2025-05-10T20:36:02","date_gmt":"2025-05-10T20:36:02","guid":{"rendered":"https:\/\/megapets.eu\/non%20class\u00e9\/salpidobolus-sp-irian-jaya\/"},"modified":"2025-06-03T13:33:21","modified_gmt":"2025-06-03T13:33:21","slug":"salpidobolus-sp-irian-jaya","status":"publish","type":"product","link":"https:\/\/megapets.eu\/fr\/miriapodes-fr\/salpidobolus-sp-irian-jaya\/","title":{"rendered":"Salpidobolus sp. <br \/> \u00ab\u00a0Irian Jaya"},"content":{"rendered":"<p class=\"v1v1v1v1MsoNormal\"><span style=\"color: #d94890;\"><strong><em><span style=\"font-size: 15px;\"><span style=\"color: #ff0000;\"><span style=\"color: #424242;\">Esp\u00e8ce : Salpidobolus sp. \u00ab\u00a0Irian Jaya\u00a0\u00bb<\/span><\/span><\/span><\/em><\/strong><\/span><span style=\"color: #d94890;\"><strong><em><span style=\"font-size: 15px;\"><span style=\"color: #ff0000;\"><span style=\"color: #424242;\">.<\/span><\/span><\/span><\/em><\/strong><\/span><\/p>\n<p><span style=\"color: #d94890;\"><strong><em><span style=\"font-size: 15px;\"><span style=\"color: #ff0000;\"><span style=\"color: #424242;\">Facile \u00e0 entretenir et donc id\u00e9al pour les d\u00e9butants.<\/span><\/span><\/span><\/em><\/strong><\/span><\/p>\n<p><span style=\"color: #424242;\"><strong><em><span style=\"font-size: 15px;\"><strong style=\"color: #424242;\"><span style=\"color: #d94890;\"><span style=\"color: #ff0000;\">\ud83d\udda4 <\/span><\/span>Tu cherches quelque chose de cool \u00e0 \u00e9lever pour commencer ? <\/strong><\/span><\/em><\/strong><em><span style=\"font-size: 15px;\"><span style=\"color: #333399;\">Les crocodiles Salpidobolus sp. \u00ab\u00a0Irian Jaya\u00a0\u00bb sont des cr\u00e9atures magnifiques et faciles \u00e0 \u00e9lever, totalement sans danger pour l&rsquo;homme et qui ne mordent pas. Ils ont des m\u00e2choires faibles qui sont adapt\u00e9es pour briser les mati\u00e8res v\u00e9g\u00e9tales. Les crocodiles pr\u00e9f\u00e8rent les endroits humides, vivent dans la couche sup\u00e9rieure du substrat et se nourrissent de feuilles, d&rsquo;un substrat \u00e0 plusieurs composants con\u00e7u pour l&rsquo;\u00e9levage des crocodiles, ainsi que de l\u00e9gumes et de fruits. Salpidobolus sp. &lsquo;Irian Jaya&rsquo; un beau crocodile, qui atteint environ 12 cm de long. Une esp\u00e8ce facile \u00e0 entretenir et \u00e0 croissance rapide.<\/span><\/span><\/em><\/span><\/p>\n<p class=\"v1v1v1v1MsoNormal\"><span style=\"color: #424242;\"><strong><em><span style=\"font-size: 15px;\"><span class=\"x1xsqp64 xiy17q3 x1o6pynw x19co3pv xdj266r xcwd3tp xat24cr x39eecv x2b8uid\" data-testid=\"emoji\"><span class=\"xexx8yu xn5pp95 x18d9i69 x2fxd7x x3jgonx x1bhl96m\">\ud83c\udf3f <\/span><\/span><span style=\"color: #424242;\">Tout ce dont un tel animal a besoin pour r\u00e9ussir \u00e0 grandir et \u00e0 vivre dans un terrarium est :<\/span><\/span><\/em><\/strong><\/span><\/p>\n<p class=\"v1v1v1v1MsoNormal\"><span style=\"color: #008000;\"><strong><em><span style=\"font-size: 15px;\">* Substrat \/ nourriture : Substrat pour l&rsquo;\u00e9levage des crocodiles et des vip\u00e8res (disponible dans notre autre vente aux ench\u00e8res) ;<\/span><\/em><\/strong><\/span><\/p>\n<p class=\"v1v1v1v1MsoNormal\"><span style=\"color: #008000;\"><strong><em><span style=\"font-size: 15px;\">* Nourriture : L\u00e9gumes et fruits frais ;<\/span><\/em><\/strong><\/span><\/p>\n<p class=\"v1v1v1v1MsoNormal\"><span style=\"color: #008000;\"><strong><em><span style=\"font-size: 15px;\">* Nourriture : Gammarus terrestre est un germe s\u00e9ch\u00e9, riche en macro- et micronutriments, une source naturelle de prot\u00e9ines animales et de chitine (disponible sur notre autre vente aux ench\u00e8res) ;<\/span><\/em><\/strong><\/span><\/p>\n<p class=\"v1v1v1v1MsoNormal\"><span style=\"color: #008000;\"><strong><em><span style=\"font-size: 15px;\">* Terrarium : Faunabox est id\u00e9al pour l&rsquo;\u00e9levage de vip\u00e8res et de crocodiles (disponible sur notre autre vente aux ench\u00e8res) ;<\/span><\/em><\/strong><\/span><\/p>\n<p class=\"v1v1v1v1MsoNormal\"><span style=\"color: #008000;\"><strong><em><span style=\"font-size: 15px;\">* Temp\u00e9rature recommand\u00e9e 22-26 \u00b0C et humidit\u00e9 d&rsquo;environ 70 % (ne pas laisser le substrat se dess\u00e9cher, vaporiser le terrarium tous les 2-3 jours).<\/span><\/em><\/strong><\/span><\/p>\n","protected":false},"excerpt":{"rendered":"<ul class=\"product_attributes\">\n<li><span style=\"color: #555555;\">Taille de la cible :<\/span> env. 12 cm<\/li>\n<li><span style=\"color: #555555;\">Taille de l&rsquo;enfant offert :<\/span> env. 3-4 cm<\/li>\n<li><span style=\"color: #555555;\">Le prix est pour :<\/span> 1 pc<\/li>\n<\/ul>\n","protected":false},"featured_media":4256,"template":"","meta":{"_acf_changed":false,"_links_to":"","_links_to_target":""},"product_cat":[108],"product_tag":[],"class_list":{"0":"post-4254","1":"product","2":"type-product","3":"status-publish","4":"has-post-thumbnail","6":"product_cat-miriapodes-fr","8":"first","9":"outofstock","10":"shipping-taxable","11":"purchasable","12":"product-type-simple"},"acf":[],"yoast_head":"<!-- This site is optimized with the Yoast SEO plugin v24.9 - https:\/\/yoast.com\/wordpress\/plugins\/seo\/ -->\n<title>Salpidobolus sp.  &quot;Irian Jaya | MegaPets<\/title>\n<meta name=\"robots\" content=\"index, follow, max-snippet:-1, max-image-preview:large, max-video-preview:-1\" \/>\n<link rel=\"canonical\" href=\"https:\/\/megapets.eu\/fr\/miriapodes-fr\/salpidobolus-sp-irian-jaya\/\" \/>\n<meta property=\"og:locale\" content=\"fr_FR\" \/>\n<meta property=\"og:type\" content=\"article\" \/>\n<meta property=\"og:title\" content=\"Salpidobolus sp.  &quot;Irian Jaya | MegaPets\" \/>\n<meta property=\"og:description\" content=\"Taille de la cible : env. 12 cm  Taille de l&#039;enfant offert : env. 3-4 cm  Le prix est pour : 1 pc\" \/>\n<meta property=\"og:url\" content=\"https:\/\/megapets.eu\/fr\/miriapodes-fr\/salpidobolus-sp-irian-jaya\/\" \/>\n<meta property=\"og:site_name\" content=\"MegaPets\" \/>\n<meta property=\"article:publisher\" content=\"https:\/\/www.facebook.com\/MegaPets.eu\/\" \/>\n<meta property=\"article:modified_time\" content=\"2025-06-03T13:33:21+00:00\" \/>\n<meta property=\"og:image\" content=\"https:\/\/megapets.eu\/wp-content\/uploads\/2025\/05\/Salpidobolus-sp-Irian-Jaya-Start-2-Ex.png\" \/>\n\t<meta property=\"og:image:width\" content=\"1044\" \/>\n\t<meta property=\"og:image:height\" content=\"710\" \/>\n\t<meta property=\"og:image:type\" content=\"image\/png\" \/>\n<meta name=\"twitter:card\" content=\"summary_large_image\" \/>\n<meta name=\"twitter:label1\" content=\"Dur\u00e9e de lecture estim\u00e9e\" \/>\n\t<meta name=\"twitter:data1\" content=\"1 minute\" \/>\n<script type=\"application\/ld+json\" class=\"yoast-schema-graph\">{\"@context\":\"https:\/\/schema.org\",\"@graph\":[{\"@type\":\"WebPage\",\"@id\":\"https:\/\/megapets.eu\/fr\/miriapodes-fr\/salpidobolus-sp-irian-jaya\/\",\"url\":\"https:\/\/megapets.eu\/fr\/miriapodes-fr\/salpidobolus-sp-irian-jaya\/\",\"name\":\"Salpidobolus sp. \\\"Irian Jaya | MegaPets\",\"isPartOf\":{\"@id\":\"https:\/\/megapets.eu\/fr\/#website\"},\"primaryImageOfPage\":{\"@id\":\"https:\/\/megapets.eu\/fr\/miriapodes-fr\/salpidobolus-sp-irian-jaya\/#primaryimage\"},\"image\":{\"@id\":\"https:\/\/megapets.eu\/fr\/miriapodes-fr\/salpidobolus-sp-irian-jaya\/#primaryimage\"},\"thumbnailUrl\":\"https:\/\/megapets.eu\/wp-content\/uploads\/2025\/05\/Salpidobolus-sp-Irian-Jaya-Start-2-Ex.png\",\"datePublished\":\"2025-05-10T20:36:02+00:00\",\"dateModified\":\"2025-06-03T13:33:21+00:00\",\"breadcrumb\":{\"@id\":\"https:\/\/megapets.eu\/fr\/miriapodes-fr\/salpidobolus-sp-irian-jaya\/#breadcrumb\"},\"inLanguage\":\"fr-FR\",\"potentialAction\":[{\"@type\":\"ReadAction\",\"target\":[\"https:\/\/megapets.eu\/fr\/miriapodes-fr\/salpidobolus-sp-irian-jaya\/\"]}]},{\"@type\":\"ImageObject\",\"inLanguage\":\"fr-FR\",\"@id\":\"https:\/\/megapets.eu\/fr\/miriapodes-fr\/salpidobolus-sp-irian-jaya\/#primaryimage\",\"url\":\"https:\/\/megapets.eu\/wp-content\/uploads\/2025\/05\/Salpidobolus-sp-Irian-Jaya-Start-2-Ex.png\",\"contentUrl\":\"https:\/\/megapets.eu\/wp-content\/uploads\/2025\/05\/Salpidobolus-sp-Irian-Jaya-Start-2-Ex.png\",\"width\":1044,\"height\":710},{\"@type\":\"BreadcrumbList\",\"@id\":\"https:\/\/megapets.eu\/fr\/miriapodes-fr\/salpidobolus-sp-irian-jaya\/#breadcrumb\",\"itemListElement\":[{\"@type\":\"ListItem\",\"position\":1,\"name\":\"Strona g\u0142\u00f3wna\",\"item\":\"https:\/\/megapets.eu\/fr\/accueil\/\"},{\"@type\":\"ListItem\",\"position\":2,\"name\":\"Boutique\",\"item\":\"https:\/\/megapets.eu\/boutique\/\"},{\"@type\":\"ListItem\",\"position\":3,\"name\":\"Salpidobolus sp. &#8222;Irian Jaya\"}]},{\"@type\":\"WebSite\",\"@id\":\"https:\/\/megapets.eu\/fr\/#website\",\"url\":\"https:\/\/megapets.eu\/fr\/\",\"name\":\"Mega Pets\",\"description\":\"Jedna z najwi\u0119kszych hodowli \u015blimak\u00f3w w Europie\",\"publisher\":{\"@id\":\"https:\/\/megapets.eu\/fr\/#organization\"},\"alternateName\":\"Mega Pets\",\"potentialAction\":[{\"@type\":\"SearchAction\",\"target\":{\"@type\":\"EntryPoint\",\"urlTemplate\":\"https:\/\/megapets.eu\/fr\/?s={search_term_string}\"},\"query-input\":{\"@type\":\"PropertyValueSpecification\",\"valueRequired\":true,\"valueName\":\"search_term_string\"}}],\"inLanguage\":\"fr-FR\"},{\"@type\":\"Organization\",\"@id\":\"https:\/\/megapets.eu\/fr\/#organization\",\"name\":\"Mega Pets\",\"url\":\"https:\/\/megapets.eu\/fr\/\",\"logo\":{\"@type\":\"ImageObject\",\"inLanguage\":\"fr-FR\",\"@id\":\"https:\/\/megapets.eu\/fr\/#\/schema\/logo\/image\/\",\"url\":\"https:\/\/megapets.eu\/wp-content\/uploads\/2025\/04\/megapets_eu-logo.png\",\"contentUrl\":\"https:\/\/megapets.eu\/wp-content\/uploads\/2025\/04\/megapets_eu-logo.png\",\"width\":2362,\"height\":2362,\"caption\":\"Mega Pets\"},\"image\":{\"@id\":\"https:\/\/megapets.eu\/fr\/#\/schema\/logo\/image\/\"},\"sameAs\":[\"https:\/\/www.facebook.com\/MegaPets.eu\/\"]}]}<\/script>\n<!-- \/ Yoast SEO plugin. -->","yoast_head_json":{"title":"Salpidobolus sp.  \"Irian Jaya | MegaPets","robots":{"index":"index","follow":"follow","max-snippet":"max-snippet:-1","max-image-preview":"max-image-preview:large","max-video-preview":"max-video-preview:-1"},"canonical":"https:\/\/megapets.eu\/fr\/miriapodes-fr\/salpidobolus-sp-irian-jaya\/","og_locale":"fr_FR","og_type":"article","og_title":"Salpidobolus sp.  \"Irian Jaya | MegaPets","og_description":"Taille de la cible : env. 12 cm  Taille de l'enfant offert : env. 3-4 cm  Le prix est pour : 1 pc","og_url":"https:\/\/megapets.eu\/fr\/miriapodes-fr\/salpidobolus-sp-irian-jaya\/","og_site_name":"MegaPets","article_publisher":"https:\/\/www.facebook.com\/MegaPets.eu\/","article_modified_time":"2025-06-03T13:33:21+00:00","og_image":[{"width":1044,"height":710,"url":"https:\/\/megapets.eu\/wp-content\/uploads\/2025\/05\/Salpidobolus-sp-Irian-Jaya-Start-2-Ex.png","type":"image\/png"}],"twitter_card":"summary_large_image","twitter_misc":{"Dur\u00e9e de lecture estim\u00e9e":"1 minute"},"schema":{"@context":"https:\/\/schema.org","@graph":[{"@type":"WebPage","@id":"https:\/\/megapets.eu\/fr\/miriapodes-fr\/salpidobolus-sp-irian-jaya\/","url":"https:\/\/megapets.eu\/fr\/miriapodes-fr\/salpidobolus-sp-irian-jaya\/","name":"Salpidobolus sp. \"Irian Jaya | MegaPets","isPartOf":{"@id":"https:\/\/megapets.eu\/fr\/#website"},"primaryImageOfPage":{"@id":"https:\/\/megapets.eu\/fr\/miriapodes-fr\/salpidobolus-sp-irian-jaya\/#primaryimage"},"image":{"@id":"https:\/\/megapets.eu\/fr\/miriapodes-fr\/salpidobolus-sp-irian-jaya\/#primaryimage"},"thumbnailUrl":"https:\/\/megapets.eu\/wp-content\/uploads\/2025\/05\/Salpidobolus-sp-Irian-Jaya-Start-2-Ex.png","datePublished":"2025-05-10T20:36:02+00:00","dateModified":"2025-06-03T13:33:21+00:00","breadcrumb":{"@id":"https:\/\/megapets.eu\/fr\/miriapodes-fr\/salpidobolus-sp-irian-jaya\/#breadcrumb"},"inLanguage":"fr-FR","potentialAction":[{"@type":"ReadAction","target":["https:\/\/megapets.eu\/fr\/miriapodes-fr\/salpidobolus-sp-irian-jaya\/"]}]},{"@type":"ImageObject","inLanguage":"fr-FR","@id":"https:\/\/megapets.eu\/fr\/miriapodes-fr\/salpidobolus-sp-irian-jaya\/#primaryimage","url":"https:\/\/megapets.eu\/wp-content\/uploads\/2025\/05\/Salpidobolus-sp-Irian-Jaya-Start-2-Ex.png","contentUrl":"https:\/\/megapets.eu\/wp-content\/uploads\/2025\/05\/Salpidobolus-sp-Irian-Jaya-Start-2-Ex.png","width":1044,"height":710},{"@type":"BreadcrumbList","@id":"https:\/\/megapets.eu\/fr\/miriapodes-fr\/salpidobolus-sp-irian-jaya\/#breadcrumb","itemListElement":[{"@type":"ListItem","position":1,"name":"Strona g\u0142\u00f3wna","item":"https:\/\/megapets.eu\/fr\/accueil\/"},{"@type":"ListItem","position":2,"name":"Boutique","item":"https:\/\/megapets.eu\/boutique\/"},{"@type":"ListItem","position":3,"name":"Salpidobolus sp. &#8222;Irian Jaya"}]},{"@type":"WebSite","@id":"https:\/\/megapets.eu\/fr\/#website","url":"https:\/\/megapets.eu\/fr\/","name":"Mega Pets","description":"Jedna z najwi\u0119kszych hodowli \u015blimak\u00f3w w Europie","publisher":{"@id":"https:\/\/megapets.eu\/fr\/#organization"},"alternateName":"Mega Pets","potentialAction":[{"@type":"SearchAction","target":{"@type":"EntryPoint","urlTemplate":"https:\/\/megapets.eu\/fr\/?s={search_term_string}"},"query-input":{"@type":"PropertyValueSpecification","valueRequired":true,"valueName":"search_term_string"}}],"inLanguage":"fr-FR"},{"@type":"Organization","@id":"https:\/\/megapets.eu\/fr\/#organization","name":"Mega Pets","url":"https:\/\/megapets.eu\/fr\/","logo":{"@type":"ImageObject","inLanguage":"fr-FR","@id":"https:\/\/megapets.eu\/fr\/#\/schema\/logo\/image\/","url":"https:\/\/megapets.eu\/wp-content\/uploads\/2025\/04\/megapets_eu-logo.png","contentUrl":"https:\/\/megapets.eu\/wp-content\/uploads\/2025\/04\/megapets_eu-logo.png","width":2362,"height":2362,"caption":"Mega Pets"},"image":{"@id":"https:\/\/megapets.eu\/fr\/#\/schema\/logo\/image\/"},"sameAs":["https:\/\/www.facebook.com\/MegaPets.eu\/"]}]}},"_links":{"self":[{"href":"https:\/\/megapets.eu\/fr\/wp-json\/wp\/v2\/product\/4254","targetHints":{"allow":["GET"]}}],"collection":[{"href":"https:\/\/megapets.eu\/fr\/wp-json\/wp\/v2\/product"}],"about":[{"href":"https:\/\/megapets.eu\/fr\/wp-json\/wp\/v2\/types\/product"}],"wp:featuredmedia":[{"embeddable":true,"href":"https:\/\/megapets.eu\/fr\/wp-json\/wp\/v2\/media\/4256"}],"wp:attachment":[{"href":"https:\/\/megapets.eu\/fr\/wp-json\/wp\/v2\/media?parent=4254"}],"wp:term":[{"taxonomy":"product_cat","embeddable":true,"href":"https:\/\/megapets.eu\/fr\/wp-json\/wp\/v2\/product_cat?post=4254"},{"taxonomy":"product_tag","embeddable":true,"href":"https:\/\/megapets.eu\/fr\/wp-json\/wp\/v2\/product_tag?post=4254"}],"curies":[{"name":"wp","href":"https:\/\/api.w.org\/{rel}","templated":true}]}}