{"id":4302,"date":"2024-10-25T08:19:04","date_gmt":"2024-10-25T08:19:04","guid":{"rendered":"https:\/\/megapets.eu\/non%20class\u00e9\/archachatina-rhodostoma-corps-albinos\/"},"modified":"2025-06-03T13:33:23","modified_gmt":"2025-06-03T13:33:23","slug":"archachatina-rhodostoma-corps-albinos","status":"publish","type":"product","link":"https:\/\/megapets.eu\/fr\/escargots\/archachatina-rhodostoma-corps-albinos\/","title":{"rendered":"Archachatina rhodostoma corps albinos"},"content":{"rendered":"<p class=\"v1v1v1v1MsoNormal\"><span style=\"color: #424242;\"><strong><em><span style=\"font-size: 15px;\">Esp\u00e8ce : Archachatina rhodostoma<\/span><\/em><\/strong><\/span><\/p>\n<p class=\"v1v1v1v1MsoNormal\"><span style=\"color: #424242;\"><strong><em><span style=\"font-size: 15px;\">Variation de couleur : corps albinos<\/span><\/em><\/strong><\/span><\/p>\n<p class=\"v1v1v1v1MsoNormal\"><span style=\"color: #424242;\"><strong><em><span style=\"font-size: 15px;\">\u2b50\u2b50\u2b50\u2b50 La couleur \u00e9meraude de la coquille d&rsquo;Archachatina rhodostoma et le corps albinos forment l&rsquo;une des plus belles combinaisons de couleurs dans la coloration des escargots. La coquille des b\u00e9b\u00e9s escargots est brune et commence \u00e0 se colorer en vert \u00e0 partir de 6 cm environ. La taille cible d&rsquo;un adulte est d&rsquo;environ 10 \u00e0 12 cm. L&rsquo;esp\u00e8ce est facile \u00e0 maintenir.<\/span><\/em><\/strong><\/span><\/p>\n<p class=\"v1v1v1v1MsoNormal\"><span style=\"font-size: 15px;\"><strong><em><span style=\"color: #008000;\"><img decoding=\"async\" src=\"https:\/\/static.xx.fbcdn.net\/images\/emoji.php\/v9\/tbe\/1\/16\/1f3c6.png\" alt=\"\ud83c\udfc6\" \/><span style=\"color: #e36a19;\"> Tous les b\u00e9b\u00e9s escargots proviennent de notre \u00e9leveur agr\u00e9\u00e9 bien connu. Tu ach\u00e8tes donc aupr\u00e8s d&rsquo;une source connue, o\u00f9 nous prenons bien soin des escargots et observons attentivement le d\u00e9veloppement de chacun d&rsquo;entre eux.<\/span><\/span><\/em><\/strong><\/span><\/p>\n<p class=\"v1v1v1v1MsoNormal\"><span style=\"font-size: 15px; color: #424242;\"><strong><em>Comme tu le sais, les r\u00e9cipients en plastique fonctionnent mieux pour l&rsquo;\u00e9levage des escargots. Les r\u00e9cipients que nous avons pr\u00e9par\u00e9s conviennent parfaitement au d\u00e9veloppement d&rsquo;une belle nouvelle croissance de coquilles d&rsquo;escargots). Pour gagner du temps lors de la r\u00e9alisation de ta commande, nous te conseillons de commencer par le kit de d\u00e9marrage, qui comprend les accessoires de base pour un d\u00e9marrage rapide de ton propre \u00e9levage et les instructions.<\/em><\/strong><\/span><\/p>\n<p><span style=\"font-size: 15px;\"><strong><em><span style=\"color: #008000;\"><img loading=\"lazy\" decoding=\"async\" class=\"xz74otr\" src=\"https:\/\/static.xx.fbcdn.net\/images\/emoji.php\/v9\/t1e\/1\/16\/1f33f.png\" alt=\"\ud83c\udf3f\" width=\"16\" height=\"16\" \/> Tout ce dont l&rsquo;animal a besoin, c&rsquo;est de fruits et de l\u00e9gumes frais et m\u00fbrs, d&rsquo;un r\u00e9cipient d&rsquo;\u00e9levage et d&rsquo;un substrat (ne laisse pas le substrat se dess\u00e9cher, vaporise le terrarium tous les 2 ou 3 jours). L&rsquo;alimentation quotidienne de l&rsquo;escargot ne doit pas manquer de l&rsquo;\u00e9l\u00e9ment de base d&rsquo;une coquille belle et saine ; la poudre de coquille d&rsquo;\u0153uf et la s\u00e9pia sont des sources naturelles de calcium parfaitement digestible. Tu peux te renseigner sur l&rsquo;alimentation des escargots exotiques sur notre site Internet.<\/span><\/em><\/strong><\/span><\/p>\n","protected":false},"excerpt":{"rendered":"<ul class=\"product_attributes\">\n<li><span><br \/>\n\t\tDe la part d&rsquo;un couple sans lien de parent\u00e9 :<br \/>\n\t<\/span><br \/>\n\t\tP10\n\t<\/li>\n<li><span><br \/>\n\t\tTaille cible de la coquille :<br \/>\n\t<\/span><br \/>\n\t\tapprox. 10-12 cm\n\t<\/li>\n<li><span><br \/>\n\t\tJeune sp\u00e9cimen offert :<br \/>\n\t<\/span><br \/>\n\t\tenv. 4-5 cm\n\t<\/li>\n<li><span><br \/>\n\t\tLe prix s&rsquo;applique \u00e0 :<br \/>\n\t<\/span><br \/>\n\t\t1 pi\u00e8ce\n\t<\/li>\n<\/ul>\n","protected":false},"featured_media":13822,"template":"","meta":{"_acf_changed":false,"_links_to":"","_links_to_target":""},"product_cat":[107],"product_tag":[],"class_list":{"0":"post-4302","1":"product","2":"type-product","3":"status-publish","4":"has-post-thumbnail","6":"product_cat-escargots","8":"first","9":"outofstock","10":"shipping-taxable","11":"purchasable","12":"product-type-simple"},"acf":[],"yoast_head":"<!-- This site is optimized with the Yoast SEO plugin v24.9 - https:\/\/yoast.com\/wordpress\/plugins\/seo\/ -->\n<title>Archachatina rhodostoma corps albinos | MegaPets<\/title>\n<meta name=\"robots\" content=\"index, follow, max-snippet:-1, max-image-preview:large, max-video-preview:-1\" \/>\n<link rel=\"canonical\" href=\"https:\/\/megapets.eu\/fr\/escargots\/archachatina-rhodostoma-corps-albinos\/\" \/>\n<meta property=\"og:locale\" content=\"fr_FR\" \/>\n<meta property=\"og:type\" content=\"article\" \/>\n<meta property=\"og:title\" content=\"Archachatina rhodostoma corps albinos | MegaPets\" \/>\n<meta property=\"og:description\" content=\"De la part d&#039;un couple sans lien de parent\u00e9 :   P10    Taille cible de la coquille :   approx. 10-12 cm    Jeune sp\u00e9cimen offert :   env. 4-5 cm    Le prix s&#039;applique \u00e0 :   1 pi\u00e8ce\" \/>\n<meta property=\"og:url\" content=\"https:\/\/megapets.eu\/fr\/escargots\/archachatina-rhodostoma-corps-albinos\/\" \/>\n<meta property=\"og:site_name\" content=\"MegaPets\" \/>\n<meta property=\"article:publisher\" content=\"https:\/\/www.facebook.com\/MegaPets.eu\/\" \/>\n<meta property=\"article:modified_time\" content=\"2025-06-03T13:33:23+00:00\" \/>\n<meta property=\"og:image\" content=\"https:\/\/megapets.eu\/wp-content\/uploads\/2024\/10\/Green-Beauty-P10-Excel.png\" \/>\n\t<meta property=\"og:image:width\" content=\"1045\" \/>\n\t<meta property=\"og:image:height\" content=\"690\" \/>\n\t<meta property=\"og:image:type\" content=\"image\/png\" \/>\n<meta name=\"twitter:card\" content=\"summary_large_image\" \/>\n<meta name=\"twitter:label1\" content=\"Dur\u00e9e de lecture estim\u00e9e\" \/>\n\t<meta name=\"twitter:data1\" content=\"1 minute\" \/>\n<script type=\"application\/ld+json\" class=\"yoast-schema-graph\">{\"@context\":\"https:\/\/schema.org\",\"@graph\":[{\"@type\":\"WebPage\",\"@id\":\"https:\/\/megapets.eu\/fr\/escargots\/archachatina-rhodostoma-corps-albinos\/\",\"url\":\"https:\/\/megapets.eu\/fr\/escargots\/archachatina-rhodostoma-corps-albinos\/\",\"name\":\"Archachatina rhodostoma corps albinos | MegaPets\",\"isPartOf\":{\"@id\":\"https:\/\/megapets.eu\/fr\/#website\"},\"primaryImageOfPage\":{\"@id\":\"https:\/\/megapets.eu\/fr\/escargots\/archachatina-rhodostoma-corps-albinos\/#primaryimage\"},\"image\":{\"@id\":\"https:\/\/megapets.eu\/fr\/escargots\/archachatina-rhodostoma-corps-albinos\/#primaryimage\"},\"thumbnailUrl\":\"https:\/\/megapets.eu\/wp-content\/uploads\/2024\/10\/archachatina-rhodostoma-albino-body-P10-1-megapets-eu.jpg.jpg\",\"datePublished\":\"2024-10-25T08:19:04+00:00\",\"dateModified\":\"2025-06-03T13:33:23+00:00\",\"breadcrumb\":{\"@id\":\"https:\/\/megapets.eu\/fr\/escargots\/archachatina-rhodostoma-corps-albinos\/#breadcrumb\"},\"inLanguage\":\"fr-FR\",\"potentialAction\":[{\"@type\":\"ReadAction\",\"target\":[\"https:\/\/megapets.eu\/fr\/escargots\/archachatina-rhodostoma-corps-albinos\/\"]}]},{\"@type\":\"ImageObject\",\"inLanguage\":\"fr-FR\",\"@id\":\"https:\/\/megapets.eu\/fr\/escargots\/archachatina-rhodostoma-corps-albinos\/#primaryimage\",\"url\":\"https:\/\/megapets.eu\/wp-content\/uploads\/2024\/10\/archachatina-rhodostoma-albino-body-P10-1-megapets-eu.jpg.jpg\",\"contentUrl\":\"https:\/\/megapets.eu\/wp-content\/uploads\/2024\/10\/archachatina-rhodostoma-albino-body-P10-1-megapets-eu.jpg.jpg\",\"width\":1536,\"height\":1024,\"caption\":\"Archachatina rhodostoma albino body \u2022 MegaPets.eu\"},{\"@type\":\"BreadcrumbList\",\"@id\":\"https:\/\/megapets.eu\/fr\/escargots\/archachatina-rhodostoma-corps-albinos\/#breadcrumb\",\"itemListElement\":[{\"@type\":\"ListItem\",\"position\":1,\"name\":\"Strona g\u0142\u00f3wna\",\"item\":\"https:\/\/megapets.eu\/fr\/accueil\/\"},{\"@type\":\"ListItem\",\"position\":2,\"name\":\"Boutique\",\"item\":\"https:\/\/megapets.eu\/boutique\/\"},{\"@type\":\"ListItem\",\"position\":3,\"name\":\"Archachatina rhodostoma corps albinos\"}]},{\"@type\":\"WebSite\",\"@id\":\"https:\/\/megapets.eu\/fr\/#website\",\"url\":\"https:\/\/megapets.eu\/fr\/\",\"name\":\"Mega Pets\",\"description\":\"Jedna z najwi\u0119kszych hodowli \u015blimak\u00f3w w Europie\",\"publisher\":{\"@id\":\"https:\/\/megapets.eu\/fr\/#organization\"},\"alternateName\":\"Mega Pets\",\"potentialAction\":[{\"@type\":\"SearchAction\",\"target\":{\"@type\":\"EntryPoint\",\"urlTemplate\":\"https:\/\/megapets.eu\/fr\/?s={search_term_string}\"},\"query-input\":{\"@type\":\"PropertyValueSpecification\",\"valueRequired\":true,\"valueName\":\"search_term_string\"}}],\"inLanguage\":\"fr-FR\"},{\"@type\":\"Organization\",\"@id\":\"https:\/\/megapets.eu\/fr\/#organization\",\"name\":\"Mega Pets\",\"url\":\"https:\/\/megapets.eu\/fr\/\",\"logo\":{\"@type\":\"ImageObject\",\"inLanguage\":\"fr-FR\",\"@id\":\"https:\/\/megapets.eu\/fr\/#\/schema\/logo\/image\/\",\"url\":\"https:\/\/megapets.eu\/wp-content\/uploads\/2025\/04\/megapets_eu-logo.png\",\"contentUrl\":\"https:\/\/megapets.eu\/wp-content\/uploads\/2025\/04\/megapets_eu-logo.png\",\"width\":2362,\"height\":2362,\"caption\":\"Mega Pets\"},\"image\":{\"@id\":\"https:\/\/megapets.eu\/fr\/#\/schema\/logo\/image\/\"},\"sameAs\":[\"https:\/\/www.facebook.com\/MegaPets.eu\/\"]}]}<\/script>\n<!-- \/ Yoast SEO plugin. -->","yoast_head_json":{"title":"Archachatina rhodostoma corps albinos | MegaPets","robots":{"index":"index","follow":"follow","max-snippet":"max-snippet:-1","max-image-preview":"max-image-preview:large","max-video-preview":"max-video-preview:-1"},"canonical":"https:\/\/megapets.eu\/fr\/escargots\/archachatina-rhodostoma-corps-albinos\/","og_locale":"fr_FR","og_type":"article","og_title":"Archachatina rhodostoma corps albinos | MegaPets","og_description":"De la part d'un couple sans lien de parent\u00e9 :   P10    Taille cible de la coquille :   approx. 10-12 cm    Jeune sp\u00e9cimen offert :   env. 4-5 cm    Le prix s'applique \u00e0 :   1 pi\u00e8ce","og_url":"https:\/\/megapets.eu\/fr\/escargots\/archachatina-rhodostoma-corps-albinos\/","og_site_name":"MegaPets","article_publisher":"https:\/\/www.facebook.com\/MegaPets.eu\/","article_modified_time":"2025-06-03T13:33:23+00:00","og_image":[{"width":1045,"height":690,"url":"https:\/\/megapets.eu\/wp-content\/uploads\/2024\/10\/Green-Beauty-P10-Excel.png","type":"image\/png"}],"twitter_card":"summary_large_image","twitter_misc":{"Dur\u00e9e de lecture estim\u00e9e":"1 minute"},"schema":{"@context":"https:\/\/schema.org","@graph":[{"@type":"WebPage","@id":"https:\/\/megapets.eu\/fr\/escargots\/archachatina-rhodostoma-corps-albinos\/","url":"https:\/\/megapets.eu\/fr\/escargots\/archachatina-rhodostoma-corps-albinos\/","name":"Archachatina rhodostoma corps albinos | MegaPets","isPartOf":{"@id":"https:\/\/megapets.eu\/fr\/#website"},"primaryImageOfPage":{"@id":"https:\/\/megapets.eu\/fr\/escargots\/archachatina-rhodostoma-corps-albinos\/#primaryimage"},"image":{"@id":"https:\/\/megapets.eu\/fr\/escargots\/archachatina-rhodostoma-corps-albinos\/#primaryimage"},"thumbnailUrl":"https:\/\/megapets.eu\/wp-content\/uploads\/2024\/10\/archachatina-rhodostoma-albino-body-P10-1-megapets-eu.jpg.jpg","datePublished":"2024-10-25T08:19:04+00:00","dateModified":"2025-06-03T13:33:23+00:00","breadcrumb":{"@id":"https:\/\/megapets.eu\/fr\/escargots\/archachatina-rhodostoma-corps-albinos\/#breadcrumb"},"inLanguage":"fr-FR","potentialAction":[{"@type":"ReadAction","target":["https:\/\/megapets.eu\/fr\/escargots\/archachatina-rhodostoma-corps-albinos\/"]}]},{"@type":"ImageObject","inLanguage":"fr-FR","@id":"https:\/\/megapets.eu\/fr\/escargots\/archachatina-rhodostoma-corps-albinos\/#primaryimage","url":"https:\/\/megapets.eu\/wp-content\/uploads\/2024\/10\/archachatina-rhodostoma-albino-body-P10-1-megapets-eu.jpg.jpg","contentUrl":"https:\/\/megapets.eu\/wp-content\/uploads\/2024\/10\/archachatina-rhodostoma-albino-body-P10-1-megapets-eu.jpg.jpg","width":1536,"height":1024,"caption":"Archachatina rhodostoma albino body \u2022 MegaPets.eu"},{"@type":"BreadcrumbList","@id":"https:\/\/megapets.eu\/fr\/escargots\/archachatina-rhodostoma-corps-albinos\/#breadcrumb","itemListElement":[{"@type":"ListItem","position":1,"name":"Strona g\u0142\u00f3wna","item":"https:\/\/megapets.eu\/fr\/accueil\/"},{"@type":"ListItem","position":2,"name":"Boutique","item":"https:\/\/megapets.eu\/boutique\/"},{"@type":"ListItem","position":3,"name":"Archachatina rhodostoma corps albinos"}]},{"@type":"WebSite","@id":"https:\/\/megapets.eu\/fr\/#website","url":"https:\/\/megapets.eu\/fr\/","name":"Mega Pets","description":"Jedna z najwi\u0119kszych hodowli \u015blimak\u00f3w w Europie","publisher":{"@id":"https:\/\/megapets.eu\/fr\/#organization"},"alternateName":"Mega Pets","potentialAction":[{"@type":"SearchAction","target":{"@type":"EntryPoint","urlTemplate":"https:\/\/megapets.eu\/fr\/?s={search_term_string}"},"query-input":{"@type":"PropertyValueSpecification","valueRequired":true,"valueName":"search_term_string"}}],"inLanguage":"fr-FR"},{"@type":"Organization","@id":"https:\/\/megapets.eu\/fr\/#organization","name":"Mega Pets","url":"https:\/\/megapets.eu\/fr\/","logo":{"@type":"ImageObject","inLanguage":"fr-FR","@id":"https:\/\/megapets.eu\/fr\/#\/schema\/logo\/image\/","url":"https:\/\/megapets.eu\/wp-content\/uploads\/2025\/04\/megapets_eu-logo.png","contentUrl":"https:\/\/megapets.eu\/wp-content\/uploads\/2025\/04\/megapets_eu-logo.png","width":2362,"height":2362,"caption":"Mega Pets"},"image":{"@id":"https:\/\/megapets.eu\/fr\/#\/schema\/logo\/image\/"},"sameAs":["https:\/\/www.facebook.com\/MegaPets.eu\/"]}]}},"_links":{"self":[{"href":"https:\/\/megapets.eu\/fr\/wp-json\/wp\/v2\/product\/4302","targetHints":{"allow":["GET"]}}],"collection":[{"href":"https:\/\/megapets.eu\/fr\/wp-json\/wp\/v2\/product"}],"about":[{"href":"https:\/\/megapets.eu\/fr\/wp-json\/wp\/v2\/types\/product"}],"wp:featuredmedia":[{"embeddable":true,"href":"https:\/\/megapets.eu\/fr\/wp-json\/wp\/v2\/media\/13822"}],"wp:attachment":[{"href":"https:\/\/megapets.eu\/fr\/wp-json\/wp\/v2\/media?parent=4302"}],"wp:term":[{"taxonomy":"product_cat","embeddable":true,"href":"https:\/\/megapets.eu\/fr\/wp-json\/wp\/v2\/product_cat?post=4302"},{"taxonomy":"product_tag","embeddable":true,"href":"https:\/\/megapets.eu\/fr\/wp-json\/wp\/v2\/product_tag?post=4302"}],"curies":[{"name":"wp","href":"https:\/\/api.w.org\/{rel}","templated":true}]}}